{"id":1171,"date":"2020-10-22T14:14:51","date_gmt":"2020-10-22T12:14:51","guid":{"rendered":"https:\/\/serwer1521494.home.pl\/webkreacja.pl\/projekty\/osrodekchrobry\/?page_id=1171"},"modified":"2026-01-16T12:12:35","modified_gmt":"2026-01-16T11:12:35","slug":"wellness","status":"publish","type":"page","link":"https:\/\/gorzelanny.pl\/hotel-chrobry\/wellness\/","title":{"rendered":"Wellness"},"content":{"rendered":"<p>[vc_row][vc_column parallax=&#8221;content-moving&#8221; shadow_x_offset=&#8221;0&#8243; shadow_y_offset=&#8221;0&#8243; shadow_blur=&#8221;0&#8243; shadow_spread=&#8221;0&#8243; shadow_color=&#8221;&#8221;][vc_column_text]W naszej hotelowej strefie wellness &amp; spa przygotowali\u015bmy dla Pa\u0144stwa nowoczesne i komfortowe udogodnienia, kt\u00f3re pozwol\u0105 na pe\u0142ny relaks i odpr\u0119\u017cenie. \ud83c\udf1f\ud83c\udfca\u200d\u2642\ufe0f<\/p>\n<p>&nbsp;<\/p>\n<h4 style=\"text-align: center;\"><strong>Basen Wewn\u0119trzny<\/strong><\/h4>\n<p>Nasz przestronny basen wewn\u0119trzny wyposa\u017cony jest w atrakcje wodne, kt\u00f3re zapewni\u0105 mn\u00f3stwo zabawy i przyjemno\u015bci zar\u00f3wno dla doros\u0142ych, jak i dzieci. \ud83d\udca6\ud83c\udfca\u200d\u2640\ufe0f\u00a0 Idealne miejsce na aktywny wypoczynek i relaks po dniu pe\u0142nym wra\u017ce\u0144.[\/vc_column_text][vc_empty_space][\/vc_column][\/vc_row][vc_row][vc_column][vc_media_grid grid_id=&#8221;vc_gid:1768561946367-2664917d-b81d-8&#8243; include=&#8221;1274,1134,1273,1324,1323&#8243;][\/vc_column][\/vc_row]<\/p>\n","protected":false},"excerpt":{"rendered":"<p>[vc_row][vc_column parallax=&#8221;content-moving&#8221; shadow_x_offset=&#8221;0&#8243; shadow_y_offset=&#8221;0&#8243; shadow_blur=&#8221;0&#8243; shadow_spread=&#8221;0&#8243; shadow_color=&#8221;&#8221;][vc_column_text]W naszej hotelowej strefie wellness &amp; spa przygotowali\u015bmy dla Pa\u0144stwa nowoczesne i komfortowe udogodnienia, kt\u00f3re pozwol\u0105 na pe\u0142ny relaks i odpr\u0119\u017cenie. \ud83c\udf1f\ud83c\udfca\u200d\u2642\ufe0f &nbsp; Basen Wewn\u0119trzny Nasz przestronny basen wewn\u0119trzny wyposa\u017cony jest w atrakcje wodne, kt\u00f3re zapewni\u0105 mn\u00f3stwo zabawy i przyjemno\u015bci zar\u00f3wno dla doros\u0142ych, jak i dzieci. \ud83d\udca6\ud83c\udfca\u200d\u2640\ufe0f\u00a0 Idealne miejsce [&hellip;]<\/p>\n","protected":false},"author":1,"featured_media":0,"parent":0,"menu_order":0,"comment_status":"closed","ping_status":"closed","template":"","meta":{"om_disable_all_campaigns":false,"footnotes":""},"class_list":["post-1171","page","type-page","status-publish","hentry"],"_links":{"self":[{"href":"https:\/\/gorzelanny.pl\/hotel-chrobry\/wp-json\/wp\/v2\/pages\/1171","targetHints":{"allow":["GET"]}}],"collection":[{"href":"https:\/\/gorzelanny.pl\/hotel-chrobry\/wp-json\/wp\/v2\/pages"}],"about":[{"href":"https:\/\/gorzelanny.pl\/hotel-chrobry\/wp-json\/wp\/v2\/types\/page"}],"author":[{"embeddable":true,"href":"https:\/\/gorzelanny.pl\/hotel-chrobry\/wp-json\/wp\/v2\/users\/1"}],"replies":[{"embeddable":true,"href":"https:\/\/gorzelanny.pl\/hotel-chrobry\/wp-json\/wp\/v2\/comments?post=1171"}],"version-history":[{"count":20,"href":"https:\/\/gorzelanny.pl\/hotel-chrobry\/wp-json\/wp\/v2\/pages\/1171\/revisions"}],"predecessor-version":[{"id":3889,"href":"https:\/\/gorzelanny.pl\/hotel-chrobry\/wp-json\/wp\/v2\/pages\/1171\/revisions\/3889"}],"wp:attachment":[{"href":"https:\/\/gorzelanny.pl\/hotel-chrobry\/wp-json\/wp\/v2\/media?parent=1171"}],"curies":[{"name":"wp","href":"https:\/\/api.w.org\/{rel}","templated":true}]}}