{"id":1180,"date":"2020-10-22T14:23:06","date_gmt":"2020-10-22T12:23:06","guid":{"rendered":"https:\/\/serwer1521494.home.pl\/webkreacja.pl\/projekty\/osrodekchrobry\/?page_id=1180"},"modified":"2025-08-05T10:22:40","modified_gmt":"2025-08-05T08:22:40","slug":"biznes","status":"publish","type":"page","link":"https:\/\/gorzelanny.pl\/hotel-chrobry\/biznes\/","title":{"rendered":"Biznes"},"content":{"rendered":"<p>[vc_row][vc_column parallax=&#8221;content-moving&#8221; shadow_x_offset=&#8221;0&#8243; shadow_y_offset=&#8221;0&#8243; shadow_blur=&#8221;0&#8243; shadow_spread=&#8221;0&#8243; shadow_color=&#8221;&#8221;][vc_column_text]<strong>Hotel Chrobry Resort<\/strong> w malowniczych G\u00f3rach Opawskich to doskona\u0142e miejsce na organizacj\u0119 konferencji, bankiet\u00f3w oraz imprez integracyjnych. Nasza wyj\u0105tkowa lokalizacja i profesjonalna obs\u0142uga gwarantuj\u0105, \u017ce ka\u017cde wydarzenie b\u0119dzie wyj\u0105tkowe i niezapomniane. \ud83c\udfe8\ud83c\udf04[\/vc_column_text][stm_spacer height=&#8221;30&#8243;][vc_column_text]<strong>Do Waszej dyspozycji oddajemy dwie sale o nast\u0119puj\u0105cym wyposa\u017ceniu:<\/strong><\/p>\n<ul>\n<li>Flipchart, pisaki, papier \ud83d\udccb\ud83d\udd8a\ufe0f<\/li>\n<li>Nag\u0142o\u015bnienie \ud83d\udd0a<\/li>\n<li>Projektor multimedialny \ud83d\udcfd\ufe0f<\/li>\n<li>Rzutnik \ud83d\udda5\ufe0f<\/li>\n<li>Laptop \ud83d\udcbb<\/li>\n<li>Bezprzewodowy internet (dost\u0119pny w wyznaczonych miejscach O\u015brodka) \ud83c\udf10<\/li>\n<\/ul>\n<p><strong>Zapraszamy do skorzystania z naszych nowoczesnych i w pe\u0142ni wyposa\u017conych sal konferencyjnych, kt\u00f3re zaspokoj\u0105 wszelkie potrzeby organizacyjne.<\/strong>[\/vc_column_text][\/vc_column][\/vc_row][vc_row][vc_column width=&#8221;1\/2&#8243;][vc_hoverbox image=&#8221;815&#8243; primary_title=&#8221;Sala konferencyjna 1&#8243; primary_title_font_container=&#8221;font_size:40|color:%230a0a0a&#8221; primary_title_google_fonts=&#8221;font_family:Anton%3Aregular|font_style:400%20regular%3A400%3Anormal&#8221; hover_title=&#8221;&#8221; shape=&#8221;square&#8221; align=&#8221;left&#8221; use_custom_fonts_primary_title=&#8221;true&#8221;]Powierzchnia: 130m<\/p>\n<p>Ustawienie kinowe: 110 os\u00f3b<\/p>\n<p>Ustawienie konferencyjne: 80 os\u00f3b<\/p>\n<p>Cena za 1 dzie\u0144: 400 z\u0142<\/p>\n<p>Cena za 1 godzin\u0119: 150 z\u0142[\/vc_hoverbox][\/vc_column][vc_column width=&#8221;1\/2&#8243;][vc_hoverbox image=&#8221;815&#8243; primary_title=&#8221;Sala konferencyjna 2&#8243; primary_title_font_container=&#8221;font_size:40|color:%23ffffff&#8221; primary_title_google_fonts=&#8221;font_family:Anton%3Aregular|font_style:400%20regular%3A400%3Anormal&#8221; hover_title=&#8221;&#8221; shape=&#8221;square&#8221; align=&#8221;left&#8221; use_custom_fonts_primary_title=&#8221;true&#8221;]Powierzchnia: 35m<\/p>\n<p>Ustawienie kinowe: 25 os\u00f3b<\/p>\n<p>Ustawienie konferencyjne: 20 os\u00f3b<\/p>\n<p>Cena za 1 dzie\u0144: 300 z\u0142<\/p>\n<p>Cena za 1 godzin\u0119: 100 z\u0142[\/vc_hoverbox][\/vc_column][\/vc_row][vc_row][vc_column][stm_spacer height=&#8221;90&#8243;][\/vc_column][\/vc_row][vc_row][vc_column parallax=&#8221;content-moving&#8221; width=&#8221;1\/2&#8243; shadow_x_offset=&#8221;0&#8243; shadow_y_offset=&#8221;0&#8243; shadow_blur=&#8221;0&#8243; shadow_spread=&#8221;0&#8243; shadow_color=&#8221;&#8221;][vc_text_separator title=&#8221;Konferencje&#8221; i_icon_fontawesome=&#8221;fas fa-briefcase&#8221; i_color=&#8221;mulled_wine&#8221; color=&#8221;mulled_wine&#8221; style=&#8221;shadow&#8221; border_width=&#8221;3&#8243; add_icon=&#8221;true&#8221;][vc_column_text]Zapewniamy nowoczesne sale konferencyjne wyposa\u017cone w sprz\u0119t audiowizualny najwy\u017cszej klasy, kt\u00f3re pomieszcz\u0105 nawet najbardziej wymagaj\u0105ce grupy. Nasz do\u015bwiadczony zesp\u00f3\u0142 pomo\u017ce w organizacji ka\u017cdego detalu, aby Wasze spotkanie przebiega\u0142o bez zak\u0142\u00f3ce\u0144. \ud83d\udcca\ud83c\udfa4\ud83d\udcbc[\/vc_column_text][stm_spacer height=&#8221;30&#8243;][\/vc_column][vc_column width=&#8221;1\/2&#8243;][vc_text_separator title=&#8221;Bankiety&#8221; i_icon_fontawesome=&#8221;fas fa-cocktail&#8221; i_color=&#8221;mulled_wine&#8221; color=&#8221;mulled_wine&#8221; style=&#8221;shadow&#8221; border_width=&#8221;3&#8243; add_icon=&#8221;true&#8221;][vc_column_text]Oferujemy eleganckie sale bankietowe, kt\u00f3re doskonale nadaj\u0105 si\u0119 na wszelkiego rodzaju uroczysto\u015bci. Nasze wykwintne menu, przygotowane przez do\u015bwiadczonych kucharzy, zadowoli nawet najbardziej wymagaj\u0105ce podniebienia. \ud83c\udf7d\ufe0f\ud83c\udf77\ud83c\udf89[\/vc_column_text][stm_spacer height=&#8221;30&#8243;][\/vc_column][\/vc_row][vc_row][vc_column][vc_btn title=&#8221;POBIERZ OFERT\u0118 DLA FIRM (2025) W PDF&#8221; color=&#8221;mulled-wine&#8221; size=&#8221;lg&#8221; align=&#8221;center&#8221; i_icon_fontawesome=&#8221;far fa-file-pdf&#8221; button_block=&#8221;true&#8221; add_icon=&#8221;true&#8221; link=&#8221;url:https%3A%2F%2Fgorzelanny.pl%2FDLAFIRM-2025-CHROBRY.pdf|target:_blank&#8221;][vc_btn title=&#8221;POBIERZ OFERT\u0118 DLA FIRM (2026) W PDF&#8221; color=&#8221;mulled-wine&#8221; size=&#8221;lg&#8221; align=&#8221;center&#8221; i_icon_fontawesome=&#8221;far fa-file-pdf&#8221; button_block=&#8221;true&#8221; add_icon=&#8221;true&#8221; link=&#8221;url:https%3A%2F%2Fgorzelanny.pl%2FDLAFIRM-2026-CHROBRY.pdf|target:_blank&#8221;][\/vc_column][\/vc_row][vc_row][vc_column][stm_spacer height=&#8221;50&#8243;][\/vc_column][\/vc_row][vc_row][vc_column][vc_text_separator title=&#8221;Imprezy integracyjne&#8221; i_icon_fontawesome=&#8221;fas fa-users&#8221; i_color=&#8221;mulled_wine&#8221; color=&#8221;mulled_wine&#8221; style=&#8221;shadow&#8221; border_width=&#8221;3&#8243; add_icon=&#8221;true&#8221;][\/vc_column][\/vc_row][vc_row][vc_column][vc_column_text]<strong>Hotel Chrobry Resort<\/strong> to idealne miejsce na organizacj\u0119 imprez integracyjnych. Oferujemy szeroki wachlarz atrakcji, kt\u00f3re pozwol\u0105 na budowanie zespo\u0142owego ducha i wsp\u00f3ln\u0105 zabaw\u0119. Wspania\u0142e widoki i relaksuj\u0105ca atmosfera zapewni\u0105 niezapomniane wra\u017cenia. \ud83c\udfde\ufe0f\ud83c\udf88\ud83e\udd1d[\/vc_column_text][vc_column_text]Imprezy integracyjne to doskona\u0142a okazja do lepszego poznania siebie i swoich wsp\u00f3\u0142pracownik\u00f3w z zupe\u0142nie nowej strony. Takie spotkania z naszym udzia\u0142em pomagaj\u0105 zrelaksowa\u0107 si\u0119 i na\u0142adowa\u0107 akumulatory do dalszej pracy. \ud83d\udcbc\ud83e\udd1d\ud83c\udf1f<\/p>\n<p>Organizujemy wszelkiego rodzaju imprezy integracyjne, firmowe spotkania, team building, pikniki oraz wieczory tematyczne. \ud83c\udf89\ud83c\udf3f\ud83c\udfd5\ufe0f<\/p>\n<p><strong>Oferujemy:<\/strong><\/p>\n<ul>\n<li>Ubezpieczenie \ud83d\udee1\ufe0f<\/li>\n<li>Atrakcyjne ceny \ud83d\udcb0<\/li>\n<li>Faktur\u0119 VAT \ud83e\uddfe<\/li>\n<\/ul>\n<p>[\/vc_column_text][stm_spacer height=&#8221;50&#8243;][\/vc_column][\/vc_row][vc_row][vc_column][vc_media_grid grid_id=&#8221;vc_gid:1754382125580-ba592f2a-aa23-4&#8243; include=&#8221;1509,1508,1506,1505,1513,1512,1511,1510,1514&#8243;][\/vc_column][\/vc_row]<\/p>\n","protected":false},"excerpt":{"rendered":"<p>[vc_row][vc_column parallax=&#8221;content-moving&#8221; shadow_x_offset=&#8221;0&#8243; shadow_y_offset=&#8221;0&#8243; shadow_blur=&#8221;0&#8243; shadow_spread=&#8221;0&#8243; shadow_color=&#8221;&#8221;][vc_column_text]Hotel Chrobry Resort w malowniczych G\u00f3rach Opawskich to doskona\u0142e miejsce na organizacj\u0119 konferencji, bankiet\u00f3w oraz imprez integracyjnych. Nasza wyj\u0105tkowa lokalizacja i profesjonalna obs\u0142uga gwarantuj\u0105, \u017ce ka\u017cde wydarzenie b\u0119dzie wyj\u0105tkowe i niezapomniane. \ud83c\udfe8\ud83c\udf04[\/vc_column_text][stm_spacer height=&#8221;30&#8243;][vc_column_text]Do Waszej dyspozycji oddajemy dwie sale o nast\u0119puj\u0105cym wyposa\u017ceniu: Flipchart, pisaki, papier \ud83d\udccb\ud83d\udd8a\ufe0f Nag\u0142o\u015bnienie \ud83d\udd0a Projektor multimedialny [&hellip;]<\/p>\n","protected":false},"author":1,"featured_media":0,"parent":0,"menu_order":0,"comment_status":"closed","ping_status":"closed","template":"","meta":{"om_disable_all_campaigns":false,"footnotes":""},"class_list":["post-1180","page","type-page","status-publish","hentry"],"_links":{"self":[{"href":"https:\/\/gorzelanny.pl\/hotel-chrobry\/wp-json\/wp\/v2\/pages\/1180","targetHints":{"allow":["GET"]}}],"collection":[{"href":"https:\/\/gorzelanny.pl\/hotel-chrobry\/wp-json\/wp\/v2\/pages"}],"about":[{"href":"https:\/\/gorzelanny.pl\/hotel-chrobry\/wp-json\/wp\/v2\/types\/page"}],"author":[{"embeddable":true,"href":"https:\/\/gorzelanny.pl\/hotel-chrobry\/wp-json\/wp\/v2\/users\/1"}],"replies":[{"embeddable":true,"href":"https:\/\/gorzelanny.pl\/hotel-chrobry\/wp-json\/wp\/v2\/comments?post=1180"}],"version-history":[{"count":88,"href":"https:\/\/gorzelanny.pl\/hotel-chrobry\/wp-json\/wp\/v2\/pages\/1180\/revisions"}],"predecessor-version":[{"id":3700,"href":"https:\/\/gorzelanny.pl\/hotel-chrobry\/wp-json\/wp\/v2\/pages\/1180\/revisions\/3700"}],"wp:attachment":[{"href":"https:\/\/gorzelanny.pl\/hotel-chrobry\/wp-json\/wp\/v2\/media?parent=1180"}],"curies":[{"name":"wp","href":"https:\/\/api.w.org\/{rel}","templated":true}]}}