{"id":1397,"date":"2020-11-01T22:05:48","date_gmt":"2020-11-01T21:05:48","guid":{"rendered":"https:\/\/serwer1521494.home.pl\/webkreacja.pl\/projekty\/osrodekchrobry\/?page_id=1397"},"modified":"2026-03-02T10:27:17","modified_gmt":"2026-03-02T09:27:17","slug":"pokoje","status":"publish","type":"page","link":"https:\/\/gorzelanny.pl\/hotel-chrobry\/pokoje\/","title":{"rendered":"Pokoje"},"content":{"rendered":"<p>[vc_row][vc_column][vc_separator color=&#8221;mulled_wine&#8221; style=&#8221;shadow&#8221; border_width=&#8221;2&#8243;][vc_column_text]<\/p>\n<h2 style=\"text-align: center;\">Hotel Chrobry Resort to miejsce, gdzie komfort i nowoczesno\u015b\u0107 spotykaj\u0105 si\u0119 w harmonii. \ud83c\udf3f \u2728<\/h2>\n<h2 style=\"text-align: center;\"><\/h2>\n<p>[\/vc_column_text][vc_separator color=&#8221;mulled_wine&#8221; style=&#8221;shadow&#8221; border_width=&#8221;2&#8243;][vc_empty_space][vc_column_text]Do Pa\u0144stwa dyspozycji oddajemy pokoje wyposa\u017cone w oddzielne \u0142\u00f3\u017cka \ud83d\udecc z mo\u017cliwo\u015bci\u0105 przekszta\u0142cenia ich w wygodne \u0142o\u017ce ma\u0142\u017ce\u0144skie \ud83d\udc95.<\/p>\n<p>Ka\u017cdy pok\u00f3j to ma\u0142e centrum rozrywki, z telewizorem z TV-Sat \ud83d\udcfa oraz telefonem, dzi\u0119ki czemu zawsze pozostaniecie w kontakcie. W trosce o Pa\u0144stwa wygod\u0119, \u0142azienki wyposa\u017cone s\u0105 w prysznice \ud83d\udebf. Odwied\u017acie nas, a przekonacie si\u0119, jak przyjemnie mo\u017cna sp\u0119dzi\u0107 czas w naszym hotelu! \u2728[\/vc_column_text][vc_empty_space][vc_message message_box_color=&#8221;mulled_wine&#8221;]<strong>Dodatkowe informacje:<\/strong><\/p>\n<ul>\n<li>\ud83d\udc3e W O\u015brodku Chrobry akceptujemy ma\u0142e zwierz\u0119ta domowe (do 10kg). Op\u0142ata wynosi 50 z\u0142 za dob\u0119 (p\u0142atne na miejscu).<\/li>\n<li>\u23f0 Doba hotelowa trwa od godziny 15:00 do 11:00.<\/li>\n<li>\ud83c\udf73 Pyszne \u015bniadanie za 50 z\u0142\/os (wliczone w cen\u0119 pobytu).<\/li>\n<li>\ud83c\udf7d\ufe0f Kolacja: 50 z\u0142\/os.<\/li>\n<li>\ud83c\udf72 Obiad: 60-70 z\u0142\/os.<\/li>\n<\/ul>\n<p>[\/vc_message][vc_btn title=&#8221;Regulamin O\u015brodka Chrobry&#8221; color=&#8221;chino&#8221; size=&#8221;lg&#8221; align=&#8221;center&#8221; i_icon_fontawesome=&#8221;fas fa-book-open&#8221; button_block=&#8221;true&#8221; add_icon=&#8221;true&#8221; link=&#8221;url:https%3A%2F%2Fgorzelanny.pl%2Fhotel-chrobry%2Fwp-content%2Fuploads%2F2022%2F10%2Fregulamin-chrobry.pdf|target:_blank&#8221;][\/vc_column][\/vc_row][vc_row][vc_column][stm_spacer height=&#8221;50&#8243;][vc_text_separator title=&#8221;WYBIERZ POK\u00d3J I ZAREZERWUJ&#8221; i_icon_fontawesome=&#8221;stmicon-bed2&#8243; add_icon=&#8221;true&#8221;][\/vc_column][\/vc_row][vc_row][vc_column][vc_column_text]<div class=\"hotelier\">\n    \n<form name=\"hotelier_datepicker\" method=\"post\" id=\"hotelier-datepicker\" class=\"datepicker-form\"\n      action=\"https:\/\/gorzelanny.pl\/hotel-chrobry\/pokoje\/\" enctype=\"multipart\/form-data\">\n\n    <span class=\"datepicker-input-select-wrapper\"><input class=\"datepicker-input-select\" type=\"text\"\n                                                         id=\"hotelier-datepicker-select\" value=\"\"><\/span>\n    <input type=\"text\" id=\"hotelier-datepicker-checkin\" class=\"datepicker-input datepicker-input--checkin\"\n           name=\"checkin\" value=\"2026-04-20\">\n    <input type=\"text\" id=\"hotelier-datepicker-checkout\" class=\"datepicker-input datepicker-input--checkout\"\n           name=\"checkout\" value=\"2026-04-21\">\n\n    \n\n    <p class=\"selected-nights\">1-nocleg<\/p>\n\n\n    <button type=\"submit\" class=\"btn btn_solid btn_primary btn_icon-right button button--datepicker\" name=\"hotelier_datepicker_button\" id=\"datepicker-button\" ><i class=\"btn__icon stmicon-keyboard_arrow_right\"><\/i>Sprawd\u017a ceny<\/button><\/form>\n\n\n    <form name=\"room_list\" method=\"post\" id=\"form--listing\" class=\"form--listing listing\" enctype=\"multipart\/form-data\">\n\n        \n        \n        \n<ul class=\"listing__list\">\n\n        \n        \n            \n                \n<li class=\"listing__room post-926 room type-room status-publish has-post-thumbnail hentry room_cat-standard\">\n\n    <div class=\"room__content-wrapper\">\n\n        <div class=\"room__content room__content--listing\">\n\n\n            <div class=\"room__gallery room__gallery--listing\">\n\n                \n<div class=\"room__image room__image--listing\">\n            <div class=\"room__images-quantity\">\n            <span>5<\/span>\n        <\/div>\n    \n    <a href=\"https:\/\/gorzelanny.pl\/hotel-chrobry\/wp-content\/uploads\/2020\/10\/IMG_5583-scaled.jpg\" data-size=\"1600x1067\" data-index=\"0\" class=\"room__gallery-thumbnail room__gallery-thumbnail--visible room__gallery-thumbnail--listing\" title=\"\"><img loading=\"lazy\" decoding=\"async\" srcset=\"https:\/\/gorzelanny.pl\/hotel-chrobry\/wp-content\/uploads\/2020\/10\/IMG_5583-scaled-530x400.jpg 2x\" class=\"\" src=\"https:\/\/gorzelanny.pl\/hotel-chrobry\/wp-content\/uploads\/2020\/10\/IMG_5583-scaled-265x200.jpg\" width=\"265\" height=\"200\" alt=\"O\u015brodek Chrobry Pokrzywna - pokoje, wesela, komunia, wczasy w g\u00f3rach\" title=\"O\u015brodek Chrobry Pokrzywna - pokoje, wesela, komunia, wczasy w g\u00f3rach\" \/><\/a><\/div>\n\n    <a href=\"#thumbnails-926\" class=\"room__gallery-link room__gallery-link--listing\"\n       data-index=\"0\">View gallery<\/a>\n\n    <ul style=\"display:none\">\n\n        <li><a href=\"https:\/\/gorzelanny.pl\/hotel-chrobry\/wp-content\/uploads\/2020\/10\/20200721_144202-scaled.jpg\" data-size=\"1600x1200\" data-index=\"1\" class=\"room__gallery-thumbnail room__gallery-thumbnail--listing\" title=\"\">O\u015brodek Chrobry Pokrzywna &#8211; pokoje, wesela, komunia, wczasy w g\u00f3rach<\/a><\/li><li><a href=\"https:\/\/gorzelanny.pl\/hotel-chrobry\/wp-content\/uploads\/2020\/10\/IMG_5583-scaled.jpg\" data-size=\"1600x1067\" data-index=\"2\" class=\"room__gallery-thumbnail room__gallery-thumbnail--listing\" title=\"\">O\u015brodek Chrobry Pokrzywna &#8211; pokoje, wesela, komunia, wczasy w g\u00f3rach<\/a><\/li><li><a href=\"https:\/\/gorzelanny.pl\/hotel-chrobry\/wp-content\/uploads\/2020\/10\/IMG_5579-scaled.jpg\" data-size=\"1600x1067\" data-index=\"3\" class=\"room__gallery-thumbnail room__gallery-thumbnail--listing\" title=\"\">O\u015brodek Chrobry Pokrzywna &#8211; pokoje, wesela, komunia, wczasy w g\u00f3rach<\/a><\/li><li><a href=\"https:\/\/gorzelanny.pl\/hotel-chrobry\/wp-content\/uploads\/2020\/11\/pokoje1.jpg\" data-size=\"800x600\" data-index=\"4\" class=\"room__gallery-thumbnail room__gallery-thumbnail--listing\" title=\"\">O\u015brodek Chrobry Pokrzywna &#8211; pokoje, wesela, komunia, wczasy w g\u00f3rach<\/a><\/li>\n    <\/ul>\n\n\n\n            <\/div>\n            <div class=\"room__info\">\n                \n<h3 class=\"room__name room__name--listing\">\n    <a\n                    title=\"2-osobowy\"\n            class=\"room__link room__link--listing\"\n            href=\"https:\/\/gorzelanny.pl\/hotel-chrobry\/rooms\/2osobowy\/\"\n            rel=\"bookmark\">\n        2-osobowy    <\/a>\n<\/h3>\n                \n    <div class=\"room__price-wrapper room__price-wrapper--listing\">\n        <span class=\"room__price-nights\">\n            Cena za 1 nocleg(\u00f3w)        <\/span>\n\n        <span class=\"room__price room__price--listing heading_font\">\n                        385.00&#122;&#322;        <\/span>\n\n            <\/div>\n\n\n                \n                <div id=\"room-details-926\" class=\"room__details room__details--listing\">\n\n                    \n\n<div class=\"room__meta room__meta--listing\">\n\n            <p class=\"room__size room__size--listing\">\n            <strong>Powierzchnia:<\/strong> 25 m\u00b2        <\/p>\n    \n            <p class=\"room__bed-size room__bed-size--listing\">\n            <strong>\u0141\u00f3\u017cka:<\/strong> 2 pojedyncze z mo\u017cliwo\u015bci\u0105 po\u0142\u0105czenia        <\/p>\n    \n<\/div>\n\n                <\/div>\n\n                <div class=\"room__deposit room__deposit--listing\">\n    \n                    <span class=\"room__deposit-label room__deposit-label--listing\">Zaliczka wymagana:<\/span>\n            <span class=\"room__deposit-amount room__deposit-amount--listing\">30%<\/span>\n            <\/div>\n                \n                \n                \n                <div class=\"room__footer\">\n\n                    \n<div class=\"room__max-guests\">\n    <i class=\"stmicon-hotel-peoples mtc\"><\/i>\n    <span class=\"room__max-guests-label\">Max. ilo\u015b\u0107 os\u00f3b:<\/span>\n    <div class=\"room__max-guests-recommendation\">\n\n        2 doros\u0142y(ch)            <\/div>\n<\/div>\n                    \n\n                        \n<div class=\"add-to-cart-wrapper\">\n\n    \n        \n        \n<div class=\"room-quantity\">\n    <label class=\"room-quantity__label\"\n           for=\"add-to-cart-room[4d851c6ea39ed0962274ddda6e60f81f]\">Ilo\u015b\u0107 pokoi<\/label>\n    <input type=\"number\" id=\"add-to-cart-room[4d851c6ea39ed0962274ddda6e60f81f]\" step=\"1\"\n           min=\"0\"           max=\"39\"           name=\"quantity[4d851c6ea39ed0962274ddda6e60f81f]\" value=\"0\"\n           title=\"Qty\"\n           class=\"input-text room-quantity__input\" size=\"4\"\/>\n<\/div>\n\n        <input type=\"hidden\" name=\"add_to_cart_room[4d851c6ea39ed0962274ddda6e60f81f]\"\n               value=\"926\"\/>\n        <input type=\"hidden\" name=\"rate_id[4d851c6ea39ed0962274ddda6e60f81f]\" value=\"0\"\/>\n\n        <a href=\"#reserve-button\"\n           data-selected-text-singular=\"pok\u00f3j wybrany\"\n           data-selected-text-plural=\"pokoi wybranych\"\n           class=\"btn btn_solid btn_primary btn_icon-right button button--add-to-cart\">\n            Zarezerwuj            <i class=\"btn__icon stmicon-keyboard_arrow_right\"><\/i>\n        <\/a>\n\n        \n    \n<\/div>\n\n\n                                    <\/div>\n            <\/div><!-- .room__info -->\n\n            <div id=\"room-variations-926\"\n                 class=\"room__rates room__rates--listing\">\n\n                \n            <\/div><!-- .room__rates -->\n\n\n        <\/div><!-- .room__content -->\n    <\/div><!-- .room__content-wrapper -->\n\n\n<\/li>\n\n            \n                \n<li class=\"listing__room post-698 room type-room status-publish has-post-thumbnail hentry room_cat-standard\">\n\n    <div class=\"room__content-wrapper\">\n\n        <div class=\"room__content room__content--listing\">\n\n\n            <div class=\"room__gallery room__gallery--listing\">\n\n                \n<div class=\"room__image room__image--listing\">\n            <div class=\"room__images-quantity\">\n            <span>5<\/span>\n        <\/div>\n    \n    <a href=\"https:\/\/gorzelanny.pl\/hotel-chrobry\/wp-content\/uploads\/2020\/10\/IMG_5579-scaled.jpg\" data-size=\"1600x1067\" data-index=\"0\" class=\"room__gallery-thumbnail room__gallery-thumbnail--visible room__gallery-thumbnail--listing\" title=\"\"><img loading=\"lazy\" decoding=\"async\" srcset=\"https:\/\/gorzelanny.pl\/hotel-chrobry\/wp-content\/uploads\/2020\/10\/IMG_5579-scaled-530x400.jpg 2x\" class=\"\" src=\"https:\/\/gorzelanny.pl\/hotel-chrobry\/wp-content\/uploads\/2020\/10\/IMG_5579-scaled-265x200.jpg\" width=\"265\" height=\"200\" alt=\"O\u015brodek Chrobry Pokrzywna - pokoje, wesela, komunia, wczasy w g\u00f3rach\" title=\"O\u015brodek Chrobry Pokrzywna - pokoje, wesela, komunia, wczasy w g\u00f3rach\" \/><\/a><\/div>\n\n    <a href=\"#thumbnails-698\" class=\"room__gallery-link room__gallery-link--listing\"\n       data-index=\"0\">View gallery<\/a>\n\n    <ul style=\"display:none\">\n\n        <li><a href=\"https:\/\/gorzelanny.pl\/hotel-chrobry\/wp-content\/uploads\/2020\/10\/IMG_5583-scaled.jpg\" data-size=\"1600x1067\" data-index=\"1\" class=\"room__gallery-thumbnail room__gallery-thumbnail--listing\" title=\"\">O\u015brodek Chrobry Pokrzywna &#8211; pokoje, wesela, komunia, wczasy w g\u00f3rach<\/a><\/li><li><a href=\"https:\/\/gorzelanny.pl\/hotel-chrobry\/wp-content\/uploads\/2020\/10\/IMG_5560-scaled.jpg\" data-size=\"1600x1067\" data-index=\"2\" class=\"room__gallery-thumbnail room__gallery-thumbnail--listing\" title=\"\">O\u015brodek Chrobry Pokrzywna &#8211; pokoje, wesela, komunia, wczasy w g\u00f3rach<\/a><\/li><li><a href=\"https:\/\/gorzelanny.pl\/hotel-chrobry\/wp-content\/uploads\/2020\/11\/pokoje1.jpg\" data-size=\"800x600\" data-index=\"3\" class=\"room__gallery-thumbnail room__gallery-thumbnail--listing\" title=\"\">O\u015brodek Chrobry Pokrzywna &#8211; pokoje, wesela, komunia, wczasy w g\u00f3rach<\/a><\/li><li><a href=\"https:\/\/gorzelanny.pl\/hotel-chrobry\/wp-content\/uploads\/2020\/11\/pokoje2.jpg\" data-size=\"800x600\" data-index=\"4\" class=\"room__gallery-thumbnail room__gallery-thumbnail--listing\" title=\"\">O\u015brodek Chrobry Pokrzywna &#8211; pokoje, wesela, komunia, wczasy w g\u00f3rach<\/a><\/li>\n    <\/ul>\n\n\n\n            <\/div>\n            <div class=\"room__info\">\n                \n<h3 class=\"room__name room__name--listing\">\n    <a\n                    title=\"4-osobowy\"\n            class=\"room__link room__link--listing\"\n            href=\"https:\/\/gorzelanny.pl\/hotel-chrobry\/rooms\/4osobowy\/\"\n            rel=\"bookmark\">\n        4-osobowy    <\/a>\n<\/h3>\n                \n    <div class=\"room__price-wrapper room__price-wrapper--listing\">\n        <span class=\"room__price-nights\">\n            Cena za 1 nocleg(\u00f3w)        <\/span>\n\n        <span class=\"room__price room__price--listing heading_font\">\n                        640.00&#122;&#322;        <\/span>\n\n            <\/div>\n\n\n                \n                <div id=\"room-details-698\" class=\"room__details room__details--listing\">\n\n                    \n\n<div class=\"room__meta room__meta--listing\">\n\n            <p class=\"room__size room__size--listing\">\n            <strong>Powierzchnia:<\/strong> 35 m\u00b2        <\/p>\n    \n            <p class=\"room__bed-size room__bed-size--listing\">\n            <strong>\u0141\u00f3\u017cka:<\/strong> 4 pojedyncze z mo\u017cliwo\u015bci\u0105 po\u0142\u0105czenia        <\/p>\n    \n<\/div>\n\n                <\/div>\n\n                <div class=\"room__deposit room__deposit--listing\">\n    \n                    <span class=\"room__deposit-label room__deposit-label--listing\">Zaliczka wymagana:<\/span>\n            <span class=\"room__deposit-amount room__deposit-amount--listing\">30%<\/span>\n            <\/div>\n                \n                \n                \n                <div class=\"room__footer\">\n\n                    \n<div class=\"room__max-guests\">\n    <i class=\"stmicon-hotel-peoples mtc\"><\/i>\n    <span class=\"room__max-guests-label\">Max. ilo\u015b\u0107 os\u00f3b:<\/span>\n    <div class=\"room__max-guests-recommendation\">\n\n        4 doros\u0142y(ch)            <\/div>\n<\/div>\n                    \n\n                        \n<div class=\"add-to-cart-wrapper\">\n\n    \n        \n        \n<div class=\"room-quantity\">\n    <label class=\"room-quantity__label\"\n           for=\"add-to-cart-room[e2b23a0dac308a2798491481b1a6bdf1]\">Ilo\u015b\u0107 pokoi<\/label>\n    <input type=\"number\" id=\"add-to-cart-room[e2b23a0dac308a2798491481b1a6bdf1]\" step=\"1\"\n           min=\"0\"           max=\"15\"           name=\"quantity[e2b23a0dac308a2798491481b1a6bdf1]\" value=\"0\"\n           title=\"Qty\"\n           class=\"input-text room-quantity__input\" size=\"4\"\/>\n<\/div>\n\n        <input type=\"hidden\" name=\"add_to_cart_room[e2b23a0dac308a2798491481b1a6bdf1]\"\n               value=\"698\"\/>\n        <input type=\"hidden\" name=\"rate_id[e2b23a0dac308a2798491481b1a6bdf1]\" value=\"0\"\/>\n\n        <a href=\"#reserve-button\"\n           data-selected-text-singular=\"pok\u00f3j wybrany\"\n           data-selected-text-plural=\"pokoi wybranych\"\n           class=\"btn btn_solid btn_primary btn_icon-right button button--add-to-cart\">\n            Zarezerwuj            <i class=\"btn__icon stmicon-keyboard_arrow_right\"><\/i>\n        <\/a>\n\n        \n    \n<\/div>\n\n\n                                    <\/div>\n            <\/div><!-- .room__info -->\n\n            <div id=\"room-variations-698\"\n                 class=\"room__rates room__rates--listing\">\n\n                \n            <\/div><!-- .room__rates -->\n\n\n        <\/div><!-- .room__content -->\n    <\/div><!-- .room__content-wrapper -->\n\n\n<\/li>\n\n            \n                \n<li class=\"listing__room post-700 room type-room status-publish has-post-thumbnail hentry room_cat-standard\">\n\n    <div class=\"room__content-wrapper\">\n\n        <div class=\"room__content room__content--listing\">\n\n\n            <div class=\"room__gallery room__gallery--listing\">\n\n                \n<div class=\"room__image room__image--listing\">\n            <div class=\"room__images-quantity\">\n            <span>4<\/span>\n        <\/div>\n    \n    <a href=\"https:\/\/gorzelanny.pl\/hotel-chrobry\/wp-content\/uploads\/2025\/03\/DSC_4460.jpg\" data-size=\"1600x929\" data-index=\"0\" class=\"room__gallery-thumbnail room__gallery-thumbnail--visible room__gallery-thumbnail--listing\" title=\"\"><img loading=\"lazy\" decoding=\"async\" srcset=\"https:\/\/gorzelanny.pl\/hotel-chrobry\/wp-content\/uploads\/2025\/03\/DSC_4460-530x400.jpg 2x\" class=\"\" src=\"https:\/\/gorzelanny.pl\/hotel-chrobry\/wp-content\/uploads\/2025\/03\/DSC_4460-265x200.jpg\" width=\"265\" height=\"200\" alt=\"DSC_4460\" title=\"DSC_4460\" \/><\/a><\/div>\n\n    <a href=\"#thumbnails-700\" class=\"room__gallery-link room__gallery-link--listing\"\n       data-index=\"0\">View gallery<\/a>\n\n    <ul style=\"display:none\">\n\n        <li><a href=\"https:\/\/gorzelanny.pl\/hotel-chrobry\/wp-content\/uploads\/2020\/10\/IMG_5579-scaled.jpg\" data-size=\"1600x1067\" data-index=\"1\" class=\"room__gallery-thumbnail room__gallery-thumbnail--listing\" title=\"\">O\u015brodek Chrobry Pokrzywna &#8211; pokoje, wesela, komunia, wczasy w g\u00f3rach<\/a><\/li><li><a href=\"https:\/\/gorzelanny.pl\/hotel-chrobry\/wp-content\/uploads\/2020\/10\/IMG_5564-scaled.jpg\" data-size=\"1600x1067\" data-index=\"2\" class=\"room__gallery-thumbnail room__gallery-thumbnail--listing\" title=\"\">O\u015brodek Chrobry Pokrzywna &#8211; pokoje, wesela, komunia, wczasy w g\u00f3rach<\/a><\/li><li><a href=\"https:\/\/gorzelanny.pl\/hotel-chrobry\/wp-content\/uploads\/2020\/10\/20200721_144202-scaled.jpg\" data-size=\"1600x1200\" data-index=\"3\" class=\"room__gallery-thumbnail room__gallery-thumbnail--listing\" title=\"\">O\u015brodek Chrobry Pokrzywna &#8211; pokoje, wesela, komunia, wczasy w g\u00f3rach<\/a><\/li>\n    <\/ul>\n\n\n\n            <\/div>\n            <div class=\"room__info\">\n                \n<h3 class=\"room__name room__name--listing\">\n    <a\n                    title=\"3-osobowy\"\n            class=\"room__link room__link--listing\"\n            href=\"https:\/\/gorzelanny.pl\/hotel-chrobry\/rooms\/3osobowy\/\"\n            rel=\"bookmark\">\n        3-osobowy    <\/a>\n<\/h3>\n                \n    <div class=\"room__price-wrapper room__price-wrapper--listing\">\n        <span class=\"room__price-nights\">\n            Cena za 1 nocleg(\u00f3w)        <\/span>\n\n        <span class=\"room__price room__price--listing heading_font\">\n                        480.00&#122;&#322;        <\/span>\n\n            <\/div>\n\n\n                \n                <div id=\"room-details-700\" class=\"room__details room__details--listing\">\n\n                    \n\n<div class=\"room__meta room__meta--listing\">\n\n            <p class=\"room__size room__size--listing\">\n            <strong>Powierzchnia:<\/strong> 25 m\u00b2        <\/p>\n    \n            <p class=\"room__bed-size room__bed-size--listing\">\n            <strong>\u0141\u00f3\u017cka:<\/strong> 3 oddzielne \u0142\u00f3\u017cka, mo\u017cliwo\u015b\u0107 po\u0142\u0105czenie w \u0142o\u017ce ma\u0142\u017ce\u0144skie        <\/p>\n    \n<\/div>\n\n                <\/div>\n\n                <div class=\"room__deposit room__deposit--listing\">\n    \n                    <span class=\"room__deposit-label room__deposit-label--listing\">Zaliczka wymagana:<\/span>\n            <span class=\"room__deposit-amount room__deposit-amount--listing\">30%<\/span>\n            <\/div>\n                \n                \n                \n                <div class=\"room__footer\">\n\n                    \n<div class=\"room__max-guests\">\n    <i class=\"stmicon-hotel-peoples mtc\"><\/i>\n    <span class=\"room__max-guests-label\">Max. ilo\u015b\u0107 os\u00f3b:<\/span>\n    <div class=\"room__max-guests-recommendation\">\n\n        3 doros\u0142y(ch)            <\/div>\n<\/div>\n                    \n\n                        \n<div class=\"add-to-cart-wrapper\">\n\n    \n        \n        \n<div class=\"room-quantity\">\n    <label class=\"room-quantity__label\"\n           for=\"add-to-cart-room[73075b38276bdebcd3c1b7febddbfa85]\">Ilo\u015b\u0107 pokoi<\/label>\n    <input type=\"number\" id=\"add-to-cart-room[73075b38276bdebcd3c1b7febddbfa85]\" step=\"1\"\n           min=\"0\"           max=\"10\"           name=\"quantity[73075b38276bdebcd3c1b7febddbfa85]\" value=\"0\"\n           title=\"Qty\"\n           class=\"input-text room-quantity__input\" size=\"4\"\/>\n<\/div>\n\n        <input type=\"hidden\" name=\"add_to_cart_room[73075b38276bdebcd3c1b7febddbfa85]\"\n               value=\"700\"\/>\n        <input type=\"hidden\" name=\"rate_id[73075b38276bdebcd3c1b7febddbfa85]\" value=\"0\"\/>\n\n        <a href=\"#reserve-button\"\n           data-selected-text-singular=\"pok\u00f3j wybrany\"\n           data-selected-text-plural=\"pokoi wybranych\"\n           class=\"btn btn_solid btn_primary btn_icon-right button button--add-to-cart\">\n            Zarezerwuj            <i class=\"btn__icon stmicon-keyboard_arrow_right\"><\/i>\n        <\/a>\n\n        \n    \n<\/div>\n\n\n                                    <\/div>\n            <\/div><!-- .room__info -->\n\n            <div id=\"room-variations-700\"\n                 class=\"room__rates room__rates--listing\">\n\n                \n            <\/div><!-- .room__rates -->\n\n\n        <\/div><!-- .room__content -->\n    <\/div><!-- .room__content-wrapper -->\n\n\n<\/li>\n\n            \n        \n        \n<\/ul>\n\n        \n        \r\n<div id=\"reserve-rooms-button\">\r\n\r\n    <input type=\"hidden\" id=\"_wpnonce\" name=\"_wpnonce\" value=\"f986a6080d\" \/><input type=\"hidden\" name=\"_wp_http_referer\" value=\"\/hotel-chrobry\/wp-json\/wp\/v2\/pages\/1397\" \/>\r\n    \r\n    <input type=\"submit\" class=\"button button--reserve\" name=\"hotelier_reserve_rooms_button\" id=\"reserve-button\" value=\"Zarezerwuj\" \/>\r\n    \r\n<\/div>\r\n\n        \n    <\/form>\n\n\n<\/div>[\/vc_column_text][\/vc_column][\/vc_row][vc_row][vc_column][\/vc_column][\/vc_row]<\/p>\n","protected":false},"excerpt":{"rendered":"<p>[vc_row][vc_column][vc_separator color=&#8221;mulled_wine&#8221; style=&#8221;shadow&#8221; border_width=&#8221;2&#8243;][vc_column_text] Hotel Chrobry Resort to miejsce, gdzie komfort i nowoczesno\u015b\u0107 spotykaj\u0105 si\u0119 w harmonii. \ud83c\udf3f \u2728 [\/vc_column_text][vc_separator color=&#8221;mulled_wine&#8221; style=&#8221;shadow&#8221; border_width=&#8221;2&#8243;][vc_empty_space][vc_column_text]Do Pa\u0144stwa dyspozycji oddajemy pokoje wyposa\u017cone w oddzielne \u0142\u00f3\u017cka \ud83d\udecc z mo\u017cliwo\u015bci\u0105 przekszta\u0142cenia ich w wygodne \u0142o\u017ce ma\u0142\u017ce\u0144skie \ud83d\udc95. Ka\u017cdy pok\u00f3j to ma\u0142e centrum rozrywki, z telewizorem z TV-Sat \ud83d\udcfa oraz telefonem, dzi\u0119ki [&hellip;]<\/p>\n","protected":false},"author":1,"featured_media":0,"parent":0,"menu_order":0,"comment_status":"closed","ping_status":"closed","template":"","meta":{"om_disable_all_campaigns":false,"footnotes":""},"class_list":["post-1397","page","type-page","status-publish","hentry"],"_links":{"self":[{"href":"https:\/\/gorzelanny.pl\/hotel-chrobry\/wp-json\/wp\/v2\/pages\/1397","targetHints":{"allow":["GET"]}}],"collection":[{"href":"https:\/\/gorzelanny.pl\/hotel-chrobry\/wp-json\/wp\/v2\/pages"}],"about":[{"href":"https:\/\/gorzelanny.pl\/hotel-chrobry\/wp-json\/wp\/v2\/types\/page"}],"author":[{"embeddable":true,"href":"https:\/\/gorzelanny.pl\/hotel-chrobry\/wp-json\/wp\/v2\/users\/1"}],"replies":[{"embeddable":true,"href":"https:\/\/gorzelanny.pl\/hotel-chrobry\/wp-json\/wp\/v2\/comments?post=1397"}],"version-history":[{"count":58,"href":"https:\/\/gorzelanny.pl\/hotel-chrobry\/wp-json\/wp\/v2\/pages\/1397\/revisions"}],"predecessor-version":[{"id":4108,"href":"https:\/\/gorzelanny.pl\/hotel-chrobry\/wp-json\/wp\/v2\/pages\/1397\/revisions\/4108"}],"wp:attachment":[{"href":"https:\/\/gorzelanny.pl\/hotel-chrobry\/wp-json\/wp\/v2\/media?parent=1397"}],"curies":[{"name":"wp","href":"https:\/\/api.w.org\/{rel}","templated":true}]}}