{"id":168,"date":"2018-06-05T04:15:54","date_gmt":"2018-06-05T04:15:54","guid":{"rendered":"http:\/\/multipurpose.loc\/hotel\/?page_id=168"},"modified":"2025-05-07T15:44:42","modified_gmt":"2025-05-07T13:44:42","slug":"kontakt","status":"publish","type":"page","link":"https:\/\/gorzelanny.pl\/hotel-chrobry\/kontakt\/","title":{"rendered":"Kontakt"},"content":{"rendered":"<p>[vc_row shadow_x_offset=&#8221;0&#8243; shadow_y_offset=&#8221;0&#8243; shadow_blur=&#8221;0&#8243; shadow_spread=&#8221;0&#8243; shadow_color=&#8221;&#8221; css=&#8221;.vc_custom_1531906799465{padding-top: 20px !important;}&#8221;][vc_column shadow_x_offset=&#8221;0&#8243; shadow_y_offset=&#8221;0&#8243; shadow_blur=&#8221;0&#8243; shadow_spread=&#8221;0&#8243; offset=&#8221;vc_col-lg-8 vc_col-md-8&#8243;][vc_column_text]<\/p>\n<h3 class=\"body_paragraph contact-paragraph\">Formularz kontaktowy<\/h3>\n<p class=\"body_paragraph contact-paragraph\">Je\u015bli maj\u0105 Pa\u0144stwo jakiekolwiek pytania dotycz\u0105ce pobytu lub chc\u0105 Pa\u0144stwo zarezerwowa\u0107 termin, zapraszamy do wype\u0142nienia formularza kontaktowego. Odpowiemy jak najszybciej.<\/p>\n<p>[\/vc_column_text]<div class=\"wpforms-container wpforms-container-full wpforms-render-modern\" id=\"wpforms-2537\"><form id=\"wpforms-form-2537\" class=\"wpforms-validate wpforms-form wpforms-ajax-form\" data-formid=\"2537\" method=\"post\" enctype=\"multipart\/form-data\" action=\"\/hotel-chrobry\/wp-json\/wp\/v2\/pages\/168\" data-token=\"73b71ded360efdfe3014f1a68fe48234\" data-token-time=\"1776418857\"><noscript class=\"wpforms-error-noscript\">Aby wype\u0142ni\u0107 ten formularz, w\u0142\u0105cz obs\u0142ug\u0119 JavaScript w przegl\u0105darce.<\/noscript><div class=\"wpforms-hidden\" id=\"wpforms-error-noscript\">Aby wype\u0142ni\u0107 ten formularz, w\u0142\u0105cz obs\u0142ug\u0119 JavaScript w przegl\u0105darce.<\/div><div class=\"wpforms-field-container\"><div id=\"wpforms-2537-field_0-container\" class=\"wpforms-field wpforms-field-name\" data-field-id=\"0\"><fieldset><legend class=\"wpforms-field-label\">Imi\u0119 i nazwisko <span class=\"wpforms-required-label\" aria-hidden=\"true\">*<\/span><\/legend><div class=\"wpforms-field-row wpforms-field-medium\"><div class=\"wpforms-field-row-block wpforms-first wpforms-one-half\"><input type=\"text\" id=\"wpforms-2537-field_0\" class=\"wpforms-field-name-first wpforms-field-required\" name=\"wpforms[fields][0][first]\" aria-errormessage=\"wpforms-2537-field_0-error\" required><label for=\"wpforms-2537-field_0\" class=\"wpforms-field-sublabel after\">Imi\u0119<\/label><\/div><div class=\"wpforms-field-row-block wpforms-one-half\"><input type=\"text\" id=\"wpforms-2537-field_0-last\" class=\"wpforms-field-name-last wpforms-field-required\" name=\"wpforms[fields][0][last]\" aria-errormessage=\"wpforms-2537-field_0-last-error\" required><label for=\"wpforms-2537-field_0-last\" class=\"wpforms-field-sublabel after\">Nazwisko<\/label><\/div><\/div><\/fieldset><\/div><div id=\"wpforms-2537-field_1-container\" class=\"wpforms-field wpforms-field-email\" data-field-id=\"1\"><label class=\"wpforms-field-label\" for=\"wpforms-2537-field_1\">E-mail <span class=\"wpforms-required-label\" aria-hidden=\"true\">*<\/span><\/label><input type=\"email\" id=\"wpforms-2537-field_1\" class=\"wpforms-field-medium wpforms-field-required\" name=\"wpforms[fields][1]\" spellcheck=\"false\" aria-errormessage=\"wpforms-2537-field_1-error\" required><\/div><div id=\"wpforms-2537-field_2-container\" class=\"wpforms-field wpforms-field-textarea\" data-field-id=\"2\"><label class=\"wpforms-field-label\" for=\"wpforms-2537-field_2\">Tre\u015b\u0107 wiadomo\u015bci <span class=\"wpforms-required-label\" aria-hidden=\"true\">*<\/span><\/label><textarea id=\"wpforms-2537-field_2\" class=\"wpforms-field-medium wpforms-field-required\" name=\"wpforms[fields][2]\" aria-errormessage=\"wpforms-2537-field_2-error\" required><\/textarea><\/div><\/div><!-- .wpforms-field-container --><div class=\"wpforms-recaptcha-container wpforms-is-recaptcha wpforms-is-recaptcha-type-v3\" ><input type=\"hidden\" name=\"wpforms[recaptcha]\" value=\"\"><\/div><div class=\"wpforms-submit-container\" ><input type=\"hidden\" name=\"wpforms[id]\" value=\"2537\"><input type=\"hidden\" name=\"page_title\" value=\"\"><input type=\"hidden\" name=\"page_url\" value=\"https:\/\/gorzelanny.pl\/hotel-chrobry\/wp-json\/wp\/v2\/pages\/168\"><button type=\"submit\" name=\"wpforms[submit]\" id=\"wpforms-submit-2537\" class=\"wpforms-submit\" data-alt-text=\"Wysy\u0142anie...\" data-submit-text=\"Prze\u015blij\" aria-live=\"assertive\" value=\"wpforms-submit\">Prze\u015blij<\/button><img loading=\"lazy\" decoding=\"async\" src=\"https:\/\/gorzelanny.pl\/hotel-chrobry\/wp-content\/plugins\/wpforms-lite\/assets\/images\/submit-spin.svg\" class=\"wpforms-submit-spinner\" style=\"display: none;\" width=\"26\" height=\"26\" alt=\"Wczytywanie\"><\/div><\/form><\/div>  <!-- .wpforms-container -->[vc_message]<\/p>\n<h6>Administratorem Pa\u0144stwa danych osobowych jest Hotele Gorzelanny sp\u00f3\u0142ka z ograniczon\u0105 odpowiedzialno\u015bci\u0105 sp\u00f3\u0142ka komandytowa, Pokrzywna 76,48-267 Jarno\u0142t\u00f3wek. Do skutecznego przes\u0142ania wiadomo\u015bci niezb\u0119dne jest wype\u0142nienie co najmniej p\u00f3l oznaczonych symbolem gwiazdki: *. Brak podania tak oznaczonych danych uniemo\u017cliwi obs\u0142ug\u0119 zapytania. Mog\u0105 Pa\u0144stwo dobrowolnie poda\u0107 tak\u017ce inne dane w celu identyfikacji, u\u0142atwienia kontaktu lub obs\u0142ugi zapytania.<\/h6>\n<h6>Podstaw\u0105 prawn\u0105 przetwarzania danych osobowych jest Pa\u0144stwa zgoda, o kt\u00f3rej mowa w art. 6 ust. 1 lit. a) RODO. Wysy\u0142aj\u0105c wiadomo\u015b\u0107, wyra\u017caj\u0105 Pa\u0144stwo zgod\u0119 na przetwarzanie danych osobowych w celu obs\u0142ugi przes\u0142anego zapytania. Dane osobowe s\u0105 przetwarzane przez Administratora w celu obs\u0142ugi przes\u0142anego zapytania. Wi\u0119cej informacji na temat przetwarzania danych osobowych oraz Pa\u0144stwa uprawnie\u0144 z tym zwi\u0105zanych znajduje si\u0119 w <a href=\"https:\/\/gorzelanny.pl\/polityka-prywatnosci.pdf\">polityce prywatno\u015bci.<\/a><\/h6>\n<p>[\/vc_message][\/vc_column][vc_column shadow_x_offset=&#8221;0&#8243; shadow_y_offset=&#8221;0&#8243; shadow_blur=&#8221;0&#8243; shadow_spread=&#8221;0&#8243; offset=&#8221;vc_col-lg-4 vc_col-md-4&#8243;][vc_raw_html]JTNDaDMlM0VJbmZvcm1hY2plJTIwa29udGFrdG93ZSUzQyUyRmgzJTNFJTA5JTA5JTA5JTA5JTA5JTA5JTA5JTA5JTA5JTA5JTA5JTA5JTA5JTA5JTIwJTIwJTBBJTNDYiUzRVJlY2VwY2phJTIwJTI4a29tJTI5JTNBJTNDJTJGYiUzRSUyMDc4NSUyMDYzMyUyMDA4NyUzQ2JyJTJGJTNFJTBBJTNDYiUzRVJlY2VwY2phJTIwJTI4a29tJTI5JTNBJTNDJTJGYiUzRSUyMDUzMSUyMDMxMyUyMDIyOSUzQ2JyJTJGJTNFJTBBJTNDYiUzRUR5cmVrdG9yJTIwJTI4a29tJTI5JTNBJTNDJTJGYiUzRSUyMDYwNyUyMDM5OSUyMDk2NyUzQ2JyJTJGJTNFJTNDYnIlMkYlM0UlMEElMEElM0NiJTNFRS1tYWlsJTNBJTNDJTJGYiUzRSUyMCUzQ2ElMjBocmVmJTNEJTIybWFpbHRvJTNBaG90ZWxjaHJvYnJ5JTQwZ29yemVsYW5ueS5wbCUyMiUzRWhvdGVsY2hyb2JyeSU0MGdvcnplbGFubnkucGwlM0MlMkZhJTNFJTNDYnIlMkYlM0UlM0NiciUyRiUzRSUwQSUwQSUzQ2IlM0U0OC0yNjclMjBKYXJubyVDNSU4MnQlQzMlQjN3ZWslMkMlMjBQb2tyenl3bmElMjA3MCUyQzcxJTNDJTJGYiUzRSUzQ2JyJTJGJTNFJTBBJTNDYiUzRURhbmUlMjBHUFMlM0ElM0MlMkZiJTNFJTIwNTAuMjgzNDM0NzIlMkMlMjAxNy40NzQ0NjAxNiUzQ2JyJTJGJTNFJTBBJTIwJTIwJTIwJTIwJTIwJTIwJTIwJTIwJTIwJTIwJTIwJTIwJTIwJTIwJTIwJTIwJTIwJTIwJTIwJTIwJTIwJTIwJTIwJTIwJTIwJTIwJTIwJTIwJTIwJTIwJTIwJTIwJTIwJTIwJTIwJTIwJTIwJTIw[\/vc_raw_html][vc_separator][vc_raw_html]JTNDaDMlM0VEYW5lJTIwZmlybXklM0MlMkZoMyUzRSUwQSUzQ2IlM0VIb3RlbGUlMjBHb3J6ZWxhbm55JTIwU3AuJTIweiUyMG8uby4lMjBTcC5rLiUzQyUyRmIlM0UlM0NiciUyRiUzRSUwQVBva3J6eXduYSUyMDc2JTJDJTIwNDgtMjY3JTIwSmFybm8lQzUlODJ0JUMzJUIzd2VrJTIwJTNDYnIlMkYlM0UlMEFOSVAlM0ElMjA3NTMyNDM3MjczJTNDYnIlMkYlM0UlMEFLUlMlM0ElMjAwMDAwNTYwMDQ1JTNDYnIlMkYlM0UlMEFSRUdPTiUzQSUyMDM2MTU5OTgzMyUzQ2JyJTJGJTNFJTNDYnIlMkYlM0UlMEElMDklMDklMDklMDklMDklMDklMDklMDklMDklMDklMDklMDklMDklMDklMjAlM0NiJTNFQmFuayUyMFBvbHNraWVqJTIwU3AlQzMlQjMlQzUlODJkemllbGN6byVDNSU5QmNpJTIwUy5BLiUzQyUyRmIlM0UlM0NiciUyRiUzRSUwQTk0JTIwMTkzMCUyMDEwMjglMjAyMjQxJTIwMDI2NyUyMDg4MjMlMjAwMDAxJTNDYnIlMkYlM0UlMEElM0NiJTNFS29kJTIwc3dpZnQlM0ElM0MlMkZiJTNFJTIwUE9MVVBMUFI=[\/vc_raw_html][\/vc_column][\/vc_row][vc_row full_width=&#8221;stretch_row_content_no_spaces&#8221; shadow_x_offset=&#8221;0&#8243; shadow_y_offset=&#8221;0&#8243; shadow_blur=&#8221;0&#8243; shadow_spread=&#8221;0&#8243; shadow_color=&#8221;&#8221; css=&#8221;.vc_custom_1528179675214{margin-bottom: -60px !important;}&#8221;][vc_column][stm_spacer height=&#8221;70&#8243; height_tablet=&#8221;50&#8243; height_mobile=&#8221;40&#8243;][vc_gmaps link=&#8221;#E-8_JTNDaWZyYW1lJTIwc3JjJTNEJTIyaHR0cHMlM0ElMkYlMkZ3d3cuZ29vZ2xlLmNvbSUyRm1hcHMlMkZlbWJlZCUzRnBiJTNEJTIxMW0xOCUyMTFtMTIlMjExbTMlMjExZDI1NDkuNDYyMzQzODQ2NTA2NCUyMTJkMTcuNDcyNjQwMjE1NjA5NDA2JTIxM2Q1MC4yODMyOTY4Nzk0NTI2NjQlMjEybTMlMjExZjAlMjEyZjAlMjEzZjAlMjEzbTIlMjExaTEwMjQlMjEyaTc2OCUyMTRmMTMuMSUyMTNtMyUyMTFtMiUyMTFzMHg0NzExOTQwZGRhMzFkM2ZkJTI1M0EweDNhOTMyZWM0NTM2NGMyZTUlMjEyc0tvbXBsZWtzJTI1MjBIb3RlbG93eSUyNTIwJTI1MjJDaHJvYnJ5JTI1MjIlMjE1ZTAlMjEzbTIlMjExc3BsJTIxMnNwbCUyMTR2MTYwNzA4ODkzNTIwOSUyMTVtMiUyMTFzcGwlMjEyc3BsJTIyJTIwd2lkdGglM0QlMjI2MDAlMjIlMjBoZWlnaHQlM0QlMjI0NTAlMjIlMjBmcmFtZWJvcmRlciUzRCUyMjAlMjIlMjBzdHlsZSUzRCUyMmJvcmRlciUzQTAlMjIlMjBhbGxvd2Z1bGxzY3JlZW4lM0UlM0MlMkZpZnJhbWUlM0U=&#8221;][\/vc_column][\/vc_row]<\/p>\n","protected":false},"excerpt":{"rendered":"<p>[vc_row shadow_x_offset=&#8221;0&#8243; shadow_y_offset=&#8221;0&#8243; shadow_blur=&#8221;0&#8243; shadow_spread=&#8221;0&#8243; shadow_color=&#8221;&#8221; css=&#8221;.vc_custom_1531906799465{padding-top: 20px !important;}&#8221;][vc_column shadow_x_offset=&#8221;0&#8243; shadow_y_offset=&#8221;0&#8243; shadow_blur=&#8221;0&#8243; shadow_spread=&#8221;0&#8243; offset=&#8221;vc_col-lg-8 vc_col-md-8&#8243;][vc_column_text] Formularz kontaktowy Je\u015bli maj\u0105 Pa\u0144stwo jakiekolwiek pytania dotycz\u0105ce pobytu lub chc\u0105 Pa\u0144stwo zarezerwowa\u0107 termin, zapraszamy do wype\u0142nienia formularza kontaktowego. Odpowiemy jak najszybciej. [\/vc_column_text][vc_message] Administratorem Pa\u0144stwa danych osobowych jest Hotele Gorzelanny sp\u00f3\u0142ka z ograniczon\u0105 odpowiedzialno\u015bci\u0105 sp\u00f3\u0142ka komandytowa, Pokrzywna 76,48-267 Jarno\u0142t\u00f3wek. Do [&hellip;]<\/p>\n","protected":false},"author":1,"featured_media":0,"parent":0,"menu_order":0,"comment_status":"closed","ping_status":"closed","template":"","meta":{"om_disable_all_campaigns":false,"footnotes":""},"class_list":["post-168","page","type-page","status-publish","hentry"],"_links":{"self":[{"href":"https:\/\/gorzelanny.pl\/hotel-chrobry\/wp-json\/wp\/v2\/pages\/168","targetHints":{"allow":["GET"]}}],"collection":[{"href":"https:\/\/gorzelanny.pl\/hotel-chrobry\/wp-json\/wp\/v2\/pages"}],"about":[{"href":"https:\/\/gorzelanny.pl\/hotel-chrobry\/wp-json\/wp\/v2\/types\/page"}],"author":[{"embeddable":true,"href":"https:\/\/gorzelanny.pl\/hotel-chrobry\/wp-json\/wp\/v2\/users\/1"}],"replies":[{"embeddable":true,"href":"https:\/\/gorzelanny.pl\/hotel-chrobry\/wp-json\/wp\/v2\/comments?post=168"}],"version-history":[{"count":56,"href":"https:\/\/gorzelanny.pl\/hotel-chrobry\/wp-json\/wp\/v2\/pages\/168\/revisions"}],"predecessor-version":[{"id":3490,"href":"https:\/\/gorzelanny.pl\/hotel-chrobry\/wp-json\/wp\/v2\/pages\/168\/revisions\/3490"}],"wp:attachment":[{"href":"https:\/\/gorzelanny.pl\/hotel-chrobry\/wp-json\/wp\/v2\/media?parent=168"}],"curies":[{"name":"wp","href":"https:\/\/api.w.org\/{rel}","templated":true}]}}