{"id":2492,"date":"2023-03-17T10:10:35","date_gmt":"2023-03-17T09:10:35","guid":{"rendered":"https:\/\/gorzelanny.pl\/hotel-chrobry\/?page_id=2492"},"modified":"2026-01-19T12:59:43","modified_gmt":"2026-01-19T11:59:43","slug":"restauracja","status":"publish","type":"page","link":"https:\/\/gorzelanny.pl\/hotel-chrobry\/restauracja\/","title":{"rendered":"Restauracja"},"content":{"rendered":"<p>[vc_row][vc_column][vc_column_text]Nasza sala restauracyjna to idealne miejsce na organizacj\u0119 wszelkiego rodzaju przyj\u0119\u0107 okoliczno\u015bciowych. Przestronno\u015b\u0107 sali pozwala na komfortowe pomieszczenie nawet 150 go\u015bci, co sprawia, \u017ce doskonale sprawdza si\u0119 podczas wesel, komunii, studni\u00f3wek, chrzcin oraz innych wa\u017cnych wydarze\u0144 rodzinnych i firmowych. \ud83c\udf89\ud83d\udc92\ud83d\udc76[\/vc_column_text][vc_column_text]<\/p>\n<h4 style=\"text-align: center;\"><strong>Wspania\u0142e Dania Regionalne<\/strong><\/h4>\n<p>Specjalizujemy si\u0119 w serwowaniu smakowitych da\u0144 kuchni regionalnej, kt\u00f3re zadowol\u0105 nawet najbardziej wymagaj\u0105cych smakoszy. Nasz szef kuchni przygotowuje wyj\u0105tkowe specja\u0142y, kt\u00f3re s\u0105 po\u0142\u0105czeniem tradycji z nowoczesnymi akcentami, zapewniaj\u0105c niezapomniane doznania kulinarne. \ud83c\udf7d\ufe0f\ud83c\udf1f\ud83d\udc68\u200d\ud83c\udf73[\/vc_column_text][vc_column_text]<\/p>\n<h4 style=\"text-align: center;\"><strong>Niezapomniane Chwile<\/strong><\/h4>\n<p>Z naszym do\u015bwiadczonym i profesjonalnym zespo\u0142em, ka\u017cde przyj\u0119cie staje si\u0119 wyj\u0105tkowe. Dbamy o ka\u017cdy detal, aby Twoje wydarzenie by\u0142o perfekcyjne i niezapomniane. \u2728\ud83c\udf88\ud83d\udcab<\/p>\n<div><\/div>\n<p>[\/vc_column_text][vc_empty_space][\/vc_column][\/vc_row][vc_row][vc_column][vc_empty_space][vc_separator color=&#8221;mulled_wine&#8221; style=&#8221;shadow&#8221; border_width=&#8221;3&#8243;][vc_column_text]<\/p>\n<h3>Zapraszamy r\u00f3wnie\u017c do zapoznania si\u0119 z przyk\u0142adowymi propozycjami menu i odkrycia bogactwa smak\u00f3w, jakie oferujemy. Smakuj wyj\u0105tkowo\u015bci z naszymi daniami! \ud83c\udf38\ud83d\udcdc<\/h3>\n<p>[\/vc_column_text][vc_tta_accordion active_section=&#8221;0&#8243;][vc_tta_section title=&#8221;Bankiet 2025&#8243; tab_id=&#8221;1725454630692-1bb0aee1-b292&#8243;][vc_btn title=&#8221;KLIKNIJ ABY POBRA\u0106 OFERT\u0118 DLA FIRM 2025 W PDF&#8221; color=&#8221;chino&#8221; size=&#8221;lg&#8221; align=&#8221;center&#8221; i_icon_fontawesome=&#8221;fas fa-file-pdf&#8221; button_block=&#8221;true&#8221; add_icon=&#8221;true&#8221; link=&#8221;url:https%3A%2F%2Fgorzelanny.pl%2FdlaFIRM-2025-CHROBRY.pdf&#8221;][vc_column_text]<\/p>\n<p class=\"blog-post-body\">Serdecznie zapraszamy Pa\u0144stwa do skorzystania z naszej oferty bankietowej.<\/p>\n<p>[\/vc_column_text][\/vc_tta_section][vc_tta_section title=&#8221;Bankiet 2026&#8243; tab_id=&#8221;1760689583642-29155ccc-d157&#8243;][vc_btn title=&#8221;KLIKNIJ ABY POBRA\u0106 OFERT\u0118 DLA FIRM 2026 W PDF&#8221; color=&#8221;chino&#8221; size=&#8221;lg&#8221; align=&#8221;center&#8221; i_icon_fontawesome=&#8221;fas fa-file-pdf&#8221; button_block=&#8221;true&#8221; add_icon=&#8221;true&#8221; link=&#8221;url:https%3A%2F%2Fgorzelanny.pl%2FdlaFIRM-2026-CHROBRY.pdf&#8221;][vc_column_text]<\/p>\n<p class=\"blog-post-body\">Serdecznie zapraszamy Pa\u0144stwa do skorzystania z naszej oferty bankietowej.<\/p>\n<p>[\/vc_column_text][\/vc_tta_section][vc_tta_section title=&#8221;Komunia 2026&#8243; tab_id=&#8221;1619171630916-14fa6e07-b5c5&#8243;][vc_column_text]<\/p>\n<p class=\"blog-post-body\">I Komunia \u015awi\u0119ta to wa\u017cne wydarzenie w \u017cyciu dziecka. W tym szczeg\u00f3lnym dniu z przyjemno\u015bci\u0105 b\u0119dziemy Pa\u0144stwu s\u0142u\u017cy\u0107. Celem naszej oferty jest uczynienie tego dnia pi\u0119knym i niezapomnianym. O\u015brodek Chrobry to idealne miejsce do organizacji przyj\u0119cia komunijnego. Profesjonalna obs\u0142uga oraz wykwintna kuchnia, zapewniaj\u0105 niepowtarzaln\u0105 atmosfer\u0119 tych wyj\u0105tkowych wydarze\u0144. Zapraszamy serdecznie do odwiedzenia naszego o\u015brodka i restauracji na niezobowi\u0105zuj\u0105c\u0105 rozmow\u0119 po\u0142\u0105czon\u0105 z prezentacj\u0105 Kart Menu. Na Pa\u0144stwa \u017cyczenie zaprezentujemy zdj\u0119cia z dotychczasowych przyj\u0119\u0107.<\/p>\n<div class=\"divider stripe-5\"><\/div>\n<h4>I propozycja (165z\u0142\/os.)<\/h4>\n<p class=\"blog-post-body\"><b>Obiad:<\/b> ros\u00f3\u0142 z makaronem, kotlet schabowy panierowany, rolada wieprzowa lub wo\u0142owa w sosie w\u0142asnym. Filet z kurczaka po prowansalsku, piecze\u0144 wieprzowa, udko pieczone, ziemniaki, kluski \u015bl\u0105skie, sur\u00f3wka ze \u015bwie\u017cej kapusty, marchewka z groszkiem, mizeria, kompot, kawa, herbata.<\/p>\n<div class=\"divider stripe-5\"><\/div>\n<h4>II propozycja (259z\u0142\/os.)<\/h4>\n<p class=\"blog-post-body\"><strong>Obiad<\/strong>: ros\u00f3\u0142 z makaronem, kotlet schabowy panierowany, rolada wieprzowa lub wo\u0142owa w sosie w\u0142asnym. Filet z kurczaka po prowansalsku, piecze\u0144 wieprzowa, udko pieczone, ziemniaki, kluski \u015bl\u0105skie, sur\u00f3wka ze \u015bwie\u017cej kapusty, marchewka z groszkiem, mizeria, kompot, lody, kawa, herbata.<\/p>\n<p class=\"blog-post-body\"><strong>Zimna p\u0142yta<\/strong>: szynka staropolska, szynka cyga\u0144ska, pol\u0119dwica sopocka, salami, szynka w galarecie z warzywami, galareta wieprzowa, jaja w sosie tatarskim, sa\u0142atka jarzynowa tradycyjna, sa\u0142atka z piersi kurczaka z ananasem, szparagi zawijane szynk\u0105 na li\u015bciu sa\u0142aty.<\/p>\n<p class=\"blog-post-body\">Szasz\u0142yk wieprzowy lub drobiowy, barszcz + krokiety, na kloszach owoce, ciasto. Kawa, herbata bez ogranicze\u0144<\/p>\n<p>[\/vc_column_text][\/vc_tta_section][\/vc_tta_accordion][\/vc_column][\/vc_row][vc_row][vc_column][vc_media_grid element_width=&#8221;2&#8243; grid_id=&#8221;vc_gid:1768823945046-c3f52c25-f2d2-3&#8243; include=&#8221;2589,2590,2591,2588,2587,2592,2583,2581,2586,3348,3347,3346,3345,3344,3343,3342,3341,3340,3339,3338,3337,3336,3335,3334,3333,3332,3331,3330,3329,3327,3326,3325,3324,3323,3322,3320,3321,3319,3318,3280,3279,3278,3277,3276,3275,3274,3273,3272,3271,3270,3269,3268,3267,3266,3356,3357,3358,3359,3360,3361,3362,3363,3364,3365&#8243;][\/vc_column][\/vc_row]<\/p>\n","protected":false},"excerpt":{"rendered":"<p>[vc_row][vc_column][vc_column_text]Nasza sala restauracyjna to idealne miejsce na organizacj\u0119 wszelkiego rodzaju przyj\u0119\u0107 okoliczno\u015bciowych. Przestronno\u015b\u0107 sali pozwala na komfortowe pomieszczenie nawet 150 go\u015bci, co sprawia, \u017ce doskonale sprawdza si\u0119 podczas wesel, komunii, studni\u00f3wek, chrzcin oraz innych wa\u017cnych wydarze\u0144 rodzinnych i firmowych. \ud83c\udf89\ud83d\udc92\ud83d\udc76[\/vc_column_text][vc_column_text] Wspania\u0142e Dania Regionalne Specjalizujemy si\u0119 w serwowaniu smakowitych da\u0144 kuchni regionalnej, kt\u00f3re zadowol\u0105 nawet najbardziej [&hellip;]<\/p>\n","protected":false},"author":1,"featured_media":0,"parent":0,"menu_order":0,"comment_status":"closed","ping_status":"closed","template":"","meta":{"om_disable_all_campaigns":false,"footnotes":""},"class_list":["post-2492","page","type-page","status-publish","hentry"],"_links":{"self":[{"href":"https:\/\/gorzelanny.pl\/hotel-chrobry\/wp-json\/wp\/v2\/pages\/2492","targetHints":{"allow":["GET"]}}],"collection":[{"href":"https:\/\/gorzelanny.pl\/hotel-chrobry\/wp-json\/wp\/v2\/pages"}],"about":[{"href":"https:\/\/gorzelanny.pl\/hotel-chrobry\/wp-json\/wp\/v2\/types\/page"}],"author":[{"embeddable":true,"href":"https:\/\/gorzelanny.pl\/hotel-chrobry\/wp-json\/wp\/v2\/users\/1"}],"replies":[{"embeddable":true,"href":"https:\/\/gorzelanny.pl\/hotel-chrobry\/wp-json\/wp\/v2\/comments?post=2492"}],"version-history":[{"count":34,"href":"https:\/\/gorzelanny.pl\/hotel-chrobry\/wp-json\/wp\/v2\/pages\/2492\/revisions"}],"predecessor-version":[{"id":3899,"href":"https:\/\/gorzelanny.pl\/hotel-chrobry\/wp-json\/wp\/v2\/pages\/2492\/revisions\/3899"}],"wp:attachment":[{"href":"https:\/\/gorzelanny.pl\/hotel-chrobry\/wp-json\/wp\/v2\/media?parent=2492"}],"curies":[{"name":"wp","href":"https:\/\/api.w.org\/{rel}","templated":true}]}}