{"id":3073,"date":"2025-01-17T11:32:47","date_gmt":"2025-01-17T10:32:47","guid":{"rendered":"https:\/\/gorzelanny.pl\/hotel-chrobry\/?page_id=3073"},"modified":"2026-02-26T12:59:08","modified_gmt":"2026-02-26T11:59:08","slug":"pobyty-narciarskie","status":"publish","type":"page","link":"https:\/\/gorzelanny.pl\/hotel-chrobry\/pobyty-narciarskie\/","title":{"rendered":"POBYTY NARCIARSKIE"},"content":{"rendered":"<p>[vc_row][vc_column parallax=&#8221;content-moving&#8221; shadow_x_offset=&#8221;0&#8243; shadow_y_offset=&#8221;0&#8243; shadow_blur=&#8221;0&#8243; shadow_spread=&#8221;0&#8243; shadow_color=&#8221;&#8221;][vc_tta_accordion color=&#8221;sky&#8221; active_section=&#8221;&#8221;][vc_tta_section i_icon_fontawesome=&#8221;stmicon-hotel&#8221; add_icon=&#8221;true&#8221; title=&#8221;KLIKNIJ I ZAREZERWUJ POBYT&#8221; tab_id=&#8221;1607808799803-b36afb86-776e&#8221;]<div class=\"wpforms-container wpforms-container-full wpforms-render-modern\" id=\"wpforms-2532\"><form id=\"wpforms-form-2532\" class=\"wpforms-validate wpforms-form wpforms-ajax-form\" data-formid=\"2532\" method=\"post\" enctype=\"multipart\/form-data\" action=\"\/hotel-chrobry\/wp-json\/wp\/v2\/pages\/3073\" data-token=\"99a96aecffc9537c3eb6aa83c6eb5fec\" data-token-time=\"1776431707\"><noscript class=\"wpforms-error-noscript\">Aby wype\u0142ni\u0107 ten formularz, w\u0142\u0105cz obs\u0142ug\u0119 JavaScript w przegl\u0105darce.<\/noscript><div class=\"wpforms-hidden\" id=\"wpforms-error-noscript\">Aby wype\u0142ni\u0107 ten formularz, w\u0142\u0105cz obs\u0142ug\u0119 JavaScript w przegl\u0105darce.<\/div><div class=\"wpforms-field-container\"><div id=\"wpforms-2532-field_0-container\" class=\"wpforms-field wpforms-field-name\" data-field-id=\"0\"><fieldset><legend class=\"wpforms-field-label\">Imi\u0119 i nazwisko <span class=\"wpforms-required-label\" aria-hidden=\"true\">*<\/span><\/legend><div class=\"wpforms-field-row wpforms-field-medium\"><div class=\"wpforms-field-row-block wpforms-first wpforms-one-half\"><input type=\"text\" id=\"wpforms-2532-field_0\" class=\"wpforms-field-name-first wpforms-field-required\" name=\"wpforms[fields][0][first]\" aria-errormessage=\"wpforms-2532-field_0-error\" required><label for=\"wpforms-2532-field_0\" class=\"wpforms-field-sublabel after\">Imi\u0119<\/label><\/div><div class=\"wpforms-field-row-block wpforms-one-half\"><input type=\"text\" id=\"wpforms-2532-field_0-last\" class=\"wpforms-field-name-last wpforms-field-required\" name=\"wpforms[fields][0][last]\" aria-errormessage=\"wpforms-2532-field_0-last-error\" required><label for=\"wpforms-2532-field_0-last\" class=\"wpforms-field-sublabel after\">Nazwisko<\/label><\/div><\/div><\/fieldset><\/div><div id=\"wpforms-2532-field_1-container\" class=\"wpforms-field wpforms-field-email\" data-field-id=\"1\"><label class=\"wpforms-field-label\" for=\"wpforms-2532-field_1\">E-mail <span class=\"wpforms-required-label\" aria-hidden=\"true\">*<\/span><\/label><input type=\"email\" id=\"wpforms-2532-field_1\" class=\"wpforms-field-medium wpforms-field-required\" name=\"wpforms[fields][1]\" spellcheck=\"false\" aria-errormessage=\"wpforms-2532-field_1-error\" required><\/div><div id=\"wpforms-2532-field_4-container\" class=\"wpforms-field wpforms-field-checkbox\" data-field-id=\"4\"><fieldset><legend class=\"wpforms-field-label\">Wybierz ofert\u0119 specjaln\u0105 <span class=\"wpforms-required-label\" aria-hidden=\"true\">*<\/span><\/legend><ul id=\"wpforms-2532-field_4\" class=\"wpforms-field-required\" data-choice-limit=\"1\"><li class=\"choice-9 depth-1\"><input type=\"checkbox\" id=\"wpforms-2532-field_4_9\" data-rule-check-limit=\"true\" name=\"wpforms[fields][4][]\" value=\"LAST MINUTE\" aria-errormessage=\"wpforms-2532-field_4_9-error\" required ><label class=\"wpforms-field-label-inline\" for=\"wpforms-2532-field_4_9\">LAST MINUTE<\/label><\/li><li class=\"choice-1 depth-1\"><input type=\"checkbox\" id=\"wpforms-2532-field_4_1\" data-rule-check-limit=\"true\" name=\"wpforms[fields][4][]\" value=\"Bo\u017ce Narodzenie\" aria-errormessage=\"wpforms-2532-field_4_1-error\" required ><label class=\"wpforms-field-label-inline\" for=\"wpforms-2532-field_4_1\">Bo\u017ce Narodzenie<\/label><\/li><li class=\"choice-2 depth-1\"><input type=\"checkbox\" id=\"wpforms-2532-field_4_2\" data-rule-check-limit=\"true\" name=\"wpforms[fields][4][]\" value=\"Wielkanoc\" aria-errormessage=\"wpforms-2532-field_4_2-error\" required ><label class=\"wpforms-field-label-inline\" for=\"wpforms-2532-field_4_2\">Wielkanoc<\/label><\/li><li class=\"choice-3 depth-1\"><input type=\"checkbox\" id=\"wpforms-2532-field_4_3\" data-rule-check-limit=\"true\" name=\"wpforms[fields][4][]\" value=\"Maj\u00f3wka\" aria-errormessage=\"wpforms-2532-field_4_3-error\" required ><label class=\"wpforms-field-label-inline\" for=\"wpforms-2532-field_4_3\">Maj\u00f3wka<\/label><\/li><li class=\"choice-8 depth-1\"><input type=\"checkbox\" id=\"wpforms-2532-field_4_8\" data-rule-check-limit=\"true\" name=\"wpforms[fields][4][]\" value=\"Wczasy w g\u00f3rach\" aria-errormessage=\"wpforms-2532-field_4_8-error\" required ><label class=\"wpforms-field-label-inline\" for=\"wpforms-2532-field_4_8\">Wczasy w g\u00f3rach<\/label><\/li><li class=\"choice-7 depth-1\"><input type=\"checkbox\" id=\"wpforms-2532-field_4_7\" data-rule-check-limit=\"true\" name=\"wpforms[fields][4][]\" value=\"Zielone szko\u0142y\" aria-errormessage=\"wpforms-2532-field_4_7-error\" required ><label class=\"wpforms-field-label-inline\" for=\"wpforms-2532-field_4_7\">Zielone szko\u0142y<\/label><\/li><li class=\"choice-6 depth-1\"><input type=\"checkbox\" id=\"wpforms-2532-field_4_6\" data-rule-check-limit=\"true\" name=\"wpforms[fields][4][]\" value=\"Wycieczki\" aria-errormessage=\"wpforms-2532-field_4_6-error\" required ><label class=\"wpforms-field-label-inline\" for=\"wpforms-2532-field_4_6\">Wycieczki<\/label><\/li><li class=\"choice-5 depth-1\"><input type=\"checkbox\" id=\"wpforms-2532-field_4_5\" data-rule-check-limit=\"true\" name=\"wpforms[fields][4][]\" value=\"Kolonie\" aria-errormessage=\"wpforms-2532-field_4_5-error\" required ><label class=\"wpforms-field-label-inline\" for=\"wpforms-2532-field_4_5\">Kolonie<\/label><\/li><li class=\"choice-4 depth-1\"><input type=\"checkbox\" id=\"wpforms-2532-field_4_4\" data-rule-check-limit=\"true\" name=\"wpforms[fields][4][]\" value=\"Inne\" aria-errormessage=\"wpforms-2532-field_4_4-error\" required ><label class=\"wpforms-field-label-inline\" for=\"wpforms-2532-field_4_4\">Inne<\/label><\/li><\/ul><\/fieldset><\/div><div id=\"wpforms-2532-field_2-container\" class=\"wpforms-field wpforms-field-textarea\" data-field-id=\"2\"><label class=\"wpforms-field-label\" for=\"wpforms-2532-field_2\">Tre\u015b\u0107 zapytania (prosz\u0119 okre\u015bli\u0107 termin, ilo\u015b\u0107 os\u00f3b doros\u0142ych i dzieci) <span class=\"wpforms-required-label\" aria-hidden=\"true\">*<\/span><\/label><textarea id=\"wpforms-2532-field_2\" class=\"wpforms-field-medium wpforms-field-required\" name=\"wpforms[fields][2]\" aria-errormessage=\"wpforms-2532-field_2-error\" required><\/textarea><\/div><\/div><!-- .wpforms-field-container --><div class=\"wpforms-submit-container\" ><input type=\"hidden\" name=\"wpforms[id]\" value=\"2532\"><input type=\"hidden\" name=\"page_title\" value=\"\"><input type=\"hidden\" name=\"page_url\" value=\"https:\/\/gorzelanny.pl\/hotel-chrobry\/wp-json\/wp\/v2\/pages\/3073\"><button type=\"submit\" name=\"wpforms[submit]\" id=\"wpforms-submit-2532\" class=\"wpforms-submit\" data-alt-text=\"Wysy\u0142anie...\" data-submit-text=\"Prze\u015blij\" aria-live=\"assertive\" value=\"wpforms-submit\">Prze\u015blij<\/button><img loading=\"lazy\" decoding=\"async\" src=\"https:\/\/gorzelanny.pl\/hotel-chrobry\/wp-content\/plugins\/wpforms-lite\/assets\/images\/submit-spin.svg\" class=\"wpforms-submit-spinner\" style=\"display: none;\" width=\"26\" height=\"26\" alt=\"Wczytywanie\"><\/div><\/form><\/div>  <!-- .wpforms-container -->[\/vc_tta_section][\/vc_tta_accordion][\/vc_column][\/vc_row][vc_row][vc_column][\/vc_column][stm_spacer height=&#8221;30&#8243;][vc_column_text]<\/p>\n<div tabindex=\"0\" role=\"article\" data-tabster=\"{&quot;groupper&quot;:{&quot;tabbability&quot;:2},&quot;focusable&quot;:{}}\" data-content=\"ai-message\" aria-labelledby=\"6ALydK7gDBB5EciPuNEiA-author} 6ALydK7gDBB5EciPuNEiA-content-0\">\n<div id=\"6ALydK7gDBB5EciPuNEiA-content-0\">\n<p style=\"text-align: center;\"><em><strong>Zapraszamy do sp\u0119dzenia niezapomnianych chwil w naszym urokliwym hotelu, po\u0142o\u017conym w sercu G\u00f3r Opawskich.<\/strong> Oferujemy wyj\u0105tkowe pobyty dla mi\u0142o\u015bnik\u00f3w zimowych szale\u0144stw oraz dla tych, kt\u00f3rzy pragn\u0105 wypocz\u0105\u0107 w komfortowych warunkach, ciesz\u0105c si\u0119 pi\u0119knem natury.<\/em><\/p>\n<p style=\"text-align: center;\"><em>Nasze nowoczesne i przytulne pokoje zapewniaj\u0105 najwy\u017cszy standard wypoczynku, a wykwintna kuchnia naszego hotelu zaspokoi nawet najbardziej wymagaj\u0105ce podniebienia. Po ca\u0142ym dniu na stoku, nasi Go\u015bcie mog\u0105 zrelaksowa\u0107 si\u0119 w strefie wellness, korzystaj\u0105c z<strong> sauny suchej, \u0142a\u017ani parowej oraz basenu wewn\u0105trz hotelu.<\/strong><\/em><\/p>\n<p style=\"text-align: center;\"><em>Hotel jest idealn\u0105 baz\u0105 wypadow\u0105 dla narciarzy na ka\u017cdym poziomie zaawansowania \u2013 od pocz\u0105tkuj\u0105cych po zaawansowanych mi\u0142o\u015bnik\u00f3w bia\u0142ego szale\u0144stwa. Dzi\u0119ki dobrej lokalizacji, <strong>blisko tras narciarskich w pobliskich czeskich miejscowo\u015bciach<\/strong>, gwarantujemy niezapomniane prze\u017cycia na stokach.<\/em><\/p>\n<p style=\"text-align: center;\"><em>Sp\u0119d\u017a z nami sw\u00f3j zimowy urlop i poczuj magiczn\u0105 atmosfer\u0119 g\u00f3r w najlepszym wydaniu!<\/em><\/p>\n<\/div>\n<\/div>\n<p>[\/vc_column_text][vc_media_grid element_width=&#8221;3&#8243; grid_id=&#8221;vc_gid:1768998268219-a1606ccc-550b-2&#8243; include=&#8221;2136,1470,2137,2135,1270,1273,1267,2441&#8243;][stm_spacer height=&#8221;30&#8243;][vc_column_text]<\/p>\n<h3 style=\"text-align: center;\"><strong>Wszelkich dodatkowych informacji udzielamy telefonicznie pod numerem: 785 633 087 lub poprzez e-mail: <a class=\"mailto-link\" href=\"mailto:hotelchrobry@gorzelanny.pl\" target=\"_blank\" rel=\"noopener noreferrer\">hotelchrobry@gorzelanny.pl<\/a><\/strong><\/h3>\n<p>[\/vc_column_text][stm_spacer height=&#8221;30&#8243;][stm_spacer height=&#8221;30&#8243;][vc_text_separator title=&#8221;STOKI NARCIARSKIE W OKOLICY&#8221; color=&#8221;sky&#8221;][vc_btn title=&#8221;WIDOK Z KAMER NA \u017bYWO NA STOKACH W POBLISKICH JESENIKACH&#8221; color=&#8221;sky&#8221; size=&#8221;lg&#8221; align=&#8221;center&#8221; i_icon_fontawesome=&#8221;stmicon-skiing&#8221; add_icon=&#8221;true&#8221; link=&#8221;url:https%3A%2F%2Fwww.holidayinfo.cz%2Fpl%2Fmapcams|target:_blank&#8221;][vc_separator color=&#8221;sky&#8221;][vc_tta_tabs][vc_tta_section title=&#8221;Zlat\u00e9 Hory &#8211; Doln\u00ed \u00dadol\u00ed&#8221; tab_id=&#8221;1737111167283-1971c66b-31cc&#8221;][vc_single_image image=&#8221;3080&#8243; img_size=&#8221;large&#8221; alignment=&#8221;center&#8221; onclick=&#8221;link_image&#8221;][vc_raw_html]JTNDaWZyYW1lJTIwc3JjJTNEJTIyaHR0cHMlM0ElMkYlMkZ3d3cuZ29vZ2xlLmNvbSUyRm1hcHMlMkZlbWJlZCUzRnBiJTNEJTIxMW0yOCUyMTFtMTIlMjExbTMlMjExZDU3MTUxLjU3Mzk2ODY2MTg1NCUyMTJkMTcuMzc2OTg5NzcyMTYzMTYlMjEzZDUwLjI2MDUxNTYwNDIyMjY1JTIxMm0zJTIxMWYwJTIxMmYwJTIxM2YwJTIxM20yJTIxMWkxMDI0JTIxMmk3NjglMjE0ZjEzLjElMjE0bTEzJTIxM2UwJTIxNG01JTIxMXMweDQ3MTE5NDEyMDA2MDkwOWYlMjUzQTB4ODFlYTAyYmQ4ZTMwNzMyNyUyMTJzUG9rcnp5d25hJTIxM20yJTIxMWQ1MC4yODcxMjI2JTIxMmQxNy40NTMxNDMzJTIxNG01JTIxMXMweDQ3MTE5MmMzNjc0YzNhMjklMjUzQTB4NDc5ZDczY2VlNmY5NzNmOCUyMTJ6VTJ0cFlYSmx3NkZzSUZVZ1VHVnJhVzVoSUMwZ1dteGhkTU9wSUVodmNua3NJRVJ2Ykc3RHJTRERtbVJ2Yk1PdExDQmFiR0YwdzZrZ1NHOXllU0IySUVwbGMyVnV3NjFydzZGamFDd2dRM3BsWTJoNSUyMTNtMiUyMTFkNTAuMjM5Nzg1MyUyMTJkMTcuMzQ3NDIxNSUyMTVlMSUyMTNtMiUyMTFzcGwlMjEyc3BsJTIxNHYxNzM3MTExNzU2NzMzJTIxNW0yJTIxMXNwbCUyMTJzcGwlMjIlMjB3aWR0aCUzRCUyMjEwMCUyNSUyMiUyMGhlaWdodCUzRCUyMjQ1MCUyMiUyMHN0eWxlJTNEJTIyYm9yZGVyJTNBMCUzQiUyMiUyMGFsbG93ZnVsbHNjcmVlbiUzRCUyMiUyMiUyMGxvYWRpbmclM0QlMjJsYXp5JTIyJTIwcmVmZXJyZXJwb2xpY3klM0QlMjJuby1yZWZlcnJlci13aGVuLWRvd25ncmFkZSUyMiUzRSUzQyUyRmlmcmFtZSUzRQ==[\/vc_raw_html][\/vc_tta_section][vc_tta_section title=&#8221;Kop\u0159ivn\u00e1&#8221; tab_id=&#8221;1737111376803-af3f750b-6bf7&#8243;][vc_single_image image=&#8221;3082&#8243; img_size=&#8221;large&#8221; alignment=&#8221;center&#8221; onclick=&#8221;link_image&#8221;][vc_raw_html]JTNDaWZyYW1lJTIwc3JjJTNEJTIyaHR0cHMlM0ElMkYlMkZ3d3cuZ29vZ2xlLmNvbSUyRm1hcHMlMkZlbWJlZCUzRnBiJTNEJTIxMW0yOCUyMTFtMTIlMjExbTMlMjExZDI3MjQyNC4yODI1NjA4OTM5JTIxMmQxNy4yMTE3OTM2NDA0OTM2NTMlMjEzZDUwLjE2MTYxMzQ2MjA1NTk0NiUyMTJtMyUyMTFmMCUyMTJmMCUyMTNmMCUyMTNtMiUyMTFpMTAyNCUyMTJpNzY4JTIxNGYxMy4xJTIxNG0xMyUyMTNlMCUyMTRtNSUyMTFzMHg0NzExOTQxMjAwNjA5MDlmJTI1M0EweDgxZWEwMmJkOGUzMDczMjclMjEyc1Bva3J6eXduYSUyMTNtMiUyMTFkNTAuMjg3MTIyNiUyMTJkMTcuNDUzMTQzMyUyMTRtNSUyMTFzMHg0NzEyMjBiMWY0OWQ5MTNmJTI1M0EweDlmOGU1ZTNhOTEzODkwZjElMjEyelUydHBJRkpsYzI5eWRDQkxiM0RGbVdsMmJzT2hMQ0JOWVd6RG9TQk5iM0xEb1hacllTd2dRM3BsWTJoNSUyMTNtMiUyMTFkNTAuMDM0MDY1MiUyMTJkMTcuMzA4Njc5NSUyMTVlMSUyMTNtMiUyMTFzcGwlMjEyc3BsJTIxNHYxNzM3MTExOTc4ODk3JTIxNW0yJTIxMXNwbCUyMTJzcGwlMjIlMjB3aWR0aCUzRCUyMjEwMCUyNSUyMiUyMGhlaWdodCUzRCUyMjQ1MCUyMiUyMHN0eWxlJTNEJTIyYm9yZGVyJTNBMCUzQiUyMiUyMGFsbG93ZnVsbHNjcmVlbiUzRCUyMiUyMiUyMGxvYWRpbmclM0QlMjJsYXp5JTIyJTIwcmVmZXJyZXJwb2xpY3klM0QlMjJuby1yZWZlcnJlci13aGVuLWRvd25ncmFkZSUyMiUzRSUzQyUyRmlmcmFtZSUzRQ==[\/vc_raw_html][\/vc_tta_section][vc_tta_section title=&#8221;Ramzov\u00e1&#8221; tab_id=&#8221;1737111167314-ca8d46e3-83e8&#8243;][vc_single_image image=&#8221;3081&#8243; img_size=&#8221;large&#8221; alignment=&#8221;right&#8221; onclick=&#8221;link_image&#8221;][vc_raw_html]JTNDaWZyYW1lJTIwc3JjJTNEJTIyaHR0cHMlM0ElMkYlMkZ3d3cuZ29vZ2xlLmNvbSUyRm1hcHMlMkZlbWJlZCUzRnBiJTNEJTIxMW0yOCUyMTFtMTIlMjExbTMlMjExZDEwNDkwMy41MzIwMTA3Njk2MiUyMTJkMTcuMTU0NzQ4Mjk0Mjc5OTA1JTIxM2Q1MC4yMjA5Mjk2MTE5OTY4JTIxMm0zJTIxMWYwJTIxMmYwJTIxM2YwJTIxM20yJTIxMWkxMDI0JTIxMmk3NjglMjE0ZjEzLjElMjE0bTEzJTIxM2UwJTIxNG01JTIxMXMweDQ3MTE5NDEyMDA2MDkwOWYlMjUzQTB4ODFlYTAyYmQ4ZTMwNzMyNyUyMTJzUG9rcnp5d25hJTIxM20yJTIxMWQ1MC4yODcxMjI2JTIxMmQxNy40NTMxNDMzJTIxNG01JTIxMXMweDQ3MTFmMDk0MjgxNmMxYjklMjUzQTB4ZTVhODY5Y2UyMjc4M2Y2ZSUyMTJ6VTJ0cElHRnlaY09oYkNCU1lXMTZiM2JEb1N3Z1VtRnRlbTkydzZFc0lFOXpkSEoxeGI1dXc2RXRWc085WkdWcWJzT3RJRzNEclhOMGJ5QkNjbUZ1YnNPaExDQkRlbVZqYUhrJTIxM20yJTIxMWQ1MC4xOTE4OTYxJTIxMmQxNy4wNjc4NzglMjE1ZTElMjEzbTIlMjExc3BsJTIxMnNwbCUyMTR2MTczNzExMTkyMzg2NSUyMTVtMiUyMTFzcGwlMjEyc3BsJTIyJTIwd2lkdGglM0QlMjIxMDAlMjUlMjIlMjBoZWlnaHQlM0QlMjI0NTAlMjIlMjBzdHlsZSUzRCUyMmJvcmRlciUzQTAlM0IlMjIlMjBhbGxvd2Z1bGxzY3JlZW4lM0QlMjIlMjIlMjBsb2FkaW5nJTNEJTIybGF6eSUyMiUyMHJlZmVycmVycG9saWN5JTNEJTIybm8tcmVmZXJyZXItd2hlbi1kb3duZ3JhZGUlMjIlM0UlM0MlMkZpZnJhbWUlM0U=[\/vc_raw_html][\/vc_tta_section][vc_tta_section title=&#8221;Miroslav &#8211; Lipov\u00e1 L\u00e1zn\u011b&#8221; tab_id=&#8221;1737111524112-85aec3e8-bcf8&#8243;][vc_single_image image=&#8221;3084&#8243; img_size=&#8221;large&#8221; alignment=&#8221;center&#8221; onclick=&#8221;link_image&#8221;][vc_raw_html]JTNDaWZyYW1lJTIwc3JjJTNEJTIyaHR0cHMlM0ElMkYlMkZ3d3cuZ29vZ2xlLmNvbSUyRm1hcHMlMkZlbWJlZCUzRnBiJTNEJTIxMW0yOCUyMTFtMTIlMjExbTMlMjExZDEzNTkwMi42NjQ5NzkzMjg0NiUyMTJkMTcuMTkxNTQxNDM2NTkwMTclMjEzZDUwLjI3MDEzNDk5NzUxODk2NiUyMTJtMyUyMTFmMCUyMTJmMCUyMTNmMCUyMTNtMiUyMTFpMTAyNCUyMTJpNzY4JTIxNGYxMy4xJTIxNG0xMyUyMTNlMCUyMTRtNSUyMTFzMHg0NzExOTQxMjAwNjA5MDlmJTI1M0EweDgxZWEwMmJkOGUzMDczMjclMjEyc1Bva3J6eXduYSUyMTNtMiUyMTFkNTAuMjg3MTIyNiUyMTJkMTcuNDUzMTQzMyUyMTRtNSUyMTFzMHg0NzExZjA3M2RiYThjMzM1JTI1M0EweDQzZDdjYWQ0YTg4ZWZiZTclMjEyc1NraSUyNTIwY2VudGVyJTI1MjBNaXJvc2xhdiUyNTJDJTI1MjBMaXBvdiUyNUMzJTI1QTEtbCUyNUMzJTI1QTF6biUyNUM0JTI1OUIlMjUyMDElMjUyQyUyNTIwQ3plY2h5JTIxM20yJTIxMWQ1MC4yMTkxNTUwOTk5OTk5OTUlMjEyZDE3LjEyNTgyNzYlMjE1ZTElMjEzbTIlMjExc3BsJTIxMnNwbCUyMTR2MTczNzExMjA2MTgzMiUyMTVtMiUyMTFzcGwlMjEyc3BsJTIyJTIwd2lkdGglM0QlMjIxMDAlMjUlMjIlMjBoZWlnaHQlM0QlMjI0NTAlMjIlMjBzdHlsZSUzRCUyMmJvcmRlciUzQTAlM0IlMjIlMjBhbGxvd2Z1bGxzY3JlZW4lM0QlMjIlMjIlMjBsb2FkaW5nJTNEJTIybGF6eSUyMiUyMHJlZmVycmVycG9saWN5JTNEJTIybm8tcmVmZXJyZXItd2hlbi1kb3duZ3JhZGUlMjIlM0UlM0MlMkZpZnJhbWUlM0U=[\/vc_raw_html][\/vc_tta_section][vc_tta_section title=&#8221;Filipovice&#8221; tab_id=&#8221;1737111429802-ace07297-e603&#8243;][vc_single_image image=&#8221;3083&#8243; img_size=&#8221;large&#8221; alignment=&#8221;center&#8221; onclick=&#8221;link_image&#8221;][vc_raw_html]JTNDaWZyYW1lJTIwc3JjJTNEJTIyaHR0cHMlM0ElMkYlMkZ3d3cuZ29vZ2xlLmNvbSUyRm1hcHMlMkZlbWJlZCUzRnBiJTNEJTIxMW0yOCUyMTFtMTIlMjExbTMlMjExZDI3MjEzNy40MTM0NzYxMDY1NCUyMTJkMTcuMTQ2OTc2MTk3NjQwMDU0JTIxM2Q1MC4yMTE5MzE3Njc5MjM1MSUyMTJtMyUyMTFmMCUyMTJmMCUyMTNmMCUyMTNtMiUyMTFpMTAyNCUyMTJpNzY4JTIxNGYxMy4xJTIxNG0xMyUyMTNlMCUyMTRtNSUyMTFzMHg0NzExOTQxMjAwNjA5MDlmJTI1M0EweDgxZWEwMmJkOGUzMDczMjclMjEyc1Bva3J6eXduYSUyMTNtMiUyMTFkNTAuMjg3MTIyNiUyMTJkMTcuNDUzMTQzMyUyMTRtNSUyMTFzMHg0NzExZjNmNDIxNjAyOWY1JTI1M0EweDM2Zjc4NzZkMzA2ZWRiZTQlMjEyc1NLSSUyNTIwQVJFTkElMjUyMEZJTElQT1ZJQ0UlMjUyQyUyNTIwRmlsaXBvdmljZSUyNTJDJTI1MjBTa2lwYXJrLUplc2VuJTI1QzMlMjVBRGslMjUyMDElMjUyQyUyNTIwQ3plY2h5JTIxM20yJTIxMWQ1MC4xNTUzNjIyJTIxMmQxNy4xNzAzMzk3JTIxNWUxJTIxM20yJTIxMXNwbCUyMTJzcGwlMjE0djE3MzcxMTIwMjI1ODIlMjE1bTIlMjExc3BsJTIxMnNwbCUyMiUyMHdpZHRoJTNEJTIyMTAwJTI1JTIyJTIwaGVpZ2h0JTNEJTIyNDUwJTIyJTIwc3R5bGUlM0QlMjJib3JkZXIlM0EwJTNCJTIyJTIwYWxsb3dmdWxsc2NyZWVuJTNEJTIyJTIyJTIwbG9hZGluZyUzRCUyMmxhenklMjIlMjByZWZlcnJlcnBvbGljeSUzRCUyMm5vLXJlZmVycmVyLXdoZW4tZG93bmdyYWRlJTIyJTNFJTNDJTJGaWZyYW1lJTNF[\/vc_raw_html][\/vc_tta_section][\/vc_tta_tabs][\/vc_row]<\/p>\n<p>[vc_row full_width=&#8221;stretch_row_content_no_spaces&#8221; shadow_x_offset=&#8221;0&#8243; shadow_y_offset=&#8221;0&#8243; shadow_blur=&#8221;0&#8243; shadow_spread=&#8221;0&#8243; shadow_color=&#8221;&#8221;][vc_column][vc_empty_space][vc_empty_space height=&#8221;80px&#8221;][vc_separator border_width=&#8221;8&#8243;][vc_column_text css_animation=&#8221;fadeIn&#8221; css=&#8221;.vc_custom_1768996757911{border-radius: 10px !important;}&#8221;]<\/p>\n<h3 style=\"text-align: center;\"><strong>Nie zwlekaj &#8211; zarezerwuj sw\u00f3j pobyt ju\u017c dzi\u015b i pozw\u00f3l sobie na wyj\u0105tkowy wypoczynek.<\/strong><\/h3>\n<h3 style=\"text-align: center;\">\ud83d\udcde\u00a0<a href=\"tel::0048785633087\">785 633 087<\/a>\u00a0\u00a0\ud83d\udce7\u00a0<a href=\"mailto: hotelchrobry@gorzelanny.pl\">hotelchrobry@gorzelanny.pl<\/a><\/h3>\n<h3 style=\"text-align: center;\">Serdecznie zapraszamy! Czekamy na Ciebie! \u2728<\/h3>\n<p>[\/vc_column_text][vc_separator border_width=&#8221;5&#8243;][vc_custom_heading text=&#8221;SPRAWD\u0179 POZOSTA\u0141E OFERTY&#8221; font_container=&#8221;tag:h2|text_align:center&#8221; google_fonts=&#8221;font_family:Orienta%3Aregular|font_style:400%20regular%3A400%3Anormal&#8221; css_animation=&#8221;fadeIn&#8221;][vc_basic_grid post_type=&#8221;page&#8221; max_items=&#8221;100&#8243; style=&#8221;pagination&#8221; items_per_page=&#8221;4&#8243; element_width=&#8221;3&#8243; gap=&#8221;10&#8243; orderby=&#8221;menu_order&#8221; order=&#8221;ASC&#8221; arrows_design=&#8221;vc_arrow-icon-arrow_01_left&#8221; arrows_color=&#8221;mulled_wine&#8221; paging_design=&#8221;none&#8221; loop=&#8221;yes&#8221; autoplay=&#8221;4&#8243; item=&#8221;masonryGrid_Default&#8221; grid_id=&#8221;vc_gid:1768997717355-f92dcfbd-250c-7&#8243; taxonomies=&#8221;43&#8243;][\/vc_column][\/vc_row]<\/p>\n","protected":false},"excerpt":{"rendered":"<p>[vc_row][vc_column parallax=&#8221;content-moving&#8221; shadow_x_offset=&#8221;0&#8243; shadow_y_offset=&#8221;0&#8243; shadow_blur=&#8221;0&#8243; shadow_spread=&#8221;0&#8243; shadow_color=&#8221;&#8221;][vc_tta_accordion color=&#8221;sky&#8221; active_section=&#8221;&#8221;][vc_tta_section i_icon_fontawesome=&#8221;stmicon-hotel&#8221; add_icon=&#8221;true&#8221; title=&#8221;KLIKNIJ I ZAREZERWUJ POBYT&#8221; tab_id=&#8221;1607808799803-b36afb86-776e&#8221;][\/vc_tta_section][\/vc_tta_accordion][\/vc_column][\/vc_row][vc_row][vc_column][\/vc_column][stm_spacer height=&#8221;30&#8243;][vc_column_text] Zapraszamy do sp\u0119dzenia niezapomnianych chwil w naszym urokliwym hotelu, po\u0142o\u017conym w sercu G\u00f3r Opawskich. Oferujemy wyj\u0105tkowe pobyty dla mi\u0142o\u015bnik\u00f3w zimowych szale\u0144stw oraz dla tych, kt\u00f3rzy pragn\u0105 wypocz\u0105\u0107 w komfortowych warunkach, ciesz\u0105c si\u0119 pi\u0119knem natury. Nasze nowoczesne i przytulne [&hellip;]<\/p>\n","protected":false},"author":1,"featured_media":2415,"parent":0,"menu_order":0,"comment_status":"closed","ping_status":"closed","template":"","meta":{"om_disable_all_campaigns":false,"footnotes":""},"class_list":["post-3073","page","type-page","status-publish","has-post-thumbnail","hentry"],"_links":{"self":[{"href":"https:\/\/gorzelanny.pl\/hotel-chrobry\/wp-json\/wp\/v2\/pages\/3073","targetHints":{"allow":["GET"]}}],"collection":[{"href":"https:\/\/gorzelanny.pl\/hotel-chrobry\/wp-json\/wp\/v2\/pages"}],"about":[{"href":"https:\/\/gorzelanny.pl\/hotel-chrobry\/wp-json\/wp\/v2\/types\/page"}],"author":[{"embeddable":true,"href":"https:\/\/gorzelanny.pl\/hotel-chrobry\/wp-json\/wp\/v2\/users\/1"}],"replies":[{"embeddable":true,"href":"https:\/\/gorzelanny.pl\/hotel-chrobry\/wp-json\/wp\/v2\/comments?post=3073"}],"version-history":[{"count":33,"href":"https:\/\/gorzelanny.pl\/hotel-chrobry\/wp-json\/wp\/v2\/pages\/3073\/revisions"}],"predecessor-version":[{"id":4017,"href":"https:\/\/gorzelanny.pl\/hotel-chrobry\/wp-json\/wp\/v2\/pages\/3073\/revisions\/4017"}],"wp:featuredmedia":[{"embeddable":true,"href":"https:\/\/gorzelanny.pl\/hotel-chrobry\/wp-json\/wp\/v2\/media\/2415"}],"wp:attachment":[{"href":"https:\/\/gorzelanny.pl\/hotel-chrobry\/wp-json\/wp\/v2\/media?parent=3073"}],"curies":[{"name":"wp","href":"https:\/\/api.w.org\/{rel}","templated":true}]}}