{"id":3111,"date":"2025-01-17T13:57:32","date_gmt":"2025-01-17T12:57:32","guid":{"rendered":"https:\/\/gorzelanny.pl\/hotel-chrobry\/?page_id=3111"},"modified":"2026-01-22T12:15:49","modified_gmt":"2026-01-22T11:15:49","slug":"ferie-zimowe","status":"publish","type":"page","link":"https:\/\/gorzelanny.pl\/hotel-chrobry\/ferie-zimowe\/","title":{"rendered":"FERIE ZIMOWE"},"content":{"rendered":"<p>[vc_row][vc_column parallax=&#8221;content-moving&#8221; shadow_x_offset=&#8221;0&#8243; shadow_y_offset=&#8221;0&#8243; shadow_blur=&#8221;0&#8243; shadow_spread=&#8221;0&#8243; shadow_color=&#8221;&#8221;][vc_tta_accordion color=&#8221;peacoc&#8221; c_align=&#8221;center&#8221; active_section=&#8221;&#8221;][vc_tta_section i_icon_fontawesome=&#8221;stmicon-hotel&#8221; add_icon=&#8221;true&#8221; title=&#8221;KLIKNIJ I ZAREZERWUJ POBYT&#8221; tab_id=&#8221;1607808799803-b36afb86-776e&#8221;]<div class=\"wpforms-container wpforms-container-full wpforms-render-modern\" id=\"wpforms-2532\"><form id=\"wpforms-form-2532\" class=\"wpforms-validate wpforms-form wpforms-ajax-form\" data-formid=\"2532\" method=\"post\" enctype=\"multipart\/form-data\" action=\"\/hotel-chrobry\/wp-json\/wp\/v2\/pages\/3111\" data-token=\"3cc2de7148bee07f8e02693ade3acdef\" data-token-time=\"1778645703\"><noscript class=\"wpforms-error-noscript\">Aby wype\u0142ni\u0107 ten formularz, w\u0142\u0105cz obs\u0142ug\u0119 JavaScript w przegl\u0105darce.<\/noscript><div class=\"wpforms-hidden\" id=\"wpforms-error-noscript\">Aby wype\u0142ni\u0107 ten formularz, w\u0142\u0105cz obs\u0142ug\u0119 JavaScript w przegl\u0105darce.<\/div><div class=\"wpforms-field-container\"><div id=\"wpforms-2532-field_0-container\" class=\"wpforms-field wpforms-field-name\" data-field-id=\"0\"><fieldset><legend class=\"wpforms-field-label\">Imi\u0119 i nazwisko <span class=\"wpforms-required-label\" aria-hidden=\"true\">*<\/span><\/legend><div class=\"wpforms-field-row wpforms-field-medium\"><div class=\"wpforms-field-row-block wpforms-first wpforms-one-half\"><input type=\"text\" id=\"wpforms-2532-field_0\" class=\"wpforms-field-name-first wpforms-field-required\" name=\"wpforms[fields][0][first]\" aria-errormessage=\"wpforms-2532-field_0-error\" required><label for=\"wpforms-2532-field_0\" class=\"wpforms-field-sublabel after\">Imi\u0119<\/label><\/div><div class=\"wpforms-field-row-block wpforms-one-half\"><input type=\"text\" id=\"wpforms-2532-field_0-last\" class=\"wpforms-field-name-last wpforms-field-required\" name=\"wpforms[fields][0][last]\" aria-errormessage=\"wpforms-2532-field_0-last-error\" required><label for=\"wpforms-2532-field_0-last\" class=\"wpforms-field-sublabel after\">Nazwisko<\/label><\/div><\/div><\/fieldset><\/div><div id=\"wpforms-2532-field_1-container\" class=\"wpforms-field wpforms-field-email\" data-field-id=\"1\"><label class=\"wpforms-field-label\" for=\"wpforms-2532-field_1\">E-mail <span class=\"wpforms-required-label\" aria-hidden=\"true\">*<\/span><\/label><input type=\"email\" id=\"wpforms-2532-field_1\" class=\"wpforms-field-medium wpforms-field-required\" name=\"wpforms[fields][1]\" spellcheck=\"false\" aria-errormessage=\"wpforms-2532-field_1-error\" required><\/div><div id=\"wpforms-2532-field_4-container\" class=\"wpforms-field wpforms-field-checkbox\" data-field-id=\"4\"><fieldset><legend class=\"wpforms-field-label\">Wybierz ofert\u0119 specjaln\u0105 <span class=\"wpforms-required-label\" aria-hidden=\"true\">*<\/span><\/legend><ul id=\"wpforms-2532-field_4\" class=\"wpforms-field-required\" data-choice-limit=\"1\"><li class=\"choice-9 depth-1\"><input type=\"checkbox\" id=\"wpforms-2532-field_4_9\" data-rule-check-limit=\"true\" name=\"wpforms[fields][4][]\" value=\"LAST MINUTE\" aria-errormessage=\"wpforms-2532-field_4_9-error\" required ><label class=\"wpforms-field-label-inline\" for=\"wpforms-2532-field_4_9\">LAST MINUTE<\/label><\/li><li class=\"choice-1 depth-1\"><input type=\"checkbox\" id=\"wpforms-2532-field_4_1\" data-rule-check-limit=\"true\" name=\"wpforms[fields][4][]\" value=\"Bo\u017ce Narodzenie\" aria-errormessage=\"wpforms-2532-field_4_1-error\" required ><label class=\"wpforms-field-label-inline\" for=\"wpforms-2532-field_4_1\">Bo\u017ce Narodzenie<\/label><\/li><li class=\"choice-2 depth-1\"><input type=\"checkbox\" id=\"wpforms-2532-field_4_2\" data-rule-check-limit=\"true\" name=\"wpforms[fields][4][]\" value=\"Wielkanoc\" aria-errormessage=\"wpforms-2532-field_4_2-error\" required ><label class=\"wpforms-field-label-inline\" for=\"wpforms-2532-field_4_2\">Wielkanoc<\/label><\/li><li class=\"choice-3 depth-1\"><input type=\"checkbox\" id=\"wpforms-2532-field_4_3\" data-rule-check-limit=\"true\" name=\"wpforms[fields][4][]\" value=\"Maj\u00f3wka\" aria-errormessage=\"wpforms-2532-field_4_3-error\" required ><label class=\"wpforms-field-label-inline\" for=\"wpforms-2532-field_4_3\">Maj\u00f3wka<\/label><\/li><li class=\"choice-8 depth-1\"><input type=\"checkbox\" id=\"wpforms-2532-field_4_8\" data-rule-check-limit=\"true\" name=\"wpforms[fields][4][]\" value=\"Wczasy w g\u00f3rach\" aria-errormessage=\"wpforms-2532-field_4_8-error\" required ><label class=\"wpforms-field-label-inline\" for=\"wpforms-2532-field_4_8\">Wczasy w g\u00f3rach<\/label><\/li><li class=\"choice-7 depth-1\"><input type=\"checkbox\" id=\"wpforms-2532-field_4_7\" data-rule-check-limit=\"true\" name=\"wpforms[fields][4][]\" value=\"Zielone szko\u0142y\" aria-errormessage=\"wpforms-2532-field_4_7-error\" required ><label class=\"wpforms-field-label-inline\" for=\"wpforms-2532-field_4_7\">Zielone szko\u0142y<\/label><\/li><li class=\"choice-6 depth-1\"><input type=\"checkbox\" id=\"wpforms-2532-field_4_6\" data-rule-check-limit=\"true\" name=\"wpforms[fields][4][]\" value=\"Wycieczki\" aria-errormessage=\"wpforms-2532-field_4_6-error\" required ><label class=\"wpforms-field-label-inline\" for=\"wpforms-2532-field_4_6\">Wycieczki<\/label><\/li><li class=\"choice-5 depth-1\"><input type=\"checkbox\" id=\"wpforms-2532-field_4_5\" data-rule-check-limit=\"true\" name=\"wpforms[fields][4][]\" value=\"Kolonie\" aria-errormessage=\"wpforms-2532-field_4_5-error\" required ><label class=\"wpforms-field-label-inline\" for=\"wpforms-2532-field_4_5\">Kolonie<\/label><\/li><li class=\"choice-4 depth-1\"><input type=\"checkbox\" id=\"wpforms-2532-field_4_4\" data-rule-check-limit=\"true\" name=\"wpforms[fields][4][]\" value=\"Inne\" aria-errormessage=\"wpforms-2532-field_4_4-error\" required ><label class=\"wpforms-field-label-inline\" for=\"wpforms-2532-field_4_4\">Inne<\/label><\/li><\/ul><\/fieldset><\/div><div id=\"wpforms-2532-field_2-container\" class=\"wpforms-field wpforms-field-textarea\" data-field-id=\"2\"><label class=\"wpforms-field-label\" for=\"wpforms-2532-field_2\">Tre\u015b\u0107 zapytania (prosz\u0119 okre\u015bli\u0107 termin, ilo\u015b\u0107 os\u00f3b doros\u0142ych i dzieci) <span class=\"wpforms-required-label\" aria-hidden=\"true\">*<\/span><\/label><textarea id=\"wpforms-2532-field_2\" class=\"wpforms-field-medium wpforms-field-required\" name=\"wpforms[fields][2]\" aria-errormessage=\"wpforms-2532-field_2-error\" required><\/textarea><\/div><\/div><!-- .wpforms-field-container --><div class=\"wpforms-submit-container\" ><input type=\"hidden\" name=\"wpforms[id]\" value=\"2532\"><input type=\"hidden\" name=\"page_title\" value=\"\"><input type=\"hidden\" name=\"page_url\" value=\"https:\/\/gorzelanny.pl\/hotel-chrobry\/wp-json\/wp\/v2\/pages\/3111\"><button type=\"submit\" name=\"wpforms[submit]\" id=\"wpforms-submit-2532\" class=\"wpforms-submit\" data-alt-text=\"Wysy\u0142anie...\" data-submit-text=\"Prze\u015blij\" aria-live=\"assertive\" value=\"wpforms-submit\">Prze\u015blij<\/button><img loading=\"lazy\" decoding=\"async\" src=\"https:\/\/gorzelanny.pl\/hotel-chrobry\/wp-content\/plugins\/wpforms-lite\/assets\/images\/submit-spin.svg\" class=\"wpforms-submit-spinner\" style=\"display: none;\" width=\"26\" height=\"26\" alt=\"Wczytywanie\"><\/div><\/form><\/div>  <!-- .wpforms-container -->[vc_row_inner][vc_column_inner][\/vc_column_inner][\/vc_row_inner][\/vc_tta_section][\/vc_tta_accordion][vc_row_inner][vc_column_inner width=&#8221;5\/6&#8243;][vc_empty_space][vc_column_text]<\/p>\n<p style=\"text-align: left;\">\u2744\ufe0f <strong>Ferie zimowe w G\u00f3rach Opawskich<\/strong> to idealny moment, by zwolni\u0107 tempo i zanurzy\u0107 si\u0119 w prawdziwie g\u00f3rskiej atmosferze. Hotel Chrobry zaprasza na wypoczynek, kt\u00f3ry \u0142\u0105czy komfort, relaks i aktywno\u015b\u0107 na \u015bwie\u017cym powietrzu. Na miejscu czeka na Go\u015bci <strong>przytulna strefa wellness z wewn\u0119trznym basenem<\/strong>, a tu\u017c za granic\u0105 \u2014 <strong>liczne stoki narciarskie czeskich Jesionik\u00f3w<\/strong>, znane z doskona\u0142ych warunk\u00f3w i rodzinnej atmosfery. To propozycja dla tych, kt\u00f3rzy chc\u0105 po\u0142\u0105czy\u0107 zimowe szale\u0144stwo z pe\u0142nym odpr\u0119\u017ceniem po aktywnym dniu.<\/p>\n<p>[\/vc_column_text][\/vc_column_inner][vc_column_inner width=&#8221;1\/6&#8243;][vc_single_image image=&#8221;3114&#8243; img_size=&#8221;full&#8221; alignment=&#8221;center&#8221; style=&#8221;vc_box_circle_2&#8243;][\/vc_column_inner][\/vc_row_inner][\/vc_column][\/vc_row][vc_row][vc_column][vc_separator color=&#8221;peacoc&#8221; style=&#8221;dotted&#8221; border_width=&#8221;6&#8243;][vc_column_text]<\/p>\n<p style=\"font-weight: 400;\"><strong>ZAKWATEROWANIE:<\/strong><br \/>\nPokoje (2, 3, 4 os. z \u0142azienkami i tv)<\/p>\n<p><strong>WY\u017bYWIENIE:<\/strong><br \/>\n\ud83d\udd39\u00a0Bardzo smaczne posi\u0142ki kuchni domowej \u2013 2 posi\u0142ki (\u015bniadanie, obiadokolacja) dziennie<br \/>\n\ud83d\udd39\u00a0Pierwszy posi\u0142ek w dniu przyjazdu \u2013 obiadokolacja<br \/>\n\ud83d\udd39\u00a0Ostatni posi\u0142ek w dniu wyjazdu \u2013 \u015bniadanie<\/p>\n<p>[\/vc_column_text][vc_separator color=&#8221;peacoc&#8221; style=&#8221;dotted&#8221; border_width=&#8221;6&#8243;][vc_column_text]<\/p>\n<p style=\"font-weight: 400;\"><strong>Co czeka na Ciebie?<\/strong><br \/>\n\ud83d\udd39\u00a0nocleg<br \/>\n\ud83d\udd39\u00a0dwa posi\u0142ki dziennie w formie szwedzkiego sto\u0142u<br \/>\n\ud83d\udd39\u00a0niespodzianka dla ka\u017cdego dziecka<br \/>\n\ud83d\udd39\u00a0Nielimitowany dost\u0119p do basenu wewn\u0119trznego o wymiarach 11x 8,5 m i g\u0142\u0119boko\u015bci 1,20 m (grzybek, kaskada wodna, \u0142awka jacuzzi)<br \/>\n\ud83d\udd39\u00a0pok\u00f3j zabaw<br \/>\n\ud83d\udd39\u00a0seans bajkowy z popcornem<br \/>\n\ud83d\udd39\u00a0przeja\u017cd\u017cka ciuchci\u0105 po parku Rosenau(uzale\u017cnione od warunk\u00f3w pogodowych)<br \/>\n\ud83d\udd39\u00a0jedno wej\u015bcie do jaskini wilka i nied\u017awiedzia<br \/>\n\ud83d\udd39\u00a0mechaniczne zwierz\u0119ta \u2013 animatronici<br \/>\n\ud83d\udd39\u00a0wej\u015bcie do sztolni z\u0142ota i wykopaliska skarb\u00f3w<br \/>\n\ud83d\udd39\u00a0Kino 7D \u2013 1 seans<br \/>\n\ud83d\udd39\u00a0Trampoliny(uzale\u017cnione od warunk\u00f3w pogodowych)<br \/>\n\ud83d\udd39\u00a0Plac zabaw dla dzieci<br \/>\n\ud83d\udd39\u00a0Jednorazowy wst\u0119p do Dinoparku \u2013 parku linowego z zabezpieczeniem siatkowym dla dzieci od 3 roku \u017cycia (dost\u0119p uzale\u017cniony od warunk\u00f3w pogodowych)<br \/>\n\ud83d\udd39\u00a0GIGAOWADY \u2013 ekspozycja wielkich owad\u00f3w<br \/>\n\ud83d\udd39\u00a0Bezp\u0142atny parking<\/p>\n<p>[\/vc_column_text][stm_spacer height=&#8221;30&#8243;][vc_separator color=&#8221;peacoc&#8221; style=&#8221;dotted&#8221; border_width=&#8221;6&#8243;][vc_custom_heading text=&#8221;\ud83c\udfe8 NOCLEG + 2 POSI\u0141KI (HB) \u2013 189 z\u0142\/doba\/osoba doros\u0142a<\/p>\n<p>\ud83d\udc76 Dzieci do lat 3 \u2013 bezp\u0142atnie<br \/>\n(je\u017celi nie zajmuje dodatkowego \u0142\u00f3\u017cka w pokoju)<br \/>\n\ud83e\uddd2 Pobyt jednego dziecka do lat 10 na dostawce \u2013 GRATIS<br \/>\n(ze \u015bwiadczeniami)<br \/>\n\ud83d\udc67\ud83d\udc66 Pozosta\u0142e dzieci do 10 lat \u2013 150 z\u0142\/doba&#8221; font_container=&#8221;tag:h5|text_align:center|line_height:2&#8243;][vc_separator color=&#8221;peacoc&#8221; style=&#8221;dotted&#8221; border_width=&#8221;6&#8243;][stm_spacer height=&#8221;30&#8243;][\/vc_column][\/vc_row][vc_row][vc_column][vc_column_text css=&#8221;.vc_custom_1769080321169{background-color: #7dbbce !important;border-radius: 3px !important;}&#8221;]<\/p>\n<p style=\"text-align: center;\">Je\u015bli chcesz sp\u0119dzi\u0107 ten wyj\u0105tkowy czas w komfortowych warunkach, skontaktuj si\u0119 z nami:<br \/>\n\ud83d\udcde <a href=\"tel::0048785633087\">785 633 087<\/a> \ud83d\udce7 <a href=\"mailto: hotelchrobry@gorzelanny.pl\">hotelchrobry@gorzelanny.pl<\/a><\/p>\n<p style=\"text-align: center;\">Serdecznie zapraszamy! Czekamy na Ciebie! \u2728<\/p>\n<p>[\/vc_column_text][stm_spacer height=&#8221;30&#8243;][\/vc_column][\/vc_row][vc_row][vc_column][vc_media_grid grid_id=&#8221;vc_gid:1769080427436-26559145-831e-5&#8243; include=&#8221;3590,3591,1268,1134,2307,1275&#8243;][\/vc_column][\/vc_row][vc_row][vc_column][\/vc_column][stm_spacer height=&#8221;30&#8243;][vc_text_separator title=&#8221;STOKI NARCIARSKIE W OKOLICY&#8221; color=&#8221;sky&#8221;][vc_btn title=&#8221;WIDOK Z KAMER NA \u017bYWO NA STOKACH W POBLISKICH JESENIKACH&#8221; color=&#8221;sky&#8221; size=&#8221;lg&#8221; align=&#8221;center&#8221; i_icon_fontawesome=&#8221;stmicon-skiing&#8221; add_icon=&#8221;true&#8221; link=&#8221;url:https%3A%2F%2Fwww.holidayinfo.cz%2Fpl%2Fmapcams|target:_blank&#8221;][vc_separator color=&#8221;sky&#8221;][vc_tta_tabs][vc_tta_section title=&#8221;Zlat\u00e9 Hory &#8211; Doln\u00ed \u00dadol\u00ed&#8221; tab_id=&#8221;1737111167283-1971c66b-31cc&#8221;][vc_single_image image=&#8221;3080&#8243; img_size=&#8221;large&#8221; alignment=&#8221;center&#8221; onclick=&#8221;link_image&#8221;][vc_raw_html]JTNDaWZyYW1lJTIwc3JjJTNEJTIyaHR0cHMlM0ElMkYlMkZ3d3cuZ29vZ2xlLmNvbSUyRm1hcHMlMkZlbWJlZCUzRnBiJTNEJTIxMW0yOCUyMTFtMTIlMjExbTMlMjExZDU3MTUxLjU3Mzk2ODY2MTg1NCUyMTJkMTcuMzc2OTg5NzcyMTYzMTYlMjEzZDUwLjI2MDUxNTYwNDIyMjY1JTIxMm0zJTIxMWYwJTIxMmYwJTIxM2YwJTIxM20yJTIxMWkxMDI0JTIxMmk3NjglMjE0ZjEzLjElMjE0bTEzJTIxM2UwJTIxNG01JTIxMXMweDQ3MTE5NDEyMDA2MDkwOWYlMjUzQTB4ODFlYTAyYmQ4ZTMwNzMyNyUyMTJzUG9rcnp5d25hJTIxM20yJTIxMWQ1MC4yODcxMjI2JTIxMmQxNy40NTMxNDMzJTIxNG01JTIxMXMweDQ3MTE5MmMzNjc0YzNhMjklMjUzQTB4NDc5ZDczY2VlNmY5NzNmOCUyMTJ6VTJ0cFlYSmx3NkZzSUZVZ1VHVnJhVzVoSUMwZ1dteGhkTU9wSUVodmNua3NJRVJ2Ykc3RHJTRERtbVJ2Yk1PdExDQmFiR0YwdzZrZ1NHOXllU0IySUVwbGMyVnV3NjFydzZGamFDd2dRM3BsWTJoNSUyMTNtMiUyMTFkNTAuMjM5Nzg1MyUyMTJkMTcuMzQ3NDIxNSUyMTVlMSUyMTNtMiUyMTFzcGwlMjEyc3BsJTIxNHYxNzM3MTExNzU2NzMzJTIxNW0yJTIxMXNwbCUyMTJzcGwlMjIlMjB3aWR0aCUzRCUyMjEwMCUyNSUyMiUyMGhlaWdodCUzRCUyMjQ1MCUyMiUyMHN0eWxlJTNEJTIyYm9yZGVyJTNBMCUzQiUyMiUyMGFsbG93ZnVsbHNjcmVlbiUzRCUyMiUyMiUyMGxvYWRpbmclM0QlMjJsYXp5JTIyJTIwcmVmZXJyZXJwb2xpY3klM0QlMjJuby1yZWZlcnJlci13aGVuLWRvd25ncmFkZSUyMiUzRSUzQyUyRmlmcmFtZSUzRQ==[\/vc_raw_html][\/vc_tta_section][vc_tta_section title=&#8221;Kop\u0159ivn\u00e1&#8221; tab_id=&#8221;1737111376803-af3f750b-6bf7&#8243;][vc_single_image image=&#8221;3082&#8243; img_size=&#8221;large&#8221; alignment=&#8221;center&#8221; onclick=&#8221;link_image&#8221;][vc_raw_html]JTNDaWZyYW1lJTIwc3JjJTNEJTIyaHR0cHMlM0ElMkYlMkZ3d3cuZ29vZ2xlLmNvbSUyRm1hcHMlMkZlbWJlZCUzRnBiJTNEJTIxMW0yOCUyMTFtMTIlMjExbTMlMjExZDI3MjQyNC4yODI1NjA4OTM5JTIxMmQxNy4yMTE3OTM2NDA0OTM2NTMlMjEzZDUwLjE2MTYxMzQ2MjA1NTk0NiUyMTJtMyUyMTFmMCUyMTJmMCUyMTNmMCUyMTNtMiUyMTFpMTAyNCUyMTJpNzY4JTIxNGYxMy4xJTIxNG0xMyUyMTNlMCUyMTRtNSUyMTFzMHg0NzExOTQxMjAwNjA5MDlmJTI1M0EweDgxZWEwMmJkOGUzMDczMjclMjEyc1Bva3J6eXduYSUyMTNtMiUyMTFkNTAuMjg3MTIyNiUyMTJkMTcuNDUzMTQzMyUyMTRtNSUyMTFzMHg0NzEyMjBiMWY0OWQ5MTNmJTI1M0EweDlmOGU1ZTNhOTEzODkwZjElMjEyelUydHBJRkpsYzI5eWRDQkxiM0RGbVdsMmJzT2hMQ0JOWVd6RG9TQk5iM0xEb1hacllTd2dRM3BsWTJoNSUyMTNtMiUyMTFkNTAuMDM0MDY1MiUyMTJkMTcuMzA4Njc5NSUyMTVlMSUyMTNtMiUyMTFzcGwlMjEyc3BsJTIxNHYxNzM3MTExOTc4ODk3JTIxNW0yJTIxMXNwbCUyMTJzcGwlMjIlMjB3aWR0aCUzRCUyMjEwMCUyNSUyMiUyMGhlaWdodCUzRCUyMjQ1MCUyMiUyMHN0eWxlJTNEJTIyYm9yZGVyJTNBMCUzQiUyMiUyMGFsbG93ZnVsbHNjcmVlbiUzRCUyMiUyMiUyMGxvYWRpbmclM0QlMjJsYXp5JTIyJTIwcmVmZXJyZXJwb2xpY3klM0QlMjJuby1yZWZlcnJlci13aGVuLWRvd25ncmFkZSUyMiUzRSUzQyUyRmlmcmFtZSUzRQ==[\/vc_raw_html][\/vc_tta_section][vc_tta_section title=&#8221;Ramzov\u00e1&#8221; tab_id=&#8221;1737111167314-ca8d46e3-83e8&#8243;][vc_single_image image=&#8221;3081&#8243; img_size=&#8221;large&#8221; alignment=&#8221;right&#8221; onclick=&#8221;link_image&#8221;][vc_raw_html]JTNDaWZyYW1lJTIwc3JjJTNEJTIyaHR0cHMlM0ElMkYlMkZ3d3cuZ29vZ2xlLmNvbSUyRm1hcHMlMkZlbWJlZCUzRnBiJTNEJTIxMW0yOCUyMTFtMTIlMjExbTMlMjExZDEwNDkwMy41MzIwMTA3Njk2MiUyMTJkMTcuMTU0NzQ4Mjk0Mjc5OTA1JTIxM2Q1MC4yMjA5Mjk2MTE5OTY4JTIxMm0zJTIxMWYwJTIxMmYwJTIxM2YwJTIxM20yJTIxMWkxMDI0JTIxMmk3NjglMjE0ZjEzLjElMjE0bTEzJTIxM2UwJTIxNG01JTIxMXMweDQ3MTE5NDEyMDA2MDkwOWYlMjUzQTB4ODFlYTAyYmQ4ZTMwNzMyNyUyMTJzUG9rcnp5d25hJTIxM20yJTIxMWQ1MC4yODcxMjI2JTIxMmQxNy40NTMxNDMzJTIxNG01JTIxMXMweDQ3MTFmMDk0MjgxNmMxYjklMjUzQTB4ZTVhODY5Y2UyMjc4M2Y2ZSUyMTJ6VTJ0cElHRnlaY09oYkNCU1lXMTZiM2JEb1N3Z1VtRnRlbTkydzZFc0lFOXpkSEoxeGI1dXc2RXRWc085WkdWcWJzT3RJRzNEclhOMGJ5QkNjbUZ1YnNPaExDQkRlbVZqYUhrJTIxM20yJTIxMWQ1MC4xOTE4OTYxJTIxMmQxNy4wNjc4NzglMjE1ZTElMjEzbTIlMjExc3BsJTIxMnNwbCUyMTR2MTczNzExMTkyMzg2NSUyMTVtMiUyMTFzcGwlMjEyc3BsJTIyJTIwd2lkdGglM0QlMjIxMDAlMjUlMjIlMjBoZWlnaHQlM0QlMjI0NTAlMjIlMjBzdHlsZSUzRCUyMmJvcmRlciUzQTAlM0IlMjIlMjBhbGxvd2Z1bGxzY3JlZW4lM0QlMjIlMjIlMjBsb2FkaW5nJTNEJTIybGF6eSUyMiUyMHJlZmVycmVycG9saWN5JTNEJTIybm8tcmVmZXJyZXItd2hlbi1kb3duZ3JhZGUlMjIlM0UlM0MlMkZpZnJhbWUlM0U=[\/vc_raw_html][\/vc_tta_section][vc_tta_section title=&#8221;Miroslav &#8211; Lipov\u00e1 L\u00e1zn\u011b&#8221; tab_id=&#8221;1737111524112-85aec3e8-bcf8&#8243;][vc_single_image image=&#8221;3084&#8243; img_size=&#8221;large&#8221; alignment=&#8221;center&#8221; onclick=&#8221;link_image&#8221;][vc_raw_html]JTNDaWZyYW1lJTIwc3JjJTNEJTIyaHR0cHMlM0ElMkYlMkZ3d3cuZ29vZ2xlLmNvbSUyRm1hcHMlMkZlbWJlZCUzRnBiJTNEJTIxMW0yOCUyMTFtMTIlMjExbTMlMjExZDEzNTkwMi42NjQ5NzkzMjg0NiUyMTJkMTcuMTkxNTQxNDM2NTkwMTclMjEzZDUwLjI3MDEzNDk5NzUxODk2NiUyMTJtMyUyMTFmMCUyMTJmMCUyMTNmMCUyMTNtMiUyMTFpMTAyNCUyMTJpNzY4JTIxNGYxMy4xJTIxNG0xMyUyMTNlMCUyMTRtNSUyMTFzMHg0NzExOTQxMjAwNjA5MDlmJTI1M0EweDgxZWEwMmJkOGUzMDczMjclMjEyc1Bva3J6eXduYSUyMTNtMiUyMTFkNTAuMjg3MTIyNiUyMTJkMTcuNDUzMTQzMyUyMTRtNSUyMTFzMHg0NzExZjA3M2RiYThjMzM1JTI1M0EweDQzZDdjYWQ0YTg4ZWZiZTclMjEyc1NraSUyNTIwY2VudGVyJTI1MjBNaXJvc2xhdiUyNTJDJTI1MjBMaXBvdiUyNUMzJTI1QTEtbCUyNUMzJTI1QTF6biUyNUM0JTI1OUIlMjUyMDElMjUyQyUyNTIwQ3plY2h5JTIxM20yJTIxMWQ1MC4yMTkxNTUwOTk5OTk5OTUlMjEyZDE3LjEyNTgyNzYlMjE1ZTElMjEzbTIlMjExc3BsJTIxMnNwbCUyMTR2MTczNzExMjA2MTgzMiUyMTVtMiUyMTFzcGwlMjEyc3BsJTIyJTIwd2lkdGglM0QlMjIxMDAlMjUlMjIlMjBoZWlnaHQlM0QlMjI0NTAlMjIlMjBzdHlsZSUzRCUyMmJvcmRlciUzQTAlM0IlMjIlMjBhbGxvd2Z1bGxzY3JlZW4lM0QlMjIlMjIlMjBsb2FkaW5nJTNEJTIybGF6eSUyMiUyMHJlZmVycmVycG9saWN5JTNEJTIybm8tcmVmZXJyZXItd2hlbi1kb3duZ3JhZGUlMjIlM0UlM0MlMkZpZnJhbWUlM0U=[\/vc_raw_html][\/vc_tta_section][vc_tta_section title=&#8221;Filipovice&#8221; tab_id=&#8221;1737111429802-ace07297-e603&#8243;][vc_single_image image=&#8221;3083&#8243; img_size=&#8221;large&#8221; alignment=&#8221;center&#8221; onclick=&#8221;link_image&#8221;][vc_raw_html]JTNDaWZyYW1lJTIwc3JjJTNEJTIyaHR0cHMlM0ElMkYlMkZ3d3cuZ29vZ2xlLmNvbSUyRm1hcHMlMkZlbWJlZCUzRnBiJTNEJTIxMW0yOCUyMTFtMTIlMjExbTMlMjExZDI3MjEzNy40MTM0NzYxMDY1NCUyMTJkMTcuMTQ2OTc2MTk3NjQwMDU0JTIxM2Q1MC4yMTE5MzE3Njc5MjM1MSUyMTJtMyUyMTFmMCUyMTJmMCUyMTNmMCUyMTNtMiUyMTFpMTAyNCUyMTJpNzY4JTIxNGYxMy4xJTIxNG0xMyUyMTNlMCUyMTRtNSUyMTFzMHg0NzExOTQxMjAwNjA5MDlmJTI1M0EweDgxZWEwMmJkOGUzMDczMjclMjEyc1Bva3J6eXduYSUyMTNtMiUyMTFkNTAuMjg3MTIyNiUyMTJkMTcuNDUzMTQzMyUyMTRtNSUyMTFzMHg0NzExZjNmNDIxNjAyOWY1JTI1M0EweDM2Zjc4NzZkMzA2ZWRiZTQlMjEyc1NLSSUyNTIwQVJFTkElMjUyMEZJTElQT1ZJQ0UlMjUyQyUyNTIwRmlsaXBvdmljZSUyNTJDJTI1MjBTa2lwYXJrLUplc2VuJTI1QzMlMjVBRGslMjUyMDElMjUyQyUyNTIwQ3plY2h5JTIxM20yJTIxMWQ1MC4xNTUzNjIyJTIxMmQxNy4xNzAzMzk3JTIxNWUxJTIxM20yJTIxMXNwbCUyMTJzcGwlMjE0djE3MzcxMTIwMjI1ODIlMjE1bTIlMjExc3BsJTIxMnNwbCUyMiUyMHdpZHRoJTNEJTIyMTAwJTI1JTIyJTIwaGVpZ2h0JTNEJTIyNDUwJTIyJTIwc3R5bGUlM0QlMjJib3JkZXIlM0EwJTNCJTIyJTIwYWxsb3dmdWxsc2NyZWVuJTNEJTIyJTIyJTIwbG9hZGluZyUzRCUyMmxhenklMjIlMjByZWZlcnJlcnBvbGljeSUzRCUyMm5vLXJlZmVycmVyLXdoZW4tZG93bmdyYWRlJTIyJTNFJTNDJTJGaWZyYW1lJTNF[\/vc_raw_html][\/vc_tta_section][\/vc_tta_tabs][vc_column][\/vc_column][\/vc_row][vc_row full_width=&#8221;stretch_row_content_no_spaces&#8221; shadow_x_offset=&#8221;0&#8243; shadow_y_offset=&#8221;0&#8243; shadow_blur=&#8221;0&#8243; shadow_spread=&#8221;0&#8243; shadow_color=&#8221;&#8221;][vc_column][vc_empty_space][vc_empty_space height=&#8221;80px&#8221;][vc_separator border_width=&#8221;8&#8243;][vc_column_text css_animation=&#8221;fadeIn&#8221; css=&#8221;.vc_custom_1768996757911{border-radius: 10px !important;}&#8221;]<\/p>\n<h3 style=\"text-align: center;\"><strong>Nie zwlekaj &#8211; zarezerwuj sw\u00f3j pobyt ju\u017c dzi\u015b i pozw\u00f3l sobie na wyj\u0105tkowy wypoczynek.<\/strong><\/h3>\n<h3 style=\"text-align: center;\">\ud83d\udcde\u00a0<a href=\"tel::0048785633087\">785 633 087<\/a>\u00a0\u00a0\ud83d\udce7\u00a0<a href=\"mailto: hotelchrobry@gorzelanny.pl\">hotelchrobry@gorzelanny.pl<\/a><\/h3>\n<h3 style=\"text-align: center;\">Serdecznie zapraszamy! Czekamy na Ciebie! \u2728<\/h3>\n<p>[\/vc_column_text][vc_separator border_width=&#8221;5&#8243;][vc_custom_heading text=&#8221;SPRAWD\u0179 POZOSTA\u0141E OFERTY&#8221; font_container=&#8221;tag:h2|text_align:center&#8221; google_fonts=&#8221;font_family:Orienta%3Aregular|font_style:400%20regular%3A400%3Anormal&#8221; css_animation=&#8221;fadeIn&#8221;][vc_basic_grid post_type=&#8221;page&#8221; max_items=&#8221;100&#8243; style=&#8221;pagination&#8221; items_per_page=&#8221;4&#8243; element_width=&#8221;3&#8243; gap=&#8221;10&#8243; orderby=&#8221;menu_order&#8221; order=&#8221;ASC&#8221; arrows_design=&#8221;vc_arrow-icon-arrow_01_left&#8221; arrows_color=&#8221;mulled_wine&#8221; paging_design=&#8221;none&#8221; loop=&#8221;yes&#8221; autoplay=&#8221;4&#8243; item=&#8221;masonryGrid_Default&#8221; grid_id=&#8221;vc_gid:1769080427446-a79e1664-e63c-9&#8243; taxonomies=&#8221;43&#8243;][\/vc_column][\/vc_row]<\/p>\n","protected":false},"excerpt":{"rendered":"<p>[vc_row][vc_column parallax=&#8221;content-moving&#8221; shadow_x_offset=&#8221;0&#8243; shadow_y_offset=&#8221;0&#8243; shadow_blur=&#8221;0&#8243; shadow_spread=&#8221;0&#8243; shadow_color=&#8221;&#8221;][vc_tta_accordion color=&#8221;peacoc&#8221; c_align=&#8221;center&#8221; active_section=&#8221;&#8221;][vc_tta_section i_icon_fontawesome=&#8221;stmicon-hotel&#8221; add_icon=&#8221;true&#8221; title=&#8221;KLIKNIJ I ZAREZERWUJ POBYT&#8221; tab_id=&#8221;1607808799803-b36afb86-776e&#8221;][vc_row_inner][vc_column_inner][\/vc_column_inner][\/vc_row_inner][\/vc_tta_section][\/vc_tta_accordion][vc_row_inner][vc_column_inner width=&#8221;5\/6&#8243;][vc_empty_space][vc_column_text] \u2744\ufe0f Ferie zimowe w G\u00f3rach Opawskich to idealny moment, by zwolni\u0107 tempo i zanurzy\u0107 si\u0119 w prawdziwie g\u00f3rskiej atmosferze. Hotel Chrobry zaprasza na wypoczynek, kt\u00f3ry \u0142\u0105czy komfort, relaks i aktywno\u015b\u0107 na \u015bwie\u017cym powietrzu. Na miejscu czeka na [&hellip;]<\/p>\n","protected":false},"author":1,"featured_media":4060,"parent":0,"menu_order":0,"comment_status":"closed","ping_status":"closed","template":"","meta":{"om_disable_all_campaigns":false,"footnotes":""},"class_list":["post-3111","page","type-page","status-publish","has-post-thumbnail","hentry"],"_links":{"self":[{"href":"https:\/\/gorzelanny.pl\/hotel-chrobry\/wp-json\/wp\/v2\/pages\/3111","targetHints":{"allow":["GET"]}}],"collection":[{"href":"https:\/\/gorzelanny.pl\/hotel-chrobry\/wp-json\/wp\/v2\/pages"}],"about":[{"href":"https:\/\/gorzelanny.pl\/hotel-chrobry\/wp-json\/wp\/v2\/types\/page"}],"author":[{"embeddable":true,"href":"https:\/\/gorzelanny.pl\/hotel-chrobry\/wp-json\/wp\/v2\/users\/1"}],"replies":[{"embeddable":true,"href":"https:\/\/gorzelanny.pl\/hotel-chrobry\/wp-json\/wp\/v2\/comments?post=3111"}],"version-history":[{"count":15,"href":"https:\/\/gorzelanny.pl\/hotel-chrobry\/wp-json\/wp\/v2\/pages\/3111\/revisions"}],"predecessor-version":[{"id":4059,"href":"https:\/\/gorzelanny.pl\/hotel-chrobry\/wp-json\/wp\/v2\/pages\/3111\/revisions\/4059"}],"wp:featuredmedia":[{"embeddable":true,"href":"https:\/\/gorzelanny.pl\/hotel-chrobry\/wp-json\/wp\/v2\/media\/4060"}],"wp:attachment":[{"href":"https:\/\/gorzelanny.pl\/hotel-chrobry\/wp-json\/wp\/v2\/media?parent=3111"}],"curies":[{"name":"wp","href":"https:\/\/api.w.org\/{rel}","templated":true}]}}