{"id":3451,"date":"2025-05-07T14:24:14","date_gmt":"2025-05-07T12:24:14","guid":{"rendered":"https:\/\/gorzelanny.pl\/hotel-chrobry\/?page_id=3451"},"modified":"2025-05-07T14:47:32","modified_gmt":"2025-05-07T12:47:32","slug":"wypozyczalnia-rowerow","status":"publish","type":"page","link":"https:\/\/gorzelanny.pl\/hotel-chrobry\/wypozyczalnia-rowerow\/","title":{"rendered":"WYPO\u017bYCZALNIA ROWER\u00d3W"},"content":{"rendered":"<p>[vc_row][vc_column width=&#8221;2\/3&#8243;][vc_empty_space height=&#8221;30px&#8221;][vc_column_text]Dla wygody i satysfakcji naszych Go\u015bci hotelowych przygotowali\u015bmy profesjonaln\u0105 wypo\u017cyczalni\u0119 rower\u00f3w. Oferujemy nowoczesne, regularnie serwisowane rowery, kt\u00f3re gwarantuj\u0105 bezpiecze\u0144stwo oraz komfort jazdy. Dzi\u0119ki ich solidnej konstrukcji doskonale sprawdzaj\u0105 si\u0119 zar\u00f3wno na spokojnych trasach, jak i wymagaj\u0105cych terenach g\u00f3rskich czy le\u015bnych \u015bcie\u017ckach.[\/vc_column_text][vc_column_text]<strong>Nasza wypo\u017cyczalnia to idealne rozwi\u0105zanie dla tych, kt\u00f3rzy pragn\u0105 aktywnie sp\u0119dzi\u0107 czas, odkrywa\u0107 malownicze zak\u0105tki okolicy lub po prostu cieszy\u0107 si\u0119 \u015bwie\u017cym powietrzem i wolno\u015bci\u0105, jak\u0105 daje jazda na rowerze.<\/strong>[\/vc_column_text][\/vc_column][vc_column width=&#8221;1\/3&#8243;][vc_single_image image=&#8221;3458&#8243; img_size=&#8221;full&#8221; alignment=&#8221;center&#8221; style=&#8221;vc_box_circle_2&#8243;][\/vc_column][\/vc_row][vc_row][vc_column][vc_empty_space height=&#8221;60px&#8221;][vc_single_image image=&#8221;1874&#8243; img_size=&#8221;full&#8221; alignment=&#8221;center&#8221; style=&#8221;vc_box_rounded&#8221;][vc_separator color=&#8221;green&#8221; style=&#8221;dashed&#8221; border_width=&#8221;3&#8243;][vc_custom_heading text=&#8221;Cennik wypo\u017cyczenia dla Go\u015bci hotelowych:<br \/>\n1 godzina \u2013 10 z\u0142   |   ca\u0142y dzie\u0144 \u2013 60 z\u0142&#8221; font_container=&#8221;tag:h3|text_align:center&#8221; google_fonts=&#8221;font_family:Cantarell%3Aregular%2Citalic%2C700%2C700italic|font_style:700%20bold%20regular%3A700%3Anormal&#8221;][vc_separator color=&#8221;green&#8221; style=&#8221;dashed&#8221; border_width=&#8221;3&#8243;][vc_custom_heading text=&#8221;Serdecznie zapraszamy do skorzystania z naszej oferty i \u017cyczymy niezapomnianych rowerowych przyg\u00f3d! \ud83d\udeb4\u200d\u2642\ufe0f\ud83c\udf3f&#8221; font_container=&#8221;tag:h3|text_align:center&#8221; google_fonts=&#8221;font_family:Cantarell%3Aregular%2Citalic%2C700%2C700italic|font_style:700%20bold%20regular%3A700%3Anormal&#8221;][\/vc_column][\/vc_row]<\/p>\n","protected":false},"excerpt":{"rendered":"<p>[vc_row][vc_column width=&#8221;2\/3&#8243;][vc_empty_space height=&#8221;30px&#8221;][vc_column_text]Dla wygody i satysfakcji naszych Go\u015bci hotelowych przygotowali\u015bmy profesjonaln\u0105 wypo\u017cyczalni\u0119 rower\u00f3w. Oferujemy nowoczesne, regularnie serwisowane rowery, kt\u00f3re gwarantuj\u0105 bezpiecze\u0144stwo oraz komfort jazdy. Dzi\u0119ki ich solidnej konstrukcji doskonale sprawdzaj\u0105 si\u0119 zar\u00f3wno na spokojnych trasach, jak i wymagaj\u0105cych terenach g\u00f3rskich czy le\u015bnych \u015bcie\u017ckach.[\/vc_column_text][vc_column_text]Nasza wypo\u017cyczalnia to idealne rozwi\u0105zanie dla tych, kt\u00f3rzy pragn\u0105 aktywnie sp\u0119dzi\u0107 czas, odkrywa\u0107 [&hellip;]<\/p>\n","protected":false},"author":1,"featured_media":0,"parent":0,"menu_order":0,"comment_status":"closed","ping_status":"closed","template":"","meta":{"om_disable_all_campaigns":false,"footnotes":""},"class_list":["post-3451","page","type-page","status-publish","hentry"],"_links":{"self":[{"href":"https:\/\/gorzelanny.pl\/hotel-chrobry\/wp-json\/wp\/v2\/pages\/3451","targetHints":{"allow":["GET"]}}],"collection":[{"href":"https:\/\/gorzelanny.pl\/hotel-chrobry\/wp-json\/wp\/v2\/pages"}],"about":[{"href":"https:\/\/gorzelanny.pl\/hotel-chrobry\/wp-json\/wp\/v2\/types\/page"}],"author":[{"embeddable":true,"href":"https:\/\/gorzelanny.pl\/hotel-chrobry\/wp-json\/wp\/v2\/users\/1"}],"replies":[{"embeddable":true,"href":"https:\/\/gorzelanny.pl\/hotel-chrobry\/wp-json\/wp\/v2\/comments?post=3451"}],"version-history":[{"count":8,"href":"https:\/\/gorzelanny.pl\/hotel-chrobry\/wp-json\/wp\/v2\/pages\/3451\/revisions"}],"predecessor-version":[{"id":3461,"href":"https:\/\/gorzelanny.pl\/hotel-chrobry\/wp-json\/wp\/v2\/pages\/3451\/revisions\/3461"}],"wp:attachment":[{"href":"https:\/\/gorzelanny.pl\/hotel-chrobry\/wp-json\/wp\/v2\/media?parent=3451"}],"curies":[{"name":"wp","href":"https:\/\/api.w.org\/{rel}","templated":true}]}}