{"id":3463,"date":"2025-05-07T14:49:47","date_gmt":"2025-05-07T12:49:47","guid":{"rendered":"https:\/\/gorzelanny.pl\/hotel-chrobry\/?page_id=3463"},"modified":"2025-05-07T15:12:07","modified_gmt":"2025-05-07T13:12:07","slug":"kregielnia","status":"publish","type":"page","link":"https:\/\/gorzelanny.pl\/hotel-chrobry\/kregielnia\/","title":{"rendered":"KR\u0118GIELNIA"},"content":{"rendered":"<p>[vc_row][vc_column width=&#8221;2\/3&#8243;][vc_empty_space][vc_column_text]\ud83c\udf89 <strong>Zapraszamy do skorzystania z 2-torowej kr\u0119gielni w Hotelu Chrobry!<\/strong> \ud83c\udfb3 To idealne miejsce na <strong>wiecz\u00f3r pe\u0142en emocji<\/strong>, zar\u00f3wno dla mi\u0142o\u015bnik\u00f3w rywalizacji \ud83e\udd29, jak i tych, kt\u00f3rzy ceni\u0105 <strong>dobr\u0105 zabaw\u0119<\/strong> w gronie rodziny \ud83d\udc68\u200d\ud83d\udc69\u200d\ud83d\udc67\u200d\ud83d\udc66 czy przyjaci\u00f3\u0142 \ud83d\udc6b.[\/vc_column_text][vc_column_text]\ud83c\udfb3 Niezale\u017cnie od tego, czy jeste\u015b <strong>do\u015bwiadczonym graczem<\/strong> \ud83c\udfc6, czy dopiero <strong>stawiasz pierwsze kroki<\/strong> \ud83d\udc63 w \u015bwiecie kr\u0119gli, nasze tory dostarcz\u0105 Ci <strong>mn\u00f3stwo frajdy i adrenaliny<\/strong>! \u26a1 Po zako\u0144czonym meczu zapraszamy do <strong>hotelowej restauracji<\/strong> \ud83c\udf7d, gdzie mo\u017cna odpr\u0119\u017cy\u0107 si\u0119 przy <strong>wy\u015bmienitym posi\u0142ku<\/strong> i om\u00f3wi\u0107 emocjonuj\u0105ce pojedynki.[\/vc_column_text][\/vc_column][vc_column width=&#8221;1\/3&#8243;][vc_single_image image=&#8221;3466&#8243; img_size=&#8221;large&#8221; alignment=&#8221;center&#8221; style=&#8221;vc_box_circle_2&#8243;][\/vc_column][\/vc_row][vc_row][vc_column][vc_empty_space][vc_media_grid item=&#8221;mediaGrid_ScaleInWithIcon&#8221; initial_loading_animation=&#8221;bounce&#8221; grid_id=&#8221;vc_gid:1746622906218-eb6f3d13-2174-7&#8243; include=&#8221;3473,3474,3476&#8243;][vc_empty_space height=&#8221;60px&#8221;][vc_separator color=&#8221;green&#8221; style=&#8221;dashed&#8221; border_width=&#8221;3&#8243;][vc_custom_heading text=&#8221;\ud83d\udccd Serdecznie zapraszamy do sp\u0119dzenia niezapomnianych chwil przy kr\u0119glach! \ud83c\udf8a&#8221; font_container=&#8221;tag:h3|text_align:center&#8221; google_fonts=&#8221;font_family:Cantarell%3Aregular%2Citalic%2C700%2C700italic|font_style:700%20bold%20regular%3A700%3Anormal&#8221;][vc_separator color=&#8221;green&#8221; style=&#8221;dashed&#8221; border_width=&#8221;3&#8243;][\/vc_column][\/vc_row]<\/p>\n","protected":false},"excerpt":{"rendered":"<p>[vc_row][vc_column width=&#8221;2\/3&#8243;][vc_empty_space][vc_column_text]\ud83c\udf89 Zapraszamy do skorzystania z 2-torowej kr\u0119gielni w Hotelu Chrobry! \ud83c\udfb3 To idealne miejsce na wiecz\u00f3r pe\u0142en emocji, zar\u00f3wno dla mi\u0142o\u015bnik\u00f3w rywalizacji \ud83e\udd29, jak i tych, kt\u00f3rzy ceni\u0105 dobr\u0105 zabaw\u0119 w gronie rodziny \ud83d\udc68\u200d\ud83d\udc69\u200d\ud83d\udc67\u200d\ud83d\udc66 czy przyjaci\u00f3\u0142 \ud83d\udc6b.[\/vc_column_text][vc_column_text]\ud83c\udfb3 Niezale\u017cnie od tego, czy jeste\u015b do\u015bwiadczonym graczem \ud83c\udfc6, czy dopiero stawiasz pierwsze kroki \ud83d\udc63 w \u015bwiecie kr\u0119gli, [&hellip;]<\/p>\n","protected":false},"author":1,"featured_media":0,"parent":0,"menu_order":0,"comment_status":"closed","ping_status":"closed","template":"","meta":{"om_disable_all_campaigns":false,"footnotes":""},"class_list":["post-3463","page","type-page","status-publish","hentry"],"_links":{"self":[{"href":"https:\/\/gorzelanny.pl\/hotel-chrobry\/wp-json\/wp\/v2\/pages\/3463","targetHints":{"allow":["GET"]}}],"collection":[{"href":"https:\/\/gorzelanny.pl\/hotel-chrobry\/wp-json\/wp\/v2\/pages"}],"about":[{"href":"https:\/\/gorzelanny.pl\/hotel-chrobry\/wp-json\/wp\/v2\/types\/page"}],"author":[{"embeddable":true,"href":"https:\/\/gorzelanny.pl\/hotel-chrobry\/wp-json\/wp\/v2\/users\/1"}],"replies":[{"embeddable":true,"href":"https:\/\/gorzelanny.pl\/hotel-chrobry\/wp-json\/wp\/v2\/comments?post=3463"}],"version-history":[{"count":12,"href":"https:\/\/gorzelanny.pl\/hotel-chrobry\/wp-json\/wp\/v2\/pages\/3463\/revisions"}],"predecessor-version":[{"id":3482,"href":"https:\/\/gorzelanny.pl\/hotel-chrobry\/wp-json\/wp\/v2\/pages\/3463\/revisions\/3482"}],"wp:attachment":[{"href":"https:\/\/gorzelanny.pl\/hotel-chrobry\/wp-json\/wp\/v2\/media?parent=3463"}],"curies":[{"name":"wp","href":"https:\/\/api.w.org\/{rel}","templated":true}]}}