{"id":3483,"date":"2025-05-07T15:13:44","date_gmt":"2025-05-07T13:13:44","guid":{"rendered":"https:\/\/gorzelanny.pl\/hotel-chrobry\/?page_id=3483"},"modified":"2025-05-08T13:37:08","modified_gmt":"2025-05-08T11:37:08","slug":"sala-zabaw","status":"publish","type":"page","link":"https:\/\/gorzelanny.pl\/hotel-chrobry\/sala-zabaw\/","title":{"rendered":"SALA ZABAW"},"content":{"rendered":"<p>[vc_row][vc_column width=&#8221;2\/3&#8243;][vc_column_text]Z my\u015bl\u0105 o najm\u0142odszych Go\u015bciach przygotowali\u015bmy <strong>kolorowy i bezpieczny pok\u00f3j zabaw<\/strong>, kt\u00f3ry zapewni dzieciom mn\u00f3stwo rado\u015bci i kreatywnej rozrywki! \ud83e\uddf8\ud83c\udfa8[\/vc_column_text][vc_column_text]\ud83e\udde9 <strong>W pokoju zabaw znajdziesz:<\/strong><\/p>\n<p>\u2705 Zabawki rozwijaj\u0105ce wyobra\u017ani\u0119 \ud83e\udd16<\/p>\n<p>\u2705 Gry planszowe dla ca\u0142ej rodziny \ud83c\udfb2<\/p>\n<p>\u2705 Klocki do budowania niezwyk\u0142ych konstrukcji \ud83c\udfd7<\/p>\n<p>\u2705 Tablic\u0119 magnetyczn\u0105 do rysowania i nauki \u270f\ufe0f<\/p>\n<p>\u2705 TV z bajkami, kt\u00f3re umil\u0105 czas \ud83d\udcfa\u2728<\/p>\n<p>\u2705 Pi\u0142karzyki dla ma\u0142ych i du\u017cych mi\u0142o\u015bnik\u00f3w rywalizacji \u26bd<\/p>\n<p>&#8230; i wiele innych niespodzianek! \ud83c\udf89[\/vc_column_text][\/vc_column][vc_column width=&#8221;1\/3&#8243;][vc_empty_space height=&#8221;60px&#8221;][vc_single_image image=&#8221;3487&#8243; img_size=&#8221;full&#8221; alignment=&#8221;center&#8221; style=&#8221;vc_box_circle_2&#8243;][\/vc_column][\/vc_row][vc_row][vc_column][vc_media_grid grid_id=&#8221;vc_gid:1746704150750-91429eca-3c4f-2&#8243; include=&#8221;3493,3494,3495&#8243;][vc_empty_space][vc_separator color=&#8221;green&#8221; style=&#8221;dashed&#8221; border_width=&#8221;3&#8243;][vc_custom_heading text=&#8221;Nielimitowany dost\u0119p w godzinach 8:00-20:00 pozwala maluchom na swobodn\u0105 zabaw\u0119, a rodzicom na chwil\u0119 wytchnienia. \ud83c\udf1e&#8221; font_container=&#8221;tag:h3|text_align:center&#8221; google_fonts=&#8221;font_family:Cantarell%3Aregular%2Citalic%2C700%2C700italic|font_style:700%20bold%20regular%3A700%3Anormal&#8221;][vc_separator color=&#8221;green&#8221; style=&#8221;dashed&#8221; border_width=&#8221;3&#8243;][\/vc_column][\/vc_row]<\/p>\n","protected":false},"excerpt":{"rendered":"<p>[vc_row][vc_column width=&#8221;2\/3&#8243;][vc_column_text]Z my\u015bl\u0105 o najm\u0142odszych Go\u015bciach przygotowali\u015bmy kolorowy i bezpieczny pok\u00f3j zabaw, kt\u00f3ry zapewni dzieciom mn\u00f3stwo rado\u015bci i kreatywnej rozrywki! \ud83e\uddf8\ud83c\udfa8[\/vc_column_text][vc_column_text]\ud83e\udde9 W pokoju zabaw znajdziesz: \u2705 Zabawki rozwijaj\u0105ce wyobra\u017ani\u0119 \ud83e\udd16 \u2705 Gry planszowe dla ca\u0142ej rodziny \ud83c\udfb2 \u2705 Klocki do budowania niezwyk\u0142ych konstrukcji \ud83c\udfd7 \u2705 Tablic\u0119 magnetyczn\u0105 do rysowania i nauki \u270f\ufe0f \u2705 TV z [&hellip;]<\/p>\n","protected":false},"author":1,"featured_media":0,"parent":0,"menu_order":0,"comment_status":"closed","ping_status":"closed","template":"","meta":{"om_disable_all_campaigns":false,"footnotes":""},"class_list":["post-3483","page","type-page","status-publish","hentry"],"_links":{"self":[{"href":"https:\/\/gorzelanny.pl\/hotel-chrobry\/wp-json\/wp\/v2\/pages\/3483","targetHints":{"allow":["GET"]}}],"collection":[{"href":"https:\/\/gorzelanny.pl\/hotel-chrobry\/wp-json\/wp\/v2\/pages"}],"about":[{"href":"https:\/\/gorzelanny.pl\/hotel-chrobry\/wp-json\/wp\/v2\/types\/page"}],"author":[{"embeddable":true,"href":"https:\/\/gorzelanny.pl\/hotel-chrobry\/wp-json\/wp\/v2\/users\/1"}],"replies":[{"embeddable":true,"href":"https:\/\/gorzelanny.pl\/hotel-chrobry\/wp-json\/wp\/v2\/comments?post=3483"}],"version-history":[{"count":4,"href":"https:\/\/gorzelanny.pl\/hotel-chrobry\/wp-json\/wp\/v2\/pages\/3483\/revisions"}],"predecessor-version":[{"id":3496,"href":"https:\/\/gorzelanny.pl\/hotel-chrobry\/wp-json\/wp\/v2\/pages\/3483\/revisions\/3496"}],"wp:attachment":[{"href":"https:\/\/gorzelanny.pl\/hotel-chrobry\/wp-json\/wp\/v2\/media?parent=3483"}],"curies":[{"name":"wp","href":"https:\/\/api.w.org\/{rel}","templated":true}]}}