{"id":3601,"date":"2025-06-06T10:15:32","date_gmt":"2025-06-06T08:15:32","guid":{"rendered":"https:\/\/gorzelanny.pl\/hotel-chrobry\/?page_id=3601"},"modified":"2026-01-21T13:42:09","modified_gmt":"2026-01-21T12:42:09","slug":"dla-sportowcow","status":"publish","type":"page","link":"https:\/\/gorzelanny.pl\/hotel-chrobry\/dla-sportowcow\/","title":{"rendered":"DLA SPORTOWC\u00d3W"},"content":{"rendered":"<p>[vc_row][vc_column][vc_tta_accordion color=&#8221;sandy-brown&#8221; c_align=&#8221;center&#8221; active_section=&#8221;&#8221;][vc_tta_section i_icon_fontawesome=&#8221;stmicon-hotel&#8221; add_icon=&#8221;true&#8221; title=&#8221;KLIKNIJ I ZAREZERWUJ POBYT&#8221; tab_id=&#8221;1607808799803-b36afb86-776e&#8221;]<div class=\"wpforms-container wpforms-container-full wpforms-render-modern\" id=\"wpforms-2532\"><form id=\"wpforms-form-2532\" class=\"wpforms-validate wpforms-form wpforms-ajax-form\" data-formid=\"2532\" method=\"post\" enctype=\"multipart\/form-data\" action=\"\/hotel-chrobry\/wp-json\/wp\/v2\/pages\/3601\" data-token=\"3cc2de7148bee07f8e02693ade3acdef\" data-token-time=\"1778651585\"><noscript class=\"wpforms-error-noscript\">Aby wype\u0142ni\u0107 ten formularz, w\u0142\u0105cz obs\u0142ug\u0119 JavaScript w przegl\u0105darce.<\/noscript><div class=\"wpforms-hidden\" id=\"wpforms-error-noscript\">Aby wype\u0142ni\u0107 ten formularz, w\u0142\u0105cz obs\u0142ug\u0119 JavaScript w przegl\u0105darce.<\/div><div class=\"wpforms-field-container\"><div id=\"wpforms-2532-field_0-container\" class=\"wpforms-field wpforms-field-name\" data-field-id=\"0\"><fieldset><legend class=\"wpforms-field-label\">Imi\u0119 i nazwisko <span class=\"wpforms-required-label\" aria-hidden=\"true\">*<\/span><\/legend><div class=\"wpforms-field-row wpforms-field-medium\"><div class=\"wpforms-field-row-block wpforms-first wpforms-one-half\"><input type=\"text\" id=\"wpforms-2532-field_0\" class=\"wpforms-field-name-first wpforms-field-required\" name=\"wpforms[fields][0][first]\" aria-errormessage=\"wpforms-2532-field_0-error\" required><label for=\"wpforms-2532-field_0\" class=\"wpforms-field-sublabel after\">Imi\u0119<\/label><\/div><div class=\"wpforms-field-row-block wpforms-one-half\"><input type=\"text\" id=\"wpforms-2532-field_0-last\" class=\"wpforms-field-name-last wpforms-field-required\" name=\"wpforms[fields][0][last]\" aria-errormessage=\"wpforms-2532-field_0-last-error\" required><label for=\"wpforms-2532-field_0-last\" class=\"wpforms-field-sublabel after\">Nazwisko<\/label><\/div><\/div><\/fieldset><\/div><div id=\"wpforms-2532-field_1-container\" class=\"wpforms-field wpforms-field-email\" data-field-id=\"1\"><label class=\"wpforms-field-label\" for=\"wpforms-2532-field_1\">E-mail <span class=\"wpforms-required-label\" aria-hidden=\"true\">*<\/span><\/label><input type=\"email\" id=\"wpforms-2532-field_1\" class=\"wpforms-field-medium wpforms-field-required\" name=\"wpforms[fields][1]\" spellcheck=\"false\" aria-errormessage=\"wpforms-2532-field_1-error\" required><\/div><div id=\"wpforms-2532-field_4-container\" class=\"wpforms-field wpforms-field-checkbox\" data-field-id=\"4\"><fieldset><legend class=\"wpforms-field-label\">Wybierz ofert\u0119 specjaln\u0105 <span class=\"wpforms-required-label\" aria-hidden=\"true\">*<\/span><\/legend><ul id=\"wpforms-2532-field_4\" class=\"wpforms-field-required\" data-choice-limit=\"1\"><li class=\"choice-9 depth-1\"><input type=\"checkbox\" id=\"wpforms-2532-field_4_9\" data-rule-check-limit=\"true\" name=\"wpforms[fields][4][]\" value=\"LAST MINUTE\" aria-errormessage=\"wpforms-2532-field_4_9-error\" required ><label class=\"wpforms-field-label-inline\" for=\"wpforms-2532-field_4_9\">LAST MINUTE<\/label><\/li><li class=\"choice-1 depth-1\"><input type=\"checkbox\" id=\"wpforms-2532-field_4_1\" data-rule-check-limit=\"true\" name=\"wpforms[fields][4][]\" value=\"Bo\u017ce Narodzenie\" aria-errormessage=\"wpforms-2532-field_4_1-error\" required ><label class=\"wpforms-field-label-inline\" for=\"wpforms-2532-field_4_1\">Bo\u017ce Narodzenie<\/label><\/li><li class=\"choice-2 depth-1\"><input type=\"checkbox\" id=\"wpforms-2532-field_4_2\" data-rule-check-limit=\"true\" name=\"wpforms[fields][4][]\" value=\"Wielkanoc\" aria-errormessage=\"wpforms-2532-field_4_2-error\" required ><label class=\"wpforms-field-label-inline\" for=\"wpforms-2532-field_4_2\">Wielkanoc<\/label><\/li><li class=\"choice-3 depth-1\"><input type=\"checkbox\" id=\"wpforms-2532-field_4_3\" data-rule-check-limit=\"true\" name=\"wpforms[fields][4][]\" value=\"Maj\u00f3wka\" aria-errormessage=\"wpforms-2532-field_4_3-error\" required ><label class=\"wpforms-field-label-inline\" for=\"wpforms-2532-field_4_3\">Maj\u00f3wka<\/label><\/li><li class=\"choice-8 depth-1\"><input type=\"checkbox\" id=\"wpforms-2532-field_4_8\" data-rule-check-limit=\"true\" name=\"wpforms[fields][4][]\" value=\"Wczasy w g\u00f3rach\" aria-errormessage=\"wpforms-2532-field_4_8-error\" required ><label class=\"wpforms-field-label-inline\" for=\"wpforms-2532-field_4_8\">Wczasy w g\u00f3rach<\/label><\/li><li class=\"choice-7 depth-1\"><input type=\"checkbox\" id=\"wpforms-2532-field_4_7\" data-rule-check-limit=\"true\" name=\"wpforms[fields][4][]\" value=\"Zielone szko\u0142y\" aria-errormessage=\"wpforms-2532-field_4_7-error\" required ><label class=\"wpforms-field-label-inline\" for=\"wpforms-2532-field_4_7\">Zielone szko\u0142y<\/label><\/li><li class=\"choice-6 depth-1\"><input type=\"checkbox\" id=\"wpforms-2532-field_4_6\" data-rule-check-limit=\"true\" name=\"wpforms[fields][4][]\" value=\"Wycieczki\" aria-errormessage=\"wpforms-2532-field_4_6-error\" required ><label class=\"wpforms-field-label-inline\" for=\"wpforms-2532-field_4_6\">Wycieczki<\/label><\/li><li class=\"choice-5 depth-1\"><input type=\"checkbox\" id=\"wpforms-2532-field_4_5\" data-rule-check-limit=\"true\" name=\"wpforms[fields][4][]\" value=\"Kolonie\" aria-errormessage=\"wpforms-2532-field_4_5-error\" required ><label class=\"wpforms-field-label-inline\" for=\"wpforms-2532-field_4_5\">Kolonie<\/label><\/li><li class=\"choice-4 depth-1\"><input type=\"checkbox\" id=\"wpforms-2532-field_4_4\" data-rule-check-limit=\"true\" name=\"wpforms[fields][4][]\" value=\"Inne\" aria-errormessage=\"wpforms-2532-field_4_4-error\" required ><label class=\"wpforms-field-label-inline\" for=\"wpforms-2532-field_4_4\">Inne<\/label><\/li><\/ul><\/fieldset><\/div><div id=\"wpforms-2532-field_2-container\" class=\"wpforms-field wpforms-field-textarea\" data-field-id=\"2\"><label class=\"wpforms-field-label\" for=\"wpforms-2532-field_2\">Tre\u015b\u0107 zapytania (prosz\u0119 okre\u015bli\u0107 termin, ilo\u015b\u0107 os\u00f3b doros\u0142ych i dzieci) <span class=\"wpforms-required-label\" aria-hidden=\"true\">*<\/span><\/label><textarea id=\"wpforms-2532-field_2\" class=\"wpforms-field-medium wpforms-field-required\" name=\"wpforms[fields][2]\" aria-errormessage=\"wpforms-2532-field_2-error\" required><\/textarea><\/div><\/div><!-- .wpforms-field-container --><div class=\"wpforms-submit-container\" ><input type=\"hidden\" name=\"wpforms[id]\" value=\"2532\"><input type=\"hidden\" name=\"page_title\" value=\"\"><input type=\"hidden\" name=\"page_url\" value=\"https:\/\/gorzelanny.pl\/hotel-chrobry\/wp-json\/wp\/v2\/pages\/3601\"><button type=\"submit\" name=\"wpforms[submit]\" id=\"wpforms-submit-2532\" class=\"wpforms-submit\" data-alt-text=\"Wysy\u0142anie...\" data-submit-text=\"Prze\u015blij\" aria-live=\"assertive\" value=\"wpforms-submit\">Prze\u015blij<\/button><img loading=\"lazy\" decoding=\"async\" src=\"https:\/\/gorzelanny.pl\/hotel-chrobry\/wp-content\/plugins\/wpforms-lite\/assets\/images\/submit-spin.svg\" class=\"wpforms-submit-spinner\" style=\"display: none;\" width=\"26\" height=\"26\" alt=\"Wczytywanie\"><\/div><\/form><\/div>  <!-- .wpforms-container -->[\/vc_tta_section][\/vc_tta_accordion][\/vc_column][\/vc_row][vc_row][vc_column width=&#8221;1\/6&#8243;][vc_empty_space][vc_single_image image=&#8221;2441&#8243; img_size=&#8221;full&#8221; alignment=&#8221;center&#8221; style=&#8221;vc_box_circle_2&#8243;][\/vc_column][vc_column parallax=&#8221;content-moving&#8221; width=&#8221;5\/6&#8243; shadow_x_offset=&#8221;0&#8243; shadow_y_offset=&#8221;0&#8243; shadow_blur=&#8221;0&#8243; shadow_spread=&#8221;0&#8243; shadow_color=&#8221;&#8221;][vc_empty_space][vc_column_text]<\/p>\n<p style=\"text-align: center;\">Czy jeste\u015b sportowcem szukaj\u0105cym idealnego miejsca do treningu i regeneracji? \ud83d\udcaa\ud83c\udf3f A mo\u017ce organizujesz ob\u00f3z sportowy \u26f9\ufe0f\u200d\u2642\ufe0f\u26bd, zgrupowanie dru\u017cyny lub trening integracyjny? \ud83e\udd1d\ud83d\udd25<\/p>\n<p style=\"text-align: center;\"><strong>O\u015brodek Chrobry w sercu G\u00f3r Opawskich<\/strong> \ud83c\udfd4\ufe0f\ud83c\udf33 to doskona\u0142e miejsce zar\u00f3wno dla indywidualnych zawodnik\u00f3w \ud83c\udfaf jak i grup sportowych! \ud83c\udfc6\ud83d\udc65<\/p>\n<p>[\/vc_column_text][vc_empty_space][vc_empty_space][vc_empty_space][\/vc_column][\/vc_row][vc_row][vc_column][vc_custom_heading text=&#8221;\ud83c\udf1f Dlaczego warto wybra\u0107 O\u015brodek Chrobry? \ud83c\udf1f\ud83c\udf04&#8221; font_container=&#8221;tag:h4|text_align:center|color:%23e28000&#8243; google_fonts=&#8221;font_family:Monda%3Aregular%2C700|font_style:400%20regular%3A400%3Anormal&#8221;][vc_column_text]\ud83c\udf04 Malownicza lokalizacja \u2013 otoczony pi\u0119knymi szlakami turystycznymi, nasz o\u015brodek to raj dla mi\u0142o\u015bnik\u00f3w aktywnego wypoczynku.<\/p>\n<p>\ud83c\udfbe Kompleksowe zaplecze sportowe \u2013 nowoczesne obiekty pozwalaj\u0105 na pe\u0142nowarto\u015bciowytrening dla amator\u00f3w i zawodowc\u00f3w.<\/p>\n<p>\ud83d\ude0c Strefa odnowy biologicznej \u2013 regeneracja po intensywnym wysi\u0142ku to klucz do sukcesu!<\/p>\n<p data-canvas-width=\"16.432\">\ud83d\udeb4 Szlaki rowerowe i piesze \u2013 okolica G\u00f3r Opawskich to doskona\u0142e miejsce na wycieczki rowerowe i trekking.<\/p>\n<p data-canvas-width=\"9.6\">\ud83d\udccd Park linowy i atrakcje outdoorowe \u2013 doskona\u0142a zabawa i wyzwanie dla mi\u0142o\u015bnik\u00f3w adrenaliny.<\/p>\n<p data-canvas-width=\"20.46666666666666\">\ud83d\udeb4 Relaks na \u0142onie natury \u2013 odpocznij w\u015br\u00f3d zieleni, delektuj\u0105c si\u0119 czystym powietrzem i spokojem.<\/p>\n<p>[\/vc_column_text][vc_empty_space][vc_separator][vc_custom_heading text=&#8221;\ud83c\udfca\u200d\u2640\ufe0f\ud83d\udeb4\u200d\u2642\ufe0f\ud83c\udf3f Dost\u0119pne atrakcje sportowe i rekreacyjne \u26bd\ud83c\udfc0\ud83c\udfcb\ufe0f\u200d\u2642\ufe0f&#8221; font_container=&#8221;tag:h4|text_align:center|color:%23e28000&#8243; google_fonts=&#8221;font_family:Monda%3Aregular%2C700|font_style:400%20regular%3A400%3Anormal&#8221;][vc_column_text]<\/p>\n<p data-canvas-width=\"9.6\">\ud83c\udf1f Basen kryty \u2013 basen zapewniaj\u0105cy idealne warunki do relaksu. Wymiary 11m x 8,5m x 1,3m.<\/p>\n<p data-canvas-width=\"9.6\">\ud83c\udf1f Sauna sucha i \u0142a\u017ania parowa \u2013 niezast\u0105pione po intensywnym treningu, pomagaj\u0105 w regeneracji mi\u0119\u015bni i oczyszczaj\u0105 organizm.<\/p>\n<p data-canvas-width=\"9.6\">\ud83c\udf1f Si\u0142ownia \u2013 pozwala na trening si\u0142owy i kondycyjny w komfortowych warunkach.<\/p>\n<p data-canvas-width=\"9.6\">\ud83c\udf1f Kr\u0119gielnia \u2013 \u015bwietna forma relaksu i integracji z dru\u017cyn\u0105 po dniu pe\u0142nym sportowych wyzwa\u0144.<\/p>\n<p data-canvas-width=\"10.799999999999999\">\ud83c\udf1f Hala sportowa \u2013 O\u015brodek Chrobry<\/p>\n<p>[\/vc_column_text][vc_empty_space][vc_separator color=&#8221;sandy_brown&#8221; style=&#8221;dotted&#8221; border_width=&#8221;5&#8243;][vc_column_text]<\/p>\n<h3 style=\"text-align: center;\"><span style=\"color: #ff6600;\"><strong>HALA SPORTOWA W O\u015aRODKU<\/strong><\/span><\/h3>\n<div class=\"pdf-page\">\n<div class=\"text-wrapper user-select-text\"><\/div>\n<\/div>\n<div class=\"document-page\" data-page=\"2\">\n<div class=\"pdf-page\">\n<div class=\"text-wrapper user-select-text\">\n<div data-canvas-width=\"267.67999999999995\">\n<div class=\"pdf-page\">\n<div class=\"text-wrapper user-select-text\">\n<div data-canvas-width=\"276.858\">Nasza nowoczesna hala sportowa to przestrze\u0144 stworzona z my\u015bl\u0105 o sportowcach i grupach<\/div>\n<div data-canvas-width=\"142.512\">treningowych. Dzi\u0119ki wymiarom <strong>26 x 18 metr\u00f3w<\/strong> oraz wszechstronnej infrastrukturze, obiekt doskonale sprawdza si\u0119 zar\u00f3wno do profesjonalnych trening\u00f3w, jak i rekreacyjnych rozgrywek.<\/div>\n<div>\u200b<\/div>\n<\/div>\n<\/div>\n<div class=\"document-page\" data-page=\"2\">\n<div class=\"pdf-page\">\n<div class=\"text-wrapper user-select-text\">\n<p data-canvas-width=\"246.29399999999998\"><strong>Mo\u017cliwo\u015bci wykorzystania hali:<\/strong><\/p>\n<p>\ud83c\udf1f Boisko do koszyk\u00f3wki \u2013 pe\u0142nowymiarowe pole gry, idealne do trening\u00f3w i mecz\u00f3w.<\/p>\n<p>\ud83c\udfd0 Boisko do siatk\u00f3wki \u2013 dostosowane do rozgrywek dru\u017cynowych i trening\u00f3w technicznych.<\/p>\n<p>\ud83c\udfd0 Boisko do pi\u0142ki r\u0119cznej \u2013 przestrze\u0144 dla dynamicznych i intensywnych trening\u00f3w.<\/p>\n<p>\ud83c\udfd0 Boisko do unihokeja \u2013 \u015bwietne miejsce dla mi\u0142o\u015bnik\u00f3w tej szybkiej i ekscytuj\u0105cej<\/p>\n<p data-canvas-width=\"78.17599999999999\">dyscypliny.<\/p>\n<p>\ud83c\udf1f Dwa pola treningowe do koszyk\u00f3wki \u2013 mo\u017cliwo\u015b\u0107 organizacji r\u00f3wnoczesnych trening\u00f3w dla wi\u0119kszych grup.<\/p>\n<\/div>\n<\/div>\n<\/div>\n<\/div>\n<\/div>\n<\/div>\n<\/div>\n<p>[\/vc_column_text][vc_media_grid element_width=&#8221;3&#8243; grid_id=&#8221;vc_gid:1768999308292-a778393e-8ced-6&#8243; include=&#8221;2441,2440,2439,2438&#8243;][stm_spacer height=&#8221;30&#8243;][vc_separator color=&#8221;sandy_brown&#8221; style=&#8221;dotted&#8221; border_width=&#8221;5&#8243;][\/vc_column][\/vc_row][vc_row][vc_column width=&#8221;1\/2&#8243; shadow_x_offset=&#8221;0&#8243; shadow_y_offset=&#8221;0&#8243; shadow_blur=&#8221;0&#8243; shadow_spread=&#8221;0&#8243; shadow_color=&#8221;&#8221; css=&#8221;.vc_custom_1749204889465{background-color: #e8be94 !important;}&#8221;][vc_column_text]<\/p>\n<h4 data-canvas-width=\"148.82266666666663\"><strong>NOCLEG + 3 POSI\u0141KI (FB)<\/strong><\/h4>\n<h4 data-canvas-width=\"163.38666666666668\">480 z\u0142\/os. \u2013 3 dni(2 noclegi)<\/h4>\n<h4 data-canvas-width=\"160.57066666666668\">690 z\u0142\/os. -4 dni (3 noclegi)<\/h4>\n<h4 data-canvas-width=\"188.96533333333335\">1260 z\u0142\/os. \u2013 7 dni (6 nocleg\u00f3w)<\/h4>\n<p>[\/vc_column_text][\/vc_column][vc_column width=&#8221;1\/2&#8243; shadow_x_offset=&#8221;0&#8243; shadow_y_offset=&#8221;0&#8243; shadow_blur=&#8221;0&#8243; shadow_spread=&#8221;0&#8243; shadow_color=&#8221;&#8221; css=&#8221;.vc_custom_1749204855853{background-color: #e5c834 !important;}&#8221;][vc_column_text]<\/p>\n<h4 data-canvas-width=\"151.34533333333331\"><strong>NOCLEG + 2 POSI\u0141KI (HB)<\/strong><\/h4>\n<h4 data-canvas-width=\"163.38666666666668\">440 z\u0142\/os. \u2013 3 dni(2 noclegi)<\/h4>\n<h4 data-canvas-width=\"166.70133333333337\">630 z\u0142\/os. \u2013 4 dni (3 noclegi)<\/h4>\n<h4 data-canvas-width=\"188.96533333333335\">1140 z\u0142\/os. \u2013 7 dni (6 nocleg\u00f3w)<\/h4>\n<p>[\/vc_column_text][\/vc_column][\/vc_row][vc_row][vc_column][vc_empty_space][vc_message message_box_style=&#8221;3d&#8221; style=&#8221;round&#8221; message_box_color=&#8221;warning&#8221; css=&#8221;.vc_custom_1749210982997{border-radius: 4px !important;}&#8221;]<\/p>\n<div data-canvas-width=\"454.945333333333\"><strong>Oferta obowi\u0105zuje od 24.08.2025 do 22.12.2025 i 1.03.2026 do 24.06.2026<\/strong><\/div>\n<p>[\/vc_message][vc_message message_box_style=&#8221;3d&#8221; style=&#8221;round&#8221; message_box_color=&#8221;warning&#8221; icon_fontawesome=&#8221;fas fa-bed&#8221; css=&#8221;.vc_custom_1749210956392{border-radius: 4px !important;}&#8221;]<\/p>\n<p data-canvas-width=\"125.50266666666667\"><strong>ZAKWATEROWANIE:<\/strong><\/p>\n<p>Pokoje (2,3,4 os. z \u0142azienkami i tv) \u2013 o\u015brodek Chrobry<\/p>\n<p>&nbsp;<\/p>\n<p data-canvas-width=\"84.58266666666665\"><strong>WY\u017bYWIENIE:<\/strong><\/p>\n<ul>\n<li data-canvas-width=\"541.845333333333\">Bardzo smaczne posi\u0142ki kuchni domowej w formie szwedzkiego sto\u0142u \u2013 3 posi\u0142ki (\u015bniadanie,<\/li>\n<li data-canvas-width=\"373.00266666666664\">obiad, kolacja) lub 2 posi\u0142ki (\u015bniadanie, obiadokolacja) dziennie<\/li>\n<li data-canvas-width=\"256.608\">Pierwszy posi\u0142ek w dniu przyjazdu \u2013 kolacja<\/li>\n<li data-canvas-width=\"253.58666666666673\">Ostatni posi\u0142ek w dniu odjazdu \u2013 \u015bniadanie<\/li>\n<\/ul>\n<p>[\/vc_message][vc_column_text css=&#8221;.vc_custom_1768999326400{background-color: #f4e34b !important;border-radius: 3px !important;}&#8221;]<\/p>\n<h4 style=\"text-align: center;\">\ud83c\udf1f Zapraszamy zar\u00f3wno indywidualnych sportowc\u00f3w \ud83c\udfc3\u200d\u2642\ufe0f\ud83c\udfcb\ufe0f\u200d\u2640\ufe0f, jak i grupy \ud83d\udc65 oraz dru\u017cyny! \u26bd\ud83c\udfc0\ud83c\udf1f \ud83c\udf1f Do\u0142\u0105cz do nas i poczuj sportowy rytm \ud83d\udd25\ud83c\udfd4\ufe0f G\u00f3r Opawskich! \ud83c\udf1f \ud83c\udfe1 Zapraszamy do O\u015brodka Chrobry \u2013 miejsca, gdzie pasja \ud83c\udfaf \u0142\u0105czy si\u0119 z wypoczynkiem! \ud83c\udf3f\ud83d\ude0a<\/h4>\n<p>[\/vc_column_text][\/vc_column][\/vc_row][vc_row][vc_column][vc_column_text]<\/p>\n<p>[\/vc_column_text][\/vc_column][\/vc_row][vc_row full_width=&#8221;stretch_row_content_no_spaces&#8221; shadow_x_offset=&#8221;0&#8243; shadow_y_offset=&#8221;0&#8243; shadow_blur=&#8221;0&#8243; shadow_spread=&#8221;0&#8243; shadow_color=&#8221;&#8221;][vc_column][vc_empty_space][vc_empty_space height=&#8221;80px&#8221;][vc_separator border_width=&#8221;8&#8243;][vc_column_text css_animation=&#8221;fadeIn&#8221; css=&#8221;.vc_custom_1768996757911{border-radius: 10px !important;}&#8221;]<\/p>\n<h3 style=\"text-align: center;\"><strong>Nie zwlekaj &#8211; zarezerwuj sw\u00f3j pobyt ju\u017c dzi\u015b i pozw\u00f3l sobie na wyj\u0105tkowy wypoczynek.<\/strong><\/h3>\n<h3 style=\"text-align: center;\">\ud83d\udcde\u00a0<a href=\"tel::0048785633087\">785 633 087<\/a>\u00a0\u00a0\ud83d\udce7\u00a0<a href=\"mailto: hotelchrobry@gorzelanny.pl\">hotelchrobry@gorzelanny.pl<\/a><\/h3>\n<h3 style=\"text-align: center;\">Serdecznie zapraszamy! Czekamy na Ciebie! \u2728<\/h3>\n<p>[\/vc_column_text][vc_separator border_width=&#8221;5&#8243;][vc_custom_heading text=&#8221;SPRAWD\u0179 POZOSTA\u0141E OFERTY&#8221; font_container=&#8221;tag:h2|text_align:center&#8221; google_fonts=&#8221;font_family:Orienta%3Aregular|font_style:400%20regular%3A400%3Anormal&#8221; css_animation=&#8221;fadeIn&#8221;][vc_basic_grid post_type=&#8221;page&#8221; max_items=&#8221;100&#8243; style=&#8221;pagination&#8221; items_per_page=&#8221;4&#8243; element_width=&#8221;3&#8243; gap=&#8221;10&#8243; orderby=&#8221;menu_order&#8221; order=&#8221;ASC&#8221; arrows_design=&#8221;vc_arrow-icon-arrow_01_left&#8221; arrows_color=&#8221;mulled_wine&#8221; paging_design=&#8221;none&#8221; loop=&#8221;yes&#8221; autoplay=&#8221;4&#8243; item=&#8221;masonryGrid_Default&#8221; grid_id=&#8221;vc_gid:1768999308295-2c875c32-2fac-1&#8243; taxonomies=&#8221;43&#8243;][\/vc_column][\/vc_row]<\/p>\n","protected":false},"excerpt":{"rendered":"<p>[vc_row][vc_column][vc_tta_accordion color=&#8221;sandy-brown&#8221; c_align=&#8221;center&#8221; active_section=&#8221;&#8221;][vc_tta_section i_icon_fontawesome=&#8221;stmicon-hotel&#8221; add_icon=&#8221;true&#8221; title=&#8221;KLIKNIJ I ZAREZERWUJ POBYT&#8221; tab_id=&#8221;1607808799803-b36afb86-776e&#8221;][\/vc_tta_section][\/vc_tta_accordion][\/vc_column][\/vc_row][vc_row][vc_column width=&#8221;1\/6&#8243;][vc_empty_space][vc_single_image image=&#8221;2441&#8243; img_size=&#8221;full&#8221; alignment=&#8221;center&#8221; style=&#8221;vc_box_circle_2&#8243;][\/vc_column][vc_column parallax=&#8221;content-moving&#8221; width=&#8221;5\/6&#8243; shadow_x_offset=&#8221;0&#8243; shadow_y_offset=&#8221;0&#8243; shadow_blur=&#8221;0&#8243; shadow_spread=&#8221;0&#8243; shadow_color=&#8221;&#8221;][vc_empty_space][vc_column_text] Czy jeste\u015b sportowcem szukaj\u0105cym idealnego miejsca do treningu i regeneracji? \ud83d\udcaa\ud83c\udf3f A mo\u017ce organizujesz ob\u00f3z sportowy \u26f9\ufe0f\u200d\u2642\ufe0f\u26bd, zgrupowanie dru\u017cyny lub trening integracyjny? \ud83e\udd1d\ud83d\udd25 O\u015brodek Chrobry w sercu G\u00f3r Opawskich \ud83c\udfd4\ufe0f\ud83c\udf33 to doskona\u0142e [&hellip;]<\/p>\n","protected":false},"author":1,"featured_media":3623,"parent":0,"menu_order":8,"comment_status":"closed","ping_status":"closed","template":"","meta":{"om_disable_all_campaigns":false,"footnotes":""},"class_list":["post-3601","page","type-page","status-publish","has-post-thumbnail","hentry","kategorie_stron-oferta_specjalna"],"_links":{"self":[{"href":"https:\/\/gorzelanny.pl\/hotel-chrobry\/wp-json\/wp\/v2\/pages\/3601","targetHints":{"allow":["GET"]}}],"collection":[{"href":"https:\/\/gorzelanny.pl\/hotel-chrobry\/wp-json\/wp\/v2\/pages"}],"about":[{"href":"https:\/\/gorzelanny.pl\/hotel-chrobry\/wp-json\/wp\/v2\/types\/page"}],"author":[{"embeddable":true,"href":"https:\/\/gorzelanny.pl\/hotel-chrobry\/wp-json\/wp\/v2\/users\/1"}],"replies":[{"embeddable":true,"href":"https:\/\/gorzelanny.pl\/hotel-chrobry\/wp-json\/wp\/v2\/comments?post=3601"}],"version-history":[{"count":28,"href":"https:\/\/gorzelanny.pl\/hotel-chrobry\/wp-json\/wp\/v2\/pages\/3601\/revisions"}],"predecessor-version":[{"id":4027,"href":"https:\/\/gorzelanny.pl\/hotel-chrobry\/wp-json\/wp\/v2\/pages\/3601\/revisions\/4027"}],"wp:featuredmedia":[{"embeddable":true,"href":"https:\/\/gorzelanny.pl\/hotel-chrobry\/wp-json\/wp\/v2\/media\/3623"}],"wp:attachment":[{"href":"https:\/\/gorzelanny.pl\/hotel-chrobry\/wp-json\/wp\/v2\/media?parent=3601"}],"curies":[{"name":"wp","href":"https:\/\/api.w.org\/{rel}","templated":true}]}}