{"id":3701,"date":"2025-08-06T13:00:30","date_gmt":"2025-08-06T11:00:30","guid":{"rendered":"https:\/\/gorzelanny.pl\/hotel-chrobry\/?page_id=3701"},"modified":"2026-05-07T14:13:14","modified_gmt":"2026-05-07T12:13:14","slug":"wczasy-w-gorach-promocja-2026","status":"publish","type":"page","link":"https:\/\/gorzelanny.pl\/hotel-chrobry\/wczasy-w-gorach-promocja-2026\/","title":{"rendered":"RODZINNY POBYT W G\u00d3RACH &#8211; 2026"},"content":{"rendered":"<p>[vc_row][vc_column][vc_text_separator title=&#8221;RODZINNY POBYT W G\u00d3RACH (POZA OKRESEM WAKACYJNYM) &#8211; 2026&#8243; color=&#8221;mulled_wine&#8221;][\/vc_column][\/vc_row][vc_row][vc_column parallax=&#8221;content-moving&#8221; shadow_x_offset=&#8221;0&#8243; shadow_y_offset=&#8221;0&#8243; shadow_blur=&#8221;0&#8243; shadow_spread=&#8221;0&#8243; shadow_color=&#8221;&#8221;][vc_tta_accordion active_section=&#8221;&#8221;][vc_tta_section i_icon_fontawesome=&#8221;stmicon-hotel&#8221; add_icon=&#8221;true&#8221; title=&#8221;KLIKNIJ I ZAREZERWUJ POBYT&#8221; tab_id=&#8221;1607808799803-b36afb86-776e&#8221;]<div class=\"wpforms-container wpforms-container-full wpforms-render-modern\" id=\"wpforms-2532\"><form id=\"wpforms-form-2532\" class=\"wpforms-validate wpforms-form wpforms-ajax-form\" data-formid=\"2532\" method=\"post\" enctype=\"multipart\/form-data\" action=\"\/hotel-chrobry\/wp-json\/wp\/v2\/pages\/3701\" data-token=\"3cc2de7148bee07f8e02693ade3acdef\" data-token-time=\"1778651817\"><noscript class=\"wpforms-error-noscript\">Aby wype\u0142ni\u0107 ten formularz, w\u0142\u0105cz obs\u0142ug\u0119 JavaScript w przegl\u0105darce.<\/noscript><div class=\"wpforms-hidden\" id=\"wpforms-error-noscript\">Aby wype\u0142ni\u0107 ten formularz, w\u0142\u0105cz obs\u0142ug\u0119 JavaScript w przegl\u0105darce.<\/div><div class=\"wpforms-field-container\"><div id=\"wpforms-2532-field_0-container\" class=\"wpforms-field wpforms-field-name\" data-field-id=\"0\"><fieldset><legend class=\"wpforms-field-label\">Imi\u0119 i nazwisko <span class=\"wpforms-required-label\" aria-hidden=\"true\">*<\/span><\/legend><div class=\"wpforms-field-row wpforms-field-medium\"><div class=\"wpforms-field-row-block wpforms-first wpforms-one-half\"><input type=\"text\" id=\"wpforms-2532-field_0\" class=\"wpforms-field-name-first wpforms-field-required\" name=\"wpforms[fields][0][first]\" aria-errormessage=\"wpforms-2532-field_0-error\" required><label for=\"wpforms-2532-field_0\" class=\"wpforms-field-sublabel after\">Imi\u0119<\/label><\/div><div class=\"wpforms-field-row-block wpforms-one-half\"><input type=\"text\" id=\"wpforms-2532-field_0-last\" class=\"wpforms-field-name-last wpforms-field-required\" name=\"wpforms[fields][0][last]\" aria-errormessage=\"wpforms-2532-field_0-last-error\" required><label for=\"wpforms-2532-field_0-last\" class=\"wpforms-field-sublabel after\">Nazwisko<\/label><\/div><\/div><\/fieldset><\/div><div id=\"wpforms-2532-field_1-container\" class=\"wpforms-field wpforms-field-email\" data-field-id=\"1\"><label class=\"wpforms-field-label\" for=\"wpforms-2532-field_1\">E-mail <span class=\"wpforms-required-label\" aria-hidden=\"true\">*<\/span><\/label><input type=\"email\" id=\"wpforms-2532-field_1\" class=\"wpforms-field-medium wpforms-field-required\" name=\"wpforms[fields][1]\" spellcheck=\"false\" aria-errormessage=\"wpforms-2532-field_1-error\" required><\/div><div id=\"wpforms-2532-field_4-container\" class=\"wpforms-field wpforms-field-checkbox\" data-field-id=\"4\"><fieldset><legend class=\"wpforms-field-label\">Wybierz ofert\u0119 specjaln\u0105 <span class=\"wpforms-required-label\" aria-hidden=\"true\">*<\/span><\/legend><ul id=\"wpforms-2532-field_4\" class=\"wpforms-field-required\" data-choice-limit=\"1\"><li class=\"choice-9 depth-1\"><input type=\"checkbox\" id=\"wpforms-2532-field_4_9\" data-rule-check-limit=\"true\" name=\"wpforms[fields][4][]\" value=\"LAST MINUTE\" aria-errormessage=\"wpforms-2532-field_4_9-error\" required ><label class=\"wpforms-field-label-inline\" for=\"wpforms-2532-field_4_9\">LAST MINUTE<\/label><\/li><li class=\"choice-1 depth-1\"><input type=\"checkbox\" id=\"wpforms-2532-field_4_1\" data-rule-check-limit=\"true\" name=\"wpforms[fields][4][]\" value=\"Bo\u017ce Narodzenie\" aria-errormessage=\"wpforms-2532-field_4_1-error\" required ><label class=\"wpforms-field-label-inline\" for=\"wpforms-2532-field_4_1\">Bo\u017ce Narodzenie<\/label><\/li><li class=\"choice-2 depth-1\"><input type=\"checkbox\" id=\"wpforms-2532-field_4_2\" data-rule-check-limit=\"true\" name=\"wpforms[fields][4][]\" value=\"Wielkanoc\" aria-errormessage=\"wpforms-2532-field_4_2-error\" required ><label class=\"wpforms-field-label-inline\" for=\"wpforms-2532-field_4_2\">Wielkanoc<\/label><\/li><li class=\"choice-3 depth-1\"><input type=\"checkbox\" id=\"wpforms-2532-field_4_3\" data-rule-check-limit=\"true\" name=\"wpforms[fields][4][]\" value=\"Maj\u00f3wka\" aria-errormessage=\"wpforms-2532-field_4_3-error\" required ><label class=\"wpforms-field-label-inline\" for=\"wpforms-2532-field_4_3\">Maj\u00f3wka<\/label><\/li><li class=\"choice-8 depth-1\"><input type=\"checkbox\" id=\"wpforms-2532-field_4_8\" data-rule-check-limit=\"true\" name=\"wpforms[fields][4][]\" value=\"Wczasy w g\u00f3rach\" aria-errormessage=\"wpforms-2532-field_4_8-error\" required ><label class=\"wpforms-field-label-inline\" for=\"wpforms-2532-field_4_8\">Wczasy w g\u00f3rach<\/label><\/li><li class=\"choice-7 depth-1\"><input type=\"checkbox\" id=\"wpforms-2532-field_4_7\" data-rule-check-limit=\"true\" name=\"wpforms[fields][4][]\" value=\"Zielone szko\u0142y\" aria-errormessage=\"wpforms-2532-field_4_7-error\" required ><label class=\"wpforms-field-label-inline\" for=\"wpforms-2532-field_4_7\">Zielone szko\u0142y<\/label><\/li><li class=\"choice-6 depth-1\"><input type=\"checkbox\" id=\"wpforms-2532-field_4_6\" data-rule-check-limit=\"true\" name=\"wpforms[fields][4][]\" value=\"Wycieczki\" aria-errormessage=\"wpforms-2532-field_4_6-error\" required ><label class=\"wpforms-field-label-inline\" for=\"wpforms-2532-field_4_6\">Wycieczki<\/label><\/li><li class=\"choice-5 depth-1\"><input type=\"checkbox\" id=\"wpforms-2532-field_4_5\" data-rule-check-limit=\"true\" name=\"wpforms[fields][4][]\" value=\"Kolonie\" aria-errormessage=\"wpforms-2532-field_4_5-error\" required ><label class=\"wpforms-field-label-inline\" for=\"wpforms-2532-field_4_5\">Kolonie<\/label><\/li><li class=\"choice-4 depth-1\"><input type=\"checkbox\" id=\"wpforms-2532-field_4_4\" data-rule-check-limit=\"true\" name=\"wpforms[fields][4][]\" value=\"Inne\" aria-errormessage=\"wpforms-2532-field_4_4-error\" required ><label class=\"wpforms-field-label-inline\" for=\"wpforms-2532-field_4_4\">Inne<\/label><\/li><\/ul><\/fieldset><\/div><div id=\"wpforms-2532-field_2-container\" class=\"wpforms-field wpforms-field-textarea\" data-field-id=\"2\"><label class=\"wpforms-field-label\" for=\"wpforms-2532-field_2\">Tre\u015b\u0107 zapytania (prosz\u0119 okre\u015bli\u0107 termin, ilo\u015b\u0107 os\u00f3b doros\u0142ych i dzieci) <span class=\"wpforms-required-label\" aria-hidden=\"true\">*<\/span><\/label><textarea id=\"wpforms-2532-field_2\" class=\"wpforms-field-medium wpforms-field-required\" name=\"wpforms[fields][2]\" aria-errormessage=\"wpforms-2532-field_2-error\" required><\/textarea><\/div><\/div><!-- .wpforms-field-container --><div class=\"wpforms-submit-container\" ><input type=\"hidden\" name=\"wpforms[id]\" value=\"2532\"><input type=\"hidden\" name=\"page_title\" value=\"\"><input type=\"hidden\" name=\"page_url\" value=\"https:\/\/gorzelanny.pl\/hotel-chrobry\/wp-json\/wp\/v2\/pages\/3701\"><button type=\"submit\" name=\"wpforms[submit]\" id=\"wpforms-submit-2532\" class=\"wpforms-submit\" data-alt-text=\"Wysy\u0142anie...\" data-submit-text=\"Prze\u015blij\" aria-live=\"assertive\" value=\"wpforms-submit\">Prze\u015blij<\/button><img loading=\"lazy\" decoding=\"async\" src=\"https:\/\/gorzelanny.pl\/hotel-chrobry\/wp-content\/plugins\/wpforms-lite\/assets\/images\/submit-spin.svg\" class=\"wpforms-submit-spinner\" style=\"display: none;\" width=\"26\" height=\"26\" alt=\"Wczytywanie\"><\/div><\/form><\/div>  <!-- .wpforms-container -->[\/vc_tta_section][\/vc_tta_accordion][\/vc_column][\/vc_row][vc_row][vc_column][vc_media_grid element_width=&#8221;3&#8243; grid_id=&#8221;vc_gid:1778155956407-8b078a9b-c216-7&#8243; include=&#8221;3495,3474,2957,2949&#8243;][\/vc_column][\/vc_row][vc_row][vc_column][\/vc_column][vc_column_text]<\/p>\n<blockquote><p>Je\u015bli szukasz miejsca w g\u00f3rach zlokalizowanego w pobli\u017cu najwa\u017cniejszych atrakcji turystycznych i szlak\u00f3w g\u00f3rskich to koniecznie sprawd\u017a poni\u017csz\u0105 ofert\u0119. O\u015brodek Chrobry usytuowany jest w malowniczej miejscowo\u015bci Pokrzywna w G\u00f3rach Opawskich, w s\u0105siedztwie jednej z najciekawszych atrakcji turystycznych w Polsce &#8211; Interaktywnego Parku Edukacji i Rozrywki ROSENAU &#8211; Zaginione Miasto!<\/p><\/blockquote>\n<p>&nbsp;<\/p>\n<p><b>ZAKWATEROWANIE:<\/b><\/p>\n<ul class=\"icons-list circle-blank colored-list\">\n<li>Pokoje (2,3,4 os. z \u0142azienkami i tv) \u2013 o\u015brodek Chrobry<\/li>\n<\/ul>\n<p><b>WY\u017bYWIENIE:<\/b><\/p>\n<ul class=\"icons-list circle-blank colored-list\">\n<li>Bardzo smaczne posi\u0142ki kuchni domowej &#8211; 3 posi\u0142ki (\u015bniadanie, obiad, kolacja) lub 2 posi\u0142ki (\u015bniadanie, obiadokolacja) dziennie<\/li>\n<li>Pierwszy posi\u0142ek w dniu przyjazdu &#8211; kolacja<\/li>\n<li>Ostatni posi\u0142ek w dniu odjazdu &#8211; \u015bniadanie<\/li>\n<\/ul>\n<p>&nbsp;<\/p>\n<p><b>*CENY:<\/b><\/p>\n<p style=\"font-weight: 400;\">*\u00a0<strong>NOCLEG + 3 POSI\u0141KI (FB)\u00a0<\/strong>*<\/p>\n<p style=\"font-weight: 400;\">660 z\u0142\/os. -4 dni (3 noclegi)<\/p>\n<p style=\"font-weight: 400;\">1200 z\u0142\/os. &#8211; 7 dni (6 nocleg\u00f3w)<\/p>\n<p>&nbsp;<\/p>\n<p style=\"font-weight: 400;\"><strong>NOCLEG + 2 POSI\u0141KI (HB)<\/strong><\/p>\n<p style=\"font-weight: 400;\">600 z\u0142\/os. &#8211; 4 dni (3 noclegi)<\/p>\n<p style=\"font-weight: 400;\">1140 z\u0142\/os. &#8211; 7 dni (6 nocleg\u00f3w)<\/p>\n<p>&nbsp;<\/p>\n<p><b>Cena obejmuje:<\/b><\/p>\n<ul>\n<li>nocleg<\/li>\n<li>trzy lub dwa posi\u0142ki dziennie<\/li>\n<li>wst\u0119p na basen(50 m. x 25 m.) bez ogranicze\u0144 (basen czynny od 1.06)<\/li>\n<li>wst\u0119p na basen kryty w O\u015brodku Chrobry<\/li>\n<li>wst\u0119p do parku \u017cywio\u0142\u00f3w i ogrodu wody<\/li>\n<li>wej\u015bcie do Stonehenge<\/li>\n<li>jedno wej\u015bcie do jaskini wilka i nied\u017awiedzia<\/li>\n<li>mechaniczne zwierz\u0119ta &#8211; animatronici<\/li>\n<li>wej\u015bcie do sztolni z\u0142ota i wykopaliska skarb\u00f3w<\/li>\n<li>Kino 7D &#8211; 2 seanse<\/li>\n<\/ul>\n<p>[\/vc_column_text][stm_spacer height=&#8221;30&#8243;][vc_message]* Oferta promocyjna obejmuje pobyt w miesi\u0105cach kwiecie\u0144, maj, czerwiec (do 24.06), wrzesie\u0144 oraz pa\u017adziernik<br \/>\n* Dzieci do lat 10 &#8211; 50 % ceny<br \/>\n* Dzieci do lat 3 \u2013 bezp\u0142atnie (je\u017celi nie zajmuje dodatkowego \u0142\u00f3\u017cka w pokoju)<\/p>\n<p>* W sytuacji braku wymaganej liczby os\u00f3b w pokoju , pobieramy dodatkow\u0105 op\u0142at\u0119 za brakuj\u0105ce osoby (op\u0142ata za nocleg)<br \/>\nNp. pok\u00f3j 4 os. zamawiany dla 3 os., dodatkowa op\u0142ata za nocleg za brakuj\u0105c\u0105 osob\u0119. Wysoko\u015b\u0107 op\u0142aty uzgodniona przy rezerwacji.<\/p>\n<p>* Uwaga! Pakiet nie obowi\u0105zuje w terminach: Wielkanoc, Weekend Majowy, Wakacje, Bo\u017ce Cia\u0142o, Bo\u017ce Narodzenie, Sylwester.[\/vc_message][vc_column][\/vc_column][\/vc_row][vc_row][vc_column][vc_empty_space][vc_media_grid grid_id=&#8221;vc_gid:1778155956413-9a17028a-1f17-0&#8243; include=&#8221;1941,1135,1324,1275,1505,1256&#8243;][\/vc_column][\/vc_row][vc_row][vc_column][vc_empty_space][vc_column_text]<\/p>\n<p>[\/vc_column_text][\/vc_column][\/vc_row][vc_row shadow_x_offset=&#8221;0&#8243; shadow_y_offset=&#8221;0&#8243; shadow_blur=&#8221;0&#8243; shadow_spread=&#8221;0&#8243; shadow_color=&#8221;&#8221; css=&#8221;.vc_custom_1771938327322{background-color: #ffda21 !important;border-radius: 10px !important;}&#8221;][vc_column width=&#8221;1\/2&#8243;][vc_single_image image=&#8221;4159&#8243; img_size=&#8221;full&#8221; onclick=&#8221;link_image&#8221;][\/vc_column][vc_column width=&#8221;1\/2&#8243;][vc_column_text]<\/p>\n<p>NOWO\u015a\u0106 W NASZEJ OFERCIE DLA NAJM\u0141ODSZYCH<\/p>\n<p>[\/vc_column_text][vc_column_text]<\/p>\n<p data-start=\"0\" data-end=\"422\">Trzykondygnacyjny, zadaszony plac zabaw Rosenau PlayZone \u2013 trampoliny, zje\u017cd\u017calnie i zabawa bez granic \ud83c\udf89 to nowoczesna, pe\u0142na energii przestrze\u0144 stworzona z my\u015bl\u0105 o dzieciach w r\u00f3\u017cnym wieku. Wielopoziomowa i zadaszona konstrukcja zapewniaj\u0105ca aktywn\u0105 rozrywk\u0119 niezale\u017cnie od pogody \ud83c\udf26\ufe0f. To miejsce, w kt\u00f3rym ruch spotyka si\u0119 z kreatywno\u015bci\u0105, a zabawa naprawd\u0119 nie ma ko\u0144ca \ud83d\ude80.<\/p>\n<p data-start=\"424\" data-end=\"742\" data-is-last-node=\"\" data-is-only-node=\"\">Dzi\u0119ki bezpiecznej i przemy\u015blanej konstrukcji dzieci mog\u0105 swobodnie odkrywa\u0107 kolejne poziomy i rozwija\u0107 swoj\u0105 sprawno\u015b\u0107 ruchow\u0105 \ud83e\udd38\u200d\u2642\ufe0f. To idealna przestrze\u0144 zar\u00f3wno na spontaniczn\u0105 zabaw\u0119, jak i aktywne sp\u0119dzanie czasu z r\u00f3wie\u015bnikami. Rosenau PlayZone to gwarancja u\u015bmiechu i niezapomnianych chwil dla najm\u0142odszych \ud83d\ude0a.<\/p>\n<p>[\/vc_column_text][\/vc_column][\/vc_row][vc_row][vc_column parallax=&#8221;content-moving&#8221; shadow_x_offset=&#8221;0&#8243; shadow_y_offset=&#8221;0&#8243; shadow_blur=&#8221;0&#8243; shadow_spread=&#8221;0&#8243; shadow_color=&#8221;&#8221;][vc_empty_space][vc_tta_accordion shape=&#8221;round&#8221; color=&#8221;green&#8221; c_align=&#8221;center&#8221; active_section=&#8221;&#8221;][vc_tta_section i_icon_fontawesome=&#8221;stmicon-hotel&#8221; add_icon=&#8221;true&#8221; title=&#8221;KLIKNIJ I ZAREZERWUJ POBYT&#8221; tab_id=&#8221;1763733569883-4da7af38-e60b&#8221;]<div class=\"wpforms-container wpforms-container-full wpforms-render-modern\" id=\"wpforms-2532\"><form id=\"wpforms-form-2532\" class=\"wpforms-validate wpforms-form wpforms-ajax-form\" data-formid=\"2532\" method=\"post\" enctype=\"multipart\/form-data\" action=\"\/hotel-chrobry\/wp-json\/wp\/v2\/pages\/3701\" data-token=\"3cc2de7148bee07f8e02693ade3acdef\" data-token-time=\"1778651817\"><noscript class=\"wpforms-error-noscript\">Aby wype\u0142ni\u0107 ten formularz, w\u0142\u0105cz obs\u0142ug\u0119 JavaScript w przegl\u0105darce.<\/noscript><div class=\"wpforms-hidden\" id=\"wpforms-error-noscript\">Aby wype\u0142ni\u0107 ten formularz, w\u0142\u0105cz obs\u0142ug\u0119 JavaScript w przegl\u0105darce.<\/div><div class=\"wpforms-field-container\"><div id=\"wpforms-2532-field_0-container\" class=\"wpforms-field wpforms-field-name\" data-field-id=\"0\"><fieldset><legend class=\"wpforms-field-label\">Imi\u0119 i nazwisko <span class=\"wpforms-required-label\" aria-hidden=\"true\">*<\/span><\/legend><div class=\"wpforms-field-row wpforms-field-medium\"><div class=\"wpforms-field-row-block wpforms-first wpforms-one-half\"><input type=\"text\" id=\"wpforms-2532-field_0\" class=\"wpforms-field-name-first wpforms-field-required\" name=\"wpforms[fields][0][first]\" aria-errormessage=\"wpforms-2532-field_0-error\" required><label for=\"wpforms-2532-field_0\" class=\"wpforms-field-sublabel after\">Imi\u0119<\/label><\/div><div class=\"wpforms-field-row-block wpforms-one-half\"><input type=\"text\" id=\"wpforms-2532-field_0-last\" class=\"wpforms-field-name-last wpforms-field-required\" name=\"wpforms[fields][0][last]\" aria-errormessage=\"wpforms-2532-field_0-last-error\" required><label for=\"wpforms-2532-field_0-last\" class=\"wpforms-field-sublabel after\">Nazwisko<\/label><\/div><\/div><\/fieldset><\/div><div id=\"wpforms-2532-field_1-container\" class=\"wpforms-field wpforms-field-email\" data-field-id=\"1\"><label class=\"wpforms-field-label\" for=\"wpforms-2532-field_1\">E-mail <span class=\"wpforms-required-label\" aria-hidden=\"true\">*<\/span><\/label><input type=\"email\" id=\"wpforms-2532-field_1\" class=\"wpforms-field-medium wpforms-field-required\" name=\"wpforms[fields][1]\" spellcheck=\"false\" aria-errormessage=\"wpforms-2532-field_1-error\" required><\/div><div id=\"wpforms-2532-field_4-container\" class=\"wpforms-field wpforms-field-checkbox\" data-field-id=\"4\"><fieldset><legend class=\"wpforms-field-label\">Wybierz ofert\u0119 specjaln\u0105 <span class=\"wpforms-required-label\" aria-hidden=\"true\">*<\/span><\/legend><ul id=\"wpforms-2532-field_4\" class=\"wpforms-field-required\" data-choice-limit=\"1\"><li class=\"choice-9 depth-1\"><input type=\"checkbox\" id=\"wpforms-2532-field_4_9\" data-rule-check-limit=\"true\" name=\"wpforms[fields][4][]\" value=\"LAST MINUTE\" aria-errormessage=\"wpforms-2532-field_4_9-error\" required ><label class=\"wpforms-field-label-inline\" for=\"wpforms-2532-field_4_9\">LAST MINUTE<\/label><\/li><li class=\"choice-1 depth-1\"><input type=\"checkbox\" id=\"wpforms-2532-field_4_1\" data-rule-check-limit=\"true\" name=\"wpforms[fields][4][]\" value=\"Bo\u017ce Narodzenie\" aria-errormessage=\"wpforms-2532-field_4_1-error\" required ><label class=\"wpforms-field-label-inline\" for=\"wpforms-2532-field_4_1\">Bo\u017ce Narodzenie<\/label><\/li><li class=\"choice-2 depth-1\"><input type=\"checkbox\" id=\"wpforms-2532-field_4_2\" data-rule-check-limit=\"true\" name=\"wpforms[fields][4][]\" value=\"Wielkanoc\" aria-errormessage=\"wpforms-2532-field_4_2-error\" required ><label class=\"wpforms-field-label-inline\" for=\"wpforms-2532-field_4_2\">Wielkanoc<\/label><\/li><li class=\"choice-3 depth-1\"><input type=\"checkbox\" id=\"wpforms-2532-field_4_3\" data-rule-check-limit=\"true\" name=\"wpforms[fields][4][]\" value=\"Maj\u00f3wka\" aria-errormessage=\"wpforms-2532-field_4_3-error\" required ><label class=\"wpforms-field-label-inline\" for=\"wpforms-2532-field_4_3\">Maj\u00f3wka<\/label><\/li><li class=\"choice-8 depth-1\"><input type=\"checkbox\" id=\"wpforms-2532-field_4_8\" data-rule-check-limit=\"true\" name=\"wpforms[fields][4][]\" value=\"Wczasy w g\u00f3rach\" aria-errormessage=\"wpforms-2532-field_4_8-error\" required ><label class=\"wpforms-field-label-inline\" for=\"wpforms-2532-field_4_8\">Wczasy w g\u00f3rach<\/label><\/li><li class=\"choice-7 depth-1\"><input type=\"checkbox\" id=\"wpforms-2532-field_4_7\" data-rule-check-limit=\"true\" name=\"wpforms[fields][4][]\" value=\"Zielone szko\u0142y\" aria-errormessage=\"wpforms-2532-field_4_7-error\" required ><label class=\"wpforms-field-label-inline\" for=\"wpforms-2532-field_4_7\">Zielone szko\u0142y<\/label><\/li><li class=\"choice-6 depth-1\"><input type=\"checkbox\" id=\"wpforms-2532-field_4_6\" data-rule-check-limit=\"true\" name=\"wpforms[fields][4][]\" value=\"Wycieczki\" aria-errormessage=\"wpforms-2532-field_4_6-error\" required ><label class=\"wpforms-field-label-inline\" for=\"wpforms-2532-field_4_6\">Wycieczki<\/label><\/li><li class=\"choice-5 depth-1\"><input type=\"checkbox\" id=\"wpforms-2532-field_4_5\" data-rule-check-limit=\"true\" name=\"wpforms[fields][4][]\" value=\"Kolonie\" aria-errormessage=\"wpforms-2532-field_4_5-error\" required ><label class=\"wpforms-field-label-inline\" for=\"wpforms-2532-field_4_5\">Kolonie<\/label><\/li><li class=\"choice-4 depth-1\"><input type=\"checkbox\" id=\"wpforms-2532-field_4_4\" data-rule-check-limit=\"true\" name=\"wpforms[fields][4][]\" value=\"Inne\" aria-errormessage=\"wpforms-2532-field_4_4-error\" required ><label class=\"wpforms-field-label-inline\" for=\"wpforms-2532-field_4_4\">Inne<\/label><\/li><\/ul><\/fieldset><\/div><div id=\"wpforms-2532-field_2-container\" class=\"wpforms-field wpforms-field-textarea\" data-field-id=\"2\"><label class=\"wpforms-field-label\" for=\"wpforms-2532-field_2\">Tre\u015b\u0107 zapytania (prosz\u0119 okre\u015bli\u0107 termin, ilo\u015b\u0107 os\u00f3b doros\u0142ych i dzieci) <span class=\"wpforms-required-label\" aria-hidden=\"true\">*<\/span><\/label><textarea id=\"wpforms-2532-field_2\" class=\"wpforms-field-medium wpforms-field-required\" name=\"wpforms[fields][2]\" aria-errormessage=\"wpforms-2532-field_2-error\" required><\/textarea><\/div><\/div><!-- .wpforms-field-container --><div class=\"wpforms-submit-container\" ><input type=\"hidden\" name=\"wpforms[id]\" value=\"2532\"><input type=\"hidden\" name=\"page_title\" value=\"\"><input type=\"hidden\" name=\"page_url\" value=\"https:\/\/gorzelanny.pl\/hotel-chrobry\/wp-json\/wp\/v2\/pages\/3701\"><button type=\"submit\" name=\"wpforms[submit]\" id=\"wpforms-submit-2532\" class=\"wpforms-submit\" data-alt-text=\"Wysy\u0142anie...\" data-submit-text=\"Prze\u015blij\" aria-live=\"assertive\" value=\"wpforms-submit\">Prze\u015blij<\/button><img loading=\"lazy\" decoding=\"async\" src=\"https:\/\/gorzelanny.pl\/hotel-chrobry\/wp-content\/plugins\/wpforms-lite\/assets\/images\/submit-spin.svg\" class=\"wpforms-submit-spinner\" style=\"display: none;\" width=\"26\" height=\"26\" alt=\"Wczytywanie\"><\/div><\/form><\/div>  <!-- .wpforms-container -->[\/vc_tta_section][\/vc_tta_accordion][\/vc_column][\/vc_row][vc_row full_width=&#8221;stretch_row_content_no_spaces&#8221; shadow_x_offset=&#8221;0&#8243; shadow_y_offset=&#8221;0&#8243; shadow_blur=&#8221;0&#8243; shadow_spread=&#8221;0&#8243; shadow_color=&#8221;&#8221;][vc_column][vc_empty_space][vc_empty_space height=&#8221;80px&#8221;][vc_separator border_width=&#8221;8&#8243;][vc_column_text css_animation=&#8221;fadeIn&#8221; css=&#8221;.vc_custom_1772023526380{border-radius: 10px !important;}&#8221;]<\/p>\n<h3 style=\"text-align: center;\">Nie zwlekaj &#8211; zarezerwuj sw\u00f3j pobyt ju\u017c dzi\u015b i pozw\u00f3l sobie na wyj\u0105tkowy wypoczynek.<br \/>\n\ud83d\udcde\u00a0<a href=\"tel:785633087\">785 633 087<\/a>\u00a0\u00a0\ud83d\udce7\u00a0<a href=\"mailto:hotelchrobry@gorzelanny.pl\">hotelchrobry@gorzelanny.pl<\/a><br \/>\nSerdecznie zapraszamy! Czekamy na Ciebie! \u2728<\/h3>\n<p>[\/vc_column_text][vc_separator border_width=&#8221;5&#8243;][vc_custom_heading text=&#8221;SPRAWD\u0179 POZOSTA\u0141E OFERTY&#8221; font_container=&#8221;tag:h2|text_align:center&#8221; google_fonts=&#8221;font_family:Orienta%3Aregular|font_style:400%20regular%3A400%3Anormal&#8221; css_animation=&#8221;fadeIn&#8221;][vc_basic_grid post_type=&#8221;page&#8221; max_items=&#8221;100&#8243; style=&#8221;pagination&#8221; items_per_page=&#8221;4&#8243; element_width=&#8221;3&#8243; gap=&#8221;10&#8243; orderby=&#8221;menu_order&#8221; order=&#8221;ASC&#8221; arrows_design=&#8221;vc_arrow-icon-arrow_01_left&#8221; arrows_color=&#8221;mulled_wine&#8221; paging_design=&#8221;none&#8221; loop=&#8221;yes&#8221; autoplay=&#8221;4&#8243; item=&#8221;masonryGrid_Default&#8221; grid_id=&#8221;vc_gid:1778155956420-4ea29ace-bd11-2&#8243; taxonomies=&#8221;43&#8243;][\/vc_column][\/vc_row]<\/p>\n","protected":false},"excerpt":{"rendered":"<p>[vc_row][vc_column][vc_text_separator title=&#8221;RODZINNY POBYT W G\u00d3RACH (POZA OKRESEM WAKACYJNYM) &#8211; 2026&#8243; color=&#8221;mulled_wine&#8221;][\/vc_column][\/vc_row][vc_row][vc_column parallax=&#8221;content-moving&#8221; shadow_x_offset=&#8221;0&#8243; shadow_y_offset=&#8221;0&#8243; shadow_blur=&#8221;0&#8243; shadow_spread=&#8221;0&#8243; shadow_color=&#8221;&#8221;][vc_tta_accordion active_section=&#8221;&#8221;][vc_tta_section i_icon_fontawesome=&#8221;stmicon-hotel&#8221; add_icon=&#8221;true&#8221; title=&#8221;KLIKNIJ I ZAREZERWUJ POBYT&#8221; tab_id=&#8221;1607808799803-b36afb86-776e&#8221;][\/vc_tta_section][\/vc_tta_accordion][\/vc_column][\/vc_row][vc_row][vc_column][vc_media_grid element_width=&#8221;3&#8243; grid_id=&#8221;vc_gid:1778155956407-8b078a9b-c216-7&#8243; include=&#8221;3495,3474,2957,2949&#8243;][\/vc_column][\/vc_row][vc_row][vc_column][\/vc_column][vc_column_text] Je\u015bli szukasz miejsca w g\u00f3rach zlokalizowanego w pobli\u017cu najwa\u017cniejszych atrakcji turystycznych i szlak\u00f3w g\u00f3rskich to koniecznie sprawd\u017a poni\u017csz\u0105 ofert\u0119. O\u015brodek Chrobry usytuowany jest w malowniczej miejscowo\u015bci Pokrzywna [&hellip;]<\/p>\n","protected":false},"author":1,"featured_media":3727,"parent":0,"menu_order":7,"comment_status":"closed","ping_status":"closed","template":"","meta":{"om_disable_all_campaigns":false,"footnotes":""},"class_list":["post-3701","page","type-page","status-publish","has-post-thumbnail","hentry","kategorie_stron-oferta_specjalna"],"_links":{"self":[{"href":"https:\/\/gorzelanny.pl\/hotel-chrobry\/wp-json\/wp\/v2\/pages\/3701","targetHints":{"allow":["GET"]}}],"collection":[{"href":"https:\/\/gorzelanny.pl\/hotel-chrobry\/wp-json\/wp\/v2\/pages"}],"about":[{"href":"https:\/\/gorzelanny.pl\/hotel-chrobry\/wp-json\/wp\/v2\/types\/page"}],"author":[{"embeddable":true,"href":"https:\/\/gorzelanny.pl\/hotel-chrobry\/wp-json\/wp\/v2\/users\/1"}],"replies":[{"embeddable":true,"href":"https:\/\/gorzelanny.pl\/hotel-chrobry\/wp-json\/wp\/v2\/comments?post=3701"}],"version-history":[{"count":14,"href":"https:\/\/gorzelanny.pl\/hotel-chrobry\/wp-json\/wp\/v2\/pages\/3701\/revisions"}],"predecessor-version":[{"id":4163,"href":"https:\/\/gorzelanny.pl\/hotel-chrobry\/wp-json\/wp\/v2\/pages\/3701\/revisions\/4163"}],"wp:featuredmedia":[{"embeddable":true,"href":"https:\/\/gorzelanny.pl\/hotel-chrobry\/wp-json\/wp\/v2\/media\/3727"}],"wp:attachment":[{"href":"https:\/\/gorzelanny.pl\/hotel-chrobry\/wp-json\/wp\/v2\/media?parent=3701"}],"curies":[{"name":"wp","href":"https:\/\/api.w.org\/{rel}","templated":true}]}}