{"id":2346,"date":"2018-06-05T04:15:54","date_gmt":"2018-06-05T04:15:54","guid":{"rendered":"http:\/\/multipurpose.loc\/hotel\/?page_id=168"},"modified":"2026-03-27T08:58:47","modified_gmt":"2026-03-27T07:58:47","slug":"kontakt","status":"publish","type":"page","link":"https:\/\/gorzelanny.pl\/hotel-dzwirzyno\/kontakt\/","title":{"rendered":"Kontakt"},"content":{"rendered":"<p>[vc_row shadow_x_offset=&#8221;0&#8243; shadow_y_offset=&#8221;0&#8243; shadow_blur=&#8221;0&#8243; shadow_spread=&#8221;0&#8243; shadow_color=&#8221;&#8221; css=&#8221;.vc_custom_1531906799465{padding-top: 20px !important;}&#8221;][vc_column shadow_x_offset=&#8221;0&#8243; shadow_y_offset=&#8221;0&#8243; shadow_blur=&#8221;0&#8243; shadow_spread=&#8221;0&#8243; offset=&#8221;vc_col-lg-8 vc_col-md-8&#8243;][vc_column_text][\/vc_column_text][stm_contact_form_7 form=&#8221;5&#8243;][vc_text_separator title=&#8221;GDZIE NAS ZNAJDZIESZ?&#8221; i_icon_fontawesome=&#8221;stmicon-maps-and-flags&#8221; i_color=&#8221;chino&#8221; add_icon=&#8221;true&#8221;][vc_gmaps link=&#8221;#E-8_JTNDaWZyYW1lJTIwc3JjJTNEJTIyaHR0cHMlM0ElMkYlMkZ3d3cuZ29vZ2xlLmNvbSUyRm1hcHMlMkZlbWJlZCUzRnBiJTNEJTIxMW0xOCUyMTFtMTIlMjExbTMlMjExZDg1NzAuNDE0NjY3NTE1OTIlMjEyZDE1LjM5NDM0MDY5MDIwMDEwNSUyMTNkNTQuMTUzMDQ3ODMyNTg3NzUlMjEybTMlMjExZjAlMjEyZjAlMjEzZjAlMjEzbTIlMjExaTEwMjQlMjEyaTc2OCUyMTRmMTMuMSUyMTNtMyUyMTFtMiUyMTFzMHg0NzAwMTM2YmU0YTFhZWY1JTI1M0EweGIyN2YzZTY0ZDJhNmU4NjQlMjEyc0hvdGVsJTI1MjBHb3J6ZWxhbm55JTIxNWUwJTIxM20yJTIxMXNwbCUyMTJzcGwlMjE0djE3MDcyMTA0NTE1OTUlMjE1bTIlMjExc3BsJTIxMnNwbCUyMiUyMHdpZHRoJTNEJTIyNjAwJTIyJTIwaGVpZ2h0JTNEJTIyNDUwJTIyJTIwZnJhbWVib3JkZXIlM0QlMjIwJTIyJTIwc3R5bGUlM0QlMjJib3JkZXIlM0EwJTIyJTIwYWxsb3dmdWxsc2NyZWVuJTNFJTNDJTJGaWZyYW1lJTNF&#8221;][\/vc_column][vc_column shadow_x_offset=&#8221;0&#8243; shadow_y_offset=&#8221;0&#8243; shadow_blur=&#8221;0&#8243; shadow_spread=&#8221;0&#8243; offset=&#8221;vc_col-lg-4 vc_col-md-4&#8243;][stm_contacts_widget style=&#8221;style_2&#8243; address=&#8221;Jachtowa 42, 78-131 D\u017awirzyno&#8221; css=&#8221;.vc_custom_1707299137477{background-image: url(https:\/\/hotello.stylemixthemes.com\/demoimages\/frankfurt\/contacts_bg.jpg?id=1011) !important;background-position: center !important;background-repeat: no-repeat !important;background-size: cover !important;}&#8221;][vc_text_separator title=&#8221;REZERWACJE&#8221; i_icon_fontawesome=&#8221;stmicon-library_books&#8221; i_color=&#8221;chino&#8221; title_align=&#8221;separator_align_left&#8221; add_icon=&#8221;true&#8221;][vc_column_text]<a href=\"mailto:rezerwacja.apartamenty@gorzelanny.pl\">rezerwacja.apartamenty@gorzelanny.pl<\/a><\/p>\n<p>+48 661 404 873[\/vc_column_text][vc_text_separator title=&#8221;RECEPCJA&#8221; i_icon_fontawesome=&#8221;stmicon-hotel&#8221; i_color=&#8221;chino&#8221; title_align=&#8221;separator_align_left&#8221; add_icon=&#8221;true&#8221;][vc_column_text]<a href=\"mailto:recepcja.apartamenty@gorzelanny.pl\">recepcja.apartamenty@gorzelanny.pl<\/a><\/p>\n<p>+48 534 407 165[\/vc_column_text][vc_text_separator title=&#8221;BIURO&#8221; i_icon_fontawesome=&#8221;fas fa-briefcase&#8221; i_color=&#8221;chino&#8221; title_align=&#8221;separator_align_left&#8221; add_icon=&#8221;true&#8221;][vc_column_text]<a href=\"mailto:biuro.apartamenty@gorzelanny.pl\">biuro.apartamenty@gorzelanny.pl<\/a><\/p>\n<p>+48 661 404 873[\/vc_column_text][vc_text_separator title=&#8221;MARKETING&#8221; i_icon_fontawesome=&#8221;fas fa-headset&#8221; i_color=&#8221;chino&#8221; title_align=&#8221;separator_align_left&#8221; add_icon=&#8221;true&#8221;][vc_column_text]<a class=\"mailto-link\" href=\"mailto:marketing.apartamenty@gorzelanny.pl\" target=\"_blank\" rel=\"noopener\">marketing.apartamenty@gorzelanny.pl<\/a><\/p>\n<p>+48 531 304 395[\/vc_column_text][vc_text_separator title=&#8221;REZERWACJE GRUPOWE&#8221; i_icon_fontawesome=&#8221;fas fa-users&#8221; i_color=&#8221;chino&#8221; title_align=&#8221;separator_align_left&#8221; add_icon=&#8221;true&#8221;][vc_column_text]<a href=\"mailto:grupy.apartamenty@gorzelanny.pl\">grupy.apartamenty@gorzelanny.pl<\/a><\/p>\n<p>+48 531 113 702[\/vc_column_text][vc_separator][vc_column_text]<strong>DANE FIRMY:<\/strong><\/p>\n<p><strong>Hotele Gorzelanny Sp\u00f3\u0142ka z ograniczon\u0105 odpowiedzialno\u015bci\u0105 Sp\u00f3\u0142ka Komandytowa<\/strong><br \/>\nPokrzywna 76<br \/>\n48-267 Jarno\u0142t\u00f3wek<\/p>\n<p>NIP: 7532437273<br \/>\nKRS: 0000560045<br \/>\nREGON: 361599833<\/p>\n<p>NUMER KONTA:<br \/>\n<b>mBank S.A<\/b><br \/>\n<b>03 1140 1788 0000 7902 0900 1001<\/b><br \/>\nKod swift:<br \/>\nBREXPLPWMBK<\/p>\n<div>KONTO WALUTOWE:<\/div>\n<div>Bank Polskiej Sp\u00f3\u0142dzielczo\u015bci S.A.<br \/>\nIBAN: PL59 1930 1028 2240 0267 8823 0002<\/div>\n<div>BIC: POLUPLPRXXX<\/div>\n<p>[\/vc_column_text][\/vc_column][\/vc_row][vc_row full_width=&#8221;stretch_row_content_no_spaces&#8221; shadow_x_offset=&#8221;0&#8243; shadow_y_offset=&#8221;0&#8243; shadow_blur=&#8221;0&#8243; shadow_spread=&#8221;0&#8243; shadow_color=&#8221;&#8221; css=&#8221;.vc_custom_1528179675214{margin-bottom: -60px !important;}&#8221;][vc_column][stm_spacer height=&#8221;70&#8243; height_tablet=&#8221;50&#8243; height_mobile=&#8221;40&#8243;][\/vc_column][\/vc_row]<\/p>\n","protected":false},"excerpt":{"rendered":"<p>[vc_row shadow_x_offset=&#8221;0&#8243; shadow_y_offset=&#8221;0&#8243; shadow_blur=&#8221;0&#8243; shadow_spread=&#8221;0&#8243; shadow_color=&#8221;&#8221; css=&#8221;.vc_custom_1531906799465{padding-top: 20px !important;}&#8221;][vc_column shadow_x_offset=&#8221;0&#8243; shadow_y_offset=&#8221;0&#8243; shadow_blur=&#8221;0&#8243; shadow_spread=&#8221;0&#8243; offset=&#8221;vc_col-lg-8 vc_col-md-8&#8243;][vc_column_text][\/vc_column_text][stm_contact_form_7 form=&#8221;5&#8243;][vc_text_separator title=&#8221;GDZIE NAS ZNAJDZIESZ?&#8221; i_icon_fontawesome=&#8221;stmicon-maps-and-flags&#8221; i_color=&#8221;chino&#8221; add_icon=&#8221;true&#8221;][vc_gmaps link=&#8221;#E-8_JTNDaWZyYW1lJTIwc3JjJTNEJTIyaHR0cHMlM0ElMkYlMkZ3d3cuZ29vZ2xlLmNvbSUyRm1hcHMlMkZlbWJlZCUzRnBiJTNEJTIxMW0xOCUyMTFtMTIlMjExbTMlMjExZDg1NzAuNDE0NjY3NTE1OTIlMjEyZDE1LjM5NDM0MDY5MDIwMDEwNSUyMTNkNTQuMTUzMDQ3ODMyNTg3NzUlMjEybTMlMjExZjAlMjEyZjAlMjEzZjAlMjEzbTIlMjExaTEwMjQlMjEyaTc2OCUyMTRmMTMuMSUyMTNtMyUyMTFtMiUyMTFzMHg0NzAwMTM2YmU0YTFhZWY1JTI1M0EweGIyN2YzZTY0ZDJhNmU4NjQlMjEyc0hvdGVsJTI1MjBHb3J6ZWxhbm55JTIxNWUwJTIxM20yJTIxMXNwbCUyMTJzcGwlMjE0djE3MDcyMTA0NTE1OTUlMjE1bTIlMjExc3BsJTIxMnNwbCUyMiUyMHdpZHRoJTNEJTIyNjAwJTIyJTIwaGVpZ2h0JTNEJTIyNDUwJTIyJTIwZnJhbWVib3JkZXIlM0QlMjIwJTIyJTIwc3R5bGUlM0QlMjJib3JkZXIlM0EwJTIyJTIwYWxsb3dmdWxsc2NyZWVuJTNFJTNDJTJGaWZyYW1lJTNF&#8221;][\/vc_column][vc_column shadow_x_offset=&#8221;0&#8243; shadow_y_offset=&#8221;0&#8243; shadow_blur=&#8221;0&#8243; shadow_spread=&#8221;0&#8243; offset=&#8221;vc_col-lg-4 vc_col-md-4&#8243;][stm_contacts_widget style=&#8221;style_2&#8243; address=&#8221;Jachtowa 42, 78-131 D\u017awirzyno&#8221; css=&#8221;.vc_custom_1707299137477{background-image: url(https:\/\/hotello.stylemixthemes.com\/demoimages\/frankfurt\/contacts_bg.jpg?id=1011) !important;background-position: center !important;background-repeat: no-repeat !important;background-size: cover !important;}&#8221;][vc_text_separator title=&#8221;REZERWACJE&#8221; i_icon_fontawesome=&#8221;stmicon-library_books&#8221; i_color=&#8221;chino&#8221; title_align=&#8221;separator_align_left&#8221; add_icon=&#8221;true&#8221;][vc_column_text]rezerwacja.apartamenty@gorzelanny.pl +48 661 404 873[\/vc_column_text][vc_text_separator title=&#8221;RECEPCJA&#8221; i_icon_fontawesome=&#8221;stmicon-hotel&#8221; i_color=&#8221;chino&#8221; [&hellip;]<\/p>\n","protected":false},"author":1,"featured_media":0,"parent":0,"menu_order":0,"comment_status":"closed","ping_status":"closed","template":"","meta":{"footnotes":""},"class_list":["post-2346","page","type-page","status-publish","hentry"],"yoast_head":"<!-- This site is optimized with the Yoast SEO plugin v27.0 - https:\/\/yoast.com\/product\/yoast-seo-wordpress\/ -->\n<title>Kontakt - Hotel i Apartameny Gorzelanny w D\u017awirzynie, gmina Ko\u0142obrzeg<\/title>\n<meta name=\"robots\" content=\"index, follow, max-snippet:-1, max-image-preview:large, max-video-preview:-1\" \/>\n<link rel=\"canonical\" href=\"https:\/\/gorzelanny.pl\/hotel-dzwirzyno\/kontakt\/\" \/>\n<meta property=\"og:locale\" content=\"pl_PL\" \/>\n<meta property=\"og:type\" content=\"article\" \/>\n<meta property=\"og:title\" content=\"Kontakt - Hotel i Apartameny Gorzelanny w D\u017awirzynie, gmina Ko\u0142obrzeg\" \/>\n<meta property=\"og:description\" content=\"[vc_row shadow_x_offset=&#8221;0&#8243; shadow_y_offset=&#8221;0&#8243; shadow_blur=&#8221;0&#8243; shadow_spread=&#8221;0&#8243; shadow_color=&#8221;&#8221; css=&#8221;.vc_custom_1531906799465{padding-top: 20px !important;}&#8221;][vc_column shadow_x_offset=&#8221;0&#8243; shadow_y_offset=&#8221;0&#8243; shadow_blur=&#8221;0&#8243; shadow_spread=&#8221;0&#8243; offset=&#8221;vc_col-lg-8 vc_col-md-8&#8243;][vc_column_text][\/vc_column_text][stm_contact_form_7 form=&#8221;5&#8243;][vc_text_separator title=&#8221;GDZIE NAS ZNAJDZIESZ?&#8221; i_icon_fontawesome=&#8221;stmicon-maps-and-flags&#8221; i_color=&#8221;chino&#8221; add_icon=&#8221;true&#8221;][vc_gmaps link=&#8221;#E-8_JTNDaWZyYW1lJTIwc3JjJTNEJTIyaHR0cHMlM0ElMkYlMkZ3d3cuZ29vZ2xlLmNvbSUyRm1hcHMlMkZlbWJlZCUzRnBiJTNEJTIxMW0xOCUyMTFtMTIlMjExbTMlMjExZDg1NzAuNDE0NjY3NTE1OTIlMjEyZDE1LjM5NDM0MDY5MDIwMDEwNSUyMTNkNTQuMTUzMDQ3ODMyNTg3NzUlMjEybTMlMjExZjAlMjEyZjAlMjEzZjAlMjEzbTIlMjExaTEwMjQlMjEyaTc2OCUyMTRmMTMuMSUyMTNtMyUyMTFtMiUyMTFzMHg0NzAwMTM2YmU0YTFhZWY1JTI1M0EweGIyN2YzZTY0ZDJhNmU4NjQlMjEyc0hvdGVsJTI1MjBHb3J6ZWxhbm55JTIxNWUwJTIxM20yJTIxMXNwbCUyMTJzcGwlMjE0djE3MDcyMTA0NTE1OTUlMjE1bTIlMjExc3BsJTIxMnNwbCUyMiUyMHdpZHRoJTNEJTIyNjAwJTIyJTIwaGVpZ2h0JTNEJTIyNDUwJTIyJTIwZnJhbWVib3JkZXIlM0QlMjIwJTIyJTIwc3R5bGUlM0QlMjJib3JkZXIlM0EwJTIyJTIwYWxsb3dmdWxsc2NyZWVuJTNFJTNDJTJGaWZyYW1lJTNF&#8221;][\/vc_column][vc_column shadow_x_offset=&#8221;0&#8243; shadow_y_offset=&#8221;0&#8243; shadow_blur=&#8221;0&#8243; shadow_spread=&#8221;0&#8243; offset=&#8221;vc_col-lg-4 vc_col-md-4&#8243;][stm_contacts_widget style=&#8221;style_2&#8243; address=&#8221;Jachtowa 42, 78-131 D\u017awirzyno&#8221; css=&#8221;.vc_custom_1707299137477{background-image: url(https:\/\/hotello.stylemixthemes.com\/demoimages\/frankfurt\/contacts_bg.jpg?id=1011) !important;background-position: center !important;background-repeat: no-repeat !important;background-size: cover !important;}&#8221;][vc_text_separator title=&#8221;REZERWACJE&#8221; i_icon_fontawesome=&#8221;stmicon-library_books&#8221; i_color=&#8221;chino&#8221; title_align=&#8221;separator_align_left&#8221; add_icon=&#8221;true&#8221;][vc_column_text]rezerwacja.apartamenty@gorzelanny.pl +48 661 404 873[\/vc_column_text][vc_text_separator title=&#8221;RECEPCJA&#8221; i_icon_fontawesome=&#8221;stmicon-hotel&#8221; i_color=&#8221;chino&#8221; [&hellip;]\" \/>\n<meta property=\"og:url\" content=\"https:\/\/gorzelanny.pl\/hotel-dzwirzyno\/kontakt\/\" \/>\n<meta property=\"og:site_name\" content=\"Hotel i Apartameny Gorzelanny w D\u017awirzynie, gmina Ko\u0142obrzeg\" \/>\n<meta property=\"article:publisher\" content=\"https:\/\/www.facebook.com\/hotele.gorzelanny\" \/>\n<meta property=\"article:modified_time\" content=\"2026-03-27T07:58:47+00:00\" \/>\n<meta name=\"twitter:card\" content=\"summary_large_image\" \/>\n<meta name=\"twitter:label1\" content=\"Szacowany czas czytania\" \/>\n\t<meta name=\"twitter:data1\" content=\"1 minuta\" \/>\n<script type=\"application\/ld+json\" class=\"yoast-schema-graph\">{\"@context\":\"https:\/\/schema.org\",\"@graph\":[{\"@type\":\"WebPage\",\"@id\":\"https:\/\/gorzelanny.pl\/hotel-dzwirzyno\/kontakt\/\",\"url\":\"https:\/\/gorzelanny.pl\/hotel-dzwirzyno\/kontakt\/\",\"name\":\"Kontakt - Hotel i Apartameny Gorzelanny w D\u017awirzynie, gmina Ko\u0142obrzeg\",\"isPartOf\":{\"@id\":\"https:\/\/gorzelanny.pl\/hotel-dzwirzyno\/#website\"},\"datePublished\":\"2018-06-05T04:15:54+00:00\",\"dateModified\":\"2026-03-27T07:58:47+00:00\",\"breadcrumb\":{\"@id\":\"https:\/\/gorzelanny.pl\/hotel-dzwirzyno\/kontakt\/#breadcrumb\"},\"inLanguage\":\"pl-PL\",\"potentialAction\":[{\"@type\":\"ReadAction\",\"target\":[\"https:\/\/gorzelanny.pl\/hotel-dzwirzyno\/kontakt\/\"]}]},{\"@type\":\"BreadcrumbList\",\"@id\":\"https:\/\/gorzelanny.pl\/hotel-dzwirzyno\/kontakt\/#breadcrumb\",\"itemListElement\":[{\"@type\":\"ListItem\",\"position\":1,\"name\":\"Home\",\"item\":\"https:\/\/gorzelanny.pl\/hotel-dzwirzyno\/\"},{\"@type\":\"ListItem\",\"position\":2,\"name\":\"Kontakt\"}]},{\"@type\":\"WebSite\",\"@id\":\"https:\/\/gorzelanny.pl\/hotel-dzwirzyno\/#website\",\"url\":\"https:\/\/gorzelanny.pl\/hotel-dzwirzyno\/\",\"name\":\"Hotel i Apartameny Gorzelanny w D\u017awirzynie, gmina Ko\u0142obrzeg\",\"description\":\"Pobyty z wy\u017cywieniem dla rodzin z dzie\u0107mi, blisko pla\u017cy. Pokoje z klimatyzacj\u0105, basen z rynn\u0105 wodn\u0105, jacuzzi, restauracja, parking. Przyjazny zwierz\u0119tom.\",\"potentialAction\":[{\"@type\":\"SearchAction\",\"target\":{\"@type\":\"EntryPoint\",\"urlTemplate\":\"https:\/\/gorzelanny.pl\/hotel-dzwirzyno\/?s={search_term_string}\"},\"query-input\":{\"@type\":\"PropertyValueSpecification\",\"valueRequired\":true,\"valueName\":\"search_term_string\"}}],\"inLanguage\":\"pl-PL\"}]}<\/script>\n<!-- \/ Yoast SEO plugin. -->","yoast_head_json":{"title":"Kontakt - Hotel i Apartameny Gorzelanny w D\u017awirzynie, gmina Ko\u0142obrzeg","robots":{"index":"index","follow":"follow","max-snippet":"max-snippet:-1","max-image-preview":"max-image-preview:large","max-video-preview":"max-video-preview:-1"},"canonical":"https:\/\/gorzelanny.pl\/hotel-dzwirzyno\/kontakt\/","og_locale":"pl_PL","og_type":"article","og_title":"Kontakt - Hotel i Apartameny Gorzelanny w D\u017awirzynie, gmina Ko\u0142obrzeg","og_description":"[vc_row shadow_x_offset=&#8221;0&#8243; shadow_y_offset=&#8221;0&#8243; shadow_blur=&#8221;0&#8243; shadow_spread=&#8221;0&#8243; shadow_color=&#8221;&#8221; css=&#8221;.vc_custom_1531906799465{padding-top: 20px !important;}&#8221;][vc_column shadow_x_offset=&#8221;0&#8243; shadow_y_offset=&#8221;0&#8243; shadow_blur=&#8221;0&#8243; shadow_spread=&#8221;0&#8243; offset=&#8221;vc_col-lg-8 vc_col-md-8&#8243;][vc_column_text][\/vc_column_text][stm_contact_form_7 form=&#8221;5&#8243;][vc_text_separator title=&#8221;GDZIE NAS ZNAJDZIESZ?&#8221; i_icon_fontawesome=&#8221;stmicon-maps-and-flags&#8221; i_color=&#8221;chino&#8221; add_icon=&#8221;true&#8221;][vc_gmaps link=&#8221;#E-8_JTNDaWZyYW1lJTIwc3JjJTNEJTIyaHR0cHMlM0ElMkYlMkZ3d3cuZ29vZ2xlLmNvbSUyRm1hcHMlMkZlbWJlZCUzRnBiJTNEJTIxMW0xOCUyMTFtMTIlMjExbTMlMjExZDg1NzAuNDE0NjY3NTE1OTIlMjEyZDE1LjM5NDM0MDY5MDIwMDEwNSUyMTNkNTQuMTUzMDQ3ODMyNTg3NzUlMjEybTMlMjExZjAlMjEyZjAlMjEzZjAlMjEzbTIlMjExaTEwMjQlMjEyaTc2OCUyMTRmMTMuMSUyMTNtMyUyMTFtMiUyMTFzMHg0NzAwMTM2YmU0YTFhZWY1JTI1M0EweGIyN2YzZTY0ZDJhNmU4NjQlMjEyc0hvdGVsJTI1MjBHb3J6ZWxhbm55JTIxNWUwJTIxM20yJTIxMXNwbCUyMTJzcGwlMjE0djE3MDcyMTA0NTE1OTUlMjE1bTIlMjExc3BsJTIxMnNwbCUyMiUyMHdpZHRoJTNEJTIyNjAwJTIyJTIwaGVpZ2h0JTNEJTIyNDUwJTIyJTIwZnJhbWVib3JkZXIlM0QlMjIwJTIyJTIwc3R5bGUlM0QlMjJib3JkZXIlM0EwJTIyJTIwYWxsb3dmdWxsc2NyZWVuJTNFJTNDJTJGaWZyYW1lJTNF&#8221;][\/vc_column][vc_column shadow_x_offset=&#8221;0&#8243; shadow_y_offset=&#8221;0&#8243; shadow_blur=&#8221;0&#8243; shadow_spread=&#8221;0&#8243; offset=&#8221;vc_col-lg-4 vc_col-md-4&#8243;][stm_contacts_widget style=&#8221;style_2&#8243; address=&#8221;Jachtowa 42, 78-131 D\u017awirzyno&#8221; css=&#8221;.vc_custom_1707299137477{background-image: url(https:\/\/hotello.stylemixthemes.com\/demoimages\/frankfurt\/contacts_bg.jpg?id=1011) !important;background-position: center !important;background-repeat: no-repeat !important;background-size: cover !important;}&#8221;][vc_text_separator title=&#8221;REZERWACJE&#8221; i_icon_fontawesome=&#8221;stmicon-library_books&#8221; i_color=&#8221;chino&#8221; title_align=&#8221;separator_align_left&#8221; add_icon=&#8221;true&#8221;][vc_column_text]rezerwacja.apartamenty@gorzelanny.pl +48 661 404 873[\/vc_column_text][vc_text_separator title=&#8221;RECEPCJA&#8221; i_icon_fontawesome=&#8221;stmicon-hotel&#8221; i_color=&#8221;chino&#8221; [&hellip;]","og_url":"https:\/\/gorzelanny.pl\/hotel-dzwirzyno\/kontakt\/","og_site_name":"Hotel i Apartameny Gorzelanny w D\u017awirzynie, gmina Ko\u0142obrzeg","article_publisher":"https:\/\/www.facebook.com\/hotele.gorzelanny","article_modified_time":"2026-03-27T07:58:47+00:00","twitter_card":"summary_large_image","twitter_misc":{"Szacowany czas czytania":"1 minuta"},"schema":{"@context":"https:\/\/schema.org","@graph":[{"@type":"WebPage","@id":"https:\/\/gorzelanny.pl\/hotel-dzwirzyno\/kontakt\/","url":"https:\/\/gorzelanny.pl\/hotel-dzwirzyno\/kontakt\/","name":"Kontakt - Hotel i Apartameny Gorzelanny w D\u017awirzynie, gmina Ko\u0142obrzeg","isPartOf":{"@id":"https:\/\/gorzelanny.pl\/hotel-dzwirzyno\/#website"},"datePublished":"2018-06-05T04:15:54+00:00","dateModified":"2026-03-27T07:58:47+00:00","breadcrumb":{"@id":"https:\/\/gorzelanny.pl\/hotel-dzwirzyno\/kontakt\/#breadcrumb"},"inLanguage":"pl-PL","potentialAction":[{"@type":"ReadAction","target":["https:\/\/gorzelanny.pl\/hotel-dzwirzyno\/kontakt\/"]}]},{"@type":"BreadcrumbList","@id":"https:\/\/gorzelanny.pl\/hotel-dzwirzyno\/kontakt\/#breadcrumb","itemListElement":[{"@type":"ListItem","position":1,"name":"Home","item":"https:\/\/gorzelanny.pl\/hotel-dzwirzyno\/"},{"@type":"ListItem","position":2,"name":"Kontakt"}]},{"@type":"WebSite","@id":"https:\/\/gorzelanny.pl\/hotel-dzwirzyno\/#website","url":"https:\/\/gorzelanny.pl\/hotel-dzwirzyno\/","name":"Hotel i Apartameny Gorzelanny w D\u017awirzynie, gmina Ko\u0142obrzeg","description":"Pobyty z wy\u017cywieniem dla rodzin z dzie\u0107mi, blisko pla\u017cy. Pokoje z klimatyzacj\u0105, basen z rynn\u0105 wodn\u0105, jacuzzi, restauracja, parking. Przyjazny zwierz\u0119tom.","potentialAction":[{"@type":"SearchAction","target":{"@type":"EntryPoint","urlTemplate":"https:\/\/gorzelanny.pl\/hotel-dzwirzyno\/?s={search_term_string}"},"query-input":{"@type":"PropertyValueSpecification","valueRequired":true,"valueName":"search_term_string"}}],"inLanguage":"pl-PL"}]}},"_links":{"self":[{"href":"https:\/\/gorzelanny.pl\/hotel-dzwirzyno\/wp-json\/wp\/v2\/pages\/2346","targetHints":{"allow":["GET"]}}],"collection":[{"href":"https:\/\/gorzelanny.pl\/hotel-dzwirzyno\/wp-json\/wp\/v2\/pages"}],"about":[{"href":"https:\/\/gorzelanny.pl\/hotel-dzwirzyno\/wp-json\/wp\/v2\/types\/page"}],"author":[{"embeddable":true,"href":"https:\/\/gorzelanny.pl\/hotel-dzwirzyno\/wp-json\/wp\/v2\/users\/1"}],"replies":[{"embeddable":true,"href":"https:\/\/gorzelanny.pl\/hotel-dzwirzyno\/wp-json\/wp\/v2\/comments?post=2346"}],"version-history":[{"count":48,"href":"https:\/\/gorzelanny.pl\/hotel-dzwirzyno\/wp-json\/wp\/v2\/pages\/2346\/revisions"}],"predecessor-version":[{"id":5436,"href":"https:\/\/gorzelanny.pl\/hotel-dzwirzyno\/wp-json\/wp\/v2\/pages\/2346\/revisions\/5436"}],"wp:attachment":[{"href":"https:\/\/gorzelanny.pl\/hotel-dzwirzyno\/wp-json\/wp\/v2\/media?parent=2346"}],"curies":[{"name":"wp","href":"https:\/\/api.w.org\/{rel}","templated":true}]}}