{"id":2356,"date":"2018-06-05T12:49:55","date_gmt":"2018-06-05T12:49:55","guid":{"rendered":"http:\/\/multipurpose.loc\/hotel\/?page_id=258"},"modified":"2026-01-16T11:59:42","modified_gmt":"2026-01-16T10:59:42","slug":"galeria","status":"publish","type":"page","link":"https:\/\/gorzelanny.pl\/hotel-dzwirzyno\/galeria\/","title":{"rendered":"Galeria"},"content":{"rendered":"<p>[vc_row][vc_column][vc_video link=&#8221;https:\/\/gorzelanny.pl\/hotel-dzwirzyno\/wp-content\/uploads\/2024\/07\/film-promocyjny-znapisami-720p-2min.mp4&#8243;][vc_column_text]Hotel i Apartamenty Gorzelanny D\u017awirzyno tworzy obecnie kompleks 7 budynk\u00f3w z kt\u00f3rych 6 to apartamentowce w kt\u00f3rych znajduj\u0105 si\u0119 wy\u0142\u0105cznie Apartamenty Standardowe (1 pokojowe) oraz Apartamenty Family (2-pokojowe typu studio). W cz\u0119\u015bci z tych apartament\u00f3w mo\u017cna przyje\u017cd\u017ca\u0107 ze zwierz\u0119tami.<\/p>\n<p>Si\u00f3dmy budynek to hotel z rozbudowan\u0105 infrastruktur\u0105: na I pi\u0119trze znajduj\u0105 si\u0119 22 pokoje hotelowe, na parterze jest recepcja i restauracja a na poziomie -1 atrakcje: sauna sucha i parowa, grota solna z t\u0119\u017cni\u0105, sala konferencyjna, biblioteka, bilard, pi\u0142karzyki, tenis sto\u0142owy i cymbergaj. Tam znajduj\u0105 si\u0119 r\u00f3wnie\u017c gabinety zabiegowe (masa\u017ce klasyczne i relaksacyjne), sala \u0107wicze\u0144 oraz pok\u00f3j zabaw dla dzieci. W budynku hotelowym zwierz\u0119ta nie s\u0105 dozwolone.[\/vc_column_text][stm_images_gallery_with_categories images=&#8221;%5B%7B%22category%22%3A%22Apartamenty%22%2C%22images_array%22%3A%224224%2C4923%2C4222%2C3431%2C3428%2C4225%2C3429%2C4228%2C4227%22%7D%2C%7B%22category%22%3A%22Hotel%22%2C%22images_array%22%3A%224227%2C5068%2C5069%2C5072%2C5071%2C5073%2C4864%2C4869%2C4853%2C4849%2C4847%22%7D%2C%7B%22category%22%3A%22Restauracja%22%2C%22images_array%22%3A%224915%2C4914%2C4909%2C4910%2C4908%2C4890%2C4889%2C4882%2C4881%2C4833%2C4831%2C4829%22%7D%2C%7B%22category%22%3A%22Okolica%22%2C%22images_array%22%3A%223404%2C3403%2C3405%2C3406%2C3407%2C3408%2C3409%2C3305%2C3306%2C3307%2C3308%2C3309%2C3310%2C3221%2C3220%2C3217%2C3207%2C3208%2C3209%2C3210%2C3203%2C3228%2C3241%2C3238%2C3218%22%7D%2C%7B%22category%22%3A%22Basen%22%2C%22images_array%22%3A%223410%2C3412%2C3411%2C3413%2C3328%2C3329%2C3330%2C3331%2C3332%22%7D%2C%7B%22category%22%3A%22Wizualizacje%22%2C%22images_array%22%3A%223435%2C3436%2C3437%2C3438%2C3439%2C3440%2C3441%2C3442%2C3443%2C3444%22%7D%5D&#8221; number=&#8221;12&#8243; img_size=&#8221;700&#215;480&#8243; custom_class=&#8221;sm_mgt_0&#8243;][\/vc_column][vc_column][\/vc_column][\/vc_row]<\/p>\n","protected":false},"excerpt":{"rendered":"<p>[vc_row][vc_column][vc_video link=&#8221;https:\/\/gorzelanny.pl\/hotel-dzwirzyno\/wp-content\/uploads\/2024\/07\/film-promocyjny-znapisami-720p-2min.mp4&#8243;][vc_column_text]Hotel i Apartamenty Gorzelanny D\u017awirzyno tworzy obecnie kompleks 7 budynk\u00f3w z kt\u00f3rych 6 to apartamentowce w kt\u00f3rych znajduj\u0105 si\u0119 wy\u0142\u0105cznie Apartamenty Standardowe (1 pokojowe) oraz Apartamenty Family (2-pokojowe typu studio). W cz\u0119\u015bci z tych apartament\u00f3w mo\u017cna przyje\u017cd\u017ca\u0107 ze zwierz\u0119tami. Si\u00f3dmy budynek to hotel z rozbudowan\u0105 infrastruktur\u0105: na I pi\u0119trze znajduj\u0105 si\u0119 22 pokoje hotelowe, [&hellip;]<\/p>\n","protected":false},"author":1,"featured_media":0,"parent":0,"menu_order":0,"comment_status":"closed","ping_status":"closed","template":"","meta":{"footnotes":""},"class_list":["post-2356","page","type-page","status-publish","hentry"],"yoast_head":"<!-- This site is optimized with the Yoast SEO plugin v27.0 - https:\/\/yoast.com\/product\/yoast-seo-wordpress\/ -->\n<title>Galeria - Hotel i Apartameny Gorzelanny w D\u017awirzynie, gmina Ko\u0142obrzeg<\/title>\n<meta name=\"robots\" content=\"index, follow, max-snippet:-1, max-image-preview:large, max-video-preview:-1\" \/>\n<link rel=\"canonical\" href=\"https:\/\/gorzelanny.pl\/hotel-dzwirzyno\/galeria\/\" \/>\n<meta property=\"og:locale\" content=\"pl_PL\" \/>\n<meta property=\"og:type\" content=\"article\" \/>\n<meta property=\"og:title\" content=\"Galeria - Hotel i Apartameny Gorzelanny w D\u017awirzynie, gmina Ko\u0142obrzeg\" \/>\n<meta property=\"og:description\" content=\"[vc_row][vc_column][vc_video link=&#8221;https:\/\/gorzelanny.pl\/hotel-dzwirzyno\/wp-content\/uploads\/2024\/07\/film-promocyjny-znapisami-720p-2min.mp4&#8243;][vc_column_text]Hotel i Apartamenty Gorzelanny D\u017awirzyno tworzy obecnie kompleks 7 budynk\u00f3w z kt\u00f3rych 6 to apartamentowce w kt\u00f3rych znajduj\u0105 si\u0119 wy\u0142\u0105cznie Apartamenty Standardowe (1 pokojowe) oraz Apartamenty Family (2-pokojowe typu studio). W cz\u0119\u015bci z tych apartament\u00f3w mo\u017cna przyje\u017cd\u017ca\u0107 ze zwierz\u0119tami. Si\u00f3dmy budynek to hotel z rozbudowan\u0105 infrastruktur\u0105: na I pi\u0119trze znajduj\u0105 si\u0119 22 pokoje hotelowe, [&hellip;]\" \/>\n<meta property=\"og:url\" content=\"https:\/\/gorzelanny.pl\/hotel-dzwirzyno\/galeria\/\" \/>\n<meta property=\"og:site_name\" content=\"Hotel i Apartameny Gorzelanny w D\u017awirzynie, gmina Ko\u0142obrzeg\" \/>\n<meta property=\"article:publisher\" content=\"https:\/\/www.facebook.com\/hotele.gorzelanny\" \/>\n<meta property=\"article:modified_time\" content=\"2026-01-16T10:59:42+00:00\" \/>\n<meta name=\"twitter:card\" content=\"summary_large_image\" \/>\n<meta name=\"twitter:label1\" content=\"Szacowany czas czytania\" \/>\n\t<meta name=\"twitter:data1\" content=\"1 minuta\" \/>\n<script type=\"application\/ld+json\" class=\"yoast-schema-graph\">{\"@context\":\"https:\/\/schema.org\",\"@graph\":[{\"@type\":\"WebPage\",\"@id\":\"https:\/\/gorzelanny.pl\/hotel-dzwirzyno\/galeria\/\",\"url\":\"https:\/\/gorzelanny.pl\/hotel-dzwirzyno\/galeria\/\",\"name\":\"Galeria - Hotel i Apartameny Gorzelanny w D\u017awirzynie, gmina Ko\u0142obrzeg\",\"isPartOf\":{\"@id\":\"https:\/\/gorzelanny.pl\/hotel-dzwirzyno\/#website\"},\"datePublished\":\"2018-06-05T12:49:55+00:00\",\"dateModified\":\"2026-01-16T10:59:42+00:00\",\"breadcrumb\":{\"@id\":\"https:\/\/gorzelanny.pl\/hotel-dzwirzyno\/galeria\/#breadcrumb\"},\"inLanguage\":\"pl-PL\",\"potentialAction\":[{\"@type\":\"ReadAction\",\"target\":[\"https:\/\/gorzelanny.pl\/hotel-dzwirzyno\/galeria\/\"]}]},{\"@type\":\"BreadcrumbList\",\"@id\":\"https:\/\/gorzelanny.pl\/hotel-dzwirzyno\/galeria\/#breadcrumb\",\"itemListElement\":[{\"@type\":\"ListItem\",\"position\":1,\"name\":\"Home\",\"item\":\"https:\/\/gorzelanny.pl\/hotel-dzwirzyno\/\"},{\"@type\":\"ListItem\",\"position\":2,\"name\":\"Galeria\"}]},{\"@type\":\"WebSite\",\"@id\":\"https:\/\/gorzelanny.pl\/hotel-dzwirzyno\/#website\",\"url\":\"https:\/\/gorzelanny.pl\/hotel-dzwirzyno\/\",\"name\":\"Hotel i Apartameny Gorzelanny w D\u017awirzynie, gmina Ko\u0142obrzeg\",\"description\":\"Pobyty z wy\u017cywieniem dla rodzin z dzie\u0107mi, blisko pla\u017cy. Pokoje z klimatyzacj\u0105, basen z rynn\u0105 wodn\u0105, jacuzzi, restauracja, parking. Przyjazny zwierz\u0119tom.\",\"potentialAction\":[{\"@type\":\"SearchAction\",\"target\":{\"@type\":\"EntryPoint\",\"urlTemplate\":\"https:\/\/gorzelanny.pl\/hotel-dzwirzyno\/?s={search_term_string}\"},\"query-input\":{\"@type\":\"PropertyValueSpecification\",\"valueRequired\":true,\"valueName\":\"search_term_string\"}}],\"inLanguage\":\"pl-PL\"}]}<\/script>\n<!-- \/ Yoast SEO plugin. -->","yoast_head_json":{"title":"Galeria - Hotel i Apartameny Gorzelanny w D\u017awirzynie, gmina Ko\u0142obrzeg","robots":{"index":"index","follow":"follow","max-snippet":"max-snippet:-1","max-image-preview":"max-image-preview:large","max-video-preview":"max-video-preview:-1"},"canonical":"https:\/\/gorzelanny.pl\/hotel-dzwirzyno\/galeria\/","og_locale":"pl_PL","og_type":"article","og_title":"Galeria - Hotel i Apartameny Gorzelanny w D\u017awirzynie, gmina Ko\u0142obrzeg","og_description":"[vc_row][vc_column][vc_video link=&#8221;https:\/\/gorzelanny.pl\/hotel-dzwirzyno\/wp-content\/uploads\/2024\/07\/film-promocyjny-znapisami-720p-2min.mp4&#8243;][vc_column_text]Hotel i Apartamenty Gorzelanny D\u017awirzyno tworzy obecnie kompleks 7 budynk\u00f3w z kt\u00f3rych 6 to apartamentowce w kt\u00f3rych znajduj\u0105 si\u0119 wy\u0142\u0105cznie Apartamenty Standardowe (1 pokojowe) oraz Apartamenty Family (2-pokojowe typu studio). W cz\u0119\u015bci z tych apartament\u00f3w mo\u017cna przyje\u017cd\u017ca\u0107 ze zwierz\u0119tami. Si\u00f3dmy budynek to hotel z rozbudowan\u0105 infrastruktur\u0105: na I pi\u0119trze znajduj\u0105 si\u0119 22 pokoje hotelowe, [&hellip;]","og_url":"https:\/\/gorzelanny.pl\/hotel-dzwirzyno\/galeria\/","og_site_name":"Hotel i Apartameny Gorzelanny w D\u017awirzynie, gmina Ko\u0142obrzeg","article_publisher":"https:\/\/www.facebook.com\/hotele.gorzelanny","article_modified_time":"2026-01-16T10:59:42+00:00","twitter_card":"summary_large_image","twitter_misc":{"Szacowany czas czytania":"1 minuta"},"schema":{"@context":"https:\/\/schema.org","@graph":[{"@type":"WebPage","@id":"https:\/\/gorzelanny.pl\/hotel-dzwirzyno\/galeria\/","url":"https:\/\/gorzelanny.pl\/hotel-dzwirzyno\/galeria\/","name":"Galeria - Hotel i Apartameny Gorzelanny w D\u017awirzynie, gmina Ko\u0142obrzeg","isPartOf":{"@id":"https:\/\/gorzelanny.pl\/hotel-dzwirzyno\/#website"},"datePublished":"2018-06-05T12:49:55+00:00","dateModified":"2026-01-16T10:59:42+00:00","breadcrumb":{"@id":"https:\/\/gorzelanny.pl\/hotel-dzwirzyno\/galeria\/#breadcrumb"},"inLanguage":"pl-PL","potentialAction":[{"@type":"ReadAction","target":["https:\/\/gorzelanny.pl\/hotel-dzwirzyno\/galeria\/"]}]},{"@type":"BreadcrumbList","@id":"https:\/\/gorzelanny.pl\/hotel-dzwirzyno\/galeria\/#breadcrumb","itemListElement":[{"@type":"ListItem","position":1,"name":"Home","item":"https:\/\/gorzelanny.pl\/hotel-dzwirzyno\/"},{"@type":"ListItem","position":2,"name":"Galeria"}]},{"@type":"WebSite","@id":"https:\/\/gorzelanny.pl\/hotel-dzwirzyno\/#website","url":"https:\/\/gorzelanny.pl\/hotel-dzwirzyno\/","name":"Hotel i Apartameny Gorzelanny w D\u017awirzynie, gmina Ko\u0142obrzeg","description":"Pobyty z wy\u017cywieniem dla rodzin z dzie\u0107mi, blisko pla\u017cy. Pokoje z klimatyzacj\u0105, basen z rynn\u0105 wodn\u0105, jacuzzi, restauracja, parking. Przyjazny zwierz\u0119tom.","potentialAction":[{"@type":"SearchAction","target":{"@type":"EntryPoint","urlTemplate":"https:\/\/gorzelanny.pl\/hotel-dzwirzyno\/?s={search_term_string}"},"query-input":{"@type":"PropertyValueSpecification","valueRequired":true,"valueName":"search_term_string"}}],"inLanguage":"pl-PL"}]}},"_links":{"self":[{"href":"https:\/\/gorzelanny.pl\/hotel-dzwirzyno\/wp-json\/wp\/v2\/pages\/2356","targetHints":{"allow":["GET"]}}],"collection":[{"href":"https:\/\/gorzelanny.pl\/hotel-dzwirzyno\/wp-json\/wp\/v2\/pages"}],"about":[{"href":"https:\/\/gorzelanny.pl\/hotel-dzwirzyno\/wp-json\/wp\/v2\/types\/page"}],"author":[{"embeddable":true,"href":"https:\/\/gorzelanny.pl\/hotel-dzwirzyno\/wp-json\/wp\/v2\/users\/1"}],"replies":[{"embeddable":true,"href":"https:\/\/gorzelanny.pl\/hotel-dzwirzyno\/wp-json\/wp\/v2\/comments?post=2356"}],"version-history":[{"count":22,"href":"https:\/\/gorzelanny.pl\/hotel-dzwirzyno\/wp-json\/wp\/v2\/pages\/2356\/revisions"}],"predecessor-version":[{"id":5223,"href":"https:\/\/gorzelanny.pl\/hotel-dzwirzyno\/wp-json\/wp\/v2\/pages\/2356\/revisions\/5223"}],"wp:attachment":[{"href":"https:\/\/gorzelanny.pl\/hotel-dzwirzyno\/wp-json\/wp\/v2\/media?parent=2356"}],"curies":[{"name":"wp","href":"https:\/\/api.w.org\/{rel}","templated":true}]}}