{"id":3002,"date":"2024-02-15T12:51:21","date_gmt":"2024-02-15T11:51:21","guid":{"rendered":"https:\/\/gorzelanny.pl\/hotel-dzwirzyno\/?page_id=3002"},"modified":"2026-02-17T13:18:36","modified_gmt":"2026-02-17T12:18:36","slug":"apartamenty","status":"publish","type":"page","link":"https:\/\/gorzelanny.pl\/hotel-dzwirzyno\/apartamenty\/","title":{"rendered":"Apartamenty"},"content":{"rendered":"<p>[vc_row][vc_column][vc_column_text]<\/p>\n<div data-canvas-width=\"634.9541477435762\">\n<div data-canvas-width=\"634.9474167438566\">\n<div class=\"fusion-fullwidth fullwidth-box fusion-builder-row-3 fusion-flex-container hundred-percent-fullwidth non-hundred-percent-height-scrolling\">\n<div class=\"fusion-builder-row fusion-row fusion-flex-align-items-flex-start fusion-flex-justify-content-center\">\n<div class=\"fusion-layout-column fusion_builder_column fusion-builder-column-5 fusion_builder_column_3_5 3_5 fusion-flex-column fusion-flex-align-self-center fusion-animated\" data-animationtype=\"fadeInDown\" data-animationduration=\"1.6\" data-animationoffset=\"top-into-view\">\n<div class=\"fusion-column-wrapper fusion-flex-justify-content-center fusion-content-layout-column\">\n<div class=\"fusion-text fusion-text-3\">\n<div data-canvas-width=\"481.71999999999986\">Apartamenty Gorzelanny to nowoczesna inwestycja, kt\u00f3ra \u0142\u0105czy funkcjonalno\u015b\u0107 z estetyk\u0105. Wyszukane rozwi\u0105zania architektoniczne i nowoczesny design, z wykorzystaniem materia\u0142\u00f3w wyko\u0144czeniowych najwy\u017cszej jako\u015bci. Wysoki standard, dope\u0142niany przez jasne i otwarte przestrzenie, stworzone z my\u015bl\u0105 o ekologicznych rozwi\u0105zaniach.<\/div>\n<\/div>\n<\/div>\n<\/div>\n<\/div>\n<\/div>\n<\/div>\n<\/div>\n<p>[\/vc_column_text][vc_column_text]<\/p>\n<div data-canvas-width=\"634.9541477435762\">\n<div data-canvas-width=\"531.52\">Gwarantujemy wyj\u0105tkowy wypoczynek w nadmorskiej miejscowo\u015bci D\u017awirzyno, nieopodal jeziora Resko oraz Morza Ba\u0142tyckiego. Do Pa\u0144stwa dyspozycji mamy Apartamenty 1-pokojowe oraz Apartamenty 2-pokojowe.<\/div>\n<\/div>\n<p>[\/vc_column_text][\/vc_column][\/vc_row][vc_row][vc_column][vc_separator][vc_custom_heading text=&#8221;Apartament Standard (1-pokojowy)&#8221; font_container=&#8221;tag:h3|text_align:center&#8221;][vc_separator][\/vc_column][vc_column width=&#8221;2\/3&#8243;][vc_message message_box_color=&#8221;grey&#8221;]<\/p>\n<div data-canvas-width=\"199.5730666666667\"><strong>Powierzchnia:<\/strong> 20-25m<sup>2<\/sup><\/div>\n<div data-canvas-width=\"108.70599999999997\"><strong>Maksymalna ilo\u015b\u0107 os\u00f3b:<\/strong> 2 osoby<\/div>\n<p>[\/vc_message][vc_column_text]<\/p>\n<div data-canvas-width=\"448.39200000000005\">\n<div class=\"document-page\" data-page=\"2\">\n<div class=\"pdf-page\">\n<div class=\"text-wrapper user-select-text\">\n<div data-canvas-width=\"526.2799999999999\">\n<p>Wyposa\u017cenie:<\/p>\n<ul>\n<li>balkon na pi\u0119trze lub taras na parterze z umeblowaniem (stolik + 2 krzes\u0142a ogrodowe)<\/li>\n<li>2 pe\u0142nowymiarowe \u0142\u00f3\u017cka 90&#215;200 cm<\/li>\n<li>klimatyzacja<\/li>\n<li>Smart-TV<\/li>\n<li>aneks kuchenny z lod\u00f3wk\u0105 podblatow\u0105, p\u0142yt\u0105 grzejn\u0105 i czajnikiem<\/li>\n<li>\u0142azienka (kabina prysznicowa, suszarka do w\u0142os\u00f3w, kosmetyki hotelowe w zasobnikach).<\/li>\n<\/ul>\n<p>Apartamenty s\u0105 sprz\u0105tane co 4 dni. Na \u017cyczenie mo\u017cna zam\u00f3wi\u0107 dodatkowy serwis z odkurzaniem i wymian\u0105 r\u0119cznik\u00f3w.<\/p>\n<\/div>\n<\/div>\n<\/div>\n<\/div>\n<\/div>\n<p>[\/vc_column_text][vc_column_text]<\/p>\n<div data-canvas-width=\"448.39200000000005\">\n<div class=\"document-page\" data-page=\"2\">\n<div class=\"pdf-page\">\n<div class=\"text-wrapper user-select-text\">\n<div data-canvas-width=\"487.4666666666667\">Apartament jest klimatyzowany oraz ogrzewany, w zale\u017cno\u015bci od Pa\u0144skich preferencji. Na wyposa\u017ceniu znajduje si\u0119 tak\u017ce nowoczesny Smart TV z dost\u0119pem do Internetu WLAN.<\/div>\n<\/div>\n<\/div>\n<\/div>\n<\/div>\n<p>[\/vc_column_text][vc_column_text]<\/p>\n<div data-canvas-width=\"526.2266666666668\">Istnieje mo\u017cliwo\u015b\u0107 aran\u017cacji apartamentu zgodnie z preferencjami Go\u015bcia. Docelowo wybieramy dla Pa\u0144stwa Apartamenty z \u0142\u00f3\u017ckami ma\u0142\u017ce\u0144skimi, chyba, \u017ce wyra\u017c\u0105 Pa\u0144stwo potrzeb\u0119 posiadania Apartamentu z \u0142\u00f3\u017ckami pojedynczymi. Prosimy uwzgl\u0119dni\u0107 tak\u0105 informacj\u0119 przy dokonywaniu rezerwacji.<\/div>\n<p>[\/vc_column_text][vc_column_text]<\/p>\n<div data-canvas-width=\"526.2266666666668\">\n<div data-canvas-width=\"489.1999999999998\">\n<div data-canvas-width=\"503.03999999999957\">W naszych Apartamentach obowi\u0105zuje ca\u0142kowity zakaz palenia.<\/div>\n<div data-canvas-width=\"503.03999999999957\">Na zdj\u0119ciach ukazane s\u0105 przyk\u0142adowe zdj\u0119cia r\u00f3\u017cnych Apartament\u00f3w, mog\u0105 one nieznacznie r\u00f3\u017cni\u0107 si\u0119 wielko\u015bci\u0105 oraz rozmieszczeniem mebli.<\/div>\n<\/div>\n<\/div>\n<p>[\/vc_column_text][vc_tta_accordion active_section=&#8221;&#8221; collapsible_all=&#8221;true&#8221;][vc_tta_section title=&#8221;W CENIE POBYTU&#8221; tab_id=&#8221;1715344987794-b3db344f-33b6&#8243;][vc_column_text]<\/p>\n<div class=\"document-page\" data-page=\"1\">\n<div class=\"pdf-page\">\n<div class=\"text-wrapper user-select-text\">\n<ul>\n<li>Zakwaterowanie w nowocze\u015bnie umeblowanych oraz komfortowych Apartamentach jednopokojowych, w kt\u00f3rych znajduje si\u0119: prywatna \u0142azienka z prysznicem i deszczownic\u0105, zestaw r\u0119cznik\u00f3w, suszarka oraz podstawowe kosmetyki, w pe\u0142ni wyposa\u017cony aneks kuchenny z czajnikiem i lod\u00f3wk\u0105, balkon lub taras (mo\u017cliwo\u015b\u0107 wyboru \u2013 w miar\u0119 dost\u0119pno\u015bci).<\/li>\n<li>Powitalny zestaw do parzenia kawy i herbaty.<\/li>\n<li>Bezp\u0142atny serwis na \u017cyczenie<\/li>\n<li>Nielimitowany dost\u0119p do strefy rekreacyjnej (w godzinach otwarcia), a w niej: basen rekreacyjny o wielko\u015bci 6&#215;12, dwa jacuzzi oraz ZJE\u017bD\u017bALNIA PONTONOWA! Atrakcja zar\u00f3wno dla dzieci, jak i doros\u0142ych.<\/li>\n<\/ul>\n<\/div>\n<\/div>\n<\/div>\n<p>[\/vc_column_text][\/vc_tta_section][vc_tta_section title=&#8221;DODATKOWO OFERUJEMY&#8221; tab_id=&#8221;1715344987879-f2e59203-f124&#8243;][vc_column_text]<\/p>\n<div class=\"document-page\" data-page=\"1\">\n<div class=\"pdf-page\">\n<div class=\"text-wrapper user-select-text\">\n<div data-canvas-width=\"155.8528\">\n<div class=\"document-page\" data-page=\"1\">\n<div class=\"pdf-page\">\n<div class=\"text-wrapper user-select-text\">\n<div data-canvas-width=\"610.0479999999997\">\n<ul>\n<li>Mo\u017cliwo\u015b\u0107 wcze\u015bniejszego check-in, oraz p\u00f3\u017aniejszego check-out (zale\u017cnie od dost\u0119pno\u015bci \u2013 szczeg\u00f3\u0142y w recepcji).<\/li>\n<li>Bezp\u0142atny dost\u0119p do kijk\u00f3w nordic walking<\/li>\n<li>Internet bezprzewodowy<\/li>\n<li>wynajecie miejsca parkingowego w cenie 30 zl \/doba<\/li>\n<li>wypo\u017cyczenie p\u0142aszcza kapielowego w cenie 30 z\u0142\/doba<\/li>\n<li>Mo\u017cliwo\u015b\u0107 wypo\u017cyczenia \u0142\u00f3\u017ceczka oraz krzese\u0142ka dla dziecka<\/li>\n<li>Mo\u017cliwo\u015b\u0107 przyjazdu z pupilem \u2013 koszt za dob\u0119 dla czworono\u017cnego Go\u015bcia to 70 z\u0142.<\/li>\n<\/ul>\n<p>+ \u015awie\u017ce, nadmorskie powietrze wype\u0142nione jodem i witaminami!<\/p>\n<p>+ Profesjonaln\u0105 i mi\u0142\u0105 obs\u0142ug\u0119!<\/p>\n<p>+ Przytuln\u0105 atmosfer\u0119!<\/p>\n<p>+ Przepi\u0119kne widoki!<\/p>\n<\/div>\n<\/div>\n<\/div>\n<\/div>\n<\/div>\n<\/div>\n<\/div>\n<\/div>\n<p>[\/vc_column_text][\/vc_tta_section][\/vc_tta_accordion][vc_empty_space height=&#8221;52px&#8221;][\/vc_column][vc_column width=&#8221;1\/3&#8243;][vc_btn title=&#8221;SPRAWD\u0179 DOST\u0118PNO\u015a\u0106 | REZERWUJ POBYT ONLINE&#8221; style=&#8221;gradient-custom&#8221; gradient_custom_color_1=&#8221;#dd9933&#8243; gradient_custom_color_2=&#8221;#dd3333&#8243; gradient_text_color=&#8221;#000000&#8243; size=&#8221;lg&#8221; i_icon_fontawesome=&#8221;stmicon-hotel&#8221; add_icon=&#8221;true&#8221; link=&#8221;url:https%3A%2F%2Fgorzelanny.pl%2Fhotel-dzwirzyno%2Frezerwacja-online%2F|title:Rezerwacja%20online|target:_blank&#8221;][vc_media_grid element_width=&#8221;12&#8243; grid_id=&#8221;vc_gid:1771330676000-a77dfc4d-8616-7&#8243; include=&#8221;4137&#8243;][\/vc_column][\/vc_row][vc_row][vc_column][vc_separator][vc_custom_heading text=&#8221;Apartament Family (2-pokojowy)&#8221; font_container=&#8221;tag:h3|text_align:center&#8221;][vc_separator][\/vc_column][\/vc_row][vc_row][vc_column width=&#8221;2\/3&#8243;][vc_message message_box_color=&#8221;grey&#8221;]<\/p>\n<div data-canvas-width=\"199.5730666666667\">\n<div data-canvas-width=\"199.5730666666667\"><strong>Powierzchnia:<\/strong> 27-45 m<sup>2<\/sup><\/div>\n<div data-canvas-width=\"108.70599999999997\"><strong>Maksymalna ilo\u015b\u0107 os\u00f3b:<\/strong> 4 osoby<\/div>\n<\/div>\n<p>[\/vc_message][vc_column_text]<\/p>\n<div data-canvas-width=\"448.39200000000005\">\n<div data-canvas-width=\"108.70599999999997\">\n<div data-canvas-width=\"596.5599999999998\">W Apartamentach 2-pokojowych Family znajduj\u0105 si\u0119 dwa pokoje oddzielone wewn\u0119trznymi drzwiami, w ka\u017cdym telewizor i dwa \u0142\u00f3\u017cka z\u0142\u0105czone w jedno \u0142\u00f3\u017cko dwuosobowe.<\/div>\n<div data-canvas-width=\"596.5599999999998\">\n<p>Wyposa\u017cenie:<\/p>\n<ul>\n<li>4 pe\u0142nowymiarowe \u0142\u00f3\u017cka 90&#215;200 cm<\/li>\n<li>balkon na pi\u0119trze lub taras na parterze z umeblowaniem (stolik + 2 krzes\u0142a ogrodowe<\/li>\n<li>klimatyzacja<\/li>\n<li>2x Smart-TV<\/li>\n<li>aneks kuchenny z lod\u00f3wk\u0105 podblatow\u0105, p\u0142yt\u0105 grzejn\u0105 i czajnikiem<\/li>\n<li>\u0142azienka (kabina prysznicowa typu walk-in z deszczownic\u0105, suszarka do w\u0142os\u00f3w, kosmetyki hotelowe w zasobnikach).<\/li>\n<\/ul>\n<p>Apartamenty s\u0105 sprz\u0105tane co 4 dni. Na \u017cyczenie za dodatkow\u0105 op\u0142at\u0105 mo\u017cna zam\u00f3wi\u0107 dodatkowy serwis z odkurzaniem i wymian\u0105 r\u0119cznik\u00f3w.<\/p>\n<\/div>\n<\/div>\n<\/div>\n<p>[\/vc_column_text][vc_column_text]<\/p>\n<div data-canvas-width=\"448.39200000000005\">\n<div data-canvas-width=\"87.85\">\n<div data-canvas-width=\"553.2399999999998\">Apartament jest klimatyzowany oraz ogrzewany, w zale\u017cno\u015bci od Pa\u0144skich preferencji.<\/div>\n<\/div>\n<\/div>\n<p>[\/vc_column_text][vc_column_text]<\/p>\n<div data-canvas-width=\"594.3066666666667\">Istnieje mo\u017cliwo\u015b\u0107 aran\u017cacji apartamentu zgodnie z preferencjami Go\u015bcia. Do dyspozycji posiadamy Apartamenty 2-pokojowe z czterema \u0142\u00f3\u017ckami pojedynczymi, oraz Apartamenty 2-pokojowe z dwoma \u0142\u00f3\u017ckami ma\u0142\u017ce\u0144skimi. Docelowo wybieramy dla Pa\u0144stwa Apartamenty z \u0142\u00f3\u017ckami ma\u0142\u017ce\u0144skimi, chyba, \u017ce wyra\u017c\u0105 Pa\u0144stwo potrzeb\u0119 posiadania Apartamentu z \u0142\u00f3\u017ckami pojedynczymi. Prosimy uwzgl\u0119dni\u0107 tak\u0105 informacj\u0119 przy dokonywaniu rezerwacji.<\/div>\n<p>[\/vc_column_text][vc_column_text]<\/p>\n<div data-canvas-width=\"594.3066666666667\">\n<div data-canvas-width=\"572.8266666666664\">Apartamenty 2-pokojowe to idealne rozwi\u0105zanie dla rodzin z dzie\u0107mi, kt\u00f3re pozwala rodzicom na chwil\u0119 prywatno\u015bci, a dzieciom \u2013 na wygodne, du\u017ce \u0142o\u017ce ma\u0142\u017ce\u0144skie. Planujesz spotkanie ze znajomymi na weekend? Ten Apartament b\u0119dzie \u015bwietnym wyborem.<\/div>\n<\/div>\n<p>[\/vc_column_text][vc_column_text]<\/p>\n<div data-canvas-width=\"526.2266666666668\">\n<div data-canvas-width=\"489.1999999999998\">\n<div data-canvas-width=\"503.03999999999957\">Wszystkie Apartamenty posiadaj\u0105 umeblowane tarasy lub balkony, a tak\u017ce bezp\u0142atny dost\u0119p do Wi-Fi.<\/div>\n<div data-canvas-width=\"503.03999999999957\">W naszych Apartamentach obowi\u0105zuje ca\u0142kowity zakaz palenia.<\/div>\n<div data-canvas-width=\"503.03999999999957\">Na zdj\u0119ciach ukazane s\u0105 przyk\u0142adowe zdj\u0119cia r\u00f3\u017cnych Apartament\u00f3w, mog\u0105 one nieznacznie r\u00f3\u017cni\u0107 si\u0119 wielko\u015bci\u0105 oraz rozmieszczeniem mebli.<\/div>\n<\/div>\n<\/div>\n<p>[\/vc_column_text][vc_tta_accordion active_section=&#8221;&#8221; collapsible_all=&#8221;true&#8221;][vc_tta_section title=&#8221;W CENIE POBYTU&#8221; tab_id=&#8221;1715345348184-92ea8e06-f5de&#8221;][vc_column_text]<\/p>\n<div class=\"document-page\" data-page=\"1\">\n<div class=\"pdf-page\">\n<div class=\"text-wrapper user-select-text\">\n<ul>\n<li data-canvas-width=\"495.8533333333331\">Zakwaterowanie w nowocze\u015bnie umeblowanych oraz komfortowych Apartamentach dwupokojowych, w kt\u00f3rych znajduje si\u0119: prywatna \u0142azienka z prysznicem i deszczownic\u0105, zestaw r\u0119cznik\u00f3w, suszarka oraz podstawowe kosmetyki, w pe\u0142ni wyposa\u017cony aneks kuchenny z czajnikiem i lod\u00f3wk\u0105, balkon lub taras (mo\u017cliwo\u015b\u0107 wyboru \u2013 w miar\u0119 dost\u0119pno\u015bci) oraz dwa pomieszczenia pe\u0142ni\u0105ce funkcj\u0119 sypialnian\u0105.<\/li>\n<li>Powitalny zestaw do parzenia kawy i herbaty.<\/li>\n<li data-canvas-width=\"495.7999999999997\">Nielimitowany dost\u0119p do strefy rekreacyjnej (w godzinach otwarcia), a w niej: basen rekreacyjny o wielko\u015bci 6&#215;12, dwa jacuzzi oraz ZJE\u017bD\u017bALNIA PONTONOWA! Atrakcja zar\u00f3wno dla dzieci, jak i doros\u0142ych.<\/li>\n<\/ul>\n<\/div>\n<\/div>\n<\/div>\n<p>[\/vc_column_text][\/vc_tta_section][vc_tta_section title=&#8221;DODATKOWO OFERUJEMY&#8221; tab_id=&#8221;1715345348332-5530e795-8f2b&#8221;][vc_column_text]<\/p>\n<div class=\"document-page\" data-page=\"1\">\n<div class=\"pdf-page\">\n<div class=\"text-wrapper user-select-text\">\n<div data-canvas-width=\"155.8528\">\n<div class=\"document-page\" data-page=\"1\">\n<div class=\"pdf-page\">\n<div class=\"text-wrapper user-select-text\">\n<div data-canvas-width=\"610.0479999999997\">\n<div class=\"document-page\" data-page=\"1\">\n<div class=\"pdf-page\">\n<div class=\"text-wrapper user-select-text\">\n<div data-canvas-width=\"155.8528\">\n<div class=\"document-page\" data-page=\"1\">\n<div class=\"pdf-page\">\n<div class=\"text-wrapper user-select-text\">\n<div data-canvas-width=\"610.0479999999997\">\n<ul>\n<li>Mo\u017cliwo\u015b\u0107 wcze\u015bniejszego check-in, oraz p\u00f3\u017aniejszego check-out (zale\u017cnie od dost\u0119pno\u015bci \u2013 szczeg\u00f3\u0142y w recepcji).<\/li>\n<li>Bezp\u0142atny dost\u0119p do kijk\u00f3w nordic walking<\/li>\n<li>Internet bezprzewodowy<\/li>\n<li>wynajecie miejsca parkingowego w cenie 30 zl \/doba<\/li>\n<li>wypo\u017cyczenie p\u0142aszcza kapielowego w cenie 30 z\u0142\/doba<\/li>\n<li>Mo\u017cliwo\u015b\u0107 wypo\u017cyczenia \u0142\u00f3\u017ceczka oraz krzese\u0142ka dla dziecka<\/li>\n<li>Mo\u017cliwo\u015b\u0107 przyjazdu z pupilem \u2013 koszt za dob\u0119 dla czworono\u017cnego Go\u015bcia to 70 z\u0142.<\/li>\n<\/ul>\n<p>+ \u015awie\u017ce, nadmorskie powietrze wype\u0142nione jodem i witaminami!<\/p>\n<p>+ Profesjonaln\u0105 i mi\u0142\u0105 obs\u0142ug\u0119!<\/p>\n<p>+ Przytuln\u0105 atmosfer\u0119!<\/p>\n<p>+ Przepi\u0119kne widoki!<\/p>\n<\/div>\n<\/div>\n<\/div>\n<\/div>\n<\/div>\n<\/div>\n<\/div>\n<\/div>\n<\/div>\n<\/div>\n<\/div>\n<\/div>\n<\/div>\n<\/div>\n<\/div>\n<\/div>\n<p>[\/vc_column_text][\/vc_tta_section][\/vc_tta_accordion][\/vc_column][vc_column width=&#8221;1\/3&#8243;][vc_btn title=&#8221;SPRAWD\u0179 DOST\u0118PNO\u015a\u0106 | REZERWUJ POBYT ONLINE&#8221; style=&#8221;gradient-custom&#8221; gradient_custom_color_1=&#8221;#dd9933&#8243; gradient_custom_color_2=&#8221;#dd3333&#8243; gradient_text_color=&#8221;#000000&#8243; size=&#8221;lg&#8221; i_icon_fontawesome=&#8221;stmicon-hotel&#8221; add_icon=&#8221;true&#8221; link=&#8221;url:https%3A%2F%2Fgorzelanny.pl%2Fhotel-dzwirzyno%2Frezerwacja-online%2F|title:Rezerwacja%20online|target:_blank&#8221;][vc_media_grid element_width=&#8221;12&#8243; grid_id=&#8221;vc_gid:1771330676002-538ed58a-2b19-3&#8243; include=&#8221;4222&#8243;][\/vc_column][\/vc_row][vc_row][vc_column][vc_empty_space height=&#8221;52px&#8221;][vc_message]<\/p>\n<div data-canvas-width=\"608.6997333333331\">* Cena za jedn\u0105 osob\u0119 w Apartamencie 1 lub 2 pokojowym przy dw\u00f3ch osobach pe\u0142nop\u0142atnych. Zni\u017cki dla dzieci w apartamencie zar\u00f3wno 1 , jak i 2 pokojowym przys\u0142uguj\u0105 tylko przy min. 2 pe\u0142nop\u0142atnych osobach. W przypadku pobytu 1 osoby doros\u0142ej z dzieckiem, pobyt liczony jest jako 2 osoby doros\u0142e.<\/div>\n<div data-canvas-width=\"355.6693333333334\">\n<div data-canvas-width=\"459.5370666666666\">\n<hr \/>\n<\/div>\n<div class=\"document-page\" data-page=\"1\">\n<div class=\"pdf-page\">\n<div class=\"text-wrapper user-select-text\">\n<div data-canvas-width=\"459.5370666666666\">Podane ceny zawieraj\u0105 podatek VAT w wysoko\u015bci 8 %.<\/div>\n<div data-canvas-width=\"459.5370666666666\">Doba rozpoczyna si\u0119 o godz.16:00 w dniu przyjazdu, a ko\u0144czy si\u0119 ostatniego dnia pobytu o godz.11:00<\/div>\n<div>\n<hr \/>\n<\/div>\n<\/div>\n<\/div>\n<\/div>\n<div class=\"document-page\" data-page=\"2\">\n<div class=\"pdf-page\">\n<div class=\"text-wrapper user-select-text\">\n<div data-canvas-width=\"619.4005333333337\">Zwierz\u0119ta domowe s\u0105 akceptowane, za dodatkow\u0105 op\u0142at\u0105 70,00 z\u0142.\/ doba<\/div>\n<div data-canvas-width=\"606.9930666666666\">Op\u0142ata miejscowa p\u0142atna w recepcji wg stawek ustalonych przez Urz\u0105d Gminy.<\/div>\n<\/div>\n<\/div>\n<div data-canvas-width=\"606.9930666666666\">\n<div data-canvas-width=\"355.6693333333334\">\n<hr \/>\n<\/div>\n<div data-canvas-width=\"355.6693333333334\">Apartamenty Gorzelanny D\u017awirzyno zastrzegaj\u0105 sobie mo\u017cliwo\u015b\u0107 zmiany cen oraz stosowania odr\u0119bnego cennika dla okres\u00f3w \u015bwi\u0105tecznych, wakacyjnych i d\u0142ugich weekend\u00f3w.<\/div>\n<\/div>\n<\/div>\n<\/div>\n<p>[\/vc_message][\/vc_column][\/vc_row][vc_row][vc_column][vc_media_grid element_width=&#8221;2&#8243; grid_id=&#8221;vc_gid:1771330676004-ad4d85b7-6dda-2&#8243; include=&#8221;3432,3431,3433,3422,3424,3425,3426,3420,3415,3419,3418,3417,3416,3421,3427,3428,3429,3430&#8243;][stm_spacer height=&#8221;30&#8243; height_tablet=&#8221;30&#8243; height_mobile=&#8221;30&#8243;][vc_separator][\/vc_column][\/vc_row]<\/p>\n","protected":false},"excerpt":{"rendered":"<p>[vc_row][vc_column][vc_column_text] Apartamenty Gorzelanny to nowoczesna inwestycja, kt\u00f3ra \u0142\u0105czy funkcjonalno\u015b\u0107 z estetyk\u0105. Wyszukane rozwi\u0105zania architektoniczne i nowoczesny design, z wykorzystaniem materia\u0142\u00f3w wyko\u0144czeniowych najwy\u017cszej jako\u015bci. Wysoki standard, dope\u0142niany przez jasne i otwarte przestrzenie, stworzone z my\u015bl\u0105 o ekologicznych rozwi\u0105zaniach. [\/vc_column_text][vc_column_text] Gwarantujemy wyj\u0105tkowy wypoczynek w nadmorskiej miejscowo\u015bci D\u017awirzyno, nieopodal jeziora Resko oraz Morza Ba\u0142tyckiego. Do Pa\u0144stwa dyspozycji mamy [&hellip;]<\/p>\n","protected":false},"author":1,"featured_media":0,"parent":0,"menu_order":0,"comment_status":"closed","ping_status":"closed","template":"","meta":{"footnotes":""},"class_list":["post-3002","page","type-page","status-publish","hentry"],"yoast_head":"<!-- This site is optimized with the Yoast SEO plugin v27.0 - https:\/\/yoast.com\/product\/yoast-seo-wordpress\/ -->\n<title>Apartamenty - Hotel i Apartameny Gorzelanny w D\u017awirzynie, gmina Ko\u0142obrzeg<\/title>\n<meta name=\"robots\" content=\"index, follow, max-snippet:-1, max-image-preview:large, max-video-preview:-1\" \/>\n<link rel=\"canonical\" href=\"https:\/\/gorzelanny.pl\/hotel-dzwirzyno\/apartamenty\/\" \/>\n<meta property=\"og:locale\" content=\"pl_PL\" \/>\n<meta property=\"og:type\" content=\"article\" \/>\n<meta property=\"og:title\" content=\"Apartamenty - Hotel i Apartameny Gorzelanny w D\u017awirzynie, gmina Ko\u0142obrzeg\" \/>\n<meta property=\"og:description\" content=\"[vc_row][vc_column][vc_column_text] Apartamenty Gorzelanny to nowoczesna inwestycja, kt\u00f3ra \u0142\u0105czy funkcjonalno\u015b\u0107 z estetyk\u0105. Wyszukane rozwi\u0105zania architektoniczne i nowoczesny design, z wykorzystaniem materia\u0142\u00f3w wyko\u0144czeniowych najwy\u017cszej jako\u015bci. Wysoki standard, dope\u0142niany przez jasne i otwarte przestrzenie, stworzone z my\u015bl\u0105 o ekologicznych rozwi\u0105zaniach. [\/vc_column_text][vc_column_text] Gwarantujemy wyj\u0105tkowy wypoczynek w nadmorskiej miejscowo\u015bci D\u017awirzyno, nieopodal jeziora Resko oraz Morza Ba\u0142tyckiego. Do Pa\u0144stwa dyspozycji mamy [&hellip;]\" \/>\n<meta property=\"og:url\" content=\"https:\/\/gorzelanny.pl\/hotel-dzwirzyno\/apartamenty\/\" \/>\n<meta property=\"og:site_name\" content=\"Hotel i Apartameny Gorzelanny w D\u017awirzynie, gmina Ko\u0142obrzeg\" \/>\n<meta property=\"article:publisher\" content=\"https:\/\/www.facebook.com\/hotele.gorzelanny\" \/>\n<meta property=\"article:modified_time\" content=\"2026-02-17T12:18:36+00:00\" \/>\n<meta name=\"twitter:card\" content=\"summary_large_image\" \/>\n<meta name=\"twitter:label1\" content=\"Szacowany czas czytania\" \/>\n\t<meta name=\"twitter:data1\" content=\"10 minut\" \/>\n<script type=\"application\/ld+json\" class=\"yoast-schema-graph\">{\"@context\":\"https:\/\/schema.org\",\"@graph\":[{\"@type\":\"WebPage\",\"@id\":\"https:\/\/gorzelanny.pl\/hotel-dzwirzyno\/apartamenty\/\",\"url\":\"https:\/\/gorzelanny.pl\/hotel-dzwirzyno\/apartamenty\/\",\"name\":\"Apartamenty - Hotel i Apartameny Gorzelanny w D\u017awirzynie, gmina Ko\u0142obrzeg\",\"isPartOf\":{\"@id\":\"https:\/\/gorzelanny.pl\/hotel-dzwirzyno\/#website\"},\"datePublished\":\"2024-02-15T11:51:21+00:00\",\"dateModified\":\"2026-02-17T12:18:36+00:00\",\"breadcrumb\":{\"@id\":\"https:\/\/gorzelanny.pl\/hotel-dzwirzyno\/apartamenty\/#breadcrumb\"},\"inLanguage\":\"pl-PL\",\"potentialAction\":[{\"@type\":\"ReadAction\",\"target\":[\"https:\/\/gorzelanny.pl\/hotel-dzwirzyno\/apartamenty\/\"]}]},{\"@type\":\"BreadcrumbList\",\"@id\":\"https:\/\/gorzelanny.pl\/hotel-dzwirzyno\/apartamenty\/#breadcrumb\",\"itemListElement\":[{\"@type\":\"ListItem\",\"position\":1,\"name\":\"Home\",\"item\":\"https:\/\/gorzelanny.pl\/hotel-dzwirzyno\/\"},{\"@type\":\"ListItem\",\"position\":2,\"name\":\"Apartamenty\"}]},{\"@type\":\"WebSite\",\"@id\":\"https:\/\/gorzelanny.pl\/hotel-dzwirzyno\/#website\",\"url\":\"https:\/\/gorzelanny.pl\/hotel-dzwirzyno\/\",\"name\":\"Hotel i Apartameny Gorzelanny w D\u017awirzynie, gmina Ko\u0142obrzeg\",\"description\":\"Pobyty z wy\u017cywieniem dla rodzin z dzie\u0107mi, blisko pla\u017cy. Pokoje z klimatyzacj\u0105, basen z rynn\u0105 wodn\u0105, jacuzzi, restauracja, parking. Przyjazny zwierz\u0119tom.\",\"potentialAction\":[{\"@type\":\"SearchAction\",\"target\":{\"@type\":\"EntryPoint\",\"urlTemplate\":\"https:\/\/gorzelanny.pl\/hotel-dzwirzyno\/?s={search_term_string}\"},\"query-input\":{\"@type\":\"PropertyValueSpecification\",\"valueRequired\":true,\"valueName\":\"search_term_string\"}}],\"inLanguage\":\"pl-PL\"}]}<\/script>\n<!-- \/ Yoast SEO plugin. -->","yoast_head_json":{"title":"Apartamenty - Hotel i Apartameny Gorzelanny w D\u017awirzynie, gmina Ko\u0142obrzeg","robots":{"index":"index","follow":"follow","max-snippet":"max-snippet:-1","max-image-preview":"max-image-preview:large","max-video-preview":"max-video-preview:-1"},"canonical":"https:\/\/gorzelanny.pl\/hotel-dzwirzyno\/apartamenty\/","og_locale":"pl_PL","og_type":"article","og_title":"Apartamenty - Hotel i Apartameny Gorzelanny w D\u017awirzynie, gmina Ko\u0142obrzeg","og_description":"[vc_row][vc_column][vc_column_text] Apartamenty Gorzelanny to nowoczesna inwestycja, kt\u00f3ra \u0142\u0105czy funkcjonalno\u015b\u0107 z estetyk\u0105. Wyszukane rozwi\u0105zania architektoniczne i nowoczesny design, z wykorzystaniem materia\u0142\u00f3w wyko\u0144czeniowych najwy\u017cszej jako\u015bci. Wysoki standard, dope\u0142niany przez jasne i otwarte przestrzenie, stworzone z my\u015bl\u0105 o ekologicznych rozwi\u0105zaniach. [\/vc_column_text][vc_column_text] Gwarantujemy wyj\u0105tkowy wypoczynek w nadmorskiej miejscowo\u015bci D\u017awirzyno, nieopodal jeziora Resko oraz Morza Ba\u0142tyckiego. Do Pa\u0144stwa dyspozycji mamy [&hellip;]","og_url":"https:\/\/gorzelanny.pl\/hotel-dzwirzyno\/apartamenty\/","og_site_name":"Hotel i Apartameny Gorzelanny w D\u017awirzynie, gmina Ko\u0142obrzeg","article_publisher":"https:\/\/www.facebook.com\/hotele.gorzelanny","article_modified_time":"2026-02-17T12:18:36+00:00","twitter_card":"summary_large_image","twitter_misc":{"Szacowany czas czytania":"10 minut"},"schema":{"@context":"https:\/\/schema.org","@graph":[{"@type":"WebPage","@id":"https:\/\/gorzelanny.pl\/hotel-dzwirzyno\/apartamenty\/","url":"https:\/\/gorzelanny.pl\/hotel-dzwirzyno\/apartamenty\/","name":"Apartamenty - Hotel i Apartameny Gorzelanny w D\u017awirzynie, gmina Ko\u0142obrzeg","isPartOf":{"@id":"https:\/\/gorzelanny.pl\/hotel-dzwirzyno\/#website"},"datePublished":"2024-02-15T11:51:21+00:00","dateModified":"2026-02-17T12:18:36+00:00","breadcrumb":{"@id":"https:\/\/gorzelanny.pl\/hotel-dzwirzyno\/apartamenty\/#breadcrumb"},"inLanguage":"pl-PL","potentialAction":[{"@type":"ReadAction","target":["https:\/\/gorzelanny.pl\/hotel-dzwirzyno\/apartamenty\/"]}]},{"@type":"BreadcrumbList","@id":"https:\/\/gorzelanny.pl\/hotel-dzwirzyno\/apartamenty\/#breadcrumb","itemListElement":[{"@type":"ListItem","position":1,"name":"Home","item":"https:\/\/gorzelanny.pl\/hotel-dzwirzyno\/"},{"@type":"ListItem","position":2,"name":"Apartamenty"}]},{"@type":"WebSite","@id":"https:\/\/gorzelanny.pl\/hotel-dzwirzyno\/#website","url":"https:\/\/gorzelanny.pl\/hotel-dzwirzyno\/","name":"Hotel i Apartameny Gorzelanny w D\u017awirzynie, gmina Ko\u0142obrzeg","description":"Pobyty z wy\u017cywieniem dla rodzin z dzie\u0107mi, blisko pla\u017cy. Pokoje z klimatyzacj\u0105, basen z rynn\u0105 wodn\u0105, jacuzzi, restauracja, parking. Przyjazny zwierz\u0119tom.","potentialAction":[{"@type":"SearchAction","target":{"@type":"EntryPoint","urlTemplate":"https:\/\/gorzelanny.pl\/hotel-dzwirzyno\/?s={search_term_string}"},"query-input":{"@type":"PropertyValueSpecification","valueRequired":true,"valueName":"search_term_string"}}],"inLanguage":"pl-PL"}]}},"_links":{"self":[{"href":"https:\/\/gorzelanny.pl\/hotel-dzwirzyno\/wp-json\/wp\/v2\/pages\/3002","targetHints":{"allow":["GET"]}}],"collection":[{"href":"https:\/\/gorzelanny.pl\/hotel-dzwirzyno\/wp-json\/wp\/v2\/pages"}],"about":[{"href":"https:\/\/gorzelanny.pl\/hotel-dzwirzyno\/wp-json\/wp\/v2\/types\/page"}],"author":[{"embeddable":true,"href":"https:\/\/gorzelanny.pl\/hotel-dzwirzyno\/wp-json\/wp\/v2\/users\/1"}],"replies":[{"embeddable":true,"href":"https:\/\/gorzelanny.pl\/hotel-dzwirzyno\/wp-json\/wp\/v2\/comments?post=3002"}],"version-history":[{"count":126,"href":"https:\/\/gorzelanny.pl\/hotel-dzwirzyno\/wp-json\/wp\/v2\/pages\/3002\/revisions"}],"predecessor-version":[{"id":5301,"href":"https:\/\/gorzelanny.pl\/hotel-dzwirzyno\/wp-json\/wp\/v2\/pages\/3002\/revisions\/5301"}],"wp:attachment":[{"href":"https:\/\/gorzelanny.pl\/hotel-dzwirzyno\/wp-json\/wp\/v2\/media?parent=3002"}],"curies":[{"name":"wp","href":"https:\/\/api.w.org\/{rel}","templated":true}]}}