{"id":3697,"date":"2024-12-10T14:59:03","date_gmt":"2024-12-10T13:59:03","guid":{"rendered":"https:\/\/gorzelanny.pl\/hotel-dzwirzyno\/?page_id=3697"},"modified":"2026-01-20T10:02:32","modified_gmt":"2026-01-20T09:02:32","slug":"dzien-kobiet","status":"publish","type":"page","link":"https:\/\/gorzelanny.pl\/hotel-dzwirzyno\/dzien-kobiet\/","title":{"rendered":"DZIE\u0143 KOBIET"},"content":{"rendered":"<p>[vc_row][vc_column width=&#8221;2\/3&#8243;][vc_custom_heading text=&#8221;Niezapomniany Dzie\u0144 Kobiet nad malowniczym polskim wybrze\u017cem! To idealna okazja, by zrelaksowa\u0107 si\u0119 w urokliwej scenerii, otoczonej szumem fal i promieniami s\u0142o\u0144ca, oraz poczu\u0107 si\u0119 naprawd\u0119 kobieco!&#8221; font_container=&#8221;tag:h2|font_size:30|text_align:center&#8221;][vc_empty_space height=&#8221;12px&#8221;][vc_btn title=&#8221;ZAREZERWUJ TERAZ!&#8221; shape=&#8221;square&#8221; color=&#8221;purple&#8221; size=&#8221;lg&#8221; align=&#8221;center&#8221; button_block=&#8221;true&#8221;][vc_column_text][\/vc_column_text][\/vc_column][vc_column width=&#8221;1\/3&#8243;][caw_info_box heading=&#8221;DZIE\u0143 KOBIET&#8221; shadow=&#8221;caw_info_box_shadow1&#8243; hovershadow=&#8221;caw_info_box_hvr_shadow&#8221; link=&#8221;box&#8221; icon_type=&#8221;imageicon&#8221; attach_link=&#8221;url:https%3A%2F%2Fgorzelanny.pl%2Fhotel-dzwirzyno%2Frezerwacja-online%2F|title:REZERWUJ%20TERAZ&#8221; heading_color=&#8221;#cf61e8&#8243; subheading_color=&#8221;#0035c9&#8243; cssbox=&#8221;.vc_custom_1738059796319{background-color: #ffffff !important;border-radius: 1px !important;}&#8221; icon_imageicon=&#8221;3827&#8243;]<\/p>\n<h3 style=\"text-align: center;\" align=\"left\" data-canvas-width=\"474.032\"><strong>PROMOCJA -25%<\/strong><\/h3>\n<h3 style=\"text-align: center;\" align=\"left\" data-canvas-width=\"474.032\">ju\u017c od 599 z\u0142\/2 noce<\/h3>\n<p>[\/caw_info_box][\/vc_column][\/vc_row][vc_row][vc_column][vc_message style=&#8221;square&#8221; message_box_color=&#8221;purple&#8221; icon_fontawesome=&#8221;stmicon-local_florist&#8221;]<\/p>\n<div style=\"text-align: center;\" data-canvas-width=\"162.76799999999997\">\n<div data-canvas-width=\"162.76799999999997\"><strong>DZIE\u0143 KOBIET<\/strong><\/div>\n<div data-canvas-width=\"464.144\">Pakiet 2 nocy w terminie mi\u0119dzy <strong>07.03.2025 \u2013 09.03.2025<\/strong><\/div>\n<div data-canvas-width=\"464.144\">W CENIE PROMOCYJNEJ -25%<\/div>\n<p><strong>2 noce ju\u017c od 599 z\u0142!<\/strong><\/p>\n<\/div>\n<p>[\/vc_message][vc_custom_heading text=&#8221;TYLKO DO KO\u0143CA LUTEGO&#8221; font_container=&#8221;tag:h1|text_align:center|color:%23000000&#8243; css_animation=&#8221;bounceInUp&#8221;][vc_custom_heading text=&#8221;-25% NA CA\u0141Y PAKIET!&#8221; font_container=&#8221;tag:h1|text_align:center|color:%23000000&#8243; css_animation=&#8221;bounceInLeft&#8221;][vc_column_text]<\/p>\n<div data-canvas-width=\"234.2113333333334\">\n<div data-canvas-width=\"298.1524872019791\">\n<div data-canvas-width=\"337.61599999999993\">\n<p><strong>Oferta zawiera:<\/strong><\/p>\n<ul>\n<li>Zakwaterowanie w nowoczesnych Apartamentach z prywatn\u0105 \u0142azienk\u0105 i w pe\u0142ni wyposa\u017conym aneksem kuchennym oraz nowoczesnymi Smart TV<\/li>\n<li>Powitalny zestaw do parzenia kawy i herbaty!<\/li>\n<li>Bezp\u0142atny dost\u0119p do strefy rekreacyjnej: nieograniczona liczba wej\u015b\u0107; basen rekreacyjny; dwa jacuzzi; nasza specjalno\u015b\u0107: ZJE\u017bD\u017bALNIA PONTONOWA!<\/li>\n<li>Bezp\u0142atny parking!<\/li>\n<li>Bezp\u0142atny dost\u0119p do Wi-Fi!<\/li>\n<li>Bezp\u0142atna mo\u017cliwo\u015b\u0107 wypo\u017cyczenia gier planszowych oraz karcianych!<\/li>\n<li>Bezp\u0142atna mo\u017cliwo\u015b\u0107 wypo\u017cyczenia kijk\u00f3w do nordic walking!<\/li>\n<li>Mo\u017cliwo\u015b\u0107 przyjazdu z pupilem (dodatkowa op\u0142ata wynosi 70 z\u0142\/doba)!<\/li>\n<\/ul>\n<\/div>\n<\/div>\n<\/div>\n<p>[\/vc_column_text][vc_media_grid element_width=&#8221;2&#8243; grid_id=&#8221;vc_gid:1738755229633-f49a1f71c39587e2c87f5c99c20244ae-8&#8243; include=&#8221;3793,3791,3792,3794,3788,3790,3779,3781,3811,3810,3813,3821&#8243;][vc_message message_box_color=&#8221;alert-info&#8221;]<\/p>\n<div data-canvas-width=\"604.3692000000001\">\n<div style=\"text-align: center;\" data-canvas-width=\"619.0240000000001\">\n<div data-canvas-width=\"213.42399999999998\">\n<div class=\"document-page\" data-page=\"1\">\n<div class=\"pdf-page\">\n<div class=\"text-wrapper user-select-text\">\n<div data-canvas-width=\"142.76799999999997\"><strong>Cena za 2 noce (Apartament One-Room Suite): 599 z\u0142\/2os.<\/strong><br \/>\n<strong>Cena za 2 noce (Apartament Family Suite): 1198 z\u0142\/4os.<\/strong><\/div>\n<\/div>\n<div data-canvas-width=\"142.76799999999997\">Dziecko do lat 3 bezp\u0142atnie, drugie dziecko do lat 3 p\u0142aci jak dziecko w przedziale 4-10 lat<\/div>\n<\/div>\n<\/div>\n<\/div>\n<\/div>\n<\/div>\n<p>[\/vc_message][vc_message message_box_color=&#8221;alert-warning&#8221; icon_fontawesome=&#8221;fas fa-comment-dots&#8221;]<\/p>\n<div style=\"text-align: center;\" data-canvas-width=\"129.296\">\n<div data-canvas-width=\"1251.7446718439699\">\n<div data-canvas-width=\"523.6959999999999\">\n<div style=\"text-align: center;\" data-canvas-width=\"129.296\">\n<div data-canvas-width=\"1251.7446718439699\">\n<div data-canvas-width=\"523.6959999999999\"><strong>Rezerwacja pakietu mo\u017cliwa za po\u015brednictwem naszej strony lub<\/strong><\/div>\n<div data-canvas-width=\"542.496\"><strong>telefonicznie. Pakiet obowi\u0105zuje w terminie od 7<\/strong><\/div>\n<div data-canvas-width=\"288.4\"><strong>marca 2025 r. do 9 marca 2025 r.<\/strong><\/div>\n<\/div>\n<\/div>\n<div style=\"text-align: center;\" data-canvas-width=\"534.3040000000001\"><\/div>\n<div data-canvas-width=\"534.3040000000001\"><\/div>\n<div style=\"text-align: center;\" data-canvas-width=\"534.3040000000001\">tel. 661-404-873<\/div>\n<div style=\"text-align: center;\" data-canvas-width=\"534.3040000000001\">e-mail: <a href=\"mailto:rezerwacja.apartamenty@gorzelanny.pl\">rezerwacja.apartamenty@gorzelanny.pl<\/a><\/div>\n<\/div>\n<\/div>\n<\/div>\n<p>[\/vc_message][vc_message message_box_color=&#8221;blue&#8221; icon_fontawesome=&#8221;fab fa-facebook-square&#8221;]<\/p>\n<div style=\"text-align: center;\" data-canvas-width=\"129.296\">\n<div data-canvas-width=\"1251.7446718439699\">\n<div data-canvas-width=\"523.6959999999999\">Zapraszamy na naszego <a href=\"https:\/\/www.facebook.com\/apartamentygorzelanny\/\">Facebooka<\/a>, na kt\u00f3rym znajdziesz najnowsze informacje o promocjach, zmianach oraz nowinkach z Hotelu i Apartament\u00f3w Gorzelanny!<\/div>\n<\/div>\n<\/div>\n<p>[\/vc_message][vc_column_text][\/vc_column_text][vc_empty_space][vc_empty_space][\/vc_column][\/vc_row][vc_row][vc_column][vc_empty_space][vc_gmaps link=&#8221;#E-8_JTNDaWZyYW1lJTIwc3JjJTNEJTIyaHR0cHMlM0ElMkYlMkZ3d3cuZ29vZ2xlLmNvbSUyRm1hcHMlMkZlbWJlZCUzRnBiJTNEJTIxMW0xOCUyMTFtMTIlMjExbTMlMjExZDIzMzYuNjEwMjEzMzg2NTMxJTIxMmQxNS4zOTgwMzc4NzU3NzQwNiUyMTNkNTQuMTUxNTUzNTE0MTczNDUlMjEybTMlMjExZjAlMjEyZjAlMjEzZjAlMjEzbTIlMjExaTEwMjQlMjEyaTc2OCUyMTRmMTMuMSUyMTNtMyUyMTFtMiUyMTFzMHg0NzAwMTM2YmU0YTFhZWY1JTI1M0EweGIyN2YzZTY0ZDJhNmU4NjQlMjEyc0hvdGVsJTI1MjBpJTI1MjBBcGFydGFtZW50eSUyNTIwR29yemVsYW5ueSUyNTIwdyUyNTIwRCUyNUM1JTI1QkF3aXJ6eW5pZSUyMTVlMCUyMTNtMiUyMTFzcGwlMjEyc3BsJTIxNHYxNzM0Nzc1NjM0MDIwJTIxNW0yJTIxMXNwbCUyMTJzcGwlMjIlMjB3aWR0aCUzRCUyMjYwMCUyMiUyMGhlaWdodCUzRCUyMjQ1MCUyMiUyMHN0eWxlJTNEJTIyYm9yZGVyJTNBMCUzQiUyMiUyMGFsbG93ZnVsbHNjcmVlbiUzRCUyMiUyMiUyMGxvYWRpbmclM0QlMjJsYXp5JTIyJTIwcmVmZXJyZXJwb2xpY3klM0QlMjJuby1yZWZlcnJlci13aGVuLWRvd25ncmFkZSUyMiUzRSUzQyUyRmlmcmFtZSUzRQ==&#8221; title=&#8221;Hotel i Apartamenty Gorzelanny&#8221;][\/vc_column][\/vc_row][vc_row][vc_column][vc_empty_space][vc_empty_space height=&#8221;60px&#8221;][\/vc_column][\/vc_row]<\/p>\n","protected":false},"excerpt":{"rendered":"<p>[vc_row][vc_column width=&#8221;2\/3&#8243;][vc_custom_heading text=&#8221;Niezapomniany Dzie\u0144 Kobiet nad malowniczym polskim wybrze\u017cem! To idealna okazja, by zrelaksowa\u0107 si\u0119 w urokliwej scenerii, otoczonej szumem fal i promieniami s\u0142o\u0144ca, oraz poczu\u0107 si\u0119 naprawd\u0119 kobieco!&#8221; font_container=&#8221;tag:h2|font_size:30|text_align:center&#8221;][vc_empty_space height=&#8221;12px&#8221;][vc_btn title=&#8221;ZAREZERWUJ TERAZ!&#8221; shape=&#8221;square&#8221; color=&#8221;purple&#8221; size=&#8221;lg&#8221; align=&#8221;center&#8221; button_block=&#8221;true&#8221;][vc_column_text][\/vc_column_text][\/vc_column][vc_column width=&#8221;1\/3&#8243;][caw_info_box heading=&#8221;DZIE\u0143 KOBIET&#8221; shadow=&#8221;caw_info_box_shadow1&#8243; hovershadow=&#8221;caw_info_box_hvr_shadow&#8221; link=&#8221;box&#8221; icon_type=&#8221;imageicon&#8221; attach_link=&#8221;url:https%3A%2F%2Fgorzelanny.pl%2Fhotel-dzwirzyno%2Frezerwacja-online%2F|title:REZERWUJ%20TERAZ&#8221; heading_color=&#8221;#cf61e8&#8243; subheading_color=&#8221;#0035c9&#8243; cssbox=&#8221;.vc_custom_1738059796319{background-color: #ffffff !important;border-radius: 1px !important;}&#8221; icon_imageicon=&#8221;3827&#8243;] PROMOCJA [&hellip;]<\/p>\n","protected":false},"author":1,"featured_media":0,"parent":0,"menu_order":0,"comment_status":"closed","ping_status":"closed","template":"","meta":{"footnotes":""},"class_list":["post-3697","page","type-page","status-publish","hentry"],"yoast_head":"<!-- This site is optimized with the Yoast SEO plugin v27.0 - https:\/\/yoast.com\/product\/yoast-seo-wordpress\/ -->\n<title>DZIE\u0143 KOBIET - Hotel i Apartameny Gorzelanny w D\u017awirzynie, gmina Ko\u0142obrzeg<\/title>\n<meta name=\"robots\" content=\"index, follow, max-snippet:-1, max-image-preview:large, max-video-preview:-1\" \/>\n<link rel=\"canonical\" href=\"https:\/\/gorzelanny.pl\/hotel-dzwirzyno\/dzien-kobiet\/\" \/>\n<meta property=\"og:locale\" content=\"pl_PL\" \/>\n<meta property=\"og:type\" content=\"article\" \/>\n<meta property=\"og:title\" content=\"DZIE\u0143 KOBIET - Hotel i Apartameny Gorzelanny w D\u017awirzynie, gmina Ko\u0142obrzeg\" \/>\n<meta property=\"og:description\" content=\"[vc_row][vc_column width=&#8221;2\/3&#8243;][vc_custom_heading text=&#8221;Niezapomniany Dzie\u0144 Kobiet nad malowniczym polskim wybrze\u017cem! To idealna okazja, by zrelaksowa\u0107 si\u0119 w urokliwej scenerii, otoczonej szumem fal i promieniami s\u0142o\u0144ca, oraz poczu\u0107 si\u0119 naprawd\u0119 kobieco!&#8221; font_container=&#8221;tag:h2|font_size:30|text_align:center&#8221;][vc_empty_space height=&#8221;12px&#8221;][vc_btn title=&#8221;ZAREZERWUJ TERAZ!&#8221; shape=&#8221;square&#8221; color=&#8221;purple&#8221; size=&#8221;lg&#8221; align=&#8221;center&#8221; button_block=&#8221;true&#8221;][vc_column_text][\/vc_column_text][\/vc_column][vc_column width=&#8221;1\/3&#8243;][caw_info_box heading=&#8221;DZIE\u0143 KOBIET&#8221; shadow=&#8221;caw_info_box_shadow1&#8243; hovershadow=&#8221;caw_info_box_hvr_shadow&#8221; link=&#8221;box&#8221; icon_type=&#8221;imageicon&#8221; attach_link=&#8221;url:https%3A%2F%2Fgorzelanny.pl%2Fhotel-dzwirzyno%2Frezerwacja-online%2F|title:REZERWUJ%20TERAZ&#8221; heading_color=&#8221;#cf61e8&#8243; subheading_color=&#8221;#0035c9&#8243; cssbox=&#8221;.vc_custom_1738059796319{background-color: #ffffff !important;border-radius: 1px !important;}&#8221; icon_imageicon=&#8221;3827&#8243;] PROMOCJA [&hellip;]\" \/>\n<meta property=\"og:url\" content=\"https:\/\/gorzelanny.pl\/hotel-dzwirzyno\/dzien-kobiet\/\" \/>\n<meta property=\"og:site_name\" content=\"Hotel i Apartameny Gorzelanny w D\u017awirzynie, gmina Ko\u0142obrzeg\" \/>\n<meta property=\"article:publisher\" content=\"https:\/\/www.facebook.com\/hotele.gorzelanny\" \/>\n<meta property=\"article:modified_time\" content=\"2026-01-20T09:02:32+00:00\" \/>\n<meta name=\"twitter:card\" content=\"summary_large_image\" \/>\n<meta name=\"twitter:label1\" content=\"Szacowany czas czytania\" \/>\n\t<meta name=\"twitter:data1\" content=\"5 minut\" \/>\n<script type=\"application\/ld+json\" class=\"yoast-schema-graph\">{\"@context\":\"https:\/\/schema.org\",\"@graph\":[{\"@type\":\"WebPage\",\"@id\":\"https:\/\/gorzelanny.pl\/hotel-dzwirzyno\/dzien-kobiet\/\",\"url\":\"https:\/\/gorzelanny.pl\/hotel-dzwirzyno\/dzien-kobiet\/\",\"name\":\"DZIE\u0143 KOBIET - Hotel i Apartameny Gorzelanny w D\u017awirzynie, gmina Ko\u0142obrzeg\",\"isPartOf\":{\"@id\":\"https:\/\/gorzelanny.pl\/hotel-dzwirzyno\/#website\"},\"datePublished\":\"2024-12-10T13:59:03+00:00\",\"dateModified\":\"2026-01-20T09:02:32+00:00\",\"breadcrumb\":{\"@id\":\"https:\/\/gorzelanny.pl\/hotel-dzwirzyno\/dzien-kobiet\/#breadcrumb\"},\"inLanguage\":\"pl-PL\",\"potentialAction\":[{\"@type\":\"ReadAction\",\"target\":[\"https:\/\/gorzelanny.pl\/hotel-dzwirzyno\/dzien-kobiet\/\"]}]},{\"@type\":\"BreadcrumbList\",\"@id\":\"https:\/\/gorzelanny.pl\/hotel-dzwirzyno\/dzien-kobiet\/#breadcrumb\",\"itemListElement\":[{\"@type\":\"ListItem\",\"position\":1,\"name\":\"Home\",\"item\":\"https:\/\/gorzelanny.pl\/hotel-dzwirzyno\/\"},{\"@type\":\"ListItem\",\"position\":2,\"name\":\"DZIE\u0143 KOBIET\"}]},{\"@type\":\"WebSite\",\"@id\":\"https:\/\/gorzelanny.pl\/hotel-dzwirzyno\/#website\",\"url\":\"https:\/\/gorzelanny.pl\/hotel-dzwirzyno\/\",\"name\":\"Hotel i Apartameny Gorzelanny w D\u017awirzynie, gmina Ko\u0142obrzeg\",\"description\":\"Pobyty z wy\u017cywieniem dla rodzin z dzie\u0107mi, blisko pla\u017cy. Pokoje z klimatyzacj\u0105, basen z rynn\u0105 wodn\u0105, jacuzzi, restauracja, parking. Przyjazny zwierz\u0119tom.\",\"potentialAction\":[{\"@type\":\"SearchAction\",\"target\":{\"@type\":\"EntryPoint\",\"urlTemplate\":\"https:\/\/gorzelanny.pl\/hotel-dzwirzyno\/?s={search_term_string}\"},\"query-input\":{\"@type\":\"PropertyValueSpecification\",\"valueRequired\":true,\"valueName\":\"search_term_string\"}}],\"inLanguage\":\"pl-PL\"}]}<\/script>\n<!-- \/ Yoast SEO plugin. -->","yoast_head_json":{"title":"DZIE\u0143 KOBIET - Hotel i Apartameny Gorzelanny w D\u017awirzynie, gmina Ko\u0142obrzeg","robots":{"index":"index","follow":"follow","max-snippet":"max-snippet:-1","max-image-preview":"max-image-preview:large","max-video-preview":"max-video-preview:-1"},"canonical":"https:\/\/gorzelanny.pl\/hotel-dzwirzyno\/dzien-kobiet\/","og_locale":"pl_PL","og_type":"article","og_title":"DZIE\u0143 KOBIET - Hotel i Apartameny Gorzelanny w D\u017awirzynie, gmina Ko\u0142obrzeg","og_description":"[vc_row][vc_column width=&#8221;2\/3&#8243;][vc_custom_heading text=&#8221;Niezapomniany Dzie\u0144 Kobiet nad malowniczym polskim wybrze\u017cem! To idealna okazja, by zrelaksowa\u0107 si\u0119 w urokliwej scenerii, otoczonej szumem fal i promieniami s\u0142o\u0144ca, oraz poczu\u0107 si\u0119 naprawd\u0119 kobieco!&#8221; font_container=&#8221;tag:h2|font_size:30|text_align:center&#8221;][vc_empty_space height=&#8221;12px&#8221;][vc_btn title=&#8221;ZAREZERWUJ TERAZ!&#8221; shape=&#8221;square&#8221; color=&#8221;purple&#8221; size=&#8221;lg&#8221; align=&#8221;center&#8221; button_block=&#8221;true&#8221;][vc_column_text][\/vc_column_text][\/vc_column][vc_column width=&#8221;1\/3&#8243;][caw_info_box heading=&#8221;DZIE\u0143 KOBIET&#8221; shadow=&#8221;caw_info_box_shadow1&#8243; hovershadow=&#8221;caw_info_box_hvr_shadow&#8221; link=&#8221;box&#8221; icon_type=&#8221;imageicon&#8221; attach_link=&#8221;url:https%3A%2F%2Fgorzelanny.pl%2Fhotel-dzwirzyno%2Frezerwacja-online%2F|title:REZERWUJ%20TERAZ&#8221; heading_color=&#8221;#cf61e8&#8243; subheading_color=&#8221;#0035c9&#8243; cssbox=&#8221;.vc_custom_1738059796319{background-color: #ffffff !important;border-radius: 1px !important;}&#8221; icon_imageicon=&#8221;3827&#8243;] PROMOCJA [&hellip;]","og_url":"https:\/\/gorzelanny.pl\/hotel-dzwirzyno\/dzien-kobiet\/","og_site_name":"Hotel i Apartameny Gorzelanny w D\u017awirzynie, gmina Ko\u0142obrzeg","article_publisher":"https:\/\/www.facebook.com\/hotele.gorzelanny","article_modified_time":"2026-01-20T09:02:32+00:00","twitter_card":"summary_large_image","twitter_misc":{"Szacowany czas czytania":"5 minut"},"schema":{"@context":"https:\/\/schema.org","@graph":[{"@type":"WebPage","@id":"https:\/\/gorzelanny.pl\/hotel-dzwirzyno\/dzien-kobiet\/","url":"https:\/\/gorzelanny.pl\/hotel-dzwirzyno\/dzien-kobiet\/","name":"DZIE\u0143 KOBIET - Hotel i Apartameny Gorzelanny w D\u017awirzynie, gmina Ko\u0142obrzeg","isPartOf":{"@id":"https:\/\/gorzelanny.pl\/hotel-dzwirzyno\/#website"},"datePublished":"2024-12-10T13:59:03+00:00","dateModified":"2026-01-20T09:02:32+00:00","breadcrumb":{"@id":"https:\/\/gorzelanny.pl\/hotel-dzwirzyno\/dzien-kobiet\/#breadcrumb"},"inLanguage":"pl-PL","potentialAction":[{"@type":"ReadAction","target":["https:\/\/gorzelanny.pl\/hotel-dzwirzyno\/dzien-kobiet\/"]}]},{"@type":"BreadcrumbList","@id":"https:\/\/gorzelanny.pl\/hotel-dzwirzyno\/dzien-kobiet\/#breadcrumb","itemListElement":[{"@type":"ListItem","position":1,"name":"Home","item":"https:\/\/gorzelanny.pl\/hotel-dzwirzyno\/"},{"@type":"ListItem","position":2,"name":"DZIE\u0143 KOBIET"}]},{"@type":"WebSite","@id":"https:\/\/gorzelanny.pl\/hotel-dzwirzyno\/#website","url":"https:\/\/gorzelanny.pl\/hotel-dzwirzyno\/","name":"Hotel i Apartameny Gorzelanny w D\u017awirzynie, gmina Ko\u0142obrzeg","description":"Pobyty z wy\u017cywieniem dla rodzin z dzie\u0107mi, blisko pla\u017cy. Pokoje z klimatyzacj\u0105, basen z rynn\u0105 wodn\u0105, jacuzzi, restauracja, parking. Przyjazny zwierz\u0119tom.","potentialAction":[{"@type":"SearchAction","target":{"@type":"EntryPoint","urlTemplate":"https:\/\/gorzelanny.pl\/hotel-dzwirzyno\/?s={search_term_string}"},"query-input":{"@type":"PropertyValueSpecification","valueRequired":true,"valueName":"search_term_string"}}],"inLanguage":"pl-PL"}]}},"_links":{"self":[{"href":"https:\/\/gorzelanny.pl\/hotel-dzwirzyno\/wp-json\/wp\/v2\/pages\/3697","targetHints":{"allow":["GET"]}}],"collection":[{"href":"https:\/\/gorzelanny.pl\/hotel-dzwirzyno\/wp-json\/wp\/v2\/pages"}],"about":[{"href":"https:\/\/gorzelanny.pl\/hotel-dzwirzyno\/wp-json\/wp\/v2\/types\/page"}],"author":[{"embeddable":true,"href":"https:\/\/gorzelanny.pl\/hotel-dzwirzyno\/wp-json\/wp\/v2\/users\/1"}],"replies":[{"embeddable":true,"href":"https:\/\/gorzelanny.pl\/hotel-dzwirzyno\/wp-json\/wp\/v2\/comments?post=3697"}],"version-history":[{"count":11,"href":"https:\/\/gorzelanny.pl\/hotel-dzwirzyno\/wp-json\/wp\/v2\/pages\/3697\/revisions"}],"predecessor-version":[{"id":5234,"href":"https:\/\/gorzelanny.pl\/hotel-dzwirzyno\/wp-json\/wp\/v2\/pages\/3697\/revisions\/5234"}],"wp:attachment":[{"href":"https:\/\/gorzelanny.pl\/hotel-dzwirzyno\/wp-json\/wp\/v2\/media?parent=3697"}],"curies":[{"name":"wp","href":"https:\/\/api.w.org\/{rel}","templated":true}]}}