{"id":3702,"date":"2024-12-10T15:07:54","date_gmt":"2024-12-10T14:07:54","guid":{"rendered":"https:\/\/gorzelanny.pl\/hotel-dzwirzyno\/?page_id=3702"},"modified":"2026-02-19T10:18:34","modified_gmt":"2026-02-19T09:18:34","slug":"pakiet-romantyczny","status":"publish","type":"page","link":"https:\/\/gorzelanny.pl\/hotel-dzwirzyno\/pakiet-romantyczny\/","title":{"rendered":"PAKIET ROMANTYCZNY"},"content":{"rendered":"<p>[vc_row][vc_column width=&#8221;2\/3&#8243;][vc_column_text]<\/p>\n<h3>Romantyczny weekend we dwoje<\/h3>\n<p>[\/vc_column_text][vc_column_text]<\/p>\n<div data-canvas-width=\"641.212\">\n<h4>Romantyczny weekend we dwoje to czas, w kt\u00f3rym liczy si\u0119 tylko Wasza mi\u0142o\u015b\u0107 \u2764\ufe0f, z dala od codzienno\u015bci mo\u017cecie zatrzyma\u0107 si\u0119 na chwil\u0119 \ud83c\udf3f, w miejscu pe\u0142nym ciszy i spokoju skupiacie si\u0119 wy\u0142\u0105cznie na sobie \ud83d\udd4a\ufe0f. To idealna propozycja na rocznic\u0119 \ud83c\udf89, doskona\u0142a podczas zar\u0119czyn \ud83d\udc8d, perfekcyjna na Walentynki \ud83d\udc8c, a tak\u017ce wyj\u0105tkowa wtedy, gdy po prostu chcecie celebrowa\u0107 wsp\u00f3lne chwile, bo kochacie si\u0119 \ud83d\udc9e.<\/h4>\n<\/div>\n<p>[\/vc_column_text][\/vc_column][vc_column width=&#8221;1\/3&#8243;][vc_single_image image=&#8221;4664&#8243; img_size=&#8221;full&#8221; alignment=&#8221;center&#8221; style=&#8221;vc_box_outline_circle&#8221;][\/vc_column][\/vc_row][vc_row][vc_column][vc_empty_space][vc_media_grid element_width=&#8221;2&#8243; grid_id=&#8221;vc_gid:1771492462053-ec4c456d-39f6-10&#8243; include=&#8221;4215,4252,4302,4619,4915,4909&#8243;][vc_empty_space][vc_column_text]<\/p>\n<div data-canvas-width=\"116.08666666666664\">\n<div data-canvas-width=\"161.59866666666665\"><strong>Pakiet zawiera:<\/strong><\/div>\n<div>\u2022 2 Noclegi w komfortowych pokojach z wygodnym \u0142\u00f3\u017ckiem<\/div>\n<div>\u2022 pyszne urozmaicone \u015bniadanie w formie bufetu<\/div>\n<div>\u2022 1 x obiadokolacja w formie ciep\u0142ego i zimnego bufetu z napojami (woda, herbata, soki) wraz z deserem<\/div>\n<div>\u2022 1 x romantyczna kolacja przy \u015bwiecach z lampk\u0105 wina<\/div>\n<div>\u2022 1x voucher na s\u0142odki deser dla dwojga<\/div>\n<div>\u2022 Na powitanie wstawka do pokoju: butelka wina lub Prosecco<\/div>\n<div>\u2022 1 x masa\u017c relaksacyjny 30 min. dla ka\u017cdej osoby<\/div>\n<div>\u2022 bezp\u0142atne miejsce parkingowe<\/div>\n<div>\u2022 kijki nordic walking bez ogranicze\u0144<\/div>\n<div>\u2022 nieograniczona mo\u017cliwo\u015b\u0107 korzystania (w godzinach dzia\u0142ania) ze strefy basenowej SPA:<\/div>\n<div style=\"padding-left: 40px;\" data-canvas-width=\"86.16\">* kryty basen<\/div>\n<div style=\"padding-left: 40px;\" data-canvas-width=\"57.215999999999994\">* jacuzzi<\/div>\n<div style=\"padding-left: 40px;\" data-canvas-width=\"88.79999999999998\">* sauna sucha<\/div>\n<div style=\"padding-left: 40px;\" data-canvas-width=\"101.184\">* \u0142a\u017ania parowa<\/div>\n<div style=\"padding-left: 40px;\" data-canvas-width=\"277.408\">* t\u0119\u017cnia solankowa, zje\u017cd\u017calnia pontonowa<\/div>\n<div>\u2022 r\u0119czniki basenowe<\/div>\n<div>\u2022 szlafrok dla ka\u017cdej osoby w pokoju<\/div>\n<div>\u2022 w ka\u017cdym pokoju zestaw do parzenia kawy i herbatyn (czajnik, fili\u017canki, \u0142y\u017ceczka, herbata, cukier)<\/div>\n<div>\u2022 suszarka do w\u0142os\u00f3w<\/div>\n<div>\u2022 internet WiFi w ca\u0142ym obiekcie<\/div>\n<div>\u2022 mo\u017cliwo\u015b\u0107 przyjechania z psem za dodatkow\u0105 op\u0142at\u0105<\/div>\n<\/div>\n<div><\/div>\n<p>[\/vc_column_text][vc_column_text]<\/p>\n<div data-canvas-width=\"116.08666666666664\">\n<div data-canvas-width=\"161.59866666666665\">\n<div><strong>W ka\u017cdym pokoju:<\/strong><\/div>\n<div>\u2022 r\u0119czniki basenowe oraz k\u0105pielowe dla ka\u017cdej osoby<\/div>\n<div>\u2022 lod\u00f3wka,<\/div>\n<div>\u2022 zestaw do parzenia kawy i herbaty (czajnik, fili\u017canki, \u0142y\u017ceczka, herbata, cukier),<\/div>\n<div>\u2022 suszarka do w\u0142os\u00f3w<\/div>\n<div>\u2022 telewizor z pakietem kana\u0142\u00f3w w r\u00f3\u017cnych j\u0119zykach (w wybranych pokojach TV smart)<\/div>\n<div>\u2022 bezp\u0142atny dost\u0119p do internetu WiFi w ca\u0142ym obiekcie<\/div>\n<div>\u2022 kosmetyki (myd\u0142o przy umywalce oraz p\u0142yn do k\u0105pieli pod prysznicem)<\/div>\n<\/div>\n<\/div>\n<p>[\/vc_column_text][vc_empty_space][\/vc_column][\/vc_row][vc_row][vc_column width=&#8221;1\/3&#8243;][vc_single_image image=&#8221;5121&#8243; img_size=&#8221;full&#8221; alignment=&#8221;center&#8221; style=&#8221;vc_box_circle&#8221;][\/vc_column][vc_column width=&#8221;2\/3&#8243;][vc_separator color=&#8221;juicy_pink&#8221; border_width=&#8221;3&#8243;][vc_column_text]<\/p>\n<h3><strong>NOWOCZESNA SI\u0141OWNIA<\/strong><\/h3>\n<p>[\/vc_column_text][vc_column_text]<\/p>\n<div data-canvas-width=\"116.08666666666664\">\n<ul>\n<li>\ud83c\udfc3\u200d\u2642\ufe0f <strong>Bie\u017cnia elektryczna<\/strong> \u2013 na rozgrzewk\u0119 i trening wytrzyma\u0142o\u015bciowy<\/li>\n<li>\ud83d\udeb4\u200d\u2642\ufe0f <strong>Air Bike (rower treningowy)<\/strong> \u2013 intensywny trening cardio anga\u017cuj\u0105cy ca\u0142e cia\u0142o<\/li>\n<li>\ud83d\udd04 <strong>Orbitrek<\/strong> \u2013 poczuj wolno\u015b\u0107, jak\u0105 daje idealna symetria ruchu<\/li>\n<li>\ud83c\udfcb\ufe0f\u200d\u2640\ufe0f <strong>Zestaw hantli w r\u00f3\u017cnych wagach<\/strong> \u2013 idealny do trening\u00f3w si\u0142owych i funkcjonalnych<\/li>\n<li>\ud83e\uddd8\u200d\u2640\ufe0f <strong>Maty \u0107wiczeniowe oraz pi\u0142ki gimnastyczne<\/strong> \u2013 dla komfortu i bezpiecze\u0144stwa podczas rozci\u0105gania i \u0107wicze\u0144 core<\/li>\n<\/ul>\n<\/div>\n<p>[\/vc_column_text][\/vc_column][\/vc_row][vc_row][vc_column][vc_column_text]\ud83d\udc86\u200d\u2640\ufe0f Go\u015bcie <strong>Hoteli i Apartament\u00f3w Gorzelanny w D\u017awirzynie<\/strong> maj\u0105 mo\u017cliwo\u015b\u0107 skorzystania z oferty zabieg\u00f3w, kt\u00f3re pozwalaj\u0105 na regeneracj\u0119 i odpr\u0119\u017cenie. W\u015br\u00f3d dost\u0119pnych us\u0142ug znajduj\u0105 si\u0119 <span tabindex=\"0\" role=\"button\" data-url=\"https:\/\/m.in\" aria-label=\"m.in, spowoduje to przej\u015bcie do domeny m.in\">m.in. <\/span>. <strong>ok\u0142ady borowinowe<\/strong>, <strong>masa\u017c plec\u00f3w<\/strong>, <strong>masa\u017c kr\u0119gos\u0142upa<\/strong>, <strong>masa\u017c ca\u0142ego cia\u0142a<\/strong> oraz r\u00f3\u017cnorodne <strong>masa\u017ce relaksacyjne<\/strong>, idealne po dniu pe\u0142nym atrakcji czy spacerze po pla\u017cy \ud83c\udf0a.<\/p>\n<p>\u2728 Dodatkowo, dla wszystkich go\u015bci obowi\u0105zuje <strong>specjalna zni\u017cka -15% na wszystkie zabiegi<\/strong>, dzi\u0119ki czemu relaks w hotelowym spa staje si\u0119 jeszcze bardziej dost\u0119pny i przyjemny. To doskona\u0142a okazja, aby po\u0142\u0105czy\u0107 wypoczynek nad morzem z profesjonaln\u0105 piel\u0119gnacj\u0105 cia\u0142a i chwil\u0105 tylko dla siebie.[\/vc_column_text][\/vc_column][\/vc_row][vc_row][vc_column][vc_media_grid element_width=&#8221;2&#8243; grid_id=&#8221;vc_gid:1771492462062-6d268fff-0a07-1&#8243; include=&#8221;4887,4918,4917,4921,4920,4252&#8243;][vc_separator color=&#8221;juicy_pink&#8221; border_width=&#8221;3&#8243;][vc_column_text]<\/p>\n<div style=\"text-align: center;\" data-canvas-width=\"53.36933333333333\">\n<p>Go\u015bcie Hoteli i Apartament\u00f3w Gorzelanny w D\u017awirzynie \ud83c\udf0a mog\u0105 skorzysta\u0107 z wyj\u0105tkowej propozycji \u2013 <strong>Drinks OPEN BAR<\/strong> \ud83c\udf79 w cenie 100 z\u0142 \ud83d\udcb8.<\/p>\n<p>Oferta obejmuje wybrane alkohole: w\u00f3dka \ud83e\udd43, wino domowe bia\u0142e \ud83c\udf7e, wino domowe czerwone \ud83c\udf77, piwo \ud83c\udf7a. Napoje ciep\u0142e: kawa \u2615, herbata \ud83c\udf75. Zimne napoje: Coca-Cola \ud83e\udd64, Fanta \ud83c\udf4a, Sprite \ud83c\udf4b, woda gazowana\/niegazowana \ud83d\udca7.<\/p>\n<p>Serwowane w okre\u015blonych godzinach \u23f0 <strong>14:00\u201317:00<\/strong> i <strong>19:00\u201320:00<\/strong>, dzi\u0119ki czemu ka\u017cdy wiecz\u00f3r mo\u017ce sta\u0107 si\u0119 okazj\u0105 do relaksu \ud83d\ude0c i wsp\u00f3lnej zabawy \ud83c\udfb6 w hotelowym barze \ud83c\udf78.<\/p>\n<p><em>Ofert\u0119 dotyczy wykupienia dla ka\u017cdej z os\u00f3b zameldowanych w pokoju \ud83d\udece\ufe0f.<\/em><\/p>\n<\/div>\n<p>[\/vc_column_text][vc_separator color=&#8221;juicy_pink&#8221; border_width=&#8221;3&#8243;][\/vc_column][\/vc_row][vc_row][vc_column][vc_empty_space][vc_separator][vc_column_text]<\/p>\n<h3 style=\"text-align: center;\">SPRAWD\u0179 POZOSTA\u0141E OFERTY<\/h3>\n<p>[\/vc_column_text][vc_separator][vc_basic_grid post_type=&#8221;page&#8221; max_items=&#8221;100&#8243; style=&#8221;pagination&#8221; items_per_page=&#8221;3&#8243; orderby=&#8221;menu_order&#8221; order=&#8221;ASC&#8221; grid_id=&#8221;vc_gid:1771492462069-e6af8fa6-6428-4&#8243; taxonomies=&#8221;63&#8243;][\/vc_column][\/vc_row][vc_row][vc_column][vc_message css=&#8221;.vc_custom_1765453004558{background-color: #ffbaba !important;}&#8221;]<\/p>\n<div data-canvas-width=\"160.35199999999998\"><strong>Informacje dodatkowe:<\/strong><\/div>\n<div>\u2022 mo\u017cliwo\u015b\u0107 przyjechania z pupilem (dodatkowo p\u0142atne)<\/div>\n<div>\u2022 co pi\u0105tek wiecz\u00f3r z muzyk\u0105 na \u017cywo lub wiecz\u00f3r z DJ &#8211; w zale\u017cno\u015bci od sezonu<\/div>\n<div>\u2022 mo\u017cliwo\u015b\u0107 zam\u00f3wienia us\u0142ug specjalnych, jak bukiet kwiat\u00f3w<\/div>\n<div>\u2022 Zabiegi wykonywane s\u0105 od poniedzia\u0142ku do pi\u0105tku z wy\u0142\u0105czeniem termin\u00f3w \u015bwi\u0105tecznych<\/div>\n<p>[\/vc_message][vc_message css=&#8221;.vc_custom_1771331958235{background-color: #ffbaba !important;}&#8221;]<\/p>\n<div data-canvas-width=\"604.3692000000001\">\n<div style=\"text-align: center;\" data-canvas-width=\"619.0240000000001\">\n<div data-canvas-width=\"213.42399999999998\">\n<div class=\"document-page\" data-page=\"1\">\n<div class=\"pdf-page\">\n<div class=\"text-wrapper user-select-text\">\n<div data-canvas-width=\"142.76799999999997\"><strong>Cena nie zawiera:<\/strong><\/div>\n<div data-canvas-width=\"142.76799999999997\">Op\u0142aty klimatycznej: 3 PLN\/noc\/os.<\/div>\n<div data-canvas-width=\"142.76799999999997\"><\/div>\n<\/div>\n<\/div>\n<\/div>\n<div class=\"document-page\" data-page=\"2\">\n<div class=\"pdf-page\">\n<div class=\"text-wrapper user-select-text\">Mo\u017cliwo\u015b\u0107 przyjazdu z czworonogiem, op\u0142ata: 70 PLN za dob\u0119 (tylko w apartamentach Family i Standard, oraz po uzgodnieniu z recepcj\u0105)<\/div>\n<\/div>\n<\/div>\n<\/div>\n<div data-canvas-width=\"187.00799999999998\">Rozpocz\u0119cie doby hotelowej godz. 16:00, zako\u0144czenie godz. 11:00.<\/div>\n<div data-canvas-width=\"187.00799999999998\">Mo\u017cliwo\u015b\u0107 wcze\u015bniejszego zakwaterowania mi\u0119dzy godz. 12:00-16:00 za dodatkow\u0105 op\u0142at\u0105 50 z\u0142<\/div>\n<div data-canvas-width=\"213.42399999999998\">\n<div class=\"document-page\" data-page=\"2\">\n<div class=\"pdf-page\">\n<div class=\"text-wrapper user-select-text\">\n<div data-canvas-width=\"187.00799999999998\"><\/div>\n<div data-canvas-width=\"502.9599999999998\"><\/div>\n<\/div>\n<\/div>\n<\/div>\n<\/div>\n<\/div>\n<\/div>\n<p>[\/vc_message][vc_empty_space height=&#8221;72px&#8221;][vc_column_text css=&#8221;.vc_custom_1765453018896{padding-top: 30px !important;padding-right: 30px !important;padding-bottom: 30px !important;padding-left: 30px !important;background-color: #ffc9c9 !important;border-radius: 10px !important;}&#8221;]<\/p>\n<h5 style=\"text-align: center;\">\u2744\ufe0f <strong>Nie przegap okazji!<\/strong> Zarezerwuj wyj\u0105tkowe <strong>ferie zimowe nad morzem<\/strong> w Hotelach i Apartamentach Gorzelanny w D\u017awirzynie ju\u017c dzi\u015b \ud83c\udf0a\u2728. Czeka na Ciebie relaks w strefie wellness, rodzinne animacje, bogata oferta kulinarna oraz niezapomniane chwile nad zimowym Ba\u0142tykiem.<\/h5>\n<h5 style=\"text-align: center;\">\ud83d\udcde <strong>Telefon kontaktowy:<\/strong>\u00a0<a href=\"tel:0048661404873\">661-404-873<\/a><\/h5>\n<h5 style=\"text-align: center;\">\ud83d\udce7 <strong>Adres e-mail:<\/strong> \u00a0<a href=\"mailto:rezerwacja.apartamenty@gorzelanny.pl\">rezerwacja.apartamenty@gorzelanny.pl<\/a><\/h5>\n<h5 style=\"text-align: center;\">Zaplanuj sw\u00f3j zimowy wypoczynek i podaruj sobie oraz bliskim niezapomniane wspomnienia. \ud83c\udf05\ud83d\udc86\u200d\u2640\ufe0f\ud83c\udf89<\/h5>\n<p>[\/vc_column_text][\/vc_column][\/vc_row][vc_row][vc_column][vc_empty_space][vc_separator][vc_column_text]<\/p>\n<h3 style=\"text-align: center;\">SPRAWD\u0179 POZOSTA\u0141E OFERTY<\/h3>\n<p>[\/vc_column_text][vc_separator][vc_basic_grid post_type=&#8221;page&#8221; max_items=&#8221;100&#8243; style=&#8221;pagination&#8221; items_per_page=&#8221;3&#8243; orderby=&#8221;menu_order&#8221; order=&#8221;ASC&#8221; autoplay=&#8221;4&#8243; grid_id=&#8221;vc_gid:1771492690392-77000dd6-82c5-5&#8243; taxonomies=&#8221;63&#8243;][\/vc_column][\/vc_row]<\/p>\n","protected":false},"excerpt":{"rendered":"<p>Romantyczny weekend we dwoje to czas, w kt\u00f3rym liczy si\u0119 tylko Wasza mi\u0142o\u015b\u0107.<\/p>\n<p>\ud83d\udcc5 Termin: do ustalenia<br \/>\n\ud83d\udcb0 Cena: sprawd\u017a szczeg\u00f3\u0142y oferty<\/p>\n","protected":false},"author":1,"featured_media":3454,"parent":0,"menu_order":6,"comment_status":"closed","ping_status":"closed","template":"","meta":{"footnotes":""},"class_list":["post-3702","page","type-page","status-publish","has-post-thumbnail","hentry","kategorie_stron-oferta_specjalna"],"yoast_head":"<!-- This site is optimized with the Yoast SEO plugin v27.0 - https:\/\/yoast.com\/product\/yoast-seo-wordpress\/ -->\n<title>PAKIET ROMANTYCZNY - Hotel i Apartameny Gorzelanny w D\u017awirzynie, gmina Ko\u0142obrzeg<\/title>\n<meta name=\"robots\" content=\"index, follow, max-snippet:-1, max-image-preview:large, max-video-preview:-1\" \/>\n<link rel=\"canonical\" href=\"https:\/\/gorzelanny.pl\/hotel-dzwirzyno\/pakiet-romantyczny\/\" \/>\n<meta property=\"og:locale\" content=\"pl_PL\" \/>\n<meta property=\"og:type\" content=\"article\" \/>\n<meta property=\"og:title\" content=\"PAKIET ROMANTYCZNY - Hotel i Apartameny Gorzelanny w D\u017awirzynie, gmina Ko\u0142obrzeg\" \/>\n<meta property=\"og:description\" content=\"Romantyczny weekend we dwoje to czas, w kt\u00f3rym liczy si\u0119 tylko Wasza mi\u0142o\u015b\u0107.  \ud83d\udcc5 Termin: do ustalenia \ud83d\udcb0 Cena: sprawd\u017a szczeg\u00f3\u0142y oferty\" \/>\n<meta property=\"og:url\" content=\"https:\/\/gorzelanny.pl\/hotel-dzwirzyno\/pakiet-romantyczny\/\" \/>\n<meta property=\"og:site_name\" content=\"Hotel i Apartameny Gorzelanny w D\u017awirzynie, gmina Ko\u0142obrzeg\" \/>\n<meta property=\"article:publisher\" content=\"https:\/\/www.facebook.com\/hotele.gorzelanny\" \/>\n<meta property=\"article:modified_time\" content=\"2026-02-19T09:18:34+00:00\" \/>\n<meta property=\"og:image\" content=\"https:\/\/gorzelanny.pl\/hotel-dzwirzyno\/wp-content\/uploads\/2024\/10\/Zdjecie-2.jpg\" \/>\n\t<meta property=\"og:image:width\" content=\"847\" \/>\n\t<meta property=\"og:image:height\" content=\"550\" \/>\n\t<meta property=\"og:image:type\" content=\"image\/jpeg\" \/>\n<meta name=\"twitter:card\" content=\"summary_large_image\" \/>\n<meta name=\"twitter:label1\" content=\"Szacowany czas czytania\" \/>\n\t<meta name=\"twitter:data1\" content=\"8 minut\" \/>\n<script type=\"application\/ld+json\" class=\"yoast-schema-graph\">{\"@context\":\"https:\/\/schema.org\",\"@graph\":[{\"@type\":\"WebPage\",\"@id\":\"https:\/\/gorzelanny.pl\/hotel-dzwirzyno\/pakiet-romantyczny\/\",\"url\":\"https:\/\/gorzelanny.pl\/hotel-dzwirzyno\/pakiet-romantyczny\/\",\"name\":\"PAKIET ROMANTYCZNY - Hotel i Apartameny Gorzelanny w D\u017awirzynie, gmina Ko\u0142obrzeg\",\"isPartOf\":{\"@id\":\"https:\/\/gorzelanny.pl\/hotel-dzwirzyno\/#website\"},\"primaryImageOfPage\":{\"@id\":\"https:\/\/gorzelanny.pl\/hotel-dzwirzyno\/pakiet-romantyczny\/#primaryimage\"},\"image\":{\"@id\":\"https:\/\/gorzelanny.pl\/hotel-dzwirzyno\/pakiet-romantyczny\/#primaryimage\"},\"thumbnailUrl\":\"https:\/\/gorzelanny.pl\/hotel-dzwirzyno\/wp-content\/uploads\/2024\/10\/Zdjecie-2.jpg\",\"datePublished\":\"2024-12-10T14:07:54+00:00\",\"dateModified\":\"2026-02-19T09:18:34+00:00\",\"breadcrumb\":{\"@id\":\"https:\/\/gorzelanny.pl\/hotel-dzwirzyno\/pakiet-romantyczny\/#breadcrumb\"},\"inLanguage\":\"pl-PL\",\"potentialAction\":[{\"@type\":\"ReadAction\",\"target\":[\"https:\/\/gorzelanny.pl\/hotel-dzwirzyno\/pakiet-romantyczny\/\"]}]},{\"@type\":\"ImageObject\",\"inLanguage\":\"pl-PL\",\"@id\":\"https:\/\/gorzelanny.pl\/hotel-dzwirzyno\/pakiet-romantyczny\/#primaryimage\",\"url\":\"https:\/\/gorzelanny.pl\/hotel-dzwirzyno\/wp-content\/uploads\/2024\/10\/Zdjecie-2.jpg\",\"contentUrl\":\"https:\/\/gorzelanny.pl\/hotel-dzwirzyno\/wp-content\/uploads\/2024\/10\/Zdjecie-2.jpg\",\"width\":847,\"height\":550},{\"@type\":\"BreadcrumbList\",\"@id\":\"https:\/\/gorzelanny.pl\/hotel-dzwirzyno\/pakiet-romantyczny\/#breadcrumb\",\"itemListElement\":[{\"@type\":\"ListItem\",\"position\":1,\"name\":\"Home\",\"item\":\"https:\/\/gorzelanny.pl\/hotel-dzwirzyno\/\"},{\"@type\":\"ListItem\",\"position\":2,\"name\":\"PAKIET ROMANTYCZNY\"}]},{\"@type\":\"WebSite\",\"@id\":\"https:\/\/gorzelanny.pl\/hotel-dzwirzyno\/#website\",\"url\":\"https:\/\/gorzelanny.pl\/hotel-dzwirzyno\/\",\"name\":\"Hotel i Apartameny Gorzelanny w D\u017awirzynie, gmina Ko\u0142obrzeg\",\"description\":\"Pobyty z wy\u017cywieniem dla rodzin z dzie\u0107mi, blisko pla\u017cy. Pokoje z klimatyzacj\u0105, basen z rynn\u0105 wodn\u0105, jacuzzi, restauracja, parking. Przyjazny zwierz\u0119tom.\",\"potentialAction\":[{\"@type\":\"SearchAction\",\"target\":{\"@type\":\"EntryPoint\",\"urlTemplate\":\"https:\/\/gorzelanny.pl\/hotel-dzwirzyno\/?s={search_term_string}\"},\"query-input\":{\"@type\":\"PropertyValueSpecification\",\"valueRequired\":true,\"valueName\":\"search_term_string\"}}],\"inLanguage\":\"pl-PL\"}]}<\/script>\n<!-- \/ Yoast SEO plugin. -->","yoast_head_json":{"title":"PAKIET ROMANTYCZNY - Hotel i Apartameny Gorzelanny w D\u017awirzynie, gmina Ko\u0142obrzeg","robots":{"index":"index","follow":"follow","max-snippet":"max-snippet:-1","max-image-preview":"max-image-preview:large","max-video-preview":"max-video-preview:-1"},"canonical":"https:\/\/gorzelanny.pl\/hotel-dzwirzyno\/pakiet-romantyczny\/","og_locale":"pl_PL","og_type":"article","og_title":"PAKIET ROMANTYCZNY - Hotel i Apartameny Gorzelanny w D\u017awirzynie, gmina Ko\u0142obrzeg","og_description":"Romantyczny weekend we dwoje to czas, w kt\u00f3rym liczy si\u0119 tylko Wasza mi\u0142o\u015b\u0107.  \ud83d\udcc5 Termin: do ustalenia \ud83d\udcb0 Cena: sprawd\u017a szczeg\u00f3\u0142y oferty","og_url":"https:\/\/gorzelanny.pl\/hotel-dzwirzyno\/pakiet-romantyczny\/","og_site_name":"Hotel i Apartameny Gorzelanny w D\u017awirzynie, gmina Ko\u0142obrzeg","article_publisher":"https:\/\/www.facebook.com\/hotele.gorzelanny","article_modified_time":"2026-02-19T09:18:34+00:00","og_image":[{"width":847,"height":550,"url":"https:\/\/gorzelanny.pl\/hotel-dzwirzyno\/wp-content\/uploads\/2024\/10\/Zdjecie-2.jpg","type":"image\/jpeg"}],"twitter_card":"summary_large_image","twitter_misc":{"Szacowany czas czytania":"8 minut"},"schema":{"@context":"https:\/\/schema.org","@graph":[{"@type":"WebPage","@id":"https:\/\/gorzelanny.pl\/hotel-dzwirzyno\/pakiet-romantyczny\/","url":"https:\/\/gorzelanny.pl\/hotel-dzwirzyno\/pakiet-romantyczny\/","name":"PAKIET ROMANTYCZNY - Hotel i Apartameny Gorzelanny w D\u017awirzynie, gmina Ko\u0142obrzeg","isPartOf":{"@id":"https:\/\/gorzelanny.pl\/hotel-dzwirzyno\/#website"},"primaryImageOfPage":{"@id":"https:\/\/gorzelanny.pl\/hotel-dzwirzyno\/pakiet-romantyczny\/#primaryimage"},"image":{"@id":"https:\/\/gorzelanny.pl\/hotel-dzwirzyno\/pakiet-romantyczny\/#primaryimage"},"thumbnailUrl":"https:\/\/gorzelanny.pl\/hotel-dzwirzyno\/wp-content\/uploads\/2024\/10\/Zdjecie-2.jpg","datePublished":"2024-12-10T14:07:54+00:00","dateModified":"2026-02-19T09:18:34+00:00","breadcrumb":{"@id":"https:\/\/gorzelanny.pl\/hotel-dzwirzyno\/pakiet-romantyczny\/#breadcrumb"},"inLanguage":"pl-PL","potentialAction":[{"@type":"ReadAction","target":["https:\/\/gorzelanny.pl\/hotel-dzwirzyno\/pakiet-romantyczny\/"]}]},{"@type":"ImageObject","inLanguage":"pl-PL","@id":"https:\/\/gorzelanny.pl\/hotel-dzwirzyno\/pakiet-romantyczny\/#primaryimage","url":"https:\/\/gorzelanny.pl\/hotel-dzwirzyno\/wp-content\/uploads\/2024\/10\/Zdjecie-2.jpg","contentUrl":"https:\/\/gorzelanny.pl\/hotel-dzwirzyno\/wp-content\/uploads\/2024\/10\/Zdjecie-2.jpg","width":847,"height":550},{"@type":"BreadcrumbList","@id":"https:\/\/gorzelanny.pl\/hotel-dzwirzyno\/pakiet-romantyczny\/#breadcrumb","itemListElement":[{"@type":"ListItem","position":1,"name":"Home","item":"https:\/\/gorzelanny.pl\/hotel-dzwirzyno\/"},{"@type":"ListItem","position":2,"name":"PAKIET ROMANTYCZNY"}]},{"@type":"WebSite","@id":"https:\/\/gorzelanny.pl\/hotel-dzwirzyno\/#website","url":"https:\/\/gorzelanny.pl\/hotel-dzwirzyno\/","name":"Hotel i Apartameny Gorzelanny w D\u017awirzynie, gmina Ko\u0142obrzeg","description":"Pobyty z wy\u017cywieniem dla rodzin z dzie\u0107mi, blisko pla\u017cy. Pokoje z klimatyzacj\u0105, basen z rynn\u0105 wodn\u0105, jacuzzi, restauracja, parking. Przyjazny zwierz\u0119tom.","potentialAction":[{"@type":"SearchAction","target":{"@type":"EntryPoint","urlTemplate":"https:\/\/gorzelanny.pl\/hotel-dzwirzyno\/?s={search_term_string}"},"query-input":{"@type":"PropertyValueSpecification","valueRequired":true,"valueName":"search_term_string"}}],"inLanguage":"pl-PL"}]}},"_links":{"self":[{"href":"https:\/\/gorzelanny.pl\/hotel-dzwirzyno\/wp-json\/wp\/v2\/pages\/3702","targetHints":{"allow":["GET"]}}],"collection":[{"href":"https:\/\/gorzelanny.pl\/hotel-dzwirzyno\/wp-json\/wp\/v2\/pages"}],"about":[{"href":"https:\/\/gorzelanny.pl\/hotel-dzwirzyno\/wp-json\/wp\/v2\/types\/page"}],"author":[{"embeddable":true,"href":"https:\/\/gorzelanny.pl\/hotel-dzwirzyno\/wp-json\/wp\/v2\/users\/1"}],"replies":[{"embeddable":true,"href":"https:\/\/gorzelanny.pl\/hotel-dzwirzyno\/wp-json\/wp\/v2\/comments?post=3702"}],"version-history":[{"count":15,"href":"https:\/\/gorzelanny.pl\/hotel-dzwirzyno\/wp-json\/wp\/v2\/pages\/3702\/revisions"}],"predecessor-version":[{"id":5384,"href":"https:\/\/gorzelanny.pl\/hotel-dzwirzyno\/wp-json\/wp\/v2\/pages\/3702\/revisions\/5384"}],"wp:featuredmedia":[{"embeddable":true,"href":"https:\/\/gorzelanny.pl\/hotel-dzwirzyno\/wp-json\/wp\/v2\/media\/3454"}],"wp:attachment":[{"href":"https:\/\/gorzelanny.pl\/hotel-dzwirzyno\/wp-json\/wp\/v2\/media?parent=3702"}],"curies":[{"name":"wp","href":"https:\/\/api.w.org\/{rel}","templated":true}]}}