{"id":3958,"date":"2025-01-16T22:43:23","date_gmt":"2025-01-16T21:43:23","guid":{"rendered":"https:\/\/gorzelanny.pl\/hotel-dzwirzyno\/?page_id=3958"},"modified":"2026-02-19T10:19:56","modified_gmt":"2026-02-19T09:19:56","slug":"boze-cialo","status":"publish","type":"page","link":"https:\/\/gorzelanny.pl\/hotel-dzwirzyno\/boze-cialo\/","title":{"rendered":"PAKIET NA BO\u017bE CIA\u0141O"},"content":{"rendered":"<p>[vc_row][vc_column width=&#8221;2\/3&#8243;][vc_empty_space height=&#8221;12px&#8221;][vc_custom_heading text=&#8221;Czerwiec to pocz\u0105tek lata i pocz\u0105tek wakacji, to dobry czas na nowy start. Przyjed\u017a nad morze odpocz\u0105\u0107, wygrza\u0107 si\u0119 w s\u0142o\u0144cu a przede wszystkim sp\u0119dzi\u0107 czas z rodzin\u0105.&#8221; font_container=&#8221;tag:h3|font_size:28|text_align:center&#8221;][vc_btn title=&#8221;ZAREZERWUJ TERAZ!&#8221; shape=&#8221;square&#8221; color=&#8221;orange&#8221; size=&#8221;lg&#8221; align=&#8221;center&#8221; button_block=&#8221;true&#8221; link=&#8221;url:https%3A%2F%2Fgorzelanny.pl%2Fhotel-dzwirzyno%2Frezerwacja-online%2F%3Fid_place%3D767%26id_rateplan%3D47%26pcount%3D2%26dateFrom%3D2026-06-05%26dateTo%3D2026-06-07%26dmode%3D2|title:Rezerwacja&#8221;][vc_column_text][\/vc_column_text][\/vc_column][vc_column width=&#8221;1\/3&#8243;][caw_info_box heading=&#8221;&#8221; shadow=&#8221;caw_info_box_shadow1&#8243; hovershadow=&#8221;caw_info_box_hvr_shadow&#8221; link=&#8221;box&#8221; icon_type=&#8221;imageicon&#8221; attach_link=&#8221;url:https%3A%2F%2Fgorzelanny.pl%2Fhotel-dzwirzyno%2Frezerwacja-online%2F|title:REZERWUJ%20TERAZ&#8221; heading_color=&#8221;#51c2ef&#8221; cssbox=&#8221;.vc_custom_1767882948113{background-color: #ffffff !important;border-radius: 1px !important;}&#8221; icon_imageicon=&#8221;3827&#8243;]<\/p>\n<h3 align=\"left\" data-canvas-width=\"474.032\"><\/h3>\n<h3 style=\"text-align: center;\" align=\"left\" data-canvas-width=\"474.032\"><strong>od 1.760 PLN<br \/>\n<\/strong><\/h3>\n<p style=\"text-align: center;\">za 2 noclegi dla 2 os\u00f3b ze \u015bniadaniem<br \/>\ni obiadokolacj\u0105<\/p>\n<p>[\/caw_info_box][\/vc_column][\/vc_row][vc_row][vc_column][vc_message message_box_color=&#8221;alert-info&#8221; icon_fontawesome=&#8221;far fa-snowflake&#8221;]<\/p>\n<div style=\"text-align: center;\" data-canvas-width=\"162.76799999999997\"><strong>Pakiet na d\u0142ugi weekend czerwcowy w D\u017awirzynie<br \/>\n<\/strong><\/div>\n<div style=\"text-align: center;\" data-canvas-width=\"464.144\">terminy dost\u0119pne do rezerwacji:<\/div>\n<div style=\"text-align: center;\" data-canvas-width=\"464.144\">od 02.06. do 07.06.2026<\/div>\n<div style=\"text-align: center;\" data-canvas-width=\"464.144\"><\/div>\n<div data-canvas-width=\"464.144\">\n<div data-canvas-width=\"474.032\">\n<div style=\"text-align: center;\" data-canvas-width=\"474.032\">3 noclegi ze \u015bniadaniem i obiadokolacj\u0105 dla 2 os\u00f3b ju\u017c od <strong>2.392 z\u0142<\/strong><\/div>\n<div style=\"text-align: center;\" data-canvas-width=\"474.032\">w terminie 03.06-06.06.2026<\/div>\n<div data-canvas-width=\"474.032\"><\/div>\n<\/div>\n<div data-canvas-width=\"474.032\">\n<div style=\"text-align: center;\" data-canvas-width=\"474.032\"><strong>Dop\u0142ata do dzieci<\/strong><\/div>\n<div style=\"text-align: center;\" data-canvas-width=\"474.032\">Dziecko do lat <strong>3 bezp\u0142atnie<\/strong><\/div>\n<div style=\"text-align: center;\" data-canvas-width=\"474.032\">Drugie dziecko do lat 3 p\u0142aci jak dziecko w przedziale 4-12 lat<\/div>\n<div data-canvas-width=\"474.032\"><\/div>\n<div style=\"text-align: center;\" data-canvas-width=\"474.032\">Dziecko 4-12 <strong>rabat 50% od ceny osoby doros\u0142ej<\/strong><\/div>\n<div style=\"text-align: center;\" data-canvas-width=\"474.032\">w cenie wy\u017cywienie <strong>ze \u015bniadaniem i obiadokolacj\u0105<\/strong><\/div>\n<div data-canvas-width=\"474.032\"><\/div>\n<div style=\"text-align: center;\" data-canvas-width=\"474.032\"><\/div>\n<\/div>\n<\/div>\n<p>[\/vc_message][vc_column_text]<\/p>\n<div data-canvas-width=\"234.2113333333334\">\n<div data-canvas-width=\"298.1524872019791\">\n<div data-canvas-width=\"337.61599999999993\"><strong>Co otrzymujesz w ramach tej oferty:<\/strong><\/div>\n<ul>\n<li>\u00a0noclegi z wy\u017cywieniem (\u015bniadania z obiadokolacj\u0105<\/li>\n<li>nielimitowany wst\u0119p na basen i zje\u017cd\u017calni\u0119 pontonow\u0105 (z opcj\u0105 zje\u017cd\u017cania w okularach wirtualnych \u2013 po wi\u0119cej informacji <strong><a href=\"https:\/\/gorzelanny.pl\/hotel-dzwirzyno\/spa\/\">kliknij TU<\/a><\/strong><\/li>\n<li>wst\u0119p do strefy Wellness: sauna sucha i parowa, grota i t\u0119\u017cnia solankowa<\/li>\n<li>powitalny zestaw do parzenia kawy i herbaty w pokoju<\/li>\n<li>wypo\u017cyczenie sprz\u0119tu do Nordic Walking<\/li>\n<li>w ca\u0142ym obiekcie bezp\u0142atne Wi-Fi!<\/li>\n<li>bezp\u0142atny parking<\/li>\n<\/ul>\n<div data-canvas-width=\"234.2113333333334\">\n<div data-canvas-width=\"298.1524872019791\">\n<div data-canvas-width=\"337.61599999999993\"><\/div>\n<\/div>\n<\/div>\n<div data-canvas-width=\"337.61599999999993\"><\/div>\n<div data-canvas-width=\"337.61599999999993\">\n<p><strong>Atrakcje w ramach pakietu:<\/strong><\/p>\n<p>&gt;&gt; \u015aroda \u2013 zjazd w okularach VR<br \/>\n&gt;&gt; Czwartek\u2013 festiwal pizzy, dyskoteka dla ca\u0142ej rodziny<br \/>\n&gt;&gt; Pi\u0105tek \u2013 warsztaty kulinarne dla dzieci, aqua aerobik dla doros\u0142ych, ognisko z kie\u0142bask\u0105<br \/>\n&gt;&gt; Sobota \u2013zjazd VR, festiwal pizzy (-50%na wszystkie pizze w wybranych godzinach)<br \/>\n&gt;&gt; Codziennie basen czyny w godz. 21:00-23:00<\/p>\n<p>&nbsp;<\/p>\n<\/div>\n<div data-canvas-width=\"337.61599999999993\"><strong>Dla dzieci:<\/strong><\/div>\n<ul>\n<li>specjalny bufet podczas posi\u0142k\u00f3w<\/li>\n<li>bilard, pi\u0142karzyki, cymbergaj<\/li>\n<li>wypo\u017cyczenie gier planszowych<\/li>\n<\/ul>\n<\/div>\n<\/div>\n<p>[\/vc_column_text][vc_message message_box_color=&#8221;alert-info&#8221; icon_fontawesome=&#8221;far fa-snowflake&#8221;]<\/p>\n<div style=\"text-align: center;\" data-canvas-width=\"53.36933333333333\">\n<p>Go\u015bcie Hoteli i Apartament\u00f3w Gorzelanny w D\u017awirzynie \ud83c\udf0a mog\u0105 skorzysta\u0107 z wyj\u0105tkowej propozycji \u2013 <strong>Drinks OPEN BAR<\/strong> \ud83c\udf79 w cenie 100 z\u0142 \ud83d\udcb8.<\/p>\n<p>Oferta obejmuje wybrane alkohole: w\u00f3dka \ud83e\udd43, wino domowe bia\u0142e \ud83c\udf7e, wino domowe czerwone \ud83c\udf77, piwo \ud83c\udf7a. Napoje ciep\u0142e: kawa \u2615, herbata \ud83c\udf75. Zimne napoje: Coca-Cola \ud83e\udd64, Fanta \ud83c\udf4a, Sprite \ud83c\udf4b, woda gazowana\/niegazowana \ud83d\udca7.<\/p>\n<p>Serwowane w okre\u015blonych godzinach \u23f0 <strong>14:00\u201317:00<\/strong> i <strong>19:00\u201320:00<\/strong>, dzi\u0119ki czemu ka\u017cdy wiecz\u00f3r mo\u017ce sta\u0107 si\u0119 okazj\u0105 do relaksu \ud83d\ude0c i wsp\u00f3lnej zabawy \ud83c\udfb6 w hotelowym barze \ud83c\udf78.<\/p>\n<p><em>Ofert\u0119 dotyczy wykupienia dla ka\u017cdej z os\u00f3b zameldowanych w pokoju \ud83d\udece\ufe0f.<\/em><\/p>\n<\/div>\n<p>[\/vc_message][vc_column_text][\/vc_column_text][vc_empty_space][vc_column_text]<strong>Warunki przedp\u0142aty dla pakiet\u00f3w na terminy specjalne:<\/strong><\/p>\n<ol>\n<li>Rezerwacja pakietu na termin specjalny wymaga wp\u0142aty zadatku w wysoko\u015bci 50% warto\u015bci rezerwacji, w terminie 7 dni od dnia jej potwierdzenia przez Hotel.<\/li>\n<li>Pozosta\u0142a cz\u0119\u015b\u0107 nale\u017cno\u015bci za pobyt powinna zosta\u0107 uregulowana najp\u00f3\u017aniej na 14 dni przed planowanym terminem przyjazdu.<\/li>\n<li>W przypadku braku wp\u0142aty zadatku lub pozosta\u0142ej nale\u017cno\u015bci w wyznaczonych terminach, Hotel zastrzega sobie prawo do anulowania rezerwacji.<\/li>\n<\/ol>\n<p><strong>Warunki anulacji dla pakiet\u00f3w na terminy specjalne<\/strong><\/p>\n<ol>\n<li>Go\u015b\u0107 ma prawo do bezp\u0142atnej anulacji rezerwacji w terminie do 7 dni od dnia jej potwierdzenia przez Hotel.<\/li>\n<li>W przypadku anulacji rezerwacji po up\u0142ywie 7 dni od jej potwierdzenia, lecz nie p\u00f3\u017aniej ni\u017c 14 dni przed planowanym terminem przyjazdu, Hotel zatrzymuje wp\u0142acony zadatek.<\/li>\n<li>W przypadku anulacji rezerwacji dokonanej na mniej ni\u017c 14 dni przed planowanym terminem przyjazdu lub niepojawienia si\u0119 Go\u015bcia w dniu przyjazdu, Hotel ma prawo obci\u0105\u017cy\u0107 Go\u015bcia pe\u0142n\u0105 warto\u015bci\u0105 rezerwacji.<\/li>\n<\/ol>\n<p>[\/vc_column_text][\/vc_column][\/vc_row][vc_row][vc_column][vc_media_grid grid_id=&#8221;vc_gid:1771491724259-9e736476-70df-3&#8243; include=&#8221;3981,3980,3979,3978,3977,3813&#8243;][vc_empty_space height=&#8221;60px&#8221;][\/vc_column][\/vc_row][vc_row][vc_column][vc_message message_box_color=&#8221;alert-info&#8221;]<\/p>\n<div data-canvas-width=\"604.3692000000001\">\n<div style=\"text-align: center;\" data-canvas-width=\"619.0240000000001\">\n<div data-canvas-width=\"213.42399999999998\">\n<div class=\"document-page\" data-page=\"1\">\n<div class=\"pdf-page\">\n<div class=\"text-wrapper user-select-text\">\n<div data-canvas-width=\"142.76799999999997\"><strong>Cena nie zawiera:<\/strong><\/div>\n<div data-canvas-width=\"142.76799999999997\">Op\u0142aty klimatycznej: 3 PLN\/noc\/os.<\/div>\n<div data-canvas-width=\"142.76799999999997\"><\/div>\n<\/div>\n<\/div>\n<\/div>\n<div class=\"document-page\" data-page=\"2\">\n<div class=\"pdf-page\">\n<div class=\"text-wrapper user-select-text\">Mo\u017cliwo\u015b\u0107 przyjazdu z czworonogiem, op\u0142ata: 70 PLN za dob\u0119 (tylko w apartamentach Family i Standard, oraz po uzgodnieniu z recepcj\u0105)<\/div>\n<\/div>\n<\/div>\n<\/div>\n<div data-canvas-width=\"187.00799999999998\">Rozpocz\u0119cie doby hotelowej godz. 16:00, zako\u0144czenie godz. 11:00.<\/div>\n<div data-canvas-width=\"187.00799999999998\">Mo\u017cliwo\u015b\u0107 wcze\u015bniejszego zakwaterowania mi\u0119dzy godz. 12:00-16:00 za dodatkow\u0105 op\u0142at\u0105 50 z\u0142<\/div>\n<div data-canvas-width=\"213.42399999999998\">\n<div class=\"document-page\" data-page=\"2\">\n<div class=\"pdf-page\">\n<div class=\"text-wrapper user-select-text\">\n<div data-canvas-width=\"187.00799999999998\"><\/div>\n<div data-canvas-width=\"502.9599999999998\"><\/div>\n<\/div>\n<\/div>\n<\/div>\n<\/div>\n<\/div>\n<\/div>\n<p>[\/vc_message][vc_message message_box_color=&#8221;alert-warning&#8221; icon_fontawesome=&#8221;fas fa-comment-dots&#8221;]<\/p>\n<div data-canvas-width=\"129.296\">\n<div data-canvas-width=\"1251.7446718439699\">\n<div data-canvas-width=\"523.6959999999999\"><strong>Rezerwacja pakietu mo\u017cliwa za po\u015brednictwem naszej strony lub<\/strong><\/div>\n<div data-canvas-width=\"542.496\"><strong>telefonicznie. <\/strong><\/div>\n<\/div>\n<\/div>\n<div data-canvas-width=\"542.496\">Po wi\u0119cej informacji zapraszamy do kontaktu mailowego lub telefonicznego<\/div>\n<div data-canvas-width=\"534.3040000000001\"><\/div>\n<div data-canvas-width=\"534.3040000000001\">tel. +48 534 407 165<\/div>\n<div data-canvas-width=\"534.3040000000001\">e-mail: <a href=\"mailto:rezerwacja.apartamenty@gorzelanny.pl\">rezerwacja.apartamenty@gorzelanny.pl<\/a><\/div>\n<p>[\/vc_message][vc_message message_box_color=&#8221;blue&#8221; icon_fontawesome=&#8221;fab fa-facebook-square&#8221;]Zapraszamy na naszego <a href=\"https:\/\/www.facebook.com\/apartamentygorzelanny\/\">Facebooka<\/a>, na kt\u00f3rym znajdziesz najnowsze informacje o promocjach, zmianach oraz nowinkach z Hotelu i Apartament\u00f3w Gorzelanny![\/vc_message][vc_empty_space height=&#8221;60px&#8221;][\/vc_column][\/vc_row][vc_row][vc_column][vc_empty_space][vc_separator][vc_column_text]<\/p>\n<h3 style=\"text-align: center;\">SPRAWD\u0179 POZOSTA\u0141E OFERTY<\/h3>\n<p>[\/vc_column_text][vc_separator][vc_basic_grid post_type=&#8221;page&#8221; max_items=&#8221;100&#8243; style=&#8221;pagination&#8221; items_per_page=&#8221;3&#8243; orderby=&#8221;menu_order&#8221; order=&#8221;ASC&#8221; autoplay=&#8221;4&#8243; grid_id=&#8221;vc_gid:1771492774405-f163c9d5-b017-1&#8243; taxonomies=&#8221;63&#8243;][\/vc_column][\/vc_row][vc_row][vc_column][vc_gmaps link=&#8221;#E-8_JTNDaWZyYW1lJTIwc3JjJTNEJTIyaHR0cHMlM0ElMkYlMkZ3d3cuZ29vZ2xlLmNvbSUyRm1hcHMlMkZlbWJlZCUzRnBiJTNEJTIxMW0xOCUyMTFtMTIlMjExbTMlMjExZDIzMzYuNjEwMjEzMzg2NTMxJTIxMmQxNS4zOTgwMzc4NzU3NzQwNiUyMTNkNTQuMTUxNTUzNTE0MTczNDUlMjEybTMlMjExZjAlMjEyZjAlMjEzZjAlMjEzbTIlMjExaTEwMjQlMjEyaTc2OCUyMTRmMTMuMSUyMTNtMyUyMTFtMiUyMTFzMHg0NzAwMTM2YmU0YTFhZWY1JTI1M0EweGIyN2YzZTY0ZDJhNmU4NjQlMjEyc0hvdGVsJTI1MjBpJTI1MjBBcGFydGFtZW50eSUyNTIwR29yemVsYW5ueSUyNTIwdyUyNTIwRCUyNUM1JTI1QkF3aXJ6eW5pZSUyMTVlMCUyMTNtMiUyMTFzcGwlMjEyc3BsJTIxNHYxNzM0Nzc1NjM0MDIwJTIxNW0yJTIxMXNwbCUyMTJzcGwlMjIlMjB3aWR0aCUzRCUyMjYwMCUyMiUyMGhlaWdodCUzRCUyMjQ1MCUyMiUyMHN0eWxlJTNEJTIyYm9yZGVyJTNBMCUzQiUyMiUyMGFsbG93ZnVsbHNjcmVlbiUzRCUyMiUyMiUyMGxvYWRpbmclM0QlMjJsYXp5JTIyJTIwcmVmZXJyZXJwb2xpY3klM0QlMjJuby1yZWZlcnJlci13aGVuLWRvd25ncmFkZSUyMiUzRSUzQyUyRmlmcmFtZSUzRQ==&#8221; title=&#8221;Hotel i Apartamenty Gorzelanny&#8221;][\/vc_column][\/vc_row]<\/p>\n","protected":false},"excerpt":{"rendered":"<p>Czas na odpoczynek, s\u0142o\u0144ce i morskie widoki!<\/p>\n<p>\ud83d\udcc5 Termin: 2 &#8211; 7.06<br \/>\n\ud83d\udcb0 Cena: od 1760 z\u0142 \/ 2 osoby \/ 2 doby<\/p>\n","protected":false},"author":5,"featured_media":5248,"parent":0,"menu_order":4,"comment_status":"closed","ping_status":"closed","template":"","meta":{"footnotes":""},"class_list":["post-3958","page","type-page","status-publish","has-post-thumbnail","hentry","kategorie_stron-oferta_specjalna"],"yoast_head":"<!-- This site is optimized with the Yoast SEO plugin v27.0 - https:\/\/yoast.com\/product\/yoast-seo-wordpress\/ -->\n<title>PAKIET NA BO\u017bE CIA\u0141O - Hotel i Apartameny Gorzelanny w D\u017awirzynie, gmina Ko\u0142obrzeg<\/title>\n<meta name=\"robots\" content=\"index, follow, max-snippet:-1, max-image-preview:large, max-video-preview:-1\" \/>\n<link rel=\"canonical\" href=\"https:\/\/gorzelanny.pl\/hotel-dzwirzyno\/boze-cialo\/\" \/>\n<meta property=\"og:locale\" content=\"pl_PL\" \/>\n<meta property=\"og:type\" content=\"article\" \/>\n<meta property=\"og:title\" content=\"PAKIET NA BO\u017bE CIA\u0141O - Hotel i Apartameny Gorzelanny w D\u017awirzynie, gmina Ko\u0142obrzeg\" \/>\n<meta property=\"og:description\" content=\"Czas na odpoczynek, s\u0142o\u0144ce i morskie widoki!  \ud83d\udcc5 Termin: 2 - 7.06 \ud83d\udcb0 Cena: od 1760 z\u0142 \/ 2 osoby \/ 2 doby\" \/>\n<meta property=\"og:url\" content=\"https:\/\/gorzelanny.pl\/hotel-dzwirzyno\/boze-cialo\/\" \/>\n<meta property=\"og:site_name\" content=\"Hotel i Apartameny Gorzelanny w D\u017awirzynie, gmina Ko\u0142obrzeg\" \/>\n<meta property=\"article:publisher\" content=\"https:\/\/www.facebook.com\/hotele.gorzelanny\" \/>\n<meta property=\"article:modified_time\" content=\"2026-02-19T09:19:56+00:00\" \/>\n<meta property=\"og:image\" content=\"https:\/\/gorzelanny.pl\/hotel-dzwirzyno\/wp-content\/uploads\/2026\/01\/PakietBozeCialo2026-1.png\" \/>\n\t<meta property=\"og:image:width\" content=\"1049\" \/>\n\t<meta property=\"og:image:height\" content=\"699\" \/>\n\t<meta property=\"og:image:type\" content=\"image\/png\" \/>\n<meta name=\"twitter:card\" content=\"summary_large_image\" \/>\n<meta name=\"twitter:label1\" content=\"Szacowany czas czytania\" \/>\n\t<meta name=\"twitter:data1\" content=\"6 minut\" \/>\n<script type=\"application\/ld+json\" class=\"yoast-schema-graph\">{\"@context\":\"https:\/\/schema.org\",\"@graph\":[{\"@type\":\"WebPage\",\"@id\":\"https:\/\/gorzelanny.pl\/hotel-dzwirzyno\/boze-cialo\/\",\"url\":\"https:\/\/gorzelanny.pl\/hotel-dzwirzyno\/boze-cialo\/\",\"name\":\"PAKIET NA BO\u017bE CIA\u0141O - Hotel i Apartameny Gorzelanny w D\u017awirzynie, gmina Ko\u0142obrzeg\",\"isPartOf\":{\"@id\":\"https:\/\/gorzelanny.pl\/hotel-dzwirzyno\/#website\"},\"primaryImageOfPage\":{\"@id\":\"https:\/\/gorzelanny.pl\/hotel-dzwirzyno\/boze-cialo\/#primaryimage\"},\"image\":{\"@id\":\"https:\/\/gorzelanny.pl\/hotel-dzwirzyno\/boze-cialo\/#primaryimage\"},\"thumbnailUrl\":\"https:\/\/gorzelanny.pl\/hotel-dzwirzyno\/wp-content\/uploads\/2026\/01\/PakietBozeCialo2026-1.png\",\"datePublished\":\"2025-01-16T21:43:23+00:00\",\"dateModified\":\"2026-02-19T09:19:56+00:00\",\"breadcrumb\":{\"@id\":\"https:\/\/gorzelanny.pl\/hotel-dzwirzyno\/boze-cialo\/#breadcrumb\"},\"inLanguage\":\"pl-PL\",\"potentialAction\":[{\"@type\":\"ReadAction\",\"target\":[\"https:\/\/gorzelanny.pl\/hotel-dzwirzyno\/boze-cialo\/\"]}]},{\"@type\":\"ImageObject\",\"inLanguage\":\"pl-PL\",\"@id\":\"https:\/\/gorzelanny.pl\/hotel-dzwirzyno\/boze-cialo\/#primaryimage\",\"url\":\"https:\/\/gorzelanny.pl\/hotel-dzwirzyno\/wp-content\/uploads\/2026\/01\/PakietBozeCialo2026-1.png\",\"contentUrl\":\"https:\/\/gorzelanny.pl\/hotel-dzwirzyno\/wp-content\/uploads\/2026\/01\/PakietBozeCialo2026-1.png\",\"width\":1049,\"height\":699},{\"@type\":\"BreadcrumbList\",\"@id\":\"https:\/\/gorzelanny.pl\/hotel-dzwirzyno\/boze-cialo\/#breadcrumb\",\"itemListElement\":[{\"@type\":\"ListItem\",\"position\":1,\"name\":\"Home\",\"item\":\"https:\/\/gorzelanny.pl\/hotel-dzwirzyno\/\"},{\"@type\":\"ListItem\",\"position\":2,\"name\":\"PAKIET NA BO\u017bE CIA\u0141O\"}]},{\"@type\":\"WebSite\",\"@id\":\"https:\/\/gorzelanny.pl\/hotel-dzwirzyno\/#website\",\"url\":\"https:\/\/gorzelanny.pl\/hotel-dzwirzyno\/\",\"name\":\"Hotel i Apartameny Gorzelanny w D\u017awirzynie, gmina Ko\u0142obrzeg\",\"description\":\"Pobyty z wy\u017cywieniem dla rodzin z dzie\u0107mi, blisko pla\u017cy. Pokoje z klimatyzacj\u0105, basen z rynn\u0105 wodn\u0105, jacuzzi, restauracja, parking. Przyjazny zwierz\u0119tom.\",\"potentialAction\":[{\"@type\":\"SearchAction\",\"target\":{\"@type\":\"EntryPoint\",\"urlTemplate\":\"https:\/\/gorzelanny.pl\/hotel-dzwirzyno\/?s={search_term_string}\"},\"query-input\":{\"@type\":\"PropertyValueSpecification\",\"valueRequired\":true,\"valueName\":\"search_term_string\"}}],\"inLanguage\":\"pl-PL\"}]}<\/script>\n<!-- \/ Yoast SEO plugin. -->","yoast_head_json":{"title":"PAKIET NA BO\u017bE CIA\u0141O - Hotel i Apartameny Gorzelanny w D\u017awirzynie, gmina Ko\u0142obrzeg","robots":{"index":"index","follow":"follow","max-snippet":"max-snippet:-1","max-image-preview":"max-image-preview:large","max-video-preview":"max-video-preview:-1"},"canonical":"https:\/\/gorzelanny.pl\/hotel-dzwirzyno\/boze-cialo\/","og_locale":"pl_PL","og_type":"article","og_title":"PAKIET NA BO\u017bE CIA\u0141O - Hotel i Apartameny Gorzelanny w D\u017awirzynie, gmina Ko\u0142obrzeg","og_description":"Czas na odpoczynek, s\u0142o\u0144ce i morskie widoki!  \ud83d\udcc5 Termin: 2 - 7.06 \ud83d\udcb0 Cena: od 1760 z\u0142 \/ 2 osoby \/ 2 doby","og_url":"https:\/\/gorzelanny.pl\/hotel-dzwirzyno\/boze-cialo\/","og_site_name":"Hotel i Apartameny Gorzelanny w D\u017awirzynie, gmina Ko\u0142obrzeg","article_publisher":"https:\/\/www.facebook.com\/hotele.gorzelanny","article_modified_time":"2026-02-19T09:19:56+00:00","og_image":[{"width":1049,"height":699,"url":"https:\/\/gorzelanny.pl\/hotel-dzwirzyno\/wp-content\/uploads\/2026\/01\/PakietBozeCialo2026-1.png","type":"image\/png"}],"twitter_card":"summary_large_image","twitter_misc":{"Szacowany czas czytania":"6 minut"},"schema":{"@context":"https:\/\/schema.org","@graph":[{"@type":"WebPage","@id":"https:\/\/gorzelanny.pl\/hotel-dzwirzyno\/boze-cialo\/","url":"https:\/\/gorzelanny.pl\/hotel-dzwirzyno\/boze-cialo\/","name":"PAKIET NA BO\u017bE CIA\u0141O - Hotel i Apartameny Gorzelanny w D\u017awirzynie, gmina Ko\u0142obrzeg","isPartOf":{"@id":"https:\/\/gorzelanny.pl\/hotel-dzwirzyno\/#website"},"primaryImageOfPage":{"@id":"https:\/\/gorzelanny.pl\/hotel-dzwirzyno\/boze-cialo\/#primaryimage"},"image":{"@id":"https:\/\/gorzelanny.pl\/hotel-dzwirzyno\/boze-cialo\/#primaryimage"},"thumbnailUrl":"https:\/\/gorzelanny.pl\/hotel-dzwirzyno\/wp-content\/uploads\/2026\/01\/PakietBozeCialo2026-1.png","datePublished":"2025-01-16T21:43:23+00:00","dateModified":"2026-02-19T09:19:56+00:00","breadcrumb":{"@id":"https:\/\/gorzelanny.pl\/hotel-dzwirzyno\/boze-cialo\/#breadcrumb"},"inLanguage":"pl-PL","potentialAction":[{"@type":"ReadAction","target":["https:\/\/gorzelanny.pl\/hotel-dzwirzyno\/boze-cialo\/"]}]},{"@type":"ImageObject","inLanguage":"pl-PL","@id":"https:\/\/gorzelanny.pl\/hotel-dzwirzyno\/boze-cialo\/#primaryimage","url":"https:\/\/gorzelanny.pl\/hotel-dzwirzyno\/wp-content\/uploads\/2026\/01\/PakietBozeCialo2026-1.png","contentUrl":"https:\/\/gorzelanny.pl\/hotel-dzwirzyno\/wp-content\/uploads\/2026\/01\/PakietBozeCialo2026-1.png","width":1049,"height":699},{"@type":"BreadcrumbList","@id":"https:\/\/gorzelanny.pl\/hotel-dzwirzyno\/boze-cialo\/#breadcrumb","itemListElement":[{"@type":"ListItem","position":1,"name":"Home","item":"https:\/\/gorzelanny.pl\/hotel-dzwirzyno\/"},{"@type":"ListItem","position":2,"name":"PAKIET NA BO\u017bE CIA\u0141O"}]},{"@type":"WebSite","@id":"https:\/\/gorzelanny.pl\/hotel-dzwirzyno\/#website","url":"https:\/\/gorzelanny.pl\/hotel-dzwirzyno\/","name":"Hotel i Apartameny Gorzelanny w D\u017awirzynie, gmina Ko\u0142obrzeg","description":"Pobyty z wy\u017cywieniem dla rodzin z dzie\u0107mi, blisko pla\u017cy. Pokoje z klimatyzacj\u0105, basen z rynn\u0105 wodn\u0105, jacuzzi, restauracja, parking. Przyjazny zwierz\u0119tom.","potentialAction":[{"@type":"SearchAction","target":{"@type":"EntryPoint","urlTemplate":"https:\/\/gorzelanny.pl\/hotel-dzwirzyno\/?s={search_term_string}"},"query-input":{"@type":"PropertyValueSpecification","valueRequired":true,"valueName":"search_term_string"}}],"inLanguage":"pl-PL"}]}},"_links":{"self":[{"href":"https:\/\/gorzelanny.pl\/hotel-dzwirzyno\/wp-json\/wp\/v2\/pages\/3958","targetHints":{"allow":["GET"]}}],"collection":[{"href":"https:\/\/gorzelanny.pl\/hotel-dzwirzyno\/wp-json\/wp\/v2\/pages"}],"about":[{"href":"https:\/\/gorzelanny.pl\/hotel-dzwirzyno\/wp-json\/wp\/v2\/types\/page"}],"author":[{"embeddable":true,"href":"https:\/\/gorzelanny.pl\/hotel-dzwirzyno\/wp-json\/wp\/v2\/users\/5"}],"replies":[{"embeddable":true,"href":"https:\/\/gorzelanny.pl\/hotel-dzwirzyno\/wp-json\/wp\/v2\/comments?post=3958"}],"version-history":[{"count":39,"href":"https:\/\/gorzelanny.pl\/hotel-dzwirzyno\/wp-json\/wp\/v2\/pages\/3958\/revisions"}],"predecessor-version":[{"id":5385,"href":"https:\/\/gorzelanny.pl\/hotel-dzwirzyno\/wp-json\/wp\/v2\/pages\/3958\/revisions\/5385"}],"wp:featuredmedia":[{"embeddable":true,"href":"https:\/\/gorzelanny.pl\/hotel-dzwirzyno\/wp-json\/wp\/v2\/media\/5248"}],"wp:attachment":[{"href":"https:\/\/gorzelanny.pl\/hotel-dzwirzyno\/wp-json\/wp\/v2\/media?parent=3958"}],"curies":[{"name":"wp","href":"https:\/\/api.w.org\/{rel}","templated":true}]}}