{"id":4010,"date":"2025-02-06T11:15:18","date_gmt":"2025-02-06T10:15:18","guid":{"rendered":"https:\/\/gorzelanny.pl\/hotel-dzwirzyno\/?page_id=4010"},"modified":"2025-07-23T19:13:32","modified_gmt":"2025-07-23T17:13:32","slug":"dla-dzieci","status":"publish","type":"page","link":"https:\/\/gorzelanny.pl\/hotel-dzwirzyno\/dla-dzieci\/","title":{"rendered":"Dla dzieci"},"content":{"rendered":"<p>[vc_row][vc_column][vc_custom_heading text=&#8221;Wakacje z dzie\u0107mi&#8221; font_container=&#8221;tag:h2|text_align:center|color:%23ff6a00&#8243; google_fonts=&#8221;font_family:Yeseva%20One%3Aregular|font_style:400%20regular%3A400%3Anormal&#8221;][\/vc_column][\/vc_row][vc_row][vc_column][vc_column_text]Witamy w Sali Zabaw \u2013 kolorowej przestrzeni stworzonej po to, by dzieci mog\u0142y skaka\u0107, wspina\u0107 si\u0119, budowa\u0107, odkrywa\u0107 i poznawa\u0107 nowych przyjaci\u00f3\u0142 w bezpiecznym, czystym i przyjaznym \u015brodowisku. U nas deszczowe popo\u0142udnie, rodzinny weekend czy spontaniczny wypad ze znajomymi staj\u0105 si\u0119 prawdziw\u0105 przygod\u0105. To miejsce, gdzie dzieci\u0119ca energia spotyka si\u0119 z wyobra\u017ani\u0105![\/vc_column_text][\/vc_column][\/vc_row][vc_row][vc_column width=&#8221;1\/2&#8243;][vc_single_image image=&#8221;4947&#8243; img_size=&#8221;large&#8221; alignment=&#8221;right&#8221; style=&#8221;vc_box_shadow_circle_2&#8243;][\/vc_column][vc_column width=&#8221;5\/12&#8243; shadow_x_offset=&#8221;0&#8243; shadow_y_offset=&#8221;0&#8243; shadow_blur=&#8221;0&#8243; shadow_spread=&#8221;0&#8243; shadow_color=&#8221;&#8221;][stm_spacer][stm_spacer][stm_spacer][vc_column_text][\/vc_column_text][vc_custom_heading text=&#8221;Wakacyjna szko\u0142a gotowania z Szefem Kuchni&#8221; font_container=&#8221;tag:h2|text_align:center|color:%23ed9600&#8243; google_fonts=&#8221;font_family:Yeseva%20One%3Aregular|font_style:400%20regular%3A400%3Anormal&#8221; css_animation=&#8221;bounceInRight&#8221;][vc_column_text]<\/p>\n<p style=\"text-align: center;\">W wakacyjne wtorki o 11:30 zapraszamy do sali restauracyjnej na animacje z udzia\u0142em naszych zawodowych kucharzy. Trzeba b\u0119dzie zakasa\u0107 r\u0119kaw\u00f3w, bo w ruch p\u00f3jd\u0105 wa\u0142ki, m\u0105ka, jajka i inne sk\u0142adniki z kt\u00f3rych powstan\u0105 pyszne, kruche ciasteczka lub pizza.<\/p>\n<p style=\"text-align: center;\"><em>Zarezerwuj ju\u017c dzi\u015b wymarzone wakacje z dzie\u0107mi!\u00a0<\/em><\/p>\n<p>[\/vc_column_text][\/vc_column][\/vc_row][vc_row][vc_column width=&#8221;1\/2&#8243;][vc_empty_space][vc_empty_space][vc_empty_space][vc_custom_heading text=&#8221;Sala zabaw&#8221; font_container=&#8221;tag:h2|text_align:left|color:%23b900c6&#8243; google_fonts=&#8221;font_family:Yeseva%20One%3Aregular|font_style:400%20regular%3A400%3Anormal&#8221; css_animation=&#8221;bounceInLeft&#8221;][vc_column_text]<\/p>\n<p style=\"text-align: center;\">Sala zabaw jest bezpiecznym miejscem, gdzie dzieci mog\u0105 sp\u0119dza\u0107 czas bez limit\u00f3w. Nasza sala to idealne rozwi\u0105zanie na ka\u017cd\u0105 pogod\u0119 &#8211; kolorowanki, zabawki, plastikowy domek i zje\u017cd\u017calnia pozwol\u0105 zaj\u0105\u0107 uwag\u0119 malucha i sp\u0119dzi\u0107 mi\u0142o czas.<\/p>\n<p style=\"text-align: center;\"><em>Sala zabaw jest dost\u0119pna od 1 maja 2025\u00a0<\/em><\/p>\n<p>[\/vc_column_text][\/vc_column][vc_column width=&#8221;1\/2&#8243;][vc_single_image image=&#8221;4941&#8243; img_size=&#8221;large&#8221; alignment=&#8221;right&#8221; style=&#8221;vc_box_shadow_circle_2&#8243;][\/vc_column][\/vc_row][vc_row][vc_column width=&#8221;1\/2&#8243;][vc_single_image image=&#8221;4940&#8243; img_size=&#8221;large&#8221; alignment=&#8221;right&#8221; style=&#8221;vc_box_circle_2&#8243;][\/vc_column][vc_column width=&#8221;5\/12&#8243; shadow_x_offset=&#8221;0&#8243; shadow_y_offset=&#8221;0&#8243; shadow_blur=&#8221;0&#8243; shadow_spread=&#8221;0&#8243; shadow_color=&#8221;&#8221;][vc_empty_space][vc_empty_space][vc_empty_space][vc_custom_heading text=&#8221;Program animacji dla dzieci&#8221; font_container=&#8221;tag:h2|text_align:center|color:%230075f2&#8243; google_fonts=&#8221;font_family:Yeseva%20One%3Aregular|font_style:400%20regular%3A400%3Anormal&#8221; css_animation=&#8221;bounceInRight&#8221;][vc_column_text]<\/p>\n<p style=\"text-align: center;\">W Hotelu i Apartamentach Gorzelanny, dzieci nigdy si\u0119 nie nudz\u0105! Oferujemy <strong>bogaty program animacji<\/strong>, kt\u00f3ry b\u0119dzie Wam towarzyszy\u0142 przez ca\u0142y rok. Niezale\u017cnie od pory roku oraz pogody, nasi <strong>wykwalifikowani animatorzy<\/strong> zapewni\u0105 dzieciom mn\u00f3stwo rado\u015bci i niezapomnianych chwil! <strong>Aqua areobik, animacje na pla\u017cy, mini disco<\/strong> &#8211; to tylko niekt\u00f3re z atrakcji, kt\u00f3re czekaj\u0105 na Was w naszym obiekcie. Dla dzieci mamy tak\u017ce liczne <strong>zaj\u0119cia kreatywne, gry i zabawy na \u015bwie\u017cym powietrzu<\/strong>, a tak\u017ce relaksuj\u0105ce chwile w <strong>basenie<\/strong>.<\/p>\n<p style=\"text-align: center;\"><em>Przyk\u0142adowy program animacji\u00a0<\/em><em>-&gt; <a href=\"https:\/\/gorzelanny.pl\/hotel-dzwirzyno\/wp-content\/uploads\/2025\/02\/Plan-animacji-dla-dzieci.pdf\" target=\"_blank\" rel=\"noopener\">Program animacji<\/a>*<\/em><\/p>\n<p style=\"text-align: center;\"><em>*Plan animacji mo\u017ce ulec zmianie.<\/em><\/p>\n<p>[\/vc_column_text][\/vc_column][\/vc_row][vc_row][vc_column width=&#8221;1\/2&#8243;][vc_empty_space][vc_empty_space][vc_empty_space][vc_empty_space][vc_empty_space][vc_empty_space][vc_empty_space][vc_custom_heading text=&#8221;Smakowite menu dla najm\u0142odszych&#8221; font_container=&#8221;tag:h3|text_align:center|color:%235300ed&#8221; google_fonts=&#8221;font_family:Yeseva%20One%3Aregular|font_style:400%20regular%3A400%3Anormal&#8221; css_animation=&#8221;bounceInRight&#8221;][vc_column_text]<\/p>\n<p style=\"text-align: center;\">Dbamy o wyj\u0105tkowe <strong>smaki dla dzieci<\/strong>! W naszej restauracji znajdziesz specjalne <strong>menu dzieci\u0119ce<\/strong>, kt\u00f3re zadowoli nawet najbardziej wybredne maluchy. Proponujemy <strong>pyszne i zdrowe<\/strong> dania, kt\u00f3re s\u0105 dostosowane do gust\u00f3w najm\u0142odszych Go\u015bci. Zawsze staramy si\u0119, by posi\u0142ki by\u0142y <strong>smaczne, po\u017cywne<\/strong> i odpowiednie dla dzieci.<\/p>\n<p style=\"text-align: center;\"><em>*Pobyt z wy\u017cywieniem dost\u0119pny ju\u017c od 1 maja 2025 r.<\/em><\/p>\n<p>[\/vc_column_text][\/vc_column][vc_column width=&#8221;1\/2&#8243;][vc_single_image image=&#8221;4027&#8243; img_size=&#8221;large&#8221; alignment=&#8221;right&#8221; style=&#8221;vc_box_shadow_circle_2&#8243;][\/vc_column][\/vc_row][vc_row][vc_column][vc_empty_space][vc_empty_space][vc_empty_space][vc_custom_heading text=&#8221;Wakacje nad morzem z dzie\u0107mi &#8211; pe\u0142na wygoda i bezpiecze\u0144stwo!&#8221; font_container=&#8221;tag:h3|text_align:center|color:%23ff7f00&#8243; google_fonts=&#8221;font_family:Yeseva%20One%3Aregular|font_style:400%20regular%3A400%3Anormal&#8221;][\/vc_column][\/vc_row][vc_row][vc_column][vc_column_text]W Hotelu i Apartamentach Gorzelanny nie musisz martwi\u0107 si\u0119 o zapewnienie <strong>atrakcji i udogodnie\u0144<\/strong> dla swojej rodziny. Oferujemy nowoczesne i przestronne <strong>Apartamenty 1 lub 2-pokojowe<\/strong> &#8211; idealne dla rodzin z dzie\u0107mi. Ka\u017cdy szczeg\u00f3\u0142 zosta\u0142 zaplanowany tak, by Wasz pobyt by\u0142 jak najbardziej <strong>komfortowy i niezapomniany<\/strong>! W naszym obiekcie zapewniamy tak\u017ce:<\/p>\n<ul>\n<li><em>Darmowy pobyt dla jednego dziecka do lat 3!<\/em><\/li>\n<li><em>Krzese\u0142ka do karmienia na \u017cyczenie!<\/em><\/li>\n<li><em>turystyczne \u0142\u00f3\u017ceczka niemowl\u0119ce do wypo\u017cyczenia w recepcji (100 z\u0142 za pobyt)<\/em><\/li>\n<li>w\u00f3zki pla\u017cowe do wypo\u017cyczenia<\/li>\n<li>1x w tygodniu lekcja gotowania z Szefem Kuchni<\/li>\n<li>w wakacje codziennie godzina animacji &#8211; wsp\u00f3lne kolorowanie, malowanie cia\u0142a, gry i zabawy<\/li>\n<\/ul>\n<p>[\/vc_column_text][\/vc_column][\/vc_row][vc_row][vc_column][vc_btn title=&#8221;Zarezerwuj ju\u017c dzi\u015b &#8211; idealne miejsce na wakacje dla Ciebie i Twoich pociech!&#8221; style=&#8221;gradient-custom&#8221; gradient_text_color=&#8221;#000000&#8243; size=&#8221;lg&#8221; align=&#8221;center&#8221; i_icon_fontawesome=&#8221;stmicon-family-room&#8221; add_icon=&#8221;true&#8221; link=&#8221;url:https%3A%2F%2Fgorzelanny.pl%2Fhotel-dzwirzyno%2Frezerwacja-online%2F&#8221;][\/vc_column][\/vc_row][vc_row][vc_column][vc_empty_space][vc_media_grid element_width=&#8221;2&#8243; grid_id=&#8221;vc_gid:1753289868097-dd885ed0-80ab-9&#8243; include=&#8221;3823,3809,3822,3811,3821,3803,3793,3792,3794,3791,3788,3790&#8243;][\/vc_column][\/vc_row][vc_row][vc_column][vc_empty_space][vc_message message_box_color=&#8221;alert-info&#8221;]<\/p>\n<div data-canvas-width=\"604.3692000000001\">\n<div style=\"text-align: center;\" data-canvas-width=\"619.0240000000001\">\n<div data-canvas-width=\"213.42399999999998\">\n<div class=\"document-page\" data-page=\"1\">\n<div class=\"pdf-page\">\n<div class=\"text-wrapper user-select-text\">\n<div data-canvas-width=\"142.76799999999997\">\n<div data-canvas-width=\"213.42399999999998\">\n<div class=\"document-page\" data-page=\"1\">\n<div class=\"pdf-page\">\n<div class=\"text-wrapper user-select-text\">\n<div data-canvas-width=\"142.76799999999997\"><strong>Ceny nie obejmuj\u0105:<\/strong><\/div>\n<\/div>\n<\/div>\n<\/div>\n<div class=\"document-page\" data-page=\"2\">\n<div class=\"pdf-page\">\n<div class=\"text-wrapper user-select-text\">\n<div data-canvas-width=\"16.368\">1) Op\u0142aty klimatycznej (3 z\u0142\/noc\/os.)<\/div>\n<div data-canvas-width=\"16.368\">2) Op\u0142aty za czworono\u017cnego Go\u015bcia (70 z\u0142\/doba)<\/div>\n<div data-canvas-width=\"16.368\">3) Op\u0142aty za parking (30 z\u0142\/doba)<\/div>\n<\/div>\n<\/div>\n<\/div>\n<\/div>\n<\/div>\n<\/div>\n<\/div>\n<\/div>\n<\/div>\n<\/div>\n<\/div>\n<p>[\/vc_message][vc_message message_box_color=&#8221;alert-warning&#8221; icon_fontawesome=&#8221;fas fa-comment-dots&#8221;]<\/p>\n<div style=\"text-align: center;\" data-canvas-width=\"129.296\">\n<div data-canvas-width=\"1251.7446718439699\">\n<div data-canvas-width=\"523.6959999999999\">\n<div style=\"text-align: center;\" data-canvas-width=\"129.296\">\n<div data-canvas-width=\"1251.7446718439699\">\n<div data-canvas-width=\"523.6959999999999\"><strong>Rezerwacja mo\u017cliwa za po\u015brednictwem naszej strony lub<\/strong><\/div>\n<div data-canvas-width=\"542.496\"><strong>telefonicznie. <\/strong><\/div>\n<\/div>\n<\/div>\n<div style=\"text-align: center;\" data-canvas-width=\"534.3040000000001\"><\/div>\n<div data-canvas-width=\"534.3040000000001\"><\/div>\n<div style=\"text-align: center;\" data-canvas-width=\"534.3040000000001\">tel. 661-404-873<\/div>\n<div style=\"text-align: center;\" data-canvas-width=\"534.3040000000001\">e-mail: <a href=\"mailto:rezerwacja.apartamenty@gorzelanny.pl\">rezerwacja.apartamenty@gorzelanny.pl<\/a><\/div>\n<\/div>\n<\/div>\n<\/div>\n<p>[\/vc_message][vc_message message_box_color=&#8221;blue&#8221; icon_fontawesome=&#8221;fab fa-facebook-square&#8221;]<\/p>\n<div style=\"text-align: center;\" data-canvas-width=\"129.296\">\n<div data-canvas-width=\"1251.7446718439699\">\n<div data-canvas-width=\"523.6959999999999\">\n<div style=\"text-align: center;\" data-canvas-width=\"129.296\">\n<div data-canvas-width=\"1251.7446718439699\">\n<div data-canvas-width=\"523.6959999999999\">Zapraszamy na naszego <a href=\"https:\/\/www.facebook.com\/apartamentygorzelanny\/\">Facebooka<\/a>, na kt\u00f3rym znajdziesz najnowsze informacje o promocjach, zmianach oraz nowinkach z Hotelu i Apartament\u00f3w Gorzelanny!<\/div>\n<\/div>\n<\/div>\n<\/div>\n<\/div>\n<\/div>\n<p>[\/vc_message][vc_empty_space height=&#8221;60px&#8221;][\/vc_column][\/vc_row][vc_row][vc_column][vc_gmaps link=&#8221;#E-8_JTNDaWZyYW1lJTIwc3JjJTNEJTIyaHR0cHMlM0ElMkYlMkZ3d3cuZ29vZ2xlLmNvbSUyRm1hcHMlMkZlbWJlZCUzRnBiJTNEJTIxMW0xOCUyMTFtMTIlMjExbTMlMjExZDIzMzYuNjEwMjEzMzg2NTMxJTIxMmQxNS4zOTgwMzc4NzU3NzQwNiUyMTNkNTQuMTUxNTUzNTE0MTczNDUlMjEybTMlMjExZjAlMjEyZjAlMjEzZjAlMjEzbTIlMjExaTEwMjQlMjEyaTc2OCUyMTRmMTMuMSUyMTNtMyUyMTFtMiUyMTFzMHg0NzAwMTM2YmU0YTFhZWY1JTI1M0EweGIyN2YzZTY0ZDJhNmU4NjQlMjEyc0hvdGVsJTI1MjBpJTI1MjBBcGFydGFtZW50eSUyNTIwR29yemVsYW5ueSUyNTIwdyUyNTIwRCUyNUM1JTI1QkF3aXJ6eW5pZSUyMTVlMCUyMTNtMiUyMTFzcGwlMjEyc3BsJTIxNHYxNzM0Nzc1NjM0MDIwJTIxNW0yJTIxMXNwbCUyMTJzcGwlMjIlMjB3aWR0aCUzRCUyMjYwMCUyMiUyMGhlaWdodCUzRCUyMjQ1MCUyMiUyMHN0eWxlJTNEJTIyYm9yZGVyJTNBMCUzQiUyMiUyMGFsbG93ZnVsbHNjcmVlbiUzRCUyMiUyMiUyMGxvYWRpbmclM0QlMjJsYXp5JTIyJTIwcmVmZXJyZXJwb2xpY3klM0QlMjJuby1yZWZlcnJlci13aGVuLWRvd25ncmFkZSUyMiUzRSUzQyUyRmlmcmFtZSUzRQ==&#8221; title=&#8221;Hotel i Apartamenty Gorzelanny&#8221;][\/vc_column][\/vc_row]<\/p>\n","protected":false},"excerpt":{"rendered":"<p>[vc_row][vc_column][vc_custom_heading text=&#8221;Wakacje z dzie\u0107mi&#8221; font_container=&#8221;tag:h2|text_align:center|color:%23ff6a00&#8243; google_fonts=&#8221;font_family:Yeseva%20One%3Aregular|font_style:400%20regular%3A400%3Anormal&#8221;][\/vc_column][\/vc_row][vc_row][vc_column][vc_column_text]Witamy w Sali Zabaw \u2013 kolorowej przestrzeni stworzonej po to, by dzieci mog\u0142y skaka\u0107, wspina\u0107 si\u0119, budowa\u0107, odkrywa\u0107 i poznawa\u0107 nowych przyjaci\u00f3\u0142 w bezpiecznym, czystym i przyjaznym \u015brodowisku. U nas deszczowe popo\u0142udnie, rodzinny weekend czy spontaniczny wypad ze znajomymi staj\u0105 si\u0119 prawdziw\u0105 przygod\u0105. To miejsce, gdzie dzieci\u0119ca energia spotyka si\u0119 [&hellip;]<\/p>\n","protected":false},"author":1,"featured_media":0,"parent":0,"menu_order":0,"comment_status":"closed","ping_status":"closed","template":"","meta":{"footnotes":""},"class_list":["post-4010","page","type-page","status-publish","hentry"],"yoast_head":"<!-- This site is optimized with the Yoast SEO plugin v27.0 - https:\/\/yoast.com\/product\/yoast-seo-wordpress\/ -->\n<title>Dla dzieci - Hotel i Apartameny Gorzelanny w D\u017awirzynie, gmina Ko\u0142obrzeg<\/title>\n<meta name=\"robots\" content=\"index, follow, max-snippet:-1, max-image-preview:large, max-video-preview:-1\" \/>\n<link rel=\"canonical\" href=\"https:\/\/gorzelanny.pl\/hotel-dzwirzyno\/dla-dzieci\/\" \/>\n<meta property=\"og:locale\" content=\"pl_PL\" \/>\n<meta property=\"og:type\" content=\"article\" \/>\n<meta property=\"og:title\" content=\"Dla dzieci - Hotel i Apartameny Gorzelanny w D\u017awirzynie, gmina Ko\u0142obrzeg\" \/>\n<meta property=\"og:description\" content=\"[vc_row][vc_column][vc_custom_heading text=&#8221;Wakacje z dzie\u0107mi&#8221; font_container=&#8221;tag:h2|text_align:center|color:%23ff6a00&#8243; google_fonts=&#8221;font_family:Yeseva%20One%3Aregular|font_style:400%20regular%3A400%3Anormal&#8221;][\/vc_column][\/vc_row][vc_row][vc_column][vc_column_text]Witamy w Sali Zabaw \u2013 kolorowej przestrzeni stworzonej po to, by dzieci mog\u0142y skaka\u0107, wspina\u0107 si\u0119, budowa\u0107, odkrywa\u0107 i poznawa\u0107 nowych przyjaci\u00f3\u0142 w bezpiecznym, czystym i przyjaznym \u015brodowisku. U nas deszczowe popo\u0142udnie, rodzinny weekend czy spontaniczny wypad ze znajomymi staj\u0105 si\u0119 prawdziw\u0105 przygod\u0105. To miejsce, gdzie dzieci\u0119ca energia spotyka si\u0119 [&hellip;]\" \/>\n<meta property=\"og:url\" content=\"https:\/\/gorzelanny.pl\/hotel-dzwirzyno\/dla-dzieci\/\" \/>\n<meta property=\"og:site_name\" content=\"Hotel i Apartameny Gorzelanny w D\u017awirzynie, gmina Ko\u0142obrzeg\" \/>\n<meta property=\"article:publisher\" content=\"https:\/\/www.facebook.com\/hotele.gorzelanny\" \/>\n<meta property=\"article:modified_time\" content=\"2025-07-23T17:13:32+00:00\" \/>\n<meta name=\"twitter:card\" content=\"summary_large_image\" \/>\n<meta name=\"twitter:label1\" content=\"Szacowany czas czytania\" \/>\n\t<meta name=\"twitter:data1\" content=\"6 minut\" \/>\n<script type=\"application\/ld+json\" class=\"yoast-schema-graph\">{\"@context\":\"https:\/\/schema.org\",\"@graph\":[{\"@type\":\"WebPage\",\"@id\":\"https:\/\/gorzelanny.pl\/hotel-dzwirzyno\/dla-dzieci\/\",\"url\":\"https:\/\/gorzelanny.pl\/hotel-dzwirzyno\/dla-dzieci\/\",\"name\":\"Dla dzieci - Hotel i Apartameny Gorzelanny w D\u017awirzynie, gmina Ko\u0142obrzeg\",\"isPartOf\":{\"@id\":\"https:\/\/gorzelanny.pl\/hotel-dzwirzyno\/#website\"},\"datePublished\":\"2025-02-06T10:15:18+00:00\",\"dateModified\":\"2025-07-23T17:13:32+00:00\",\"breadcrumb\":{\"@id\":\"https:\/\/gorzelanny.pl\/hotel-dzwirzyno\/dla-dzieci\/#breadcrumb\"},\"inLanguage\":\"pl-PL\",\"potentialAction\":[{\"@type\":\"ReadAction\",\"target\":[\"https:\/\/gorzelanny.pl\/hotel-dzwirzyno\/dla-dzieci\/\"]}]},{\"@type\":\"BreadcrumbList\",\"@id\":\"https:\/\/gorzelanny.pl\/hotel-dzwirzyno\/dla-dzieci\/#breadcrumb\",\"itemListElement\":[{\"@type\":\"ListItem\",\"position\":1,\"name\":\"Home\",\"item\":\"https:\/\/gorzelanny.pl\/hotel-dzwirzyno\/\"},{\"@type\":\"ListItem\",\"position\":2,\"name\":\"Dla dzieci\"}]},{\"@type\":\"WebSite\",\"@id\":\"https:\/\/gorzelanny.pl\/hotel-dzwirzyno\/#website\",\"url\":\"https:\/\/gorzelanny.pl\/hotel-dzwirzyno\/\",\"name\":\"Hotel i Apartameny Gorzelanny w D\u017awirzynie, gmina Ko\u0142obrzeg\",\"description\":\"Pobyty z wy\u017cywieniem dla rodzin z dzie\u0107mi, blisko pla\u017cy. Pokoje z klimatyzacj\u0105, basen z rynn\u0105 wodn\u0105, jacuzzi, restauracja, parking. Przyjazny zwierz\u0119tom.\",\"potentialAction\":[{\"@type\":\"SearchAction\",\"target\":{\"@type\":\"EntryPoint\",\"urlTemplate\":\"https:\/\/gorzelanny.pl\/hotel-dzwirzyno\/?s={search_term_string}\"},\"query-input\":{\"@type\":\"PropertyValueSpecification\",\"valueRequired\":true,\"valueName\":\"search_term_string\"}}],\"inLanguage\":\"pl-PL\"}]}<\/script>\n<!-- \/ Yoast SEO plugin. -->","yoast_head_json":{"title":"Dla dzieci - Hotel i Apartameny Gorzelanny w D\u017awirzynie, gmina Ko\u0142obrzeg","robots":{"index":"index","follow":"follow","max-snippet":"max-snippet:-1","max-image-preview":"max-image-preview:large","max-video-preview":"max-video-preview:-1"},"canonical":"https:\/\/gorzelanny.pl\/hotel-dzwirzyno\/dla-dzieci\/","og_locale":"pl_PL","og_type":"article","og_title":"Dla dzieci - Hotel i Apartameny Gorzelanny w D\u017awirzynie, gmina Ko\u0142obrzeg","og_description":"[vc_row][vc_column][vc_custom_heading text=&#8221;Wakacje z dzie\u0107mi&#8221; font_container=&#8221;tag:h2|text_align:center|color:%23ff6a00&#8243; google_fonts=&#8221;font_family:Yeseva%20One%3Aregular|font_style:400%20regular%3A400%3Anormal&#8221;][\/vc_column][\/vc_row][vc_row][vc_column][vc_column_text]Witamy w Sali Zabaw \u2013 kolorowej przestrzeni stworzonej po to, by dzieci mog\u0142y skaka\u0107, wspina\u0107 si\u0119, budowa\u0107, odkrywa\u0107 i poznawa\u0107 nowych przyjaci\u00f3\u0142 w bezpiecznym, czystym i przyjaznym \u015brodowisku. U nas deszczowe popo\u0142udnie, rodzinny weekend czy spontaniczny wypad ze znajomymi staj\u0105 si\u0119 prawdziw\u0105 przygod\u0105. To miejsce, gdzie dzieci\u0119ca energia spotyka si\u0119 [&hellip;]","og_url":"https:\/\/gorzelanny.pl\/hotel-dzwirzyno\/dla-dzieci\/","og_site_name":"Hotel i Apartameny Gorzelanny w D\u017awirzynie, gmina Ko\u0142obrzeg","article_publisher":"https:\/\/www.facebook.com\/hotele.gorzelanny","article_modified_time":"2025-07-23T17:13:32+00:00","twitter_card":"summary_large_image","twitter_misc":{"Szacowany czas czytania":"6 minut"},"schema":{"@context":"https:\/\/schema.org","@graph":[{"@type":"WebPage","@id":"https:\/\/gorzelanny.pl\/hotel-dzwirzyno\/dla-dzieci\/","url":"https:\/\/gorzelanny.pl\/hotel-dzwirzyno\/dla-dzieci\/","name":"Dla dzieci - Hotel i Apartameny Gorzelanny w D\u017awirzynie, gmina Ko\u0142obrzeg","isPartOf":{"@id":"https:\/\/gorzelanny.pl\/hotel-dzwirzyno\/#website"},"datePublished":"2025-02-06T10:15:18+00:00","dateModified":"2025-07-23T17:13:32+00:00","breadcrumb":{"@id":"https:\/\/gorzelanny.pl\/hotel-dzwirzyno\/dla-dzieci\/#breadcrumb"},"inLanguage":"pl-PL","potentialAction":[{"@type":"ReadAction","target":["https:\/\/gorzelanny.pl\/hotel-dzwirzyno\/dla-dzieci\/"]}]},{"@type":"BreadcrumbList","@id":"https:\/\/gorzelanny.pl\/hotel-dzwirzyno\/dla-dzieci\/#breadcrumb","itemListElement":[{"@type":"ListItem","position":1,"name":"Home","item":"https:\/\/gorzelanny.pl\/hotel-dzwirzyno\/"},{"@type":"ListItem","position":2,"name":"Dla dzieci"}]},{"@type":"WebSite","@id":"https:\/\/gorzelanny.pl\/hotel-dzwirzyno\/#website","url":"https:\/\/gorzelanny.pl\/hotel-dzwirzyno\/","name":"Hotel i Apartameny Gorzelanny w D\u017awirzynie, gmina Ko\u0142obrzeg","description":"Pobyty z wy\u017cywieniem dla rodzin z dzie\u0107mi, blisko pla\u017cy. Pokoje z klimatyzacj\u0105, basen z rynn\u0105 wodn\u0105, jacuzzi, restauracja, parking. Przyjazny zwierz\u0119tom.","potentialAction":[{"@type":"SearchAction","target":{"@type":"EntryPoint","urlTemplate":"https:\/\/gorzelanny.pl\/hotel-dzwirzyno\/?s={search_term_string}"},"query-input":{"@type":"PropertyValueSpecification","valueRequired":true,"valueName":"search_term_string"}}],"inLanguage":"pl-PL"}]}},"_links":{"self":[{"href":"https:\/\/gorzelanny.pl\/hotel-dzwirzyno\/wp-json\/wp\/v2\/pages\/4010","targetHints":{"allow":["GET"]}}],"collection":[{"href":"https:\/\/gorzelanny.pl\/hotel-dzwirzyno\/wp-json\/wp\/v2\/pages"}],"about":[{"href":"https:\/\/gorzelanny.pl\/hotel-dzwirzyno\/wp-json\/wp\/v2\/types\/page"}],"author":[{"embeddable":true,"href":"https:\/\/gorzelanny.pl\/hotel-dzwirzyno\/wp-json\/wp\/v2\/users\/1"}],"replies":[{"embeddable":true,"href":"https:\/\/gorzelanny.pl\/hotel-dzwirzyno\/wp-json\/wp\/v2\/comments?post=4010"}],"version-history":[{"count":34,"href":"https:\/\/gorzelanny.pl\/hotel-dzwirzyno\/wp-json\/wp\/v2\/pages\/4010\/revisions"}],"predecessor-version":[{"id":4962,"href":"https:\/\/gorzelanny.pl\/hotel-dzwirzyno\/wp-json\/wp\/v2\/pages\/4010\/revisions\/4962"}],"wp:attachment":[{"href":"https:\/\/gorzelanny.pl\/hotel-dzwirzyno\/wp-json\/wp\/v2\/media?parent=4010"}],"curies":[{"name":"wp","href":"https:\/\/api.w.org\/{rel}","templated":true}]}}