{"id":1171,"date":"2020-10-22T14:14:51","date_gmt":"2020-10-22T12:14:51","guid":{"rendered":"https:\/\/serwer1521494.home.pl\/webkreacja.pl\/projekty\/osrodekchrobry\/?page_id=1171"},"modified":"2026-01-15T14:04:41","modified_gmt":"2026-01-15T13:04:41","slug":"wellness","status":"publish","type":"page","link":"https:\/\/gorzelanny.pl\/hotel-gorzelanny\/wellness\/","title":{"rendered":"Wellness"},"content":{"rendered":"<p>[vc_row][vc_column parallax=&#8221;content-moving&#8221; shadow_x_offset=&#8221;0&#8243; shadow_y_offset=&#8221;0&#8243; shadow_blur=&#8221;0&#8243; shadow_spread=&#8221;0&#8243; shadow_color=&#8221;&#8221;][vc_column_text]<\/p>\n<p style=\"text-align: center;\">\u2728 <strong>SPA w Hotelu Gorzelanny<\/strong> to kraina harmonii i ukojenia w p\u0119dz\u0105cej rzeczywisto\u015bci. \ud83c\udf38 Ekskluzywne miejsce, w kt\u00f3rym zatrzymuj\u0105 si\u0119 wskaz\u00f3wki zegara, dusza i cia\u0142o daj\u0105 upust negatywnym emocjom, a stres i problemy przestaj\u0105 mie\u0107 znaczenie. \ud83d\udd70\ufe0f\ud83d\udc86\u200d\u2642\ufe0f Oferta naszego spa przygotowana jest z my\u015bl\u0105 o Go\u015bciach hotelu oraz klientach zewn\u0119trznych, pragn\u0105cych zazna\u0107 chwili relaksu i odpr\u0119\u017cenia. \ud83e\uddd8\u200d\u2640\ufe0f\ud83c\udf3f<\/p>\n<p style=\"text-align: center;\">Nasz kompleks spa oferuje szeroki wyb\u00f3r masa\u017cy, kt\u00f3re pomagaj\u0105 w regeneracji cia\u0142a i umys\u0142u. \ud83d\udc86\u200d\u2640\ufe0f\ud83d\udc86\u200d\u2642\ufe0f Mo\u017cesz zanurzy\u0107 si\u0119 w relaksuj\u0105cej k\u0105pieli w naszym luksusowym jacuzzi, ciesz\u0105c si\u0119 b\u0105belkami i hydromasa\u017cem. \ud83d\udec1\u2728 Dla mi\u0142o\u015bnik\u00f3w wodnych przyg\u00f3d, nasz basen zapewnia idealne warunki do p\u0142ywania i wypoczynku. \ud83c\udfca\u200d\u2642\ufe0f\ud83c\udf0a<\/p>\n<p style=\"text-align: center;\">Dodatkowo, oferujemy r\u00f3\u017cnorodne sauny, kt\u00f3re pomagaj\u0105 w oczyszczeniu organizmu i poprawie kr\u0105\u017cenia. \ud83c\udf21\ufe0f\ud83d\udd25 Od sauny fi\u0144skiej po \u0142a\u017ani\u0119 parow\u0105, ka\u017cdy znajdzie co\u015b dla siebie, aby zrelaksowa\u0107 si\u0119 i odzyska\u0107 energi\u0119. \ud83c\udf3f<\/p>\n<p>[\/vc_column_text][vc_empty_space][vc_btn title=&#8221;Masa\u017ce w SPA GORZELANNY&#8221; color=&#8221;turquoise&#8221; size=&#8221;lg&#8221; align=&#8221;center&#8221; i_icon_fontawesome=&#8221;stmicon-spa1&#8243; add_icon=&#8221;true&#8221; link=&#8221;url:https%3A%2F%2Fgorzelanny.pl%2Fhotel-gorzelanny%2Fwp-content%2Fuploads%2F2026%2F01%2FMasaze.pdf|target:_blank&#8221;][vc_btn title=&#8221;Zabiegi na twarz w SPA GORZELANNY&#8221; color=&#8221;turquoise&#8221; size=&#8221;lg&#8221; align=&#8221;center&#8221; i_icon_fontawesome=&#8221;stmicon-spa1&#8243; add_icon=&#8221;true&#8221; link=&#8221;url:https%3A%2F%2Fgorzelanny.pl%2Fhotel-gorzelanny%2Fwp-content%2Fuploads%2F2026%2F01%2FZabiegi_na_twarz.pdf|target:_blank&#8221;][vc_empty_space][vc_media_grid element_width=&#8221;2&#8243; grid_id=&#8221;vc_gid:1768482151472-397cb7e5-1eb2-9&#8243; include=&#8221;1930,1931,1932,1934,1935,1936,1922,1921,1917,1925,1927,1929&#8243;][vc_empty_space][vc_text_separator title=&#8221;CO MO\u017bNA ZNALE\u0179\u0106 W SPA GORZELANNY?&#8221; border_width=&#8221;2&#8243;][vc_empty_space][vc_hoverbox image=&#8221;1921&#8243; primary_title=&#8221;&#8221; hover_title=&#8221;Sauna sucha&#8221;]Cennik pobytu w saunie:<br \/>\n30 min &#8211; 25z\u0142\/os. | 1 godzina 40z\u0142\/os.[\/vc_hoverbox][vc_hoverbox image=&#8221;1927&#8243; primary_title=&#8221;&#8221; hover_title=&#8221;\u0141a\u017ania parowa&#8221;]Cennik pobytu w \u0142a\u017ani parowej:<br \/>\n10 min. &#8211; 15z\u0142\/os. | 15min. &#8211; 20z\u0142\/os.[\/vc_hoverbox][vc_hoverbox image=&#8221;1922&#8243; primary_title=&#8221;&#8221; hover_title=&#8221;S\u0142oneczna \u0142\u0105czka&#8221;]<\/p>\n<div class=\"pp_pic_holder pp_default\">\n<div class=\"pp_content_container\">\n<div class=\"pp_left\">\n<div class=\"pp_right\">\n<div class=\"pp_content\">\n<div class=\"pp_fade\">\n<div class=\"pp_details\">\n<p class=\"pp_description\">S\u0142oneczna \u0141\u0105ka to komfortowe opalanie w przyjaznych dla sk\u00f3ry warunkach. Umo\u017cliwia uzyskanie naturalnego efektu opalania pozwalaj\u0105c cieszy\u0107 si\u0119 \u015br\u00f3dziemnomorskim ciep\u0142em. W przeciwie\u0144stwie do klasycznego solarium S\u0142oneczna \u0141\u0105ka nie nara\u017ca na efekty uboczne zwi\u0105zane z intensywn\u0105 ekspozycj\u0105 cia\u0142a na promienie UV. Jest to najbezpieczniejsza forma uzyskania \u0142adnej i trwa\u0142ej opalenizny, zbli\u017cona do warunk\u00f3w opalania w naturalnych warunkach s\u0142onecznych.<\/p>\n<\/div>\n<\/div>\n<\/div>\n<\/div>\n<\/div>\n<\/div>\n<div class=\"pp_bottom\">\n<div class=\"pp_right\"><\/div>\n<\/div>\n<\/div>\n<p>[\/vc_hoverbox][vc_hoverbox image=&#8221;3296&#8243; primary_title=&#8221;&#8221; hover_title=&#8221;Masa\u017c&#8221;]Zapraszamy do naszego hotelowego spa, gdzie w otoczeniu spokoju i luksusu oddasz si\u0119 pe\u0142nemu odpr\u0119\u017ceniu. Nasze wykwalifikowane terapeutki i terapeuci zapewni\u0105 najwy\u017csz\u0105 jako\u015b\u0107 us\u0142ug, dostosowanych do Twoich indywidualnych potrzeb. Oferujemy r\u00f3\u017cnego rodzaju masa\u017ce, m.in: relaksacyjny, leczniczy lub gor\u0105cymi kamieniami.[\/vc_hoverbox][vc_hoverbox image=&#8221;1934&#8243; primary_title=&#8221;&#8221; hover_title=&#8221;Jacuzzi&#8221;]Nasze Spa przeznaczone jest do korzystania dla os\u00f3b pragn\u0105cych dozna\u0107 mi\u0142ych chwil relaksu, leczniczych w\u0142a\u015bciwo\u015bci jacuzzi, a tak\u017ce dla rodzin z dzie\u0107mi, jako fantastyczna metoda sp\u0119dzenia czasu w trakcie pobytu w naszym hotelu.[\/vc_hoverbox][vc_hoverbox image=&#8221;1932&#8243; primary_title=&#8221;&#8221; hover_title=&#8221;Basen hotelowy&#8221;]Do Pa\u0144stwa dyspozycji oddajemy zbudowany w technologii stali nierdzewnej basen rekreacyjny z systemem dysz oraz atrakcji wodnych. Naszych najm\u0142odszych go\u015bci zapraszamy do zabawy wz brodziku dla dzieci. Basen czynny codziennie w godz. 9:00 &#8211; 21:00. Cennik korzystania z basenu: 1h &#8211; 20z\u0142\/os. | 2h &#8211; 30z\u0142\/os.[\/vc_hoverbox][vc_hoverbox image=&#8221;1939&#8243; primary_title=&#8221;&#8221; hover_title=&#8221;Park wodny&#8221;]Nasz Park Wodny znajduje si\u0119 na terenie Interaktywnego Parku ROSENAU Zaginione Miasto. Dla odwiedzaj\u0105cych oddajemy do u\u017cytku wiele r\u00f3\u017cnych atrakcji wodnych, w tym 2 najwi\u0119ksze zje\u017cd\u017calnie wodne &#8211; typu Anakonda oraz Wahad\u0142o. Na terenie parku wodnego znajdzie si\u0119 r\u00f3wnie\u017c miejsce dla najm\u0142odszych Go\u015bci &#8211; specjalnie dla nich przygotowali\u015bmy wodny plac zabaw.[\/vc_hoverbox][vc_empty_space][\/vc_column][\/vc_row]<\/p>\n","protected":false},"excerpt":{"rendered":"<p>[vc_row][vc_column parallax=&#8221;content-moving&#8221; shadow_x_offset=&#8221;0&#8243; shadow_y_offset=&#8221;0&#8243; shadow_blur=&#8221;0&#8243; shadow_spread=&#8221;0&#8243; shadow_color=&#8221;&#8221;][vc_column_text] \u2728 SPA w Hotelu Gorzelanny to kraina harmonii i ukojenia w p\u0119dz\u0105cej rzeczywisto\u015bci. \ud83c\udf38 Ekskluzywne miejsce, w kt\u00f3rym zatrzymuj\u0105 si\u0119 wskaz\u00f3wki zegara, dusza i cia\u0142o daj\u0105 upust negatywnym emocjom, a stres i problemy przestaj\u0105 mie\u0107 znaczenie. \ud83d\udd70\ufe0f\ud83d\udc86\u200d\u2642\ufe0f Oferta naszego spa przygotowana jest z my\u015bl\u0105 o Go\u015bciach hotelu oraz [&hellip;]<\/p>\n","protected":false},"author":1,"featured_media":0,"parent":0,"menu_order":0,"comment_status":"closed","ping_status":"closed","template":"","meta":{"om_disable_all_campaigns":false,"footnotes":""},"categories":[],"class_list":["post-1171","page","type-page","status-publish","hentry"],"_links":{"self":[{"href":"https:\/\/gorzelanny.pl\/hotel-gorzelanny\/wp-json\/wp\/v2\/pages\/1171"}],"collection":[{"href":"https:\/\/gorzelanny.pl\/hotel-gorzelanny\/wp-json\/wp\/v2\/pages"}],"about":[{"href":"https:\/\/gorzelanny.pl\/hotel-gorzelanny\/wp-json\/wp\/v2\/types\/page"}],"author":[{"embeddable":true,"href":"https:\/\/gorzelanny.pl\/hotel-gorzelanny\/wp-json\/wp\/v2\/users\/1"}],"replies":[{"embeddable":true,"href":"https:\/\/gorzelanny.pl\/hotel-gorzelanny\/wp-json\/wp\/v2\/comments?post=1171"}],"version-history":[{"count":41,"href":"https:\/\/gorzelanny.pl\/hotel-gorzelanny\/wp-json\/wp\/v2\/pages\/1171\/revisions"}],"predecessor-version":[{"id":3512,"href":"https:\/\/gorzelanny.pl\/hotel-gorzelanny\/wp-json\/wp\/v2\/pages\/1171\/revisions\/3512"}],"wp:attachment":[{"href":"https:\/\/gorzelanny.pl\/hotel-gorzelanny\/wp-json\/wp\/v2\/media?parent=1171"}],"wp:term":[{"taxonomy":"category","embeddable":true,"href":"https:\/\/gorzelanny.pl\/hotel-gorzelanny\/wp-json\/wp\/v2\/categories?post=1171"}],"curies":[{"name":"wp","href":"https:\/\/api.w.org\/{rel}","templated":true}]}}