{"id":1180,"date":"2020-10-22T14:23:06","date_gmt":"2020-10-22T12:23:06","guid":{"rendered":"https:\/\/serwer1521494.home.pl\/webkreacja.pl\/projekty\/osrodekchrobry\/?page_id=1180"},"modified":"2026-01-22T14:47:32","modified_gmt":"2026-01-22T13:47:32","slug":"biznes","status":"publish","type":"page","link":"https:\/\/gorzelanny.pl\/hotel-gorzelanny\/biznes\/","title":{"rendered":"Biznes"},"content":{"rendered":"<p>[vc_row][vc_column parallax=&#8221;content-moving&#8221; shadow_x_offset=&#8221;0&#8243; shadow_y_offset=&#8221;0&#8243; shadow_blur=&#8221;0&#8243; shadow_spread=&#8221;0&#8243; shadow_color=&#8221;&#8221;][vc_column_text]<\/p>\n<blockquote><p><strong>\u2728 Zapraszamy do Hotelu Gorzelanny, miejsca idealnego do organizacji konferencji, szkole\u0144, bankiet\u00f3w i imprez integracyjnych. Dzi\u0119ki naszemu bogatemu do\u015bwiadczeniu i innowacyjnym pomys\u0142om, oferujemy niezapomniane spotkania biznesowe na najwy\u017cszym poziomie, korzystaj\u0105c z najnowszych technologii multimedialnych. \ud83c\udfe2\ud83d\udcbc Nasza oferta jest stworzona z my\u015bl\u0105 o Waszych wysokich wymaganiach i niestandardowych potrzebach. \ud83d\udca1<\/strong><\/p><\/blockquote>\n<p>[\/vc_column_text][vc_column_text]<\/p>\n<blockquote><p><strong>\ud83c\udfe8 Hotel Gorzelanny oferuje nowoczesne sale konferencyjne wyposa\u017cone w najnowszy sprz\u0119t multimedialny, zapewniaj\u0105ce idealne warunki do prowadzenia szkole\u0144 i konferencji. \ud83d\udcfd\ufe0f\ud83d\udcca Nasze przestrzenie s\u0105 elastyczne i mog\u0105 by\u0107 dostosowane do Waszych indywidualnych potrzeb. Ponadto, nasz zesp\u00f3\u0142 specjalist\u00f3w jest zawsze gotowy, aby pom\u00f3c w organizacji wydarzenia, dbaj\u0105c o ka\u017cdy szczeg\u00f3\u0142, od technologii po catering, aby zapewni\u0107 pe\u0142ny komfort i sukces Waszego spotkania. \ud83c\udf1f\ud83c\udf7d\ufe0f<\/strong><\/p><\/blockquote>\n<p>[\/vc_column_text][vc_column_text]<\/p>\n<blockquote><p><b>W standardowym wyposa\u017ceniu sali konferencyjnej znajduje si\u0119:<\/b><\/p>\n<ul>\n<li>flipchart<\/li>\n<li>papier<\/li>\n<li>markery<\/li>\n<li>projektor multimedialny<\/li>\n<li>Wi-Fi<\/li>\n<\/ul>\n<\/blockquote>\n<p>[\/vc_column_text][vc_media_grid element_width=&#8221;3&#8243; grid_id=&#8221;vc_gid:1764332390378-3a22bc39-af01-10&#8243; include=&#8221;3499,3498,3496,3497,1890,1891,3495,1892,3075,3491,3492,3493,3494&#8243;][vc_btn title=&#8221;KLIKNIJ ABY POBRA\u0106 SZCZEG\u00d3\u0141OW\u0104 OFERT\u0118&#8221; color=&#8221;mulled-wine&#8221; size=&#8221;lg&#8221; align=&#8221;center&#8221; i_icon_fontawesome=&#8221;far fa-file-pdf&#8221; button_block=&#8221;true&#8221; add_icon=&#8221;true&#8221; link=&#8221;url:https%3A%2F%2Fgorzelanny.pl%2FDLAFIRM-2025-GORZELANNY.pdf|target:_blank&#8221;][stm_spacer height=&#8221;60&#8243;][\/vc_column][\/vc_row][vc_row][vc_column parallax=&#8221;content-moving&#8221; shadow_x_offset=&#8221;0&#8243; shadow_y_offset=&#8221;0&#8243; shadow_blur=&#8221;0&#8243; shadow_spread=&#8221;0&#8243; shadow_color=&#8221;&#8221;][vc_text_separator title=&#8221;SALE BANKIETOWO &#8211; KONFERENCYJNE W HOTELU GORZELANNY&#8221; i_icon_fontawesome=&#8221;fas fa-user-tie&#8221; i_color=&#8221;mulled_wine&#8221; color=&#8221;mulled_wine&#8221; style=&#8221;shadow&#8221; border_width=&#8221;5&#8243; add_icon=&#8221;true&#8221;][vc_column_text]<strong>1. sala<\/strong> <strong>&#8211;<\/strong> 40 osobowa<br \/>\n<strong>2. sala &#8211;<\/strong> 80 osobowa &#8211; mo\u017cliwo\u015b\u0107 po\u0142\u0105czenia z sal\u0105 1 co w rezultacie daje sal\u0119 120 osobow\u0105<br \/>\n<strong>3. sala<\/strong> <strong>&#8211;<\/strong> 16 osobowa<br \/>\n<strong>4. sala &#8211;<\/strong> kinowo-konferencyjna &#8211; 51 osobowa[\/vc_column_text][vc_single_image image=&#8221;2304&#8243; img_size=&#8221;full&#8221; alignment=&#8221;center&#8221;][stm_spacer height=&#8221;20&#8243;][stm_spacer height=&#8221;20&#8243;][vc_text_separator title=&#8221;SALE BANKIETOWO &#8211; KONFERENCYJNE W HOTELU CARINA&#8221; i_icon_fontawesome=&#8221;fas fa-user-tie&#8221; i_color=&#8221;mulled_wine&#8221; color=&#8221;mulled_wine&#8221; style=&#8221;shadow&#8221; border_width=&#8221;5&#8243; add_icon=&#8221;true&#8221;][vc_column_text]<strong>1. sala &#8222;Widowiskowa&#8221;<\/strong> &#8211; 40 osobowa<br \/>\n<strong>2. sala &#8222;Le\u015bna&#8221;<\/strong> &#8211; 60 osobowa[\/vc_column_text][vc_single_image image=&#8221;2305&#8243; img_size=&#8221;full&#8221; alignment=&#8221;center&#8221;][stm_spacer height=&#8221;120&#8243;][\/vc_column][vc_column][vc_separator color=&#8221;mulled_wine&#8221; style=&#8221;dotted&#8221; border_width=&#8221;3&#8243;][vc_custom_heading text=&#8221;IDEALNA LOKALIZACJA DO SPOTKA\u0143 FIRMOWYCH I INTEGRACYJNYCH&#8221; font_container=&#8221;tag:h3|text_align:center&#8221;][vc_separator color=&#8221;mulled_wine&#8221; style=&#8221;dotted&#8221; border_width=&#8221;3&#8243;][vc_column_text]<strong>Naszym atutem jest lokalizacja &#8211; zaledwie 40 minut od trasy A4 Krak\u00f3w &#8211; Katowice, 60 km od Opola, 110 km od Wroc\u0142awia i 130 km od Katowic. Blisko, a jednocze\u015bnie na uboczu, co jest szczeg\u00f3lnie wa\u017cne podczas organizacji imprez. Dzi\u0119ki temu uczestnicy mog\u0105 skupi\u0107 si\u0119 na celu spotkania, bez rozpraszaj\u0105cych czynnik\u00f3w zewn\u0119trznych.<\/strong>[\/vc_column_text][\/vc_column][\/vc_row][vc_row][vc_column parallax=&#8221;content-moving&#8221; width=&#8221;1\/3&#8243; shadow_x_offset=&#8221;0&#8243; shadow_y_offset=&#8221;0&#8243; shadow_blur=&#8221;0&#8243; shadow_spread=&#8221;0&#8243; shadow_color=&#8221;&#8221;][vc_gmaps link=&#8221;#E-8_JTNDaWZyYW1lJTIwc3JjJTNEJTIyaHR0cHMlM0ElMkYlMkZ3d3cuZ29vZ2xlLmNvbSUyRm1hcHMlMkZlbWJlZCUzRnBiJTNEJTIxMW0yOCUyMTFtMTIlMjExbTMlMjExZDU0MTEwNi42Nzc4NzAyMDkxJTIxMmQxNy4zNjY4NTI5MDQwNzY0NDIlMjEzZDUwLjQ4OTEyNzU1NTU0MDE2JTIxMm0zJTIxMWYwJTIxMmYwJTIxM2YwJTIxM20yJTIxMWkxMDI0JTIxMmk3NjglMjE0ZjEzLjElMjE0bTEzJTIxM2UwJTIxNG01JTIxMXMweDQ3MTA1MzA2NDU2ZGIzNGIlMjUzQTB4MjVjNjY0ODc0MDBjMzQ2ZSUyMTJzT3BvbGUlMjEzbTIlMjExZDUwLjY2ODMyMjMlMjEyZDE3LjkyMzA2NTElMjE0bTUlMjExczB4NDcxMTk0MGUyN2VlNDc5MSUyNTNBMHhlNGU4NGI1MmE3OTNkNWUzJTIxMnNIb3RlbCUyNTIwR29yemVsYW5ueSUyNTJDJTI1MjBQb2tyenl3bmElMjUyMDc2JTI1MkMlMjUyMDQ4LTI2NyUyNTIwSmFybm8lMjVDNSUyNTgydCUyNUMzJTI1QjN3ZWslMjEzbTIlMjExZDUwLjI4Nzc3OTA5OTk5OTk5NSUyMTJkMTcuNDY5NTk0MyUyMTVlMSUyMTNtMiUyMTFzcGwlMjEyc3BsJTIxNHYxNzM3NDUxODE5Mjc0JTIxNW0yJTIxMXNwbCUyMTJzcGwlMjIlMjB3aWR0aCUzRCUyMjYwMCUyMiUyMGhlaWdodCUzRCUyMjQ1MCUyMiUyMHN0eWxlJTNEJTIyYm9yZGVyJTNBMCUzQiUyMiUyMGFsbG93ZnVsbHNjcmVlbiUzRCUyMiUyMiUyMGxvYWRpbmclM0QlMjJsYXp5JTIyJTIwcmVmZXJyZXJwb2xpY3klM0QlMjJuby1yZWZlcnJlci13aGVuLWRvd25ncmFkZSUyMiUzRSUzQyUyRmlmcmFtZSUzRQ==&#8221;][\/vc_column][vc_column width=&#8221;1\/3&#8243;][vc_gmaps link=&#8221;#E-8_JTNDaWZyYW1lJTIwc3JjJTNEJTIyaHR0cHMlM0ElMkYlMkZ3d3cuZ29vZ2xlLmNvbSUyRm1hcHMlMkZlbWJlZCUzRnBiJTNEJTIxMW0yOCUyMTFtMTIlMjExbTMlMjExZDU0MTY5NC4yOTk2MjYyMTM1JTIxMmQxOC4wMDg4NjAzMjA1MzMwMzUlMjEzZDUwLjQzNzc5NzY0NjkyNTg1JTIxMm0zJTIxMWYwJTIxMmYwJTIxM2YwJTIxM20yJTIxMWkxMDI0JTIxMmk3NjglMjE0ZjEzLjElMjE0bTEzJTIxM2UwJTIxNG01JTIxMXMweDQ3MTZjZTIzMzZhMWNjZDElMjUzQTB4YjlhZjJhMzUwNTU5ZmFiYiUyMTJzS2F0b3dpY2UlMjEzbTIlMjExZDUwLjI2NDg5MTg5OTk5OTk5NSUyMTJkMTkuMDIzNzgxNSUyMTRtNSUyMTFzMHg0NzExOTQwZTI3ZWU0NzkxJTI1M0EweGU0ZTg0YjUyYTc5M2Q1ZTMlMjEyc0hvdGVsJTI1MjBHb3J6ZWxhbm55JTI1MkMlMjUyMFBva3J6eXduYSUyNTIwNzYlMjUyQyUyNTIwNDgtMjY3JTI1MjBKYXJubyUyNUM1JTI1ODJ0JTI1QzMlMjVCM3dlayUyMTNtMiUyMTFkNTAuMjg3Nzc5MDk5OTk5OTk1JTIxMmQxNy40Njk1OTQzJTIxNWUxJTIxM20yJTIxMXNwbCUyMTJzcGwlMjE0djE3Mzc0NTE2NjA1NTglMjE1bTIlMjExc3BsJTIxMnNwbCUyMiUyMHdpZHRoJTNEJTIyNjAwJTIyJTIwaGVpZ2h0JTNEJTIyNDUwJTIyJTIwc3R5bGUlM0QlMjJib3JkZXIlM0EwJTNCJTIyJTIwYWxsb3dmdWxsc2NyZWVuJTNEJTIyJTIyJTIwbG9hZGluZyUzRCUyMmxhenklMjIlMjByZWZlcnJlcnBvbGljeSUzRCUyMm5vLXJlZmVycmVyLXdoZW4tZG93bmdyYWRlJTIyJTNFJTNDJTJGaWZyYW1lJTNF&#8221;][\/vc_column][vc_column width=&#8221;1\/3&#8243;][vc_gmaps link=&#8221;#E-8_JTNDaWZyYW1lJTIwc3JjJTNEJTIyaHR0cHMlM0ElMkYlMkZ3d3cuZ29vZ2xlLmNvbSUyRm1hcHMlMkZlbWJlZCUzRnBiJTNEJTIxMW0yOCUyMTFtMTIlMjExbTMlMjExZDEwNzc0MzcuNTQ1NzkyMDUxMSUyMTJkMTYuNjc2MTE4MzQ1NTY2MTIlMjEzZDUwLjY5NzMyNzE1NDMzNDgzJTIxMm0zJTIxMWYwJTIxMmYwJTIxM2YwJTIxM20yJTIxMWkxMDI0JTIxMmk3NjglMjE0ZjEzLjElMjE0bTEzJTIxM2UwJTIxNG01JTIxMXMweDQ3MGZlOWMyZDRiNThhYmYlMjUzQTB4YjcwOTU2YWVjMjA1ZTBmNSUyMTJ6VjNKdlk4V0NZWGMlMjEzbTIlMjExZDUxLjEwOTI5NDglMjEyZDE3LjAzODYwMTklMjE0bTUlMjExczB4NDcxMTk0MGUyN2VlNDc5MSUyNTNBMHhlNGU4NGI1MmE3OTNkNWUzJTIxMnNIb3RlbCUyNTIwR29yemVsYW5ueSUyNTJDJTI1MjBQb2tyenl3bmElMjUyMDc2JTI1MkMlMjUyMDQ4LTI2NyUyNTIwSmFybm8lMjVDNSUyNTgydCUyNUMzJTI1QjN3ZWslMjEzbTIlMjExZDUwLjI4Nzc3OTA5OTk5OTk5NSUyMTJkMTcuNDY5NTk0MyUyMTVlMSUyMTNtMiUyMTFzcGwlMjEyc3BsJTIxNHYxNzM3NDUxNzU2NTY3JTIxNW0yJTIxMXNwbCUyMTJzcGwlMjIlMjB3aWR0aCUzRCUyMjYwMCUyMiUyMGhlaWdodCUzRCUyMjQ1MCUyMiUyMHN0eWxlJTNEJTIyYm9yZGVyJTNBMCUzQiUyMiUyMGFsbG93ZnVsbHNjcmVlbiUzRCUyMiUyMiUyMGxvYWRpbmclM0QlMjJsYXp5JTIyJTIwcmVmZXJyZXJwb2xpY3klM0QlMjJuby1yZWZlcnJlci13aGVuLWRvd25ncmFkZSUyMiUzRSUzQyUyRmlmcmFtZSUzRQ==&#8221;][\/vc_column][\/vc_row][vc_row][vc_column][stm_spacer height=&#8221;120&#8243;][vc_cta h2=&#8221;Masz pytanie? Napisz lub zadzwo\u0144 do nas!&#8221; h4=&#8221;Znajdziemy dla Ciebie idealne rozwi\u0105zanie!&#8221; txt_align=&#8221;center&#8221; shape=&#8221;square&#8221; style=&#8221;3d&#8221; el_width=&#8221;lg&#8221; add_icon=&#8221;left&#8221; i_icon_fontawesome=&#8221;far fa-id-card&#8221; i_color=&#8221;chino&#8221;]<a href=\"mailto:info@hotelgorzelanny.pl\">info@hotelgorzelanny.pl<\/a> \u00a0\u00a0|\u00a0\u00a0 <a href=\"tel::00881328081\">tel. 881 328 081<\/a>[\/vc_cta][\/vc_column][\/vc_row]<\/p>\n","protected":false},"excerpt":{"rendered":"<p>[vc_row][vc_column parallax=&#8221;content-moving&#8221; shadow_x_offset=&#8221;0&#8243; shadow_y_offset=&#8221;0&#8243; shadow_blur=&#8221;0&#8243; shadow_spread=&#8221;0&#8243; shadow_color=&#8221;&#8221;][vc_column_text] \u2728 Zapraszamy do Hotelu Gorzelanny, miejsca idealnego do organizacji konferencji, szkole\u0144, bankiet\u00f3w i imprez integracyjnych. Dzi\u0119ki naszemu bogatemu do\u015bwiadczeniu i innowacyjnym pomys\u0142om, oferujemy niezapomniane spotkania biznesowe na najwy\u017cszym poziomie, korzystaj\u0105c z najnowszych technologii multimedialnych. \ud83c\udfe2\ud83d\udcbc Nasza oferta jest stworzona z my\u015bl\u0105 o Waszych wysokich wymaganiach i niestandardowych potrzebach. [&hellip;]<\/p>\n","protected":false},"author":1,"featured_media":1851,"parent":0,"menu_order":8,"comment_status":"closed","ping_status":"closed","template":"","meta":{"om_disable_all_campaigns":false,"footnotes":""},"categories":[43],"class_list":["post-1180","page","type-page","status-publish","has-post-thumbnail","hentry","category-oferta_specjalna"],"_links":{"self":[{"href":"https:\/\/gorzelanny.pl\/hotel-gorzelanny\/wp-json\/wp\/v2\/pages\/1180"}],"collection":[{"href":"https:\/\/gorzelanny.pl\/hotel-gorzelanny\/wp-json\/wp\/v2\/pages"}],"about":[{"href":"https:\/\/gorzelanny.pl\/hotel-gorzelanny\/wp-json\/wp\/v2\/types\/page"}],"author":[{"embeddable":true,"href":"https:\/\/gorzelanny.pl\/hotel-gorzelanny\/wp-json\/wp\/v2\/users\/1"}],"replies":[{"embeddable":true,"href":"https:\/\/gorzelanny.pl\/hotel-gorzelanny\/wp-json\/wp\/v2\/comments?post=1180"}],"version-history":[{"count":133,"href":"https:\/\/gorzelanny.pl\/hotel-gorzelanny\/wp-json\/wp\/v2\/pages\/1180\/revisions"}],"predecessor-version":[{"id":3500,"href":"https:\/\/gorzelanny.pl\/hotel-gorzelanny\/wp-json\/wp\/v2\/pages\/1180\/revisions\/3500"}],"wp:featuredmedia":[{"embeddable":true,"href":"https:\/\/gorzelanny.pl\/hotel-gorzelanny\/wp-json\/wp\/v2\/media\/1851"}],"wp:attachment":[{"href":"https:\/\/gorzelanny.pl\/hotel-gorzelanny\/wp-json\/wp\/v2\/media?parent=1180"}],"wp:term":[{"taxonomy":"category","embeddable":true,"href":"https:\/\/gorzelanny.pl\/hotel-gorzelanny\/wp-json\/wp\/v2\/categories?post=1180"}],"curies":[{"name":"wp","href":"https:\/\/api.w.org\/{rel}","templated":true}]}}