{"id":1516,"date":"2020-11-05T10:37:16","date_gmt":"2020-11-05T09:37:16","guid":{"rendered":"https:\/\/serwer1521494.home.pl\/webkreacja.pl\/projekty\/osrodekchrobry\/?page_id=1516"},"modified":"2026-03-23T13:43:09","modified_gmt":"2026-03-23T12:43:09","slug":"wczasy-w-gorach","status":"publish","type":"page","link":"https:\/\/gorzelanny.pl\/hotel-gorzelanny\/wczasy-w-gorach\/","title":{"rendered":"RODZINNE WCZASY ALL INCLUSIVE"},"content":{"rendered":"<p>[vc_row][vc_column parallax=&#8221;content-moving&#8221; shadow_x_offset=&#8221;0&#8243; shadow_y_offset=&#8221;0&#8243; shadow_blur=&#8221;0&#8243; shadow_spread=&#8221;0&#8243; shadow_color=&#8221;&#8221;][vc_tta_accordion color=&#8221;sky&#8221; c_align=&#8221;center&#8221; c_icon=&#8221;&#8221; active_section=&#8221;&#8221;][vc_tta_section i_icon_fontawesome=&#8221;stmicon-hotel&#8221; add_icon=&#8221;true&#8221; title=&#8221;KLIKNIJ I ZAREZERWUJ POBYT&#8221; tab_id=&#8221;1607808799803-b36afb86-776e&#8221;]<div class=\"wpforms-container wpforms-container-full wpforms-render-modern\" id=\"wpforms-2721\"><form id=\"wpforms-form-2721\" class=\"wpforms-validate wpforms-form wpforms-ajax-form\" data-formid=\"2721\" method=\"post\" enctype=\"multipart\/form-data\" action=\"\/hotel-gorzelanny\/wp-json\/wp\/v2\/pages\/1516\" data-token=\"a68e1df238835eaaecd5341161a856b5\"><noscript class=\"wpforms-error-noscript\">Aby wype\u0142ni\u0107 ten formularz, w\u0142\u0105cz obs\u0142ug\u0119 JavaScript w przegl\u0105darce.<\/noscript><div class=\"wpforms-hidden\" id=\"wpforms-error-noscript\">Aby wype\u0142ni\u0107 ten formularz, w\u0142\u0105cz obs\u0142ug\u0119 JavaScript w przegl\u0105darce.<\/div><div class=\"wpforms-field-container\"><div id=\"wpforms-2721-field_0-container\" class=\"wpforms-field wpforms-field-name\" data-field-id=\"0\"><fieldset><legend class=\"wpforms-field-label\">Imi\u0119 i nazwisko <span class=\"wpforms-required-label\" aria-hidden=\"true\">*<\/span><\/legend><div class=\"wpforms-field-row wpforms-field-medium\"><div class=\"wpforms-field-row-block wpforms-first wpforms-one-half\"><input type=\"text\" id=\"wpforms-2721-field_0\" class=\"wpforms-field-name-first wpforms-field-required\" name=\"wpforms[fields][0][first]\" aria-errormessage=\"wpforms-2721-field_0-error\" required><label for=\"wpforms-2721-field_0\" class=\"wpforms-field-sublabel after \">Imi\u0119<\/label><\/div><div class=\"wpforms-field-row-block wpforms-one-half\"><input type=\"text\" id=\"wpforms-2721-field_0-last\" class=\"wpforms-field-name-last wpforms-field-required\" name=\"wpforms[fields][0][last]\" aria-errormessage=\"wpforms-2721-field_0-last-error\" required><label for=\"wpforms-2721-field_0-last\" class=\"wpforms-field-sublabel after \">Nazwisko<\/label><\/div><\/div><\/fieldset><\/div><div id=\"wpforms-2721-field_1-container\" class=\"wpforms-field wpforms-field-email\" data-field-id=\"1\"><label class=\"wpforms-field-label\" for=\"wpforms-2721-field_1\">E-mail <span class=\"wpforms-required-label\" aria-hidden=\"true\">*<\/span><\/label><input type=\"email\" id=\"wpforms-2721-field_1\" class=\"wpforms-field-medium wpforms-field-required\" name=\"wpforms[fields][1]\" spellcheck=\"false\" aria-errormessage=\"wpforms-2721-field_1-error\" required><\/div><div id=\"wpforms-2721-field_3-container\" class=\"wpforms-field wpforms-field-checkbox\" data-field-id=\"3\"><fieldset><legend class=\"wpforms-field-label\">Wybierz ofert\u0119 specjaln\u0105 <span class=\"wpforms-required-label\" aria-hidden=\"true\">*<\/span><\/legend><ul id=\"wpforms-2721-field_3\" class=\"wpforms-field-required\" data-choice-limit=\"1\"><li class=\"choice-1 depth-1\"><input type=\"checkbox\" id=\"wpforms-2721-field_3_1\" data-rule-check-limit=\"true\" name=\"wpforms[fields][3][]\" value=\"Wakacje All Inclusive\" aria-errormessage=\"wpforms-2721-field_3_1-error\" required ><label class=\"wpforms-field-label-inline\" for=\"wpforms-2721-field_3_1\">Wakacje All Inclusive<\/label><\/li><li class=\"choice-2 depth-1\"><input type=\"checkbox\" id=\"wpforms-2721-field_3_2\" data-rule-check-limit=\"true\" name=\"wpforms[fields][3][]\" value=\"Wycieczki dla szk\u00f3\u0142\" aria-errormessage=\"wpforms-2721-field_3_2-error\" required ><label class=\"wpforms-field-label-inline\" for=\"wpforms-2721-field_3_2\">Wycieczki dla szk\u00f3\u0142<\/label><\/li><li class=\"choice-3 depth-1\"><input type=\"checkbox\" id=\"wpforms-2721-field_3_3\" data-rule-check-limit=\"true\" name=\"wpforms[fields][3][]\" value=\"Pobyty narciarskie\" aria-errormessage=\"wpforms-2721-field_3_3-error\" required ><label class=\"wpforms-field-label-inline\" for=\"wpforms-2721-field_3_3\">Pobyty narciarskie<\/label><\/li><li class=\"choice-4 depth-1\"><input type=\"checkbox\" id=\"wpforms-2721-field_3_4\" data-rule-check-limit=\"true\" name=\"wpforms[fields][3][]\" value=\"Wielkanoc w g\u00f3rach\" aria-errormessage=\"wpforms-2721-field_3_4-error\" required ><label class=\"wpforms-field-label-inline\" for=\"wpforms-2721-field_3_4\">Wielkanoc w g\u00f3rach<\/label><\/li><li class=\"choice-5 depth-1\"><input type=\"checkbox\" id=\"wpforms-2721-field_3_5\" data-rule-check-limit=\"true\" name=\"wpforms[fields][3][]\" value=\"\u015awi\u0119ta Bo\u017cego Narodzenia w g\u00f3rach\" aria-errormessage=\"wpforms-2721-field_3_5-error\" required ><label class=\"wpforms-field-label-inline\" for=\"wpforms-2721-field_3_5\">\u015awi\u0119ta Bo\u017cego Narodzenia w g\u00f3rach<\/label><\/li><li class=\"choice-7 depth-1\"><input type=\"checkbox\" id=\"wpforms-2721-field_3_7\" data-rule-check-limit=\"true\" name=\"wpforms[fields][3][]\" value=\"Wypoczynek 5-dniowy\" aria-errormessage=\"wpforms-2721-field_3_7-error\" required ><label class=\"wpforms-field-label-inline\" for=\"wpforms-2721-field_3_7\">Wypoczynek 5-dniowy<\/label><\/li><li class=\"choice-6 depth-1\"><input type=\"checkbox\" id=\"wpforms-2721-field_3_6\" data-rule-check-limit=\"true\" name=\"wpforms[fields][3][]\" value=\"Inne\" aria-errormessage=\"wpforms-2721-field_3_6-error\" required ><label class=\"wpforms-field-label-inline\" for=\"wpforms-2721-field_3_6\">Inne<\/label><\/li><\/ul><\/fieldset><\/div><div id=\"wpforms-2721-field_2-container\" class=\"wpforms-field wpforms-field-textarea\" data-field-id=\"2\"><label class=\"wpforms-field-label\" for=\"wpforms-2721-field_2\">Tre\u015b\u0107 zapytania (prosz\u0119 okre\u015bli\u0107 termin, ilo\u015b\u0107 os\u00f3b doros\u0142ych i dzieci) <span class=\"wpforms-required-label\" aria-hidden=\"true\">*<\/span><\/label><textarea id=\"wpforms-2721-field_2\" class=\"wpforms-field-medium wpforms-field-required\" name=\"wpforms[fields][2]\" aria-errormessage=\"wpforms-2721-field_2-error\" required><\/textarea><\/div><\/div><!-- .wpforms-field-container --><div class=\"wpforms-submit-container\" ><input type=\"hidden\" name=\"wpforms[id]\" value=\"2721\"><input type=\"hidden\" name=\"wpforms[author]\" value=\"1\"><button type=\"submit\" name=\"wpforms[submit]\" id=\"wpforms-submit-2721\" class=\"wpforms-submit\" data-alt-text=\"Wysy\u0142anie...\" data-submit-text=\"Prze\u015blij\" aria-live=\"assertive\" value=\"wpforms-submit\">Prze\u015blij<\/button><img loading=\"lazy\" decoding=\"async\" src=\"https:\/\/gorzelanny.pl\/hotel-gorzelanny\/wp-content\/plugins\/wpforms-lite\/assets\/images\/submit-spin.svg\" class=\"wpforms-submit-spinner\" style=\"display: none;\" width=\"26\" height=\"26\" alt=\"Wczytywanie\"><\/div><\/form><\/div>  <!-- .wpforms-container -->[\/vc_tta_section][\/vc_tta_accordion][vc_empty_space][\/vc_column][\/vc_row][vc_row][vc_column][vc_column_text]<\/p>\n<div tabindex=\"0\" role=\"article\" data-tabster=\"{&quot;groupper&quot;:{&quot;tabbability&quot;:2},&quot;focusable&quot;:{}}\" data-content=\"ai-message\" aria-labelledby=\"YbAcbpciZdXVp1DQUtuh3-author} YbAcbpciZdXVp1DQUtuh3-content-0\">\n<div id=\"YbAcbpciZdXVp1DQUtuh3-content-0\">\n<p style=\"text-align: center;\">\ud83c\udf04 <strong>Szukasz idealnego miejsca na letnie wakacje z rodzin\u0105? \ud83c\udf1e<\/strong> Pakuj ca\u0142\u0105 ferajn\u0119 i przyje\u017cd\u017caj do nas do najbardziej rodzinnego miejsca w Polsce! \ud83c\uddf5\ud83c\uddf1<\/p>\n<p style=\"text-align: center;\">Wyobra\u017a sobie poranki nad jeziorem, otoczone bujnymi lasami, gdzie pi\u0119kne wschody s\u0142o\u0144ca budz\u0105 natur\u0119 do \u017cycia. \ud83c\udf05 Wieczorami z kolei, zachody s\u0142o\u0144ca maluj\u0105 niebo w najpi\u0119kniejszych kolorach, tworz\u0105c niezapomniane wspomnienia. \ud83c\udf07<\/p>\n<p style=\"text-align: center;\"><strong>\u201ePark Zaginione Miasto Rosenau\u201d w Pokrzywnej<\/strong> to prawdziwy raj dla Twoich dzieci! \ud83c\udfa0 Codzienne animacje i park edukacji oraz rozrywki z ponad 20 atrakcjami sprawiaj\u0105, \u017ce ka\u017cda chwila jest pe\u0142na rado\u015bci i \u015bmiechu. \ud83c\udfa2<\/p>\n<p style=\"text-align: center;\">A kiedy ju\u017c nabierzecie ochoty na smaczny posi\u0142ek, zapraszamy na <strong>doskona\u0142\u0105 domow\u0105 kuchni\u0119<\/strong>! \ud83c\udf7d\ufe0f Nasze pokoje w standardzie hotelowym *** lub **** zapewni\u0105 komfort i wygod\u0119, jakiej oczekujesz. \ud83c\udfe8 W wolnym czasie mo\u017cesz liczy\u0107 na chwil\u0119 relaksu w <strong>SPA GORZELANNY<\/strong>. \ud83d\udc86 <strong>Czas na relaks, odnow\u0119 i chwil\u0119 dla siebie<\/strong>. \ud83c\udf1f<\/p>\n<p style=\"text-align: center;\">To miejsce oferuje wiele innych atrakcji, kt\u00f3re sprawi\u0105, \u017ce Twoje wakacje b\u0119d\u0105 niezapomniane. Nie czekaj, zarezerwuj ju\u017c dzi\u015b i sp\u0119d\u017a niezapomniane wakacje all inclusive w g\u00f3rach! \ud83c\udfde\ufe0f\ud83d\ude0a<\/p>\n<\/div>\n<\/div>\n<p>[\/vc_column_text][vc_empty_space][vc_separator color=&#8221;orange&#8221; style=&#8221;dashed&#8221; border_width=&#8221;3&#8243;][\/vc_column][\/vc_row][vc_row][vc_column width=&#8221;1\/4&#8243;][vc_single_image image=&#8221;2416&#8243; img_size=&#8221;full&#8221; alignment=&#8221;center&#8221; style=&#8221;vc_box_border_circle_2&#8243;][vc_single_image image=&#8221;2588&#8243; img_size=&#8221;full&#8221; alignment=&#8221;center&#8221; style=&#8221;vc_box_border_circle_2&#8243;][\/vc_column][vc_column width=&#8221;3\/4&#8243;][vc_empty_space][vc_custom_heading text=&#8221;Rodzinne wakacje ALL INCLUSIVE&#8221; font_container=&#8221;tag:h3|text_align:left&#8221;][vc_column_text]<\/p>\n<ul>\n<li>Pobyt w ramach pakietu realizowany jest w turnusach 7-dniowych (od niedzieli do soboty lub 4-dniowych (\u015broda-sobota, niedziela-\u015broda)<\/li>\n<li>codziennie bogate \u015bniadania (<u>08:00-10:00)<\/u> i obiadokolacje w formie bufetu szwedzkiego 16:00-19:00 dla ka\u017cdej z os\u00f3b<\/li>\n<li><span style=\"color: #339966;\"><strong>CODZIENNY SNACK BAR DLA DZIECI DO 12 LAT ORAZ CIEP\u0141A ZUPKA (godz. 13:00 &#8211; 14:00)<\/strong><\/span><\/li>\n<li>Open Bar: w godz. 16:00-20:00 dla ka\u017cdej z os\u00f3b<\/li>\n<li>kawa, herbata, woda, soki &#8211; w godz. 8:00 &#8211; 20:00<\/li>\n<li>korzystanie z kr\u0119gielni (1 godzina gry w kr\u0119gle na pok\u00f3j gratis przy pobycie na minimum 4 dni\/3noce.)<\/li>\n<li>korzystanie z basenu wewn\u0119trznego , jacuzzi, brodzik dla dzieci, sauny suchej, \u0142a\u017ani parowej, \u0142\u0105czki solarnej<\/li>\n<li>korzystanie z kajak\u00f3w i rowerk\u00f3w wodnych (2 godziny na pok\u00f3j przy turnusie 7 dniowym \/ 1 godzina przy turnusie 4 dniowym)<\/li>\n<li>basen o rozmiarach olimpijskich z piaszczyst\u0105 pla\u017c\u0105 i le\u017cakami<\/li>\n<li>zni\u017cka 10% na dodatkowe zabiegi w hotelowym SPA GORZELANNY<\/li>\n<li>korzystanie z DINOPARKU (park linowy dla dzieci od 3 do 8 roku \u017cycia)<\/li>\n<\/ul>\n<p>[\/vc_column_text][\/vc_column][\/vc_row][vc_row][vc_column][vc_separator color=&#8221;orange&#8221; style=&#8221;dashed&#8221; border_width=&#8221;3&#8243;][\/vc_column][\/vc_row][vc_row][vc_column width=&#8221;2\/3&#8243;][vc_column_text]<strong>Dost\u0119p do Parku Rozrywki i Edukacji Rosenau (Zaginione Miasto) w tym:<\/strong><\/p>\n<ul>\n<li>przejazd kolejk\u0105 turystyczn\u0105 po terenie parku<\/li>\n<li>Wej\u015bcie do: Parku \u017bywio\u0142\u00f3w i Ogrodu Wody, Stonehenge, Jaskini Wilka i Nied\u017awiedzia<\/li>\n<li>zwiedzanie repliki Sztolni Z\u0142ota<\/li>\n<li>Wej\u015bcie do kina 7 D x 2<\/li>\n<li>Karuzele dla dzieci<\/li>\n<li>snowtubing &#8211; zje\u017cd\u017calnia na pontonach<\/li>\n<li>czteropolowa trampolina<\/li>\n<li>poniedzia\u0142ek-pi\u0105tek animacje dla dzieci (zabawy sportowo-ruchowe w godz. 10:00 &#8211; 13:00)<\/li>\n<\/ul>\n<p>[\/vc_column_text][stm_spacer height=&#8221;30&#8243;][\/vc_column][vc_column width=&#8221;1\/3&#8243;][vc_single_image image=&#8221;1256&#8243; img_size=&#8221;full&#8221; alignment=&#8221;center&#8221; style=&#8221;vc_box_border_circle_2&#8243;][\/vc_column][\/vc_row][vc_row][vc_column][vc_separator color=&#8221;orange&#8221; style=&#8221;dashed&#8221; border_width=&#8221;3&#8243;][\/vc_column][\/vc_row][vc_row][vc_column width=&#8221;2\/3&#8243;][stm_spacer height=&#8221;30&#8243;][vc_column_text]<\/p>\n<h2>\ud83c\udf1e Wakacje pe\u0142ne wodnej zabawy<\/h2>\n<p>[\/vc_column_text][stm_spacer height=&#8221;30&#8243;][vc_column_text]Go\u015bcie hotelu Gorzelnanny zyskuj\u0105 <strong>nieograniczony dost\u0119p do wyj\u0105tkowej strefy wodnej rozrywki<\/strong> \u2014 idealnej zar\u00f3wno dla rodzin z dzie\u0107mi, jak i wszystkich spragnionych aktywnego relaksu.<\/p>\n<p>Na terenie obiektu czeka na Ciebie nowoczesny kompleks wodny, w kt\u00f3rym ka\u017cdy znajdzie co\u015b dla siebie:<\/p>\n<ul>\n<li><strong>Brodzik dla dzieci<\/strong> o imponuj\u0105cych wymiarach <strong>22 \u00d7 27 m<\/strong>, wyposa\u017cony w kolorowy <strong>wodny plac zabaw<\/strong><\/li>\n<li>Energetyczny <strong>Splash Park<\/strong> \u2014 idealny na upalne dni<\/li>\n<li><strong>Pierwsza w Polsce zje\u017cd\u017calnia typu \u201eWahad\u0142o\u201d<\/strong> \u2014 emocje gwarantowane<\/li>\n<li>Zakr\u0119cona <strong>zje\u017cd\u017calnia \u201eAnakonda\u201d<\/strong> o d\u0142ugo\u015bci <strong>68 m<\/strong><\/li>\n<li><strong>Basen rekreacyjny z dzik\u0105 rzek\u0105<\/strong>, kt\u00f3ra porwie Ci\u0119 swoim nurtem<\/li>\n<li>Relaksuj\u0105ce <strong>jacuzzi<\/strong> dla chwil pe\u0142nych odpr\u0119\u017cenia<\/li>\n<\/ul>\n<p>A co najlepsze \u2014 <strong>ca\u0142a strefa zosta\u0142a zaprojektowana na bezpiecznej g\u0142\u0119boko\u015bci 50 cm<\/strong>, dzi\u0119ki czemu to idealne miejsce dla rodzin z dzie\u0107mi oraz os\u00f3b ceni\u0105cych komfort i bezpiecze\u0144stwo.[\/vc_column_text][stm_spacer height=&#8221;30&#8243;][vc_column_text]<\/p>\n<h2>\ud83d\udca6 Park wodny tu\u017c przy hotelu<\/h2>\n<p>[\/vc_column_text][\/vc_column][vc_column width=&#8221;1\/3&#8243;][vc_single_image image=&#8221;1835&#8243; img_size=&#8221;full&#8221; alignment=&#8221;center&#8221; style=&#8221;vc_box_border_circle_2&#8243;][vc_single_image image=&#8221;1836&#8243; img_size=&#8221;full&#8221; alignment=&#8221;center&#8221; style=&#8221;vc_box_border_circle_2&#8243;][\/vc_column][\/vc_row][vc_row][vc_column][vc_separator color=&#8221;orange&#8221; style=&#8221;dashed&#8221; border_width=&#8221;3&#8243;][\/vc_column][\/vc_row][vc_row shadow_x_offset=&#8221;0&#8243; shadow_y_offset=&#8221;0&#8243; shadow_blur=&#8221;0&#8243; shadow_spread=&#8221;0&#8243; shadow_color=&#8221;&#8221; css=&#8221;.vc_custom_1771938327322{background-color: #ffda21 !important;border-radius: 10px !important;}&#8221;][vc_column width=&#8221;1\/4&#8243;][vc_single_image image=&#8221;3573&#8243; img_size=&#8221;full&#8221; alignment=&#8221;center&#8221; style=&#8221;vc_box_border_circle_2&#8243;][\/vc_column][vc_column width=&#8221;3\/4&#8243;][vc_column_text]<\/p>\n<h3><b>NOWO\u015a\u0106 W NASZEJ OFERCIE DLA NAJM\u0141ODSZYCH<\/b><\/h3>\n<p>[\/vc_column_text][vc_column_text]Trzykondygnacyjny, zadaszony plac zabaw <strong>Rosenau PlayZone \u2013 trampoliny, zje\u017cd\u017calnie i zabawa bez granic<\/strong> \ud83c\udf89 to nowoczesna, pe\u0142na energii przestrze\u0144 stworzona z my\u015bl\u0105 o dzieciach w r\u00f3\u017cnym wieku. Wielopoziomowa i zadaszona konstrukcja zapewniaj\u0105ca aktywn\u0105 rozrywk\u0119 niezale\u017cnie od pogody \ud83c\udf26\ufe0f. To miejsce, w kt\u00f3rym ruch spotyka si\u0119 z kreatywno\u015bci\u0105, a zabawa naprawd\u0119 nie ma ko\u0144ca \ud83d\ude80.<\/p>\n<p>Wkr\u00f3tce dodamy wi\u0119cej szczeg\u00f3\u0142\u00f3w oraz zdj\u0119cia \ud83d\udcf8, aby jeszcze lepiej pokaza\u0107, co czeka na odwiedzaj\u0105cych.[\/vc_column_text][\/vc_column][\/vc_row][vc_row][vc_column][vc_separator color=&#8221;orange&#8221; style=&#8221;dashed&#8221; border_width=&#8221;3&#8243;][\/vc_column][\/vc_row][vc_row][vc_column][vc_separator color=&#8221;orange&#8221; style=&#8221;dashed&#8221; border_width=&#8221;3&#8243;][vc_column_text]<\/p>\n<h3 class=\"h3-body-title\">POZOSTA\u0141E INFORMACJE<\/h3>\n<ul>\n<li>je\u017celi w Hotelu przebywa poni\u017cej 10 os\u00f3b posi\u0142ki wy\u0142\u0105cznie w formie serwowanej, gdzie ka\u017cdy niejadek znajdzie co\u015b dla siebie<\/li>\n<li>ceny brutto (zawieraj\u0105 podatek VAT ), cena dotyczy pobytu 1 osoby przy zakwaterowaniu min.2 os\u00f3b pe\u0142nop\u0142atnych w pokoju<\/li>\n<li>doba hotelowa trwa od godziny 15.00 do godziny 11.00<\/li>\n<li>pobyt rozpoczyna si\u0119 obiadokolacj\u0105 (16:00-19:00) w dniu przyjazdu, a ko\u0144czy \u015bniadaniem (8:00-10:00) w dniu wyjazdu<\/li>\n<li>cz\u0119\u015b\u0107 atrakcji jest uzale\u017cniona od warunk\u00f3w pogodowych<\/li>\n<li>lista napoj\u00f3w bezalkoholowych i alkoholowych oferowanych w pakiecie ALL INCLUSIVE dost\u0119pna jest w hotelu. Hotel zastrzega sobie prawo do zmiany listy serwowanych wybranych napoj\u00f3w alkoholowych i bezalkoholowych w ramach pakietu ALL INCLUSIVE<\/li>\n<li>na terenie hotelu \u2013 dost\u0119p do WIFI<\/li>\n<li>bezp\u0142atny parking<\/li>\n<li>rezerwacja pod numerem telefonu: 881 328 081, b\u0105d\u017a poprzez e-mail: <a href=\"mailto:info@hotelgorzelanny.pl\">info@hotelgorzelanny.pl<\/a><\/li>\n<\/ul>\n<p>[\/vc_column_text][stm_spacer height=&#8221;30&#8243;][vc_message]<\/p>\n<p style=\"text-align: center;\">W przypadku z rezygnacji z dokonanej rezerwacji, wp\u0142acone pieni\u0105dze nie podlegaj\u0105 zwrotowi. Hotel wp\u0142acony zadatek zatrzyma. Hotel mo\u017ce jednak zaproponowa\u0107 Klientowi inny termin realizacji pobytu<\/p>\n<p>[\/vc_message][\/vc_column][\/vc_row][vc_row][vc_column][stm_spacer height=&#8221;30&#8243;][vc_hoverbox image=&#8221;1531&#8243; primary_title=&#8221;Strefa wodna przy Hotelu Gorzelanny&#8221; primary_title_font_container=&#8221;font_size:55|color:%23f9f9f9&#8243; primary_title_use_theme_fonts=&#8221;yes&#8221; hover_title=&#8221;&#8221; hover_background_color=&#8221;sky&#8221; use_custom_fonts_primary_title=&#8221;true&#8221;]<\/p>\n<h3 style=\"text-align: center;\"><strong>brodzik dla dzieci o wymiarach 22x27m z wodnym placem zabaw<\/strong><\/h3>\n<h3 style=\"text-align: center;\"><strong>splash park<\/strong><\/h3>\n<h3 style=\"text-align: center;\"><strong>pierwsza w Polsce zje\u017cd\u017calnia typu \u201eWahad\u0142o\u201d<\/strong><\/h3>\n<h3 style=\"text-align: center;\"><strong>zje\u017cd\u017calnia typu \u201eAnakonda\u201d d\u0142ugo\u015b\u0107 68 m<\/strong><\/h3>\n<h3 style=\"text-align: center;\"><strong>basen rekreacyjny z dzik\u0105 rzek\u0105<\/strong><\/h3>\n<h3 style=\"text-align: center;\"><strong>jacuzzi<\/strong><\/h3>\n<h3 style=\"text-align: center;\"><strong><span style=\"color: #ffffff;\"><em>a to wszystko na bezpiecznej g\u0142\u0119boko\u015bci 50 cm!<\/em><\/span><\/strong><\/h3>\n<p>[\/vc_hoverbox][stm_spacer height=&#8221;60&#8243;][\/vc_column][\/vc_row][vc_row][vc_column][vc_media_grid element_width=&#8221;3&#8243; grid_id=&#8221;vc_gid:1774269753618-b41af089-8bbf-1&#8243; include=&#8221;2416,1939,1940,1930&#8243;][\/vc_column][\/vc_row][vc_row][vc_column][vc_column_text][\/vc_column_text][\/vc_column][\/vc_row][vc_row][vc_column width=&#8221;1\/6&#8243;][\/vc_column][vc_column width=&#8221;2\/3&#8243;][stm_spacer height=&#8221;60&#8243;][vc_cta h2=&#8221;Masz pytanie? Napisz lub zadzwo\u0144 do nas!&#8221; h4=&#8221;Znajdziemy dla Ciebie idealne rozwi\u0105zanie!&#8221; txt_align=&#8221;center&#8221; shape=&#8221;square&#8221; style=&#8221;3d&#8221; add_icon=&#8221;left&#8221; i_icon_fontawesome=&#8221;far fa-id-card&#8221; i_color=&#8221;chino&#8221;]<\/p>\n<p style=\"text-align: center;\"><a href=\"mailto:info@hotelgorzelanny.pl\">info@hotelgorzelanny.pl<\/a> \u00a0\u00a0|\u00a0\u00a0 <a href=\"tel::00881328081\">tel. 881 328 081<\/a><\/p>\n<p>[\/vc_cta][\/vc_column][vc_column width=&#8221;1\/6&#8243;][\/vc_column][\/vc_row][vc_column][\/vc_column]<\/p>\n","protected":false},"excerpt":{"rendered":"<p>[vc_row][vc_column parallax=&#8221;content-moving&#8221; shadow_x_offset=&#8221;0&#8243; shadow_y_offset=&#8221;0&#8243; shadow_blur=&#8221;0&#8243; shadow_spread=&#8221;0&#8243; shadow_color=&#8221;&#8221;][vc_tta_accordion color=&#8221;sky&#8221; c_align=&#8221;center&#8221; c_icon=&#8221;&#8221; active_section=&#8221;&#8221;][vc_tta_section i_icon_fontawesome=&#8221;stmicon-hotel&#8221; add_icon=&#8221;true&#8221; title=&#8221;KLIKNIJ I ZAREZERWUJ POBYT&#8221; tab_id=&#8221;1607808799803-b36afb86-776e&#8221;][\/vc_tta_section][\/vc_tta_accordion][vc_empty_space][\/vc_column][\/vc_row][vc_row][vc_column][vc_column_text] \ud83c\udf04 Szukasz idealnego miejsca na letnie wakacje z rodzin\u0105? \ud83c\udf1e Pakuj ca\u0142\u0105 ferajn\u0119 i przyje\u017cd\u017caj do nas do najbardziej rodzinnego miejsca w Polsce! \ud83c\uddf5\ud83c\uddf1 Wyobra\u017a sobie poranki nad jeziorem, otoczone bujnymi lasami, gdzie pi\u0119kne wschody s\u0142o\u0144ca budz\u0105 [&hellip;]<\/p>\n","protected":false},"author":1,"featured_media":1852,"parent":0,"menu_order":4,"comment_status":"closed","ping_status":"closed","template":"","meta":{"om_disable_all_campaigns":false,"footnotes":""},"categories":[43],"class_list":["post-1516","page","type-page","status-publish","has-post-thumbnail","hentry","category-oferta_specjalna"],"_links":{"self":[{"href":"https:\/\/gorzelanny.pl\/hotel-gorzelanny\/wp-json\/wp\/v2\/pages\/1516"}],"collection":[{"href":"https:\/\/gorzelanny.pl\/hotel-gorzelanny\/wp-json\/wp\/v2\/pages"}],"about":[{"href":"https:\/\/gorzelanny.pl\/hotel-gorzelanny\/wp-json\/wp\/v2\/types\/page"}],"author":[{"embeddable":true,"href":"https:\/\/gorzelanny.pl\/hotel-gorzelanny\/wp-json\/wp\/v2\/users\/1"}],"replies":[{"embeddable":true,"href":"https:\/\/gorzelanny.pl\/hotel-gorzelanny\/wp-json\/wp\/v2\/comments?post=1516"}],"version-history":[{"count":116,"href":"https:\/\/gorzelanny.pl\/hotel-gorzelanny\/wp-json\/wp\/v2\/pages\/1516\/revisions"}],"predecessor-version":[{"id":3663,"href":"https:\/\/gorzelanny.pl\/hotel-gorzelanny\/wp-json\/wp\/v2\/pages\/1516\/revisions\/3663"}],"wp:featuredmedia":[{"embeddable":true,"href":"https:\/\/gorzelanny.pl\/hotel-gorzelanny\/wp-json\/wp\/v2\/media\/1852"}],"wp:attachment":[{"href":"https:\/\/gorzelanny.pl\/hotel-gorzelanny\/wp-json\/wp\/v2\/media?parent=1516"}],"wp:term":[{"taxonomy":"category","embeddable":true,"href":"https:\/\/gorzelanny.pl\/hotel-gorzelanny\/wp-json\/wp\/v2\/categories?post=1516"}],"curies":[{"name":"wp","href":"https:\/\/api.w.org\/{rel}","templated":true}]}}