{"id":168,"date":"2018-06-05T04:15:54","date_gmt":"2018-06-05T04:15:54","guid":{"rendered":"http:\/\/multipurpose.loc\/hotel\/?page_id=168"},"modified":"2023-05-18T12:51:16","modified_gmt":"2023-05-18T10:51:16","slug":"contact-us","status":"publish","type":"page","link":"https:\/\/gorzelanny.pl\/hotel-gorzelanny\/contact-us\/","title":{"rendered":"Kontakt"},"content":{"rendered":"<p>[vc_row][vc_column shadow_x_offset=&#8221;0&#8243; shadow_y_offset=&#8221;0&#8243; shadow_blur=&#8221;0&#8243; shadow_spread=&#8221;0&#8243; shadow_color=&#8221;&#8221; css=&#8221;.vc_custom_1603370351179{margin-top: -60px !important;margin-bottom: 60px !important;}&#8221;]\n\t\t\t<!-- START Slider pokoje REVOLUTION SLIDER 6.1.5 --><p class=\"rs-p-wp-fix\"><\/p>\n\t\t\t<rs-module-wrap id=\"rev_slider_8_1_wrapper\" data-source=\"gallery\" style=\"background:transparent;padding:0;margin:0px auto;margin-top:0;margin-bottom:0;\">\n\t\t\t\t<rs-module id=\"rev_slider_8_1\" style=\"display:none;\" data-version=\"6.1.5\">\n\t\t\t\t\t<rs-slides>\n\t\t\t\t\t\t<rs-slide data-key=\"rs-20\" data-title=\"Slide\" data-anim=\"ei:d;eo:d;s:d;r:0;t:fade;sl:d;\">\n\t\t\t\t\t\t\t<img decoding=\"async\" src=\"\/\/gorzelanny.pl\/hotel-gorzelanny\/wp-content\/plugins\/revslider\/public\/assets\/assets\/transparent.png\" title=\"Kontakt\" class=\"rev-slidebg\" data-no-retina>\n<!--\n\t\t\t\t\t\t\t--><rs-layer\n\t\t\t\t\t\t\t\tid=\"slider-8-slide-20-layer-1\" \n\t\t\t\t\t\t\t\tdata-type=\"image\"\n\t\t\t\t\t\t\t\tdata-rsp_ch=\"on\"\n\t\t\t\t\t\t\t\tdata-xy=\"x:-3px;y:-646px;\"\n\t\t\t\t\t\t\t\tdata-text=\"w:normal;\"\n\t\t\t\t\t\t\t\tdata-dim=\"w:2611px;h:1742px;\"\n\t\t\t\t\t\t\t\tdata-frame_999=\"o:0;st:w;\"\n\t\t\t\t\t\t\t\tstyle=\"z-index:10;\"\n\t\t\t\t\t\t\t><img loading=\"lazy\" decoding=\"async\" src=\"\/\/gorzelanny.pl\/hotel-gorzelanny\/wp-content\/uploads\/2021\/07\/DSC0667.jpg\" width=\"2000\" height=\"1334\" data-no-retina> \n\t\t\t\t\t\t\t<\/rs-layer><!--\n-->\t\t\t\t\t\t<\/rs-slide>\n\t\t\t\t\t\t<rs-slide data-key=\"rs-21\" data-title=\"Slide\" data-anim=\"ei:d;eo:d;s:d;r:0;t:fade;sl:d;\">\n\t\t\t\t\t\t\t<img decoding=\"async\" src=\"\/\/gorzelanny.pl\/hotel-gorzelanny\/wp-content\/plugins\/revslider\/public\/assets\/assets\/transparent.png\" title=\"Kontakt\" class=\"rev-slidebg\" data-no-retina>\n<!--\n\t\t\t\t\t\t\t--><rs-layer\n\t\t\t\t\t\t\t\tid=\"slider-8-slide-21-layer-1\" \n\t\t\t\t\t\t\t\tdata-type=\"image\"\n\t\t\t\t\t\t\t\tdata-rsp_ch=\"on\"\n\t\t\t\t\t\t\t\tdata-xy=\"x:-9px;y:-537px;\"\n\t\t\t\t\t\t\t\tdata-text=\"w:normal;\"\n\t\t\t\t\t\t\t\tdata-dim=\"w:2618px;h:1964px;\"\n\t\t\t\t\t\t\t\tdata-frame_999=\"o:0;st:w;\"\n\t\t\t\t\t\t\t\tstyle=\"z-index:10;\"\n\t\t\t\t\t\t\t><img loading=\"lazy\" decoding=\"async\" src=\"\/\/gorzelanny.pl\/hotel-gorzelanny\/wp-content\/uploads\/2021\/07\/DSC03296.jpg\" width=\"4896\" height=\"3672\" data-no-retina> \n\t\t\t\t\t\t\t<\/rs-layer><!--\n-->\t\t\t\t\t\t<\/rs-slide>\n\t\t\t\t\t<\/rs-slides>\n\t\t\t\t\t<rs-progress class=\"rs-bottom\" style=\"visibility: hidden !important;\"><\/rs-progress>\n\t\t\t\t<\/rs-module>\n\t\t\t\t<script type=\"text\/javascript\">\n\t\t\t\t\tsetREVStartSize({c: 'rev_slider_8_1',rl:[1240,1024,778,480],el:[700],gw:[2600],gh:[700],layout:'fullwidth',mh:\"0\"});\n\t\t\t\t\tvar\trevapi8,\n\t\t\t\t\t\ttpj;\n\t\t\t\t\tjQuery(function() {\n\t\t\t\t\t\ttpj = jQuery;\n\t\t\t\t\t\tif(tpj(\"#rev_slider_8_1\").revolution == undefined){\n\t\t\t\t\t\t\trevslider_showDoubleJqueryError(\"#rev_slider_8_1\");\n\t\t\t\t\t\t}else{\n\t\t\t\t\t\t\trevapi8 = tpj(\"#rev_slider_8_1\").show().revolution({\n\t\t\t\t\t\t\t\tjsFileLocation:\"\/\/gorzelanny.pl\/hotel-gorzelanny\/wp-content\/plugins\/revslider\/public\/assets\/js\/\",\n\t\t\t\t\t\t\t\tsliderLayout:\"fullwidth\",\n\t\t\t\t\t\t\t\tvisibilityLevels:\"1240,1024,778,480\",\n\t\t\t\t\t\t\t\tgridwidth:2600,\n\t\t\t\t\t\t\t\tgridheight:700,\n\t\t\t\t\t\t\t\tminHeight:\"\",\n\t\t\t\t\t\t\t\tspinner:\"spinner0\",\n\t\t\t\t\t\t\t\teditorheight:\"700,768,960,720\",\n\t\t\t\t\t\t\t\tresponsiveLevels:\"1240,1024,778,480\",\n\t\t\t\t\t\t\t\tdisableProgressBar:\"on\",\n\t\t\t\t\t\t\t\tnavigation: {\n\t\t\t\t\t\t\t\t\tonHoverStop:false\n\t\t\t\t\t\t\t\t},\n\t\t\t\t\t\t\t\tfallbacks: {\n\t\t\t\t\t\t\t\t\tallowHTML5AutoPlayOnAndroid:true\n\t\t\t\t\t\t\t\t},\n\t\t\t\t\t\t\t});\n\t\t\t\t\t\t}\n\t\t\t\t\t\t\n\t\t\t\t\t});\n\t\t\t\t<\/script>\n\t\t\t<\/rs-module-wrap>\n\t\t\t<!-- END REVOLUTION SLIDER -->\n[\/vc_column][\/vc_row][vc_row shadow_x_offset=&#8221;0&#8243; shadow_y_offset=&#8221;0&#8243; shadow_blur=&#8221;0&#8243; shadow_spread=&#8221;0&#8243; shadow_color=&#8221;&#8221; css=&#8221;.vc_custom_1531906799465{padding-top: 20px !important;}&#8221;][vc_column shadow_x_offset=&#8221;0&#8243; shadow_y_offset=&#8221;0&#8243; shadow_blur=&#8221;0&#8243; shadow_spread=&#8221;0&#8243; offset=&#8221;vc_col-lg-8 vc_col-md-8&#8243;][vc_column_text]<\/p>\n<h3 class=\"body_paragraph contact-paragraph\">Formularz kontaktowy<\/h3>\n<p class=\"body_paragraph contact-paragraph\">Je\u015bli maj\u0105 Pa\u0144stwo jakiekolwiek pytania dotycz\u0105ce pobytu lub chc\u0105 Pa\u0144stwo zarezerwowa\u0107 termin, zapraszamy do wype\u0142nienia formularza kontaktowego. Odpowiemy jak najszybciej.<\/p>\n<p>[\/vc_column_text]<div class=\"wpforms-container wpforms-container-full wpforms-render-modern\" id=\"wpforms-2724\"><form id=\"wpforms-form-2724\" class=\"wpforms-validate wpforms-form wpforms-ajax-form\" data-formid=\"2724\" method=\"post\" enctype=\"multipart\/form-data\" action=\"\/hotel-gorzelanny\/wp-json\/wp\/v2\/pages\/168\" data-token=\"f600de24287ae572fb8afd8b4d7da5f8\"><noscript class=\"wpforms-error-noscript\">Aby wype\u0142ni\u0107 ten formularz, w\u0142\u0105cz obs\u0142ug\u0119 JavaScript w przegl\u0105darce.<\/noscript><div class=\"wpforms-hidden\" id=\"wpforms-error-noscript\">Aby wype\u0142ni\u0107 ten formularz, w\u0142\u0105cz obs\u0142ug\u0119 JavaScript w przegl\u0105darce.<\/div><div class=\"wpforms-field-container\"><div id=\"wpforms-2724-field_0-container\" class=\"wpforms-field wpforms-field-name\" data-field-id=\"0\"><fieldset><legend class=\"wpforms-field-label\">Imi\u0119 i nazwisko <span class=\"wpforms-required-label\" aria-hidden=\"true\">*<\/span><\/legend><div class=\"wpforms-field-row wpforms-field-medium\"><div class=\"wpforms-field-row-block wpforms-first wpforms-one-half\"><input type=\"text\" id=\"wpforms-2724-field_0\" class=\"wpforms-field-name-first wpforms-field-required\" name=\"wpforms[fields][0][first]\" aria-errormessage=\"wpforms-2724-field_0-error\" required><label for=\"wpforms-2724-field_0\" class=\"wpforms-field-sublabel after \">Imi\u0119<\/label><\/div><div class=\"wpforms-field-row-block wpforms-one-half\"><input type=\"text\" id=\"wpforms-2724-field_0-last\" class=\"wpforms-field-name-last wpforms-field-required\" name=\"wpforms[fields][0][last]\" aria-errormessage=\"wpforms-2724-field_0-last-error\" required><label for=\"wpforms-2724-field_0-last\" class=\"wpforms-field-sublabel after \">Nazwisko<\/label><\/div><\/div><\/fieldset><\/div><div id=\"wpforms-2724-field_1-container\" class=\"wpforms-field wpforms-field-email\" data-field-id=\"1\"><label class=\"wpforms-field-label\" for=\"wpforms-2724-field_1\">E-mail <span class=\"wpforms-required-label\" aria-hidden=\"true\">*<\/span><\/label><input type=\"email\" id=\"wpforms-2724-field_1\" class=\"wpforms-field-medium wpforms-field-required\" name=\"wpforms[fields][1]\" spellcheck=\"false\" aria-errormessage=\"wpforms-2724-field_1-error\" required><\/div><div id=\"wpforms-2724-field_2-container\" class=\"wpforms-field wpforms-field-textarea\" data-field-id=\"2\"><label class=\"wpforms-field-label\" for=\"wpforms-2724-field_2\">Tre\u015b\u0107 zapytania <span class=\"wpforms-required-label\" aria-hidden=\"true\">*<\/span><\/label><textarea id=\"wpforms-2724-field_2\" class=\"wpforms-field-medium wpforms-field-required\" name=\"wpforms[fields][2]\" aria-errormessage=\"wpforms-2724-field_2-error\" required><\/textarea><\/div><\/div><!-- .wpforms-field-container --><input type=\"hidden\" name=\"wpforms[recaptcha]\" value=\"\"><div class=\"wpforms-submit-container\" ><input type=\"hidden\" name=\"wpforms[id]\" value=\"2724\"><input type=\"hidden\" name=\"wpforms[author]\" value=\"1\"><button type=\"submit\" name=\"wpforms[submit]\" id=\"wpforms-submit-2724\" class=\"wpforms-submit\" data-alt-text=\"Wysy\u0142anie...\" data-submit-text=\"Prze\u015blij\" aria-live=\"assertive\" value=\"wpforms-submit\">Prze\u015blij<\/button><img loading=\"lazy\" decoding=\"async\" src=\"https:\/\/gorzelanny.pl\/hotel-gorzelanny\/wp-content\/plugins\/wpforms-lite\/assets\/images\/submit-spin.svg\" class=\"wpforms-submit-spinner\" style=\"display: none;\" width=\"26\" height=\"26\" alt=\"Wczytywanie\"><\/div><\/form><\/div>  <!-- .wpforms-container -->[vc_message]<\/p>\n<h6>Administratorem Pa\u0144stwa danych osobowych jest Hotele Gorzelanny sp\u00f3\u0142ka z ograniczon\u0105 odpowiedzialno\u015bci\u0105 sp\u00f3\u0142ka komandytowa, Pokrzywna 76,48-267 Jarno\u0142t\u00f3wek. Do skutecznego przes\u0142ania wiadomo\u015bci niezb\u0119dne jest wype\u0142nienie co najmniej p\u00f3l oznaczonych symbolem gwiazdki: *. Brak podania tak oznaczonych danych uniemo\u017cliwi obs\u0142ug\u0119 zapytania. Mog\u0105 Pa\u0144stwo dobrowolnie poda\u0107 tak\u017ce inne dane w celu identyfikacji, u\u0142atwienia kontaktu lub obs\u0142ugi zapytania.<\/h6>\n<h6>Podstaw\u0105 prawn\u0105 przetwarzania danych osobowych jest Pa\u0144stwa zgoda, o kt\u00f3rej mowa w art. 6 ust. 1 lit. a) RODO. Wysy\u0142aj\u0105c wiadomo\u015b\u0107, wyra\u017caj\u0105 Pa\u0144stwo zgod\u0119 na przetwarzanie danych osobowych w celu obs\u0142ugi przes\u0142anego zapytania. Dane osobowe s\u0105 przetwarzane przez Administratora w celu obs\u0142ugi przes\u0142anego zapytania. Wi\u0119cej informacji na temat przetwarzania danych osobowych oraz Pa\u0144stwa uprawnie\u0144 z tym zwi\u0105zanych znajduje si\u0119 w <a href=\"https:\/\/gorzelanny.pl\/polityka-prywatnosci.pdf\">polityce prywatno\u015bci.<\/a><\/h6>\n<p>[\/vc_message][\/vc_column][vc_column shadow_x_offset=&#8221;0&#8243; shadow_y_offset=&#8221;0&#8243; shadow_blur=&#8221;0&#8243; shadow_spread=&#8221;0&#8243; offset=&#8221;vc_col-lg-4 vc_col-md-4&#8243;][vc_raw_html]JTNDaDMlM0VJbmZvcm1hY2plJTIwa29udGFrdG93ZSUzQyUyRmgzJTNFJTA5JTA5JTA5JTA5JTA5JTA5JTA5JTA5JTA5JTA5JTA5JTA5JTA5JTA5JTIwJTIwJTNDYiUzRVJlY2VwY2phJTIwJTI4c3RhY2pvbmFybnklMjklM0ElM0MlMkZiJTNFJTIwNzclMjAzMzMlMjAwMCUyMDA4JTNDYnIlMkYlM0UlMEElM0NiJTNFUmVjZXBjamElMjAlMjhrb20lMjklM0ElM0MlMkZiJTNFJTIwODgxJTIwMzI4JTIwMDgxJTNDYnIlMkYlM0UlM0NiciUyRiUzRSUwQSUwQSUzQ2IlM0VFLW1haWwlMjAlMjhSZXplcndhY2phJTIwcG9ieXQlQzMlQjN3JTJDJTIwaW5mb3JtYWNqZSUyMG9nJUMzJUIzbG5lJTI5JTNBJTNDJTJGYiUzRSUyMCUzQ2ElMjBocmVmJTNEJTIybWFpbHRvJTNBaW5mbyU0MGhvdGVsZ29yemVsYW5ueS5wbCUyMiUzRWluZm8lNDBob3RlbGdvcnplbGFubnkucGwlM0MlMkZhJTNFJTNDYnIlMkYlM0UlMEElM0NiJTNFRS1tYWlsJTIwJTI4Qml1cm8lMkMlMjByZXplcndhY2phJTIwd2VzZWwlMkMlMjBpbXByZXolMjBmaXJtb3d5Y2glMjklM0ElM0MlMkZiJTNFJTIwJTNDYSUyMGhyZWYlM0QlMjJtYWlsdG8lM0FiaXVybyU0MGhvdGVsZ29yemVsYW5ueS5wbCUyMiUzRWJpdXJvJTQwaG90ZWxnb3J6ZWxhbm55LnBsJTNDJTJGYSUzRSUzQ2JyJTJGJTNFJTNDYnIlMkYlM0UlMEElMEElM0NiJTNFNDgtMjY3JTIwSmFybm8lQzUlODJ0JUMzJUIzd2VrJTJDJTIwUG9rcnp5d25hJTIwNzYlM0MlMkZiJTNFJTNDYnIlMkYlM0UlMEElM0NiJTNFRGFuZSUyMEdQUyUzQSUzQyUyRmIlM0UlMjA1MC4yODc3MTI0NCUyQyUyMDE3LjQ2OTY4NTgyJTNDYnIlMkYlM0UlMEElMjAlMjAlMjAlMjAlMjAlMjAlMjAlMjAlMjAlMjAlMjAlMjAlMjAlMjAlMjAlMjAlMjAlMjAlMjAlMjAlMjAlMjAlMjAlMjAlMjAlMjAlMjAlMjAlMjAlMjAlMjAlMjAlMjAlMjAlMjAlMjAlMjAlMjA=[\/vc_raw_html][vc_separator][vc_raw_html]JTNDaDMlM0VEYW5lJTIwZmlybXklM0MlMkZoMyUzRSUwQSUzQ2IlM0VIb3RlbGUlMjBHb3J6ZWxhbm55JTIwU3AuJTIweiUyMG8uby4lMjBTcC5rLiUzQyUyRmIlM0UlM0NiciUyRiUzRSUwQVBva3J6eXduYSUyMDc2JTJDJTIwNDgtMjY3JTIwSmFybm8lQzUlODJ0JUMzJUIzd2VrJTIwJTNDYnIlMkYlM0UlMEFOSVAlM0ElMjA3NTMyNDM3MjczJTNDYnIlMkYlM0UlMEFLUlMlM0ElMjAwMDAwNTYwMDQ1JTNDYnIlMkYlM0UlMEFSRUdPTiUzQSUyMDM2MTU5OTgzMyUzQ2JyJTJGJTNFJTNDYnIlMkYlM0UlMEElMDklMDklMDklMDklMDklMDklMDklMDklMDklMDklMDklMDklMDklMDklMjAlM0NiJTNFQmFuayUyMFBvbHNraWVqJTIwU3AlQzMlQjMlQzUlODJkemllbGN6byVDNSU5QmNpJTIwUy5BLiUzQyUyRmIlM0UlM0NiciUyRiUzRSUwQTk0JTIwMTkzMCUyMDEwMjglMjAyMjQxJTIwMDI2NyUyMDg4MjMlMjAwMDAxJTNDYnIlMkYlM0UlMEElM0NiJTNFS29kJTIwc3dpZnQlM0ElM0MlMkZiJTNFJTIwUE9MVVBMUFI=[\/vc_raw_html][\/vc_column][\/vc_row][vc_row full_width=&#8221;stretch_row_content_no_spaces&#8221; shadow_x_offset=&#8221;0&#8243; shadow_y_offset=&#8221;0&#8243; shadow_blur=&#8221;0&#8243; shadow_spread=&#8221;0&#8243; shadow_color=&#8221;&#8221; css=&#8221;.vc_custom_1528179675214{margin-bottom: -60px !important;}&#8221;][vc_column][stm_spacer height=&#8221;70&#8243; height_tablet=&#8221;50&#8243; height_mobile=&#8221;40&#8243;][vc_gmaps link=&#8221;#E-8_JTNDaWZyYW1lJTIwc3JjJTNEJTIyaHR0cHMlM0ElMkYlMkZ3d3cuZ29vZ2xlLmNvbSUyRm1hcHMlMkZlbWJlZCUzRnBiJTNEJTIxMW0xOCUyMTFtMTIlMjExbTMlMjExZDI1NDkuMjIxNzE4Nzk4NDc5NyUyMTJkMTcuNDY3NDI0MzE2NDQ5Njk0JTIxM2Q1MC4yODc3ODg5Nzk0NTMzNSUyMTJtMyUyMTFmMCUyMTJmMCUyMTNmMCUyMTNtMiUyMTFpMTAyNCUyMTJpNzY4JTIxNGYxMy4xJTIxM20zJTIxMW0yJTIxMXMweDQ3MTE5NDBlMjdlZTQ3OTElMjUzQTB4ZTRlODRiNTJhNzkzZDVlMyUyMTJzSG90ZWwlMjUyMEdvcnplbGFubnklMjE1ZTAlMjEzbTIlMjExc3BsJTIxMnNwbCUyMTR2MTYxNzg3NDg1MDkwMyUyMTVtMiUyMTFzcGwlMjEyc3BsJTIyJTIwd2lkdGglM0QlMjI2MDAlMjIlMjBoZWlnaHQlM0QlMjI0NTAlMjIlMjBzdHlsZSUzRCUyMmJvcmRlciUzQTAlM0IlMjIlMjBhbGxvd2Z1bGxzY3JlZW4lM0QlMjIlMjIlMjBsb2FkaW5nJTNEJTIybGF6eSUyMiUzRSUzQyUyRmlmcmFtZSUzRQ==&#8221;][\/vc_column][\/vc_row]<\/p>\n","protected":false},"excerpt":{"rendered":"<p>[vc_row][vc_column shadow_x_offset=&#8221;0&#8243; shadow_y_offset=&#8221;0&#8243; shadow_blur=&#8221;0&#8243; shadow_spread=&#8221;0&#8243; shadow_color=&#8221;&#8221; css=&#8221;.vc_custom_1603370351179{margin-top: -60px !important;margin-bottom: 60px !important;}&#8221;][\/vc_column][\/vc_row][vc_row shadow_x_offset=&#8221;0&#8243; shadow_y_offset=&#8221;0&#8243; shadow_blur=&#8221;0&#8243; shadow_spread=&#8221;0&#8243; shadow_color=&#8221;&#8221; css=&#8221;.vc_custom_1531906799465{padding-top: 20px !important;}&#8221;][vc_column shadow_x_offset=&#8221;0&#8243; shadow_y_offset=&#8221;0&#8243; shadow_blur=&#8221;0&#8243; shadow_spread=&#8221;0&#8243; offset=&#8221;vc_col-lg-8 vc_col-md-8&#8243;][vc_column_text] Formularz kontaktowy Je\u015bli maj\u0105 Pa\u0144stwo jakiekolwiek pytania dotycz\u0105ce pobytu lub chc\u0105 Pa\u0144stwo zarezerwowa\u0107 termin, zapraszamy do wype\u0142nienia formularza kontaktowego. Odpowiemy jak najszybciej. [\/vc_column_text][vc_message] Administratorem Pa\u0144stwa danych osobowych jest Hotele Gorzelanny [&hellip;]<\/p>\n","protected":false},"author":1,"featured_media":0,"parent":0,"menu_order":0,"comment_status":"closed","ping_status":"closed","template":"","meta":{"om_disable_all_campaigns":false,"footnotes":""},"categories":[],"class_list":["post-168","page","type-page","status-publish","hentry"],"_links":{"self":[{"href":"https:\/\/gorzelanny.pl\/hotel-gorzelanny\/wp-json\/wp\/v2\/pages\/168"}],"collection":[{"href":"https:\/\/gorzelanny.pl\/hotel-gorzelanny\/wp-json\/wp\/v2\/pages"}],"about":[{"href":"https:\/\/gorzelanny.pl\/hotel-gorzelanny\/wp-json\/wp\/v2\/types\/page"}],"author":[{"embeddable":true,"href":"https:\/\/gorzelanny.pl\/hotel-gorzelanny\/wp-json\/wp\/v2\/users\/1"}],"replies":[{"embeddable":true,"href":"https:\/\/gorzelanny.pl\/hotel-gorzelanny\/wp-json\/wp\/v2\/comments?post=168"}],"version-history":[{"count":54,"href":"https:\/\/gorzelanny.pl\/hotel-gorzelanny\/wp-json\/wp\/v2\/pages\/168\/revisions"}],"predecessor-version":[{"id":2735,"href":"https:\/\/gorzelanny.pl\/hotel-gorzelanny\/wp-json\/wp\/v2\/pages\/168\/revisions\/2735"}],"wp:attachment":[{"href":"https:\/\/gorzelanny.pl\/hotel-gorzelanny\/wp-json\/wp\/v2\/media?parent=168"}],"wp:term":[{"taxonomy":"category","embeddable":true,"href":"https:\/\/gorzelanny.pl\/hotel-gorzelanny\/wp-json\/wp\/v2\/categories?post=168"}],"curies":[{"name":"wp","href":"https:\/\/api.w.org\/{rel}","templated":true}]}}