{"id":2231,"date":"2021-04-08T14:22:04","date_gmt":"2021-04-08T12:22:04","guid":{"rendered":"https:\/\/gorzelanny.pl\/hotel-gorzelanny1\/?page_id=2231"},"modified":"2026-01-22T14:45:34","modified_gmt":"2026-01-22T13:45:34","slug":"propozycja-dla-grup","status":"publish","type":"page","link":"https:\/\/gorzelanny.pl\/hotel-gorzelanny\/propozycja-dla-grup\/","title":{"rendered":"PROPOZYCJA DLA GRUP"},"content":{"rendered":"<p>[vc_row][vc_column][vc_column_text]<\/p>\n<blockquote><p><strong>Hotel Gorzelanny<\/strong> dla grup zorganizowanych (grupa od 25 os\u00f3b) przygotowa\u0142 specjaln\u0105 ofert\u0119.<\/p><\/blockquote>\n<p>[\/vc_column_text][vc_message]Nocleg <strong>180z\u0142\/os. w Hotelu Gorzelanny**** lub 150z\u0142\/os. w Hotelu Carina. <\/strong>W cenie noclegu \u015bniadanie w formie bufetu szwedzkiego oraz mo\u017cliwo\u015b\u0107 korzystania z basenu, sauny suchej, \u0142a\u017ani parowej oraz s\u0142onecznej \u0142\u0105czki.[\/vc_message][vc_column_text]<\/p>\n<blockquote><p>W celu ustalenia szczeg\u00f3\u0142\u00f3w prosimy o kontakt\u00a0<a href=\"mailto:biuro@hotelgorzelanny.pl\"><b>biuro@hotelgorzelanny.pl<\/b><\/a>\u00a0lub telefonicznie\u00a0<b>tel. 77 333 00 08.<\/b><\/p><\/blockquote>\n<p>[\/vc_column_text][vc_btn title=&#8221;KLIKNIJ ABY POBRA\u0106 SZCZEG\u00d3\u0141OW\u0104 OFERT\u0118&#8221; align=&#8221;center&#8221; link=&#8221;url:https%3A%2F%2Fgorzelanny.pl%2FDLAFIRM-2025-GORZELANNY.pdf|target:_blank&#8221;][vc_empty_space height=&#8221;300px&#8221;][\/vc_column][\/vc_row]<\/p>\n","protected":false},"excerpt":{"rendered":"<p>[vc_row][vc_column][vc_column_text] Hotel Gorzelanny dla grup zorganizowanych (grupa od 25 os\u00f3b) przygotowa\u0142 specjaln\u0105 ofert\u0119. [\/vc_column_text][vc_message]Nocleg 180z\u0142\/os. w Hotelu Gorzelanny**** lub 150z\u0142\/os. w Hotelu Carina. W cenie noclegu \u015bniadanie w formie bufetu szwedzkiego oraz mo\u017cliwo\u015b\u0107 korzystania z basenu, sauny suchej, \u0142a\u017ani parowej oraz s\u0142onecznej \u0142\u0105czki.[\/vc_message][vc_column_text] W celu ustalenia szczeg\u00f3\u0142\u00f3w prosimy o kontakt\u00a0biuro@hotelgorzelanny.pl\u00a0lub telefonicznie\u00a0tel. 77 333 00 08. [&hellip;]<\/p>\n","protected":false},"author":1,"featured_media":1849,"parent":0,"menu_order":7,"comment_status":"closed","ping_status":"closed","template":"","meta":{"om_disable_all_campaigns":false,"footnotes":""},"categories":[43],"class_list":["post-2231","page","type-page","status-publish","has-post-thumbnail","hentry","category-oferta_specjalna"],"_links":{"self":[{"href":"https:\/\/gorzelanny.pl\/hotel-gorzelanny\/wp-json\/wp\/v2\/pages\/2231"}],"collection":[{"href":"https:\/\/gorzelanny.pl\/hotel-gorzelanny\/wp-json\/wp\/v2\/pages"}],"about":[{"href":"https:\/\/gorzelanny.pl\/hotel-gorzelanny\/wp-json\/wp\/v2\/types\/page"}],"author":[{"embeddable":true,"href":"https:\/\/gorzelanny.pl\/hotel-gorzelanny\/wp-json\/wp\/v2\/users\/1"}],"replies":[{"embeddable":true,"href":"https:\/\/gorzelanny.pl\/hotel-gorzelanny\/wp-json\/wp\/v2\/comments?post=2231"}],"version-history":[{"count":14,"href":"https:\/\/gorzelanny.pl\/hotel-gorzelanny\/wp-json\/wp\/v2\/pages\/2231\/revisions"}],"predecessor-version":[{"id":3336,"href":"https:\/\/gorzelanny.pl\/hotel-gorzelanny\/wp-json\/wp\/v2\/pages\/2231\/revisions\/3336"}],"wp:featuredmedia":[{"embeddable":true,"href":"https:\/\/gorzelanny.pl\/hotel-gorzelanny\/wp-json\/wp\/v2\/media\/1849"}],"wp:attachment":[{"href":"https:\/\/gorzelanny.pl\/hotel-gorzelanny\/wp-json\/wp\/v2\/media?parent=2231"}],"wp:term":[{"taxonomy":"category","embeddable":true,"href":"https:\/\/gorzelanny.pl\/hotel-gorzelanny\/wp-json\/wp\/v2\/categories?post=2231"}],"curies":[{"name":"wp","href":"https:\/\/api.w.org\/{rel}","templated":true}]}}