{"id":2315,"date":"2021-04-09T11:53:13","date_gmt":"2021-04-09T09:53:13","guid":{"rendered":"https:\/\/gorzelanny.pl\/hotel-gorzelanny1\/?page_id=2315"},"modified":"2025-02-07T09:14:52","modified_gmt":"2025-02-07T08:14:52","slug":"imprezy-integracyjne","status":"publish","type":"page","link":"https:\/\/gorzelanny.pl\/hotel-gorzelanny\/imprezy-integracyjne\/","title":{"rendered":"Imprezy integracyjne"},"content":{"rendered":"<p>[vc_row][vc_column parallax=&#8221;content-moving&#8221; shadow_x_offset=&#8221;0&#8243; shadow_y_offset=&#8221;0&#8243; shadow_blur=&#8221;0&#8243; shadow_spread=&#8221;0&#8243; shadow_color=&#8221;&#8221;][vc_column_text]<\/p>\n<blockquote>\n<p style=\"text-align: center;\">\ud83c\udfd4\ufe0f\ud83c\udf32 <strong>Zapraszamy do G\u00f3r Opawskich na niezapomniane imprezy firmowe integracyjne!<\/strong> \ud83c\udf32\ud83c\udfd4\ufe0f<\/p>\n<p style=\"text-align: center;\">Je\u015bli szukasz idealnego miejsca do wzmocnienia wi\u0119zi w zespole i prze\u017cycia wyj\u0105tkowych chwil na \u0142onie natury, imprezy integracyjne w Hotelach Gorzelanny s\u0105 strza\u0142em w dziesi\u0105tk\u0119! \ud83c\udfaf\ud83c\udf1f<\/p>\n<\/blockquote>\n<p>[\/vc_column_text][vc_column_text]<\/p>\n<blockquote>\n<p style=\"text-align: center;\">Nasze imprezy firmowe to nie tylko atrakcje, ale tak\u017ce doskona\u0142a okazja do zacie\u015bniania relacji w zespole, budowania zaufania i wsp\u00f3lnej motywacji do dzia\u0142ania. \ud83d\ude80\ud83e\udd1d<\/p>\n<\/blockquote>\n<p>[\/vc_column_text][vc_column_text]<\/p>\n<blockquote>\n<p style=\"text-align: center;\">Zapewniamy pe\u0142n\u0105 organizacj\u0119 i opiek\u0119 nad ka\u017cdym uczestnikiem, aby\u015bcie mogli skupi\u0107 si\u0119 na czerpaniu rado\u015bci z pobytu w G\u00f3rach Opawskich. Do\u0142\u0105cz do nas i odkryj, jak wiele mo\u017cemy zaoferowa\u0107 Twojej firmie! \ud83c\udf1f<\/p>\n<\/blockquote>\n<p>[\/vc_column_text][vc_separator color=&#8221;blue&#8221; style=&#8221;dotted&#8221; border_width=&#8221;3&#8243;][vc_column_text]<strong>Oferujemy wiele atrakcji, m.in:<\/strong><\/p>\n<ul>\n<li>\ud83e\uddd7 <strong>Park linowy<\/strong> \u2013 niezapomniana przygoda na wysoko\u015bciach!<\/li>\n<li>\ud83c\udfca <strong>Basen<\/strong> \u2013 relaks i odrobina luksusu po dniu pe\u0142nym aktywno\u015bci.<\/li>\n<li>\ud83c\udfb3 <strong>Kr\u0119gielnia<\/strong> \u2013 \u015bwietna zabawa i rywalizacja dla ca\u0142ej ekipy.<\/li>\n<li>\ud83d\udc86\u200d\u2640\ufe0f <strong>Spa<\/strong> \u2013 chwila wytchnienia i regeneracji w strefie wellness.<\/li>\n<li>\ud83c\udfa8 <strong>Paintball<\/strong> \u2013 emocjonuj\u0105ca rozgrywka i \u015bwietna zabawa na \u015bwie\u017cym powietrzu.<\/li>\n<\/ul>\n<p>[\/vc_column_text][vc_column_text]<strong>Organizujemy:<\/strong><\/p>\n<ul>\n<li>\ud83e\udd1d Imprezy integracyjne<\/li>\n<li>\ud83c\udfe2 Imprezy firmowe<\/li>\n<li>\ud83e\udde9 Team building<\/li>\n<li>\ud83c\udf33 Pikniki<\/li>\n<li>\ud83c\udf03 Wieczory tematyczne<\/li>\n<\/ul>\n<p>[\/vc_column_text][vc_column_text]<strong>Oferujemy:<\/strong><\/p>\n<ul>\n<li>\ud83e\udd4b Kompletne wyposa\u017cenie zawodnik\u00f3w<\/li>\n<li>\ud83d\udccb Szkolenie, ubezpieczenie<\/li>\n<li>\ud83d\udcb8 Atrakcyjne ceny<\/li>\n<li>\ud83e\uddfe Faktur\u0119 VAT<\/li>\n<\/ul>\n<p>[\/vc_column_text][vc_btn title=&#8221;KLIKNIJ ABY POBRA\u0106 SZCZEG\u00d3\u0141OW\u0104 OFERT\u0118&#8221; color=&#8221;mulled-wine&#8221; size=&#8221;lg&#8221; align=&#8221;center&#8221; i_icon_fontawesome=&#8221;far fa-file-pdf&#8221; button_block=&#8221;true&#8221; add_icon=&#8221;true&#8221; link=&#8221;url:http%3A%2F%2Fgorzelanny.pl%2FDLAFIRM-2025-GORZELANNY.pdf|target:_blank&#8221;][stm_spacer height=&#8221;60&#8243;][vc_text_separator title=&#8221;IMPREZY INTEGRACYJNE &#8211; JAKIE ATRAKCJE OFERUJEMY?&#8221; border_width=&#8221;3&#8243;][stm_spacer height=&#8221;20&#8243;][vc_column_text]<\/p>\n<h4 class=\"h3-body-title\"><span style=\"color: #800000;\"><img loading=\"lazy\" decoding=\"async\" class=\"aligncenter wp-image-2462 size-full\" src=\"https:\/\/gorzelanny.pl\/hotel-gorzelanny\/wp-content\/uploads\/2021\/11\/parklinowy.jpg\" alt=\"\" width=\"470\" height=\"182\" srcset=\"https:\/\/gorzelanny.pl\/hotel-gorzelanny\/wp-content\/uploads\/2021\/11\/parklinowy.jpg 470w, https:\/\/gorzelanny.pl\/hotel-gorzelanny\/wp-content\/uploads\/2021\/11\/parklinowy-300x116.jpg 300w\" sizes=\"(max-width: 470px) 100vw, 470px\" \/><\/span><\/h4>\n<h4 class=\"h3-body-title\"><span style=\"color: #800000;\">PARK LINOWY<\/span><\/h4>\n<p>Parki linowe to wspania\u0142a forma sp\u0119dzania wolnego czasu wywodz\u0105ca si\u0119 z Francji. Uczestnicy program\u00f3w linowych ucz\u0105 si\u0119 opanowania, odpowiedzialno\u015bci, technik utrzymania r\u00f3wnowagi oraz prze\u0142amuj\u0105 barier\u0119 leku wysoko\u015bci czy strachu. Park linowy to wysoko\u015bciowy system platform i przeszk\u00f3d linowych zainstalowanych na drzewach lub palach. Bawi\u0107 si\u0119 tu mog\u0105 zar\u00f3wno osoby doros\u0142e, jak i dzieci od 8 roku \u017cycia o minimalnym wzro\u015bcie 130 cm.<\/p>\n<p>Ju\u017c od kwietnia czekaj\u0105 na Was stacje sk\u0142adaj\u0105ce si\u0119 z most\u00f3w, k\u0142adek, belek, p\u0119tli, siatek i r\u00f3\u017cnego rodzaju zjazd\u00f3w: na drabince, trapezie czy na deskorolce dodatkowo atrakcje Big Swing oraz przejazd na linie nad K\u0105pieliskiem Le\u015bnym &#8211; 200 m. Przygotujemy odpowiedni program, dzi\u0119ki kt\u00f3remu Twoi pracownicy poznaj\u0105 swoje mocne strony, stan\u0105 si\u0119 du\u017co bardziej zgrani, intensywnie wypoczn\u0105 i ze zdwojon\u0105 si\u0142\u0105 powr\u00f3c\u0105 do swych obowi\u0105zk\u00f3w.<\/p>\n<p>Nasz park budowany jest wed\u0142ug mi\u0119dzynarodowych zasad i standard\u00f3w wyznaczonych przez \u015bwiatow\u0105 organizacj\u0119 ACCT (Ropes Course Construction Standards, 2004).<\/p>\n<div class=\"divider stripe-5\">\n<hr \/>\n<hr \/>\n<\/div>\n<h4 class=\"h3-body-title\"><span style=\"color: #800000;\"><img loading=\"lazy\" decoding=\"async\" class=\"aligncenter wp-image-2459 size-full\" src=\"https:\/\/gorzelanny.pl\/hotel-gorzelanny\/wp-content\/uploads\/2021\/11\/basen.jpg\" alt=\"\" width=\"470\" height=\"182\" srcset=\"https:\/\/gorzelanny.pl\/hotel-gorzelanny\/wp-content\/uploads\/2021\/11\/basen.jpg 470w, https:\/\/gorzelanny.pl\/hotel-gorzelanny\/wp-content\/uploads\/2021\/11\/basen-300x116.jpg 300w\" sizes=\"(max-width: 470px) 100vw, 470px\" \/><\/span><\/h4>\n<h4 class=\"h3-body-title\"><span style=\"color: #800000;\">BASEN W HOTELU GORZELANNY<\/span><\/h4>\n<p>Podczas pobytu w Hotelu Gorzelanny maj\u0105 Pa\u0144stwo mo\u017cliwo\u015b\u0107 korzystania z basenu, sauny suchej, \u0142a\u017ani parowej oraz Jacuzzi z 50% zni\u017ck\u0105 &#8211; 10z\u0142\/os\/h<\/p>\n<div class=\"divider stripe-5\">\n<hr \/>\n<hr \/>\n<\/div>\n<h4 class=\"h3-body-title\"><span style=\"color: #800000;\"><img loading=\"lazy\" decoding=\"async\" class=\"size-full wp-image-2460 aligncenter\" src=\"https:\/\/gorzelanny.pl\/hotel-gorzelanny\/wp-content\/uploads\/2021\/11\/kregielnia.jpg\" alt=\"\" width=\"470\" height=\"182\" srcset=\"https:\/\/gorzelanny.pl\/hotel-gorzelanny\/wp-content\/uploads\/2021\/11\/kregielnia.jpg 470w, https:\/\/gorzelanny.pl\/hotel-gorzelanny\/wp-content\/uploads\/2021\/11\/kregielnia-300x116.jpg 300w\" sizes=\"(max-width: 470px) 100vw, 470px\" \/><\/span><\/h4>\n<h4 class=\"h3-body-title\"><span style=\"color: #800000;\">KR\u0118GIELNIA W HOTELU GORZELANNY<\/span><\/h4>\n<p>Zapraszamy na profesjonaln\u0105 i nowoczesn\u0105 4 torow\u0105 kr\u0119gielni\u0119 wraz z barem nocnymi i dyskotek\u0105 dla 250 os\u00f3b. To \u015bwietne miejsce do zabawy i rywalizacji, spr\u00f3bowania w\u0142asnych si\u0142 w grze w kr\u0119gle. Chcesz zintegrowa\u0107 zesp\u00f3\u0142, mi\u0142o sp\u0119dzi\u0107 czas, spr\u00f3bowa\u0107 swoich si\u0142 w emocjonuj\u0105cych rozgrywkach bowlingu? Organizujemy turnieje bowlingowe po\u0142\u0105czone z integracj\u0105 dla grup zorganizowanych.<\/p>\n<div class=\"divider stripe-5\">\n<hr \/>\n<hr \/>\n<\/div>\n<h4 class=\"h3-body-title\"><span style=\"color: #800000;\"><img loading=\"lazy\" decoding=\"async\" class=\"size-full wp-image-2464 aligncenter\" src=\"https:\/\/gorzelanny.pl\/hotel-gorzelanny\/wp-content\/uploads\/2021\/11\/yasumi.jpg\" alt=\"\" width=\"470\" height=\"182\" srcset=\"https:\/\/gorzelanny.pl\/hotel-gorzelanny\/wp-content\/uploads\/2021\/11\/yasumi.jpg 470w, https:\/\/gorzelanny.pl\/hotel-gorzelanny\/wp-content\/uploads\/2021\/11\/yasumi-300x116.jpg 300w\" sizes=\"(max-width: 470px) 100vw, 470px\" \/><\/span><\/h4>\n<h4 class=\"h3-body-title\"><span style=\"color: #800000;\">INSTYTUT ZDROWIA I URODY GORZELANNY<\/span><\/h4>\n<p>SPA w Hotelu Gorzelanny to kraina harmonii i ukojenia w p\u0119dz\u0105cej rzeczywisto\u015bci. Ekskluzywne miejsce, w kt\u00f3rym zatrzymuj\u0105 si\u0119 wskaz\u00f3wki zegara, a stres i problemy przestaj\u0105 mie\u0107 znaczenie. Oferta naszego spa przygotowana jest z my\u015bl\u0105 o Go\u015bciach Hotelu, o ludziach biznesu, dla kt\u00f3rych odpoczynek ducha i cia\u0142a jest niezb\u0119dny do nabrania energii oraz oddalenia si\u0119 od rzeczy przyziemnych.<\/p>\n<div class=\"divider stripe-5\">\n<hr \/>\n<\/div>\n<hr \/>\n<h4 class=\"h3-body-title\"><span style=\"color: #800000;\"><img loading=\"lazy\" decoding=\"async\" class=\"size-full wp-image-2461 aligncenter\" src=\"https:\/\/gorzelanny.pl\/hotel-gorzelanny\/wp-content\/uploads\/2021\/11\/paintball.jpg\" alt=\"\" width=\"470\" height=\"182\" srcset=\"https:\/\/gorzelanny.pl\/hotel-gorzelanny\/wp-content\/uploads\/2021\/11\/paintball.jpg 470w, https:\/\/gorzelanny.pl\/hotel-gorzelanny\/wp-content\/uploads\/2021\/11\/paintball-300x116.jpg 300w\" sizes=\"(max-width: 470px) 100vw, 470px\" \/><\/span><\/h4>\n<h4 class=\"h3-body-title\"><span style=\"color: #800000;\">PAINTBALL<\/span><\/h4>\n<p>Mamy zaszczyt zaprosi\u0107 Pa\u0144stwa do wzi\u0119cia udzia\u0142u w organizowanych przez nas imprezach paintballowych. Paintball to sport polegaj\u0105cy na strzelaniu \u017celatynowymi kulkami wype\u0142nionymi farb\u0105 ze specjalnie przygotowanych do tego celu marker\u00f3w (karabink\u00f3w). Uczestnicy zabawy podzieleni na zespo\u0142y maj\u0105 do wykonania rozmaite misje i zadania. Niebagatelne znaczenie w czasie rozgrywki ma wsp\u00f3\u0142praca mi\u0119dzy cz\u0142onkami dru\u017cyny i ich zdolno\u015bci przyw\u00f3dcze. Dlatego ju\u017c od momentu powstania paintballu jest on wykorzystywany przez firmy na ca\u0142ym \u015bwiecie jako narz\u0119dzie integracji kadry pracowniczej. Jest to tak\u017ce \u015bwietny spos\u00f3b na odreagowanie stresu i oderwanie si\u0119 od codzienno\u015bci.<\/p>\n<p>Paintball jest sportem uprawianym przez ludzi dowolnej profesji i stylu \u017cycia . Jest sportem , w kt\u00f3rym kobiety i m\u0119\u017cczy\u017ani rywalizuj\u0105 na r\u00f3wni , a wiek nie odgrywa \u017cadnej roli. Inteligencja, szybko\u015b\u0107 my\u015blenia, zdecydowanie i determinacja, a nie si\u0142a, pr\u0119dko\u015b\u0107, czy zwinno\u015b\u0107 s\u0105 kluczowymi czynnikami sukcesu.<\/p>\n<p>Przygotowujemy ca\u0142e zaplecze techniczne i organizacyjne tak aby nie musieli si\u0119 Pa\u0144stwo niczym martwi\u0107 podczas imprezy, lecz m\u00f3c w 100% korzysta\u0107 z proponowanych atrakcji.<\/p>\n<p><b>Cennik:<\/b><br \/>\nPaintball &#8211; 60 z\u0142\/osoba\/100 kul[\/vc_column_text][\/vc_column][\/vc_row]<\/p>\n","protected":false},"excerpt":{"rendered":"<p>[vc_row][vc_column parallax=&#8221;content-moving&#8221; shadow_x_offset=&#8221;0&#8243; shadow_y_offset=&#8221;0&#8243; shadow_blur=&#8221;0&#8243; shadow_spread=&#8221;0&#8243; shadow_color=&#8221;&#8221;][vc_column_text] \ud83c\udfd4\ufe0f\ud83c\udf32 Zapraszamy do G\u00f3r Opawskich na niezapomniane imprezy firmowe integracyjne! \ud83c\udf32\ud83c\udfd4\ufe0f Je\u015bli szukasz idealnego miejsca do wzmocnienia wi\u0119zi w zespole i prze\u017cycia wyj\u0105tkowych chwil na \u0142onie natury, imprezy integracyjne w Hotelach Gorzelanny s\u0105 strza\u0142em w dziesi\u0105tk\u0119! \ud83c\udfaf\ud83c\udf1f [\/vc_column_text][vc_column_text] Nasze imprezy firmowe to nie tylko atrakcje, ale tak\u017ce doskona\u0142a [&hellip;]<\/p>\n","protected":false},"author":1,"featured_media":0,"parent":0,"menu_order":0,"comment_status":"closed","ping_status":"closed","template":"","meta":{"om_disable_all_campaigns":false,"footnotes":""},"categories":[],"class_list":["post-2315","page","type-page","status-publish","hentry"],"_links":{"self":[{"href":"https:\/\/gorzelanny.pl\/hotel-gorzelanny\/wp-json\/wp\/v2\/pages\/2315"}],"collection":[{"href":"https:\/\/gorzelanny.pl\/hotel-gorzelanny\/wp-json\/wp\/v2\/pages"}],"about":[{"href":"https:\/\/gorzelanny.pl\/hotel-gorzelanny\/wp-json\/wp\/v2\/types\/page"}],"author":[{"embeddable":true,"href":"https:\/\/gorzelanny.pl\/hotel-gorzelanny\/wp-json\/wp\/v2\/users\/1"}],"replies":[{"embeddable":true,"href":"https:\/\/gorzelanny.pl\/hotel-gorzelanny\/wp-json\/wp\/v2\/comments?post=2315"}],"version-history":[{"count":25,"href":"https:\/\/gorzelanny.pl\/hotel-gorzelanny\/wp-json\/wp\/v2\/pages\/2315\/revisions"}],"predecessor-version":[{"id":3327,"href":"https:\/\/gorzelanny.pl\/hotel-gorzelanny\/wp-json\/wp\/v2\/pages\/2315\/revisions\/3327"}],"wp:attachment":[{"href":"https:\/\/gorzelanny.pl\/hotel-gorzelanny\/wp-json\/wp\/v2\/media?parent=2315"}],"wp:term":[{"taxonomy":"category","embeddable":true,"href":"https:\/\/gorzelanny.pl\/hotel-gorzelanny\/wp-json\/wp\/v2\/categories?post=2315"}],"curies":[{"name":"wp","href":"https:\/\/api.w.org\/{rel}","templated":true}]}}