{"id":2693,"date":"2023-03-16T10:57:20","date_gmt":"2023-03-16T09:57:20","guid":{"rendered":"https:\/\/gorzelanny.pl\/hotel-gorzelanny\/?page_id=2693"},"modified":"2026-04-06T23:34:00","modified_gmt":"2026-04-06T21:34:00","slug":"wielkanoc","status":"publish","type":"page","link":"https:\/\/gorzelanny.pl\/hotel-gorzelanny\/wielkanoc\/","title":{"rendered":"RODZINNE \u015aWI\u0118TA WIELKANOCNE"},"content":{"rendered":"<p>[vc_row][vc_column parallax=&#8221;content-moving&#8221; shadow_x_offset=&#8221;0&#8243; shadow_y_offset=&#8221;0&#8243; shadow_blur=&#8221;0&#8243; shadow_spread=&#8221;0&#8243; shadow_color=&#8221;&#8221;][vc_tta_accordion shape=&#8221;square&#8221; color=&#8221;orange&#8221; c_align=&#8221;center&#8221; c_icon=&#8221;&#8221; active_section=&#8221;&#8221;][vc_tta_section i_icon_fontawesome=&#8221;stmicon-hotel&#8221; add_icon=&#8221;true&#8221; title=&#8221;KLIKNIJ I ZAREZERWUJ POBYT&#8221; tab_id=&#8221;1607808799803-b36afb86-776e&#8221;]<div class=\"wpforms-container wpforms-container-full wpforms-render-modern\" id=\"wpforms-2721\"><form id=\"wpforms-form-2721\" class=\"wpforms-validate wpforms-form wpforms-ajax-form\" data-formid=\"2721\" method=\"post\" enctype=\"multipart\/form-data\" action=\"\/hotel-gorzelanny\/wp-json\/wp\/v2\/pages\/2693\" data-token=\"ccf97a926be35cc9fdc6a7f65a36e2f4\"><noscript class=\"wpforms-error-noscript\">Aby wype\u0142ni\u0107 ten formularz, w\u0142\u0105cz obs\u0142ug\u0119 JavaScript w przegl\u0105darce.<\/noscript><div class=\"wpforms-hidden\" id=\"wpforms-error-noscript\">Aby wype\u0142ni\u0107 ten formularz, w\u0142\u0105cz obs\u0142ug\u0119 JavaScript w przegl\u0105darce.<\/div><div class=\"wpforms-field-container\"><div id=\"wpforms-2721-field_0-container\" class=\"wpforms-field wpforms-field-name\" data-field-id=\"0\"><fieldset><legend class=\"wpforms-field-label\">Imi\u0119 i nazwisko <span class=\"wpforms-required-label\" aria-hidden=\"true\">*<\/span><\/legend><div class=\"wpforms-field-row wpforms-field-medium\"><div class=\"wpforms-field-row-block wpforms-first wpforms-one-half\"><input type=\"text\" id=\"wpforms-2721-field_0\" class=\"wpforms-field-name-first wpforms-field-required\" name=\"wpforms[fields][0][first]\" aria-errormessage=\"wpforms-2721-field_0-error\" required><label for=\"wpforms-2721-field_0\" class=\"wpforms-field-sublabel after \">Imi\u0119<\/label><\/div><div class=\"wpforms-field-row-block wpforms-one-half\"><input type=\"text\" id=\"wpforms-2721-field_0-last\" class=\"wpforms-field-name-last wpforms-field-required\" name=\"wpforms[fields][0][last]\" aria-errormessage=\"wpforms-2721-field_0-last-error\" required><label for=\"wpforms-2721-field_0-last\" class=\"wpforms-field-sublabel after \">Nazwisko<\/label><\/div><\/div><\/fieldset><\/div><div id=\"wpforms-2721-field_1-container\" class=\"wpforms-field wpforms-field-email\" data-field-id=\"1\"><label class=\"wpforms-field-label\" for=\"wpforms-2721-field_1\">E-mail <span class=\"wpforms-required-label\" aria-hidden=\"true\">*<\/span><\/label><input type=\"email\" id=\"wpforms-2721-field_1\" class=\"wpforms-field-medium wpforms-field-required\" name=\"wpforms[fields][1]\" spellcheck=\"false\" aria-errormessage=\"wpforms-2721-field_1-error\" required><\/div><div id=\"wpforms-2721-field_3-container\" class=\"wpforms-field wpforms-field-checkbox\" data-field-id=\"3\"><fieldset><legend class=\"wpforms-field-label\">Wybierz ofert\u0119 specjaln\u0105 <span class=\"wpforms-required-label\" aria-hidden=\"true\">*<\/span><\/legend><ul id=\"wpforms-2721-field_3\" class=\"wpforms-field-required\" data-choice-limit=\"1\"><li class=\"choice-1 depth-1\"><input type=\"checkbox\" id=\"wpforms-2721-field_3_1\" data-rule-check-limit=\"true\" name=\"wpforms[fields][3][]\" value=\"Wakacje All Inclusive\" aria-errormessage=\"wpforms-2721-field_3_1-error\" required ><label class=\"wpforms-field-label-inline\" for=\"wpforms-2721-field_3_1\">Wakacje All Inclusive<\/label><\/li><li class=\"choice-2 depth-1\"><input type=\"checkbox\" id=\"wpforms-2721-field_3_2\" data-rule-check-limit=\"true\" name=\"wpforms[fields][3][]\" value=\"Wycieczki dla szk\u00f3\u0142\" aria-errormessage=\"wpforms-2721-field_3_2-error\" required ><label class=\"wpforms-field-label-inline\" for=\"wpforms-2721-field_3_2\">Wycieczki dla szk\u00f3\u0142<\/label><\/li><li class=\"choice-3 depth-1\"><input type=\"checkbox\" id=\"wpforms-2721-field_3_3\" data-rule-check-limit=\"true\" name=\"wpforms[fields][3][]\" value=\"Pobyty narciarskie\" aria-errormessage=\"wpforms-2721-field_3_3-error\" required ><label class=\"wpforms-field-label-inline\" for=\"wpforms-2721-field_3_3\">Pobyty narciarskie<\/label><\/li><li class=\"choice-4 depth-1\"><input type=\"checkbox\" id=\"wpforms-2721-field_3_4\" data-rule-check-limit=\"true\" name=\"wpforms[fields][3][]\" value=\"Wielkanoc w g\u00f3rach\" aria-errormessage=\"wpforms-2721-field_3_4-error\" required ><label class=\"wpforms-field-label-inline\" for=\"wpforms-2721-field_3_4\">Wielkanoc w g\u00f3rach<\/label><\/li><li class=\"choice-5 depth-1\"><input type=\"checkbox\" id=\"wpforms-2721-field_3_5\" data-rule-check-limit=\"true\" name=\"wpforms[fields][3][]\" value=\"\u015awi\u0119ta Bo\u017cego Narodzenia w g\u00f3rach\" aria-errormessage=\"wpforms-2721-field_3_5-error\" required ><label class=\"wpforms-field-label-inline\" for=\"wpforms-2721-field_3_5\">\u015awi\u0119ta Bo\u017cego Narodzenia w g\u00f3rach<\/label><\/li><li class=\"choice-7 depth-1\"><input type=\"checkbox\" id=\"wpforms-2721-field_3_7\" data-rule-check-limit=\"true\" name=\"wpforms[fields][3][]\" value=\"Wypoczynek 5-dniowy\" aria-errormessage=\"wpforms-2721-field_3_7-error\" required ><label class=\"wpforms-field-label-inline\" for=\"wpforms-2721-field_3_7\">Wypoczynek 5-dniowy<\/label><\/li><li class=\"choice-6 depth-1\"><input type=\"checkbox\" id=\"wpforms-2721-field_3_6\" data-rule-check-limit=\"true\" name=\"wpforms[fields][3][]\" value=\"Inne\" aria-errormessage=\"wpforms-2721-field_3_6-error\" required ><label class=\"wpforms-field-label-inline\" for=\"wpforms-2721-field_3_6\">Inne<\/label><\/li><\/ul><\/fieldset><\/div><div id=\"wpforms-2721-field_2-container\" class=\"wpforms-field wpforms-field-textarea\" data-field-id=\"2\"><label class=\"wpforms-field-label\" for=\"wpforms-2721-field_2\">Tre\u015b\u0107 zapytania (prosz\u0119 okre\u015bli\u0107 termin, ilo\u015b\u0107 os\u00f3b doros\u0142ych i dzieci) <span class=\"wpforms-required-label\" aria-hidden=\"true\">*<\/span><\/label><textarea id=\"wpforms-2721-field_2\" class=\"wpforms-field-medium wpforms-field-required\" name=\"wpforms[fields][2]\" aria-errormessage=\"wpforms-2721-field_2-error\" required><\/textarea><\/div><\/div><!-- .wpforms-field-container --><div class=\"wpforms-submit-container\" ><input type=\"hidden\" name=\"wpforms[id]\" value=\"2721\"><input type=\"hidden\" name=\"wpforms[author]\" value=\"1\"><button type=\"submit\" name=\"wpforms[submit]\" id=\"wpforms-submit-2721\" class=\"wpforms-submit\" data-alt-text=\"Wysy\u0142anie...\" data-submit-text=\"Prze\u015blij\" aria-live=\"assertive\" value=\"wpforms-submit\">Prze\u015blij<\/button><img loading=\"lazy\" decoding=\"async\" src=\"https:\/\/gorzelanny.pl\/hotel-gorzelanny\/wp-content\/plugins\/wpforms-lite\/assets\/images\/submit-spin.svg\" class=\"wpforms-submit-spinner\" style=\"display: none;\" width=\"26\" height=\"26\" alt=\"Wczytywanie\"><\/div><\/form><\/div>  <!-- .wpforms-container -->[\/vc_tta_section][\/vc_tta_accordion][\/vc_column][\/vc_row][vc_row][vc_column][vc_empty_space][vc_column_text]<\/p>\n<p style=\"text-align: center;\">\ud83c\udf04\ud83c\udf3f <strong>Zapraszamy Pa\u0144stwa do sp\u0119dzenia tegorocznych \u015awi\u0105t Wielkanocnych w magicznej scenerii g\u00f3r!<\/strong> \ud83c\udf3f\ud83c\udf04<\/p>\n<p style=\"text-align: center;\">W naszym <strong>Hotelu Gorzelanny<\/strong> i <strong>Hotelu Carina<\/strong> znajdziecie idealne miejsce na sp\u0119dzenie tych wyj\u0105tkowych chwil z rodzin\u0105. Oferujemy niezapomniane do\u015bwiadczenia, kt\u00f3re po\u0142\u0105cz\u0105 tradycj\u0119 z nowoczesnym komfortem.<\/p>\n<p style=\"text-align: center;\">\ud83e\udd5a\ud83c\udf38 <strong>Przygotowali\u015bmy dla Pa\u0144stwa program \u015bwi\u0105teczny, w tym tradycyjne wielkanocne posi\u0142ki, spacery po malowniczych szlakach oraz wiele innych atrakcji.<\/strong> \ud83c\udf38\ud83e\udd5a Nasze komfortowe pokoje z widokiem na pi\u0119kno natury zapewni\u0105 Pa\u0144stwu spok\u00f3j i relaks, a przyjazna atmosfera sprawi, \u017ce poczujecie si\u0119 jak w domu.<\/p>\n<p style=\"text-align: center;\">\ud83d\udc68\u200d\ud83d\udc69\u200d\ud83d\udc67\u200d\ud83d\udc66\ud83c\udf08 <strong>Prze\u017cyjcie z nami niezapomniane \u015awi\u0119ta Wielkanocne, pe\u0142ne rado\u015bci, blisko\u015bci i harmonii z natur\u0105!<\/strong> \ud83c\udf08\ud83d\udc68\u200d\ud83d\udc69\u200d\ud83d\udc67\u200d\ud83d\udc66<\/p>\n<p>[\/vc_column_text][vc_empty_space][\/vc_column][\/vc_row][vc_row][vc_column][vc_media_grid element_width=&#8221;3&#8243; grid_id=&#8221;vc_gid:1775043233658-547e0a43-252b-8&#8243; include=&#8221;2416,2588,2446,3045&#8243;][\/vc_column][\/vc_row][vc_row][vc_column][vc_separator color=&#8221;green&#8221; style=&#8221;dotted&#8221; border_width=&#8221;3&#8243;][\/vc_column][\/vc_row][vc_row][vc_column][stm_spacer height=&#8221;30&#8243;][vc_column_text]<\/p>\n<h3><strong>W ramach oferty All Inclusive:<\/strong><\/h3>\n<ul>\n<li><span style=\"font-size: large;\">3 noclegi w komfortowo wyposa\u017conych pokojach standard<\/span><\/li>\n<li><span style=\"font-size: large;\">W niedziele Wielkanocn\u0105, \u015bwi\u0105teczne \u015bniadanie i obiadokolacja<\/span><\/li>\n<li><span style=\"font-size: large;\">codziennie \u015bniadania, obiadokolacje w formie bufetu szwedzkiego dla ka\u017cdej z os\u00f3b<\/span><\/li>\n<li><span style=\"font-size: large;\">Open Bar: w godz. 16:00\u201420:00<\/span><\/li>\n<li><span style=\"font-size: large;\">1 godzina gry w kr\u0119gle na pok\u00f3j<\/span><\/li>\n<li><span style=\"font-size: large;\">korzystanie z basenu wewn\u0119trznego, jacuzzi, brodzika dla dzieci,<\/span><\/li>\n<li><span style=\"font-size: large;\">Dost\u0119p do Parku Rozrywki i Edukacji Rosenau (Zaginione Miasto) \u2013 uzale\u017cnione od warunk\u00f3w atmosferycznych<\/span><\/li>\n<\/ul>\n<p>[\/vc_column_text][stm_spacer height=&#8221;30&#8243;][vc_message icon_fontawesome=&#8221;fas fa-utensils&#8221;]<\/p>\n<div data-canvas-width=\"577.1946666666665\">\n<p style=\"text-align: center;\" align=\"LEFT\"><b>W dniu przyjazdu Pobyt rozpoczyna si\u0119 obiadokolacj\u0105 16:00-19:00 , <\/b><b>a ko\u0144czy si\u0119 \u015bniadaniem\u00a0 8:00-10:00<\/b><\/p>\n<\/div>\n<p>[\/vc_message][stm_spacer height=&#8221;30&#8243;][\/vc_column][\/vc_row][vc_row][vc_column][vc_media_grid element_width=&#8221;3&#8243; grid_id=&#8221;vc_gid:1775043233660-4e546a53-77d3-9&#8243; include=&#8221;3247,3248,3249,3250,3251,3252,3253,3254&#8243;][\/vc_column][\/vc_row][vc_row shadow_x_offset=&#8221;0&#8243; shadow_y_offset=&#8221;0&#8243; shadow_blur=&#8221;0&#8243; shadow_spread=&#8221;0&#8243; shadow_color=&#8221;&#8221; css=&#8221;.vc_custom_1771936711750{background-color: #ffda21 !important;border-radius: 10px !important;}&#8221;][vc_column width=&#8221;1\/4&#8243;][vc_single_image image=&#8221;3573&#8243; img_size=&#8221;full&#8221; alignment=&#8221;center&#8221; style=&#8221;vc_box_border_circle_2&#8243;][\/vc_column][vc_column width=&#8221;3\/4&#8243;][vc_column_text]<\/p>\n<h3><b>NOWO\u015a\u0106 W NASZEJ OFERCIE DLA NAJM\u0141ODSZYCH<\/b><\/h3>\n<p>[\/vc_column_text][vc_column_text]Trzykondygnacyjny, zadaszony plac zabaw <strong>Rosenau PlayZone \u2013 trampoliny, zje\u017cd\u017calnie i zabawa bez granic<\/strong> \ud83c\udf89 to nowoczesna, pe\u0142na energii przestrze\u0144 stworzona z my\u015bl\u0105 o dzieciach w r\u00f3\u017cnym wieku. Wielopoziomowa i zadaszona konstrukcja zapewniaj\u0105ca aktywn\u0105 rozrywk\u0119 niezale\u017cnie od pogody \ud83c\udf26\ufe0f. To miejsce, w kt\u00f3rym ruch spotyka si\u0119 z kreatywno\u015bci\u0105, a zabawa naprawd\u0119 nie ma ko\u0144ca \ud83d\ude80.<\/p>\n<p>Wkr\u00f3tce dodamy wi\u0119cej szczeg\u00f3\u0142\u00f3w oraz zdj\u0119cia \ud83d\udcf8, aby jeszcze lepiej pokaza\u0107, co czeka na odwiedzaj\u0105cych.[\/vc_column_text][\/vc_column][\/vc_row][vc_row disable_element=&#8221;yes&#8221; shadow_x_offset=&#8221;0&#8243; shadow_y_offset=&#8221;0&#8243; shadow_blur=&#8221;0&#8243; shadow_spread=&#8221;0&#8243;][vc_column width=&#8221;1\/2&#8243;][vc_message message_box_color=&#8221;orange&#8221; icon_fontawesome=&#8221;fas fa-coins&#8221;]<\/p>\n<div data-canvas-width=\"577.1946666666665\">\n<h3>\ud83c\udfe8 Hotel Gorzelanny****<\/h3>\n<h3>\ud83d\uddd3\ufe0f<span style=\"font-size: 16px;\"> 4 dni (3 noce) &#8211; <\/span><strong style=\"font-size: 16px;\">2700 z\u0142\/2 os.<\/strong> \ud83d\udcb8<\/h3>\n<hr \/>\n<h3>\ud83d\udc76 Dzieci do lat 3 &#8211; <strong>gratis<\/strong> \ud83c\udf81<\/h3>\n<h3>\ud83e\uddd2 Dzieci 3-10 lat &#8211; <strong>50% ceny<\/strong>\ud83e\uddd2<\/h3>\n<p><img loading=\"lazy\" decoding=\"async\" class=\"aligncenter wp-image-2416 size-full\" src=\"https:\/\/gorzelanny.pl\/hotel-gorzelanny\/wp-content\/uploads\/2021\/04\/P1266657-Edit-1.jpg\" alt=\"Hotel Gorzelanny park wodny\" width=\"1600\" height=\"1200\" srcset=\"https:\/\/gorzelanny.pl\/hotel-gorzelanny\/wp-content\/uploads\/2021\/04\/P1266657-Edit-1.jpg 1600w, https:\/\/gorzelanny.pl\/hotel-gorzelanny\/wp-content\/uploads\/2021\/04\/P1266657-Edit-1-300x225.jpg 300w, https:\/\/gorzelanny.pl\/hotel-gorzelanny\/wp-content\/uploads\/2021\/04\/P1266657-Edit-1-1024x768.jpg 1024w, https:\/\/gorzelanny.pl\/hotel-gorzelanny\/wp-content\/uploads\/2021\/04\/P1266657-Edit-1-768x576.jpg 768w, https:\/\/gorzelanny.pl\/hotel-gorzelanny\/wp-content\/uploads\/2021\/04\/P1266657-Edit-1-1536x1152.jpg 1536w, https:\/\/gorzelanny.pl\/hotel-gorzelanny\/wp-content\/uploads\/2021\/04\/P1266657-Edit-1-2048x1536.jpg 2048w\" sizes=\"(max-width: 1600px) 100vw, 1600px\" \/><\/p>\n<\/div>\n<p>[\/vc_message][\/vc_column][vc_column width=&#8221;1\/2&#8243;][vc_message message_box_color=&#8221;orange&#8221; icon_fontawesome=&#8221;fas fa-coins&#8221;]<\/p>\n<div data-canvas-width=\"577.1946666666665\">\n<h3>\ud83c\udfe8 Hotel Carina***<\/h3>\n<h3>\ud83d\uddd3\ufe0f<span style=\"font-size: 16px;\"> 4 dni (3 noce) &#8211; <\/span><strong style=\"font-size: 16px;\">2400 z\u0142\/2 os.<\/strong> \ud83d\udcb5<\/h3>\n<hr \/>\n<h3>\ud83d\udc76 Dzieci do lat 3 &#8211; <strong>gratis<\/strong> \ud83c\udf81<\/h3>\n<h3>\ud83e\uddd2 Dzieci 3-10 lat &#8211; <strong>50% ceny<\/strong>\ud83e\uddd2<\/h3>\n<p><img loading=\"lazy\" decoding=\"async\" class=\"aligncenter wp-image-2588 size-full\" src=\"https:\/\/gorzelanny.pl\/hotel-gorzelanny\/wp-content\/uploads\/2022\/06\/DSC_8014.jpg\" alt=\"\" width=\"2400\" height=\"1600\" srcset=\"https:\/\/gorzelanny.pl\/hotel-gorzelanny\/wp-content\/uploads\/2022\/06\/DSC_8014.jpg 2400w, https:\/\/gorzelanny.pl\/hotel-gorzelanny\/wp-content\/uploads\/2022\/06\/DSC_8014-300x200.jpg 300w, https:\/\/gorzelanny.pl\/hotel-gorzelanny\/wp-content\/uploads\/2022\/06\/DSC_8014-1024x683.jpg 1024w, https:\/\/gorzelanny.pl\/hotel-gorzelanny\/wp-content\/uploads\/2022\/06\/DSC_8014-768x512.jpg 768w, https:\/\/gorzelanny.pl\/hotel-gorzelanny\/wp-content\/uploads\/2022\/06\/DSC_8014-1536x1024.jpg 1536w, https:\/\/gorzelanny.pl\/hotel-gorzelanny\/wp-content\/uploads\/2022\/06\/DSC_8014-2048x1365.jpg 2048w, https:\/\/gorzelanny.pl\/hotel-gorzelanny\/wp-content\/uploads\/2022\/06\/DSC_8014-450x300.jpg 450w\" sizes=\"(max-width: 2400px) 100vw, 2400px\" \/><\/p>\n<\/div>\n<p>[\/vc_message][\/vc_column][\/vc_row][vc_row content_placement=&#8221;middle&#8221; shadow_x_offset=&#8221;0&#8243; shadow_y_offset=&#8221;0&#8243; shadow_blur=&#8221;0&#8243; shadow_spread=&#8221;0&#8243;][vc_column width=&#8221;1\/6&#8243;][\/vc_column][vc_column width=&#8221;2\/3&#8243;][stm_spacer height=&#8221;60&#8243;][vc_cta h2=&#8221;Masz pytanie? Napisz lub zadzwo\u0144 do nas!&#8221; h4=&#8221;Znajdziemy dla Ciebie idealne rozwi\u0105zanie!&#8221; txt_align=&#8221;center&#8221; shape=&#8221;square&#8221; style=&#8221;3d&#8221; add_icon=&#8221;left&#8221; i_icon_fontawesome=&#8221;far fa-id-card&#8221; i_color=&#8221;chino&#8221;]<a href=\"mailto:info@hotelgorzelanny.pl\">info@hotelgorzelanny.pl<\/a> \u00a0\u00a0|\u00a0\u00a0 <a href=\"tel::00881328081\">tel. 881 328 081<\/a>[\/vc_cta][\/vc_column][vc_column width=&#8221;1\/6&#8243;][\/vc_column][\/vc_row][vc_column][\/vc_column]<\/p>\n","protected":false},"excerpt":{"rendered":"<p>[vc_row][vc_column parallax=&#8221;content-moving&#8221; shadow_x_offset=&#8221;0&#8243; shadow_y_offset=&#8221;0&#8243; shadow_blur=&#8221;0&#8243; shadow_spread=&#8221;0&#8243; shadow_color=&#8221;&#8221;][vc_tta_accordion shape=&#8221;square&#8221; color=&#8221;orange&#8221; c_align=&#8221;center&#8221; c_icon=&#8221;&#8221; active_section=&#8221;&#8221;][vc_tta_section i_icon_fontawesome=&#8221;stmicon-hotel&#8221; add_icon=&#8221;true&#8221; title=&#8221;KLIKNIJ I ZAREZERWUJ POBYT&#8221; tab_id=&#8221;1607808799803-b36afb86-776e&#8221;][\/vc_tta_section][\/vc_tta_accordion][\/vc_column][\/vc_row][vc_row][vc_column][vc_empty_space][vc_column_text] \ud83c\udf04\ud83c\udf3f Zapraszamy Pa\u0144stwa do sp\u0119dzenia tegorocznych \u015awi\u0105t Wielkanocnych w magicznej scenerii g\u00f3r! \ud83c\udf3f\ud83c\udf04 W naszym Hotelu Gorzelanny i Hotelu Carina znajdziecie idealne miejsce na sp\u0119dzenie tych wyj\u0105tkowych chwil z rodzin\u0105. Oferujemy niezapomniane do\u015bwiadczenia, kt\u00f3re po\u0142\u0105cz\u0105 tradycj\u0119 [&hellip;]<\/p>\n","protected":false},"author":1,"featured_media":3586,"parent":0,"menu_order":1,"comment_status":"closed","ping_status":"closed","template":"","meta":{"om_disable_all_campaigns":false,"footnotes":""},"categories":[],"class_list":["post-2693","page","type-page","status-publish","has-post-thumbnail","hentry"],"_links":{"self":[{"href":"https:\/\/gorzelanny.pl\/hotel-gorzelanny\/wp-json\/wp\/v2\/pages\/2693"}],"collection":[{"href":"https:\/\/gorzelanny.pl\/hotel-gorzelanny\/wp-json\/wp\/v2\/pages"}],"about":[{"href":"https:\/\/gorzelanny.pl\/hotel-gorzelanny\/wp-json\/wp\/v2\/types\/page"}],"author":[{"embeddable":true,"href":"https:\/\/gorzelanny.pl\/hotel-gorzelanny\/wp-json\/wp\/v2\/users\/1"}],"replies":[{"embeddable":true,"href":"https:\/\/gorzelanny.pl\/hotel-gorzelanny\/wp-json\/wp\/v2\/comments?post=2693"}],"version-history":[{"count":52,"href":"https:\/\/gorzelanny.pl\/hotel-gorzelanny\/wp-json\/wp\/v2\/pages\/2693\/revisions"}],"predecessor-version":[{"id":3674,"href":"https:\/\/gorzelanny.pl\/hotel-gorzelanny\/wp-json\/wp\/v2\/pages\/2693\/revisions\/3674"}],"wp:featuredmedia":[{"embeddable":true,"href":"https:\/\/gorzelanny.pl\/hotel-gorzelanny\/wp-json\/wp\/v2\/media\/3586"}],"wp:attachment":[{"href":"https:\/\/gorzelanny.pl\/hotel-gorzelanny\/wp-json\/wp\/v2\/media?parent=2693"}],"wp:term":[{"taxonomy":"category","embeddable":true,"href":"https:\/\/gorzelanny.pl\/hotel-gorzelanny\/wp-json\/wp\/v2\/categories?post=2693"}],"curies":[{"name":"wp","href":"https:\/\/api.w.org\/{rel}","templated":true}]}}