{"id":2698,"date":"2023-03-16T11:12:43","date_gmt":"2023-03-16T10:12:43","guid":{"rendered":"https:\/\/gorzelanny.pl\/hotel-gorzelanny\/?page_id=2698"},"modified":"2026-03-27T11:40:14","modified_gmt":"2026-03-27T10:40:14","slug":"majowka-w-gorach","status":"publish","type":"page","link":"https:\/\/gorzelanny.pl\/hotel-gorzelanny\/majowka-w-gorach\/","title":{"rendered":"MAJ\u00d3WKA W G\u00d3RACH"},"content":{"rendered":"<p>[vc_row][vc_column parallax=&#8221;content-moving&#8221; shadow_x_offset=&#8221;0&#8243; shadow_y_offset=&#8221;0&#8243; shadow_blur=&#8221;0&#8243; shadow_spread=&#8221;0&#8243; shadow_color=&#8221;&#8221;][vc_tta_accordion shape=&#8221;square&#8221; color=&#8221;orange&#8221; c_align=&#8221;center&#8221; c_icon=&#8221;&#8221; active_section=&#8221;&#8221;][vc_tta_section i_icon_fontawesome=&#8221;stmicon-hotel&#8221; add_icon=&#8221;true&#8221; title=&#8221;KLIKNIJ I ZAREZERWUJ POBYT&#8221; tab_id=&#8221;1607808799803-b36afb86-776e&#8221;]<div class=\"wpforms-container wpforms-container-full wpforms-render-modern\" id=\"wpforms-2721\"><form id=\"wpforms-form-2721\" class=\"wpforms-validate wpforms-form wpforms-ajax-form\" data-formid=\"2721\" method=\"post\" enctype=\"multipart\/form-data\" action=\"\/hotel-gorzelanny\/wp-json\/wp\/v2\/pages\/2698\" data-token=\"a68e1df238835eaaecd5341161a856b5\"><noscript class=\"wpforms-error-noscript\">Aby wype\u0142ni\u0107 ten formularz, w\u0142\u0105cz obs\u0142ug\u0119 JavaScript w przegl\u0105darce.<\/noscript><div class=\"wpforms-hidden\" id=\"wpforms-error-noscript\">Aby wype\u0142ni\u0107 ten formularz, w\u0142\u0105cz obs\u0142ug\u0119 JavaScript w przegl\u0105darce.<\/div><div class=\"wpforms-field-container\"><div id=\"wpforms-2721-field_0-container\" class=\"wpforms-field wpforms-field-name\" data-field-id=\"0\"><fieldset><legend class=\"wpforms-field-label\">Imi\u0119 i nazwisko <span class=\"wpforms-required-label\" aria-hidden=\"true\">*<\/span><\/legend><div class=\"wpforms-field-row wpforms-field-medium\"><div class=\"wpforms-field-row-block wpforms-first wpforms-one-half\"><input type=\"text\" id=\"wpforms-2721-field_0\" class=\"wpforms-field-name-first wpforms-field-required\" name=\"wpforms[fields][0][first]\" aria-errormessage=\"wpforms-2721-field_0-error\" required><label for=\"wpforms-2721-field_0\" class=\"wpforms-field-sublabel after \">Imi\u0119<\/label><\/div><div class=\"wpforms-field-row-block wpforms-one-half\"><input type=\"text\" id=\"wpforms-2721-field_0-last\" class=\"wpforms-field-name-last wpforms-field-required\" name=\"wpforms[fields][0][last]\" aria-errormessage=\"wpforms-2721-field_0-last-error\" required><label for=\"wpforms-2721-field_0-last\" class=\"wpforms-field-sublabel after \">Nazwisko<\/label><\/div><\/div><\/fieldset><\/div><div id=\"wpforms-2721-field_1-container\" class=\"wpforms-field wpforms-field-email\" data-field-id=\"1\"><label class=\"wpforms-field-label\" for=\"wpforms-2721-field_1\">E-mail <span class=\"wpforms-required-label\" aria-hidden=\"true\">*<\/span><\/label><input type=\"email\" id=\"wpforms-2721-field_1\" class=\"wpforms-field-medium wpforms-field-required\" name=\"wpforms[fields][1]\" spellcheck=\"false\" aria-errormessage=\"wpforms-2721-field_1-error\" required><\/div><div id=\"wpforms-2721-field_3-container\" class=\"wpforms-field wpforms-field-checkbox\" data-field-id=\"3\"><fieldset><legend class=\"wpforms-field-label\">Wybierz ofert\u0119 specjaln\u0105 <span class=\"wpforms-required-label\" aria-hidden=\"true\">*<\/span><\/legend><ul id=\"wpforms-2721-field_3\" class=\"wpforms-field-required\" data-choice-limit=\"1\"><li class=\"choice-1 depth-1\"><input type=\"checkbox\" id=\"wpforms-2721-field_3_1\" data-rule-check-limit=\"true\" name=\"wpforms[fields][3][]\" value=\"Wakacje All Inclusive\" aria-errormessage=\"wpforms-2721-field_3_1-error\" required ><label class=\"wpforms-field-label-inline\" for=\"wpforms-2721-field_3_1\">Wakacje All Inclusive<\/label><\/li><li class=\"choice-2 depth-1\"><input type=\"checkbox\" id=\"wpforms-2721-field_3_2\" data-rule-check-limit=\"true\" name=\"wpforms[fields][3][]\" value=\"Wycieczki dla szk\u00f3\u0142\" aria-errormessage=\"wpforms-2721-field_3_2-error\" required ><label class=\"wpforms-field-label-inline\" for=\"wpforms-2721-field_3_2\">Wycieczki dla szk\u00f3\u0142<\/label><\/li><li class=\"choice-3 depth-1\"><input type=\"checkbox\" id=\"wpforms-2721-field_3_3\" data-rule-check-limit=\"true\" name=\"wpforms[fields][3][]\" value=\"Pobyty narciarskie\" aria-errormessage=\"wpforms-2721-field_3_3-error\" required ><label class=\"wpforms-field-label-inline\" for=\"wpforms-2721-field_3_3\">Pobyty narciarskie<\/label><\/li><li class=\"choice-4 depth-1\"><input type=\"checkbox\" id=\"wpforms-2721-field_3_4\" data-rule-check-limit=\"true\" name=\"wpforms[fields][3][]\" value=\"Wielkanoc w g\u00f3rach\" aria-errormessage=\"wpforms-2721-field_3_4-error\" required ><label class=\"wpforms-field-label-inline\" for=\"wpforms-2721-field_3_4\">Wielkanoc w g\u00f3rach<\/label><\/li><li class=\"choice-5 depth-1\"><input type=\"checkbox\" id=\"wpforms-2721-field_3_5\" data-rule-check-limit=\"true\" name=\"wpforms[fields][3][]\" value=\"\u015awi\u0119ta Bo\u017cego Narodzenia w g\u00f3rach\" aria-errormessage=\"wpforms-2721-field_3_5-error\" required ><label class=\"wpforms-field-label-inline\" for=\"wpforms-2721-field_3_5\">\u015awi\u0119ta Bo\u017cego Narodzenia w g\u00f3rach<\/label><\/li><li class=\"choice-7 depth-1\"><input type=\"checkbox\" id=\"wpforms-2721-field_3_7\" data-rule-check-limit=\"true\" name=\"wpforms[fields][3][]\" value=\"Wypoczynek 5-dniowy\" aria-errormessage=\"wpforms-2721-field_3_7-error\" required ><label class=\"wpforms-field-label-inline\" for=\"wpforms-2721-field_3_7\">Wypoczynek 5-dniowy<\/label><\/li><li class=\"choice-6 depth-1\"><input type=\"checkbox\" id=\"wpforms-2721-field_3_6\" data-rule-check-limit=\"true\" name=\"wpforms[fields][3][]\" value=\"Inne\" aria-errormessage=\"wpforms-2721-field_3_6-error\" required ><label class=\"wpforms-field-label-inline\" for=\"wpforms-2721-field_3_6\">Inne<\/label><\/li><\/ul><\/fieldset><\/div><div id=\"wpforms-2721-field_2-container\" class=\"wpforms-field wpforms-field-textarea\" data-field-id=\"2\"><label class=\"wpforms-field-label\" for=\"wpforms-2721-field_2\">Tre\u015b\u0107 zapytania (prosz\u0119 okre\u015bli\u0107 termin, ilo\u015b\u0107 os\u00f3b doros\u0142ych i dzieci) <span class=\"wpforms-required-label\" aria-hidden=\"true\">*<\/span><\/label><textarea id=\"wpforms-2721-field_2\" class=\"wpforms-field-medium wpforms-field-required\" name=\"wpforms[fields][2]\" aria-errormessage=\"wpforms-2721-field_2-error\" required><\/textarea><\/div><\/div><!-- .wpforms-field-container --><div class=\"wpforms-submit-container\" ><input type=\"hidden\" name=\"wpforms[id]\" value=\"2721\"><input type=\"hidden\" name=\"wpforms[author]\" value=\"1\"><button type=\"submit\" name=\"wpforms[submit]\" id=\"wpforms-submit-2721\" class=\"wpforms-submit\" data-alt-text=\"Wysy\u0142anie...\" data-submit-text=\"Prze\u015blij\" aria-live=\"assertive\" value=\"wpforms-submit\">Prze\u015blij<\/button><img loading=\"lazy\" decoding=\"async\" src=\"https:\/\/gorzelanny.pl\/hotel-gorzelanny\/wp-content\/plugins\/wpforms-lite\/assets\/images\/submit-spin.svg\" class=\"wpforms-submit-spinner\" style=\"display: none;\" width=\"26\" height=\"26\" alt=\"Wczytywanie\"><\/div><\/form><\/div>  <!-- .wpforms-container -->[\/vc_tta_section][\/vc_tta_accordion][\/vc_column][\/vc_row][vc_row][vc_column][vc_empty_space][vc_custom_heading text=&#8221;Maj\u00f3wka w G\u00f3rach Opawskich \u2013 odpoczynek, kt\u00f3ry pokochaj\u0105 i dzieci, i doro\u015bli! \ud83c\udf32\ud83c\udfd4\ufe0f\u2728&#8221; font_container=&#8221;tag:h3|text_align:center&#8221;][vc_empty_space][\/vc_column][\/vc_row][vc_row][vc_column width=&#8221;2\/3&#8243;][vc_column_text]<\/p>\n<p style=\"text-align: center;\">Szukasz miejsca, gdzie dzieci szalej\u0105 z rado\u015bci \ud83e\udd38\u200d\u2642\ufe0f\ud83c\udf89, a Ty mo\u017cesz odpocz\u0105\u0107 z drinkiem w r\u0119ku? \ud83c\udf79\ud83d\ude0e Znajdziesz nas u podn\u00f3\u017ca Biskupiej Kopy \ud83c\udfd4\ufe0f, w otoczeniu las\u00f3w \ud83c\udf32\ud83c\udf33 i tu\u017c nad le\u015bnym jeziorkiem \ud83c\udf0a\u2728!<\/p>\n<p style=\"text-align: center;\">\ud83c\udf3a\ud83c\udf04 <strong>Zapraszamy Pa\u0144stwa do sp\u0119dzenia d\u0142ugiego weekendu majowego w malowniczej scenerii G\u00f3r Opawskich!<\/strong> \ud83c\udf04\ud83c\udf3a Nasz Hotel Gorzelanny i Carina oferuje wyj\u0105tkow\u0105 okazj\u0119, aby cieszy\u0107 si\u0119 wiosenn\u0105 aur\u0105, \u015bwie\u017cym powietrzem i licznymi szlakami g\u00f3rskimi. Z dala od zgie\u0142ku miasta, odnajdziecie spok\u00f3j i relaks, a jednocze\u015bnie mn\u00f3stwo atrakcji, kt\u00f3re sprawi\u0105, \u017ce maj\u00f3wka stanie si\u0119 niezapomnianym prze\u017cyciem.<\/p>\n<p style=\"text-align: center;\">\ud83c\udf33\ud83c\udf3c <strong>W naszym programie znajdziecie mi\u0119dzy innymi spacery po urokliwych szlakach, rowerowe wycieczki <\/strong>\ud83c\udf3c\ud83c\udf33 Oferujemy komfortowe pokoje z widokiem na jeziorko lub las, a nasza kuchnia serwuje pyszne, lokalne potrawy.<\/p>\n<p>[\/vc_column_text][\/vc_column][vc_column width=&#8221;1\/3&#8243;][vc_single_image image=&#8221;2416&#8243; img_size=&#8221;full&#8221; alignment=&#8221;center&#8221; style=&#8221;vc_box_border_circle_2&#8243;][\/vc_column][\/vc_row][vc_row][vc_column][vc_separator color=&#8221;green&#8221; style=&#8221;dotted&#8221; border_width=&#8221;3&#8243;][\/vc_column][\/vc_row][vc_row][vc_column][vc_media_grid element_width=&#8221;3&#8243; grid_id=&#8221;vc_gid:1774607980258-844fc101-f575-8&#8243; include=&#8221;1941,2445,1933,2880&#8243;][\/vc_column][\/vc_row][vc_row][vc_column][stm_spacer height=&#8221;30&#8243;][vc_column_text]<\/p>\n<h3><strong>Dlaczego warto wybra\u0107 nasz\u0105 ofert\u0119?<\/strong><\/h3>\n<p>\u2705 <strong data-start=\"399\" data-end=\"419\">Pe\u0142ne wy\u017cywienie<\/strong> \u2013 aromatyczne \u015bniadania i pyszne obiadokolacje w cenie \ud83c\udf7d\ufe0f<br data-start=\"478\" data-end=\"481\" \/>\u2705 <strong data-start=\"483\" data-end=\"508\">Relaks bez ogranicze\u0144<\/strong> \u2013 Open Bar dla doros\u0142ych, a dla dzieci ich ulubione napoje \ud83e\udd64<br data-start=\"570\" data-end=\"573\" \/>\u2705 <strong data-start=\"575\" data-end=\"600\">Strefa wodnej rado\u015bci<\/strong> \u2013 basen, sauny i jacuzzi dla pe\u0142nego odpr\u0119\u017cenia \ud83d\udca6<br data-start=\"651\" data-end=\"654\" \/>\u2705 <strong data-start=\"656\" data-end=\"686\">Atrakcje dla ca\u0142ej rodziny<\/strong> \u2013 kr\u0119gle, boiska sportowe, trampoliny i ma\u0142pi gaj \ud83c\udfb3\u26bd[\/vc_column_text][stm_spacer height=&#8221;30&#8243;][vc_message icon_fontawesome=&#8221;far fa-smile-beam&#8221;]<\/p>\n<p style=\"text-align: center;\"><strong>Pogoda nam niestraszna! Dysponujemy wielkim, 3-poziomowym placem zabaw pod dachem.<\/strong><\/p>\n<p>[\/vc_message][stm_spacer height=&#8221;30&#8243;][vc_column_text]<\/p>\n<div dir=\"auto\"><strong>Atrakcyjne ceny:<\/strong><\/div>\n<div dir=\"auto\"><img decoding=\"async\" class=\"an1\" draggable=\"false\" src=\"https:\/\/fonts.gstatic.com\/s\/e\/notoemoji\/17.0\/1f4b0\/32.png\" alt=\"\ud83d\udcb0\" data-emoji=\"\ud83d\udcb0\" aria-label=\"\ud83d\udcb0\" \/> Doro\u015bli: 450 z\u0142\/os.\/doba<\/div>\n<div dir=\"auto\"><img decoding=\"async\" class=\"an1\" draggable=\"false\" src=\"https:\/\/fonts.gstatic.com\/s\/e\/notoemoji\/17.0\/1f4b0\/32.png\" alt=\"\ud83d\udcb0\" data-emoji=\"\ud83d\udcb0\" aria-label=\"\ud83d\udcb0\" \/>\u00a0Dzieci 3-12 lat: 200 z\u0142\/doba<\/div>\n<div dir=\"auto\"><img decoding=\"async\" class=\"an1\" draggable=\"false\" src=\"https:\/\/fonts.gstatic.com\/s\/e\/notoemoji\/17.0\/1f476\/32.png\" alt=\"\ud83d\udc76\" data-emoji=\"\ud83d\udc76\" aria-label=\"\ud83d\udc76\" \/>\u00a0Maluchy do lat 3: GRATIS!<\/div>\n<p>[\/vc_column_text][stm_spacer height=&#8221;30&#8243;][vc_custom_heading text=&#8221;Zarezerwuj sw\u00f3j termin ju\u017c dzi\u015b i sp\u0119d\u017a maj\u00f3wk\u0119 blisko natury!&#8221; font_container=&#8221;tag:h3|text_align:center&#8221;][stm_spacer height=&#8221;30&#8243;][\/vc_column][\/vc_row][vc_row shadow_x_offset=&#8221;0&#8243; shadow_y_offset=&#8221;0&#8243; shadow_blur=&#8221;0&#8243; shadow_spread=&#8221;0&#8243; shadow_color=&#8221;&#8221; css=&#8221;.vc_custom_1771936711750{background-color: #ffda21 !important;border-radius: 10px !important;}&#8221;][vc_column width=&#8221;1\/4&#8243;][vc_single_image image=&#8221;3573&#8243; img_size=&#8221;full&#8221; alignment=&#8221;center&#8221; style=&#8221;vc_box_border_circle_2&#8243;][\/vc_column][vc_column width=&#8221;3\/4&#8243;][vc_column_text]<\/p>\n<h3><b>NOWO\u015a\u0106 W NASZEJ OFERCIE DLA NAJM\u0141ODSZYCH<\/b><\/h3>\n<p>[\/vc_column_text][vc_column_text]Trzykondygnacyjny, zadaszony plac zabaw <strong>Rosenau PlayZone \u2013 trampoliny, zje\u017cd\u017calnie i zabawa bez granic<\/strong> \ud83c\udf89 to nowoczesna, pe\u0142na energii przestrze\u0144 stworzona z my\u015bl\u0105 o dzieciach w r\u00f3\u017cnym wieku. Wielopoziomowa i zadaszona konstrukcja zapewniaj\u0105ca aktywn\u0105 rozrywk\u0119 niezale\u017cnie od pogody \ud83c\udf26\ufe0f. To miejsce, w kt\u00f3rym ruch spotyka si\u0119 z kreatywno\u015bci\u0105, a zabawa naprawd\u0119 nie ma ko\u0144ca \ud83d\ude80.<\/p>\n<p>Wkr\u00f3tce dodamy wi\u0119cej szczeg\u00f3\u0142\u00f3w oraz zdj\u0119cia \ud83d\udcf8, aby jeszcze lepiej pokaza\u0107, co czeka na odwiedzaj\u0105cych.[\/vc_column_text][\/vc_column][\/vc_row][vc_row content_placement=&#8221;middle&#8221; shadow_x_offset=&#8221;0&#8243; shadow_y_offset=&#8221;0&#8243; shadow_blur=&#8221;0&#8243; shadow_spread=&#8221;0&#8243;][vc_column width=&#8221;1\/6&#8243;][\/vc_column][vc_column width=&#8221;2\/3&#8243;][stm_spacer height=&#8221;60&#8243;][vc_cta h2=&#8221;Masz pytanie? Napisz lub zadzwo\u0144 do nas!&#8221; h4=&#8221;Znajdziemy dla Ciebie idealne rozwi\u0105zanie!&#8221; txt_align=&#8221;center&#8221; shape=&#8221;square&#8221; style=&#8221;3d&#8221; add_icon=&#8221;left&#8221; i_icon_fontawesome=&#8221;far fa-id-card&#8221; i_color=&#8221;chino&#8221;]<a href=\"mailto:info@hotelgorzelanny.pl\">info@hotelgorzelanny.pl<\/a> \u00a0\u00a0|\u00a0\u00a0 <a href=\"tel::00881328081\">tel. 881 328 081<\/a>[\/vc_cta][\/vc_column][vc_column width=&#8221;1\/6&#8243;][\/vc_column][\/vc_row][vc_column][\/vc_column]<\/p>\n","protected":false},"excerpt":{"rendered":"<p>[vc_row][vc_column parallax=&#8221;content-moving&#8221; shadow_x_offset=&#8221;0&#8243; shadow_y_offset=&#8221;0&#8243; shadow_blur=&#8221;0&#8243; shadow_spread=&#8221;0&#8243; shadow_color=&#8221;&#8221;][vc_tta_accordion shape=&#8221;square&#8221; color=&#8221;orange&#8221; c_align=&#8221;center&#8221; c_icon=&#8221;&#8221; active_section=&#8221;&#8221;][vc_tta_section i_icon_fontawesome=&#8221;stmicon-hotel&#8221; add_icon=&#8221;true&#8221; title=&#8221;KLIKNIJ I ZAREZERWUJ POBYT&#8221; tab_id=&#8221;1607808799803-b36afb86-776e&#8221;][\/vc_tta_section][\/vc_tta_accordion][\/vc_column][\/vc_row][vc_row][vc_column][vc_empty_space][vc_custom_heading text=&#8221;Maj\u00f3wka w G\u00f3rach Opawskich \u2013 odpoczynek, kt\u00f3ry pokochaj\u0105 i dzieci, i doro\u015bli! \ud83c\udf32\ud83c\udfd4\ufe0f\u2728&#8221; font_container=&#8221;tag:h3|text_align:center&#8221;][vc_empty_space][\/vc_column][\/vc_row][vc_row][vc_column width=&#8221;2\/3&#8243;][vc_column_text] Szukasz miejsca, gdzie dzieci szalej\u0105 z rado\u015bci \ud83e\udd38\u200d\u2642\ufe0f\ud83c\udf89, a Ty mo\u017cesz odpocz\u0105\u0107 z drinkiem w r\u0119ku? \ud83c\udf79\ud83d\ude0e Znajdziesz nas u podn\u00f3\u017ca [&hellip;]<\/p>\n","protected":false},"author":1,"featured_media":3155,"parent":0,"menu_order":2,"comment_status":"closed","ping_status":"closed","template":"","meta":{"om_disable_all_campaigns":false,"footnotes":""},"categories":[43],"class_list":["post-2698","page","type-page","status-publish","has-post-thumbnail","hentry","category-oferta_specjalna"],"_links":{"self":[{"href":"https:\/\/gorzelanny.pl\/hotel-gorzelanny\/wp-json\/wp\/v2\/pages\/2698"}],"collection":[{"href":"https:\/\/gorzelanny.pl\/hotel-gorzelanny\/wp-json\/wp\/v2\/pages"}],"about":[{"href":"https:\/\/gorzelanny.pl\/hotel-gorzelanny\/wp-json\/wp\/v2\/types\/page"}],"author":[{"embeddable":true,"href":"https:\/\/gorzelanny.pl\/hotel-gorzelanny\/wp-json\/wp\/v2\/users\/1"}],"replies":[{"embeddable":true,"href":"https:\/\/gorzelanny.pl\/hotel-gorzelanny\/wp-json\/wp\/v2\/comments?post=2698"}],"version-history":[{"count":33,"href":"https:\/\/gorzelanny.pl\/hotel-gorzelanny\/wp-json\/wp\/v2\/pages\/2698\/revisions"}],"predecessor-version":[{"id":3672,"href":"https:\/\/gorzelanny.pl\/hotel-gorzelanny\/wp-json\/wp\/v2\/pages\/2698\/revisions\/3672"}],"wp:featuredmedia":[{"embeddable":true,"href":"https:\/\/gorzelanny.pl\/hotel-gorzelanny\/wp-json\/wp\/v2\/media\/3155"}],"wp:attachment":[{"href":"https:\/\/gorzelanny.pl\/hotel-gorzelanny\/wp-json\/wp\/v2\/media?parent=2698"}],"wp:term":[{"taxonomy":"category","embeddable":true,"href":"https:\/\/gorzelanny.pl\/hotel-gorzelanny\/wp-json\/wp\/v2\/categories?post=2698"}],"curies":[{"name":"wp","href":"https:\/\/api.w.org\/{rel}","templated":true}]}}