{"id":2810,"date":"2023-10-20T14:18:04","date_gmt":"2023-10-20T12:18:04","guid":{"rendered":"https:\/\/gorzelanny.pl\/hotel-gorzelanny\/?page_id=2810"},"modified":"2026-03-23T10:34:27","modified_gmt":"2026-03-23T09:34:27","slug":"pakiet-senior","status":"publish","type":"page","link":"https:\/\/gorzelanny.pl\/hotel-gorzelanny\/pakiet-senior\/","title":{"rendered":"PAKIET SENIOR"},"content":{"rendered":"<p>[vc_row][vc_column parallax=&#8221;content-moving&#8221; shadow_x_offset=&#8221;0&#8243; shadow_y_offset=&#8221;0&#8243; shadow_blur=&#8221;0&#8243; shadow_spread=&#8221;0&#8243; shadow_color=&#8221;&#8221;][vc_tta_accordion color=&#8221;purple&#8221; c_align=&#8221;center&#8221; c_icon=&#8221;&#8221; active_section=&#8221;&#8221;][vc_tta_section i_icon_fontawesome=&#8221;stmicon-hotel&#8221; add_icon=&#8221;true&#8221; title=&#8221;KLIKNIJ I ZAREZERWUJ POBYT&#8221; tab_id=&#8221;1607808799803-b36afb86-776e&#8221;]<div class=\"wpforms-container wpforms-container-full wpforms-render-modern\" id=\"wpforms-2721\"><form id=\"wpforms-form-2721\" class=\"wpforms-validate wpforms-form wpforms-ajax-form\" data-formid=\"2721\" method=\"post\" enctype=\"multipart\/form-data\" action=\"\/hotel-gorzelanny\/wp-json\/wp\/v2\/pages\/2810\" data-token=\"ccf97a926be35cc9fdc6a7f65a36e2f4\"><noscript class=\"wpforms-error-noscript\">Aby wype\u0142ni\u0107 ten formularz, w\u0142\u0105cz obs\u0142ug\u0119 JavaScript w przegl\u0105darce.<\/noscript><div class=\"wpforms-hidden\" id=\"wpforms-error-noscript\">Aby wype\u0142ni\u0107 ten formularz, w\u0142\u0105cz obs\u0142ug\u0119 JavaScript w przegl\u0105darce.<\/div><div class=\"wpforms-field-container\"><div id=\"wpforms-2721-field_0-container\" class=\"wpforms-field wpforms-field-name\" data-field-id=\"0\"><fieldset><legend class=\"wpforms-field-label\">Imi\u0119 i nazwisko <span class=\"wpforms-required-label\" aria-hidden=\"true\">*<\/span><\/legend><div class=\"wpforms-field-row wpforms-field-medium\"><div class=\"wpforms-field-row-block wpforms-first wpforms-one-half\"><input type=\"text\" id=\"wpforms-2721-field_0\" class=\"wpforms-field-name-first wpforms-field-required\" name=\"wpforms[fields][0][first]\" aria-errormessage=\"wpforms-2721-field_0-error\" required><label for=\"wpforms-2721-field_0\" class=\"wpforms-field-sublabel after \">Imi\u0119<\/label><\/div><div class=\"wpforms-field-row-block wpforms-one-half\"><input type=\"text\" id=\"wpforms-2721-field_0-last\" class=\"wpforms-field-name-last wpforms-field-required\" name=\"wpforms[fields][0][last]\" aria-errormessage=\"wpforms-2721-field_0-last-error\" required><label for=\"wpforms-2721-field_0-last\" class=\"wpforms-field-sublabel after \">Nazwisko<\/label><\/div><\/div><\/fieldset><\/div><div id=\"wpforms-2721-field_1-container\" class=\"wpforms-field wpforms-field-email\" data-field-id=\"1\"><label class=\"wpforms-field-label\" for=\"wpforms-2721-field_1\">E-mail <span class=\"wpforms-required-label\" aria-hidden=\"true\">*<\/span><\/label><input type=\"email\" id=\"wpforms-2721-field_1\" class=\"wpforms-field-medium wpforms-field-required\" name=\"wpforms[fields][1]\" spellcheck=\"false\" aria-errormessage=\"wpforms-2721-field_1-error\" required><\/div><div id=\"wpforms-2721-field_3-container\" class=\"wpforms-field wpforms-field-checkbox\" data-field-id=\"3\"><fieldset><legend class=\"wpforms-field-label\">Wybierz ofert\u0119 specjaln\u0105 <span class=\"wpforms-required-label\" aria-hidden=\"true\">*<\/span><\/legend><ul id=\"wpforms-2721-field_3\" class=\"wpforms-field-required\" data-choice-limit=\"1\"><li class=\"choice-1 depth-1\"><input type=\"checkbox\" id=\"wpforms-2721-field_3_1\" data-rule-check-limit=\"true\" name=\"wpforms[fields][3][]\" value=\"Wakacje All Inclusive\" aria-errormessage=\"wpforms-2721-field_3_1-error\" required ><label class=\"wpforms-field-label-inline\" for=\"wpforms-2721-field_3_1\">Wakacje All Inclusive<\/label><\/li><li class=\"choice-2 depth-1\"><input type=\"checkbox\" id=\"wpforms-2721-field_3_2\" data-rule-check-limit=\"true\" name=\"wpforms[fields][3][]\" value=\"Wycieczki dla szk\u00f3\u0142\" aria-errormessage=\"wpforms-2721-field_3_2-error\" required ><label class=\"wpforms-field-label-inline\" for=\"wpforms-2721-field_3_2\">Wycieczki dla szk\u00f3\u0142<\/label><\/li><li class=\"choice-3 depth-1\"><input type=\"checkbox\" id=\"wpforms-2721-field_3_3\" data-rule-check-limit=\"true\" name=\"wpforms[fields][3][]\" value=\"Pobyty narciarskie\" aria-errormessage=\"wpforms-2721-field_3_3-error\" required ><label class=\"wpforms-field-label-inline\" for=\"wpforms-2721-field_3_3\">Pobyty narciarskie<\/label><\/li><li class=\"choice-4 depth-1\"><input type=\"checkbox\" id=\"wpforms-2721-field_3_4\" data-rule-check-limit=\"true\" name=\"wpforms[fields][3][]\" value=\"Wielkanoc w g\u00f3rach\" aria-errormessage=\"wpforms-2721-field_3_4-error\" required ><label class=\"wpforms-field-label-inline\" for=\"wpforms-2721-field_3_4\">Wielkanoc w g\u00f3rach<\/label><\/li><li class=\"choice-5 depth-1\"><input type=\"checkbox\" id=\"wpforms-2721-field_3_5\" data-rule-check-limit=\"true\" name=\"wpforms[fields][3][]\" value=\"\u015awi\u0119ta Bo\u017cego Narodzenia w g\u00f3rach\" aria-errormessage=\"wpforms-2721-field_3_5-error\" required ><label class=\"wpforms-field-label-inline\" for=\"wpforms-2721-field_3_5\">\u015awi\u0119ta Bo\u017cego Narodzenia w g\u00f3rach<\/label><\/li><li class=\"choice-7 depth-1\"><input type=\"checkbox\" id=\"wpforms-2721-field_3_7\" data-rule-check-limit=\"true\" name=\"wpforms[fields][3][]\" value=\"Wypoczynek 5-dniowy\" aria-errormessage=\"wpforms-2721-field_3_7-error\" required ><label class=\"wpforms-field-label-inline\" for=\"wpforms-2721-field_3_7\">Wypoczynek 5-dniowy<\/label><\/li><li class=\"choice-6 depth-1\"><input type=\"checkbox\" id=\"wpforms-2721-field_3_6\" data-rule-check-limit=\"true\" name=\"wpforms[fields][3][]\" value=\"Inne\" aria-errormessage=\"wpforms-2721-field_3_6-error\" required ><label class=\"wpforms-field-label-inline\" for=\"wpforms-2721-field_3_6\">Inne<\/label><\/li><\/ul><\/fieldset><\/div><div id=\"wpforms-2721-field_2-container\" class=\"wpforms-field wpforms-field-textarea\" data-field-id=\"2\"><label class=\"wpforms-field-label\" for=\"wpforms-2721-field_2\">Tre\u015b\u0107 zapytania (prosz\u0119 okre\u015bli\u0107 termin, ilo\u015b\u0107 os\u00f3b doros\u0142ych i dzieci) <span class=\"wpforms-required-label\" aria-hidden=\"true\">*<\/span><\/label><textarea id=\"wpforms-2721-field_2\" class=\"wpforms-field-medium wpforms-field-required\" name=\"wpforms[fields][2]\" aria-errormessage=\"wpforms-2721-field_2-error\" required><\/textarea><\/div><\/div><!-- .wpforms-field-container --><div class=\"wpforms-submit-container\" ><input type=\"hidden\" name=\"wpforms[id]\" value=\"2721\"><input type=\"hidden\" name=\"wpforms[author]\" value=\"1\"><button type=\"submit\" name=\"wpforms[submit]\" id=\"wpforms-submit-2721\" class=\"wpforms-submit\" data-alt-text=\"Wysy\u0142anie...\" data-submit-text=\"Prze\u015blij\" aria-live=\"assertive\" value=\"wpforms-submit\">Prze\u015blij<\/button><img loading=\"lazy\" decoding=\"async\" src=\"https:\/\/gorzelanny.pl\/hotel-gorzelanny\/wp-content\/plugins\/wpforms-lite\/assets\/images\/submit-spin.svg\" class=\"wpforms-submit-spinner\" style=\"display: none;\" width=\"26\" height=\"26\" alt=\"Wczytywanie\"><\/div><\/form><\/div>  <!-- .wpforms-container -->[\/vc_tta_section][\/vc_tta_accordion][stm_spacer height=&#8221;30&#8243;][\/vc_column][\/vc_row][vc_row][vc_column][vc_column_text]<\/p>\n<p style=\"text-align: center;\">\ud83c\udf04 <strong>Zapraszamy Senior\u00f3w na Wypoczynek w G\u00f3rach!<\/strong> \ud83c\udf1e<\/p>\n<p style=\"text-align: center;\">Szanowni Pa\u0144stwo, pragniemy serdecznie zaprosi\u0107 Was do naszego g\u00f3rskiego hotelu, gdzie przygotowali\u015bmy specjaln\u0105 ofert\u0119 dedykowan\u0105 seniorom! \ud83d\udc75\ud83e\uddd3<\/p>\n<p style=\"text-align: center;\">Nasze Hotele Gorzelanny i Carina to idealne miejsce na relaks i regeneracj\u0119 si\u0142. \ud83c\udf3f Oferujemy szeroki wachlarz atrakcji, kt\u00f3re pozwol\u0105 Wam sp\u0119dzi\u0107 czas w komfortowy i przyjemny spos\u00f3b. \ud83c\udfb3 Zagrajcie w kr\u0119gle w naszej kr\u0119gielni i poczujcie ducha rywalizacji! \ud83d\udc86 Skorzystajcie z relaksacyjnych masa\u017cy, kt\u00f3re odpr\u0119\u017c\u0105 Wasze cia\u0142o i umys\u0142. \ud83c\udfca Odpocznijcie w naszym basenie, ciesz\u0105c si\u0119 spokojem i cisz\u0105. \ud83d\udc86\u200d\u2642\ufe0f Nasze SPA oferuje r\u00f3\u017cnorodne zabiegi, kt\u00f3re pomog\u0105 Wam zadba\u0107 o zdrowie i urod\u0119.<\/p>\n<p style=\"text-align: center;\">Do\u0142\u0105czcie do nas i cieszcie si\u0119 relaksem w otoczeniu g\u00f3rskiej przyrody! \ud83c\udfde\ufe0f\ud83d\ude0a<\/p>\n<p>[\/vc_column_text][stm_spacer height=&#8221;30&#8243;][vc_separator color=&#8221;purple&#8221; style=&#8221;dotted&#8221; border_width=&#8221;3&#8243;][\/vc_column][\/vc_row][vc_row][vc_column][vc_column_text]<\/p>\n<h3 data-canvas-width=\"329.8080000000001\"><strong>W ramach oferty:<\/strong><\/h3>\n<ul>\n<li data-canvas-width=\"329.8080000000001\">\n<div>noclegi w komfortowo wyposa\u017conych pokojach Standard<\/div>\n<\/li>\n<li data-canvas-width=\"329.8080000000001\">\n<div>codziennie obfite \u015bniadania i obiadokolacje w formie bufetu szwedzkiego dla ka\u017cdej z os\u00f3b (je\u017celi w Hotelu przebywa poni\u017cej 10 os\u00f3b posi\u0142ki w formie serwowanej)<\/div>\n<\/li>\n<li data-canvas-width=\"329.8080000000001\">\n<div>korzystanie z basenu wewn\u0119trznego , jacuzzi, sauny<\/div>\n<\/li>\n<li data-canvas-width=\"329.8080000000001\">\n<div>1 godzina gry w kr\u0119gle na pok\u00f3j<\/div>\n<\/li>\n<li data-canvas-width=\"329.8080000000001\">\n<div>mo\u017cliwo\u015b\u0107 wypo\u017cyczenia kijk\u00f3w do nordic walking<\/div>\n<div data-canvas-width=\"585.096\"><\/div>\n<\/li>\n<li data-canvas-width=\"329.8080000000001\">\n<div data-canvas-width=\"585.096\">Dost\u0119p do Parku Rozrywki i Edukacji Rosenau (Zaginione Miasto) \u2013 uzale\u017cnione od warunk\u00f3w atmosferycznych, w tym:<\/div>\n<div data-canvas-width=\"407.49599999999987\">&#8211; Jeden przejazd kolejk\u0105 turystyczn\u0105\/pobyt<\/div>\n<div data-canvas-width=\"605.1839999999999\">&#8211; Jednorazowe wej\u015bcie do: Sztolni Z\u0142ota, Wykopaliska Skarb\u00f3w<\/div>\n<\/li>\n<\/ul>\n<p>[\/vc_column_text][stm_spacer height=&#8221;30&#8243;][\/vc_column][\/vc_row][vc_column][\/vc_column][vc_column][\/vc_column][vc_row][vc_column width=&#8221;1\/2&#8243;][vc_message message_box_color=&#8221;orange&#8221; icon_fontawesome=&#8221;fas fa-coins&#8221;]<\/p>\n<div data-canvas-width=\"577.1946666666665\">\n<h3>\ud83c\udfe8 Hotel Gorzelanny****<\/h3>\n<h3>\ud83d\uddd3\ufe0f<span style=\"font-size: 16px;\"> Sezon niski (pa\u017adziernik &#8211; kwiecie\u0144) &#8211; 1150z\u0142\/5 nocy\/os<br \/>\n<\/span><\/h3>\n<h3>\ud83d\uddd3\ufe0f <span style=\"font-size: 16px;\">Sezon wysoki (maj &#8211; czerwiec , wrzesie\u0144) &#8211; 1250z\u0142\/5 nocy\/os<\/span><\/h3>\n<hr \/>\n<p><img loading=\"lazy\" decoding=\"async\" class=\"aligncenter wp-image-2416 size-full\" src=\"https:\/\/gorzelanny.pl\/hotel-gorzelanny\/wp-content\/uploads\/2021\/04\/P1266657-Edit-1.jpg\" alt=\"Hotel Gorzelanny park wodny\" width=\"1600\" height=\"1200\" srcset=\"https:\/\/gorzelanny.pl\/hotel-gorzelanny\/wp-content\/uploads\/2021\/04\/P1266657-Edit-1.jpg 1600w, https:\/\/gorzelanny.pl\/hotel-gorzelanny\/wp-content\/uploads\/2021\/04\/P1266657-Edit-1-300x225.jpg 300w, https:\/\/gorzelanny.pl\/hotel-gorzelanny\/wp-content\/uploads\/2021\/04\/P1266657-Edit-1-1024x768.jpg 1024w, https:\/\/gorzelanny.pl\/hotel-gorzelanny\/wp-content\/uploads\/2021\/04\/P1266657-Edit-1-768x576.jpg 768w, https:\/\/gorzelanny.pl\/hotel-gorzelanny\/wp-content\/uploads\/2021\/04\/P1266657-Edit-1-1536x1152.jpg 1536w, https:\/\/gorzelanny.pl\/hotel-gorzelanny\/wp-content\/uploads\/2021\/04\/P1266657-Edit-1-2048x1536.jpg 2048w\" sizes=\"(max-width: 1600px) 100vw, 1600px\" \/><\/p>\n<\/div>\n<p>[\/vc_message][\/vc_column][vc_column width=&#8221;1\/2&#8243;][vc_message message_box_color=&#8221;orange&#8221; icon_fontawesome=&#8221;fas fa-coins&#8221;]<\/p>\n<div data-canvas-width=\"577.1946666666665\">\n<h3>\ud83c\udfe8 Hotel Carina***<\/h3>\n<h3>\ud83d\uddd3\ufe0f<span style=\"font-size: 16px;\"> Sezon niski (pa\u017adziernik &#8211; kwiecie\u0144) &#8211; 1050z\u0142\/5 nocy\/os<br \/>\n<\/span><\/h3>\n<h3>\ud83d\uddd3\ufe0f <span style=\"font-size: 16px;\">Sezon wysoki (maj &#8211; czerwiec , wrzesie\u0144) &#8211; 1150z\u0142\/5 nocy\/os<\/span><\/h3>\n<hr \/>\n<h3><\/h3>\n<p><img loading=\"lazy\" decoding=\"async\" class=\"aligncenter wp-image-2588 size-full\" src=\"https:\/\/gorzelanny.pl\/hotel-gorzelanny\/wp-content\/uploads\/2022\/06\/DSC_8014.jpg\" alt=\"\" width=\"2400\" height=\"1600\" srcset=\"https:\/\/gorzelanny.pl\/hotel-gorzelanny\/wp-content\/uploads\/2022\/06\/DSC_8014.jpg 2400w, https:\/\/gorzelanny.pl\/hotel-gorzelanny\/wp-content\/uploads\/2022\/06\/DSC_8014-300x200.jpg 300w, https:\/\/gorzelanny.pl\/hotel-gorzelanny\/wp-content\/uploads\/2022\/06\/DSC_8014-1024x683.jpg 1024w, https:\/\/gorzelanny.pl\/hotel-gorzelanny\/wp-content\/uploads\/2022\/06\/DSC_8014-768x512.jpg 768w, https:\/\/gorzelanny.pl\/hotel-gorzelanny\/wp-content\/uploads\/2022\/06\/DSC_8014-1536x1024.jpg 1536w, https:\/\/gorzelanny.pl\/hotel-gorzelanny\/wp-content\/uploads\/2022\/06\/DSC_8014-2048x1365.jpg 2048w, https:\/\/gorzelanny.pl\/hotel-gorzelanny\/wp-content\/uploads\/2022\/06\/DSC_8014-450x300.jpg 450w\" sizes=\"(max-width: 2400px) 100vw, 2400px\" \/><\/p>\n<\/div>\n<p>[\/vc_message][\/vc_column][\/vc_row][vc_column][\/vc_column][vc_row][vc_column][stm_spacer height=&#8221;60&#8243;][vc_cta h2=&#8221;Masz pytanie? Napisz lub zadzwo\u0144 do nas!&#8221; h4=&#8221;Znajdziemy dla Ciebie idealne rozwi\u0105zanie!&#8221; txt_align=&#8221;center&#8221; shape=&#8221;square&#8221; style=&#8221;3d&#8221; el_width=&#8221;lg&#8221; add_icon=&#8221;left&#8221; i_icon_fontawesome=&#8221;far fa-id-card&#8221; i_color=&#8221;chino&#8221;]<a href=\"mailto:info@hotelgorzelanny.pl\">info@hotelgorzelanny.pl<\/a> \u00a0\u00a0|\u00a0\u00a0 <a href=\"tel::00881328081\">tel. 881 328 081<\/a>[\/vc_cta][\/vc_column][\/vc_row]<\/p>\n","protected":false},"excerpt":{"rendered":"<p>[vc_row][vc_column parallax=&#8221;content-moving&#8221; shadow_x_offset=&#8221;0&#8243; shadow_y_offset=&#8221;0&#8243; shadow_blur=&#8221;0&#8243; shadow_spread=&#8221;0&#8243; shadow_color=&#8221;&#8221;][vc_tta_accordion color=&#8221;purple&#8221; c_align=&#8221;center&#8221; c_icon=&#8221;&#8221; active_section=&#8221;&#8221;][vc_tta_section i_icon_fontawesome=&#8221;stmicon-hotel&#8221; add_icon=&#8221;true&#8221; title=&#8221;KLIKNIJ I ZAREZERWUJ POBYT&#8221; tab_id=&#8221;1607808799803-b36afb86-776e&#8221;][\/vc_tta_section][\/vc_tta_accordion][stm_spacer height=&#8221;30&#8243;][\/vc_column][\/vc_row][vc_row][vc_column][vc_column_text] \ud83c\udf04 Zapraszamy Senior\u00f3w na Wypoczynek w G\u00f3rach! \ud83c\udf1e Szanowni Pa\u0144stwo, pragniemy serdecznie zaprosi\u0107 Was do naszego g\u00f3rskiego hotelu, gdzie przygotowali\u015bmy specjaln\u0105 ofert\u0119 dedykowan\u0105 seniorom! \ud83d\udc75\ud83e\uddd3 Nasze Hotele Gorzelanny i Carina to idealne miejsce na relaks i [&hellip;]<\/p>\n","protected":false},"author":1,"featured_media":3533,"parent":0,"menu_order":6,"comment_status":"closed","ping_status":"closed","template":"","meta":{"om_disable_all_campaigns":false,"footnotes":""},"categories":[43],"class_list":["post-2810","page","type-page","status-publish","has-post-thumbnail","hentry","category-oferta_specjalna"],"_links":{"self":[{"href":"https:\/\/gorzelanny.pl\/hotel-gorzelanny\/wp-json\/wp\/v2\/pages\/2810"}],"collection":[{"href":"https:\/\/gorzelanny.pl\/hotel-gorzelanny\/wp-json\/wp\/v2\/pages"}],"about":[{"href":"https:\/\/gorzelanny.pl\/hotel-gorzelanny\/wp-json\/wp\/v2\/types\/page"}],"author":[{"embeddable":true,"href":"https:\/\/gorzelanny.pl\/hotel-gorzelanny\/wp-json\/wp\/v2\/users\/1"}],"replies":[{"embeddable":true,"href":"https:\/\/gorzelanny.pl\/hotel-gorzelanny\/wp-json\/wp\/v2\/comments?post=2810"}],"version-history":[{"count":19,"href":"https:\/\/gorzelanny.pl\/hotel-gorzelanny\/wp-json\/wp\/v2\/pages\/2810\/revisions"}],"predecessor-version":[{"id":3630,"href":"https:\/\/gorzelanny.pl\/hotel-gorzelanny\/wp-json\/wp\/v2\/pages\/2810\/revisions\/3630"}],"wp:featuredmedia":[{"embeddable":true,"href":"https:\/\/gorzelanny.pl\/hotel-gorzelanny\/wp-json\/wp\/v2\/media\/3533"}],"wp:attachment":[{"href":"https:\/\/gorzelanny.pl\/hotel-gorzelanny\/wp-json\/wp\/v2\/media?parent=2810"}],"wp:term":[{"taxonomy":"category","embeddable":true,"href":"https:\/\/gorzelanny.pl\/hotel-gorzelanny\/wp-json\/wp\/v2\/categories?post=2810"}],"curies":[{"name":"wp","href":"https:\/\/api.w.org\/{rel}","templated":true}]}}