{"id":2940,"date":"2024-07-16T07:41:55","date_gmt":"2024-07-16T05:41:55","guid":{"rendered":"https:\/\/gorzelanny.pl\/hotel-gorzelanny\/?page_id=2940"},"modified":"2026-02-25T12:39:33","modified_gmt":"2026-02-25T11:39:33","slug":"wycieczki-dla-szkol-2026","status":"publish","type":"page","link":"https:\/\/gorzelanny.pl\/hotel-gorzelanny\/wycieczki-dla-szkol-2026\/","title":{"rendered":"WYCIECZKI DLA SZK\u00d3\u0141 2026"},"content":{"rendered":"<p>[vc_row][vc_column][vc_tta_accordion color=&#8221;chino&#8221; c_align=&#8221;center&#8221; c_icon=&#8221;&#8221; active_section=&#8221;&#8221;][vc_tta_section i_icon_fontawesome=&#8221;stmicon-hotel&#8221; add_icon=&#8221;true&#8221; title=&#8221;KLIKNIJ I ZAREZERWUJ POBYT&#8221; tab_id=&#8221;1607808799803-b36afb86-776e&#8221;]<div class=\"wpforms-container wpforms-container-full wpforms-render-modern\" id=\"wpforms-2721\"><form id=\"wpforms-form-2721\" class=\"wpforms-validate wpforms-form wpforms-ajax-form\" data-formid=\"2721\" method=\"post\" enctype=\"multipart\/form-data\" action=\"\/hotel-gorzelanny\/wp-json\/wp\/v2\/pages\/2940\" data-token=\"d1357efdb020942117045881cd50a458\"><noscript class=\"wpforms-error-noscript\">Aby wype\u0142ni\u0107 ten formularz, w\u0142\u0105cz obs\u0142ug\u0119 JavaScript w przegl\u0105darce.<\/noscript><div class=\"wpforms-hidden\" id=\"wpforms-error-noscript\">Aby wype\u0142ni\u0107 ten formularz, w\u0142\u0105cz obs\u0142ug\u0119 JavaScript w przegl\u0105darce.<\/div><div class=\"wpforms-field-container\"><div id=\"wpforms-2721-field_0-container\" class=\"wpforms-field wpforms-field-name\" data-field-id=\"0\"><fieldset><legend class=\"wpforms-field-label\">Imi\u0119 i nazwisko <span class=\"wpforms-required-label\" aria-hidden=\"true\">*<\/span><\/legend><div class=\"wpforms-field-row wpforms-field-medium\"><div class=\"wpforms-field-row-block wpforms-first wpforms-one-half\"><input type=\"text\" id=\"wpforms-2721-field_0\" class=\"wpforms-field-name-first wpforms-field-required\" name=\"wpforms[fields][0][first]\" aria-errormessage=\"wpforms-2721-field_0-error\" required><label for=\"wpforms-2721-field_0\" class=\"wpforms-field-sublabel after \">Imi\u0119<\/label><\/div><div class=\"wpforms-field-row-block wpforms-one-half\"><input type=\"text\" id=\"wpforms-2721-field_0-last\" class=\"wpforms-field-name-last wpforms-field-required\" name=\"wpforms[fields][0][last]\" aria-errormessage=\"wpforms-2721-field_0-last-error\" required><label for=\"wpforms-2721-field_0-last\" class=\"wpforms-field-sublabel after \">Nazwisko<\/label><\/div><\/div><\/fieldset><\/div><div id=\"wpforms-2721-field_1-container\" class=\"wpforms-field wpforms-field-email\" data-field-id=\"1\"><label class=\"wpforms-field-label\" for=\"wpforms-2721-field_1\">E-mail <span class=\"wpforms-required-label\" aria-hidden=\"true\">*<\/span><\/label><input type=\"email\" id=\"wpforms-2721-field_1\" class=\"wpforms-field-medium wpforms-field-required\" name=\"wpforms[fields][1]\" spellcheck=\"false\" aria-errormessage=\"wpforms-2721-field_1-error\" required><\/div><div id=\"wpforms-2721-field_3-container\" class=\"wpforms-field wpforms-field-checkbox\" data-field-id=\"3\"><fieldset><legend class=\"wpforms-field-label\">Wybierz ofert\u0119 specjaln\u0105 <span class=\"wpforms-required-label\" aria-hidden=\"true\">*<\/span><\/legend><ul id=\"wpforms-2721-field_3\" class=\"wpforms-field-required\" data-choice-limit=\"1\"><li class=\"choice-1 depth-1\"><input type=\"checkbox\" id=\"wpforms-2721-field_3_1\" data-rule-check-limit=\"true\" name=\"wpforms[fields][3][]\" value=\"Wakacje All Inclusive\" aria-errormessage=\"wpforms-2721-field_3_1-error\" required ><label class=\"wpforms-field-label-inline\" for=\"wpforms-2721-field_3_1\">Wakacje All Inclusive<\/label><\/li><li class=\"choice-2 depth-1\"><input type=\"checkbox\" id=\"wpforms-2721-field_3_2\" data-rule-check-limit=\"true\" name=\"wpforms[fields][3][]\" value=\"Wycieczki dla szk\u00f3\u0142\" aria-errormessage=\"wpforms-2721-field_3_2-error\" required ><label class=\"wpforms-field-label-inline\" for=\"wpforms-2721-field_3_2\">Wycieczki dla szk\u00f3\u0142<\/label><\/li><li class=\"choice-3 depth-1\"><input type=\"checkbox\" id=\"wpforms-2721-field_3_3\" data-rule-check-limit=\"true\" name=\"wpforms[fields][3][]\" value=\"Pobyty narciarskie\" aria-errormessage=\"wpforms-2721-field_3_3-error\" required ><label class=\"wpforms-field-label-inline\" for=\"wpforms-2721-field_3_3\">Pobyty narciarskie<\/label><\/li><li class=\"choice-4 depth-1\"><input type=\"checkbox\" id=\"wpforms-2721-field_3_4\" data-rule-check-limit=\"true\" name=\"wpforms[fields][3][]\" value=\"Wielkanoc w g\u00f3rach\" aria-errormessage=\"wpforms-2721-field_3_4-error\" required ><label class=\"wpforms-field-label-inline\" for=\"wpforms-2721-field_3_4\">Wielkanoc w g\u00f3rach<\/label><\/li><li class=\"choice-5 depth-1\"><input type=\"checkbox\" id=\"wpforms-2721-field_3_5\" data-rule-check-limit=\"true\" name=\"wpforms[fields][3][]\" value=\"\u015awi\u0119ta Bo\u017cego Narodzenia w g\u00f3rach\" aria-errormessage=\"wpforms-2721-field_3_5-error\" required ><label class=\"wpforms-field-label-inline\" for=\"wpforms-2721-field_3_5\">\u015awi\u0119ta Bo\u017cego Narodzenia w g\u00f3rach<\/label><\/li><li class=\"choice-7 depth-1\"><input type=\"checkbox\" id=\"wpforms-2721-field_3_7\" data-rule-check-limit=\"true\" name=\"wpforms[fields][3][]\" value=\"Wypoczynek 5-dniowy\" aria-errormessage=\"wpforms-2721-field_3_7-error\" required ><label class=\"wpforms-field-label-inline\" for=\"wpforms-2721-field_3_7\">Wypoczynek 5-dniowy<\/label><\/li><li class=\"choice-6 depth-1\"><input type=\"checkbox\" id=\"wpforms-2721-field_3_6\" data-rule-check-limit=\"true\" name=\"wpforms[fields][3][]\" value=\"Inne\" aria-errormessage=\"wpforms-2721-field_3_6-error\" required ><label class=\"wpforms-field-label-inline\" for=\"wpforms-2721-field_3_6\">Inne<\/label><\/li><\/ul><\/fieldset><\/div><div id=\"wpforms-2721-field_2-container\" class=\"wpforms-field wpforms-field-textarea\" data-field-id=\"2\"><label class=\"wpforms-field-label\" for=\"wpforms-2721-field_2\">Tre\u015b\u0107 zapytania (prosz\u0119 okre\u015bli\u0107 termin, ilo\u015b\u0107 os\u00f3b doros\u0142ych i dzieci) <span class=\"wpforms-required-label\" aria-hidden=\"true\">*<\/span><\/label><textarea id=\"wpforms-2721-field_2\" class=\"wpforms-field-medium wpforms-field-required\" name=\"wpforms[fields][2]\" aria-errormessage=\"wpforms-2721-field_2-error\" required><\/textarea><\/div><\/div><!-- .wpforms-field-container --><div class=\"wpforms-submit-container\" ><input type=\"hidden\" name=\"wpforms[id]\" value=\"2721\"><input type=\"hidden\" name=\"wpforms[author]\" value=\"1\"><button type=\"submit\" name=\"wpforms[submit]\" id=\"wpforms-submit-2721\" class=\"wpforms-submit\" data-alt-text=\"Wysy\u0142anie...\" data-submit-text=\"Prze\u015blij\" aria-live=\"assertive\" value=\"wpforms-submit\">Prze\u015blij<\/button><img loading=\"lazy\" decoding=\"async\" src=\"https:\/\/gorzelanny.pl\/hotel-gorzelanny\/wp-content\/plugins\/wpforms-lite\/assets\/images\/submit-spin.svg\" class=\"wpforms-submit-spinner\" style=\"display: none;\" width=\"26\" height=\"26\" alt=\"Wczytywanie\"><\/div><\/form><\/div>  <!-- .wpforms-container -->[\/vc_tta_section][\/vc_tta_accordion][vc_empty_space][\/vc_column][\/vc_row][vc_row][vc_column][vc_column_text]<\/p>\n<p style=\"text-align: center;\"><strong>Zapraszamy na wycieczki szkolne w G\u00f3ry Opawskie, proponujemy Pa\u0144stwu r\u00f3\u017cne warianty cenowe &#8211; wycieczki 1,2 lub 3-dniowe.<\/strong><\/p>\n<p>[\/vc_column_text][vc_empty_space][\/vc_column][\/vc_row][vc_row shadow_x_offset=&#8221;0&#8243; shadow_y_offset=&#8221;0&#8243; shadow_blur=&#8221;0&#8243; shadow_spread=&#8221;0&#8243; shadow_color=&#8221;&#8221; css=&#8221;.vc_custom_1771938327322{background-color: #ffda21 !important;border-radius: 10px !important;}&#8221;][vc_column width=&#8221;1\/4&#8243;][vc_single_image image=&#8221;3573&#8243; img_size=&#8221;full&#8221; alignment=&#8221;center&#8221; style=&#8221;vc_box_border_circle_2&#8243;][\/vc_column][vc_column width=&#8221;3\/4&#8243;][vc_column_text]<\/p>\n<h3><b>NOWO\u015a\u0106 W NASZEJ OFERCIE DLA NAJM\u0141ODSZYCH<\/b><\/h3>\n<p>[\/vc_column_text][vc_column_text]Trzykondygnacyjny, zadaszony plac zabaw <strong>Rosenau PlayZone \u2013 trampoliny, zje\u017cd\u017calnie i zabawa bez granic<\/strong> \ud83c\udf89 to nowoczesna, pe\u0142na energii przestrze\u0144 stworzona z my\u015bl\u0105 o dzieciach w r\u00f3\u017cnym wieku. Wielopoziomowa i zadaszona konstrukcja zapewniaj\u0105ca aktywn\u0105 rozrywk\u0119 niezale\u017cnie od pogody \ud83c\udf26\ufe0f. To miejsce, w kt\u00f3rym ruch spotyka si\u0119 z kreatywno\u015bci\u0105, a zabawa naprawd\u0119 nie ma ko\u0144ca \ud83d\ude80.<\/p>\n<p>Wkr\u00f3tce dodamy wi\u0119cej szczeg\u00f3\u0142\u00f3w oraz zdj\u0119cia \ud83d\udcf8, aby jeszcze lepiej pokaza\u0107, co czeka na odwiedzaj\u0105cych.[\/vc_column_text][\/vc_column][\/vc_row][vc_row][vc_column][vc_empty_space][vc_media_grid element_width=&#8221;3&#8243; grid_id=&#8221;vc_gid:1772019552197-1c4f7926-527c-3&#8243; include=&#8221;2431,1697,2416,1942,1939,1835,1506,1256&#8243;][\/vc_column][\/vc_row][vc_row][vc_column][vc_empty_space][vc_text_separator title=&#8221;PROPOZYCJA NA ROK 2026&#8243; border_width=&#8221;6&#8243;][vc_column_text]<\/p>\n<p>[\/vc_column_text][vc_tta_accordion shape=&#8221;square&#8221; active_section=&#8221;1&#8243; collapsible_all=&#8221;true&#8221;][vc_tta_section title=&#8221;Kliknij w wybran\u0105 wycieczk\u0119 i zapoznaj si\u0119 z propozycj\u0105&#8221; tab_id=&#8221;1604573658746-3f8903d0-443c&#8221;][\/vc_tta_section][vc_tta_section title=&#8221;Wycieczka 1-dniowa&#8221; tab_id=&#8221;1604573049164-cb988b44-f000&#8243;][vc_column_text]<\/p>\n<h3>Opcja I &#8211; wycieczka jednodniowa &#8211; 60 z\u0142\/os.<\/h3>\n<p><center><i>Wycieczka do &#8222;Interaktywnego Parku Edukacji i Rozrywki ROSENAU &#8211; Zaginione miasto&#8221; to nie tylko \u015bwietna zabawa, ale te\u017c ciekawa nauka! Doskonale wiemy, \u017ce dzieci i m\u0142odzie\u017c to najbardziej wymagaj\u0105cy odbiorcy, kt\u00f3rzy potrafi\u0105 wystawia\u0107 surowe oceny. Dlatego stan\u0119li\u015bmy na wysoko\u015bci zadania i przygotowali\u015bmy w naszym parku szereg interesuj\u0105cych, edukuj\u0105cych atrakcji, kt\u00f3re anga\u017cuj\u0105, ciekawi\u0105 i sprawiaj\u0105, \u017ce dzieci ucz\u0105 si\u0119 czego\u015b nowego. Proponujemy Pa\u0144stwu ofert\u0119 skierowan\u0105 dla grup zorganizowanych oraz szk\u00f3\u0142.<\/i><\/center><b>W cenie biletu:<\/b><\/p>\n<ul class=\"icons-list circle-blank colored-list\">\n<li>Park \u017bywio\u0142\u00f3w &#8211; Lekcja z fizyki i optyki podana w spos\u00f3b zabawny i przyjazny<\/li>\n<\/ul>\n<ul class=\"icons-list circle-blank colored-list\">\n<li>Straszna Sztolnia Z\u0142ota &#8211; Lekcja historii z nutk\u0105 strachu<\/li>\n<\/ul>\n<ul class=\"icons-list circle-blank colored-list\">\n<li>Ogr\u00f3d Wody &#8211; edukacyjna zabawa z p\u0142ywaj\u0105c\u0105 wod\u0105<\/li>\n<\/ul>\n<ul class=\"icons-list circle-blank colored-list\">\n<li>Potw\u00f3r z Rosenau<\/li>\n<\/ul>\n<ul class=\"icons-list circle-blank colored-list\">\n<li>\u015awiat do g\u00f3ry nogami &#8211; czyli przygoda w wiruj\u0105cym domku<\/li>\n<\/ul>\n<ul class=\"icons-list circle-blank colored-list\">\n<li>Rosenau &#8211; tajemniczy kr\u0105g<\/li>\n<\/ul>\n<ul class=\"icons-list circle-blank colored-list\">\n<li>Ma\u0142pi gaj, trampoliny &#8211; dla dzieci 3-12 lat<\/li>\n<\/ul>\n<ul class=\"icons-list circle-blank colored-list\">\n<li>Jaskinia Wilka i Nied\u017awiedzia<\/li>\n<\/ul>\n<ul class=\"icons-list circle-blank colored-list\">\n<li>Kino Emocji Cinema 7D<\/li>\n<\/ul>\n<ul class=\"icons-list circle-blank colored-list\">\n<li>Przeja\u017cd\u017cka Ciuchci\u0105 po terenie Zaginionego Miasta Rosenau<\/li>\n<\/ul>\n<ul class=\"icons-list circle-blank colored-list\">\n<li>Karuzele<\/li>\n<\/ul>\n<ul class=\"icons-list circle-blank colored-list\">\n<li>Dinopark (park linowy) &#8211; trasa dla najm\u0142odszych 3-12 lat<\/li>\n<\/ul>\n<ul>\n<li><strong>GIGAOWADY &#8211; ekspozycja wielkich owad\u00f3w<\/strong><\/li>\n<\/ul>\n<p><b>Dodatkowo proponujemy:<\/b><\/p>\n<ul class=\"icons-list circle-blank colored-list\">\n<li>wysoko\u015bciowy tor linowy &#8211; dwie trasy do wyboru &#8211; uniwersalna i extreme \u2013 40 z\u0142\/os.\/jedna trasa<\/li>\n<\/ul>\n<ul class=\"icons-list circle-blank colored-list\">\n<li>BIG SWING &#8211; atrakcja dla odwa\u017cnych &#8211; skok na wahadle &#8211; 30z\u0142\/os.<\/li>\n<\/ul>\n<ul class=\"icons-list circle-blank colored-list\">\n<li>Zjazd na linie nad k\u0105pieliskiem &#8211; Tyrolka &#8211; 30z\u0142\/os.<\/li>\n<\/ul>\n<p><b>Nasza gastronomia:<\/b><\/p>\n<ul class=\"icons-list circle-blank colored-list\">\n<li>Pieczenie kie\u0142basek na ognisku (kie\u0142baska 100g, pieczywo, ketchup, musztarda, papierowe talerzyki i plastikowe sztu\u0107ce) &#8211; 25z\u0142\/os.<\/li>\n<\/ul>\n<ul class=\"icons-list circle-blank colored-list\">\n<li>I danie &#8211; zupa pomidorowa, jarzynowa, ros\u00f3\u0142, og\u00f3rkowa &#8211; 20z\u0142\/os.<\/li>\n<\/ul>\n<ul class=\"icons-list circle-blank colored-list\">\n<li>II danie &#8211; filet drobiowy z frytkami i sur\u00f3wk\u0105 lub filet rybny z frytkami i sur\u00f3wk\u0105 + nap\u00f3j &#8211; 35z\u0142\/os.<\/li>\n<\/ul>\n<ul class=\"icons-list circle-blank colored-list\">\n<li>Pierogi (ruskie, z serem, kapust\u0105 i mi\u0119sem) + nap\u00f3j &#8211; 30z\u0142\/os.<\/li>\n<\/ul>\n<ul class=\"icons-list circle-blank colored-list\">\n<li>istnieje mo\u017cliwo\u015b\u0107 skomponowania w\u0142asnego zestawu obiadowego<\/li>\n<\/ul>\n<p><b>Informacje praktyczne:<\/b><\/p>\n<ul class=\"icons-list circle-blank colored-list\">\n<li>Grupa musi liczy\u0107 minimum 20 os\u00f3b<\/li>\n<\/ul>\n<ul class=\"icons-list circle-blank colored-list\">\n<li>Opiekunowie grup maj\u0105 wolny wst\u0119p do parku (1 opiekun \/ 10 dzieci).<\/li>\n<\/ul>\n<ul class=\"icons-list circle-blank colored-list\">\n<li>Czas pobytu na terenie obiektu ograniczony jest jedynie godzinami pracy parku<\/li>\n<\/ul>\n<p>[\/vc_column_text][\/vc_tta_section][vc_tta_section title=&#8221;Wycieczka 2-dniowa&#8221; tab_id=&#8221;1604573049182-4076c62a-08c5&#8243;][vc_column_text]<\/p>\n<h3>Opcja II &#8211; wycieczka dwudniowa<\/h3>\n<h6 style=\"font-weight: 400;\"><span style=\"color: #339966;\"><strong>Zakwaterowanie o\u015brodek Chrobry(pokoje 2,3,4 os) \u2013 289 z\u0142\/os.<\/strong><\/span><\/h6>\n<p>&nbsp;<\/p>\n<p>1. Zaginione Miasto Rosenau &#8211; Zwiedzanie Parku<br \/>\n2. Edukacyjno-dydaktyczna \u015bcie\u017cka przyrodnicza rezerwat przyrody \u201eCicha Dolina\u201d<\/p>\n<p><b>I dzie\u0144 &#8211; przyjazd<\/b><\/p>\n<ul class=\"icons-list circle-blank colored-list\">\n<li>zakwaterowanie w pokojach<\/li>\n<\/ul>\n<ul class=\"icons-list circle-blank colored-list\">\n<li>Zaginione Miasto Rosenau &#8211; zwiedzanie parku:<\/li>\n<\/ul>\n<p>&#8211; Park \u017bywio\u0142\u00f3w &#8211; Lekcja z fizyki i optyki podana w spos\u00f3b zabawny i przyjazny<br \/>\n&#8211; Straszna Sztolnia Z\u0142ota &#8211; Lekcja historii z nutk\u0105 strachu<br \/>\n&#8211; Ogr\u00f3d Wody &#8211; edukacyjna zabawa z p\u0142ywaj\u0105c\u0105 wod\u0105<br \/>\n&#8211; Potw\u00f3r z Rosenau<br \/>\n&#8211; \u015awiat do g\u00f3ry nogami &#8211; czyli przygoda w wiruj\u0105cym domku<br \/>\n&#8211; Rosenau &#8211; tajemniczy kr\u0105g<br \/>\n&#8211; Jaskinia Wilka i Nied\u017awiedzia<br \/>\n&#8211; Kino Emocji Cinema 7D<br \/>\n&#8211; Przeja\u017cd\u017cka Ciuchci\u0105 po terenie Zaginionego Miasta Rosenau<br \/>\n&#8211; Karuzele<br \/>\n&#8211; Dinopark (park linowy) &#8211; trasa dla najm\u0142odszych<br \/>\n<strong>&#8211; GIGAOWADY &#8211; ekspozycja wielkich owad\u00f3w<\/strong><\/p>\n<ul class=\"icons-list circle-blank colored-list\">\n<li>kolacja<\/li>\n<\/ul>\n<ul class=\"icons-list circle-blank colored-list\">\n<li>dyskoteka<\/li>\n<\/ul>\n<p><b>II dzie\u0144<\/b><\/p>\n<ul class=\"icons-list circle-blank colored-list\">\n<li>\u015bniadanie<\/li>\n<\/ul>\n<ul class=\"icons-list circle-blank colored-list\">\n<li>wyj\u015bcie w g\u00f3ry (z przewodnikiem lub animatorem) &#8211; edukacyjno-dydaktyczna \u015bcie\u017cka przyrodnicza w rezerwacie przyrody \u201eCicha Dolina\u201d<\/li>\n<\/ul>\n<ul class=\"icons-list circle-blank colored-list\">\n<li>obiad<\/li>\n<\/ul>\n<p><b>Informacje praktyczne:<\/b><br \/>\nGrupa musi liczy\u0107 minimum 30 os\u00f3b<br \/>\nOpiekunowie grup gratis wszystkie \u015bwiadczenia (1 opiekun \/ 15 dzieci)<br \/>\n<b>W cenie pobytu 1 godzina korzystania z basenu (1,3 m. g\u0142\u0119boko\u015bci ,basen bez opieki ratownika)<\/b>[\/vc_column_text][\/vc_tta_section][vc_tta_section title=&#8221;Wycieczka 3-dniowa&#8221; tab_id=&#8221;1646835556765-137b00d8-2c8f&#8221;][vc_column_text]<\/p>\n<h3>Opcja III &#8211; wycieczka trzydniowa<\/h3>\n<h6 style=\"font-weight: 400;\"><strong><span style=\"color: #008000;\">Zakwaterowanie o\u015brodek Chrobry(pokoje 2,3,4 os) \u2013 456 z\u0142\/os.<\/span><\/strong><\/h6>\n<p>&nbsp;<\/p>\n<p>1. Zaginione Miasto Rosenau &#8211; Zwiedzanie Parku<br \/>\n2. Wyjazd do Czech \u2013 Jaskinia na Spicaku (wymagany paszport lub dow\u00f3d osobisty), lub zwiedzanie miasta Nysy lub wy\u015bcie w g\u00f3ry \u2013 Biskupia Kopa 890 m.n.p.m.<br \/>\n3. Edukacyjno-dydaktyczna \u015bcie\u017cka przyrodnicza rezerwat przyrody \u201eCicha Dolina\u201d<\/p>\n<p><b>I dzie\u0144 &#8211; przyjazd<\/b><\/p>\n<ul class=\"icons-list circle-blank colored-list\">\n<li>zakwaterowanie w pokojach<\/li>\n<\/ul>\n<ul class=\"icons-list circle-blank colored-list\">\n<li>Zaginione Miasto Rosenau &#8211; zwiedzanie parku:<\/li>\n<\/ul>\n<p>&#8211; Park \u017bywio\u0142\u00f3w &#8211; Lekcja z fizyki i optyki podana w spos\u00f3b zabawny i przyjazny<br \/>\n&#8211; Straszna Sztolnia Z\u0142ota &#8211; Lekcja historii z nutk\u0105 strachu<br \/>\n&#8211; Ogr\u00f3d Wody &#8211; edukacyjna zabawa z p\u0142ywaj\u0105c\u0105 wod\u0105<br \/>\n&#8211; Potw\u00f3r z Rosenau<br \/>\n&#8211; \u015awiat do g\u00f3ry nogami &#8211; czyli przygoda w wiruj\u0105cym domku<br \/>\n&#8211; Rosenau &#8211; tajemniczy kr\u0105g<br \/>\n&#8211; Jaskinia Wilka i Nied\u017awiedzia<br \/>\n&#8211; Kino Emocji Cinema 7D<br \/>\n&#8211; Przeja\u017cd\u017cka Ciuchci\u0105 po terenie Zaginionego Miasta Rosenau<br \/>\n&#8211; Karuzele<br \/>\n&#8211; Dinopark (park linowy) &#8211; trasa dla najm\u0142odszych<br \/>\n<strong>&#8211; GIGAOWADY &#8211; ekspozycja wielkich owad\u00f3w<\/strong><\/p>\n<ul class=\"icons-list circle-blank colored-list\">\n<li>kolacja<\/li>\n<\/ul>\n<ul class=\"icons-list circle-blank colored-list\">\n<li>dyskoteka<\/li>\n<\/ul>\n<p><b>II dzie\u0144<\/b><\/p>\n<ul class=\"icons-list circle-blank colored-list\">\n<li>\u015bniadanie<\/li>\n<\/ul>\n<ul class=\"icons-list circle-blank colored-list\">\n<li>suchy prowiant na drog\u0119<\/li>\n<\/ul>\n<ul class=\"icons-list circle-blank colored-list\">\n<li>wyjazd do Czech (wymagany paszport lub dow\u00f3d osobisty) lub Nysy z przewodnikiem Sudeckim<br \/>\n<b>Nysa:<\/b><br \/>\n&#8211; rejs statkiem po jeziorze nyskim \u2013 koszt ok. 35 z\u0142\/os.<br \/>\n&#8211; wej\u015bcie na wie\u017c\u0119 ratuszow\u0105 &#8211; panorama miasta \u2013 koszt ok. 25 z\u0142\/os.<br \/>\n&#8211; zwiedzanie Nyskiego rynku.<br \/>\n<i>lub<\/i><br \/>\n<b>Czechy(ka\u017cdy uczestnik musi posiada\u0107 dow\u00f3d osobisty lub paszport):<\/b><br \/>\n&#8211; zwiedzanie jaskini na Spicaku w Pisecnej \u2013 koszt ok. 40 z\u0142\/os.<br \/>\n&#8211; Zwiedzanie uzdrowiska V. Priessnitza w Jeseniku,<br \/>\nW powrotnej drodze przejazd przez miejscowo\u015b\u0107 Rejviz &#8211; zwiedzanie starej karczmy z 1794 r.<br \/>\n<i>lub<\/i><br \/>\n<b>Wyj\u015bcie z przewodnikiem na Biskupi\u0105 Kop\u0119 &#8211; wie\u017ca widokowa wst\u0119p ok. 20 z\u0142<\/b><\/li>\n<\/ul>\n<ul class=\"icons-list circle-blank colored-list\">\n<li>obiadokolacja<\/li>\n<\/ul>\n<ul class=\"icons-list circle-blank colored-list\">\n<li>Ognisko lub grill z pieczonymi kie\u0142baskami<\/li>\n<\/ul>\n<p>&nbsp;<\/p>\n<p>III dzie\u0144<\/p>\n<ul class=\"icons-list circle-blank colored-list\">\n<li>\u015bniadanie<\/li>\n<\/ul>\n<ul class=\"icons-list circle-blank colored-list\">\n<li>wyj\u015bcie w g\u00f3ry (z przewodnikiem lub animatorem) &#8211; edukacyjno-dydaktyczna \u015bcie\u017cka przyrodnicza w rezerwacie przyrody \u201eCicha Dolina\u201d<\/li>\n<\/ul>\n<ul class=\"icons-list circle-blank colored-list\">\n<li>obiad<\/li>\n<\/ul>\n<p>&nbsp;<\/p>\n<p><b>Informacje praktyczne:<br \/>\n<\/b>Grupa musi liczy\u0107 minimum 30 os\u00f3b<br \/>\nOpiekunowie grup gratis wszystkie \u015bwiadczenia (1 opiekun &#8211; 15 dzieci)<br \/>\nBilety wst\u0119pu do Parku Rosenau wliczone w koszty wycieczki<br \/>\nCena nie zawiera koszt\u00f3w autokaru,<br \/>\n&#8211; bilet\u00f3w wst\u0119pu &#8211; Jaskinie na Spicaku oko\u0142o 200 koron CZ.<br \/>\n&#8211; rejs statkiem po Jez. Nyskim ok. 35z\u0142\/os.<br \/>\n1 osoba na 15 os\u00f3b &#8211; bezp\u0142atnie<br \/>\nW cenie pobytu 2 godziny korzystania z basenu (1,3 m. g\u0142\u0119boko\u015bci ,basen bez opieki ratownika)<\/p>\n<p>&nbsp;<\/p>\n<p><b>Park &#8222;Rosenau&#8221; &#8211; zwiedzanie 60z\u0142\/os.<br \/>\nPrzy pobytach minimum 3 noclegi mo\u017cliwo\u015b\u0107 negocjacji cen.<br \/>\n<\/b>[\/vc_column_text][\/vc_tta_section][\/vc_tta_accordion][vc_message]<b>Uwaga:<\/b><br \/>\n1) Istnieje mo\u017cliwo\u015b\u0107 uzgodnienia innych wariant\u00f3w<br \/>\n2) Mo\u017cliwo\u015b\u0107 przywozu i odwozu grup na miejsce[\/vc_message][vc_message]<b>Oferta specjalna dla nauczycieli!<\/b><br \/>\nDla wszystkich nauczycieli, kt\u00f3rzy przyjad\u0105 z grup\u0105 dzieci lub m\u0142odzie\u017cy (tak\u017ce jako opiekunowie) do naszego parku przygotowali\u015bmy ofert\u0119 specjaln\u0105. Otrzymacie Pa\u0144stwo Kart\u0119 Wst\u0119pu do Zaginionego Miasta Rosenau. Karta ta wa\u017cna jest od chwili aktywacji w kasie do ko\u0144ca sezonu wiosenno &#8211; jesiennego. Karta jest imienna i daje prawo bezp\u0142atnego wst\u0119pu do naszego parku. Dodatkowo ka\u017cdy z przyby\u0142ych nauczycieli mo\u017ce otrzyma\u0107 jeszcze jedn\u0105, r\u00f3wnie\u017c imienn\u0105 Kart\u0119 Wst\u0119pu dla kogo\u015b ze swych bliskich.[\/vc_message][vc_message]<b>OPCJA PODSTAWOWA (O\u015aRODEK CHROBRY):<br \/>\nNocleg + 3 posi\u0142ki \u2013 220 z\u0142\/osobodzie\u0144<br \/>\nNocleg + 2 posi\u0142ki \u2013 200 z\u0142\/osobodzie\u0144<br \/>\nNocleg + 1 posi\u0142ek \u2013 170 z\u0142\/osobodzie\u0144<br \/>\nNocleg \u2013 135 z\u0142\/osoba<\/b><\/p>\n<p><b>Ceny powy\u017cej jednej Doby, jedna Doba 20 z\u0142\/wi\u0119cej w poszczeg\u00f3lnych opcjach<br \/>\nPark \u201eRosenau\u201d &#8211; zwiedzanie \u2013 60 z\u0142\/os.<br \/>\nPrzewodnik sudecki 4-7 godzin \u2013\u00a0 500 z\u0142\/dzie\u0144<br \/>\nPrzewodnik sudecki 1-4 godziny \u2013\u00a0 400 z\u0142\/dzie\u0144<br \/>\nGrupa to minimum 30 os\u00f3b<br \/>\nPrzy pobytach minimum 3 noclegi mo\u017cliwo\u015b\u0107 negocjacji cen.<\/b><\/p>\n<p>ZAKWATEROWANIE:<br \/>\nPokoje (2,4,5 os. z \u0142azienkami i tv) \u2013 o\u015brodek Chrobry[\/vc_message][\/vc_column][\/vc_row]<\/p>\n","protected":false},"excerpt":{"rendered":"<p>[vc_row][vc_column][vc_tta_accordion color=&#8221;chino&#8221; c_align=&#8221;center&#8221; c_icon=&#8221;&#8221; active_section=&#8221;&#8221;][vc_tta_section i_icon_fontawesome=&#8221;stmicon-hotel&#8221; add_icon=&#8221;true&#8221; title=&#8221;KLIKNIJ I ZAREZERWUJ POBYT&#8221; tab_id=&#8221;1607808799803-b36afb86-776e&#8221;][\/vc_tta_section][\/vc_tta_accordion][vc_empty_space][\/vc_column][\/vc_row][vc_row][vc_column][vc_column_text] Zapraszamy na wycieczki szkolne w G\u00f3ry Opawskie, proponujemy Pa\u0144stwu r\u00f3\u017cne warianty cenowe &#8211; wycieczki 1,2 lub 3-dniowe. [\/vc_column_text][vc_empty_space][\/vc_column][\/vc_row][vc_row shadow_x_offset=&#8221;0&#8243; shadow_y_offset=&#8221;0&#8243; shadow_blur=&#8221;0&#8243; shadow_spread=&#8221;0&#8243; shadow_color=&#8221;&#8221; css=&#8221;.vc_custom_1771938327322{background-color: #ffda21 !important;border-radius: 10px !important;}&#8221;][vc_column width=&#8221;1\/4&#8243;][vc_single_image image=&#8221;3573&#8243; img_size=&#8221;full&#8221; alignment=&#8221;center&#8221; style=&#8221;vc_box_border_circle_2&#8243;][\/vc_column][vc_column width=&#8221;3\/4&#8243;][vc_column_text] NOWO\u015a\u0106 W NASZEJ OFERCIE DLA NAJM\u0141ODSZYCH [\/vc_column_text][vc_column_text]Trzykondygnacyjny, zadaszony plac [&hellip;]<\/p>\n","protected":false},"author":1,"featured_media":1853,"parent":0,"menu_order":5,"comment_status":"closed","ping_status":"closed","template":"","meta":{"om_disable_all_campaigns":false,"footnotes":""},"categories":[43],"class_list":["post-2940","page","type-page","status-publish","has-post-thumbnail","hentry","category-oferta_specjalna"],"_links":{"self":[{"href":"https:\/\/gorzelanny.pl\/hotel-gorzelanny\/wp-json\/wp\/v2\/pages\/2940"}],"collection":[{"href":"https:\/\/gorzelanny.pl\/hotel-gorzelanny\/wp-json\/wp\/v2\/pages"}],"about":[{"href":"https:\/\/gorzelanny.pl\/hotel-gorzelanny\/wp-json\/wp\/v2\/types\/page"}],"author":[{"embeddable":true,"href":"https:\/\/gorzelanny.pl\/hotel-gorzelanny\/wp-json\/wp\/v2\/users\/1"}],"replies":[{"embeddable":true,"href":"https:\/\/gorzelanny.pl\/hotel-gorzelanny\/wp-json\/wp\/v2\/comments?post=2940"}],"version-history":[{"count":15,"href":"https:\/\/gorzelanny.pl\/hotel-gorzelanny\/wp-json\/wp\/v2\/pages\/2940\/revisions"}],"predecessor-version":[{"id":3623,"href":"https:\/\/gorzelanny.pl\/hotel-gorzelanny\/wp-json\/wp\/v2\/pages\/2940\/revisions\/3623"}],"wp:featuredmedia":[{"embeddable":true,"href":"https:\/\/gorzelanny.pl\/hotel-gorzelanny\/wp-json\/wp\/v2\/media\/1853"}],"wp:attachment":[{"href":"https:\/\/gorzelanny.pl\/hotel-gorzelanny\/wp-json\/wp\/v2\/media?parent=2940"}],"wp:term":[{"taxonomy":"category","embeddable":true,"href":"https:\/\/gorzelanny.pl\/hotel-gorzelanny\/wp-json\/wp\/v2\/categories?post=2940"}],"curies":[{"name":"wp","href":"https:\/\/api.w.org\/{rel}","templated":true}]}}