{"id":2974,"date":"2025-01-14T08:20:39","date_gmt":"2025-01-14T07:20:39","guid":{"rendered":"https:\/\/gorzelanny.pl\/hotel-gorzelanny\/?page_id=2974"},"modified":"2026-02-26T13:00:32","modified_gmt":"2026-02-26T12:00:32","slug":"ferie-zimowe","status":"publish","type":"page","link":"https:\/\/gorzelanny.pl\/hotel-gorzelanny\/ferie-zimowe\/","title":{"rendered":"FERIE ZIMOWE"},"content":{"rendered":"<p>[vc_row][vc_column parallax=&#8221;content-moving&#8221; shadow_x_offset=&#8221;0&#8243; shadow_y_offset=&#8221;0&#8243; shadow_blur=&#8221;0&#8243; shadow_spread=&#8221;0&#8243; shadow_color=&#8221;&#8221;][vc_tta_accordion style=&#8221;modern&#8221; shape=&#8221;square&#8221; color=&#8221;blue&#8221; c_align=&#8221;center&#8221; c_icon=&#8221;&#8221; active_section=&#8221;&#8221;][vc_tta_section i_icon_fontawesome=&#8221;stmicon-hotel&#8221; add_icon=&#8221;true&#8221; title=&#8221;KLIKNIJ I ZAREZERWUJ POBYT&#8221; tab_id=&#8221;1607808799803-b36afb86-776e&#8221;]<div class=\"wpforms-container wpforms-container-full wpforms-render-modern\" id=\"wpforms-2721\"><form id=\"wpforms-form-2721\" class=\"wpforms-validate wpforms-form wpforms-ajax-form\" data-formid=\"2721\" method=\"post\" enctype=\"multipart\/form-data\" action=\"\/hotel-gorzelanny\/wp-json\/wp\/v2\/pages\/2974\" data-token=\"df858e9fb594df5d981d3ec955c31943\"><noscript class=\"wpforms-error-noscript\">Aby wype\u0142ni\u0107 ten formularz, w\u0142\u0105cz obs\u0142ug\u0119 JavaScript w przegl\u0105darce.<\/noscript><div class=\"wpforms-hidden\" id=\"wpforms-error-noscript\">Aby wype\u0142ni\u0107 ten formularz, w\u0142\u0105cz obs\u0142ug\u0119 JavaScript w przegl\u0105darce.<\/div><div class=\"wpforms-field-container\"><div id=\"wpforms-2721-field_0-container\" class=\"wpforms-field wpforms-field-name\" data-field-id=\"0\"><fieldset><legend class=\"wpforms-field-label\">Imi\u0119 i nazwisko <span class=\"wpforms-required-label\" aria-hidden=\"true\">*<\/span><\/legend><div class=\"wpforms-field-row wpforms-field-medium\"><div class=\"wpforms-field-row-block wpforms-first wpforms-one-half\"><input type=\"text\" id=\"wpforms-2721-field_0\" class=\"wpforms-field-name-first wpforms-field-required\" name=\"wpforms[fields][0][first]\" aria-errormessage=\"wpforms-2721-field_0-error\" required><label for=\"wpforms-2721-field_0\" class=\"wpforms-field-sublabel after \">Imi\u0119<\/label><\/div><div class=\"wpforms-field-row-block wpforms-one-half\"><input type=\"text\" id=\"wpforms-2721-field_0-last\" class=\"wpforms-field-name-last wpforms-field-required\" name=\"wpforms[fields][0][last]\" aria-errormessage=\"wpforms-2721-field_0-last-error\" required><label for=\"wpforms-2721-field_0-last\" class=\"wpforms-field-sublabel after \">Nazwisko<\/label><\/div><\/div><\/fieldset><\/div><div id=\"wpforms-2721-field_1-container\" class=\"wpforms-field wpforms-field-email\" data-field-id=\"1\"><label class=\"wpforms-field-label\" for=\"wpforms-2721-field_1\">E-mail <span class=\"wpforms-required-label\" aria-hidden=\"true\">*<\/span><\/label><input type=\"email\" id=\"wpforms-2721-field_1\" class=\"wpforms-field-medium wpforms-field-required\" name=\"wpforms[fields][1]\" spellcheck=\"false\" aria-errormessage=\"wpforms-2721-field_1-error\" required><\/div><div id=\"wpforms-2721-field_3-container\" class=\"wpforms-field wpforms-field-checkbox\" data-field-id=\"3\"><fieldset><legend class=\"wpforms-field-label\">Wybierz ofert\u0119 specjaln\u0105 <span class=\"wpforms-required-label\" aria-hidden=\"true\">*<\/span><\/legend><ul id=\"wpforms-2721-field_3\" class=\"wpforms-field-required\" data-choice-limit=\"1\"><li class=\"choice-1 depth-1\"><input type=\"checkbox\" id=\"wpforms-2721-field_3_1\" data-rule-check-limit=\"true\" name=\"wpforms[fields][3][]\" value=\"Wakacje All Inclusive\" aria-errormessage=\"wpforms-2721-field_3_1-error\" required ><label class=\"wpforms-field-label-inline\" for=\"wpforms-2721-field_3_1\">Wakacje All Inclusive<\/label><\/li><li class=\"choice-2 depth-1\"><input type=\"checkbox\" id=\"wpforms-2721-field_3_2\" data-rule-check-limit=\"true\" name=\"wpforms[fields][3][]\" value=\"Wycieczki dla szk\u00f3\u0142\" aria-errormessage=\"wpforms-2721-field_3_2-error\" required ><label class=\"wpforms-field-label-inline\" for=\"wpforms-2721-field_3_2\">Wycieczki dla szk\u00f3\u0142<\/label><\/li><li class=\"choice-3 depth-1\"><input type=\"checkbox\" id=\"wpforms-2721-field_3_3\" data-rule-check-limit=\"true\" name=\"wpforms[fields][3][]\" value=\"Pobyty narciarskie\" aria-errormessage=\"wpforms-2721-field_3_3-error\" required ><label class=\"wpforms-field-label-inline\" for=\"wpforms-2721-field_3_3\">Pobyty narciarskie<\/label><\/li><li class=\"choice-4 depth-1\"><input type=\"checkbox\" id=\"wpforms-2721-field_3_4\" data-rule-check-limit=\"true\" name=\"wpforms[fields][3][]\" value=\"Wielkanoc w g\u00f3rach\" aria-errormessage=\"wpforms-2721-field_3_4-error\" required ><label class=\"wpforms-field-label-inline\" for=\"wpforms-2721-field_3_4\">Wielkanoc w g\u00f3rach<\/label><\/li><li class=\"choice-5 depth-1\"><input type=\"checkbox\" id=\"wpforms-2721-field_3_5\" data-rule-check-limit=\"true\" name=\"wpforms[fields][3][]\" value=\"\u015awi\u0119ta Bo\u017cego Narodzenia w g\u00f3rach\" aria-errormessage=\"wpforms-2721-field_3_5-error\" required ><label class=\"wpforms-field-label-inline\" for=\"wpforms-2721-field_3_5\">\u015awi\u0119ta Bo\u017cego Narodzenia w g\u00f3rach<\/label><\/li><li class=\"choice-7 depth-1\"><input type=\"checkbox\" id=\"wpforms-2721-field_3_7\" data-rule-check-limit=\"true\" name=\"wpforms[fields][3][]\" value=\"Wypoczynek 5-dniowy\" aria-errormessage=\"wpforms-2721-field_3_7-error\" required ><label class=\"wpforms-field-label-inline\" for=\"wpforms-2721-field_3_7\">Wypoczynek 5-dniowy<\/label><\/li><li class=\"choice-6 depth-1\"><input type=\"checkbox\" id=\"wpforms-2721-field_3_6\" data-rule-check-limit=\"true\" name=\"wpforms[fields][3][]\" value=\"Inne\" aria-errormessage=\"wpforms-2721-field_3_6-error\" required ><label class=\"wpforms-field-label-inline\" for=\"wpforms-2721-field_3_6\">Inne<\/label><\/li><\/ul><\/fieldset><\/div><div id=\"wpforms-2721-field_2-container\" class=\"wpforms-field wpforms-field-textarea\" data-field-id=\"2\"><label class=\"wpforms-field-label\" for=\"wpforms-2721-field_2\">Tre\u015b\u0107 zapytania (prosz\u0119 okre\u015bli\u0107 termin, ilo\u015b\u0107 os\u00f3b doros\u0142ych i dzieci) <span class=\"wpforms-required-label\" aria-hidden=\"true\">*<\/span><\/label><textarea id=\"wpforms-2721-field_2\" class=\"wpforms-field-medium wpforms-field-required\" name=\"wpforms[fields][2]\" aria-errormessage=\"wpforms-2721-field_2-error\" required><\/textarea><\/div><\/div><!-- .wpforms-field-container --><div class=\"wpforms-submit-container\" ><input type=\"hidden\" name=\"wpforms[id]\" value=\"2721\"><input type=\"hidden\" name=\"wpforms[author]\" value=\"1\"><button type=\"submit\" name=\"wpforms[submit]\" id=\"wpforms-submit-2721\" class=\"wpforms-submit\" data-alt-text=\"Wysy\u0142anie...\" data-submit-text=\"Prze\u015blij\" aria-live=\"assertive\" value=\"wpforms-submit\">Prze\u015blij<\/button><img loading=\"lazy\" decoding=\"async\" src=\"https:\/\/gorzelanny.pl\/hotel-gorzelanny\/wp-content\/plugins\/wpforms-lite\/assets\/images\/submit-spin.svg\" class=\"wpforms-submit-spinner\" style=\"display: none;\" width=\"26\" height=\"26\" alt=\"Wczytywanie\"><\/div><\/form><\/div>  <!-- .wpforms-container -->[\/vc_tta_section][\/vc_tta_accordion][\/vc_column][\/vc_row][vc_row][vc_column width=&#8221;2\/3&#8243;][vc_column_text]<\/p>\n<p>[vc_row][vc_column][vc_column_text]<\/p>\n<div tabindex=\"0\" role=\"article\" data-tabster=\"{&quot;groupper&quot;:{&quot;tabbability&quot;:2},&quot;focusable&quot;:{}}\" data-content=\"ai-message\" aria-labelledby=\"Db1Dg6Karo4rvXGNSqy3M-author} Db1Dg6Karo4rvXGNSqy3M-content-0\">\n<div id=\"Db1Dg6Karo4rvXGNSqy3M-content-0\">\n<p style=\"text-align: center;\"><em>Zapraszamy na niezapomniane ferie zimowe w G\u00f3rach Opawskich! \ud83c\udfd4\ufe0f Odkryj magiczny \u015bwiat pokryty \u015bnie\u017cnym puchem, gdzie codzienno\u015b\u0107 ust\u0119puje miejsca czystej przyjemno\u015bci.<\/em><\/p>\n<p style=\"text-align: center;\"><em>Za dnia korzystaj z licznych stok\u00f3w narciarskich (w odleg\u0142o\u015bci 30-50km od hotelu), spaceruj po za\u015bnie\u017conych szlakach i bierz udzia\u0142 w ekscytuj\u0105cych zimowych atrakcjach. Nie zwlekaj, zarezerwuj swoje miejsce ju\u017c dzi\u015b i prze\u017cyj ferie, kt\u00f3re na d\u0142ugo pozostan\u0105 w Twojej pami\u0119ci! \u2744\ufe0f\ud83c\udf1f<\/em><\/p>\n<p style=\"text-align: center;\">\n<\/div>\n<\/div>\n<p>[\/vc_column_text][vc_empty_space][vc_media_grid element_width=&#8221;3&#8243; grid_id=&#8221;vc_gid:1772018662769-0f001ecb-efb0-5&#8243; include=&#8221;3601,3602,2830,2832&#8243;][\/vc_column][vc_column width=&#8221;1\/3&#8243;][vc_empty_space height=&#8221;50px&#8221;][vc_single_image image=&#8221;3600&#8243; img_size=&#8221;full&#8221; alignment=&#8221;center&#8221; style=&#8221;vc_box_circle_2&#8243;][\/vc_column][\/vc_row][vc_row][vc_column][vc_separator color=&#8221;blue&#8221; style=&#8221;shadow&#8221; border_width=&#8221;3&#8243;][vc_column_text]<strong>W ramach oferty:<\/strong><\/p>\n<ul>\n<li>noclegi w komfortowo wyposa\u017conych pokojach Standard<\/li>\n<li>codziennie obfite \u015bniadania i obiadokolacje w formie bufetu szwedzkiego dla ka\u017cdej z os\u00f3b (je\u017celi w Hotelu przebywa poni\u017cej 10 os\u00f3b posi\u0142ki w formie serwowanej)<\/li>\n<li>korzystanie z basenu wewn\u0119trznego , jacuzzi, sauny<\/li>\n<li>1 godzina gry w kr\u0119gle na pok\u00f3j<\/li>\n<\/ul>\n<ul>\n<li>\n<p align=\"LEFT\"><span style=\"color: #3366ff;\"><i><b>Dost\u0119p do Parku Rozrywki i Edukacji Rosenau (Zaginione Miasto) \u2013 uzale\u017cnione od warunk\u00f3w atmosferycznych, w tym:<\/b><\/i><i><br \/>\n&#8211; Jeden przejazd kolejk\u0105 turystyczn\u0105\/pobyt<br \/>\n&#8211; Jednorazowe wej\u015bcie do: Sztolni Z\u0142ota, Wykopaliska Skarb\u00f3w, kina 7D<\/i><\/span><\/p>\n<\/li>\n<\/ul>\n<p>[\/vc_column_text][vc_separator color=&#8221;blue&#8221; style=&#8221;shadow&#8221; border_width=&#8221;3&#8243;][vc_column_text]<strong>Atrakcje w okolicy:<\/strong><\/p>\n<ul>\n<li>zimowy zjazd pontonowy- Jarno\u0142t\u00f3wek (4km od hotelu)<\/li>\n<li>orczykowy wyci\u0105g narciarski, idealny do nauki jazdy- Dolni Udoli (12km od hotelu)<\/li>\n<li>wyci\u0105g narciarski Ramzova\/ Karlova Studanka ( 35km od hotelu)<\/li>\n<li>liczne szlaki g\u00f3rskie dost\u0119pne r\u00f3wnie\u017c zim\u0105<\/li>\n<\/ul>\n<p>[\/vc_column_text][vc_separator color=&#8221;blue&#8221; style=&#8221;shadow&#8221; border_width=&#8221;3&#8243;][vc_message message_box_color=&#8221;blue&#8221;]<\/p>\n<p style=\"text-align: center;\" data-start=\"484\" data-end=\"575\">Nie odk\u0142adaj zimowego wypoczynku na p\u00f3\u017aniej \u2013 <strong data-start=\"530\" data-end=\"568\">zapraszamy do rezerwacji ju\u017c dzi\u015b!<\/strong> \ud83d\udcc5\ud83d\udc99<\/p>\n<p style=\"text-align: center;\" data-start=\"577\" data-end=\"630\">\ud83d\udcde <a href=\"tel::0048881328081\"><strong data-start=\"580\" data-end=\"595\">881 328 081<\/strong><\/a><br data-start=\"595\" data-end=\"598\" \/>\ud83d\udce7 <strong data-start=\"601\" data-end=\"628\"><a class=\"decorated-link cursor-pointer\" href=\"mailto:info@hotelgorzelanny.pl\" rel=\"noopener\" data-start=\"603\" data-end=\"626\">info@hotelgorzelanny.pl<\/a><\/strong><\/p>\n<p style=\"text-align: center;\" data-start=\"632\" data-end=\"671\" data-is-last-node=\"\" data-is-only-node=\"\">Do zobaczenia w Hotelu Gorzelanny! \ud83d\ude0a\u2744\ufe0f<\/p>\n<p>[\/vc_message][\/vc_column][\/vc_row][vc_row][vc_column][stm_spacer height=&#8221;30&#8243;][stm_spacer height=&#8221;30&#8243;][vc_text_separator title=&#8221;STOKI NARCIARSKIE W OKOLICY&#8221; color=&#8221;sky&#8221;][vc_btn title=&#8221;WIDOK Z KAMER NA \u017bYWO NA STOKACH W POBLISKICH JESENIKACH&#8221; color=&#8221;sky&#8221; size=&#8221;lg&#8221; align=&#8221;center&#8221; i_icon_fontawesome=&#8221;stmicon-skiing&#8221; add_icon=&#8221;true&#8221; link=&#8221;url:https%3A%2F%2Fwww.holidayinfo.cz%2Fpl%2Fmapcams|target:_blank&#8221;][vc_separator color=&#8221;sky&#8221;][vc_tta_tabs][vc_tta_section title=&#8221;Zlat\u00e9 Hory &#8211; Doln\u00ed \u00dadol\u00ed&#8221; tab_id=&#8221;1737111167283-1971c66b-31cc&#8221;][vc_single_image image=&#8221;3051&#8243; img_size=&#8221;large&#8221; alignment=&#8221;center&#8221; onclick=&#8221;link_image&#8221;][vc_raw_html]JTNDaWZyYW1lJTIwc3JjJTNEJTIyaHR0cHMlM0ElMkYlMkZ3d3cuZ29vZ2xlLmNvbSUyRm1hcHMlMkZlbWJlZCUzRnBiJTNEJTIxMW0yOCUyMTFtMTIlMjExbTMlMjExZDU3MTUxLjU3Mzk2ODY2MTg1NCUyMTJkMTcuMzc2OTg5NzcyMTYzMTYlMjEzZDUwLjI2MDUxNTYwNDIyMjY1JTIxMm0zJTIxMWYwJTIxMmYwJTIxM2YwJTIxM20yJTIxMWkxMDI0JTIxMmk3NjglMjE0ZjEzLjElMjE0bTEzJTIxM2UwJTIxNG01JTIxMXMweDQ3MTE5NDEyMDA2MDkwOWYlMjUzQTB4ODFlYTAyYmQ4ZTMwNzMyNyUyMTJzUG9rcnp5d25hJTIxM20yJTIxMWQ1MC4yODcxMjI2JTIxMmQxNy40NTMxNDMzJTIxNG01JTIxMXMweDQ3MTE5MmMzNjc0YzNhMjklMjUzQTB4NDc5ZDczY2VlNmY5NzNmOCUyMTJ6VTJ0cFlYSmx3NkZzSUZVZ1VHVnJhVzVoSUMwZ1dteGhkTU9wSUVodmNua3NJRVJ2Ykc3RHJTRERtbVJ2Yk1PdExDQmFiR0YwdzZrZ1NHOXllU0IySUVwbGMyVnV3NjFydzZGamFDd2dRM3BsWTJoNSUyMTNtMiUyMTFkNTAuMjM5Nzg1MyUyMTJkMTcuMzQ3NDIxNSUyMTVlMSUyMTNtMiUyMTFzcGwlMjEyc3BsJTIxNHYxNzM3MTExNzU2NzMzJTIxNW0yJTIxMXNwbCUyMTJzcGwlMjIlMjB3aWR0aCUzRCUyMjEwMCUyNSUyMiUyMGhlaWdodCUzRCUyMjQ1MCUyMiUyMHN0eWxlJTNEJTIyYm9yZGVyJTNBMCUzQiUyMiUyMGFsbG93ZnVsbHNjcmVlbiUzRCUyMiUyMiUyMGxvYWRpbmclM0QlMjJsYXp5JTIyJTIwcmVmZXJyZXJwb2xpY3klM0QlMjJuby1yZWZlcnJlci13aGVuLWRvd25ncmFkZSUyMiUzRSUzQyUyRmlmcmFtZSUzRQ==[\/vc_raw_html][\/vc_tta_section][vc_tta_section title=&#8221;Kop\u0159ivn\u00e1&#8221; tab_id=&#8221;1737111376803-af3f750b-6bf7&#8243;][vc_single_image image=&#8221;3052&#8243; img_size=&#8221;large&#8221; alignment=&#8221;center&#8221; onclick=&#8221;link_image&#8221;][vc_raw_html]JTNDaWZyYW1lJTIwc3JjJTNEJTIyaHR0cHMlM0ElMkYlMkZ3d3cuZ29vZ2xlLmNvbSUyRm1hcHMlMkZlbWJlZCUzRnBiJTNEJTIxMW0yOCUyMTFtMTIlMjExbTMlMjExZDI3MjQyNC4yODI1NjA4OTM5JTIxMmQxNy4yMTE3OTM2NDA0OTM2NTMlMjEzZDUwLjE2MTYxMzQ2MjA1NTk0NiUyMTJtMyUyMTFmMCUyMTJmMCUyMTNmMCUyMTNtMiUyMTFpMTAyNCUyMTJpNzY4JTIxNGYxMy4xJTIxNG0xMyUyMTNlMCUyMTRtNSUyMTFzMHg0NzExOTQxMjAwNjA5MDlmJTI1M0EweDgxZWEwMmJkOGUzMDczMjclMjEyc1Bva3J6eXduYSUyMTNtMiUyMTFkNTAuMjg3MTIyNiUyMTJkMTcuNDUzMTQzMyUyMTRtNSUyMTFzMHg0NzEyMjBiMWY0OWQ5MTNmJTI1M0EweDlmOGU1ZTNhOTEzODkwZjElMjEyelUydHBJRkpsYzI5eWRDQkxiM0RGbVdsMmJzT2hMQ0JOWVd6RG9TQk5iM0xEb1hacllTd2dRM3BsWTJoNSUyMTNtMiUyMTFkNTAuMDM0MDY1MiUyMTJkMTcuMzA4Njc5NSUyMTVlMSUyMTNtMiUyMTFzcGwlMjEyc3BsJTIxNHYxNzM3MTExOTc4ODk3JTIxNW0yJTIxMXNwbCUyMTJzcGwlMjIlMjB3aWR0aCUzRCUyMjEwMCUyNSUyMiUyMGhlaWdodCUzRCUyMjQ1MCUyMiUyMHN0eWxlJTNEJTIyYm9yZGVyJTNBMCUzQiUyMiUyMGFsbG93ZnVsbHNjcmVlbiUzRCUyMiUyMiUyMGxvYWRpbmclM0QlMjJsYXp5JTIyJTIwcmVmZXJyZXJwb2xpY3klM0QlMjJuby1yZWZlcnJlci13aGVuLWRvd25ncmFkZSUyMiUzRSUzQyUyRmlmcmFtZSUzRQ==[\/vc_raw_html][\/vc_tta_section][vc_tta_section title=&#8221;Ramzov\u00e1&#8221; tab_id=&#8221;1737111167314-ca8d46e3-83e8&#8243;][vc_single_image image=&#8221;3058&#8243; img_size=&#8221;large&#8221; alignment=&#8221;right&#8221; onclick=&#8221;link_image&#8221;][vc_raw_html]JTNDaWZyYW1lJTIwc3JjJTNEJTIyaHR0cHMlM0ElMkYlMkZ3d3cuZ29vZ2xlLmNvbSUyRm1hcHMlMkZlbWJlZCUzRnBiJTNEJTIxMW0yOCUyMTFtMTIlMjExbTMlMjExZDEwNDkwMy41MzIwMTA3Njk2MiUyMTJkMTcuMTU0NzQ4Mjk0Mjc5OTA1JTIxM2Q1MC4yMjA5Mjk2MTE5OTY4JTIxMm0zJTIxMWYwJTIxMmYwJTIxM2YwJTIxM20yJTIxMWkxMDI0JTIxMmk3NjglMjE0ZjEzLjElMjE0bTEzJTIxM2UwJTIxNG01JTIxMXMweDQ3MTE5NDEyMDA2MDkwOWYlMjUzQTB4ODFlYTAyYmQ4ZTMwNzMyNyUyMTJzUG9rcnp5d25hJTIxM20yJTIxMWQ1MC4yODcxMjI2JTIxMmQxNy40NTMxNDMzJTIxNG01JTIxMXMweDQ3MTFmMDk0MjgxNmMxYjklMjUzQTB4ZTVhODY5Y2UyMjc4M2Y2ZSUyMTJ6VTJ0cElHRnlaY09oYkNCU1lXMTZiM2JEb1N3Z1VtRnRlbTkydzZFc0lFOXpkSEoxeGI1dXc2RXRWc085WkdWcWJzT3RJRzNEclhOMGJ5QkNjbUZ1YnNPaExDQkRlbVZqYUhrJTIxM20yJTIxMWQ1MC4xOTE4OTYxJTIxMmQxNy4wNjc4NzglMjE1ZTElMjEzbTIlMjExc3BsJTIxMnNwbCUyMTR2MTczNzExMTkyMzg2NSUyMTVtMiUyMTFzcGwlMjEyc3BsJTIyJTIwd2lkdGglM0QlMjIxMDAlMjUlMjIlMjBoZWlnaHQlM0QlMjI0NTAlMjIlMjBzdHlsZSUzRCUyMmJvcmRlciUzQTAlM0IlMjIlMjBhbGxvd2Z1bGxzY3JlZW4lM0QlMjIlMjIlMjBsb2FkaW5nJTNEJTIybGF6eSUyMiUyMHJlZmVycmVycG9saWN5JTNEJTIybm8tcmVmZXJyZXItd2hlbi1kb3duZ3JhZGUlMjIlM0UlM0MlMkZpZnJhbWUlM0U=[\/vc_raw_html][\/vc_tta_section][vc_tta_section title=&#8221;Miroslav &#8211; Lipov\u00e1 L\u00e1zn\u011b&#8221; tab_id=&#8221;1737111524112-85aec3e8-bcf8&#8243;][vc_single_image image=&#8221;3054&#8243; img_size=&#8221;large&#8221; alignment=&#8221;center&#8221; onclick=&#8221;link_image&#8221;][vc_raw_html]JTNDaWZyYW1lJTIwc3JjJTNEJTIyaHR0cHMlM0ElMkYlMkZ3d3cuZ29vZ2xlLmNvbSUyRm1hcHMlMkZlbWJlZCUzRnBiJTNEJTIxMW0yOCUyMTFtMTIlMjExbTMlMjExZDEzNTkwMi42NjQ5NzkzMjg0NiUyMTJkMTcuMTkxNTQxNDM2NTkwMTclMjEzZDUwLjI3MDEzNDk5NzUxODk2NiUyMTJtMyUyMTFmMCUyMTJmMCUyMTNmMCUyMTNtMiUyMTFpMTAyNCUyMTJpNzY4JTIxNGYxMy4xJTIxNG0xMyUyMTNlMCUyMTRtNSUyMTFzMHg0NzExOTQxMjAwNjA5MDlmJTI1M0EweDgxZWEwMmJkOGUzMDczMjclMjEyc1Bva3J6eXduYSUyMTNtMiUyMTFkNTAuMjg3MTIyNiUyMTJkMTcuNDUzMTQzMyUyMTRtNSUyMTFzMHg0NzExZjA3M2RiYThjMzM1JTI1M0EweDQzZDdjYWQ0YTg4ZWZiZTclMjEyc1NraSUyNTIwY2VudGVyJTI1MjBNaXJvc2xhdiUyNTJDJTI1MjBMaXBvdiUyNUMzJTI1QTEtbCUyNUMzJTI1QTF6biUyNUM0JTI1OUIlMjUyMDElMjUyQyUyNTIwQ3plY2h5JTIxM20yJTIxMWQ1MC4yMTkxNTUwOTk5OTk5OTUlMjEyZDE3LjEyNTgyNzYlMjE1ZTElMjEzbTIlMjExc3BsJTIxMnNwbCUyMTR2MTczNzExMjA2MTgzMiUyMTVtMiUyMTFzcGwlMjEyc3BsJTIyJTIwd2lkdGglM0QlMjIxMDAlMjUlMjIlMjBoZWlnaHQlM0QlMjI0NTAlMjIlMjBzdHlsZSUzRCUyMmJvcmRlciUzQTAlM0IlMjIlMjBhbGxvd2Z1bGxzY3JlZW4lM0QlMjIlMjIlMjBsb2FkaW5nJTNEJTIybGF6eSUyMiUyMHJlZmVycmVycG9saWN5JTNEJTIybm8tcmVmZXJyZXItd2hlbi1kb3duZ3JhZGUlMjIlM0UlM0MlMkZpZnJhbWUlM0U=[\/vc_raw_html][\/vc_tta_section][vc_tta_section title=&#8221;Filipovice&#8221; tab_id=&#8221;1737111429802-ace07297-e603&#8243;][vc_single_image image=&#8221;3055&#8243; img_size=&#8221;large&#8221; alignment=&#8221;center&#8221; onclick=&#8221;link_image&#8221;][vc_raw_html]JTNDaWZyYW1lJTIwc3JjJTNEJTIyaHR0cHMlM0ElMkYlMkZ3d3cuZ29vZ2xlLmNvbSUyRm1hcHMlMkZlbWJlZCUzRnBiJTNEJTIxMW0yOCUyMTFtMTIlMjExbTMlMjExZDI3MjEzNy40MTM0NzYxMDY1NCUyMTJkMTcuMTQ2OTc2MTk3NjQwMDU0JTIxM2Q1MC4yMTE5MzE3Njc5MjM1MSUyMTJtMyUyMTFmMCUyMTJmMCUyMTNmMCUyMTNtMiUyMTFpMTAyNCUyMTJpNzY4JTIxNGYxMy4xJTIxNG0xMyUyMTNlMCUyMTRtNSUyMTFzMHg0NzExOTQxMjAwNjA5MDlmJTI1M0EweDgxZWEwMmJkOGUzMDczMjclMjEyc1Bva3J6eXduYSUyMTNtMiUyMTFkNTAuMjg3MTIyNiUyMTJkMTcuNDUzMTQzMyUyMTRtNSUyMTFzMHg0NzExZjNmNDIxNjAyOWY1JTI1M0EweDM2Zjc4NzZkMzA2ZWRiZTQlMjEyc1NLSSUyNTIwQVJFTkElMjUyMEZJTElQT1ZJQ0UlMjUyQyUyNTIwRmlsaXBvdmljZSUyNTJDJTI1MjBTa2lwYXJrLUplc2VuJTI1QzMlMjVBRGslMjUyMDElMjUyQyUyNTIwQ3plY2h5JTIxM20yJTIxMWQ1MC4xNTUzNjIyJTIxMmQxNy4xNzAzMzk3JTIxNWUxJTIxM20yJTIxMXNwbCUyMTJzcGwlMjE0djE3MzcxMTIwMjI1ODIlMjE1bTIlMjExc3BsJTIxMnNwbCUyMiUyMHdpZHRoJTNEJTIyMTAwJTI1JTIyJTIwaGVpZ2h0JTNEJTIyNDUwJTIyJTIwc3R5bGUlM0QlMjJib3JkZXIlM0EwJTNCJTIyJTIwYWxsb3dmdWxsc2NyZWVuJTNEJTIyJTIyJTIwbG9hZGluZyUzRCUyMmxhenklMjIlMjByZWZlcnJlcnBvbGljeSUzRCUyMm5vLXJlZmVycmVyLXdoZW4tZG93bmdyYWRlJTIyJTNFJTNDJTJGaWZyYW1lJTNF[\/vc_raw_html][\/vc_tta_section][\/vc_tta_tabs][\/vc_column][\/vc_row]<\/p>\n","protected":false},"excerpt":{"rendered":"<p>[vc_row][vc_column parallax=&#8221;content-moving&#8221; shadow_x_offset=&#8221;0&#8243; shadow_y_offset=&#8221;0&#8243; shadow_blur=&#8221;0&#8243; shadow_spread=&#8221;0&#8243; shadow_color=&#8221;&#8221;][vc_tta_accordion style=&#8221;modern&#8221; shape=&#8221;square&#8221; color=&#8221;blue&#8221; c_align=&#8221;center&#8221; c_icon=&#8221;&#8221; active_section=&#8221;&#8221;][vc_tta_section i_icon_fontawesome=&#8221;stmicon-hotel&#8221; add_icon=&#8221;true&#8221; title=&#8221;KLIKNIJ I ZAREZERWUJ POBYT&#8221; tab_id=&#8221;1607808799803-b36afb86-776e&#8221;][\/vc_tta_section][\/vc_tta_accordion][\/vc_column][\/vc_row][vc_row][vc_column width=&#8221;2\/3&#8243;][vc_column_text] [vc_row][vc_column][vc_column_text] Zapraszamy na niezapomniane ferie zimowe w G\u00f3rach Opawskich! \ud83c\udfd4\ufe0f Odkryj magiczny \u015bwiat pokryty \u015bnie\u017cnym puchem, gdzie codzienno\u015b\u0107 ust\u0119puje miejsca czystej przyjemno\u015bci. Za dnia korzystaj z licznych stok\u00f3w narciarskich (w odleg\u0142o\u015bci 30-50km od hotelu), [&hellip;]<\/p>\n","protected":false},"author":1,"featured_media":3526,"parent":0,"menu_order":1,"comment_status":"closed","ping_status":"closed","template":"","meta":{"om_disable_all_campaigns":false,"footnotes":""},"categories":[],"class_list":["post-2974","page","type-page","status-publish","has-post-thumbnail","hentry"],"_links":{"self":[{"href":"https:\/\/gorzelanny.pl\/hotel-gorzelanny\/wp-json\/wp\/v2\/pages\/2974"}],"collection":[{"href":"https:\/\/gorzelanny.pl\/hotel-gorzelanny\/wp-json\/wp\/v2\/pages"}],"about":[{"href":"https:\/\/gorzelanny.pl\/hotel-gorzelanny\/wp-json\/wp\/v2\/types\/page"}],"author":[{"embeddable":true,"href":"https:\/\/gorzelanny.pl\/hotel-gorzelanny\/wp-json\/wp\/v2\/users\/1"}],"replies":[{"embeddable":true,"href":"https:\/\/gorzelanny.pl\/hotel-gorzelanny\/wp-json\/wp\/v2\/comments?post=2974"}],"version-history":[{"count":34,"href":"https:\/\/gorzelanny.pl\/hotel-gorzelanny\/wp-json\/wp\/v2\/pages\/2974\/revisions"}],"predecessor-version":[{"id":3612,"href":"https:\/\/gorzelanny.pl\/hotel-gorzelanny\/wp-json\/wp\/v2\/pages\/2974\/revisions\/3612"}],"wp:featuredmedia":[{"embeddable":true,"href":"https:\/\/gorzelanny.pl\/hotel-gorzelanny\/wp-json\/wp\/v2\/media\/3526"}],"wp:attachment":[{"href":"https:\/\/gorzelanny.pl\/hotel-gorzelanny\/wp-json\/wp\/v2\/media?parent=2974"}],"wp:term":[{"taxonomy":"category","embeddable":true,"href":"https:\/\/gorzelanny.pl\/hotel-gorzelanny\/wp-json\/wp\/v2\/categories?post=2974"}],"curies":[{"name":"wp","href":"https:\/\/api.w.org\/{rel}","templated":true}]}}