{"id":3403,"date":"2025-05-08T12:51:38","date_gmt":"2025-05-08T10:51:38","guid":{"rendered":"https:\/\/gorzelanny.pl\/hotel-gorzelanny\/?page_id=3403"},"modified":"2025-05-08T12:59:57","modified_gmt":"2025-05-08T10:59:57","slug":"kregielnia","status":"publish","type":"page","link":"https:\/\/gorzelanny.pl\/hotel-gorzelanny\/kregielnia\/","title":{"rendered":"KR\u0118GIELNIA"},"content":{"rendered":"<p>[vc_row][vc_column width=&#8221;2\/3&#8243;][vc_empty_space][vc_column_text]\ud83c\udfb3 <strong>Kr\u0119gielnia w Hotelu Gorzelanny \u2013 miejsce pe\u0142ne emocji i \u015bwietnej zabawy!<\/strong> \ud83c\udfb3 Zapraszamy do nowoczesnej kr\u0119gielni, gdzie czeka na Ciebie doskona\u0142a rozrywka, rywalizacja i mn\u00f3stwo pozytywnej energii! To idealne miejsce zar\u00f3wno na rodzinne spotkania, jak i wieczorne wyj\u015bcia ze znajomymi czy firmowe integracje.[\/vc_column_text][vc_column_text]\u2728 Niezale\u017cnie od tego, czy jeste\u015b do\u015bwiadczonym graczem, czy dopiero zaczynasz swoj\u0105 przygod\u0119 z kr\u0119glami, z pewno\u015bci\u0105 poczujesz tutaj sportow\u0105 ekscytacj\u0119! Przyjemne o\u015bwietlenie, dynamiczna muzyka i komfortowe wn\u0119trze sprawiaj\u0105, \u017ce ka\u017cdy mecz jest pe\u0142en emocji.[\/vc_column_text][vc_column_text]\ud83c\udfaf <strong>Idealne miejsce na wyj\u0105tkowe okazje<\/strong> Planujesz urodziny, imprez\u0119 firmow\u0105 czy wiecz\u00f3r kawalerski? Kr\u0119gielnia w Hotelu Gorzelanny to strza\u0142 w dziesi\u0105tk\u0119! Zapewniamy \u015bwietn\u0105 zabaw\u0119, niezapomniane chwile i atmosfer\u0119, do kt\u00f3rej chce si\u0119 wraca\u0107. Gotowy na pe\u0142n\u0105 emocji rund\u0119? Przyjd\u017a i sprawd\u017a swoje umiej\u0119tno\u015bci \u2013 kto wie, mo\u017ce zostaniesz mistrzem toru! \ud83c\udfb3\ud83d\udd25[\/vc_column_text][\/vc_column][vc_column width=&#8221;1\/3&#8243;][vc_empty_space height=&#8221;62px&#8221;][vc_single_image image=&#8221;3380&#8243; img_size=&#8221;large&#8221; alignment=&#8221;center&#8221; style=&#8221;vc_box_circle_2&#8243;][\/vc_column][\/vc_row][vc_row][vc_column][vc_empty_space][vc_media_grid item=&#8221;mediaGrid_ScaleInWithIcon&#8221; initial_loading_animation=&#8221;bounce&#8221; grid_id=&#8221;vc_gid:1746701580166-bf40ccab98114380d0948525558552cc-7&#8243; include=&#8221;3406,3407,3408,3409,3410,3411&#8243;][vc_empty_space height=&#8221;60px&#8221;][vc_separator color=&#8221;green&#8221; style=&#8221;dashed&#8221; border_width=&#8221;3&#8243;][vc_custom_heading text=&#8221;\ud83d\udccd Serdecznie zapraszamy do sp\u0119dzenia niezapomnianych chwil przy kr\u0119glach! \ud83c\udf8a&#8221; font_container=&#8221;tag:h3|text_align:center&#8221; google_fonts=&#8221;font_family:Cantarell%3Aregular%2Citalic%2C700%2C700italic|font_style:700%20bold%20regular%3A700%3Anormal&#8221;][vc_separator color=&#8221;green&#8221; style=&#8221;dashed&#8221; border_width=&#8221;3&#8243;][\/vc_column][\/vc_row]<\/p>\n","protected":false},"excerpt":{"rendered":"<p>[vc_row][vc_column width=&#8221;2\/3&#8243;][vc_empty_space][vc_column_text]\ud83c\udfb3 Kr\u0119gielnia w Hotelu Gorzelanny \u2013 miejsce pe\u0142ne emocji i \u015bwietnej zabawy! \ud83c\udfb3 Zapraszamy do nowoczesnej kr\u0119gielni, gdzie czeka na Ciebie doskona\u0142a rozrywka, rywalizacja i mn\u00f3stwo pozytywnej energii! To idealne miejsce zar\u00f3wno na rodzinne spotkania, jak i wieczorne wyj\u015bcia ze znajomymi czy firmowe integracje.[\/vc_column_text][vc_column_text]\u2728 Niezale\u017cnie od tego, czy jeste\u015b do\u015bwiadczonym graczem, czy dopiero zaczynasz [&hellip;]<\/p>\n","protected":false},"author":1,"featured_media":0,"parent":0,"menu_order":0,"comment_status":"closed","ping_status":"closed","template":"","meta":{"om_disable_all_campaigns":false,"footnotes":""},"categories":[],"class_list":["post-3403","page","type-page","status-publish","hentry"],"_links":{"self":[{"href":"https:\/\/gorzelanny.pl\/hotel-gorzelanny\/wp-json\/wp\/v2\/pages\/3403"}],"collection":[{"href":"https:\/\/gorzelanny.pl\/hotel-gorzelanny\/wp-json\/wp\/v2\/pages"}],"about":[{"href":"https:\/\/gorzelanny.pl\/hotel-gorzelanny\/wp-json\/wp\/v2\/types\/page"}],"author":[{"embeddable":true,"href":"https:\/\/gorzelanny.pl\/hotel-gorzelanny\/wp-json\/wp\/v2\/users\/1"}],"replies":[{"embeddable":true,"href":"https:\/\/gorzelanny.pl\/hotel-gorzelanny\/wp-json\/wp\/v2\/comments?post=3403"}],"version-history":[{"count":3,"href":"https:\/\/gorzelanny.pl\/hotel-gorzelanny\/wp-json\/wp\/v2\/pages\/3403\/revisions"}],"predecessor-version":[{"id":3412,"href":"https:\/\/gorzelanny.pl\/hotel-gorzelanny\/wp-json\/wp\/v2\/pages\/3403\/revisions\/3412"}],"wp:attachment":[{"href":"https:\/\/gorzelanny.pl\/hotel-gorzelanny\/wp-json\/wp\/v2\/media?parent=3403"}],"wp:term":[{"taxonomy":"category","embeddable":true,"href":"https:\/\/gorzelanny.pl\/hotel-gorzelanny\/wp-json\/wp\/v2\/categories?post=3403"}],"curies":[{"name":"wp","href":"https:\/\/api.w.org\/{rel}","templated":true}]}}