{"id":3466,"date":"2025-09-26T13:01:11","date_gmt":"2025-09-26T11:01:11","guid":{"rendered":"https:\/\/gorzelanny.pl\/hotel-gorzelanny\/?page_id=3466"},"modified":"2025-12-02T12:29:17","modified_gmt":"2025-12-02T11:29:17","slug":"sylwester-2025-2026-w-gorach","status":"publish","type":"page","link":"https:\/\/gorzelanny.pl\/hotel-gorzelanny\/sylwester-2025-2026-w-gorach\/","title":{"rendered":"SYLWESTER 2025\/2026 W G\u00d3RACH"},"content":{"rendered":"<p>[vc_row][vc_column]\n\t\t\t<!-- START sylwester REVOLUTION SLIDER 6.1.5 --><p class=\"rs-p-wp-fix\"><\/p>\n\t\t\t<rs-module-wrap id=\"rev_slider_13_1_wrapper\" data-source=\"gallery\" style=\"background:transparent;padding:0;margin:0px auto;margin-top:0;margin-bottom:0;\">\n\t\t\t\t<rs-module id=\"rev_slider_13_1\" style=\"display:none;\" data-version=\"6.1.5\">\n\t\t\t\t\t<rs-slides>\n\t\t\t\t\t\t<rs-slide data-key=\"rs-48\" data-title=\"Slide\" data-anim=\"ei:d;eo:d;s:d;r:0;t:fade;sl:d;\">\n\t\t\t\t\t\t\t<img decoding=\"async\" src=\"\/\/gorzelanny.pl\/hotel-gorzelanny\/wp-content\/plugins\/revslider\/public\/assets\/assets\/transparent.png\" title=\"SYLWESTER 2025\/2026 W G\u00d3RACH\" class=\"rev-slidebg\" data-no-retina>\n<!--\n\t\t\t\t\t\t\t--><rs-layer\n\t\t\t\t\t\t\t\tid=\"slider-13-slide-48-layer-1\" \n\t\t\t\t\t\t\t\tdata-type=\"image\"\n\t\t\t\t\t\t\t\tdata-rsp_ch=\"on\"\n\t\t\t\t\t\t\t\tdata-xy=\"x:1px;y:-457px;\"\n\t\t\t\t\t\t\t\tdata-text=\"w:normal;\"\n\t\t\t\t\t\t\t\tdata-dim=\"w:2611px;h:1736px;\"\n\t\t\t\t\t\t\t\tdata-frame_999=\"o:0;st:w;\"\n\t\t\t\t\t\t\t\tstyle=\"z-index:10;\"\n\t\t\t\t\t\t\t><img loading=\"lazy\" decoding=\"async\" src=\"\/\/gorzelanny.pl\/hotel-gorzelanny\/wp-content\/uploads\/2022\/09\/Fotolia_181276680_Subscription_Monthly_M.jpg\" width=\"1691\" height=\"1124\" data-no-retina> \n\t\t\t\t\t\t\t<\/rs-layer><!--\n-->\t\t\t\t\t\t<\/rs-slide>\n\t\t\t\t\t<\/rs-slides>\n\t\t\t\t\t<rs-progress class=\"rs-bottom\" style=\"visibility: hidden !important;\"><\/rs-progress>\n\t\t\t\t<\/rs-module>\n\t\t\t\t<script type=\"text\/javascript\">\n\t\t\t\t\tsetREVStartSize({c: 'rev_slider_13_1',rl:[1240,1024,778,480],el:[700],gw:[2600],gh:[700],layout:'fullwidth',mh:\"0\"});\n\t\t\t\t\tvar\trevapi13,\n\t\t\t\t\t\ttpj;\n\t\t\t\t\tjQuery(function() {\n\t\t\t\t\t\ttpj = jQuery;\n\t\t\t\t\t\tif(tpj(\"#rev_slider_13_1\").revolution == undefined){\n\t\t\t\t\t\t\trevslider_showDoubleJqueryError(\"#rev_slider_13_1\");\n\t\t\t\t\t\t}else{\n\t\t\t\t\t\t\trevapi13 = tpj(\"#rev_slider_13_1\").show().revolution({\n\t\t\t\t\t\t\t\tjsFileLocation:\"\/\/gorzelanny.pl\/hotel-gorzelanny\/wp-content\/plugins\/revslider\/public\/assets\/js\/\",\n\t\t\t\t\t\t\t\tsliderLayout:\"fullwidth\",\n\t\t\t\t\t\t\t\tvisibilityLevels:\"1240,1024,778,480\",\n\t\t\t\t\t\t\t\tgridwidth:2600,\n\t\t\t\t\t\t\t\tgridheight:700,\n\t\t\t\t\t\t\t\tminHeight:\"\",\n\t\t\t\t\t\t\t\tspinner:\"spinner0\",\n\t\t\t\t\t\t\t\teditorheight:\"700,768,960,720\",\n\t\t\t\t\t\t\t\tresponsiveLevels:\"1240,1024,778,480\",\n\t\t\t\t\t\t\t\tdisableProgressBar:\"on\",\n\t\t\t\t\t\t\t\tnavigation: {\n\t\t\t\t\t\t\t\t\tonHoverStop:false\n\t\t\t\t\t\t\t\t},\n\t\t\t\t\t\t\t\tfallbacks: {\n\t\t\t\t\t\t\t\t\tallowHTML5AutoPlayOnAndroid:true\n\t\t\t\t\t\t\t\t},\n\t\t\t\t\t\t\t});\n\t\t\t\t\t\t}\n\t\t\t\t\t\t\n\t\t\t\t\t});\n\t\t\t\t<\/script>\n\t\t\t<\/rs-module-wrap>\n\t\t\t<!-- END REVOLUTION SLIDER -->\n[vc_empty_space][\/vc_column][\/vc_row][vc_row][vc_column][vc_text_separator title=&#8221;\ud83c\udf86 Sylwester w G\u00f3rach Opawskich \u2013 powitaj Nowy Rok z klas\u0105! \ud83c\udf86&#8221; color=&#8221;mulled_wine&#8221;][\/vc_column][\/vc_row][vc_row][vc_column parallax=&#8221;content-moving&#8221; shadow_x_offset=&#8221;0&#8243; shadow_y_offset=&#8221;0&#8243; shadow_blur=&#8221;0&#8243; shadow_spread=&#8221;0&#8243; shadow_color=&#8221;&#8221;][vc_tta_accordion style=&#8221;modern&#8221; color=&#8221;blue&#8221; c_align=&#8221;center&#8221; active_section=&#8221;&#8221;][vc_tta_section i_icon_fontawesome=&#8221;stmicon-hotel&#8221; add_icon=&#8221;true&#8221; title=&#8221;KLIKNIJ I ZAREZERWUJ POBYT&#8221; tab_id=&#8221;1607808799803-b36afb86-776e&#8221;]<div class=\"wpforms-container wpforms-container-full wpforms-render-modern\" id=\"wpforms-2721\"><form id=\"wpforms-form-2721\" class=\"wpforms-validate wpforms-form wpforms-ajax-form\" data-formid=\"2721\" method=\"post\" enctype=\"multipart\/form-data\" action=\"\/hotel-gorzelanny\/wp-json\/wp\/v2\/pages\/3466\" data-token=\"dd7c157e01e09c34c26e0f90d654616d\"><noscript class=\"wpforms-error-noscript\">Aby wype\u0142ni\u0107 ten formularz, w\u0142\u0105cz obs\u0142ug\u0119 JavaScript w przegl\u0105darce.<\/noscript><div class=\"wpforms-hidden\" id=\"wpforms-error-noscript\">Aby wype\u0142ni\u0107 ten formularz, w\u0142\u0105cz obs\u0142ug\u0119 JavaScript w przegl\u0105darce.<\/div><div class=\"wpforms-field-container\"><div id=\"wpforms-2721-field_0-container\" class=\"wpforms-field wpforms-field-name\" data-field-id=\"0\"><fieldset><legend class=\"wpforms-field-label\">Imi\u0119 i nazwisko <span class=\"wpforms-required-label\" aria-hidden=\"true\">*<\/span><\/legend><div class=\"wpforms-field-row wpforms-field-medium\"><div class=\"wpforms-field-row-block wpforms-first wpforms-one-half\"><input type=\"text\" id=\"wpforms-2721-field_0\" class=\"wpforms-field-name-first wpforms-field-required\" name=\"wpforms[fields][0][first]\" aria-errormessage=\"wpforms-2721-field_0-error\" required><label for=\"wpforms-2721-field_0\" class=\"wpforms-field-sublabel after \">Imi\u0119<\/label><\/div><div class=\"wpforms-field-row-block wpforms-one-half\"><input type=\"text\" id=\"wpforms-2721-field_0-last\" class=\"wpforms-field-name-last wpforms-field-required\" name=\"wpforms[fields][0][last]\" aria-errormessage=\"wpforms-2721-field_0-last-error\" required><label for=\"wpforms-2721-field_0-last\" class=\"wpforms-field-sublabel after \">Nazwisko<\/label><\/div><\/div><\/fieldset><\/div><div id=\"wpforms-2721-field_1-container\" class=\"wpforms-field wpforms-field-email\" data-field-id=\"1\"><label class=\"wpforms-field-label\" for=\"wpforms-2721-field_1\">E-mail <span class=\"wpforms-required-label\" aria-hidden=\"true\">*<\/span><\/label><input type=\"email\" id=\"wpforms-2721-field_1\" class=\"wpforms-field-medium wpforms-field-required\" name=\"wpforms[fields][1]\" spellcheck=\"false\" aria-errormessage=\"wpforms-2721-field_1-error\" required><\/div><div id=\"wpforms-2721-field_3-container\" class=\"wpforms-field wpforms-field-checkbox\" data-field-id=\"3\"><fieldset><legend class=\"wpforms-field-label\">Wybierz ofert\u0119 specjaln\u0105 <span class=\"wpforms-required-label\" aria-hidden=\"true\">*<\/span><\/legend><ul id=\"wpforms-2721-field_3\" class=\"wpforms-field-required\" data-choice-limit=\"1\"><li class=\"choice-1 depth-1\"><input type=\"checkbox\" id=\"wpforms-2721-field_3_1\" data-rule-check-limit=\"true\" name=\"wpforms[fields][3][]\" value=\"Wakacje All Inclusive\" aria-errormessage=\"wpforms-2721-field_3_1-error\" required ><label class=\"wpforms-field-label-inline\" for=\"wpforms-2721-field_3_1\">Wakacje All Inclusive<\/label><\/li><li class=\"choice-2 depth-1\"><input type=\"checkbox\" id=\"wpforms-2721-field_3_2\" data-rule-check-limit=\"true\" name=\"wpforms[fields][3][]\" value=\"Wycieczki dla szk\u00f3\u0142\" aria-errormessage=\"wpforms-2721-field_3_2-error\" required ><label class=\"wpforms-field-label-inline\" for=\"wpforms-2721-field_3_2\">Wycieczki dla szk\u00f3\u0142<\/label><\/li><li class=\"choice-3 depth-1\"><input type=\"checkbox\" id=\"wpforms-2721-field_3_3\" data-rule-check-limit=\"true\" name=\"wpforms[fields][3][]\" value=\"Pobyty narciarskie\" aria-errormessage=\"wpforms-2721-field_3_3-error\" required ><label class=\"wpforms-field-label-inline\" for=\"wpforms-2721-field_3_3\">Pobyty narciarskie<\/label><\/li><li class=\"choice-4 depth-1\"><input type=\"checkbox\" id=\"wpforms-2721-field_3_4\" data-rule-check-limit=\"true\" name=\"wpforms[fields][3][]\" value=\"Wielkanoc w g\u00f3rach\" aria-errormessage=\"wpforms-2721-field_3_4-error\" required ><label class=\"wpforms-field-label-inline\" for=\"wpforms-2721-field_3_4\">Wielkanoc w g\u00f3rach<\/label><\/li><li class=\"choice-5 depth-1\"><input type=\"checkbox\" id=\"wpforms-2721-field_3_5\" data-rule-check-limit=\"true\" name=\"wpforms[fields][3][]\" value=\"\u015awi\u0119ta Bo\u017cego Narodzenia w g\u00f3rach\" aria-errormessage=\"wpforms-2721-field_3_5-error\" required ><label class=\"wpforms-field-label-inline\" for=\"wpforms-2721-field_3_5\">\u015awi\u0119ta Bo\u017cego Narodzenia w g\u00f3rach<\/label><\/li><li class=\"choice-7 depth-1\"><input type=\"checkbox\" id=\"wpforms-2721-field_3_7\" data-rule-check-limit=\"true\" name=\"wpforms[fields][3][]\" value=\"Wypoczynek 5-dniowy\" aria-errormessage=\"wpforms-2721-field_3_7-error\" required ><label class=\"wpforms-field-label-inline\" for=\"wpforms-2721-field_3_7\">Wypoczynek 5-dniowy<\/label><\/li><li class=\"choice-6 depth-1\"><input type=\"checkbox\" id=\"wpforms-2721-field_3_6\" data-rule-check-limit=\"true\" name=\"wpforms[fields][3][]\" value=\"Inne\" aria-errormessage=\"wpforms-2721-field_3_6-error\" required ><label class=\"wpforms-field-label-inline\" for=\"wpforms-2721-field_3_6\">Inne<\/label><\/li><\/ul><\/fieldset><\/div><div id=\"wpforms-2721-field_2-container\" class=\"wpforms-field wpforms-field-textarea\" data-field-id=\"2\"><label class=\"wpforms-field-label\" for=\"wpforms-2721-field_2\">Tre\u015b\u0107 zapytania (prosz\u0119 okre\u015bli\u0107 termin, ilo\u015b\u0107 os\u00f3b doros\u0142ych i dzieci) <span class=\"wpforms-required-label\" aria-hidden=\"true\">*<\/span><\/label><textarea id=\"wpforms-2721-field_2\" class=\"wpforms-field-medium wpforms-field-required\" name=\"wpforms[fields][2]\" aria-errormessage=\"wpforms-2721-field_2-error\" required><\/textarea><\/div><\/div><!-- .wpforms-field-container --><div class=\"wpforms-submit-container\" ><input type=\"hidden\" name=\"wpforms[id]\" value=\"2721\"><input type=\"hidden\" name=\"wpforms[author]\" value=\"1\"><button type=\"submit\" name=\"wpforms[submit]\" id=\"wpforms-submit-2721\" class=\"wpforms-submit\" data-alt-text=\"Wysy\u0142anie...\" data-submit-text=\"Prze\u015blij\" aria-live=\"assertive\" value=\"wpforms-submit\">Prze\u015blij<\/button><img loading=\"lazy\" decoding=\"async\" src=\"https:\/\/gorzelanny.pl\/hotel-gorzelanny\/wp-content\/plugins\/wpforms-lite\/assets\/images\/submit-spin.svg\" class=\"wpforms-submit-spinner\" style=\"display: none;\" width=\"26\" height=\"26\" alt=\"Wczytywanie\"><\/div><\/form><\/div>  <!-- .wpforms-container -->[\/vc_tta_section][\/vc_tta_accordion][\/vc_column][\/vc_row][vc_row][vc_column width=&#8221;1\/4&#8243;][vc_single_image image=&#8221;2830&#8243; img_size=&#8221;full&#8221; alignment=&#8221;center&#8221; style=&#8221;vc_box_border_circle_2&#8243; border_color=&#8221;chino&#8221;][vc_single_image image=&#8221;2832&#8243; img_size=&#8221;full&#8221; alignment=&#8221;center&#8221; style=&#8221;vc_box_border_circle_2&#8243; border_color=&#8221;chino&#8221;][vc_empty_space height=&#8221;60px&#8221;][\/vc_column][vc_column width=&#8221;1\/2&#8243;][vc_empty_space height=&#8221;52px&#8221;][vc_column_text]<\/p>\n<p style=\"text-align: center;\">Zapraszamy na wyj\u0105tkowy turnus sylwestrowy w sercu G\u00f3r Opawskich \u2013 w komfortowych <strong>Hotelu Gorzelanny**** i Carina**<\/strong>*. To idealne miejsce, by po\u017cegna\u0107 stary rok i przywita\u0107 nowy w atmosferze relaksu, zabawy i g\u00f3rskiego uroku.<\/p>\n<p>[\/vc_column_text][vc_column_text]<\/p>\n<p style=\"text-align: center;\">Zadbali\u015bmy o ka\u017cdy szczeg\u00f3\u0142, by ten wyj\u0105tkowy czas by\u0142 pe\u0142en rado\u015bci, komfortu i niezapomnianych wspomnie\u0144. G\u00f3rska sceneria, \u015bwi\u0105teczny klimat i luksusowe warunki sprawi\u0105, \u017ce Sylwester 2025\/2026 b\u0119dzie naprawd\u0119 magiczny.<\/p>\n<p>[\/vc_column_text][vc_empty_space height=&#8221;52px&#8221;][vc_column_text]<\/p>\n<h3>\ud83c\udf81 W pakiecie sylwestrowym czeka na Ciebie:<\/h3>\n<ul>\n<li>codzienne <strong>\u015bniadania i obiadokolacje <\/strong>z wy\u015bmienitym menu,<\/li>\n<li><strong>open bar<\/strong> z wybranymi napojami,<\/li>\n<li>dost\u0119p do <strong>basenu, saun i jacuzzi<\/strong> \u2013 idealny relaks po dniu pe\u0142nym wra\u017ce\u0144,<\/li>\n<li>niezapomniana <strong>gala sylwestrowa<\/strong> z muzyk\u0105, ta\u0144cami i toastem o p\u00f3\u0142nocy!<\/li>\n<\/ul>\n<p>[\/vc_column_text][vc_empty_space height=&#8221;80px&#8221;][\/vc_column][vc_column width=&#8221;1\/4&#8243;][vc_single_image image=&#8221;2445&#8243; img_size=&#8221;full&#8221; alignment=&#8221;center&#8221; style=&#8221;vc_box_border_circle_2&#8243; border_color=&#8221;chino&#8221;][vc_single_image image=&#8221;2353&#8243; img_size=&#8221;full&#8221; alignment=&#8221;center&#8221; style=&#8221;vc_box_border_circle_2&#8243; border_color=&#8221;chino&#8221;][\/vc_column][\/vc_row][vc_row][vc_column width=&#8221;1\/3&#8243;][vc_column_text]<\/p>\n<p style=\"text-align: right;\"><span style=\"color: #ffcc00;\"><strong>29.12.2025<\/strong><\/span><br \/>\n8:00 &#8211; 10:00 \u015aniadanie<br \/>\n16:00 &#8211; 19:00 Obiadokolacja<br \/>\n16:00 &#8211; 20:00 Open Bar<\/p>\n<hr \/>\n<p style=\"text-align: right;\"><span style=\"color: #ffcc00;\"><strong>30.12.2025<\/strong><\/span><br \/>\n8:00 &#8211; 10:00 \u015aniadanie<br \/>\n16:00 &#8211; 19:00 Obiadokolacja<br \/>\n16:00 &#8211; 20:00 Open Bar<\/p>\n<hr \/>\n<p style=\"text-align: right;\"><span style=\"color: #ffcc00;\"><strong>31.12.2025<\/strong><\/span><br \/>\n8:00 &#8211; 10:00 \u015aniadanie<br \/>\n20:00 &#8211; Uroczysta Gala Sylwestrowa<br \/>\n16:00 &#8211; 20:00 Open Bar<\/p>\n<hr \/>\n<p style=\"text-align: right;\"><span style=\"color: #ffcc00;\"><strong>1.01.2026<\/strong><\/span><br \/>\n8:00 &#8211; 10:00 \u015aniadanie<br \/>\n16:00 &#8211; 19:00 Obiadokolacja<br \/>\n16:00 &#8211; 20:00 Open Bar[\/vc_column_text][\/vc_column][vc_column width=&#8221;1\/3&#8243;][vc_single_image image=&#8221;3502&#8243; img_size=&#8221;full&#8221;][\/vc_column][vc_column width=&#8221;1\/3&#8243;][vc_column_text]<\/p>\n<div data-canvas-width=\"111.96000000000001\">\n<div data-canvas-width=\"215.54305871695945\">\n<div style=\"text-align: left;\" data-canvas-width=\"215.54305871695934\">\n<p><strong>CENNIK:<\/strong><\/p>\n<p><strong>Hotel Gorzelanny****<\/strong><br \/>\nOsoba Doros\u0142a- 600z\u0142\/doba<br \/>\nDziecko 4-12- 300z\u0142\/doba<\/p>\n<p><strong>Hotel Carina***<\/strong><br \/>\nOsoba Doros\u0142a- 500z\u0142\/doba<br \/>\nDziecko 4-12- 250z\u0142\/doba<\/p>\n<p><strong>Pobyt minimum 2 noclegi.<\/strong><br \/>\n<strong>Istnieje mo\u017cliwo\u015b\u0107 przed\u0142u\u017cenia pobytu.<\/strong><\/p>\n<p><strong>Ka\u017cda dodatkowa doba:<\/strong><br \/>\nHotel Gorzelanny:<br \/>\nOsoba Doros\u0142a: 350z\u0142\/doba<br \/>\nDziecko 4-12 &#8211; 200z\u0142\/doba<\/p>\n<p>Hotel Carina:<br \/>\nOsoba Doros\u0142a &#8211; 250z\u0142\/doba<br \/>\nDziecko 4-12 &#8211; 150z\u0142\/doba<\/p>\n<\/div>\n<\/div>\n<\/div>\n<p>[\/vc_column_text][\/vc_column][\/vc_row][vc_row][vc_column][vc_separator color=&#8221;blue&#8221; style=&#8221;dotted&#8221; border_width=&#8221;3&#8243;][vc_column_text]<\/p>\n<div data-canvas-width=\"111.96000000000001\">\n<p style=\"text-align: center;\">Niech Nowy Rok zacznie si\u0119 wyj\u0105tkowo \u2013\u00a0 w G\u00f3rach Opawskich! \ud83c\udf89<\/p>\n<p style=\"text-align: center;\">\ud83d\udcde <strong>Telefon:<\/strong> 881 328 081\u00a0 |\u00a0 \ud83d\udce7 <strong>E-mail:<\/strong> <a href=\"mailto:info@hotelgorzelanny.pl\">info@hotelgorzelanny.pl<\/a><\/p>\n<\/div>\n<p>[\/vc_column_text][vc_tta_accordion style=&#8221;modern&#8221; color=&#8221;blue&#8221; c_align=&#8221;center&#8221; active_section=&#8221;&#8221;][vc_tta_section i_icon_fontawesome=&#8221;stmicon-hotel&#8221; add_icon=&#8221;true&#8221; title=&#8221;KLIKNIJ I ZAREZERWUJ POBYT&#8221; tab_id=&#8221;1758882729283-7c8d95c6-d648&#8243;]<div class=\"wpforms-container wpforms-container-full wpforms-render-modern\" id=\"wpforms-2721\"><form id=\"wpforms-form-2721\" class=\"wpforms-validate wpforms-form wpforms-ajax-form\" data-formid=\"2721\" method=\"post\" enctype=\"multipart\/form-data\" action=\"\/hotel-gorzelanny\/wp-json\/wp\/v2\/pages\/3466\" data-token=\"dd7c157e01e09c34c26e0f90d654616d\"><noscript class=\"wpforms-error-noscript\">Aby wype\u0142ni\u0107 ten formularz, w\u0142\u0105cz obs\u0142ug\u0119 JavaScript w przegl\u0105darce.<\/noscript><div class=\"wpforms-hidden\" id=\"wpforms-error-noscript\">Aby wype\u0142ni\u0107 ten formularz, w\u0142\u0105cz obs\u0142ug\u0119 JavaScript w przegl\u0105darce.<\/div><div class=\"wpforms-field-container\"><div id=\"wpforms-2721-field_0-container\" class=\"wpforms-field wpforms-field-name\" data-field-id=\"0\"><fieldset><legend class=\"wpforms-field-label\">Imi\u0119 i nazwisko <span class=\"wpforms-required-label\" aria-hidden=\"true\">*<\/span><\/legend><div class=\"wpforms-field-row wpforms-field-medium\"><div class=\"wpforms-field-row-block wpforms-first wpforms-one-half\"><input type=\"text\" id=\"wpforms-2721-field_0\" class=\"wpforms-field-name-first wpforms-field-required\" name=\"wpforms[fields][0][first]\" aria-errormessage=\"wpforms-2721-field_0-error\" required><label for=\"wpforms-2721-field_0\" class=\"wpforms-field-sublabel after \">Imi\u0119<\/label><\/div><div class=\"wpforms-field-row-block wpforms-one-half\"><input type=\"text\" id=\"wpforms-2721-field_0-last\" class=\"wpforms-field-name-last wpforms-field-required\" name=\"wpforms[fields][0][last]\" aria-errormessage=\"wpforms-2721-field_0-last-error\" required><label for=\"wpforms-2721-field_0-last\" class=\"wpforms-field-sublabel after \">Nazwisko<\/label><\/div><\/div><\/fieldset><\/div><div id=\"wpforms-2721-field_1-container\" class=\"wpforms-field wpforms-field-email\" data-field-id=\"1\"><label class=\"wpforms-field-label\" for=\"wpforms-2721-field_1\">E-mail <span class=\"wpforms-required-label\" aria-hidden=\"true\">*<\/span><\/label><input type=\"email\" id=\"wpforms-2721-field_1\" class=\"wpforms-field-medium wpforms-field-required\" name=\"wpforms[fields][1]\" spellcheck=\"false\" aria-errormessage=\"wpforms-2721-field_1-error\" required><\/div><div id=\"wpforms-2721-field_3-container\" class=\"wpforms-field wpforms-field-checkbox\" data-field-id=\"3\"><fieldset><legend class=\"wpforms-field-label\">Wybierz ofert\u0119 specjaln\u0105 <span class=\"wpforms-required-label\" aria-hidden=\"true\">*<\/span><\/legend><ul id=\"wpforms-2721-field_3\" class=\"wpforms-field-required\" data-choice-limit=\"1\"><li class=\"choice-1 depth-1\"><input type=\"checkbox\" id=\"wpforms-2721-field_3_1\" data-rule-check-limit=\"true\" name=\"wpforms[fields][3][]\" value=\"Wakacje All Inclusive\" aria-errormessage=\"wpforms-2721-field_3_1-error\" required ><label class=\"wpforms-field-label-inline\" for=\"wpforms-2721-field_3_1\">Wakacje All Inclusive<\/label><\/li><li class=\"choice-2 depth-1\"><input type=\"checkbox\" id=\"wpforms-2721-field_3_2\" data-rule-check-limit=\"true\" name=\"wpforms[fields][3][]\" value=\"Wycieczki dla szk\u00f3\u0142\" aria-errormessage=\"wpforms-2721-field_3_2-error\" required ><label class=\"wpforms-field-label-inline\" for=\"wpforms-2721-field_3_2\">Wycieczki dla szk\u00f3\u0142<\/label><\/li><li class=\"choice-3 depth-1\"><input type=\"checkbox\" id=\"wpforms-2721-field_3_3\" data-rule-check-limit=\"true\" name=\"wpforms[fields][3][]\" value=\"Pobyty narciarskie\" aria-errormessage=\"wpforms-2721-field_3_3-error\" required ><label class=\"wpforms-field-label-inline\" for=\"wpforms-2721-field_3_3\">Pobyty narciarskie<\/label><\/li><li class=\"choice-4 depth-1\"><input type=\"checkbox\" id=\"wpforms-2721-field_3_4\" data-rule-check-limit=\"true\" name=\"wpforms[fields][3][]\" value=\"Wielkanoc w g\u00f3rach\" aria-errormessage=\"wpforms-2721-field_3_4-error\" required ><label class=\"wpforms-field-label-inline\" for=\"wpforms-2721-field_3_4\">Wielkanoc w g\u00f3rach<\/label><\/li><li class=\"choice-5 depth-1\"><input type=\"checkbox\" id=\"wpforms-2721-field_3_5\" data-rule-check-limit=\"true\" name=\"wpforms[fields][3][]\" value=\"\u015awi\u0119ta Bo\u017cego Narodzenia w g\u00f3rach\" aria-errormessage=\"wpforms-2721-field_3_5-error\" required ><label class=\"wpforms-field-label-inline\" for=\"wpforms-2721-field_3_5\">\u015awi\u0119ta Bo\u017cego Narodzenia w g\u00f3rach<\/label><\/li><li class=\"choice-7 depth-1\"><input type=\"checkbox\" id=\"wpforms-2721-field_3_7\" data-rule-check-limit=\"true\" name=\"wpforms[fields][3][]\" value=\"Wypoczynek 5-dniowy\" aria-errormessage=\"wpforms-2721-field_3_7-error\" required ><label class=\"wpforms-field-label-inline\" for=\"wpforms-2721-field_3_7\">Wypoczynek 5-dniowy<\/label><\/li><li class=\"choice-6 depth-1\"><input type=\"checkbox\" id=\"wpforms-2721-field_3_6\" data-rule-check-limit=\"true\" name=\"wpforms[fields][3][]\" value=\"Inne\" aria-errormessage=\"wpforms-2721-field_3_6-error\" required ><label class=\"wpforms-field-label-inline\" for=\"wpforms-2721-field_3_6\">Inne<\/label><\/li><\/ul><\/fieldset><\/div><div id=\"wpforms-2721-field_2-container\" class=\"wpforms-field wpforms-field-textarea\" data-field-id=\"2\"><label class=\"wpforms-field-label\" for=\"wpforms-2721-field_2\">Tre\u015b\u0107 zapytania (prosz\u0119 okre\u015bli\u0107 termin, ilo\u015b\u0107 os\u00f3b doros\u0142ych i dzieci) <span class=\"wpforms-required-label\" aria-hidden=\"true\">*<\/span><\/label><textarea id=\"wpforms-2721-field_2\" class=\"wpforms-field-medium wpforms-field-required\" name=\"wpforms[fields][2]\" aria-errormessage=\"wpforms-2721-field_2-error\" required><\/textarea><\/div><\/div><!-- .wpforms-field-container --><div class=\"wpforms-submit-container\" ><input type=\"hidden\" name=\"wpforms[id]\" value=\"2721\"><input type=\"hidden\" name=\"wpforms[author]\" value=\"1\"><button type=\"submit\" name=\"wpforms[submit]\" id=\"wpforms-submit-2721\" class=\"wpforms-submit\" data-alt-text=\"Wysy\u0142anie...\" data-submit-text=\"Prze\u015blij\" aria-live=\"assertive\" value=\"wpforms-submit\">Prze\u015blij<\/button><img loading=\"lazy\" decoding=\"async\" src=\"https:\/\/gorzelanny.pl\/hotel-gorzelanny\/wp-content\/plugins\/wpforms-lite\/assets\/images\/submit-spin.svg\" class=\"wpforms-submit-spinner\" style=\"display: none;\" width=\"26\" height=\"26\" alt=\"Wczytywanie\"><\/div><\/form><\/div>  <!-- .wpforms-container -->[\/vc_tta_section][\/vc_tta_accordion][vc_empty_space height=&#8221;52px&#8221;][vc_media_grid element_width=&#8221;3&#8243; grid_id=&#8221;vc_gid:1764674920423-5384dab3-fb98-3&#8243; include=&#8221;2880,3045,2260,3409,2483,2480,2481,2485,2491,2493,2490,2501,3470,3471,3473,3502&#8243;][\/vc_column][\/vc_row][vc_column][\/vc_column]<\/p>\n","protected":false},"excerpt":{"rendered":"<p>[vc_row][vc_column][vc_empty_space][\/vc_column][\/vc_row][vc_row][vc_column][vc_text_separator title=&#8221;\ud83c\udf86 Sylwester w G\u00f3rach Opawskich \u2013 powitaj Nowy Rok z klas\u0105! \ud83c\udf86&#8221; color=&#8221;mulled_wine&#8221;][\/vc_column][\/vc_row][vc_row][vc_column parallax=&#8221;content-moving&#8221; shadow_x_offset=&#8221;0&#8243; shadow_y_offset=&#8221;0&#8243; shadow_blur=&#8221;0&#8243; shadow_spread=&#8221;0&#8243; shadow_color=&#8221;&#8221;][vc_tta_accordion style=&#8221;modern&#8221; color=&#8221;blue&#8221; c_align=&#8221;center&#8221; active_section=&#8221;&#8221;][vc_tta_section i_icon_fontawesome=&#8221;stmicon-hotel&#8221; add_icon=&#8221;true&#8221; title=&#8221;KLIKNIJ I ZAREZERWUJ POBYT&#8221; tab_id=&#8221;1607808799803-b36afb86-776e&#8221;][\/vc_tta_section][\/vc_tta_accordion][\/vc_column][\/vc_row][vc_row][vc_column width=&#8221;1\/4&#8243;][vc_single_image image=&#8221;2830&#8243; img_size=&#8221;full&#8221; alignment=&#8221;center&#8221; style=&#8221;vc_box_border_circle_2&#8243; border_color=&#8221;chino&#8221;][vc_single_image image=&#8221;2832&#8243; img_size=&#8221;full&#8221; alignment=&#8221;center&#8221; style=&#8221;vc_box_border_circle_2&#8243; border_color=&#8221;chino&#8221;][vc_empty_space height=&#8221;60px&#8221;][\/vc_column][vc_column width=&#8221;1\/2&#8243;][vc_empty_space height=&#8221;52px&#8221;][vc_column_text] Zapraszamy na wyj\u0105tkowy turnus sylwestrowy w sercu G\u00f3r Opawskich \u2013 [&hellip;]<\/p>\n","protected":false},"author":1,"featured_media":0,"parent":0,"menu_order":0,"comment_status":"closed","ping_status":"closed","template":"","meta":{"om_disable_all_campaigns":false,"footnotes":""},"categories":[],"class_list":["post-3466","page","type-page","status-publish","hentry"],"_links":{"self":[{"href":"https:\/\/gorzelanny.pl\/hotel-gorzelanny\/wp-json\/wp\/v2\/pages\/3466"}],"collection":[{"href":"https:\/\/gorzelanny.pl\/hotel-gorzelanny\/wp-json\/wp\/v2\/pages"}],"about":[{"href":"https:\/\/gorzelanny.pl\/hotel-gorzelanny\/wp-json\/wp\/v2\/types\/page"}],"author":[{"embeddable":true,"href":"https:\/\/gorzelanny.pl\/hotel-gorzelanny\/wp-json\/wp\/v2\/users\/1"}],"replies":[{"embeddable":true,"href":"https:\/\/gorzelanny.pl\/hotel-gorzelanny\/wp-json\/wp\/v2\/comments?post=3466"}],"version-history":[{"count":10,"href":"https:\/\/gorzelanny.pl\/hotel-gorzelanny\/wp-json\/wp\/v2\/pages\/3466\/revisions"}],"predecessor-version":[{"id":3504,"href":"https:\/\/gorzelanny.pl\/hotel-gorzelanny\/wp-json\/wp\/v2\/pages\/3466\/revisions\/3504"}],"wp:attachment":[{"href":"https:\/\/gorzelanny.pl\/hotel-gorzelanny\/wp-json\/wp\/v2\/media?parent=3466"}],"wp:term":[{"taxonomy":"category","embeddable":true,"href":"https:\/\/gorzelanny.pl\/hotel-gorzelanny\/wp-json\/wp\/v2\/categories?post=3466"}],"curies":[{"name":"wp","href":"https:\/\/api.w.org\/{rel}","templated":true}]}}