{"id":3513,"date":"2026-01-16T13:02:15","date_gmt":"2026-01-16T12:02:15","guid":{"rendered":"https:\/\/gorzelanny.pl\/hotel-gorzelanny\/?page_id=3513"},"modified":"2026-03-27T11:14:57","modified_gmt":"2026-03-27T10:14:57","slug":"romantyczny-weekend","status":"publish","type":"page","link":"https:\/\/gorzelanny.pl\/hotel-gorzelanny\/romantyczny-weekend\/","title":{"rendered":"ROMANTYCZNY WEEKEND"},"content":{"rendered":"<p>[vc_row][vc_column width=&#8221;5\/6&#8243;][vc_column_text]<\/p>\n<h3><strong>Idealny czas tylko we dwoje \ud83d\udc91<\/strong><\/h3>\n<p>Romantyczny Weekend w Hotelu Gorzelanny to propozycja stworzona dla par, kt\u00f3re pragn\u0105 zatrzyma\u0107 si\u0119 na chwil\u0119, odetchn\u0105\u0107 od codzienno\u015bci i zanurzy\u0107 w atmosferze spokoju, intymno\u015bci oraz luksusu. Starannie przygotowany pok\u00f3j, relaks w strefie wellness i komfort formu\u0142y All Inclusive sprawiaj\u0105, \u017ce ka\u017cdy moment staje si\u0119 wyj\u0105tkowy \u2728[\/vc_column_text][vc_separator color=&#8221;pink&#8221; style=&#8221;dotted&#8221; border_width=&#8221;5&#8243;][\/vc_column][vc_column width=&#8221;1\/6&#8243;][vc_single_image image=&#8221;3515&#8243; img_size=&#8221;full&#8221; alignment=&#8221;center&#8221; style=&#8221;vc_box_shadow_circle&#8221;][\/vc_column][\/vc_row][vc_row][vc_column width=&#8221;1\/2&#8243;][vc_column_text]<\/p>\n<h2><strong>W cenie pakietu otrzymujesz:<\/strong><\/h2>\n<h3>\ud83d\udecf\ufe0f Komfortowy pok\u00f3j z balkonem<\/h3>\n<ul>\n<li>2 noclegi w elegancko przygotowanym pokoju<\/li>\n<li>romantyczna aran\u017cacja tworz\u0105ca wyj\u0105tkowy nastr\u00f3j \ud83d\udc95<\/li>\n<\/ul>\n<h3>\ud83c\udf7d\ufe0f Pobyt All Inclusive<\/h3>\n<ul>\n<li>\u015bniadania i obiadokolacje \ud83c\udf7d\ufe0f<\/li>\n<li>Open Bar w godzinach <strong>16:00\u201320:00<\/strong> \ud83c\udf77\ud83e\udd42<\/li>\n<\/ul>\n<h3>\ud83c\udf38 Dodatki powitalne<\/h3>\n<ul>\n<li>bukiet kwiat\u00f3w \ud83c\udf39<\/li>\n<li>butelka szampana \ud83e\udd42<\/li>\n<\/ul>\n<h3>\ud83e\uddd6\u200d\u2640\ufe0f Strefa wellness bez ogranicze\u0144<\/h3>\n<ul>\n<li>basen \ud83c\udfca<\/li>\n<li>jacuzzi \ud83d\udca6<\/li>\n<li>sauny \ud83d\udd25<\/li>\n<\/ul>\n<p>[\/vc_column_text][\/vc_column][vc_column width=&#8221;1\/2&#8243;][vc_empty_space height=&#8221;62px&#8221;][vc_message message_box_color=&#8221;alert-danger&#8221; icon_fontawesome=&#8221;fas fa-heart&#8221;]<\/p>\n<h2 style=\"text-align: left;\"><\/h2>\n<h2 style=\"text-align: left;\"><strong>Cena pakietu<\/strong><\/h2>\n<h3 style=\"text-align: left;\"><strong>2 100 z\u0142 \/ 2 osoby \/ 2 noce<\/strong><\/h3>\n<h2><\/h2>\n<p>&nbsp;<\/p>\n<h2 style=\"text-align: left;\">Zarezerwuj sw\u00f3j romantyczny pobyt<\/h2>\n<h3 style=\"text-align: left;\">\ud83d\udcf2 <strong>Recepcja (kom): <a href=\"tel:0048881328081\">881 328 081<\/a><\/strong><\/h3>\n<h3 style=\"text-align: left;\">\u2709\ufe0f <strong>E-mail: <a href=\"mailto:info@hotelgorzelanny.pl\">info@hotelgorzelanny.pl<\/a><\/strong><\/h3>\n<p style=\"text-align: left;\">Czekamy na Was i z rado\u015bci\u0105 przygotujemy niezapomniany, romantyczny weekend \u2728<\/p>\n<p>[\/vc_message][\/vc_column][\/vc_row][vc_row][vc_column][vc_media_grid grid_id=&#8221;vc_gid:1768567009354-6d581f6d-f6f8-10&#8243; include=&#8221;3296,2880,3045&#8243;][vc_separator color=&#8221;pink&#8221; style=&#8221;dotted&#8221; border_width=&#8221;5&#8243;][vc_column_text]<\/p>\n<h2>\u2b50 <strong>Dlaczego warto?<\/strong><\/h2>\n<h3>\ud83d\udca6 Nieograniczony relaks<\/h3>\n<p>Swobodny dost\u0119p do basenu, jacuzzi i saun pozwala w pe\u0142ni odpr\u0119\u017cy\u0107 cia\u0142o i umys\u0142.<\/p>\n<h3>\ud83e\uddf3 Wszystko w jednym pakiecie<\/h3>\n<p>Bez ukrytych koszt\u00f3w \u2014 noclegi, wy\u017cywienie i pe\u0142en dost\u0119p do strefy wellness s\u0105 ju\u017c w cenie.<\/p>\n<h3>\ud83c\udf3f Spok\u00f3j i wysoki standard<\/h3>\n<p>Profesjonalna obs\u0142uga, kameralna atmosfera i spokojna lokalizacja sprzyjaj\u0105 wypoczynkowi oraz celebracji wsp\u00f3lnych chwil.[\/vc_column_text][vc_separator color=&#8221;pink&#8221; style=&#8221;dotted&#8221; border_width=&#8221;5&#8243;][\/vc_column][\/vc_row][vc_row][vc_column][vc_column_text]<\/p>\n<h2>\ud83d\udc96 <strong>Idealne warunki do \u015bwi\u0119towania wyj\u0105tkowych moment\u00f3w\u2026<\/strong><\/h2>\n<p>Rocznica, urodziny, zar\u0119czyny czy po prostu potrzeba blisko\u015bci \u2014 ten weekend stworzy wspomnienia, kt\u00f3re zostan\u0105 z Wami na d\u0142ugo \u2728[\/vc_column_text][vc_message message_box_color=&#8221;alert-danger&#8221; icon_fontawesome=&#8221;fas fa-heart&#8221;]<\/p>\n<p style=\"text-align: center;\">Zarezerwuj sw\u00f3j romantyczny pobyt<\/p>\n<p style=\"text-align: center;\">\ud83d\udcf2 <strong>Recepcja (kom): <a href=\"tel:0048881328081\">881 328 081<\/a><\/strong><\/p>\n<p style=\"text-align: center;\">\u2709\ufe0f <strong>E-mail: <a href=\"mailto:info@hotelgorzelanny.pl\">info@hotelgorzelanny.pl<\/a><\/strong><\/p>\n<p>[\/vc_message][\/vc_column][\/vc_row]<\/p>\n","protected":false},"excerpt":{"rendered":"<p>[vc_row][vc_column width=&#8221;5\/6&#8243;][vc_column_text] Idealny czas tylko we dwoje \ud83d\udc91 Romantyczny Weekend w Hotelu Gorzelanny to propozycja stworzona dla par, kt\u00f3re pragn\u0105 zatrzyma\u0107 si\u0119 na chwil\u0119, odetchn\u0105\u0107 od codzienno\u015bci i zanurzy\u0107 w atmosferze spokoju, intymno\u015bci oraz luksusu. Starannie przygotowany pok\u00f3j, relaks w strefie wellness i komfort formu\u0142y All Inclusive sprawiaj\u0105, \u017ce ka\u017cdy moment staje si\u0119 wyj\u0105tkowy \u2728[\/vc_column_text][vc_separator [&hellip;]<\/p>\n","protected":false},"author":1,"featured_media":3520,"parent":0,"menu_order":9,"comment_status":"closed","ping_status":"closed","template":"","meta":{"om_disable_all_campaigns":false,"footnotes":""},"categories":[43],"class_list":["post-3513","page","type-page","status-publish","has-post-thumbnail","hentry","category-oferta_specjalna"],"_links":{"self":[{"href":"https:\/\/gorzelanny.pl\/hotel-gorzelanny\/wp-json\/wp\/v2\/pages\/3513"}],"collection":[{"href":"https:\/\/gorzelanny.pl\/hotel-gorzelanny\/wp-json\/wp\/v2\/pages"}],"about":[{"href":"https:\/\/gorzelanny.pl\/hotel-gorzelanny\/wp-json\/wp\/v2\/types\/page"}],"author":[{"embeddable":true,"href":"https:\/\/gorzelanny.pl\/hotel-gorzelanny\/wp-json\/wp\/v2\/users\/1"}],"replies":[{"embeddable":true,"href":"https:\/\/gorzelanny.pl\/hotel-gorzelanny\/wp-json\/wp\/v2\/comments?post=3513"}],"version-history":[{"count":4,"href":"https:\/\/gorzelanny.pl\/hotel-gorzelanny\/wp-json\/wp\/v2\/pages\/3513\/revisions"}],"predecessor-version":[{"id":3519,"href":"https:\/\/gorzelanny.pl\/hotel-gorzelanny\/wp-json\/wp\/v2\/pages\/3513\/revisions\/3519"}],"wp:featuredmedia":[{"embeddable":true,"href":"https:\/\/gorzelanny.pl\/hotel-gorzelanny\/wp-json\/wp\/v2\/media\/3520"}],"wp:attachment":[{"href":"https:\/\/gorzelanny.pl\/hotel-gorzelanny\/wp-json\/wp\/v2\/media?parent=3513"}],"wp:term":[{"taxonomy":"category","embeddable":true,"href":"https:\/\/gorzelanny.pl\/hotel-gorzelanny\/wp-json\/wp\/v2\/categories?post=3513"}],"curies":[{"name":"wp","href":"https:\/\/api.w.org\/{rel}","templated":true}]}}