{"id":2189,"date":"2018-06-05T04:15:54","date_gmt":"2018-06-05T04:15:54","guid":{"rendered":"http:\/\/multipurpose.loc\/hotel\/?page_id=168"},"modified":"2024-11-04T14:06:02","modified_gmt":"2024-11-04T13:06:02","slug":"kontakt","status":"publish","type":"page","link":"https:\/\/gorzelanny.pl\/zaginione-miasto\/kontakt\/","title":{"rendered":"Kontakt"},"content":{"rendered":"<p>[vc_row][vc_column][vc_custom_heading source=&#8221;post_title&#8221; use_theme_fonts=&#8221;yes&#8221; css=&#8221;.vc_custom_1539948388581{margin-bottom: 60px !important;}&#8221;][\/vc_column][\/vc_row][vc_section css=&#8221;.vc_custom_1537953987339{padding-top: 0px !important;}&#8221;][vc_row shadow_x_offset=&#8221;0&#8243; shadow_y_offset=&#8221;0&#8243; shadow_blur=&#8221;0&#8243; shadow_spread=&#8221;0&#8243; shadow_color=&#8221;&#8221; css=&#8221;.vc_custom_1531906799465{padding-top: 20px !important;}&#8221;][vc_column width=&#8221;1\/2&#8243; shadow_x_offset=&#8221;0&#8243; shadow_y_offset=&#8221;0&#8243; shadow_blur=&#8221;0&#8243; shadow_spread=&#8221;0&#8243; offset=&#8221;vc_col-lg-8 vc_col-md-8 vc_col-xs-12&#8243;][vc_custom_heading text=&#8221;SERDECZNIE ZAPRASZAMY DO KONTAKTU&#8221; font_container=&#8221;tag:h4|text_align:left&#8221; use_theme_fonts=&#8221;yes&#8221;][vc_column_text]W sezonie jesienno-zimowym Park Rosenau jest dost\u0119pny wy\u0142\u0105cznie dla grup zorganizowanych (po wcze\u015bniejszym uzgodnieniu terminu) oraz dla Go\u015bci Hoteli Gorzelanny.[\/vc_column_text][\/vc_column][vc_column width=&#8221;1\/2&#8243; shadow_x_offset=&#8221;0&#8243; shadow_y_offset=&#8221;0&#8243; shadow_blur=&#8221;0&#8243; shadow_spread=&#8221;0&#8243; offset=&#8221;vc_col-lg-4 vc_col-md-4 vc_col-xs-12&#8243;][stm_contact image=&#8221;2558&#8243; image_size=&#8221;80&#215;80&#8243; phone=&#8221;+48 781 251 029&#8243; email=&#8221;rosenau@gorzelanny.pl&#8221; name=&#8221;DANE KONTAKTOWE&#8221;][\/vc_column][\/vc_row][vc_row full_width=&#8221;stretch_row&#8221; equal_height=&#8221;yes&#8221; content_placement=&#8221;middle&#8221; shadow_x_offset=&#8221;0&#8243; shadow_y_offset=&#8221;0&#8243; shadow_blur=&#8221;0&#8243; shadow_spread=&#8221;0&#8243; shadow_color=&#8221;&#8221; css=&#8221;.vc_custom_1538134741352{margin-top: 40px !important;margin-bottom: 40px !important;background-color: #f3eee5 !important;}&#8221;][vc_column width=&#8221;1\/2&#8243; shadow_x_offset=&#8221;0&#8243; shadow_y_offset=&#8221;0&#8243; shadow_blur=&#8221;0&#8243; shadow_spread=&#8221;0&#8243; shadow_color=&#8221;&#8221; css=&#8221;.vc_custom_1538133673472{padding-top: 0px !important;padding-right: 50px !important;padding-bottom: 0px !important;}&#8221; offset=&#8221;vc_col-lg-4 vc_col-md-4 vc_col-xs-12&#8243;][stm_spacer height=&#8221;30&#8243; height_tablet=&#8221;30&#8243; height_mobile=&#8221;30&#8243;][stm_icon_box title_tag=&#8221;H6&#8243; title_custom_color=&#8221;rgba(34,34,34,0.6)&#8221; icon=&#8221;stmicon-maps-and-flags&#8221; icon_class=&#8221;custom&#8221; icon_color=&#8221;#3a3138&#8243; icon_size=&#8221;46&#8243; icon_height=&#8221;60&#8243; icon_width=&#8221;65&#8243; title_fsz=&#8221;16px&#8221;]<strong>Hotele Gorzelanny<\/strong><br \/>\n<strong>Sp\u00f3\u0142ka z ograniczon\u0105 odpowiedzialno\u015bci\u0105<\/strong><br \/>\n<strong>Sp\u00f3\u0142ka Komandytowa<\/strong><\/p>\n<p>48-267 Jarno\u0142t\u00f3wek, Pokrzywna 76<br \/>\nNIP: 7532437273<br \/>\nKRS: 0000560045<br \/>\nREGON: 361599833<\/p>\n<p><strong>Numer konta bankowego:<\/strong><br \/>\nBank Polskiej Sp\u00f3\u0142dzielczo\u015bci S.A.<br \/>\n94 1930 1028 2241 0267 8823 0001<br \/>\nKod swift: POLUPLPR[\/stm_icon_box][stm_spacer height=&#8221;30&#8243; height_tablet=&#8221;30&#8243; height_mobile=&#8221;30&#8243;][\/vc_column][vc_column stretch=&#8221;right&#8221; width=&#8221;1\/2&#8243; shadow_x_offset=&#8221;0&#8243; shadow_y_offset=&#8221;0&#8243; shadow_blur=&#8221;0&#8243; shadow_spread=&#8221;0&#8243; shadow_color=&#8221;&#8221; offset=&#8221;vc_col-lg-8 vc_col-md-8 vc_col-xs-12&#8243; css=&#8221;.vc_custom_1538133669144{padding-top: 0px !important;padding-bottom: 0px !important;}&#8221;][vc_gmaps link=&#8221;#E-8_JTNDaWZyYW1lJTIwc3JjJTNEJTIyaHR0cHMlM0ElMkYlMkZ3d3cuZ29vZ2xlLmNvbSUyRm1hcHMlMkZlbWJlZCUzRnBiJTNEJTIxMW0xOCUyMTFtMTIlMjExbTMlMjExZDI1NDkuMjM5MTAwMTA0MzY4NCUyMTJkMTcuNDcwNDM3MDE2MjkxMjY0JTIxM2Q1MC4yODc0NjQ1MDY5NzU1OTYlMjEybTMlMjExZjAlMjEyZjAlMjEzZjAlMjEzbTIlMjExaTEwMjQlMjEyaTc2OCUyMTRmMTMuMSUyMTNtMyUyMTFtMiUyMTFzMHg0NzExOTQxYjY1YjFjZmEzJTI1M0EweDY0ZmMzYjQ4MjEwMzA5OWElMjEyc0ludGVyYWt0eXdueSUyNTIwUGFyayUyNTIwRWR1a2FjamklMjUyMGklMjUyMFJvenJ5d2tpJTI1MjBST1NFTkFVJTI1MjBaYWdpbmlvbmUlMjUyME1pYXN0byUyMTVlMCUyMTNtMiUyMTFzcGwlMjEyc3BsJTIxNHYxNjczOTY1NzgyNTE5JTIxNW0yJTIxMXNwbCUyMTJzcGwlMjIlMjB3aWR0aCUzRCUyMjEwMCUyNSUyMiUyMGhlaWdodCUzRCUyMjY0NSUyMiUyMHN0eWxlJTNEJTIyYm9yZGVyJTNBMCUzQiUyMiUyMGFsbG93ZnVsbHNjcmVlbiUzRCUyMiUyMiUyMGxvYWRpbmclM0QlMjJsYXp5JTIyJTIwcmVmZXJyZXJwb2xpY3klM0QlMjJuby1yZWZlcnJlci13aGVuLWRvd25ncmFkZSUyMiUzRSUzQyUyRmlmcmFtZSUzRQ==&#8221; size=&#8221;645px&#8221; css=&#8221;.vc_custom_1673965806814{margin-bottom: 0px !important;}&#8221;][\/vc_column][\/vc_row][\/vc_section]<\/p>\n","protected":false},"excerpt":{"rendered":"<p>[vc_row][vc_column][vc_custom_heading source=&#8221;post_title&#8221; use_theme_fonts=&#8221;yes&#8221; css=&#8221;.vc_custom_1539948388581{margin-bottom: 60px !important;}&#8221;][\/vc_column][\/vc_row][vc_section css=&#8221;.vc_custom_1537953987339{padding-top: 0px !important;}&#8221;][vc_row shadow_x_offset=&#8221;0&#8243; shadow_y_offset=&#8221;0&#8243; shadow_blur=&#8221;0&#8243; shadow_spread=&#8221;0&#8243; shadow_color=&#8221;&#8221; css=&#8221;.vc_custom_1531906799465{padding-top: 20px !important;}&#8221;][vc_column width=&#8221;1\/2&#8243; shadow_x_offset=&#8221;0&#8243; shadow_y_offset=&#8221;0&#8243; shadow_blur=&#8221;0&#8243; shadow_spread=&#8221;0&#8243; offset=&#8221;vc_col-lg-8 vc_col-md-8 vc_col-xs-12&#8243;][vc_custom_heading text=&#8221;SERDECZNIE ZAPRASZAMY DO KONTAKTU&#8221; font_container=&#8221;tag:h4|text_align:left&#8221; use_theme_fonts=&#8221;yes&#8221;][vc_column_text]W sezonie jesienno-zimowym Park Rosenau jest dost\u0119pny wy\u0142\u0105cznie dla grup zorganizowanych (po wcze\u015bniejszym uzgodnieniu terminu) oraz dla Go\u015bci Hoteli Gorzelanny.[\/vc_column_text][\/vc_column][vc_column width=&#8221;1\/2&#8243; shadow_x_offset=&#8221;0&#8243; shadow_y_offset=&#8221;0&#8243; shadow_blur=&#8221;0&#8243; shadow_spread=&#8221;0&#8243; [&hellip;]<\/p>\n","protected":false},"author":1,"featured_media":0,"parent":0,"menu_order":0,"comment_status":"closed","ping_status":"closed","template":"","meta":[],"_links":{"self":[{"href":"https:\/\/gorzelanny.pl\/zaginione-miasto\/wp-json\/wp\/v2\/pages\/2189"}],"collection":[{"href":"https:\/\/gorzelanny.pl\/zaginione-miasto\/wp-json\/wp\/v2\/pages"}],"about":[{"href":"https:\/\/gorzelanny.pl\/zaginione-miasto\/wp-json\/wp\/v2\/types\/page"}],"author":[{"embeddable":true,"href":"https:\/\/gorzelanny.pl\/zaginione-miasto\/wp-json\/wp\/v2\/users\/1"}],"replies":[{"embeddable":true,"href":"https:\/\/gorzelanny.pl\/zaginione-miasto\/wp-json\/wp\/v2\/comments?post=2189"}],"version-history":[{"count":20,"href":"https:\/\/gorzelanny.pl\/zaginione-miasto\/wp-json\/wp\/v2\/pages\/2189\/revisions"}],"predecessor-version":[{"id":2809,"href":"https:\/\/gorzelanny.pl\/zaginione-miasto\/wp-json\/wp\/v2\/pages\/2189\/revisions\/2809"}],"wp:attachment":[{"href":"https:\/\/gorzelanny.pl\/zaginione-miasto\/wp-json\/wp\/v2\/media?parent=2189"}],"curies":[{"name":"wp","href":"https:\/\/api.w.org\/{rel}","templated":true}]}}