{"id":2508,"date":"2023-01-17T13:50:06","date_gmt":"2023-01-17T12:50:06","guid":{"rendered":"https:\/\/gorzelanny.pl\/zaginione-miasto1\/?page_id=2508"},"modified":"2025-03-07T13:14:55","modified_gmt":"2025-03-07T12:14:55","slug":"cennik","status":"publish","type":"page","link":"https:\/\/gorzelanny.pl\/zaginione-miasto\/cennik\/","title":{"rendered":"Cennik bilet\u00f3w"},"content":{"rendered":"<p>[vc_row][vc_column][vc_custom_heading source=&#8221;post_title&#8221; font_container=&#8221;tag:h2|text_align:center&#8221; use_theme_fonts=&#8221;yes&#8221; css=&#8221;.vc_custom_1539948683235{margin-bottom: 60px !important;}&#8221;][stm_spacer height=&#8221;30&#8243; height_tablet=&#8221;30&#8243; height_mobile=&#8221;30&#8243;][\/vc_column][\/vc_row][vc_row][vc_column][stm_spacer height=&#8221;30&#8243; height_tablet=&#8221;30&#8243; height_mobile=&#8221;30&#8243;][\/vc_column][\/vc_row][vc_row][vc_column][vc_tta_tour color=&#8221;chino&#8221; active_section=&#8221;1&#8243;][vc_tta_section i_icon_fontawesome=&#8221;fas fa-swimmer&#8221; add_icon=&#8221;true&#8221; title=&#8221;BILETY NIEBIESKIE &#8211; STREFA MOKRA&#8221; tab_id=&#8221;1674031657219-57b231e1-14e8&#8243;][vc_message]<\/p>\n<div class=\"panel-heading\">\n<h3 class=\"panel-title\">BILETY NIEBIESKIE &#8211; STREFA MOKRA<\/h3>\n<p>zje\u017cd\u017calnia typu &#8222;wahad\u0142o&#8221;, zje\u017cd\u017calnia typu &#8222;anakonda&#8221;, wodny plac zabaw, jacuzzi, rw\u0105ca rzeka, basen zewn\u0119trzny 50x25m, kamienny kr\u0105g, wykopaliska, potw\u00f3r z jeziora<\/p>\n<\/div>\n<div><\/div>\n<table class=\"table table-hover\">\n<thead>\n<tr>\n<th>Bilety rodzinne (od 3 do 8 os\u00f3b)<\/th>\n<th>po 50z\u0142\/os.<\/th>\n<\/tr>\n<\/thead>\n<tbody>\n<tr>\n<td>2 os. doros\u0142e + 1 dziecko<\/td>\n<td>150z\u0142<\/td>\n<\/tr>\n<tr>\n<td>2 os. doros\u0142e + 2 dzieci<\/td>\n<td>200z\u0142<\/td>\n<\/tr>\n<tr>\n<td>2 os. doros\u0142e + 3 dzieci<\/td>\n<td>250z\u0142<\/td>\n<\/tr>\n<tr>\n<td><\/td>\n<td><\/td>\n<\/tr>\n<tr>\n<th style=\"text-align: left;\">Bilet normalny<\/th>\n<th style=\"text-align: left;\">65z\u0142<\/th>\n<\/tr>\n<tr>\n<th style=\"text-align: left;\">Bilet ulgowy*<\/th>\n<th style=\"text-align: left;\">55z\u0142<\/th>\n<\/tr>\n<tr>\n<th style=\"text-align: left;\">Bilet grupowy**<\/th>\n<th style=\"text-align: left;\">50z\u0142\/os.<\/th>\n<\/tr>\n<tr>\n<td><\/td>\n<td><\/td>\n<\/tr>\n<tr>\n<td><\/td>\n<td><\/td>\n<\/tr>\n<tr>\n<th>Park linowy &#8211; komplet (tyrolka, big swing, trasa niska, trasa wysoka)<\/th>\n<th>70z\u0142 doro\u015bli \/ 60z\u0142 dzieci do lat 16<\/th>\n<\/tr>\n<\/tbody>\n<\/table>\n<hr \/>\n<p>* Bilet ulgowy obejmuje dzieci i m\u0142odzie\u017c do 18 roku \u017cycia<br \/>\n** Grupy zorganizowane z kierownikiem musz\u0105 liczy\u0107 minimum 16 os\u00f3b.<br \/>\nNa ka\u017cde 10 os\u00f3b w grupie &#8211; 1 bilet gratis! Dzieci do 100cm wzrostu gratis!<\/p>\n<p><b>Atrakcje dodatkowo p\u0142atne w Parku Rosenau:<br \/>\npark linowy, wypo\u017cyczalnia sprz\u0119tu p\u0142ywaj\u0105cego, samochodziki elektryczne, ma\u0142pi gaj przy Tawernie<\/b>[\/vc_message][\/vc_tta_section][vc_tta_section i_icon_fontawesome=&#8221;stmicon-nature_people&#8221; add_icon=&#8221;true&#8221; title=&#8221;BILETY CZERWONE &#8211; STREFA SUCHA&#8221; tab_id=&#8221;1674031657255-9ac0a417-1976&#8243;][vc_message message_box_color=&#8221;danger&#8221;]<\/p>\n<div class=\"panel-heading\">\n<h3 class=\"panel-title\">BILETY CZERWONE &#8211; STREFA SUCHA &#8211; ATRAKCJE PARKU ROSENAU<\/h3>\n<p>kamienny kr\u0105g, wykopaliska, potw\u00f3r z jeziora, jaskinia dzikich zwierz\u0105t, ogr\u00f3d wody, park \u017cywio\u0142\u00f3w, straszna sztolnia, stacja p\u0142ukania z\u0142ota, wykopaliska, kino 7D, karuzela, dinopark, przeja\u017cd\u017cki ciuchci\u0105, snowtubing, trampolina<\/p>\n<\/div>\n<div><\/div>\n<table class=\"table table-hover\">\n<thead>\n<tr>\n<th>Bilety rodzinne (od 3 do 8 os\u00f3b)<\/th>\n<th>po 40z\u0142\/os.<\/th>\n<\/tr>\n<\/thead>\n<tbody>\n<tr>\n<td>2 os. doros\u0142e + 1 dziecko<\/td>\n<td>120z\u0142<\/td>\n<\/tr>\n<tr>\n<td>2 os. doros\u0142e + 2 dzieci<\/td>\n<td>160z\u0142<\/td>\n<\/tr>\n<tr>\n<td>2 os. doros\u0142e + 3 dzieci<\/td>\n<td>200z\u0142<\/td>\n<\/tr>\n<tr>\n<td><\/td>\n<td><\/td>\n<\/tr>\n<tr>\n<th style=\"text-align: left;\">Bilet normalny<\/th>\n<th style=\"text-align: left;\">55z\u0142<\/th>\n<\/tr>\n<tr>\n<th style=\"text-align: left;\">Bilet ulgowy*<\/th>\n<th style=\"text-align: left;\">45z\u0142<\/th>\n<\/tr>\n<tr>\n<th style=\"text-align: left;\">Bilet grupowy**<\/th>\n<th style=\"text-align: left;\">50z\u0142<\/th>\n<\/tr>\n<tr>\n<td><\/td>\n<td><\/td>\n<\/tr>\n<tr>\n<td><\/td>\n<td><\/td>\n<\/tr>\n<tr>\n<th style=\"text-align: left;\">Park linowy &#8211; komplet (tyrolka, big swing, trasa niska, trasa wysoka)<\/th>\n<th style=\"text-align: left;\">70z\u0142 doro\u015bli \/ 60z\u0142 dzieci do lat 16<\/th>\n<\/tr>\n<\/tbody>\n<\/table>\n<hr \/>\n<p>* Bilet ulgowy obejmuje dzieci i m\u0142odzie\u017c do 18 roku \u017cycia<br \/>\nDzieci do 100cm wzrostu gratis<br \/>\n** Grupy zorganizowane z kierownikiem musz\u0105 liczy\u0107 minimum 16 os\u00f3b.<br \/>\nNa ka\u017cde 10 os\u00f3b w grupie &#8211; 1 bilet gratis! Dzieci do 100cm wzrostu gratis!<\/p>\n<p><b>Atrakcje dodatkowo p\u0142atne w Parku Rosenau:<br \/>\npark linowy, wypo\u017cyczalnia sprz\u0119tu p\u0142ywaj\u0105cego, samochodziki elektryczne, ma\u0142pi gaj przy Tawernie<\/b>[\/vc_message][\/vc_tta_section][vc_tta_section i_icon_fontawesome=&#8221;stmicon-star&#8221; add_icon=&#8221;true&#8221; title=&#8221;BILETY \u017b\u00d3\u0141TE &#8211; STREFA MOKRA + STREFA SUCHA&#8221; tab_id=&#8221;1674031833450-2b8e5e17-b283&#8243;][vc_message message_box_color=&#8221;warning&#8221;]<\/p>\n<div class=\"panel-heading\">\n<h3 class=\"panel-title\"><i class=\"fa fa-user\"><\/i>BILETY \u017b\u00d3\u0141TE &#8211; STREFA MOKRA PLUS STREFA SUCHA<\/h3>\n<p>zje\u017cd\u017calnia typu &#8222;wahad\u0142o&#8221;, zje\u017cd\u017calnia typu &#8222;anakonda&#8221;, wodny plac zabaw, rw\u0105ca rzeka, basen zewn\u0119trzny 50x25cm, kamienny kr\u0105g, wykopaliska, potw\u00f3r z jeziora, jaskinia dzikich zwierz\u0105t, ogr\u00f3d wody, park \u017cywio\u0142\u00f3w, straszna sztolnia, stacja p\u0142ukania z\u0142ota, wykopaliska, kino 7D, karuzele, dinopark, przeja\u017cd\u017cki ciuchci\u0105, snowtubing, trampoliny<\/p>\n<\/div>\n<div><\/div>\n<table class=\"table table-hover\">\n<thead>\n<tr>\n<th>Bilety rodzinne (od 3 do 8 os\u00f3b)<\/th>\n<th>po 80z\u0142\/os.<\/th>\n<\/tr>\n<\/thead>\n<tbody>\n<tr>\n<td>2 os. doros\u0142e + 1 dziecko<\/td>\n<td>240z\u0142<\/td>\n<\/tr>\n<tr>\n<td>2 os. doros\u0142e + 2 dzieci<\/td>\n<td>320z\u0142<\/td>\n<\/tr>\n<tr>\n<td>2 os. doros\u0142e + 3 dzieci<\/td>\n<td>400z\u0142<\/td>\n<\/tr>\n<tr>\n<td><\/td>\n<td><\/td>\n<\/tr>\n<tr>\n<th style=\"text-align: left;\">Bilet normalny<\/th>\n<th style=\"text-align: left;\">100z\u0142<\/th>\n<\/tr>\n<tr>\n<th style=\"text-align: left;\">Bilet ulgowy*<\/th>\n<th style=\"text-align: left;\">90z\u0142<\/th>\n<\/tr>\n<tr>\n<th style=\"text-align: left;\">Bilet grupowy**<\/th>\n<th style=\"text-align: left;\">80z\u0142<\/th>\n<\/tr>\n<tr>\n<td><\/td>\n<td><\/td>\n<\/tr>\n<tr>\n<td><\/td>\n<td><\/td>\n<\/tr>\n<tr>\n<th style=\"text-align: left;\">Park linowy &#8211; komplet (tyrolka, big swing, trasa niska, trasa wysoka)<\/th>\n<th style=\"text-align: left;\">70z\u0142 doro\u015bli \/ 60z\u0142 dzieci do lat 16<\/th>\n<\/tr>\n<\/tbody>\n<\/table>\n<hr \/>\n<p>* Bilet ulgowy obejmuje dzieci i m\u0142odzie\u017c do 18 roku \u017cycia<br \/>\nDzieci do 100cm wzrostu gratis<br \/>\n** Grupy zorganizowane z kierownikiem musz\u0105 liczy\u0107 minimum 16 os\u00f3b.<br \/>\nNa ka\u017cde 10 os\u00f3b w grupie &#8211; 1 bilet gratis! Dzieci do 100cm wzrostu gratis!<\/p>\n<p><b>Atrakcje dodatkowo p\u0142atne w Parku Rosenau:<br \/>\npark linowy, wypo\u017cyczalnia sprz\u0119tu p\u0142ywaj\u0105cego, samochodziki elektryczne, ma\u0142pi gaj przy Tawernie<\/b>[\/vc_message][\/vc_tta_section][\/vc_tta_tour][\/vc_column][\/vc_row][vc_row shadow_x_offset=&#8221;0&#8243; shadow_y_offset=&#8221;0&#8243; shadow_blur=&#8221;0&#8243; shadow_spread=&#8221;0&#8243; shadow_color=&#8221;&#8221;][vc_column][stm_carousel_gallery images_effect=&#8221;0&#8243; lightgallery=&#8221;disable&#8221; images_margin=&#8221;50&#8243; thumbnails=&#8221;disable&#8221; description=&#8221;disable&#8221; pagination=&#8221;disable&#8221; images=&#8221;2555,2553,2541,2538,2536,2547,2495,2159,2158,2160,2164,2165,2153,2145,2126,2129,2152,2140&#8243; image_size=&#8221;1170&#215;650&#8243;][\/vc_column][\/vc_row]<\/p>\n","protected":false},"excerpt":{"rendered":"<p>[vc_row][vc_column][vc_custom_heading source=&#8221;post_title&#8221; font_container=&#8221;tag:h2|text_align:center&#8221; use_theme_fonts=&#8221;yes&#8221; css=&#8221;.vc_custom_1539948683235{margin-bottom: 60px !important;}&#8221;][stm_spacer height=&#8221;30&#8243; height_tablet=&#8221;30&#8243; height_mobile=&#8221;30&#8243;][\/vc_column][\/vc_row][vc_row][vc_column][stm_spacer height=&#8221;30&#8243; height_tablet=&#8221;30&#8243; height_mobile=&#8221;30&#8243;][\/vc_column][\/vc_row][vc_row][vc_column][vc_tta_tour color=&#8221;chino&#8221; active_section=&#8221;1&#8243;][vc_tta_section i_icon_fontawesome=&#8221;fas fa-swimmer&#8221; add_icon=&#8221;true&#8221; title=&#8221;BILETY NIEBIESKIE &#8211; STREFA MOKRA&#8221; tab_id=&#8221;1674031657219-57b231e1-14e8&#8243;][vc_message] BILETY NIEBIESKIE &#8211; STREFA MOKRA zje\u017cd\u017calnia typu &#8222;wahad\u0142o&#8221;, zje\u017cd\u017calnia typu &#8222;anakonda&#8221;, wodny plac zabaw, jacuzzi, rw\u0105ca rzeka, basen zewn\u0119trzny 50x25m, kamienny kr\u0105g, wykopaliska, potw\u00f3r z jeziora Bilety rodzinne (od 3 do [&hellip;]<\/p>\n","protected":false},"author":1,"featured_media":0,"parent":0,"menu_order":0,"comment_status":"closed","ping_status":"closed","template":"","meta":[],"_links":{"self":[{"href":"https:\/\/gorzelanny.pl\/zaginione-miasto\/wp-json\/wp\/v2\/pages\/2508"}],"collection":[{"href":"https:\/\/gorzelanny.pl\/zaginione-miasto\/wp-json\/wp\/v2\/pages"}],"about":[{"href":"https:\/\/gorzelanny.pl\/zaginione-miasto\/wp-json\/wp\/v2\/types\/page"}],"author":[{"embeddable":true,"href":"https:\/\/gorzelanny.pl\/zaginione-miasto\/wp-json\/wp\/v2\/users\/1"}],"replies":[{"embeddable":true,"href":"https:\/\/gorzelanny.pl\/zaginione-miasto\/wp-json\/wp\/v2\/comments?post=2508"}],"version-history":[{"count":17,"href":"https:\/\/gorzelanny.pl\/zaginione-miasto\/wp-json\/wp\/v2\/pages\/2508\/revisions"}],"predecessor-version":[{"id":2815,"href":"https:\/\/gorzelanny.pl\/zaginione-miasto\/wp-json\/wp\/v2\/pages\/2508\/revisions\/2815"}],"wp:attachment":[{"href":"https:\/\/gorzelanny.pl\/zaginione-miasto\/wp-json\/wp\/v2\/media?parent=2508"}],"curies":[{"name":"wp","href":"https:\/\/api.w.org\/{rel}","templated":true}]}}