{"id":2583,"date":"2023-01-18T10:01:58","date_gmt":"2023-01-18T09:01:58","guid":{"rendered":"https:\/\/gorzelanny.pl\/zaginione-miasto1\/?page_id=2583"},"modified":"2025-09-15T12:53:26","modified_gmt":"2025-09-15T10:53:26","slug":"wycieczki","status":"publish","type":"page","link":"https:\/\/gorzelanny.pl\/zaginione-miasto\/wycieczki\/","title":{"rendered":"Wycieczki dla szk\u00f3\u0142"},"content":{"rendered":"<p>[vc_row][vc_column][vc_custom_heading source=&#8221;post_title&#8221; font_container=&#8221;tag:h2|text_align:center&#8221; use_theme_fonts=&#8221;yes&#8221;][vc_empty_space height=&#8221;73px&#8221;][\/vc_column][\/vc_row][vc_row][vc_column][vc_column_text]<\/p>\n<blockquote>\n<blockquote><p>Zapraszamy na wycieczki szkolne w G\u00f3ry Opawskie, proponujemy Pa\u0144stwu r\u00f3\u017cne warianty cenowe &#8211; wycieczki 1,2 lub 3-dniowe.<\/p><\/blockquote>\n<p>[\/vc_column_text][\/vc_column][\/vc_row][vc_row][vc_column][vc_text_separator title=&#8221;PROPOZYCJA NA ROK 2026&#8243; border_width=&#8221;6&#8243;][vc_column_text]<\/p><\/blockquote>\n<p>[\/vc_column_text][vc_tta_accordion shape=&#8221;square&#8221; active_section=&#8221;1&#8243; collapsible_all=&#8221;true&#8221;][vc_tta_section title=&#8221;Kliknij w wybran\u0105 wycieczk\u0119 i zapoznaj si\u0119 z propozycj\u0105&#8221; tab_id=&#8221;1604573658746-3f8903d0-443c&#8221;][\/vc_tta_section][vc_tta_section title=&#8221;Wycieczka 1-dniowa&#8221; tab_id=&#8221;1604573049164-cb988b44-f000&#8243;][vc_column_text]<\/p>\n<p>Opcja I &#8211; wycieczka jednodniowa &#8211; 60 z\u0142\/os.<br \/>\nWycieczka do &#8222;Interaktywnego Parku Edukacji i Rozrywki ROSENAU &#8211; Zaginione miasto&#8221; to nie tylko \u015bwietna zabawa, ale te\u017c ciekawa nauka! Doskonale wiemy, \u017ce dzieci i m\u0142odzie\u017c to najbardziej wymagaj\u0105cy odbiorcy, kt\u00f3rzy potrafi\u0105 wystawia\u0107 surowe oceny. Dlatego stan\u0119li\u015bmy na wysoko\u015bci zadania i przygotowali\u015bmy w naszym parku szereg interesuj\u0105cych, edukuj\u0105cych atrakcji, kt\u00f3re anga\u017cuj\u0105, ciekawi\u0105 i sprawiaj\u0105, \u017ce dzieci ucz\u0105 si\u0119 czego\u015b nowego. Proponujemy Pa\u0144stwu ofert\u0119 skierowan\u0105 dla grup zorganizowanych oraz szk\u00f3\u0142.<\/p>\n<p>W cenie biletu:<\/p>\n<p>Park \u017bywio\u0142\u00f3w &#8211; Lekcja z fizyki i optyki podana w spos\u00f3b zabawny i przyjazny<br \/>\nStraszna Sztolnia Z\u0142ota &#8211; Lekcja historii z nutk\u0105 strachu<br \/>\nOgr\u00f3d Wody &#8211; edukacyjna zabawa z p\u0142ywaj\u0105c\u0105 wod\u0105<br \/>\nPotw\u00f3r z Rosenau<br \/>\n\u015awiat do g\u00f3ry nogami &#8211; czyli przygoda w wiruj\u0105cym domku<br \/>\nRosenau &#8211; tajemniczy kr\u0105g<br \/>\nMa\u0142pi gaj, trampoliny &#8211; dla dzieci 3-12 lat<br \/>\nJaskinia Wilka i Nied\u017awiedzia<br \/>\nKino Emocji Cinema 7D<br \/>\nPrzeja\u017cd\u017cka Ciuchci\u0105 po terenie Zaginionego Miasta Rosenau<br \/>\nKaruzele<br \/>\nDinopark (park linowy) &#8211; trasa dla najm\u0142odszych 3-12 lat<br \/>\nGIGAOWADY &#8211; ekspozycja wielkich owad\u00f3w<\/p>\n<p>Dodatkowo proponujemy:<\/p>\n<p>wysoko\u015bciowy tor linowy &#8211; dwie trasy do wyboru &#8211; uniwersalna i extreme \u2013 40 z\u0142\/os.\/jedna trasa<br \/>\nBIG SWING &#8211; atrakcja dla odwa\u017cnych &#8211; skok na wahadle &#8211; 30z\u0142\/os.<br \/>\nZjazd na linie nad k\u0105pieliskiem &#8211; Tyrolka &#8211; 30z\u0142\/os.<\/p>\n<p>Nasza gastronomia:<\/p>\n<p>Pieczenie kie\u0142basek na ognisku (kie\u0142baska 100g, pieczywo, ketchup, musztarda, papierowe talerzyki i plastikowe sztu\u0107ce) &#8211; 25z\u0142\/os.<br \/>\nI danie &#8211; zupa pomidorowa, jarzynowa, ros\u00f3\u0142, og\u00f3rkowa &#8211; 20z\u0142\/os.<br \/>\nII danie &#8211; filet drobiowy z frytkami i sur\u00f3wk\u0105 lub filet rybny z frytkami i sur\u00f3wk\u0105 + nap\u00f3j &#8211; 35z\u0142\/os.<br \/>\nPierogi (ruskie, z serem, kapust\u0105 i mi\u0119sem) + nap\u00f3j &#8211; 30z\u0142\/os.<br \/>\nistnieje mo\u017cliwo\u015b\u0107 skomponowania w\u0142asnego zestawu obiadowego<\/p>\n<p>Informacje praktyczne:<\/p>\n<p>Grupa musi liczy\u0107 minimum 20 os\u00f3b<br \/>\nOpiekunowie grup maj\u0105 wolny wst\u0119p do parku (1 opiekun \/ 10 dzieci).<br \/>\nCzas pobytu na terenie obiektu ograniczony jest jedynie godzinami pracy parku<\/p>\n<p>[\/vc_column_text][\/vc_tta_section][vc_tta_section title=&#8221;Wycieczka 2-dniowa&#8221; tab_id=&#8221;1604573049182-4076c62a-08c5&#8243;][vc_column_text]<\/p>\n<p>Opcja II &#8211; wycieczka dwudniowa<br \/>\nZakwaterowanie o\u015brodek Chrobry(pokoje 2,3,4 os) \u2013 289 z\u0142\/os.<\/p>\n<p>&nbsp;<\/p>\n<p>1. Zaginione Miasto Rosenau &#8211; Zwiedzanie Parku<br \/>\n2. Edukacyjno-dydaktyczna \u015bcie\u017cka przyrodnicza rezerwat przyrody \u201eCicha Dolina\u201d<\/p>\n<p>I dzie\u0144 &#8211; przyjazd<\/p>\n<p>zakwaterowanie w pokojach<br \/>\nZaginione Miasto Rosenau &#8211; zwiedzanie parku:<\/p>\n<p>&#8211; Park \u017bywio\u0142\u00f3w &#8211; Lekcja z fizyki i optyki podana w spos\u00f3b zabawny i przyjazny<br \/>\n&#8211; Straszna Sztolnia Z\u0142ota &#8211; Lekcja historii z nutk\u0105 strachu<br \/>\n&#8211; Ogr\u00f3d Wody &#8211; edukacyjna zabawa z p\u0142ywaj\u0105c\u0105 wod\u0105<br \/>\n&#8211; Potw\u00f3r z Rosenau<br \/>\n&#8211; \u015awiat do g\u00f3ry nogami &#8211; czyli przygoda w wiruj\u0105cym domku<br \/>\n&#8211; Rosenau &#8211; tajemniczy kr\u0105g<br \/>\n&#8211; Jaskinia Wilka i Nied\u017awiedzia<br \/>\n&#8211; Kino Emocji Cinema 7D<br \/>\n&#8211; Przeja\u017cd\u017cka Ciuchci\u0105 po terenie Zaginionego Miasta Rosenau<br \/>\n&#8211; Karuzele<br \/>\n&#8211; Dinopark (park linowy) &#8211; trasa dla najm\u0142odszych<br \/>\n&#8211; GIGAOWADY &#8211; ekspozycja wielkich owad\u00f3w<\/p>\n<p>kolacja<br \/>\ndyskoteka<\/p>\n<p>II dzie\u0144<\/p>\n<p>\u015bniadanie<br \/>\nwyj\u015bcie w g\u00f3ry (z przewodnikiem lub animatorem) &#8211; edukacyjno-dydaktyczna \u015bcie\u017cka przyrodnicza w rezerwacie przyrody \u201eCicha Dolina\u201d<br \/>\nobiad<\/p>\n<p>Informacje praktyczne:<br \/>\nGrupa musi liczy\u0107 minimum 30 os\u00f3b<br \/>\nOpiekunowie grup gratis wszystkie \u015bwiadczenia (1 opiekun \/ 15 dzieci)<br \/>\nW cenie pobytu 1 godzina korzystania z basenu (1,3 m. g\u0142\u0119boko\u015bci ,basen bez opieki ratownika)[\/vc_column_text][\/vc_tta_section][vc_tta_section title=&#8221;Wycieczka 3-dniowa&#8221; tab_id=&#8221;1646835556765-137b00d8-2c8f&#8221;][vc_column_text]<\/p>\n<p>Opcja III &#8211; wycieczka trzydniowa<br \/>\nZakwaterowanie o\u015brodek Chrobry(pokoje 2,3,4 os) \u2013 456 z\u0142\/os.<\/p>\n<p>&nbsp;<\/p>\n<p>1. Zaginione Miasto Rosenau &#8211; Zwiedzanie Parku<br \/>\n2. Wyjazd do Czech \u2013 Jaskinia na Spicaku (wymagany paszport lub dow\u00f3d osobisty), lub zwiedzanie miasta Nysy lub wy\u015bcie w g\u00f3ry \u2013 Biskupia Kopa 890 m.n.p.m.<br \/>\n3. Edukacyjno-dydaktyczna \u015bcie\u017cka przyrodnicza rezerwat przyrody \u201eCicha Dolina\u201d<\/p>\n<p>I dzie\u0144 &#8211; przyjazd<\/p>\n<p>zakwaterowanie w pokojach<br \/>\nZaginione Miasto Rosenau &#8211; zwiedzanie parku:<\/p>\n<p>&#8211; Park \u017bywio\u0142\u00f3w &#8211; Lekcja z fizyki i optyki podana w spos\u00f3b zabawny i przyjazny<br \/>\n&#8211; Straszna Sztolnia Z\u0142ota &#8211; Lekcja historii z nutk\u0105 strachu<br \/>\n&#8211; Ogr\u00f3d Wody &#8211; edukacyjna zabawa z p\u0142ywaj\u0105c\u0105 wod\u0105<br \/>\n&#8211; Potw\u00f3r z Rosenau<br \/>\n&#8211; \u015awiat do g\u00f3ry nogami &#8211; czyli przygoda w wiruj\u0105cym domku<br \/>\n&#8211; Rosenau &#8211; tajemniczy kr\u0105g<br \/>\n&#8211; Jaskinia Wilka i Nied\u017awiedzia<br \/>\n&#8211; Kino Emocji Cinema 7D<br \/>\n&#8211; Przeja\u017cd\u017cka Ciuchci\u0105 po terenie Zaginionego Miasta Rosenau<br \/>\n&#8211; Karuzele<br \/>\n&#8211; Dinopark (park linowy) &#8211; trasa dla najm\u0142odszych<br \/>\n&#8211; GIGAOWADY &#8211; ekspozycja wielkich owad\u00f3w<\/p>\n<p>kolacja<br \/>\ndyskoteka<\/p>\n<p>II dzie\u0144<\/p>\n<p>\u015bniadanie<br \/>\nsuchy prowiant na drog\u0119<br \/>\nwyjazd do Czech (wymagany paszport lub dow\u00f3d osobisty) lub Nysy z przewodnikiem Sudeckim<br \/>\nNysa:<br \/>\n&#8211; rejs statkiem po jeziorze nyskim \u2013 koszt ok. 35 z\u0142\/os.<br \/>\n&#8211; wej\u015bcie na wie\u017c\u0119 ratuszow\u0105 &#8211; panorama miasta \u2013 koszt ok. 25 z\u0142\/os.<br \/>\n&#8211; zwiedzanie Nyskiego rynku.<br \/>\nlub<br \/>\nCzechy(ka\u017cdy uczestnik musi posiada\u0107 dow\u00f3d osobisty lub paszport):<br \/>\n&#8211; zwiedzanie jaskini na Spicaku w Pisecnej \u2013 koszt ok. 40 z\u0142\/os.<br \/>\n&#8211; Zwiedzanie uzdrowiska V. Priessnitza w Jeseniku,<br \/>\nW powrotnej drodze przejazd przez miejscowo\u015b\u0107 Rejviz &#8211; zwiedzanie starej karczmy z 1794 r.<br \/>\nlub<br \/>\nWyj\u015bcie z przewodnikiem na Biskupi\u0105 Kop\u0119 &#8211; wie\u017ca widokowa wst\u0119p ok. 20 z\u0142<br \/>\nobiadokolacja<br \/>\nOgnisko lub grill z pieczonymi kie\u0142baskami<\/p>\n<p>&nbsp;<\/p>\n<p>III dzie\u0144<\/p>\n<p>\u015bniadanie<br \/>\nwyj\u015bcie w g\u00f3ry (z przewodnikiem lub animatorem) &#8211; edukacyjno-dydaktyczna \u015bcie\u017cka przyrodnicza w rezerwacie przyrody \u201eCicha Dolina\u201d<br \/>\nobiad<\/p>\n<p>&nbsp;<\/p>\n<p>Informacje praktyczne:<br \/>\nGrupa musi liczy\u0107 minimum 30 os\u00f3b<br \/>\nOpiekunowie grup gratis wszystkie \u015bwiadczenia (1 opiekun &#8211; 15 dzieci)<br \/>\nBilety wst\u0119pu do Parku Rosenau wliczone w koszty wycieczki<br \/>\nCena nie zawiera koszt\u00f3w autokaru,<br \/>\n&#8211; bilet\u00f3w wst\u0119pu &#8211; Jaskinie na Spicaku oko\u0142o 200 koron CZ.<br \/>\n&#8211; rejs statkiem po Jez. Nyskim ok. 35z\u0142\/os.<br \/>\n1 osoba na 15 os\u00f3b &#8211; bezp\u0142atnie<br \/>\nW cenie pobytu 2 godziny korzystania z basenu (1,3 m. g\u0142\u0119boko\u015bci ,basen bez opieki ratownika)<\/p>\n<p>&nbsp;<\/p>\n<p>Park &#8222;Rosenau&#8221; &#8211; zwiedzanie 60z\u0142\/os.<br \/>\nPrzy pobytach minimum 3 noclegi mo\u017cliwo\u015b\u0107 negocjacji cen.<br \/>\n[\/vc_column_text][\/vc_tta_section][\/vc_tta_accordion][vc_message]Uwaga:<br \/>\n1) Istnieje mo\u017cliwo\u015b\u0107 uzgodnienia innych wariant\u00f3w<br \/>\n2) Mo\u017cliwo\u015b\u0107 przywozu i odwozu grup na miejsce[\/vc_message][vc_message]Oferta specjalna dla nauczycieli!<br \/>\nDla wszystkich nauczycieli, kt\u00f3rzy przyjad\u0105 z grup\u0105 dzieci lub m\u0142odzie\u017cy (tak\u017ce jako opiekunowie) do naszego parku przygotowali\u015bmy ofert\u0119 specjaln\u0105. Otrzymacie Pa\u0144stwo Kart\u0119 Wst\u0119pu do Zaginionego Miasta Rosenau. Karta ta wa\u017cna jest od chwili aktywacji w kasie do ko\u0144ca sezonu wiosenno &#8211; jesiennego. Karta jest imienna i daje prawo bezp\u0142atnego wst\u0119pu do naszego parku. Dodatkowo ka\u017cdy z przyby\u0142ych nauczycieli mo\u017ce otrzyma\u0107 jeszcze jedn\u0105, r\u00f3wnie\u017c imienn\u0105 Kart\u0119 Wst\u0119pu dla kogo\u015b ze swych bliskich.[\/vc_message][vc_message]OPCJA PODSTAWOWA (O\u015aRODEK CHROBRY):<br \/>\nNocleg + 3 posi\u0142ki \u2013 220 z\u0142\/osobodzie\u0144<br \/>\nNocleg + 2 posi\u0142ki \u2013 200 z\u0142\/osobodzie\u0144<br \/>\nNocleg + 1 posi\u0142ek \u2013 170 z\u0142\/osobodzie\u0144<br \/>\nNocleg \u2013 135 z\u0142\/osoba<\/p>\n<p>Ceny powy\u017cej jednej Doby, jedna Doba 20 z\u0142\/wi\u0119cej w poszczeg\u00f3lnych opcjach<br \/>\nPark \u201eRosenau\u201d &#8211; zwiedzanie \u2013 60 z\u0142\/os.<br \/>\nPrzewodnik sudecki 4-7 godzin \u2013\u00a0 500 z\u0142\/dzie\u0144<br \/>\nPrzewodnik sudecki 1-4 godziny \u2013\u00a0 400 z\u0142\/dzie\u0144<br \/>\nGrupa to minimum 30 os\u00f3b<br \/>\nPrzy pobytach minimum 3 noclegi mo\u017cliwo\u015b\u0107 negocjacji cen.<\/p>\n<p>ZAKWATEROWANIE:<br \/>\nPokoje (2,4,5 os. z \u0142azienkami i tv) \u2013 o\u015brodek Chrobry[\/vc_message][\/vc_column][\/vc_row]<\/p>\n","protected":false},"excerpt":{"rendered":"<p>[vc_row][vc_column][vc_custom_heading source=&#8221;post_title&#8221; font_container=&#8221;tag:h2|text_align:center&#8221; use_theme_fonts=&#8221;yes&#8221;][vc_empty_space height=&#8221;73px&#8221;][\/vc_column][\/vc_row][vc_row][vc_column][vc_column_text] Zapraszamy na wycieczki szkolne w G\u00f3ry Opawskie, proponujemy Pa\u0144stwu r\u00f3\u017cne warianty cenowe &#8211; wycieczki 1,2 lub 3-dniowe. [\/vc_column_text][\/vc_column][\/vc_row][vc_row][vc_column][vc_text_separator title=&#8221;PROPOZYCJA NA ROK 2026&#8243; border_width=&#8221;6&#8243;][vc_column_text] [\/vc_column_text][vc_tta_accordion shape=&#8221;square&#8221; active_section=&#8221;1&#8243; collapsible_all=&#8221;true&#8221;][vc_tta_section title=&#8221;Kliknij w wybran\u0105 wycieczk\u0119 i zapoznaj si\u0119 z propozycj\u0105&#8221; tab_id=&#8221;1604573658746-3f8903d0-443c&#8221;][\/vc_tta_section][vc_tta_section title=&#8221;Wycieczka 1-dniowa&#8221; tab_id=&#8221;1604573049164-cb988b44-f000&#8243;][vc_column_text] Opcja I &#8211; wycieczka jednodniowa &#8211; 60 z\u0142\/os. Wycieczka do [&hellip;]<\/p>\n","protected":false},"author":1,"featured_media":0,"parent":0,"menu_order":0,"comment_status":"closed","ping_status":"closed","template":"","meta":{"footnotes":""},"class_list":["post-2583","page","type-page","status-publish","hentry"],"_links":{"self":[{"href":"https:\/\/gorzelanny.pl\/zaginione-miasto\/wp-json\/wp\/v2\/pages\/2583","targetHints":{"allow":["GET"]}}],"collection":[{"href":"https:\/\/gorzelanny.pl\/zaginione-miasto\/wp-json\/wp\/v2\/pages"}],"about":[{"href":"https:\/\/gorzelanny.pl\/zaginione-miasto\/wp-json\/wp\/v2\/types\/page"}],"author":[{"embeddable":true,"href":"https:\/\/gorzelanny.pl\/zaginione-miasto\/wp-json\/wp\/v2\/users\/1"}],"replies":[{"embeddable":true,"href":"https:\/\/gorzelanny.pl\/zaginione-miasto\/wp-json\/wp\/v2\/comments?post=2583"}],"version-history":[{"count":23,"href":"https:\/\/gorzelanny.pl\/zaginione-miasto\/wp-json\/wp\/v2\/pages\/2583\/revisions"}],"predecessor-version":[{"id":2822,"href":"https:\/\/gorzelanny.pl\/zaginione-miasto\/wp-json\/wp\/v2\/pages\/2583\/revisions\/2822"}],"wp:attachment":[{"href":"https:\/\/gorzelanny.pl\/zaginione-miasto\/wp-json\/wp\/v2\/media?parent=2583"}],"curies":[{"name":"wp","href":"https:\/\/api.w.org\/{rel}","templated":true}]}}