{"id":2641,"date":"2023-03-01T13:56:15","date_gmt":"2023-03-01T12:56:15","guid":{"rendered":"https:\/\/gorzelanny.pl\/zaginione-miasto1\/?page_id=2641"},"modified":"2023-03-01T15:41:44","modified_gmt":"2023-03-01T14:41:44","slug":"snowtubing","status":"publish","type":"page","link":"https:\/\/gorzelanny.pl\/zaginione-miasto\/snowtubing\/","title":{"rendered":"Snowtubing"},"content":{"rendered":"<p>[vc_section][vc_row][vc_column][vc_custom_heading source=&#8221;post_title&#8221; font_container=&#8221;tag:h2|text_align:center&#8221; use_theme_fonts=&#8221;yes&#8221; css=&#8221;.vc_custom_1539949623848{margin-top: 30px !important;margin-bottom: 40px !important;}&#8221;][stm_spacer height=&#8221;73&#8243; height_tablet=&#8221;60&#8243; height_mobile=&#8221;40&#8243;][vc_row_inner][vc_column_inner][vc_column_text css=&#8221;.vc_custom_1677675790679{margin-bottom: 52px !important;}&#8221;]SNOWTUBING to zje\u017cd\u017canie (zim\u0105 po \u015bnie\u017cnym, a latem po zielonym wytyczonym torze) na specjalnych gumowych \u015blizgach zwanych potocznie oponami\/d\u0119tkami. To wspania\u0142a zabawa dla ca\u0142ej rodziny bez ogranicze\u0144 wiekowych!<\/p>\n<p>Specjalne opony s\u0105 transportowane na szczyt g\u00f3rki, gdzie nast\u0119puje automatyczne wypi\u0119cie d\u0119tki, kt\u00f3ra wraz z siedz\u0105cym w niej uczestnikiem zabawy rozpoczyna zjazd po wytyczonym torze!<\/p>\n<p><b>Jest to jedna z najciekawszych i najpopularniejszych atrakcji w naszym parku &#8211; snowtubing wliczony jest w cen\u0119 biletu<\/b>.[\/vc_column_text][\/vc_column_inner][\/vc_row_inner][stm_spacer height=&#8221;59&#8243; height_tablet=&#8221;40&#8243; height_mobile=&#8221;40&#8243;][\/vc_column][\/vc_row][\/vc_section][vc_row][vc_column][vc_media_grid grid_id=&#8221;vc_gid:1677681684099-d0fe2c64-002d-5&#8243; include=&#8221;2150,2151,2152&#8243;][\/vc_column][\/vc_row]<\/p>\n","protected":false},"excerpt":{"rendered":"<p>[vc_section][vc_row][vc_column][vc_custom_heading source=&#8221;post_title&#8221; font_container=&#8221;tag:h2|text_align:center&#8221; use_theme_fonts=&#8221;yes&#8221; css=&#8221;.vc_custom_1539949623848{margin-top: 30px !important;margin-bottom: 40px !important;}&#8221;][stm_spacer height=&#8221;73&#8243; height_tablet=&#8221;60&#8243; height_mobile=&#8221;40&#8243;][vc_row_inner][vc_column_inner][vc_column_text css=&#8221;.vc_custom_1677675790679{margin-bottom: 52px !important;}&#8221;]SNOWTUBING to zje\u017cd\u017canie (zim\u0105 po \u015bnie\u017cnym, a latem po zielonym wytyczonym torze) na specjalnych gumowych \u015blizgach zwanych potocznie oponami\/d\u0119tkami. To wspania\u0142a zabawa dla ca\u0142ej rodziny bez ogranicze\u0144 wiekowych! Specjalne opony s\u0105 transportowane na szczyt g\u00f3rki, gdzie nast\u0119puje automatyczne wypi\u0119cie d\u0119tki, kt\u00f3ra [&hellip;]<\/p>\n","protected":false},"author":1,"featured_media":0,"parent":0,"menu_order":0,"comment_status":"closed","ping_status":"closed","template":"","meta":{"footnotes":""},"class_list":["post-2641","page","type-page","status-publish","hentry"],"_links":{"self":[{"href":"https:\/\/gorzelanny.pl\/zaginione-miasto\/wp-json\/wp\/v2\/pages\/2641","targetHints":{"allow":["GET"]}}],"collection":[{"href":"https:\/\/gorzelanny.pl\/zaginione-miasto\/wp-json\/wp\/v2\/pages"}],"about":[{"href":"https:\/\/gorzelanny.pl\/zaginione-miasto\/wp-json\/wp\/v2\/types\/page"}],"author":[{"embeddable":true,"href":"https:\/\/gorzelanny.pl\/zaginione-miasto\/wp-json\/wp\/v2\/users\/1"}],"replies":[{"embeddable":true,"href":"https:\/\/gorzelanny.pl\/zaginione-miasto\/wp-json\/wp\/v2\/comments?post=2641"}],"version-history":[{"count":9,"href":"https:\/\/gorzelanny.pl\/zaginione-miasto\/wp-json\/wp\/v2\/pages\/2641\/revisions"}],"predecessor-version":[{"id":2652,"href":"https:\/\/gorzelanny.pl\/zaginione-miasto\/wp-json\/wp\/v2\/pages\/2641\/revisions\/2652"}],"wp:attachment":[{"href":"https:\/\/gorzelanny.pl\/zaginione-miasto\/wp-json\/wp\/v2\/media?parent=2641"}],"curies":[{"name":"wp","href":"https:\/\/api.w.org\/{rel}","templated":true}]}}