{"id":2653,"date":"2023-03-01T15:42:42","date_gmt":"2023-03-01T14:42:42","guid":{"rendered":"https:\/\/gorzelanny.pl\/zaginione-miasto1\/?page_id=2653"},"modified":"2023-03-02T15:29:28","modified_gmt":"2023-03-02T14:29:28","slug":"kino-7d","status":"publish","type":"page","link":"https:\/\/gorzelanny.pl\/zaginione-miasto\/kino-7d\/","title":{"rendered":"Kino 7D"},"content":{"rendered":"<p>[vc_section][vc_row][vc_column][vc_custom_heading source=&#8221;post_title&#8221; font_container=&#8221;tag:h2|text_align:center&#8221; use_theme_fonts=&#8221;yes&#8221; css=&#8221;.vc_custom_1539949623848{margin-top: 30px !important;margin-bottom: 40px !important;}&#8221;][stm_spacer height=&#8221;73&#8243; height_tablet=&#8221;60&#8243; height_mobile=&#8221;40&#8243;][vc_row_inner][vc_column_inner][vc_column_text css=&#8221;.vc_custom_1677767329476{margin-bottom: 52px !important;}&#8221;]<b>KINO 7D w Parku ROSENAU<\/b> to kino najnowszej generacji! Opr\u00f3cz dotychczas znanych efekt\u00f3w filmu 3D (tr\u00f3jwymiarowego), nasze kino oferuje dodatkowe wra\u017cenia podczas ogl\u0105dania filmu \u2013 7D (dimension). Widz czuje zapach, bryz\u0119 wody, powiew powietrza, b\u0105belki, dotyk na plecach i w siedzisku, wibracje i zmian\u0119 pozycji a do tego doskona\u0142e nag\u0142o\u015bnienie wydobywaj\u0105ce si\u0119 z g\u0142o\u015bnik\u00f3w pot\u0119guje doznania.[\/vc_column_text][\/vc_column_inner][\/vc_row_inner][vc_message]<\/p>\n<p style=\"text-align: center;\"><strong>Tu trzeba by\u0107 i to prze\u017cy\u0107, bo trudno to sobie wyobrazi\u0107!<\/strong><br \/>\n<strong>Dodatkowe efekty zawdzi\u0119czamy specjalnym fotelom, zaawansowanym technicznie.<\/strong><\/p>\n<p>[\/vc_message][stm_spacer height=&#8221;59&#8243; height_tablet=&#8221;40&#8243; height_mobile=&#8221;40&#8243;][\/vc_column][\/vc_row][\/vc_section][vc_row][vc_column][vc_media_grid grid_id=&#8221;vc_gid:1677767304188-8c939508-7752-4&#8243; include=&#8221;2101,2102,2103&#8243;][\/vc_column][\/vc_row][vc_row][vc_column][\/vc_column][\/vc_row]<\/p>\n","protected":false},"excerpt":{"rendered":"<p>[vc_section][vc_row][vc_column][vc_custom_heading source=&#8221;post_title&#8221; font_container=&#8221;tag:h2|text_align:center&#8221; use_theme_fonts=&#8221;yes&#8221; css=&#8221;.vc_custom_1539949623848{margin-top: 30px !important;margin-bottom: 40px !important;}&#8221;][stm_spacer height=&#8221;73&#8243; height_tablet=&#8221;60&#8243; height_mobile=&#8221;40&#8243;][vc_row_inner][vc_column_inner][vc_column_text css=&#8221;.vc_custom_1677767329476{margin-bottom: 52px !important;}&#8221;]KINO 7D w Parku ROSENAU to kino najnowszej generacji! Opr\u00f3cz dotychczas znanych efekt\u00f3w filmu 3D (tr\u00f3jwymiarowego), nasze kino oferuje dodatkowe wra\u017cenia podczas ogl\u0105dania filmu \u2013 7D (dimension). Widz czuje zapach, bryz\u0119 wody, powiew powietrza, b\u0105belki, dotyk na plecach i w siedzisku, [&hellip;]<\/p>\n","protected":false},"author":1,"featured_media":0,"parent":0,"menu_order":0,"comment_status":"closed","ping_status":"closed","template":"","meta":[],"_links":{"self":[{"href":"https:\/\/gorzelanny.pl\/zaginione-miasto\/wp-json\/wp\/v2\/pages\/2653"}],"collection":[{"href":"https:\/\/gorzelanny.pl\/zaginione-miasto\/wp-json\/wp\/v2\/pages"}],"about":[{"href":"https:\/\/gorzelanny.pl\/zaginione-miasto\/wp-json\/wp\/v2\/types\/page"}],"author":[{"embeddable":true,"href":"https:\/\/gorzelanny.pl\/zaginione-miasto\/wp-json\/wp\/v2\/users\/1"}],"replies":[{"embeddable":true,"href":"https:\/\/gorzelanny.pl\/zaginione-miasto\/wp-json\/wp\/v2\/comments?post=2653"}],"version-history":[{"count":4,"href":"https:\/\/gorzelanny.pl\/zaginione-miasto\/wp-json\/wp\/v2\/pages\/2653\/revisions"}],"predecessor-version":[{"id":2690,"href":"https:\/\/gorzelanny.pl\/zaginione-miasto\/wp-json\/wp\/v2\/pages\/2653\/revisions\/2690"}],"wp:attachment":[{"href":"https:\/\/gorzelanny.pl\/zaginione-miasto\/wp-json\/wp\/v2\/media?parent=2653"}],"curies":[{"name":"wp","href":"https:\/\/api.w.org\/{rel}","templated":true}]}}