{"id":2655,"date":"2023-03-01T15:43:06","date_gmt":"2023-03-01T14:43:06","guid":{"rendered":"https:\/\/gorzelanny.pl\/zaginione-miasto1\/?page_id=2655"},"modified":"2026-05-12T11:49:23","modified_gmt":"2026-05-12T09:49:23","slug":"playzone","status":"publish","type":"page","link":"https:\/\/gorzelanny.pl\/zaginione-miasto\/playzone\/","title":{"rendered":"PLAY ZONE"},"content":{"rendered":"<p>[vc_section][vc_row][vc_column][vc_custom_heading source=&#8221;post_title&#8221; font_container=&#8221;tag:h2|text_align:center&#8221; use_theme_fonts=&#8221;yes&#8221; css=&#8221;.vc_custom_1539949623848{margin-top: 30px !important;margin-bottom: 40px !important;}&#8221;][stm_spacer height=&#8221;73&#8243; height_tablet=&#8221;60&#8243; height_mobile=&#8221;40&#8243;][vc_row_inner][vc_column_inner][vc_column_text css=&#8221;.vc_custom_1778579362811{margin-bottom: 52px !important;}&#8221;]<\/p>\n<p data-start=\"50\" data-end=\"285\">Zapraszamy do odkrycia <strong data-start=\"73\" data-end=\"93\">Rosenau PlayZone<\/strong> \u2013 wyj\u0105tkowej, nowoczesnej strefy zabaw stworzonej z my\u015bl\u0105 o dzieciach w r\u00f3\u017cnym wieku. To miejsce, gdzie aktywno\u015b\u0107 fizyczna \u0142\u0105czy si\u0119 z rado\u015bci\u0105, kreatywno\u015bci\u0105 i beztrosk\u0105 zabaw\u0105 ka\u017cdego dnia.<\/p>\n<p data-start=\"287\" data-end=\"586\">Sercem PlayZone jest <strong data-start=\"308\" data-end=\"351\">trzykondygnacyjny, zadaszony plac zabaw<\/strong>, kt\u00f3ry zapewnia doskona\u0142\u0105 rozrywk\u0119 niezale\u017cnie od pogody \ud83c\udf26\ufe0f. Na ogromnej powierzchni znajduje si\u0119 imponuj\u0105cy ma\u0142pi gaj pe\u0142en przej\u015b\u0107, przeszk\u00f3d i atrakcji, kt\u00f3re zach\u0119caj\u0105 do ruchu i odkrywania kolejnych poziom\u00f3w zabawy.<\/p>\n<p data-start=\"588\" data-end=\"616\">Dodatkowo na dzieci czekaj\u0105:<\/p>\n<ul data-start=\"617\" data-end=\"827\">\n<li data-section-id=\"99pogr\" data-start=\"617\" data-end=\"695\"><strong data-start=\"619\" data-end=\"653\">trampoliny 2- i 3-stanowiskowe<\/strong>, idealne do wyskakania nadmiaru energii<\/li>\n<li data-section-id=\"urqikg\" data-start=\"696\" data-end=\"756\"><strong data-start=\"698\" data-end=\"722\">zje\u017cd\u017calnie i tunele<\/strong>, kt\u00f3re dostarcz\u0105 mn\u00f3stwo emocji<\/li>\n<li data-section-id=\"g6ndjd\" data-start=\"757\" data-end=\"827\">bezpieczna, wielopoziomowa przestrze\u0144 sprzyjaj\u0105ca aktywnej zabawie<\/li>\n<\/ul>\n<p data-start=\"980\" data-end=\"1022\" data-is-last-node=\"\" data-is-only-node=\"\"><strong data-start=\"980\" data-end=\"1022\" data-is-last-node=\"\">Zabawa bez granic czeka w\u0142a\u015bnie tutaj!<\/strong><\/p>\n<p>[\/vc_column_text][vc_separator][vc_column_text css=&#8221;.vc_custom_1778578950951{margin-bottom: 52px !important;}&#8221;]Organizacja zaj\u0119\u0107 sportowych i rekreacyjnych dla dzieci i m\u0142odzie\u017cy w profesjonalnej sali zabaw \u2014 wyposa\u017conej w zje\u017cd\u017calnie, trampoliny, suchy basen, karuzel\u0119 i k\u0105cik malucha. <b>Us\u0142uga celuje w segment turystyki rodzinnej i stanowi atrakcj\u0119 niezale\u017cn\u0105 od warunk\u00f3w pogodowych.<\/b><\/p>\n<p><strong>Cennik:<\/strong><\/p>\n<ul>\n<li>Pojedyncze zaj\u0119cia: 50 z\u0142<\/li>\n<li>Karnet miesi\u0119czny (4 zaj\u0119cia): 180 z\u0142<\/li>\n<li>Karnet kwartalny (12 zaj\u0119\u0107): 500 z\u0142<\/li>\n<\/ul>\n<p>[\/vc_column_text][vc_separator][vc_single_image image=&#8221;2862&#8243; img_size=&#8221;full&#8221; onclick=&#8221;link_image&#8221;][\/vc_column_inner][\/vc_row_inner][vc_message icon_fontawesome=&#8221;fas fa-child&#8221;]Rosenau PlayZone to miejsce, gdzie dzieci mog\u0105 rozwija\u0107 sprawno\u015b\u0107, wyobra\u017ani\u0119 i pewno\u015b\u0107 siebie \u2013 a wszystko to w bezpiecznym, przyjaznym otoczeniu \ud83d\ude80[\/vc_message][stm_spacer height=&#8221;59&#8243; height_tablet=&#8221;40&#8243; height_mobile=&#8221;40&#8243;][stm_spacer height=&#8221;59&#8243; height_tablet=&#8221;40&#8243; height_mobile=&#8221;40&#8243;][\/vc_column][\/vc_row][vc_row][vc_column][vc_media_grid grid_id=&#8221;vc_gid:1778578955807-379abeef-ee84-4&#8243; include=&#8221;2850,2851,2852,2853,2854,2855,2856,2857,2858&#8243;][\/vc_column][\/vc_row][\/vc_section][vc_row][vc_column][\/vc_column][\/vc_row]<\/p>\n","protected":false},"excerpt":{"rendered":"<p>[vc_section][vc_row][vc_column][vc_custom_heading source=&#8221;post_title&#8221; font_container=&#8221;tag:h2|text_align:center&#8221; use_theme_fonts=&#8221;yes&#8221; css=&#8221;.vc_custom_1539949623848{margin-top: 30px !important;margin-bottom: 40px !important;}&#8221;][stm_spacer height=&#8221;73&#8243; height_tablet=&#8221;60&#8243; height_mobile=&#8221;40&#8243;][vc_row_inner][vc_column_inner][vc_column_text css=&#8221;.vc_custom_1778579362811{margin-bottom: 52px !important;}&#8221;] Zapraszamy do odkrycia Rosenau PlayZone \u2013 wyj\u0105tkowej, nowoczesnej strefy zabaw stworzonej z my\u015bl\u0105 o dzieciach w r\u00f3\u017cnym wieku. To miejsce, gdzie aktywno\u015b\u0107 fizyczna \u0142\u0105czy si\u0119 z rado\u015bci\u0105, kreatywno\u015bci\u0105 i beztrosk\u0105 zabaw\u0105 ka\u017cdego dnia. Sercem PlayZone jest trzykondygnacyjny, zadaszony plac zabaw, [&hellip;]<\/p>\n","protected":false},"author":1,"featured_media":0,"parent":0,"menu_order":0,"comment_status":"closed","ping_status":"closed","template":"","meta":{"footnotes":""},"class_list":["post-2655","page","type-page","status-publish","hentry"],"_links":{"self":[{"href":"https:\/\/gorzelanny.pl\/zaginione-miasto\/wp-json\/wp\/v2\/pages\/2655","targetHints":{"allow":["GET"]}}],"collection":[{"href":"https:\/\/gorzelanny.pl\/zaginione-miasto\/wp-json\/wp\/v2\/pages"}],"about":[{"href":"https:\/\/gorzelanny.pl\/zaginione-miasto\/wp-json\/wp\/v2\/types\/page"}],"author":[{"embeddable":true,"href":"https:\/\/gorzelanny.pl\/zaginione-miasto\/wp-json\/wp\/v2\/users\/1"}],"replies":[{"embeddable":true,"href":"https:\/\/gorzelanny.pl\/zaginione-miasto\/wp-json\/wp\/v2\/comments?post=2655"}],"version-history":[{"count":16,"href":"https:\/\/gorzelanny.pl\/zaginione-miasto\/wp-json\/wp\/v2\/pages\/2655\/revisions"}],"predecessor-version":[{"id":2886,"href":"https:\/\/gorzelanny.pl\/zaginione-miasto\/wp-json\/wp\/v2\/pages\/2655\/revisions\/2886"}],"wp:attachment":[{"href":"https:\/\/gorzelanny.pl\/zaginione-miasto\/wp-json\/wp\/v2\/media?parent=2655"}],"curies":[{"name":"wp","href":"https:\/\/api.w.org\/{rel}","templated":true}]}}