{"id":2657,"date":"2023-03-01T15:43:29","date_gmt":"2023-03-01T14:43:29","guid":{"rendered":"https:\/\/gorzelanny.pl\/zaginione-miasto1\/?page_id=2657"},"modified":"2023-03-02T15:33:04","modified_gmt":"2023-03-02T14:33:04","slug":"park-zywiolow","status":"publish","type":"page","link":"https:\/\/gorzelanny.pl\/zaginione-miasto\/park-zywiolow\/","title":{"rendered":"Park 4 \u017cywio\u0142\u00f3w &#8211; ziemia, woda, ogie\u0144, powietrze"},"content":{"rendered":"<p>[vc_section][vc_row][vc_column][vc_custom_heading source=&#8221;post_title&#8221; font_container=&#8221;tag:h2|text_align:center&#8221; use_theme_fonts=&#8221;yes&#8221; css=&#8221;.vc_custom_1539949623848{margin-top: 30px !important;margin-bottom: 40px !important;}&#8221;][stm_spacer height=&#8221;73&#8243; height_tablet=&#8221;60&#8243; height_mobile=&#8221;40&#8243;][vc_row_inner][vc_column_inner][vc_column_text css=&#8221;.vc_custom_1677767525147{margin-bottom: 52px !important;}&#8221;]Zapraszamy Was drodzy odkrywcy, starsi i m\u0142odsi, do Parku \u017bywio\u0142\u00f3w, gdzie eksperymentuj\u0105c poznacie prawa rz\u0105dz\u0105ce natur\u0105, a w labiryncie znajdziecie \u015bcie\u017ck\u0119 wiedzy.<\/p>\n<p><i>&#8222;Na jednym ze stok\u00f3w G\u00f3r Opawskich by\u0142o szczeg\u00f3lne miejsce. Tam spotyka\u0142y si\u0119 cztery \u017cywio\u0142y. Wicher \u0142kaj\u0105c, wbija\u0142 si\u0119 w jasno\u015b\u0107 nieba, a sp\u0142ywaj\u0105ce strumienie zalewa\u0142y ogie\u0144, kt\u00f3ry jasnymi, sycz\u0105cymi j\u0119zykami, wymyka\u0142 si\u0119 z wn\u0119trza ziemi. Ludzie podobno zakradali si\u0119 tam i pod os\u0142on\u0105 nocy pokradali cienkie wst\u0105\u017cki ognia, a p\u00f3\u017aniej zanosili je do swoich domostw.<br \/>\nMija\u0142y wieki i budz\u0105ce strach plemi\u0119 Rosenau przemin\u0119\u0142o, jak mija ka\u017cdy koszmarny sen. P\u00f3\u017aniej nastali kolejny w\u0142adcy. Ziemi\u0105 Opawsk\u0105 rz\u0105dzi\u0142y rody rycerskie, ksi\u0105\u017c\u0119ce, mo\u017cni panowie, bogaci mieszczanie, lecz po nich tak\u017ce pozosta\u0142o jedynie wspomnienie, kt\u00f3re wiatr g\u00f3rski roznosi po szczytach.<\/i><\/p>\n<p><b>Prawdziw\u0105 w\u0142adz\u0119 nad t\u0105 starodawn\u0105 ziemi\u0105 nadal dzier\u017c\u0105 cztery \u017cywio\u0142y:<\/b><br \/>\n&#8211; Ziemia &#8211; matka wszelkich stworze\u0144<br \/>\n&#8211; Woda &#8211; niezb\u0119dna do \u017cycia<br \/>\n&#8211; Powietrze &#8211; w nim rozchodz\u0105 si\u0119 wszelkie g\u0142osy<br \/>\n&#8211; Ogie\u0144 &#8211; otacza ciep\u0142em i \u015bwiat\u0142em, bez niego \u015bwiat by\u0142by martwy&#8221;[\/vc_column_text][\/vc_column_inner][\/vc_row_inner][stm_spacer height=&#8221;59&#8243; height_tablet=&#8221;40&#8243; height_mobile=&#8221;40&#8243;][\/vc_column][\/vc_row][\/vc_section][vc_row][vc_column][vc_media_grid grid_id=&#8221;vc_gid:1677767504561-88e32ae8-5807-2&#8243; include=&#8221;2144,2145,2146,2147,2148,2149&#8243;][\/vc_column][\/vc_row][vc_row][vc_column][\/vc_column][\/vc_row]<\/p>\n","protected":false},"excerpt":{"rendered":"<p>[vc_section][vc_row][vc_column][vc_custom_heading source=&#8221;post_title&#8221; font_container=&#8221;tag:h2|text_align:center&#8221; use_theme_fonts=&#8221;yes&#8221; css=&#8221;.vc_custom_1539949623848{margin-top: 30px !important;margin-bottom: 40px !important;}&#8221;][stm_spacer height=&#8221;73&#8243; height_tablet=&#8221;60&#8243; height_mobile=&#8221;40&#8243;][vc_row_inner][vc_column_inner][vc_column_text css=&#8221;.vc_custom_1677767525147{margin-bottom: 52px !important;}&#8221;]Zapraszamy Was drodzy odkrywcy, starsi i m\u0142odsi, do Parku \u017bywio\u0142\u00f3w, gdzie eksperymentuj\u0105c poznacie prawa rz\u0105dz\u0105ce natur\u0105, a w labiryncie znajdziecie \u015bcie\u017ck\u0119 wiedzy. &#8222;Na jednym ze stok\u00f3w G\u00f3r Opawskich by\u0142o szczeg\u00f3lne miejsce. Tam spotyka\u0142y si\u0119 cztery \u017cywio\u0142y. Wicher \u0142kaj\u0105c, wbija\u0142 si\u0119 w [&hellip;]<\/p>\n","protected":false},"author":1,"featured_media":0,"parent":0,"menu_order":0,"comment_status":"closed","ping_status":"closed","template":"","meta":[],"_links":{"self":[{"href":"https:\/\/gorzelanny.pl\/zaginione-miasto\/wp-json\/wp\/v2\/pages\/2657"}],"collection":[{"href":"https:\/\/gorzelanny.pl\/zaginione-miasto\/wp-json\/wp\/v2\/pages"}],"about":[{"href":"https:\/\/gorzelanny.pl\/zaginione-miasto\/wp-json\/wp\/v2\/types\/page"}],"author":[{"embeddable":true,"href":"https:\/\/gorzelanny.pl\/zaginione-miasto\/wp-json\/wp\/v2\/users\/1"}],"replies":[{"embeddable":true,"href":"https:\/\/gorzelanny.pl\/zaginione-miasto\/wp-json\/wp\/v2\/comments?post=2657"}],"version-history":[{"count":3,"href":"https:\/\/gorzelanny.pl\/zaginione-miasto\/wp-json\/wp\/v2\/pages\/2657\/revisions"}],"predecessor-version":[{"id":2693,"href":"https:\/\/gorzelanny.pl\/zaginione-miasto\/wp-json\/wp\/v2\/pages\/2657\/revisions\/2693"}],"wp:attachment":[{"href":"https:\/\/gorzelanny.pl\/zaginione-miasto\/wp-json\/wp\/v2\/media?parent=2657"}],"curies":[{"name":"wp","href":"https:\/\/api.w.org\/{rel}","templated":true}]}}