{"id":2659,"date":"2023-03-01T15:43:43","date_gmt":"2023-03-01T14:43:43","guid":{"rendered":"https:\/\/gorzelanny.pl\/zaginione-miasto1\/?page_id=2659"},"modified":"2023-03-02T15:34:53","modified_gmt":"2023-03-02T14:34:53","slug":"sztolnia","status":"publish","type":"page","link":"https:\/\/gorzelanny.pl\/zaginione-miasto\/sztolnia\/","title":{"rendered":"Straszna Sztolnia"},"content":{"rendered":"<p>[vc_section][vc_row][vc_column][vc_custom_heading source=&#8221;post_title&#8221; font_container=&#8221;tag:h2|text_align:center&#8221; use_theme_fonts=&#8221;yes&#8221; css=&#8221;.vc_custom_1539949623848{margin-top: 30px !important;margin-bottom: 40px !important;}&#8221;][stm_spacer height=&#8221;73&#8243; height_tablet=&#8221;60&#8243; height_mobile=&#8221;40&#8243;][vc_row_inner][vc_column_inner][vc_column_text css=&#8221;.vc_custom_1677767656578{margin-bottom: 52px !important;}&#8221;]Zapraszamy do zapoznania si\u0119 z legend\u0105 o strasznej sztolni w mie\u015bcie Rosenau. Znajdziecie tam liczne niespodzianki i atrakcje!<\/p>\n<p><i>&#8222;T\u0119 histori\u0119 starzy mieszka\u0144cy Ziemi Opawskiej opowiadaj\u0105 wnukom ku przestrodze, \u017ceby nigdy uczciwo\u015b\u0107 nie przes\u0142oni\u0142a im oczu. To opowie\u015b\u0107 o poszukiwaczu z\u0142ota, kt\u00f3ry pokocha\u0142 je tak bardzo, \u017ce zapomnia\u0142 o ca\u0142ym \u015bwiecie.<\/i><\/p>\n<p>By\u0142 najbardziej radosnym i \u017cyczliwym ludziom parobkiem w tych okolicach. Lubili go i m\u0142odzi i starzy. Zawsze pom\u00f3g\u0142 ka\u017cdemu, ka\u017cdemu powiedzia\u0142 dobre s\u0142owo. Jego stara matka zachorowa\u0142a ci\u0119\u017cko i nie mia\u0142 pieni\u0119dzy, \u017ceby w s\u0105siednim grodzie kupi\u0107 drogie lekarstwo. Nie chcia\u0142 te\u017c \u017ceby jego m\u0142oda, pi\u0119kna \u017cona, pracuj\u0105ca u bogatego pana, od rana do wieczora musia\u0142a d\u017awiga\u0107 ci\u0119\u017ckie wiadra z w\u0119glem. Nie m\u00f3g\u0142 ju\u017c d\u0142u\u017cej patrze\u0107 na swoje w\u0105t\u0142e dzieci, kt\u00f3re tylko raz w tygodniu mog\u0142y napi\u0107 si\u0119 po\u017cywnego mleka i zje\u015b\u0107 syc\u0105c\u0105 kasz\u0119.<\/p>\n<p>Postanowi\u0142 wi\u0119c, \u017ce wyruszy na poszukiwanie z\u0142ota i odmieni los swojej rodziny na lepszy. Jednak gdy tylko znalaz\u0142 pierwsz\u0105 krztyn\u0119 z\u0142ota, w jego sercu nagle co\u015b si\u0119 odmieni\u0142o, jak gdyby zimny blask kruszcu kompletnie go omami\u0142. Szed\u0142 coraz dalej i g\u0142\u0119biej w ciemne korytarze sztolni. Cho\u0107 mia\u0142 ju\u017c pe\u0142ne kieszenie i czapk\u0119 pe\u0142n\u0105 z\u0142ota, nie przestawa\u0142 i\u015b\u0107 i wci\u0105\u017c szuka\u0107.<\/p>\n<p>Podobno parobek, ogarni\u0119ty niepoj\u0119t\u0105 chciwo\u015bci\u0105, wci\u0105\u017c b\u0142\u0105ka si\u0119 po sztolni. Wychudzony i oszala\u0142y, przypomina bardziej szkielet albo ducha. Jego dusza nie mo\u017ce jednak spokojnie odej\u015b\u0107, bo wci\u0105\u017c w swoich kleszczach, trzyma j\u0105 z\u0142y urok zimnego metalu. &#8222;[\/vc_column_text][\/vc_column_inner][\/vc_row_inner][stm_spacer height=&#8221;59&#8243; height_tablet=&#8221;40&#8243; height_mobile=&#8221;40&#8243;][\/vc_column][\/vc_row][\/vc_section][vc_row][vc_column][vc_media_grid grid_id=&#8221;vc_gid:1677767644797-bfb89d57-a9dd-2&#8243; include=&#8221;2161,2160&#8221;][\/vc_column][\/vc_row][vc_row][vc_column][\/vc_column][\/vc_row]<\/p>\n","protected":false},"excerpt":{"rendered":"<p>[vc_section][vc_row][vc_column][vc_custom_heading source=&#8221;post_title&#8221; font_container=&#8221;tag:h2|text_align:center&#8221; use_theme_fonts=&#8221;yes&#8221; css=&#8221;.vc_custom_1539949623848{margin-top: 30px !important;margin-bottom: 40px !important;}&#8221;][stm_spacer height=&#8221;73&#8243; height_tablet=&#8221;60&#8243; height_mobile=&#8221;40&#8243;][vc_row_inner][vc_column_inner][vc_column_text css=&#8221;.vc_custom_1677767656578{margin-bottom: 52px !important;}&#8221;]Zapraszamy do zapoznania si\u0119 z legend\u0105 o strasznej sztolni w mie\u015bcie Rosenau. Znajdziecie tam liczne niespodzianki i atrakcje! &#8222;T\u0119 histori\u0119 starzy mieszka\u0144cy Ziemi Opawskiej opowiadaj\u0105 wnukom ku przestrodze, \u017ceby nigdy uczciwo\u015b\u0107 nie przes\u0142oni\u0142a im oczu. To opowie\u015b\u0107 o poszukiwaczu z\u0142ota, kt\u00f3ry [&hellip;]<\/p>\n","protected":false},"author":1,"featured_media":0,"parent":0,"menu_order":0,"comment_status":"closed","ping_status":"closed","template":"","meta":[],"_links":{"self":[{"href":"https:\/\/gorzelanny.pl\/zaginione-miasto\/wp-json\/wp\/v2\/pages\/2659"}],"collection":[{"href":"https:\/\/gorzelanny.pl\/zaginione-miasto\/wp-json\/wp\/v2\/pages"}],"about":[{"href":"https:\/\/gorzelanny.pl\/zaginione-miasto\/wp-json\/wp\/v2\/types\/page"}],"author":[{"embeddable":true,"href":"https:\/\/gorzelanny.pl\/zaginione-miasto\/wp-json\/wp\/v2\/users\/1"}],"replies":[{"embeddable":true,"href":"https:\/\/gorzelanny.pl\/zaginione-miasto\/wp-json\/wp\/v2\/comments?post=2659"}],"version-history":[{"count":3,"href":"https:\/\/gorzelanny.pl\/zaginione-miasto\/wp-json\/wp\/v2\/pages\/2659\/revisions"}],"predecessor-version":[{"id":2695,"href":"https:\/\/gorzelanny.pl\/zaginione-miasto\/wp-json\/wp\/v2\/pages\/2659\/revisions\/2695"}],"wp:attachment":[{"href":"https:\/\/gorzelanny.pl\/zaginione-miasto\/wp-json\/wp\/v2\/media?parent=2659"}],"curies":[{"name":"wp","href":"https:\/\/api.w.org\/{rel}","templated":true}]}}