{"id":2661,"date":"2023-03-01T15:44:01","date_gmt":"2023-03-01T14:44:01","guid":{"rendered":"https:\/\/gorzelanny.pl\/zaginione-miasto1\/?page_id=2661"},"modified":"2023-03-07T13:37:17","modified_gmt":"2023-03-07T12:37:17","slug":"kamienny-krag","status":"publish","type":"page","link":"https:\/\/gorzelanny.pl\/zaginione-miasto\/kamienny-krag\/","title":{"rendered":"Kamienny kr\u0105g"},"content":{"rendered":"<p>[vc_section][vc_row][vc_column][vc_custom_heading source=&#8221;post_title&#8221; font_container=&#8221;tag:h2|text_align:center&#8221; use_theme_fonts=&#8221;yes&#8221; css=&#8221;.vc_custom_1539949623848{margin-top: 30px !important;margin-bottom: 40px !important;}&#8221;][stm_spacer height=&#8221;73&#8243; height_tablet=&#8221;60&#8243; height_mobile=&#8221;40&#8243;][vc_row_inner][vc_column_inner][vc_column_text css=&#8221;.vc_custom_1677767745102{margin-bottom: 52px !important;}&#8221;]<b>Kamienny kr\u0105g<\/b>\u00a0w mie\u015bcie Rosenau, sk\u0105d si\u0119 tu wzi\u0105\u0142? Zapoznajcie si\u0119 z legend\u0105.<\/p>\n<p><i>&#8222;Dobrzy ludzie zamieszkuj\u0105cy okoliczne grody zastanawiali si\u0119 sk\u0105d mieszka\u0144cy miasta Rosenau czerpi\u0105 tak du\u017c\u0105 moc i si\u0142\u0119, \u017ce dr\u017c\u0105 przed nimi nie tylko oni sami, ale tak\u017ce dzikie zwierz\u0119ta, a ziemia bez szemrania otwiera przed nimi swoje zakamarki i szczodrze obdarowuje ich swoim z\u0142otem.<\/i><\/p>\n<p>Nie wiedzieli, \u017ce kiedy tylko pot\u0119ga plemienia s\u0142ab\u0142a, wszyscy mieszka\u0144cy grodu gromadzili si\u0119 na polanie, gdzie sta\u0142y dwa kr\u0119gi kamieni. Zwr\u00f3cone w cztery strony \u015bwiata, mia\u0142y przyci\u0105ga\u0107 moc ze wschodu, zachodu, po\u0142udnia i p\u00f3\u0142nocy.&#8221;[\/vc_column_text][\/vc_column_inner][\/vc_row_inner][stm_spacer height=&#8221;59&#8243; height_tablet=&#8221;40&#8243; height_mobile=&#8221;40&#8243;][\/vc_column][\/vc_row][\/vc_section][vc_row][vc_column][vc_media_grid grid_id=&#8221;vc_gid:1677767732392-74ab4b97-3b9c-2&#8243; include=&#8221;2154,2153,2156,2157,2158,2159&#8243;][\/vc_column][\/vc_row][vc_row][vc_column][\/vc_column][\/vc_row]<\/p>\n","protected":false},"excerpt":{"rendered":"<p>[vc_section][vc_row][vc_column][vc_custom_heading source=&#8221;post_title&#8221; font_container=&#8221;tag:h2|text_align:center&#8221; use_theme_fonts=&#8221;yes&#8221; css=&#8221;.vc_custom_1539949623848{margin-top: 30px !important;margin-bottom: 40px !important;}&#8221;][stm_spacer height=&#8221;73&#8243; height_tablet=&#8221;60&#8243; height_mobile=&#8221;40&#8243;][vc_row_inner][vc_column_inner][vc_column_text css=&#8221;.vc_custom_1677767745102{margin-bottom: 52px !important;}&#8221;]Kamienny kr\u0105g\u00a0w mie\u015bcie Rosenau, sk\u0105d si\u0119 tu wzi\u0105\u0142? Zapoznajcie si\u0119 z legend\u0105. &#8222;Dobrzy ludzie zamieszkuj\u0105cy okoliczne grody zastanawiali si\u0119 sk\u0105d mieszka\u0144cy miasta Rosenau czerpi\u0105 tak du\u017c\u0105 moc i si\u0142\u0119, \u017ce dr\u017c\u0105 przed nimi nie tylko oni sami, ale tak\u017ce dzikie zwierz\u0119ta, [&hellip;]<\/p>\n","protected":false},"author":1,"featured_media":0,"parent":0,"menu_order":0,"comment_status":"closed","ping_status":"closed","template":"","meta":[],"_links":{"self":[{"href":"https:\/\/gorzelanny.pl\/zaginione-miasto\/wp-json\/wp\/v2\/pages\/2661"}],"collection":[{"href":"https:\/\/gorzelanny.pl\/zaginione-miasto\/wp-json\/wp\/v2\/pages"}],"about":[{"href":"https:\/\/gorzelanny.pl\/zaginione-miasto\/wp-json\/wp\/v2\/types\/page"}],"author":[{"embeddable":true,"href":"https:\/\/gorzelanny.pl\/zaginione-miasto\/wp-json\/wp\/v2\/users\/1"}],"replies":[{"embeddable":true,"href":"https:\/\/gorzelanny.pl\/zaginione-miasto\/wp-json\/wp\/v2\/comments?post=2661"}],"version-history":[{"count":2,"href":"https:\/\/gorzelanny.pl\/zaginione-miasto\/wp-json\/wp\/v2\/pages\/2661\/revisions"}],"predecessor-version":[{"id":2696,"href":"https:\/\/gorzelanny.pl\/zaginione-miasto\/wp-json\/wp\/v2\/pages\/2661\/revisions\/2696"}],"wp:attachment":[{"href":"https:\/\/gorzelanny.pl\/zaginione-miasto\/wp-json\/wp\/v2\/media?parent=2661"}],"curies":[{"name":"wp","href":"https:\/\/api.w.org\/{rel}","templated":true}]}}