{"id":2665,"date":"2023-03-01T15:44:57","date_gmt":"2023-03-01T14:44:57","guid":{"rendered":"https:\/\/gorzelanny.pl\/zaginione-miasto1\/?page_id=2665"},"modified":"2023-03-02T15:39:20","modified_gmt":"2023-03-02T14:39:20","slug":"interaktywny-ogrod-wody","status":"publish","type":"page","link":"https:\/\/gorzelanny.pl\/zaginione-miasto\/interaktywny-ogrod-wody\/","title":{"rendered":"Interaktywny ogr\u00f3d wody"},"content":{"rendered":"<p>[vc_section][vc_row][vc_column][vc_custom_heading source=&#8221;post_title&#8221; font_container=&#8221;tag:h2|text_align:center&#8221; use_theme_fonts=&#8221;yes&#8221; css=&#8221;.vc_custom_1539949623848{margin-top: 30px !important;margin-bottom: 40px !important;}&#8221;][stm_spacer height=&#8221;73&#8243; height_tablet=&#8221;60&#8243; height_mobile=&#8221;40&#8243;][vc_row_inner][vc_column_inner][vc_column_text css=&#8221;.vc_custom_1677767920979{margin-bottom: 52px !important;}&#8221;]Drodzy Go\u015bcie, zapraszamy Was do pierwszego w Polsce Interaktywnego Ogrodu Wody. Mo\u017cecie tu chlapa\u0107, pryska\u0107, la\u0107 wod\u0119 do woli, po to \u017ceby \u0142atwo zrozumie\u0107 skomplikowane prawa nauki.<\/p>\n<p><i>&#8222;Kiedy na pocz\u0105tku \u015bwiata Pan Nieba i Ziemi stworzy\u0142 G\u00f3ry Opawskie, by\u0142y one r\u00f3wne i g\u0142adkie jak szara tafla lodu. Popatrzy\u0142 a nie i zasmuci\u0142 si\u0119 bardzo, bo nie by\u0142y wcale pi\u0119kne. My\u015bla\u0142 trzy dni i trzy noce, jak je upi\u0119kszy\u0107, a\u017c nagle spojrza\u0142 na wij\u0105ce si\u0119 dziko p\u0119dy bluszczu, winoro\u015bli i na delikatne powoje. Wzi\u0105\u0142 d\u0142uto do r\u0119ki i zacz\u0105\u0142 rze\u017abi\u0107 w ska\u0142ach delikatnie powyginane, faluj\u0105ce \u0142odygi ro\u015blin, wspinaj\u0105ce si\u0119 wst\u0105\u017ck\u0105 do nieba. Rze\u017abi\u0142 d\u0142ugo, a\u017c zm\u0119czy\u0142 si\u0119 bardzo, otar\u0142 pot z czo\u0142a i od\u0142o\u017cy\u0142 d\u0142uto. Wtedy z nieba spad\u0142 deszcz tak wielki, \u017ce pada\u0142 siedem dni i siedem nocy, a\u017c wy\u017c\u0142obione d\u0142utem linie, nape\u0142ni\u0142y si\u0119 wod\u0105. Tak podobno powsta\u0142y rzeki i potoki G\u00f3r Opawskich, kt\u00f3re do dzi\u015b p\u0142yn\u0105 wartkim strumieniem.&#8221;<\/i>[\/vc_column_text][\/vc_column_inner][\/vc_row_inner][stm_spacer height=&#8221;59&#8243; height_tablet=&#8221;40&#8243; height_mobile=&#8221;40&#8243;][\/vc_column][\/vc_row][\/vc_section][vc_row][vc_column][vc_media_grid grid_id=&#8221;vc_gid:1677767912418-8eaa4343-24a1-6&#8243; include=&#8221;2108,2109,2110,2111,2112,2113&#8243;][\/vc_column][\/vc_row]<\/p>\n","protected":false},"excerpt":{"rendered":"<p>[vc_section][vc_row][vc_column][vc_custom_heading source=&#8221;post_title&#8221; font_container=&#8221;tag:h2|text_align:center&#8221; use_theme_fonts=&#8221;yes&#8221; css=&#8221;.vc_custom_1539949623848{margin-top: 30px !important;margin-bottom: 40px !important;}&#8221;][stm_spacer height=&#8221;73&#8243; height_tablet=&#8221;60&#8243; height_mobile=&#8221;40&#8243;][vc_row_inner][vc_column_inner][vc_column_text css=&#8221;.vc_custom_1677767920979{margin-bottom: 52px !important;}&#8221;]Drodzy Go\u015bcie, zapraszamy Was do pierwszego w Polsce Interaktywnego Ogrodu Wody. Mo\u017cecie tu chlapa\u0107, pryska\u0107, la\u0107 wod\u0119 do woli, po to \u017ceby \u0142atwo zrozumie\u0107 skomplikowane prawa nauki. &#8222;Kiedy na pocz\u0105tku \u015bwiata Pan Nieba i Ziemi stworzy\u0142 G\u00f3ry Opawskie, by\u0142y one r\u00f3wne [&hellip;]<\/p>\n","protected":false},"author":1,"featured_media":0,"parent":0,"menu_order":0,"comment_status":"closed","ping_status":"closed","template":"","meta":[],"_links":{"self":[{"href":"https:\/\/gorzelanny.pl\/zaginione-miasto\/wp-json\/wp\/v2\/pages\/2665"}],"collection":[{"href":"https:\/\/gorzelanny.pl\/zaginione-miasto\/wp-json\/wp\/v2\/pages"}],"about":[{"href":"https:\/\/gorzelanny.pl\/zaginione-miasto\/wp-json\/wp\/v2\/types\/page"}],"author":[{"embeddable":true,"href":"https:\/\/gorzelanny.pl\/zaginione-miasto\/wp-json\/wp\/v2\/users\/1"}],"replies":[{"embeddable":true,"href":"https:\/\/gorzelanny.pl\/zaginione-miasto\/wp-json\/wp\/v2\/comments?post=2665"}],"version-history":[{"count":2,"href":"https:\/\/gorzelanny.pl\/zaginione-miasto\/wp-json\/wp\/v2\/pages\/2665\/revisions"}],"predecessor-version":[{"id":2698,"href":"https:\/\/gorzelanny.pl\/zaginione-miasto\/wp-json\/wp\/v2\/pages\/2665\/revisions\/2698"}],"wp:attachment":[{"href":"https:\/\/gorzelanny.pl\/zaginione-miasto\/wp-json\/wp\/v2\/media?parent=2665"}],"curies":[{"name":"wp","href":"https:\/\/api.w.org\/{rel}","templated":true}]}}