{"id":2669,"date":"2023-03-01T15:45:51","date_gmt":"2023-03-01T14:45:51","guid":{"rendered":"https:\/\/gorzelanny.pl\/zaginione-miasto1\/?page_id=2669"},"modified":"2023-03-02T15:40:55","modified_gmt":"2023-03-02T14:40:55","slug":"karuzela","status":"publish","type":"page","link":"https:\/\/gorzelanny.pl\/zaginione-miasto\/karuzela\/","title":{"rendered":"Karuzela"},"content":{"rendered":"<p>[vc_section][vc_row][vc_column][vc_custom_heading source=&#8221;post_title&#8221; font_container=&#8221;tag:h2|text_align:center&#8221; use_theme_fonts=&#8221;yes&#8221; css=&#8221;.vc_custom_1539949623848{margin-top: 30px !important;margin-bottom: 40px !important;}&#8221;][stm_spacer height=&#8221;73&#8243; height_tablet=&#8221;60&#8243; height_mobile=&#8221;40&#8243;][vc_row_inner][vc_column_inner][vc_column_text css=&#8221;.vc_custom_1677768013956{margin-bottom: 52px !important;}&#8221;]Specjalnie dla naszych zar\u00f3wno najm\u0142odszych jak i starszych go\u015bci przygotowali\u015bmy karuzel\u0119 \u0142a\u0144cuchow\u0105. Gwarantujemy wspania\u0142\u0105 zabaw\u0119 dla ka\u017cdego, w ka\u017cdym wieku![\/vc_column_text][\/vc_column_inner][\/vc_row_inner][stm_spacer height=&#8221;59&#8243; height_tablet=&#8221;40&#8243; height_mobile=&#8221;40&#8243;][\/vc_column][\/vc_row][\/vc_section][vc_row][vc_column][vc_media_grid grid_id=&#8221;vc_gid:1677768008121-30180d44-1dcf-1&#8243; include=&#8221;2100&#8243;][\/vc_column][\/vc_row]<\/p>\n","protected":false},"excerpt":{"rendered":"<p>[vc_section][vc_row][vc_column][vc_custom_heading source=&#8221;post_title&#8221; font_container=&#8221;tag:h2|text_align:center&#8221; use_theme_fonts=&#8221;yes&#8221; css=&#8221;.vc_custom_1539949623848{margin-top: 30px !important;margin-bottom: 40px !important;}&#8221;][stm_spacer height=&#8221;73&#8243; height_tablet=&#8221;60&#8243; height_mobile=&#8221;40&#8243;][vc_row_inner][vc_column_inner][vc_column_text css=&#8221;.vc_custom_1677768013956{margin-bottom: 52px !important;}&#8221;]Specjalnie dla naszych zar\u00f3wno najm\u0142odszych jak i starszych go\u015bci przygotowali\u015bmy karuzel\u0119 \u0142a\u0144cuchow\u0105. Gwarantujemy wspania\u0142\u0105 zabaw\u0119 dla ka\u017cdego, w ka\u017cdym wieku![\/vc_column_text][\/vc_column_inner][\/vc_row_inner][stm_spacer height=&#8221;59&#8243; height_tablet=&#8221;40&#8243; height_mobile=&#8221;40&#8243;][\/vc_column][\/vc_row][\/vc_section][vc_row][vc_column][vc_media_grid grid_id=&#8221;vc_gid:1677768008121-30180d44-1dcf-1&#8243; include=&#8221;2100&#8243;][\/vc_column][\/vc_row]<\/p>\n","protected":false},"author":1,"featured_media":0,"parent":0,"menu_order":0,"comment_status":"closed","ping_status":"closed","template":"","meta":{"footnotes":""},"class_list":["post-2669","page","type-page","status-publish","hentry"],"_links":{"self":[{"href":"https:\/\/gorzelanny.pl\/zaginione-miasto\/wp-json\/wp\/v2\/pages\/2669","targetHints":{"allow":["GET"]}}],"collection":[{"href":"https:\/\/gorzelanny.pl\/zaginione-miasto\/wp-json\/wp\/v2\/pages"}],"about":[{"href":"https:\/\/gorzelanny.pl\/zaginione-miasto\/wp-json\/wp\/v2\/types\/page"}],"author":[{"embeddable":true,"href":"https:\/\/gorzelanny.pl\/zaginione-miasto\/wp-json\/wp\/v2\/users\/1"}],"replies":[{"embeddable":true,"href":"https:\/\/gorzelanny.pl\/zaginione-miasto\/wp-json\/wp\/v2\/comments?post=2669"}],"version-history":[{"count":2,"href":"https:\/\/gorzelanny.pl\/zaginione-miasto\/wp-json\/wp\/v2\/pages\/2669\/revisions"}],"predecessor-version":[{"id":2699,"href":"https:\/\/gorzelanny.pl\/zaginione-miasto\/wp-json\/wp\/v2\/pages\/2669\/revisions\/2699"}],"wp:attachment":[{"href":"https:\/\/gorzelanny.pl\/zaginione-miasto\/wp-json\/wp\/v2\/media?parent=2669"}],"curies":[{"name":"wp","href":"https:\/\/api.w.org\/{rel}","templated":true}]}}