{"id":2685,"date":"2023-03-01T15:51:00","date_gmt":"2023-03-01T14:51:00","guid":{"rendered":"https:\/\/gorzelanny.pl\/zaginione-miasto1\/?page_id=2685"},"modified":"2023-03-02T15:42:30","modified_gmt":"2023-03-02T14:42:30","slug":"przejazdzki-lokomotywa-rosenau","status":"publish","type":"page","link":"https:\/\/gorzelanny.pl\/zaginione-miasto\/przejazdzki-lokomotywa-rosenau\/","title":{"rendered":"Przeja\u017cd\u017cki lokomotyw\u0105 Rosenau"},"content":{"rendered":"<p>[vc_section][vc_row][vc_column][vc_custom_heading source=&#8221;post_title&#8221; font_container=&#8221;tag:h2|text_align:center&#8221; use_theme_fonts=&#8221;yes&#8221; css=&#8221;.vc_custom_1539949623848{margin-top: 30px !important;margin-bottom: 40px !important;}&#8221;][stm_spacer height=&#8221;73&#8243; height_tablet=&#8221;60&#8243; height_mobile=&#8221;40&#8243;][vc_row_inner][vc_column_inner][vc_column_text css=&#8221;.vc_custom_1677768123045{margin-bottom: 52px !important;}&#8221;]Poza wszystkimi dost\u0119pnymi atrakcjami w Parku ROSENAU proponujemy r\u00f3wnie\u017c przeja\u017cd\u017ck\u0119 ciuchci\u0105 po przepi\u0119knych terenach G\u00f3r Opawskich!<\/p>\n<p><b>Koszt przeja\u017cd\u017cki:<\/b><br \/>\n1 wagon (25os.): 120z\u0142\/godzina<br \/>\n2 wagony (50os.): 200z\u0142\/godzina[\/vc_column_text][\/vc_column_inner][\/vc_row_inner][stm_spacer height=&#8221;59&#8243; height_tablet=&#8221;40&#8243; height_mobile=&#8221;40&#8243;][\/vc_column][\/vc_row][\/vc_section][vc_row][vc_column][vc_media_grid grid_id=&#8221;vc_gid:1677768116210-7b75891a-0748-2&#8243; include=&#8221;2085,2086,2087,2088,2089&#8243;][\/vc_column][\/vc_row]<\/p>\n","protected":false},"excerpt":{"rendered":"<p>[vc_section][vc_row][vc_column][vc_custom_heading source=&#8221;post_title&#8221; font_container=&#8221;tag:h2|text_align:center&#8221; use_theme_fonts=&#8221;yes&#8221; css=&#8221;.vc_custom_1539949623848{margin-top: 30px !important;margin-bottom: 40px !important;}&#8221;][stm_spacer height=&#8221;73&#8243; height_tablet=&#8221;60&#8243; height_mobile=&#8221;40&#8243;][vc_row_inner][vc_column_inner][vc_column_text css=&#8221;.vc_custom_1677768123045{margin-bottom: 52px !important;}&#8221;]Poza wszystkimi dost\u0119pnymi atrakcjami w Parku ROSENAU proponujemy r\u00f3wnie\u017c przeja\u017cd\u017ck\u0119 ciuchci\u0105 po przepi\u0119knych terenach G\u00f3r Opawskich! Koszt przeja\u017cd\u017cki: 1 wagon (25os.): 120z\u0142\/godzina 2 wagony (50os.): 200z\u0142\/godzina[\/vc_column_text][\/vc_column_inner][\/vc_row_inner][stm_spacer height=&#8221;59&#8243; height_tablet=&#8221;40&#8243; height_mobile=&#8221;40&#8243;][\/vc_column][\/vc_row][\/vc_section][vc_row][vc_column][vc_media_grid grid_id=&#8221;vc_gid:1677768116210-7b75891a-0748-2&#8243; include=&#8221;2085,2086,2087,2088,2089&#8243;][\/vc_column][\/vc_row]<\/p>\n","protected":false},"author":1,"featured_media":0,"parent":0,"menu_order":0,"comment_status":"closed","ping_status":"closed","template":"","meta":[],"_links":{"self":[{"href":"https:\/\/gorzelanny.pl\/zaginione-miasto\/wp-json\/wp\/v2\/pages\/2685"}],"collection":[{"href":"https:\/\/gorzelanny.pl\/zaginione-miasto\/wp-json\/wp\/v2\/pages"}],"about":[{"href":"https:\/\/gorzelanny.pl\/zaginione-miasto\/wp-json\/wp\/v2\/types\/page"}],"author":[{"embeddable":true,"href":"https:\/\/gorzelanny.pl\/zaginione-miasto\/wp-json\/wp\/v2\/users\/1"}],"replies":[{"embeddable":true,"href":"https:\/\/gorzelanny.pl\/zaginione-miasto\/wp-json\/wp\/v2\/comments?post=2685"}],"version-history":[{"count":3,"href":"https:\/\/gorzelanny.pl\/zaginione-miasto\/wp-json\/wp\/v2\/pages\/2685\/revisions"}],"predecessor-version":[{"id":2701,"href":"https:\/\/gorzelanny.pl\/zaginione-miasto\/wp-json\/wp\/v2\/pages\/2685\/revisions\/2701"}],"wp:attachment":[{"href":"https:\/\/gorzelanny.pl\/zaginione-miasto\/wp-json\/wp\/v2\/media?parent=2685"}],"curies":[{"name":"wp","href":"https:\/\/api.w.org\/{rel}","templated":true}]}}