{"id":2733,"date":"2023-03-07T12:49:00","date_gmt":"2023-03-07T11:49:00","guid":{"rendered":"https:\/\/gorzelanny.pl\/zaginione-miasto1\/?page_id=2733"},"modified":"2024-07-01T08:10:08","modified_gmt":"2024-07-01T06:10:08","slug":"giga-owady","status":"publish","type":"page","link":"https:\/\/gorzelanny.pl\/zaginione-miasto\/giga-owady\/","title":{"rendered":"Giga Owady"},"content":{"rendered":"<p>[vc_section][vc_row][vc_column][vc_custom_heading source=&#8221;post_title&#8221; font_container=&#8221;tag:h2|text_align:center&#8221; use_theme_fonts=&#8221;yes&#8221; css=&#8221;.vc_custom_1539949623848{margin-top: 30px !important;margin-bottom: 40px !important;}&#8221;][stm_spacer height=&#8221;73&#8243; height_tablet=&#8221;60&#8243; height_mobile=&#8221;40&#8243;][vc_row_inner][vc_column_inner][vc_column_text css=&#8221;.vc_custom_1678190026598{margin-bottom: 52px !important;}&#8221;]Widujesz je codziennie. Twoja \u015bwiadomo\u015b\u0107 odnotowuje ich istnienie, ale dla zmys\u0142\u00f3w s\u0105 niemal niezauwa\u017calne. S\u0105 obok, gdy idziesz do pracy, towarzysz\u0105 Ci w biurze, razem z Tob\u0105 spaceruj\u0105 i bawi\u0105 si\u0119 z Twoim czworono\u017cnym przyjacielem. S\u0105 jak drobinki kurzu, ziarna kawy czy pestki wi\u015bni. Mieni\u0105 si\u0119 kolorami, porozumiewaj\u0105 si\u0119 w j\u0119zyku, kt\u00f3rego nie znasz. S\u0105 wsz\u0119dzie. \u017byj\u0105 w tym samym \u015bwiecie, co Ty i tak, jak Ciebie, poch\u0142ania je na co dzie\u0144 ci\u0119\u017cka praca, umo\u017cliwiaj\u0105ca przetrwanie.[\/vc_column_text][\/vc_column_inner][\/vc_row_inner][stm_spacer height=&#8221;59&#8243; height_tablet=&#8221;40&#8243; height_mobile=&#8221;40&#8243;][\/vc_column][\/vc_row][\/vc_section][vc_row][vc_column][vc_media_grid grid_id=&#8221;vc_gid:1719814207336-9d7e4b81-4208-9&#8243; include=&#8221;2736,2737,2738,2739,2740,2741&#8243;][\/vc_column][\/vc_row][vc_row][vc_column][\/vc_column][\/vc_row]<\/p>\n","protected":false},"excerpt":{"rendered":"<p>[vc_section][vc_row][vc_column][vc_custom_heading source=&#8221;post_title&#8221; font_container=&#8221;tag:h2|text_align:center&#8221; use_theme_fonts=&#8221;yes&#8221; css=&#8221;.vc_custom_1539949623848{margin-top: 30px !important;margin-bottom: 40px !important;}&#8221;][stm_spacer height=&#8221;73&#8243; height_tablet=&#8221;60&#8243; height_mobile=&#8221;40&#8243;][vc_row_inner][vc_column_inner][vc_column_text css=&#8221;.vc_custom_1678190026598{margin-bottom: 52px !important;}&#8221;]Widujesz je codziennie. Twoja \u015bwiadomo\u015b\u0107 odnotowuje ich istnienie, ale dla zmys\u0142\u00f3w s\u0105 niemal niezauwa\u017calne. S\u0105 obok, gdy idziesz do pracy, towarzysz\u0105 Ci w biurze, razem z Tob\u0105 spaceruj\u0105 i bawi\u0105 si\u0119 z Twoim czworono\u017cnym przyjacielem. S\u0105 jak drobinki kurzu, ziarna kawy [&hellip;]<\/p>\n","protected":false},"author":1,"featured_media":0,"parent":0,"menu_order":0,"comment_status":"closed","ping_status":"closed","template":"","meta":[],"_links":{"self":[{"href":"https:\/\/gorzelanny.pl\/zaginione-miasto\/wp-json\/wp\/v2\/pages\/2733"}],"collection":[{"href":"https:\/\/gorzelanny.pl\/zaginione-miasto\/wp-json\/wp\/v2\/pages"}],"about":[{"href":"https:\/\/gorzelanny.pl\/zaginione-miasto\/wp-json\/wp\/v2\/types\/page"}],"author":[{"embeddable":true,"href":"https:\/\/gorzelanny.pl\/zaginione-miasto\/wp-json\/wp\/v2\/users\/1"}],"replies":[{"embeddable":true,"href":"https:\/\/gorzelanny.pl\/zaginione-miasto\/wp-json\/wp\/v2\/comments?post=2733"}],"version-history":[{"count":4,"href":"https:\/\/gorzelanny.pl\/zaginione-miasto\/wp-json\/wp\/v2\/pages\/2733\/revisions"}],"predecessor-version":[{"id":2788,"href":"https:\/\/gorzelanny.pl\/zaginione-miasto\/wp-json\/wp\/v2\/pages\/2733\/revisions\/2788"}],"wp:attachment":[{"href":"https:\/\/gorzelanny.pl\/zaginione-miasto\/wp-json\/wp\/v2\/media?parent=2733"}],"curies":[{"name":"wp","href":"https:\/\/api.w.org\/{rel}","templated":true}]}}