{"id":2871,"date":"2026-05-11T09:57:57","date_gmt":"2026-05-11T07:57:57","guid":{"rendered":"https:\/\/gorzelanny.pl\/zaginione-miasto\/?page_id=2871"},"modified":"2026-05-11T10:04:54","modified_gmt":"2026-05-11T08:04:54","slug":"wypozyczalnia-rowerow","status":"publish","type":"page","link":"https:\/\/gorzelanny.pl\/zaginione-miasto\/wypozyczalnia-rowerow\/","title":{"rendered":"WYPO\u017bYCZALNIA ROWER\u00d3W ELEKTRYCZNYCH"},"content":{"rendered":"<p>[vc_row][vc_column][vc_custom_heading text=&#8221;ROWERY ELEKTRYCZNE&#8221; font_container=&#8221;tag:h2|text_align:center&#8221; use_theme_fonts=&#8221;yes&#8221;][vc_empty_space height=&#8221;30px&#8221;][\/vc_column][\/vc_row][vc_row][vc_column width=&#8221;2\/3&#8243;][vc_empty_space height=&#8221;30px&#8221;][vc_column_text]<\/p>\n<p data-start=\"92\" data-end=\"157\">\ud83d\udeb4\u200d\u2640\ufe0f <strong data-start=\"98\" data-end=\"155\">Odkrywaj uroki G\u00f3r Opawskich na rowerze elektrycznym!<\/strong> \u26a1<\/p>\n<p data-start=\"159\" data-end=\"588\">Przy Hotelu Gorzelanny uruchomili\u015bmy wypo\u017cyczalni\u0119 rower\u00f3w elektrycznych. To doskona\u0142a propozycja dla wszystkich, kt\u00f3rzy chc\u0105 aktywnie sp\u0119dzi\u0107 czas i komfortowo zwiedza\u0107 najpi\u0119kniejsze zak\u0105tki <span class=\"hover:entity-accent entity-underline inline cursor-pointer align-baseline\"><span class=\"whitespace-normal\">G\u00f3r Opawskich<\/span><\/span>.<\/p>\n<p data-start=\"590\" data-end=\"922\">Turystyka rowerowa w Polsce z roku na rok zyskuje na popularno\u015bci, a rowery elektryczne pozwalaj\u0105 pokonywa\u0107 d\u0142u\u017csze i bardziej wymagaj\u0105ce trasy bez nadmiernego wysi\u0142ku. Dzi\u0119ki wspomaganiu elektrycznemu nawet strome podjazdy staj\u0105 si\u0119 przyjemno\u015bci\u0105, a wycieczka mo\u017ce by\u0107 dost\u0119pna dla os\u00f3b w ka\u017cdym wieku i o r\u00f3\u017cnym poziomie kondycji.<\/p>\n<p>[\/vc_column_text][vc_column_text]<strong>Nasza wypo\u017cyczalnia to idealne rozwi\u0105zanie dla tych, kt\u00f3rzy pragn\u0105 aktywnie sp\u0119dzi\u0107 czas, odkrywa\u0107 malownicze zak\u0105tki okolicy lub po prostu cieszy\u0107 si\u0119 \u015bwie\u017cym powietrzem i wolno\u015bci\u0105, jak\u0105 daje jazda na rowerze.<\/strong>[\/vc_column_text][\/vc_column][vc_column width=&#8221;1\/3&#8243;][vc_single_image image=&#8221;2879&#8243; img_size=&#8221;full&#8221; alignment=&#8221;center&#8221; style=&#8221;vc_box_circle_2&#8243;][\/vc_column][\/vc_row][vc_row][vc_column][vc_separator][\/vc_column][\/vc_row][vc_row][vc_column width=&#8221;1\/3&#8243;][vc_single_image image=&#8221;2874&#8243; img_size=&#8221;full&#8221; alignment=&#8221;center&#8221; style=&#8221;vc_box_circle_2&#8243;][\/vc_column][vc_column width=&#8221;2\/3&#8243;][vc_empty_space height=&#8221;30px&#8221;][vc_column_text]<\/p>\n<h3 data-section-id=\"1vdom5b\" data-start=\"924\" data-end=\"973\">Najpi\u0119kniejsze szczyty w zasi\u0119gu jednego dnia<\/h3>\n<p data-start=\"975\" data-end=\"1085\">Wypo\u017cyczaj\u0105c rower elektryczny w naszym hotelu, bez problemu dotrzesz do najbardziej znanych szczyt\u00f3w regionu:<\/p>\n<ul data-start=\"1087\" data-end=\"1460\">\n<li data-section-id=\"c0loke\" data-start=\"1087\" data-end=\"1209\"><span class=\"hover:entity-accent entity-underline inline cursor-pointer align-baseline\"><span class=\"whitespace-normal\">Kopa Biskupia<\/span><\/span> \u2013 najwy\u017cszy szczyt polskiej cz\u0119\u015bci G\u00f3r Opawskich, z wie\u017c\u0105 widokow\u0105 i schroniskiem.<\/li>\n<li data-section-id=\"tovvtr\" data-start=\"1210\" data-end=\"1309\"><span class=\"hover:entity-accent entity-underline inline cursor-pointer align-baseline\"><span class=\"whitespace-normal\">Zlat\u00fd Chlum<\/span><\/span> \u2013 popularny czeski szczyt z pi\u0119kn\u0105 kamienn\u0105 wie\u017c\u0105 widokow\u0105.<\/li>\n<li data-section-id=\"3w7gtm\" data-start=\"1310\" data-end=\"1460\"><span class=\"hover:entity-accent entity-underline inline cursor-pointer align-baseline\"><span class=\"whitespace-normal\">Pradziad<\/span><\/span> \u2013 najwy\u017cszy szczyt <span class=\"hover:entity-accent entity-underline inline cursor-pointer align-baseline\"><span class=\"whitespace-normal\">Jesionik\u00f3w<\/span><\/span> i jeden z najciekawszych cel\u00f3w rowerowych w regionie.<\/li>\n<\/ul>\n<p data-start=\"1462\" data-end=\"1601\">To idealna okazja, aby podziwia\u0107 g\u00f3rskie panoramy, odwiedzi\u0107 klimatyczne schroniska i cieszy\u0107 si\u0119 aktywnym wypoczynkiem w otoczeniu natury.<\/p>\n<p>[\/vc_column_text][\/vc_column][\/vc_row][vc_row][vc_column][vc_empty_space height=&#8221;60px&#8221;][vc_single_image image=&#8221;2875&#8243; img_size=&#8221;full&#8221; alignment=&#8221;center&#8221; style=&#8221;vc_box_rounded&#8221;][vc_empty_space height=&#8221;60px&#8221;][vc_separator color=&#8221;green&#8221; style=&#8221;dashed&#8221; border_width=&#8221;3&#8243;][vc_custom_heading text=&#8221;Cennik: 1 godzina 40 z\u0142, 3 godziny 100 z\u0142, ca\u0142y dzie\u0144 250 z\u0142.&#8221; font_container=&#8221;tag:h3|text_align:center&#8221; google_fonts=&#8221;font_family:Cantarell%3Aregular%2Citalic%2C700%2C700italic|font_style:700%20bold%20regular%3A700%3Anormal&#8221;][vc_separator color=&#8221;green&#8221; style=&#8221;dashed&#8221; border_width=&#8221;3&#8243;][vc_custom_heading text=&#8221;Us\u0142uga wpisuje si\u0119 w rosn\u0105cy trend turystyki aktywnej i rowerowej w Polsce. Serdecznie zapraszamy do skorzystania z naszej oferty i \u017cyczymy niezapomnianych rowerowych przyg\u00f3d! \ud83d\udeb4\u200d\u2642\ufe0f\ud83c\udf3f&#8221; font_container=&#8221;tag:h3|text_align:center&#8221; google_fonts=&#8221;font_family:Cantarell%3Aregular%2Citalic%2C700%2C700italic|font_style:700%20bold%20regular%3A700%3Anormal&#8221;][\/vc_column][\/vc_row]<\/p>\n","protected":false},"excerpt":{"rendered":"<p>[vc_row][vc_column][vc_custom_heading text=&#8221;ROWERY ELEKTRYCZNE&#8221; font_container=&#8221;tag:h2|text_align:center&#8221; use_theme_fonts=&#8221;yes&#8221;][vc_empty_space height=&#8221;30px&#8221;][\/vc_column][\/vc_row][vc_row][vc_column width=&#8221;2\/3&#8243;][vc_empty_space height=&#8221;30px&#8221;][vc_column_text] \ud83d\udeb4\u200d\u2640\ufe0f Odkrywaj uroki G\u00f3r Opawskich na rowerze elektrycznym! \u26a1 Przy Hotelu Gorzelanny uruchomili\u015bmy wypo\u017cyczalni\u0119 rower\u00f3w elektrycznych. To doskona\u0142a propozycja dla wszystkich, kt\u00f3rzy chc\u0105 aktywnie sp\u0119dzi\u0107 czas i komfortowo zwiedza\u0107 najpi\u0119kniejsze zak\u0105tki G\u00f3r Opawskich. Turystyka rowerowa w Polsce z roku na rok zyskuje na popularno\u015bci, a rowery elektryczne [&hellip;]<\/p>\n","protected":false},"author":1,"featured_media":0,"parent":0,"menu_order":0,"comment_status":"closed","ping_status":"closed","template":"","meta":{"footnotes":""},"class_list":["post-2871","page","type-page","status-publish","hentry"],"_links":{"self":[{"href":"https:\/\/gorzelanny.pl\/zaginione-miasto\/wp-json\/wp\/v2\/pages\/2871","targetHints":{"allow":["GET"]}}],"collection":[{"href":"https:\/\/gorzelanny.pl\/zaginione-miasto\/wp-json\/wp\/v2\/pages"}],"about":[{"href":"https:\/\/gorzelanny.pl\/zaginione-miasto\/wp-json\/wp\/v2\/types\/page"}],"author":[{"embeddable":true,"href":"https:\/\/gorzelanny.pl\/zaginione-miasto\/wp-json\/wp\/v2\/users\/1"}],"replies":[{"embeddable":true,"href":"https:\/\/gorzelanny.pl\/zaginione-miasto\/wp-json\/wp\/v2\/comments?post=2871"}],"version-history":[{"count":7,"href":"https:\/\/gorzelanny.pl\/zaginione-miasto\/wp-json\/wp\/v2\/pages\/2871\/revisions"}],"predecessor-version":[{"id":2882,"href":"https:\/\/gorzelanny.pl\/zaginione-miasto\/wp-json\/wp\/v2\/pages\/2871\/revisions\/2882"}],"wp:attachment":[{"href":"https:\/\/gorzelanny.pl\/zaginione-miasto\/wp-json\/wp\/v2\/media?parent=2871"}],"curies":[{"name":"wp","href":"https:\/\/api.w.org\/{rel}","templated":true}]}}