{"id":7,"date":"2018-05-25T04:39:02","date_gmt":"2018-05-25T04:39:02","guid":{"rendered":"http:\/\/multipurpose.loc\/hotel\/?page_id=7"},"modified":"2024-08-08T10:18:42","modified_gmt":"2024-08-08T08:18:42","slug":"front-page","status":"publish","type":"page","link":"https:\/\/gorzelanny.pl\/zaginione-miasto\/","title":{"rendered":"Strona g\u0142\u00f3wna"},"content":{"rendered":"<p>[vc_row full_width=&#8221;stretch_row_content_no_spaces&#8221; shadow_x_offset=&#8221;0&#8243; shadow_y_offset=&#8221;0&#8243; shadow_blur=&#8221;0&#8243; shadow_spread=&#8221;0&#8243; shadow_color=&#8221;&#8221; el_class=&#8221;overlap&#8221;][vc_column shadow_x_offset=&#8221;0&#8243; shadow_y_offset=&#8221;0&#8243; shadow_blur=&#8221;0&#8243; shadow_spread=&#8221;0&#8243; offset=&#8221;vc_col-xs-12&#8243;][rev_slider_vc alias=&#8221;home2&#8243;][\/vc_column][\/vc_row][vc_row full_width=&#8221;stretch_row&#8221; shadow_x_offset=&#8221;0&#8243; shadow_y_offset=&#8221;0&#8243; shadow_blur=&#8221;0&#8243; shadow_spread=&#8221;0&#8243; shadow_color=&#8221;&#8221; el_class=&#8221;overlap&#8221; css=&#8221;.vc_custom_1673959690573{padding-top: 46px !important;padding-bottom: 46px !important;background-color: #212a42 !important;}&#8221;][vc_column width=&#8221;1\/3&#8243;][vc_btn title=&#8221;CENNIK INDYWIDUALNY&#8221; size=&#8221;lg&#8221; align=&#8221;center&#8221; i_icon_fontawesome=&#8221;fas fa-user&#8221; button_block=&#8221;true&#8221; add_icon=&#8221;true&#8221; link=&#8221;url:https%3A%2F%2Fgorzelanny.pl%2Fzaginione-miasto%2Fcennik%2F|title:Cennik%20bilet%C3%B3w&#8221;][\/vc_column][vc_column width=&#8221;1\/3&#8243;][vc_btn title=&#8221;WYCIECZKI &#8211; OFERTA DLA GRUP&#8221; size=&#8221;lg&#8221; align=&#8221;center&#8221; i_icon_fontawesome=&#8221;fas fa-users&#8221; button_block=&#8221;true&#8221; add_icon=&#8221;true&#8221; link=&#8221;url:https%3A%2F%2Fgorzelanny.pl%2Fzaginione-miasto%2Fwycieczki%2F|title:Wycieczki%20dla%20szk%C3%B3%C5%82%20(2023)&#8221;][\/vc_column][vc_column width=&#8221;1\/3&#8243;][vc_btn title=&#8221;SPRAWD\u0179 NASZE HOTELE&#8221; color=&#8221;chino&#8221; size=&#8221;lg&#8221; align=&#8221;right&#8221; i_icon_fontawesome=&#8221;stmicon-hotel_bed-2&#8243; add_icon=&#8221;true&#8221; link=&#8221;url:https%3A%2F%2Fwww.gorzelanny.pl|title:Hotele%20Gorzelanny|target:_blank&#8221;][\/vc_column][\/vc_row][vc_section css=&#8221;.vc_custom_1539758021945{background-position: 0 0 !important;background-repeat: repeat !important;}&#8221;][vc_row][vc_column][stm_spacer height=&#8221;89&#8243; height_tablet=&#8221;70&#8243; height_mobile=&#8221;50&#8243;][vc_custom_heading text=&#8221;Interaktywny Park Edukacji i Rozrywki Rosenau Zaginione Miasto&#8221; font_container=&#8221;tag:h2|text_align:center&#8221; use_theme_fonts=&#8221;yes&#8221; heading_icon_color=&#8221;ttc&#8221;][stm_spacer height=&#8221;87&#8243; height_tablet=&#8221;60&#8243; height_mobile=&#8221;40&#8243;][\/vc_column][\/vc_row][vc_row][vc_column shadow_x_offset=&#8221;0&#8243; shadow_y_offset=&#8221;0&#8243; shadow_blur=&#8221;0&#8243; shadow_spread=&#8221;0&#8243; offset=&#8221;vc_col-lg-6 vc_col-md-6&#8243;][stm_spacer height=&#8221;15&#8243; height_tablet=&#8221;15&#8243; height_mobile=&#8221;15&#8243;][vc_row_inner][vc_column_inner width=&#8221;1\/2&#8243;][stm_icon_box icon=&#8221;stmicon-bell&#8221; icon_size=&#8221;32&#8243; icon_height=&#8221;39&#8243; icon_width=&#8221;47&#8243; title=&#8221;Serdecznie zapraszamy&#8221; iconbox_css=&#8221;.vc_custom_1674043637238{margin-top: -5px !important;}&#8221; css=&#8221;.vc_custom_1674043637239{margin-bottom: 6px !important;}&#8221;][\/stm_icon_box][vc_column_text css=&#8221;.vc_custom_1674043690158{margin-bottom: 0px !important;}&#8221;]<\/p>\n<p style=\"color: #111111; opacity: 0.6; font-size: 15px; line-height: 24px;\">Zapraszamy klient\u00f3w indywidualnych jak i grupy zorganizowane na wycieczki w G\u00f3ry Opawskie oraz do naszego Interaktywnego Parku Rosenau.[\/vc_column_text][stm_spacer height=&#8221;13&#8243; height_tablet=&#8221;10&#8243; height_mobile=&#8221;10&#8243;][\/vc_column_inner][vc_column_inner width=&#8221;1\/2&#8243;][stm_icon_box icon=&#8221;stmicon-flag1&#8243; icon_size=&#8221;31&#8243; icon_height=&#8221;39&#8243; icon_width=&#8221;47&#8243; title=&#8221;Niezapomniane wra\u017cenia&#8221; iconbox_css=&#8221;.vc_custom_1674043618917{margin-top: -5px !important;}&#8221; css=&#8221;.vc_custom_1674043618918{margin-bottom: 6px !important;}&#8221;][\/stm_icon_box][vc_column_text]<\/p>\n<p style=\"color: #111111; opacity: 0.6; font-size: 15px; line-height: 24px;\">Miejsce wypoczynku, zabawy i edukacji dla ca\u0142ych rodzin, z ofert\u0105 ukierunkowan\u0105 na osoby w ka\u017cdym wieku. U nas znajdziecie ponad 20 atrakcji zar\u00f3wno dla dzieci jak i doros\u0142ych.<\/p>\n<p>[\/vc_column_text][stm_spacer height=&#8221;13&#8243; height_tablet=&#8221;10&#8243; height_mobile=&#8221;10&#8243;][\/vc_column_inner][\/vc_row_inner][vc_row_inner][vc_column_inner width=&#8221;1\/2&#8243;][stm_icon_box icon=&#8221;stmicon-compas&#8221; icon_size=&#8221;33&#8243; icon_height=&#8221;39&#8243; icon_width=&#8221;47&#8243; title=&#8221;Atrakcyjne po\u0142o\u017cenie&#8221; iconbox_css=&#8221;.vc_custom_1674043039196{margin-top: -5px !important;}&#8221; css=&#8221;.vc_custom_1674043039198{margin-bottom: 12px !important;}&#8221;][\/stm_icon_box][vc_column_text]<\/p>\n<p style=\"color: #111111; opacity: 0.6; font-size: 15px; line-height: 24px;\">Park Rosenau po\u0142o\u017cony jest w samym sercu G\u00f3r Opawskich, w pobli\u017cu naszej bazy noclegowej &#8211; Hoteli Gorzelanny.[\/vc_column_text][\/vc_column_inner][vc_column_inner width=&#8221;1\/2&#8243;][stm_icon_box icon=&#8221;stmicon-heart&#8221; icon_size=&#8221;30&#8243; icon_height=&#8221;39&#8243; icon_width=&#8221;47&#8243; title=&#8221;Strefa wodnej rozrywki&#8221; iconbox_css=&#8221;.vc_custom_1674043435966{margin-top: -5px !important;}&#8221; css=&#8221;.vc_custom_1674043435967{margin-bottom: 12px !important;}&#8221;][\/stm_icon_box][vc_column_text]<\/p>\n<p style=\"color: #111111; opacity: 0.6; font-size: 15px; line-height: 24px;\">Park Wodny z atrakcjami tj. jacuzzi z podgrzewan\u0105 wod\u0105, wodny plac zabaw dla dzieci z czteroma zje\u017cd\u017calniami, 2 du\u017ce zje\u017cd\u017calnie wodne &#8211; typu Anakonda oraz Wahad\u0142o, a tak\u017ce basen o rozmiarach olimpijskich z piaszczyst\u0105 pla\u017c\u0105.<\/p>\n<p>[\/vc_column_text][\/vc_column_inner][\/vc_row_inner][\/vc_column][vc_column shadow_x_offset=&#8221;0&#8243; shadow_y_offset=&#8221;0&#8243; shadow_blur=&#8221;0&#8243; shadow_spread=&#8221;0&#8243; offset=&#8221;vc_col-lg-offset-1 vc_col-lg-5 vc_col-md-offset-1 vc_col-md-5 vc_hidden-sm vc_hidden-xs&#8221;][vc_video src=&#8221;&#8222;https:\/\/www.youtube.com\/embed\/kFQZdeovB9s?start=4&#8222;&#8221; width=&#8221;&#8222;560&#8222;&#8221; height=&#8221;&#8222;315&#8222;&#8221; frameborder=&#8221;&#8222;0&#8222;&#8221; image=&#8221;2495&#8243; link=&#8221;https:\/\/www.youtube.com\/embed\/kFQZdeovB9s?&#8221;][\/vc_column][\/vc_row][vc_row][vc_column][stm_spacer height=&#8221;118&#8243; height_tablet=&#8221;100&#8243; height_mobile=&#8221;70&#8243;][\/vc_column][\/vc_row][\/vc_section][vc_row full_width=&#8221;stretch_row&#8221; shadow_x_offset=&#8221;0&#8243; shadow_y_offset=&#8221;0&#8243; shadow_blur=&#8221;0&#8243; shadow_spread=&#8221;0&#8243; shadow_color=&#8221;&#8221; css=&#8221;.vc_custom_1539777121042{margin-bottom: 1px !important;background-color: #f8f8f8 !important;background-position: 0 0 !important;background-repeat: repeat !important;}&#8221;][vc_column stretch=&#8221;left&#8221; shadow_x_offset=&#8221;0&#8243; shadow_y_offset=&#8221;0&#8243; shadow_blur=&#8221;0&#8243; shadow_spread=&#8221;0&#8243; shadow_color=&#8221;&#8221; offset=&#8221;vc_col-lg-6 vc_col-md-7&#8243;][stm_carousel_gallery images_effect=&#8221;0&#8243; lightgallery=&#8221;disable&#8221; images_margin=&#8221;5&#8243; navigation=&#8221;disable&#8221; thumbnails=&#8221;disable&#8221; description=&#8221;disable&#8221; pagination=&#8221;disable&#8221; images=&#8221;2165,2144,2129,2541,2534,2152&#8243; image_size=&#8221;952&#215;672&#8243; css=&#8221;.vc_custom_1723105041119{margin-right: -15px !important;margin-left: -15px !important;}&#8221;][\/vc_column][vc_column shadow_x_offset=&#8221;0&#8243; shadow_y_offset=&#8221;0&#8243; shadow_blur=&#8221;0&#8243; shadow_spread=&#8221;0&#8243; offset=&#8221;vc_col-lg-offset-1 vc_col-lg-5 vc_col-md-offset-1 vc_col-md-4 vc_col-sm-offset-0&#8243;][stm_spacer height=&#8221;153&#8243; height_tablet=&#8221;50&#8243; height_mobile=&#8221;50&#8243; height_laptop=&#8221;30&#8243;][vc_custom_heading text=&#8221;Park ROSENAU&#8221; font_container=&#8221;tag:h2|font_size:38|text_align:left|line_height:40px&#8221; use_theme_fonts=&#8221;yes&#8221;][vc_column_text]<\/p>\n<p style=\"font-size: 18px; line-height: 30px; margin-bottom: 38px;\">to miejsce wypoczynku, zabawy i edukacji dla ca\u0142ych rodzin, z ofert\u0105 ukierunkowan\u0105 na osoby w ka\u017cdym wieku. Zgromadzili\u015bmy na terenie wok\u00f3\u0142 k\u0105pieliska ponad 20 r\u00f3\u017cnych atrakcji. Nazwa Park ROSENAU nawi\u0105zuje do legendy o osadzie, kt\u00f3ra podobno w \u015bredniowieczu istnia\u0142a w G\u00f3rach Opawskich.<\/p>\n<p style=\"font-size: 18px; line-height: 30px; margin-bottom: 38px;\">Postawili\u015bmy na walor edukacji poprzez zabaw\u0119, w po\u0142\u0105czeniu z rozrywk\u0105 i aktywnym wypoczynkiem. Ma to zapewni\u0107 m.in. \u201ePark \u017bywio\u0142\u00f3w\u201d, w kt\u00f3rym zgrupowano eksponaty pozwalaj\u0105ce odwiedzaj\u0105cym samodzielnie poznawa\u0107 prawa fizyki i charakter 4 \u017cywio\u0142\u00f3w: ziemi, wody, powietrza i ognia.<\/p>\n<p style=\"font-size: 18px; line-height: 30px; margin-bottom: 38px;\">Jedn\u0105 z najciekawszych atrakcji mo\u017ce okaza\u0107 si\u0119 interaktywny \u201eOgr\u00f3d Wody\u201d. To pierwsza tego typu w Polsce instalacja, skupiaj\u0105ca prawie 20 urz\u0105dze\u0144 wodnych \u2013 m.in. r\u0119czne pompy, zapory, fontanny czy ko\u0142a m\u0142y\u0144skie.<\/p>\n<p>[\/vc_column_text][\/vc_column][\/vc_row][vc_row full_width=&#8221;stretch_row&#8221; shadow_x_offset=&#8221;0&#8243; shadow_y_offset=&#8221;0&#8243; shadow_blur=&#8221;0&#8243; shadow_spread=&#8221;0&#8243; shadow_color=&#8221;&#8221; css=&#8221;.vc_custom_1539759345328{background-color: #212a42 !important;}&#8221;][vc_column shadow_x_offset=&#8221;0&#8243; shadow_y_offset=&#8221;0&#8243; shadow_blur=&#8221;0&#8243; shadow_spread=&#8221;0&#8243; shadow_color=&#8221;&#8221; offset=&#8221;vc_col-lg-offset-0 vc_col-lg-5 vc_col-md-offset-0 vc_col-md-5&#8243;][stm_spacer height=&#8221;115&#8243; height_tablet=&#8221;100&#8243; height_mobile=&#8221;70&#8243;][vc_custom_heading text=&#8221;Interaktywny ogr\u00f3d wody&#8221; font_container=&#8221;tag:h4|font_size:38|text_align:left|color:%23ffffff|line_height:40px&#8221; use_theme_fonts=&#8221;yes&#8221;][vc_column_text css=&#8221;.vc_custom_1723104892624{margin-bottom: 49px !important;}&#8221;]<span style=\"color: #ffffff;\">Jedn\u0105 z najciekawszych atrakcji mo\u017ce okaza\u0107 si\u0119 interaktywny \u201eOgr\u00f3d Wody\u201d. To pierwsza tego typu w Polsce instalacja, skupiaj\u0105ca prawie 20 urz\u0105dze\u0144 wodnych \u2013 m.in. r\u0119czne pompy, zapory, fontanny czy ko\u0142a m\u0142y\u0144skie.<\/span>[\/vc_column_text][\/vc_column][vc_column width=&#8221;1\/12&#8243; shadow_x_offset=&#8221;0&#8243; shadow_y_offset=&#8221;0&#8243; shadow_blur=&#8221;0&#8243; shadow_spread=&#8221;0&#8243; offset=&#8221;vc_hidden-sm vc_hidden-xs&#8221;][\/vc_column][vc_column stretch=&#8221;right&#8221; width=&#8221;1\/2&#8243; shadow_x_offset=&#8221;0&#8243; shadow_y_offset=&#8221;0&#8243; shadow_blur=&#8221;0&#8243; shadow_spread=&#8221;0&#8243; shadow_color=&#8221;&#8221; css=&#8221;.vc_custom_1674036705582{background-image: url(https:\/\/gorzelanny.pl\/zaginione-miasto1\/wp-content\/uploads\/2023\/01\/stonehenge2.jpg?id=2154) !important;}&#8221;][stm_carousel_gallery images_effect=&#8221;0&#8243; lightgallery=&#8221;disable&#8221; images_margin=&#8221;5&#8243; navigation=&#8221;disable&#8221; thumbnails=&#8221;disable&#8221; description=&#8221;disable&#8221; pagination=&#8221;disable&#8221; images=&#8221;2109,2111,2112,2113&#8243; image_size=&#8221;952&#215;672&#8243; css=&#8221;.vc_custom_1723105079613{margin-right: -15px !important;margin-left: -15px !important;}&#8221;][\/vc_column][\/vc_row][vc_section css=&#8221;.vc_custom_1539758021945{background-position: 0 0 !important;background-repeat: repeat !important;}&#8221;][vc_row shadow_x_offset=&#8221;0&#8243; shadow_y_offset=&#8221;0&#8243; shadow_blur=&#8221;0&#8243; shadow_spread=&#8221;0&#8243; shadow_color=&#8221;&#8221; css=&#8221;.vc_custom_1674037529077{background-image: url(https:\/\/gorzelanny.pl\/zaginione-miasto1\/wp-content\/uploads\/2023\/01\/bg.png?id=2618) !important;}&#8221;][vc_column][vc_custom_heading text=&#8221;ATRAKCJE PARKU ROSENAU&#8221; font_container=&#8221;tag:h2|text_align:center|color:%23595959&#8243; use_theme_fonts=&#8221;yes&#8221;][\/vc_column][\/vc_row][vc_row][vc_column width=&#8221;1\/4&#8243;][vc_single_image image=&#8221;2713&#8243; img_size=&#8221;full&#8221; onclick=&#8221;custom_link&#8221; img_link_target=&#8221;_blank&#8221; link=&#8221;https:\/\/www.gorzelanny.pl\/parkwodny\/&#8221;][\/vc_column][vc_column width=&#8221;1\/4&#8243;][vc_single_image image=&#8221;2725&#8243; img_size=&#8221;full&#8221; onclick=&#8221;custom_link&#8221; link=&#8221;https:\/\/gorzelanny.pl\/zaginione-miasto\/snowtubing\/&#8221;][\/vc_column][vc_column width=&#8221;1\/4&#8243;][vc_single_image image=&#8221;2744&#8243; img_size=&#8221;full&#8221; onclick=&#8221;custom_link&#8221; link=&#8221;https:\/\/gorzelanny.pl\/zaginione-miasto\/giga-owady\/&#8221;][\/vc_column][vc_column width=&#8221;1\/4&#8243;][vc_single_image image=&#8221;2722&#8243; img_size=&#8221;full&#8221; onclick=&#8221;custom_link&#8221; link=&#8221;https:\/\/gorzelanny.pl\/zaginione-miasto\/park-linowy\/&#8221;][\/vc_column][\/vc_row][vc_row][vc_column width=&#8221;1\/4&#8243;][vc_single_image image=&#8221;2724&#8243; img_size=&#8221;full&#8221; onclick=&#8221;custom_link&#8221; link=&#8221;https:\/\/gorzelanny.pl\/zaginione-miasto\/park-zywiolow\/&#8221;][\/vc_column][vc_column width=&#8221;1\/4&#8243;][vc_single_image image=&#8221;2721&#8243; img_size=&#8221;full&#8221; onclick=&#8221;custom_link&#8221; link=&#8221;https:\/\/gorzelanny.pl\/zaginione-miasto\/interaktywny-ogrod-wody\/&#8221;][\/vc_column][vc_column width=&#8221;1\/4&#8243;][vc_single_image image=&#8221;2719&#8243; img_size=&#8221;full&#8221; onclick=&#8221;custom_link&#8221; link=&#8221;https:\/\/gorzelanny.pl\/zaginione-miasto\/kino-7d\/&#8221;][\/vc_column][vc_column width=&#8221;1\/4&#8243;][vc_single_image image=&#8221;2726&#8243; img_size=&#8221;full&#8221; onclick=&#8221;custom_link&#8221; link=&#8221;https:\/\/gorzelanny.pl\/zaginione-miasto\/sztolnia\/&#8221;][\/vc_column][\/vc_row][vc_row][vc_column width=&#8221;1\/4&#8243;][vc_single_image image=&#8221;2717&#8243; img_size=&#8221;full&#8221; onclick=&#8221;custom_link&#8221; link=&#8221;https:\/\/gorzelanny.pl\/zaginione-miasto\/kamienny-krag\/&#8221;][\/vc_column][vc_column width=&#8221;1\/4&#8243;][vc_single_image image=&#8221;2716&#8243; img_size=&#8221;full&#8221; onclick=&#8221;custom_link&#8221; link=&#8221;https:\/\/gorzelanny.pl\/zaginione-miasto\/jaskinia\/&#8221;][\/vc_column][vc_column width=&#8221;1\/4&#8243;][vc_single_image image=&#8221;2715&#8243; img_size=&#8221;full&#8221; onclick=&#8221;custom_link&#8221; link=&#8221;https:\/\/gorzelanny.pl\/zaginione-miasto\/avatar\/&#8221;][\/vc_column][vc_column width=&#8221;1\/4&#8243;][vc_single_image image=&#8221;2720&#8243; img_size=&#8221;full&#8221; onclick=&#8221;custom_link&#8221; link=&#8221;https:\/\/gorzelanny.pl\/zaginione-miasto\/przejazdzki-lokomotywa-rosenau\/&#8221;][\/vc_column][\/vc_row][vc_row][vc_column width=&#8221;1\/4&#8243;][vc_single_image image=&#8221;2718&#8243; img_size=&#8221;full&#8221; onclick=&#8221;custom_link&#8221; link=&#8221;https:\/\/gorzelanny.pl\/zaginione-miasto\/karuzela\/&#8221;][\/vc_column][vc_column width=&#8221;1\/4&#8243;][\/vc_column][vc_column width=&#8221;1\/4&#8243;][\/vc_column][vc_column width=&#8221;1\/4&#8243;][\/vc_column][\/vc_row][vc_row][vc_column][stm_spacer height=&#8221;96&#8243; height_tablet=&#8221;80&#8243; height_mobile=&#8221;60&#8243;][\/vc_column][\/vc_row][\/vc_section]<\/p>\n","protected":false},"excerpt":{"rendered":"<p>[vc_row full_width=&#8221;stretch_row_content_no_spaces&#8221; shadow_x_offset=&#8221;0&#8243; shadow_y_offset=&#8221;0&#8243; shadow_blur=&#8221;0&#8243; shadow_spread=&#8221;0&#8243; shadow_color=&#8221;&#8221; el_class=&#8221;overlap&#8221;][vc_column shadow_x_offset=&#8221;0&#8243; shadow_y_offset=&#8221;0&#8243; shadow_blur=&#8221;0&#8243; shadow_spread=&#8221;0&#8243; offset=&#8221;vc_col-xs-12&#8243;][rev_slider_vc alias=&#8221;home2&#8243;][\/vc_column][\/vc_row][vc_row full_width=&#8221;stretch_row&#8221; shadow_x_offset=&#8221;0&#8243; shadow_y_offset=&#8221;0&#8243; shadow_blur=&#8221;0&#8243; shadow_spread=&#8221;0&#8243; shadow_color=&#8221;&#8221; el_class=&#8221;overlap&#8221; css=&#8221;.vc_custom_1673959690573{padding-top: 46px !important;padding-bottom: 46px !important;background-color: #212a42 !important;}&#8221;][vc_column width=&#8221;1\/3&#8243;][vc_btn title=&#8221;CENNIK INDYWIDUALNY&#8221; size=&#8221;lg&#8221; align=&#8221;center&#8221; i_icon_fontawesome=&#8221;fas fa-user&#8221; button_block=&#8221;true&#8221; add_icon=&#8221;true&#8221; link=&#8221;url:https%3A%2F%2Fgorzelanny.pl%2Fzaginione-miasto%2Fcennik%2F|title:Cennik%20bilet%C3%B3w&#8221;][\/vc_column][vc_column width=&#8221;1\/3&#8243;][vc_btn title=&#8221;WYCIECZKI &#8211; OFERTA DLA GRUP&#8221; size=&#8221;lg&#8221; align=&#8221;center&#8221; i_icon_fontawesome=&#8221;fas fa-users&#8221; button_block=&#8221;true&#8221; add_icon=&#8221;true&#8221; link=&#8221;url:https%3A%2F%2Fgorzelanny.pl%2Fzaginione-miasto%2Fwycieczki%2F|title:Wycieczki%20dla%20szk%C3%B3%C5%82%20(2023)&#8221;][\/vc_column][vc_column width=&#8221;1\/3&#8243;][vc_btn title=&#8221;SPRAWD\u0179 NASZE HOTELE&#8221; [&hellip;]<\/p>\n","protected":false},"author":1,"featured_media":0,"parent":0,"menu_order":0,"comment_status":"closed","ping_status":"closed","template":"","meta":[],"_links":{"self":[{"href":"https:\/\/gorzelanny.pl\/zaginione-miasto\/wp-json\/wp\/v2\/pages\/7"}],"collection":[{"href":"https:\/\/gorzelanny.pl\/zaginione-miasto\/wp-json\/wp\/v2\/pages"}],"about":[{"href":"https:\/\/gorzelanny.pl\/zaginione-miasto\/wp-json\/wp\/v2\/types\/page"}],"author":[{"embeddable":true,"href":"https:\/\/gorzelanny.pl\/zaginione-miasto\/wp-json\/wp\/v2\/users\/1"}],"replies":[{"embeddable":true,"href":"https:\/\/gorzelanny.pl\/zaginione-miasto\/wp-json\/wp\/v2\/comments?post=7"}],"version-history":[{"count":75,"href":"https:\/\/gorzelanny.pl\/zaginione-miasto\/wp-json\/wp\/v2\/pages\/7\/revisions"}],"predecessor-version":[{"id":2487,"href":"https:\/\/gorzelanny.pl\/zaginione-miasto\/wp-json\/wp\/v2\/pages\/7\/revisions\/2487"}],"wp:attachment":[{"href":"https:\/\/gorzelanny.pl\/zaginione-miasto\/wp-json\/wp\/v2\/media?parent=7"}],"curies":[{"name":"wp","href":"https:\/\/api.w.org\/{rel}","templated":true}]}}